{"id":30794,"date":"2025-11-26T10:15:49","date_gmt":"2025-11-26T02:15:49","guid":{"rendered":"https:\/\/induzon.com\/nutzungsbedingungen\/"},"modified":"2025-11-26T14:13:43","modified_gmt":"2025-11-26T06:13:43","slug":"nutzungsbedingungen","status":"publish","type":"page","link":"https:\/\/induzon.com\/de\/nutzungsbedingungen\/","title":{"rendered":"Nutzungsbedingungen"},"content":{"rendered":"\t\t<div data-elementor-type=\"wp-page\" data-elementor-id=\"30794\" class=\"elementor elementor-30794 elementor-30761\" data-elementor-post-type=\"page\">\n\t\t\t\t<div class=\"elementor-element elementor-element-10bf2f9 e-flex e-con-boxed e-con e-parent\" data-id=\"10bf2f9\" data-element_type=\"container\">\n\t\t\t\t\t<div class=\"e-con-inner\">\n\t\t\t\t<div class=\"elementor-element elementor-element-8b87a79 elementor-widget elementor-widget-heading\" data-id=\"8b87a79\" data-element_type=\"widget\" data-widget_type=\"heading.default\">\n\t\t\t\t\t<h2 class=\"elementor-heading-title elementor-size-default\">Nutzungsbedingungen<\/h2>\t\t\t\t<\/div>\n\t\t\t\t\t<\/div>\n\t\t\t\t<\/div>\n\t\t<div class=\"elementor-element elementor-element-11ef669 e-flex e-con-boxed e-con e-parent\" data-id=\"11ef669\" data-element_type=\"container\">\n\t\t\t\t\t<div class=\"e-con-inner\">\n\t\t\t\t<div class=\"elementor-element elementor-element-e75d440 elementor-widget elementor-widget-text-editor\" data-id=\"e75d440\" data-element_type=\"widget\" data-widget_type=\"text-editor.default\">\n\t\t\t\t\t\t\t\t\t<p>Letzte Aktualisierung: 25. November 2025<\/p><p>Willkommen bei Induzon!<\/p><p>Bitte lesen Sie diese Nutzungsbedingungen (im Folgenden als \u201eBedingungen\u201d bezeichnet) sorgf\u00e4ltig durch, bevor Sie unsere Website (https:\/\/induzon.com\/) nutzen. Durch den Zugriff auf diese Website oder deren Nutzung erkl\u00e4ren Sie sich mit diesen Bedingungen einverstanden. Wenn Sie diesen Bedingungen nicht zustimmen, stellen Sie bitte die Nutzung dieser Website unverz\u00fcglich ein.<\/p><p>1. Leistungsbeschreibung<br>Diese Website, Induzon (im Folgenden als \u201edie Website\u201c oder \u201ewir\u201c bezeichnet), wird von YI SHENG betrieben, um eine Au\u00dfenhandelsdienstleistungsplattform f\u00fcr globale K\u00e4ufer (im Folgenden als \u201eNutzer\u201c oder \u201eSie\u201c bezeichnet) bereitzustellen, auf der diese sich \u00fcber unsere Produkte informieren und diese erwerben k\u00f6nnen. Wir behalten uns das Recht vor, den Dienst jederzeit ohne vorherige Ank\u00fcndigung zu \u00e4ndern oder einzustellen.<\/p><p>2. Benutzerkonten<\/p><p>Registrierungsinformationen: Um bestimmte Funktionen (z. B. Bestellungen aufgeben) nutzen zu k\u00f6nnen, m\u00fcssen Sie m\u00f6glicherweise ein Konto registrieren. Sie erkl\u00e4ren sich damit einverstanden, wahrheitsgem\u00e4\u00dfe, genaue, aktuelle und vollst\u00e4ndige Angaben zu machen.<\/p><p>Kontosicherheit: Sie sind f\u00fcr die Geheimhaltung Ihres Kontos und Passworts verantwortlich und tragen die volle Verantwortung f\u00fcr alle Aktivit\u00e4ten, die unter Ihrem Konto stattfinden.<\/p><p>Richtigkeit der Angaben: Sie erkl\u00e4ren sich damit einverstanden, bei Anfragen oder Bestellungen echte und g\u00fcltige Kontaktdaten (wie E-Mail-Adresse, Telefonnummer, Firmenname und Adresse) anzugeben.<\/p><p>3. Product Information<br>Wir bem\u00fchen uns, die Richtigkeit der Produktbilder, Beschreibungen und Spezifikationen auf der Website sicherzustellen. Aufgrund von fotografischen und darstellungsbedingten Faktoren k\u00f6nnen jedoch geringf\u00fcgige Abweichungen auftreten. Alle Produktspezifikationen unterliegen der endg\u00fcltigen Best\u00e4tigung durch uns.<\/p><p><br>4. Geistiges Eigentum<br>Alle Inhalte dieser Website, einschlie\u00dflich, aber nicht beschr\u00e4nkt auf Texte, Grafiken, Logos, Schaltfl\u00e4chensymbole, Bilder, Audioclips, digitale Downloads, Datensammlungen und Software, sind Eigentum von YI SHENG oder seinen Inhaltslieferanten und durch internationale Urheberrechtsgesetze und -vertr\u00e4ge gesch\u00fctzt. Sie d\u00fcrfen es ohne unsere ausdr\u00fcckliche schriftliche Genehmigung nicht reproduzieren, modifizieren, verbreiten oder f\u00fcr kommerzielle Zwecke verwenden.<\/p><p>5. Haftungsausschluss<\/p><p>Diese Website wird ohne ausdr\u00fcckliche oder stillschweigende Gew\u00e4hrleistungen bereitgestellt.<\/p><p>Wir haften nicht f\u00fcr indirekte, zuf\u00e4llige, besondere oder Folgesch\u00e4den, die sich aus der Nutzung oder der Unm\u00f6glichkeit der Nutzung dieser Website ergeben.<\/p><p>Wir \u00fcbernehmen keine Verantwortung f\u00fcr Verz\u00f6gerungen oder Ausf\u00e4lle des Dienstes, die durch Umst\u00e4nde verursacht werden, die au\u00dferhalb unserer Kontrolle liegen, wie z. B. Krieg, Streiks, Naturkatastrophen, staatliche Beschr\u00e4nkungen oder St\u00f6rungen des Internetdienstes.<\/p><p>6. Datenschutz<br>Der Schutz Ihrer Daten ist f\u00fcr uns von gr\u00f6\u00dfter Bedeutung. Einzelheiten dazu, wie wir Ihre personenbezogenen Daten erfassen, verwenden und sch\u00fctzen, finden Sie in unserer separaten Datenschutzerkl\u00e4rung.<\/p><p>7. Anwendbares Recht<\/p><p>Die Auslegung, G\u00fcltigkeit und Durchsetzung dieser Bedingungen unterliegen den Gesetzen der Sonderverwaltungszone Hongkong der Volksrepublik China und sind entsprechend auszulegen.<\/p><p><br>8. \u00c4nderung der Bedingungen<br>Wir behalten uns das Recht vor, diese Bedingungen jederzeit zu aktualisieren und zu \u00e4ndern. Alle \u00c4nderungen werden auf dieser Seite ver\u00f6ffentlicht, wobei das Datum der letzten Aktualisierung entsprechend angepasst wird. Durch die fortgesetzte Nutzung dieser Website erkl\u00e4ren Sie sich mit den ge\u00e4nderten Bedingungen einverstanden. Wir empfehlen Ihnen, diese Seite regelm\u00e4\u00dfig auf \u00c4nderungen zu \u00fcberpr\u00fcfen.<\/p><p>9. Contact Us<br>Sollten Sie Fragen zu diesen Nutzungsbedingungen haben, wenden Sie sich bitte an uns unter:<\/p><p>E-Mail: director@induzon.com<\/p><p>Telefon: +86 158 9523 9548<\/p>\t\t\t\t\t\t\t\t<\/div>\n\t\t\t\t\t<\/div>\n\t\t\t\t<\/div>\n\t\t\t\t<\/div>\n\t\t","protected":false},"excerpt":{"rendered":"<p>Nutzungsbedingungen Letzte Aktualisierung: 25. November 2025 Willkommen bei Induzon! Bitte lesen Sie diese Nutzungsbedingungen (im Folgenden als \u201eBedingungen\u201d bezeichnet) sorgf\u00e4ltig [&hellip;]<\/p>\n","protected":false},"author":3,"featured_media":0,"parent":0,"menu_order":0,"comment_status":"closed","ping_status":"closed","template":"","meta":{"site-sidebar-layout":"no-sidebar","site-content-layout":"","ast-site-content-layout":"full-width-container","site-content-style":"default","site-sidebar-style":"default","ast-global-header-display":"","ast-banner-title-visibility":"","ast-main-header-display":"","ast-hfb-above-header-display":"","ast-hfb-below-header-display":"","ast-hfb-mobile-header-display":"","site-post-title":"disabled","ast-breadcrumbs-content":"","ast-featured-img":"disabled","footer-sml-layout":"","theme-transparent-header-meta":"","adv-header-id-meta":"","stick-header-meta":"","header-above-stick-meta":"","header-main-stick-meta":"","header-below-stick-meta":"","astra-migrate-meta-layouts":"default","ast-page-background-enabled":"default","ast-page-background-meta":{"desktop":{"background-color":"var(--ast-global-color-4)","background-image":"","background-repeat":"repeat","background-position":"center center","background-size":"auto","background-attachment":"scroll","background-type":"","background-media":"","overlay-type":"","overlay-color":"","overlay-opacity":"","overlay-gradient":""},"tablet":{"background-color":"","background-image":"","background-repeat":"repeat","background-position":"center center","background-size":"auto","background-attachment":"scroll","background-type":"","background-media":"","overlay-type":"","overlay-color":"","overlay-opacity":"","overlay-gradient":""},"mobile":{"background-color":"","background-image":"","background-repeat":"repeat","background-position":"center center","background-size":"auto","background-attachment":"scroll","background-type":"","background-media":"","overlay-type":"","overlay-color":"","overlay-opacity":"","overlay-gradient":""}},"ast-content-background-meta":{"desktop":{"background-color":"var(--ast-global-color-5)","background-image":"","background-repeat":"repeat","background-position":"center center","background-size":"auto","background-attachment":"scroll","background-type":"","background-media":"","overlay-type":"","overlay-color":"","overlay-opacity":"","overlay-gradient":""},"tablet":{"background-color":"var(--ast-global-color-5)","background-image":"","background-repeat":"repeat","background-position":"center center","background-size":"auto","background-attachment":"scroll","background-type":"","background-media":"","overlay-type":"","overlay-color":"","overlay-opacity":"","overlay-gradient":""},"mobile":{"background-color":"var(--ast-global-color-5)","background-image":"","background-repeat":"repeat","background-position":"center center","background-size":"auto","background-attachment":"scroll","background-type":"","background-media":"","overlay-type":"","overlay-color":"","overlay-opacity":"","overlay-gradient":""}},"footnotes":""},"class_list":["post-30794","page","type-page","status-publish","hentry"],"yoast_head":"<!-- This site is optimized with the Yoast SEO plugin v24.9 - https:\/\/yoast.com\/wordpress\/plugins\/seo\/ -->\r\n<title>Nutzungsbedingungen - induzon<\/title>\r\n<meta name=\"robots\" content=\"index, follow, max-snippet:-1, max-image-preview:large, max-video-preview:-1\" \/>\r\n<link rel=\"canonical\" href=\"https:\/\/induzon.com\/de\/nutzungsbedingungen\/\" \/>\r\n<meta property=\"og:locale\" content=\"de_DE\" \/>\r\n<meta property=\"og:type\" content=\"article\" \/>\r\n<meta property=\"og:title\" content=\"Nutzungsbedingungen - induzon\" \/>\r\n<meta property=\"og:description\" content=\"Nutzungsbedingungen Letzte Aktualisierung: 25. November 2025 Willkommen bei Induzon! Bitte lesen Sie diese Nutzungsbedingungen (im Folgenden als \u201eBedingungen\u201d bezeichnet) sorgf\u00e4ltig [&hellip;]\" \/>\r\n<meta property=\"og:url\" content=\"https:\/\/induzon.com\/de\/nutzungsbedingungen\/\" \/>\r\n<meta property=\"og:site_name\" content=\"induzon\" \/>\r\n<meta property=\"article:modified_time\" content=\"2025-11-26T06:13:43+00:00\" \/>\r\n<meta name=\"twitter:card\" content=\"summary_large_image\" \/>\r\n<meta name=\"twitter:label1\" content=\"Gesch\u00e4tzte Lesezeit\" \/>\n\t<meta name=\"twitter:data1\" content=\"3\u00a0Minuten\" \/>\r\n<script type=\"application\/ld+json\" class=\"yoast-schema-graph\">{\"@context\":\"https:\/\/schema.org\",\"@graph\":[{\"@type\":\"WebPage\",\"@id\":\"https:\/\/induzon.com\/de\/nutzungsbedingungen\/\",\"url\":\"https:\/\/induzon.com\/de\/nutzungsbedingungen\/\",\"name\":\"Nutzungsbedingungen - induzon\",\"isPartOf\":{\"@id\":\"https:\/\/induzon.com\/de\/#website\"},\"datePublished\":\"2025-11-26T02:15:49+00:00\",\"dateModified\":\"2025-11-26T06:13:43+00:00\",\"breadcrumb\":{\"@id\":\"https:\/\/induzon.com\/de\/nutzungsbedingungen\/#breadcrumb\"},\"inLanguage\":\"de\",\"potentialAction\":[{\"@type\":\"ReadAction\",\"target\":[\"https:\/\/induzon.com\/de\/nutzungsbedingungen\/\"]}]},{\"@type\":\"BreadcrumbList\",\"@id\":\"https:\/\/induzon.com\/de\/nutzungsbedingungen\/#breadcrumb\",\"itemListElement\":[{\"@type\":\"ListItem\",\"position\":1,\"name\":\"\u9996\u9875\",\"item\":\"https:\/\/induzon.com\/de\/\"},{\"@type\":\"ListItem\",\"position\":2,\"name\":\"Nutzungsbedingungen\"}]},{\"@type\":\"WebSite\",\"@id\":\"https:\/\/induzon.com\/de\/#website\",\"url\":\"https:\/\/induzon.com\/de\/\",\"name\":\"induzon\",\"description\":\"\",\"publisher\":{\"@id\":\"https:\/\/induzon.com\/de\/#organization\"},\"potentialAction\":[{\"@type\":\"SearchAction\",\"target\":{\"@type\":\"EntryPoint\",\"urlTemplate\":\"https:\/\/induzon.com\/de\/?s={search_term_string}\"},\"query-input\":{\"@type\":\"PropertyValueSpecification\",\"valueRequired\":true,\"valueName\":\"search_term_string\"}}],\"inLanguage\":\"de\"},{\"@type\":\"Organization\",\"@id\":\"https:\/\/induzon.com\/de\/#organization\",\"name\":\"induzon\",\"url\":\"https:\/\/induzon.com\/de\/\",\"logo\":{\"@type\":\"ImageObject\",\"inLanguage\":\"de\",\"@id\":\"https:\/\/induzon.com\/de\/#\/schema\/logo\/image\/\",\"url\":\"https:\/\/induzon.com\/wp-content\/uploads\/2025\/05\/cropped-026.png\",\"contentUrl\":\"https:\/\/induzon.com\/wp-content\/uploads\/2025\/05\/cropped-026.png\",\"width\":512,\"height\":512,\"caption\":\"induzon\"},\"image\":{\"@id\":\"https:\/\/induzon.com\/de\/#\/schema\/logo\/image\/\"}}]}<\/script>\r\n<!-- \/ Yoast SEO plugin. -->","yoast_head_json":{"title":"Nutzungsbedingungen - induzon","robots":{"index":"index","follow":"follow","max-snippet":"max-snippet:-1","max-image-preview":"max-image-preview:large","max-video-preview":"max-video-preview:-1"},"canonical":"https:\/\/induzon.com\/de\/nutzungsbedingungen\/","og_locale":"de_DE","og_type":"article","og_title":"Nutzungsbedingungen - induzon","og_description":"Nutzungsbedingungen Letzte Aktualisierung: 25. November 2025 Willkommen bei Induzon! Bitte lesen Sie diese Nutzungsbedingungen (im Folgenden als \u201eBedingungen\u201d bezeichnet) sorgf\u00e4ltig [&hellip;]","og_url":"https:\/\/induzon.com\/de\/nutzungsbedingungen\/","og_site_name":"induzon","article_modified_time":"2025-11-26T06:13:43+00:00","twitter_card":"summary_large_image","twitter_misc":{"Gesch\u00e4tzte Lesezeit":"3\u00a0Minuten"},"schema":{"@context":"https:\/\/schema.org","@graph":[{"@type":"WebPage","@id":"https:\/\/induzon.com\/de\/nutzungsbedingungen\/","url":"https:\/\/induzon.com\/de\/nutzungsbedingungen\/","name":"Nutzungsbedingungen - induzon","isPartOf":{"@id":"https:\/\/induzon.com\/de\/#website"},"datePublished":"2025-11-26T02:15:49+00:00","dateModified":"2025-11-26T06:13:43+00:00","breadcrumb":{"@id":"https:\/\/induzon.com\/de\/nutzungsbedingungen\/#breadcrumb"},"inLanguage":"de","potentialAction":[{"@type":"ReadAction","target":["https:\/\/induzon.com\/de\/nutzungsbedingungen\/"]}]},{"@type":"BreadcrumbList","@id":"https:\/\/induzon.com\/de\/nutzungsbedingungen\/#breadcrumb","itemListElement":[{"@type":"ListItem","position":1,"name":"\u9996\u9875","item":"https:\/\/induzon.com\/de\/"},{"@type":"ListItem","position":2,"name":"Nutzungsbedingungen"}]},{"@type":"WebSite","@id":"https:\/\/induzon.com\/de\/#website","url":"https:\/\/induzon.com\/de\/","name":"induzon","description":"","publisher":{"@id":"https:\/\/induzon.com\/de\/#organization"},"potentialAction":[{"@type":"SearchAction","target":{"@type":"EntryPoint","urlTemplate":"https:\/\/induzon.com\/de\/?s={search_term_string}"},"query-input":{"@type":"PropertyValueSpecification","valueRequired":true,"valueName":"search_term_string"}}],"inLanguage":"de"},{"@type":"Organization","@id":"https:\/\/induzon.com\/de\/#organization","name":"induzon","url":"https:\/\/induzon.com\/de\/","logo":{"@type":"ImageObject","inLanguage":"de","@id":"https:\/\/induzon.com\/de\/#\/schema\/logo\/image\/","url":"https:\/\/induzon.com\/wp-content\/uploads\/2025\/05\/cropped-026.png","contentUrl":"https:\/\/induzon.com\/wp-content\/uploads\/2025\/05\/cropped-026.png","width":512,"height":512,"caption":"induzon"},"image":{"@id":"https:\/\/induzon.com\/de\/#\/schema\/logo\/image\/"}}]}},"_links":{"self":[{"href":"https:\/\/induzon.com\/de\/wp-json\/wp\/v2\/pages\/30794","targetHints":{"allow":["GET"]}}],"collection":[{"href":"https:\/\/induzon.com\/de\/wp-json\/wp\/v2\/pages"}],"about":[{"href":"https:\/\/induzon.com\/de\/wp-json\/wp\/v2\/types\/page"}],"author":[{"embeddable":true,"href":"https:\/\/induzon.com\/de\/wp-json\/wp\/v2\/users\/3"}],"replies":[{"embeddable":true,"href":"https:\/\/induzon.com\/de\/wp-json\/wp\/v2\/comments?post=30794"}],"version-history":[{"count":1,"href":"https:\/\/induzon.com\/de\/wp-json\/wp\/v2\/pages\/30794\/revisions"}],"predecessor-version":[{"id":30795,"href":"https:\/\/induzon.com\/de\/wp-json\/wp\/v2\/pages\/30794\/revisions\/30795"}],"wp:attachment":[{"href":"https:\/\/induzon.com\/de\/wp-json\/wp\/v2\/media?parent=30794"}],"curies":[{"name":"wp","href":"https:\/\/api.w.org\/{rel}","templated":true}]}}