{"id":10615,"date":"2025-06-19T13:13:17","date_gmt":"2025-06-19T05:13:17","guid":{"rendered":"https:\/\/induzon.com\/shop\/faserlaserbeschriftungsmaschine-fuer-metall-hand-lasergravurmaschine-industrielle-lasergravurmaschinen-fuer-aluminium-glas-holz-beschriftungsgeraet-laser-gravieren-markierung\/"},"modified":"2026-01-08T15:59:54","modified_gmt":"2026-01-08T07:59:54","slug":"faserlaserbeschriftungsmaschine-fuer-metall-hand-lasergravurmaschine-industrielle-lasergravurmaschinen-fuer-aluminium-glas-holz-beschriftungsgeraet-laser-gravieren-markierung","status":"publish","type":"product","link":"https:\/\/induzon.com\/de\/produkt\/faserlaserbeschriftungsmaschine-fuer-metall-hand-lasergravurmaschine-industrielle-lasergravurmaschinen-fuer-aluminium-glas-holz-beschriftungsgeraet-laser-gravieren-markierung\/","title":{"rendered":"Faserlaserbeschriftungsmaschine f\u00fcr Metall Hand Lasergravurmaschine Industrielle Lasergravurmaschinen f\u00fcr Aluminium Glas Holz Beschriftungsger\u00e4t Laser Gravieren Markierung"},"content":{"rendered":"<p>1.Hochpr\u00e4ziser Laser f\u00fcr dauerhafte Markierungen auf Metall und anderen Materialien<br \/>\n2.Tragbare und kompakte Design ideal f\u00fcr kleine und mittlere Projekte<br \/>\n3.Schnelle und pr\u00e4zise Gravur mit automatischer Fokussierung f\u00fcr optimale Ergebnisse<br \/>\n4.Robuste Bauweise f\u00fcr langlebige Leistung und professionelle Anwendungen<br \/>\n5.Einfache Bedienung mit benutzerfreundlicher Schnittstelle f\u00fcr sofortige Nutzung<\/p>\n","protected":false},"excerpt":{"rendered":"<p>Faserlaserbeschriftungsmaschine f\u00fcr Metall Hand Lasergravurmaschine Industrielle Lasergravurmaschinen f\u00fcr Aluminium Glas Holz Beschriftungsger\u00e4t Laser Gravieren Markierung<\/p>\n","protected":false},"featured_media":10544,"comment_status":"open","ping_status":"closed","template":"","meta":{"site-sidebar-layout":"default","site-content-layout":"","ast-site-content-layout":"default","site-content-style":"default","site-sidebar-style":"default","ast-global-header-display":"","ast-banner-title-visibility":"","ast-main-header-display":"","ast-hfb-above-header-display":"","ast-hfb-below-header-display":"","ast-hfb-mobile-header-display":"","site-post-title":"","ast-breadcrumbs-content":"","ast-featured-img":"","footer-sml-layout":"","theme-transparent-header-meta":"default","adv-header-id-meta":"","stick-header-meta":"","header-above-stick-meta":"","header-main-stick-meta":"","header-below-stick-meta":"","astra-migrate-meta-layouts":"set","ast-page-background-enabled":"default","ast-page-background-meta":{"desktop":{"background-color":"var(--ast-global-color-4)","background-image":"","background-repeat":"repeat","background-position":"center center","background-size":"auto","background-attachment":"scroll","background-type":"","background-media":"","overlay-type":"","overlay-color":"","overlay-opacity":"","overlay-gradient":""},"tablet":{"background-color":"","background-image":"","background-repeat":"repeat","background-position":"center center","background-size":"auto","background-attachment":"scroll","background-type":"","background-media":"","overlay-type":"","overlay-color":"","overlay-opacity":"","overlay-gradient":""},"mobile":{"background-color":"","background-image":"","background-repeat":"repeat","background-position":"center center","background-size":"auto","background-attachment":"scroll","background-type":"","background-media":"","overlay-type":"","overlay-color":"","overlay-opacity":"","overlay-gradient":""}},"ast-content-background-meta":{"desktop":{"background-color":"var(--ast-global-color-5)","background-image":"","background-repeat":"repeat","background-position":"center center","background-size":"auto","background-attachment":"scroll","background-type":"","background-media":"","overlay-type":"","overlay-color":"","overlay-opacity":"","overlay-gradient":""},"tablet":{"background-color":"var(--ast-global-color-5)","background-image":"","background-repeat":"repeat","background-position":"center center","background-size":"auto","background-attachment":"scroll","background-type":"","background-media":"","overlay-type":"","overlay-color":"","overlay-opacity":"","overlay-gradient":""},"mobile":{"background-color":"var(--ast-global-color-5)","background-image":"","background-repeat":"repeat","background-position":"center center","background-size":"auto","background-attachment":"scroll","background-type":"","background-media":"","overlay-type":"","overlay-color":"","overlay-opacity":"","overlay-gradient":""}}},"product_brand":[],"product_cat":[1041,1181],"product_tag":[1182],"class_list":{"0":"post-10615","1":"product","2":"type-product","3":"status-publish","4":"has-post-thumbnail","6":"product_cat-industrielle-und-kommerzielle-ausrustung","7":"product_cat-laserbeschrifter","8":"product_tag-laserbeschrifter","9":"desktop-align-left","10":"tablet-align-left","11":"mobile-align-left","13":"first","14":"instock","15":"sale","16":"shipping-taxable","17":"purchasable","18":"product-type-variable"},"yoast_head":"<!-- This site is optimized with the Yoast SEO plugin v24.9 - https:\/\/yoast.com\/wordpress\/plugins\/seo\/ -->\r\n<title>Desktop-Lasergravierer f\u00fcr Metall Tragbarer Gravierer -Induzon<\/title>\r\n<meta name=\"description\" content=\"Lasergravurmaschine f\u00fcr Metall und Glas. Mobiles Laser Beschriftungsger\u00e4t, handgef\u00fchrtes Laserbeschriftungsger\u00e4t und Faserlaserbeschriftungsmaschine.\" \/>\r\n<meta name=\"robots\" content=\"index, follow, max-snippet:-1, max-image-preview:large, max-video-preview:-1\" \/>\r\n<link rel=\"canonical\" href=\"https:\/\/induzon.com\/de\/produkt\/faserlaserbeschriftungsmaschine-fuer-metall-hand-lasergravurmaschine-industrielle-lasergravurmaschinen-fuer-aluminium-glas-holz-beschriftungsgeraet-laser-gravieren-markierung\/\" \/>\r\n<meta property=\"og:locale\" content=\"de_DE\" \/>\r\n<meta property=\"og:type\" content=\"article\" \/>\r\n<meta property=\"og:title\" content=\"Desktop-Lasergravierer f\u00fcr Metall Tragbarer Gravierer -Induzon\" \/>\r\n<meta property=\"og:description\" content=\"Lasergravurmaschine f\u00fcr Metall und Glas. Mobiles Laser Beschriftungsger\u00e4t, handgef\u00fchrtes Laserbeschriftungsger\u00e4t und Faserlaserbeschriftungsmaschine.\" \/>\r\n<meta property=\"og:url\" content=\"https:\/\/induzon.com\/de\/produkt\/faserlaserbeschriftungsmaschine-fuer-metall-hand-lasergravurmaschine-industrielle-lasergravurmaschinen-fuer-aluminium-glas-holz-beschriftungsgeraet-laser-gravieren-markierung\/\" \/>\r\n<meta property=\"og:site_name\" content=\"induzon\" \/>\r\n<meta property=\"article:modified_time\" content=\"2026-01-08T07:59:54+00:00\" \/>\r\n<meta property=\"og:image\" content=\"https:\/\/induzon.com\/wp-content\/uploads\/2025\/06\/\u56fe-1-\u5927\u684c\u9762.jpg\" \/>\r\n\t<meta property=\"og:image:width\" content=\"1500\" \/>\r\n\t<meta property=\"og:image:height\" content=\"1500\" \/>\r\n\t<meta property=\"og:image:type\" content=\"image\/jpeg\" \/>\r\n<meta name=\"twitter:card\" content=\"summary_large_image\" \/>\r\n<meta name=\"twitter:label1\" content=\"Gesch\u00e4tzte Lesezeit\" \/>\n\t<meta name=\"twitter:data1\" content=\"1\u00a0Minute\" \/>\r\n<script type=\"application\/ld+json\" class=\"yoast-schema-graph\">{\"@context\":\"https:\/\/schema.org\",\"@graph\":[{\"@type\":\"WebPage\",\"@id\":\"https:\/\/induzon.com\/de\/produkt\/faserlaserbeschriftungsmaschine-fuer-metall-hand-lasergravurmaschine-industrielle-lasergravurmaschinen-fuer-aluminium-glas-holz-beschriftungsgeraet-laser-gravieren-markierung\/\",\"url\":\"https:\/\/induzon.com\/de\/produkt\/faserlaserbeschriftungsmaschine-fuer-metall-hand-lasergravurmaschine-industrielle-lasergravurmaschinen-fuer-aluminium-glas-holz-beschriftungsgeraet-laser-gravieren-markierung\/\",\"name\":\"Desktop-Lasergravierer f\u00fcr Metall Tragbarer Gravierer -Induzon\",\"isPartOf\":{\"@id\":\"https:\/\/induzon.com\/de\/#website\"},\"primaryImageOfPage\":{\"@id\":\"https:\/\/induzon.com\/de\/produkt\/faserlaserbeschriftungsmaschine-fuer-metall-hand-lasergravurmaschine-industrielle-lasergravurmaschinen-fuer-aluminium-glas-holz-beschriftungsgeraet-laser-gravieren-markierung\/#primaryimage\"},\"image\":{\"@id\":\"https:\/\/induzon.com\/de\/produkt\/faserlaserbeschriftungsmaschine-fuer-metall-hand-lasergravurmaschine-industrielle-lasergravurmaschinen-fuer-aluminium-glas-holz-beschriftungsgeraet-laser-gravieren-markierung\/#primaryimage\"},\"thumbnailUrl\":\"https:\/\/induzon.com\/wp-content\/uploads\/2025\/06\/\u56fe-1-\u5927\u684c\u9762.jpg\",\"datePublished\":\"2025-06-19T05:13:17+00:00\",\"dateModified\":\"2026-01-08T07:59:54+00:00\",\"description\":\"Lasergravurmaschine f\u00fcr Metall und Glas. Mobiles Laser Beschriftungsger\u00e4t, handgef\u00fchrtes Laserbeschriftungsger\u00e4t und Faserlaserbeschriftungsmaschine.\",\"breadcrumb\":{\"@id\":\"https:\/\/induzon.com\/de\/produkt\/faserlaserbeschriftungsmaschine-fuer-metall-hand-lasergravurmaschine-industrielle-lasergravurmaschinen-fuer-aluminium-glas-holz-beschriftungsgeraet-laser-gravieren-markierung\/#breadcrumb\"},\"inLanguage\":\"de\",\"potentialAction\":[{\"@type\":\"ReadAction\",\"target\":[\"https:\/\/induzon.com\/de\/produkt\/faserlaserbeschriftungsmaschine-fuer-metall-hand-lasergravurmaschine-industrielle-lasergravurmaschinen-fuer-aluminium-glas-holz-beschriftungsgeraet-laser-gravieren-markierung\/\"]}]},{\"@type\":\"ImageObject\",\"inLanguage\":\"de\",\"@id\":\"https:\/\/induzon.com\/de\/produkt\/faserlaserbeschriftungsmaschine-fuer-metall-hand-lasergravurmaschine-industrielle-lasergravurmaschinen-fuer-aluminium-glas-holz-beschriftungsgeraet-laser-gravieren-markierung\/#primaryimage\",\"url\":\"https:\/\/induzon.com\/wp-content\/uploads\/2025\/06\/\u56fe-1-\u5927\u684c\u9762.jpg\",\"contentUrl\":\"https:\/\/induzon.com\/wp-content\/uploads\/2025\/06\/\u56fe-1-\u5927\u684c\u9762.jpg\",\"width\":1500,\"height\":1500,\"caption\":\"Lasergravurmaschine f\u00fcr Metall und Glas. Mobiles Laser Beschriftungsger\u00e4t, handgef\u00fchrtes Laserbeschriftungsger\u00e4t und Faserlaserbeschriftungsmaschine.\"},{\"@type\":\"BreadcrumbList\",\"@id\":\"https:\/\/induzon.com\/de\/produkt\/faserlaserbeschriftungsmaschine-fuer-metall-hand-lasergravurmaschine-industrielle-lasergravurmaschinen-fuer-aluminium-glas-holz-beschriftungsgeraet-laser-gravieren-markierung\/#breadcrumb\",\"itemListElement\":[{\"@type\":\"ListItem\",\"position\":1,\"name\":\"\u9996\u9875\",\"item\":\"https:\/\/induzon.com\/de\/\"},{\"@type\":\"ListItem\",\"position\":2,\"name\":\"Shop\",\"item\":\"https:\/\/induzon.com\/de\/shopde\/\"},{\"@type\":\"ListItem\",\"position\":3,\"name\":\"Faserlaserbeschriftungsmaschine f\u00fcr Metall Hand Lasergravurmaschine Industrielle Lasergravurmaschinen f\u00fcr Aluminium Glas Holz Beschriftungsger\u00e4t Laser Gravieren Markierung\"}]},{\"@type\":\"WebSite\",\"@id\":\"https:\/\/induzon.com\/de\/#website\",\"url\":\"https:\/\/induzon.com\/de\/\",\"name\":\"induzon\",\"description\":\"\",\"publisher\":{\"@id\":\"https:\/\/induzon.com\/de\/#organization\"},\"potentialAction\":[{\"@type\":\"SearchAction\",\"target\":{\"@type\":\"EntryPoint\",\"urlTemplate\":\"https:\/\/induzon.com\/de\/?s={search_term_string}\"},\"query-input\":{\"@type\":\"PropertyValueSpecification\",\"valueRequired\":true,\"valueName\":\"search_term_string\"}}],\"inLanguage\":\"de\"},{\"@type\":\"Organization\",\"@id\":\"https:\/\/induzon.com\/de\/#organization\",\"name\":\"induzon\",\"url\":\"https:\/\/induzon.com\/de\/\",\"logo\":{\"@type\":\"ImageObject\",\"inLanguage\":\"de\",\"@id\":\"https:\/\/induzon.com\/de\/#\/schema\/logo\/image\/\",\"url\":\"https:\/\/induzon.com\/wp-content\/uploads\/2025\/05\/cropped-026.png\",\"contentUrl\":\"https:\/\/induzon.com\/wp-content\/uploads\/2025\/05\/cropped-026.png\",\"width\":512,\"height\":512,\"caption\":\"induzon\"},\"image\":{\"@id\":\"https:\/\/induzon.com\/de\/#\/schema\/logo\/image\/\"}}]}<\/script>\r\n<!-- \/ Yoast SEO plugin. -->","yoast_head_json":{"title":"Desktop-Lasergravierer f\u00fcr Metall Tragbarer Gravierer -Induzon","description":"Lasergravurmaschine f\u00fcr Metall und Glas. Mobiles Laser Beschriftungsger\u00e4t, handgef\u00fchrtes Laserbeschriftungsger\u00e4t und Faserlaserbeschriftungsmaschine.","robots":{"index":"index","follow":"follow","max-snippet":"max-snippet:-1","max-image-preview":"max-image-preview:large","max-video-preview":"max-video-preview:-1"},"canonical":"https:\/\/induzon.com\/de\/produkt\/faserlaserbeschriftungsmaschine-fuer-metall-hand-lasergravurmaschine-industrielle-lasergravurmaschinen-fuer-aluminium-glas-holz-beschriftungsgeraet-laser-gravieren-markierung\/","og_locale":"de_DE","og_type":"article","og_title":"Desktop-Lasergravierer f\u00fcr Metall Tragbarer Gravierer -Induzon","og_description":"Lasergravurmaschine f\u00fcr Metall und Glas. Mobiles Laser Beschriftungsger\u00e4t, handgef\u00fchrtes Laserbeschriftungsger\u00e4t und Faserlaserbeschriftungsmaschine.","og_url":"https:\/\/induzon.com\/de\/produkt\/faserlaserbeschriftungsmaschine-fuer-metall-hand-lasergravurmaschine-industrielle-lasergravurmaschinen-fuer-aluminium-glas-holz-beschriftungsgeraet-laser-gravieren-markierung\/","og_site_name":"induzon","article_modified_time":"2026-01-08T07:59:54+00:00","og_image":[{"width":1500,"height":1500,"url":"https:\/\/induzon.com\/wp-content\/uploads\/2025\/06\/\u56fe-1-\u5927\u684c\u9762.jpg","type":"image\/jpeg"}],"twitter_card":"summary_large_image","twitter_misc":{"Gesch\u00e4tzte Lesezeit":"1\u00a0Minute"},"schema":{"@context":"https:\/\/schema.org","@graph":[{"@type":"WebPage","@id":"https:\/\/induzon.com\/de\/produkt\/faserlaserbeschriftungsmaschine-fuer-metall-hand-lasergravurmaschine-industrielle-lasergravurmaschinen-fuer-aluminium-glas-holz-beschriftungsgeraet-laser-gravieren-markierung\/","url":"https:\/\/induzon.com\/de\/produkt\/faserlaserbeschriftungsmaschine-fuer-metall-hand-lasergravurmaschine-industrielle-lasergravurmaschinen-fuer-aluminium-glas-holz-beschriftungsgeraet-laser-gravieren-markierung\/","name":"Desktop-Lasergravierer f\u00fcr Metall Tragbarer Gravierer -Induzon","isPartOf":{"@id":"https:\/\/induzon.com\/de\/#website"},"primaryImageOfPage":{"@id":"https:\/\/induzon.com\/de\/produkt\/faserlaserbeschriftungsmaschine-fuer-metall-hand-lasergravurmaschine-industrielle-lasergravurmaschinen-fuer-aluminium-glas-holz-beschriftungsgeraet-laser-gravieren-markierung\/#primaryimage"},"image":{"@id":"https:\/\/induzon.com\/de\/produkt\/faserlaserbeschriftungsmaschine-fuer-metall-hand-lasergravurmaschine-industrielle-lasergravurmaschinen-fuer-aluminium-glas-holz-beschriftungsgeraet-laser-gravieren-markierung\/#primaryimage"},"thumbnailUrl":"https:\/\/induzon.com\/wp-content\/uploads\/2025\/06\/\u56fe-1-\u5927\u684c\u9762.jpg","datePublished":"2025-06-19T05:13:17+00:00","dateModified":"2026-01-08T07:59:54+00:00","description":"Lasergravurmaschine f\u00fcr Metall und Glas. Mobiles Laser Beschriftungsger\u00e4t, handgef\u00fchrtes Laserbeschriftungsger\u00e4t und Faserlaserbeschriftungsmaschine.","breadcrumb":{"@id":"https:\/\/induzon.com\/de\/produkt\/faserlaserbeschriftungsmaschine-fuer-metall-hand-lasergravurmaschine-industrielle-lasergravurmaschinen-fuer-aluminium-glas-holz-beschriftungsgeraet-laser-gravieren-markierung\/#breadcrumb"},"inLanguage":"de","potentialAction":[{"@type":"ReadAction","target":["https:\/\/induzon.com\/de\/produkt\/faserlaserbeschriftungsmaschine-fuer-metall-hand-lasergravurmaschine-industrielle-lasergravurmaschinen-fuer-aluminium-glas-holz-beschriftungsgeraet-laser-gravieren-markierung\/"]}]},{"@type":"ImageObject","inLanguage":"de","@id":"https:\/\/induzon.com\/de\/produkt\/faserlaserbeschriftungsmaschine-fuer-metall-hand-lasergravurmaschine-industrielle-lasergravurmaschinen-fuer-aluminium-glas-holz-beschriftungsgeraet-laser-gravieren-markierung\/#primaryimage","url":"https:\/\/induzon.com\/wp-content\/uploads\/2025\/06\/\u56fe-1-\u5927\u684c\u9762.jpg","contentUrl":"https:\/\/induzon.com\/wp-content\/uploads\/2025\/06\/\u56fe-1-\u5927\u684c\u9762.jpg","width":1500,"height":1500,"caption":"Lasergravurmaschine f\u00fcr Metall und Glas. Mobiles Laser Beschriftungsger\u00e4t, handgef\u00fchrtes Laserbeschriftungsger\u00e4t und Faserlaserbeschriftungsmaschine."},{"@type":"BreadcrumbList","@id":"https:\/\/induzon.com\/de\/produkt\/faserlaserbeschriftungsmaschine-fuer-metall-hand-lasergravurmaschine-industrielle-lasergravurmaschinen-fuer-aluminium-glas-holz-beschriftungsgeraet-laser-gravieren-markierung\/#breadcrumb","itemListElement":[{"@type":"ListItem","position":1,"name":"\u9996\u9875","item":"https:\/\/induzon.com\/de\/"},{"@type":"ListItem","position":2,"name":"Shop","item":"https:\/\/induzon.com\/de\/shopde\/"},{"@type":"ListItem","position":3,"name":"Faserlaserbeschriftungsmaschine f\u00fcr Metall Hand Lasergravurmaschine Industrielle Lasergravurmaschinen f\u00fcr Aluminium Glas Holz Beschriftungsger\u00e4t Laser Gravieren Markierung"}]},{"@type":"WebSite","@id":"https:\/\/induzon.com\/de\/#website","url":"https:\/\/induzon.com\/de\/","name":"induzon","description":"","publisher":{"@id":"https:\/\/induzon.com\/de\/#organization"},"potentialAction":[{"@type":"SearchAction","target":{"@type":"EntryPoint","urlTemplate":"https:\/\/induzon.com\/de\/?s={search_term_string}"},"query-input":{"@type":"PropertyValueSpecification","valueRequired":true,"valueName":"search_term_string"}}],"inLanguage":"de"},{"@type":"Organization","@id":"https:\/\/induzon.com\/de\/#organization","name":"induzon","url":"https:\/\/induzon.com\/de\/","logo":{"@type":"ImageObject","inLanguage":"de","@id":"https:\/\/induzon.com\/de\/#\/schema\/logo\/image\/","url":"https:\/\/induzon.com\/wp-content\/uploads\/2025\/05\/cropped-026.png","contentUrl":"https:\/\/induzon.com\/wp-content\/uploads\/2025\/05\/cropped-026.png","width":512,"height":512,"caption":"induzon"},"image":{"@id":"https:\/\/induzon.com\/de\/#\/schema\/logo\/image\/"}}]}},"_links":{"self":[{"href":"https:\/\/induzon.com\/de\/wp-json\/wp\/v2\/product\/10615","targetHints":{"allow":["GET"]}}],"collection":[{"href":"https:\/\/induzon.com\/de\/wp-json\/wp\/v2\/product"}],"about":[{"href":"https:\/\/induzon.com\/de\/wp-json\/wp\/v2\/types\/product"}],"replies":[{"embeddable":true,"href":"https:\/\/induzon.com\/de\/wp-json\/wp\/v2\/comments?post=10615"}],"version-history":[{"count":1,"href":"https:\/\/induzon.com\/de\/wp-json\/wp\/v2\/product\/10615\/revisions"}],"predecessor-version":[{"id":30596,"href":"https:\/\/induzon.com\/de\/wp-json\/wp\/v2\/product\/10615\/revisions\/30596"}],"wp:featuredmedia":[{"embeddable":true,"href":"https:\/\/induzon.com\/de\/wp-json\/wp\/v2\/media\/10544"}],"wp:attachment":[{"href":"https:\/\/induzon.com\/de\/wp-json\/wp\/v2\/media?parent=10615"}],"wp:term":[{"taxonomy":"product_brand","embeddable":true,"href":"https:\/\/induzon.com\/de\/wp-json\/wp\/v2\/product_brand?post=10615"},{"taxonomy":"product_cat","embeddable":true,"href":"https:\/\/induzon.com\/de\/wp-json\/wp\/v2\/product_cat?post=10615"},{"taxonomy":"product_tag","embeddable":true,"href":"https:\/\/induzon.com\/de\/wp-json\/wp\/v2\/product_tag?post=10615"}],"curies":[{"name":"wp","href":"https:\/\/api.w.org\/{rel}","templated":true}]}}