{"id":15658,"date":"2025-07-02T13:17:43","date_gmt":"2025-07-02T05:17:43","guid":{"rendered":"https:\/\/induzon.com\/shop\/eingebauter-heiz-und-kuehlluftschleier-luftschleier-tuer-fuer-supermarkt-einkaufszentrum-industrie-luftschleieranlage-tuerluftschleier-elektrisch-luftschleier-industrietore-luftschleuse-eingang-luftr\/"},"modified":"2026-01-02T14:51:26","modified_gmt":"2026-01-02T06:51:26","slug":"eingebauter-heiz-und-kuehlluftschleier-luftschleier-tuer-fuer-supermarkt-einkaufszentrum-industrie-luftschleieranlage-tuerluftschleier-elektrisch-luftschleier-industrietore-luftschleuse-eingang-luftr","status":"publish","type":"product","link":"https:\/\/induzon.com\/de\/produkt\/eingebauter-heiz-und-kuehlluftschleier-luftschleier-tuer-fuer-supermarkt-einkaufszentrum-industrie-luftschleieranlage-tuerluftschleier-elektrisch-luftschleier-industrietore-luftschleuse-eingang-luftr\/","title":{"rendered":"Eingebauter Heiz- und K\u00fchlluftschleier Luftschleier T\u00fcr f\u00fcr Supermarkt Einkaufszentrum Industrie Luftschleieranlage T\u00fcrluftschleier elektrisch Luftschleier Industrietore Luftschleuse Eingang Luftrid\u00e5 Entr\u00e9 Port Funktion Heizung Gewerbe Luftschleieranlagen Torluftschleieranlage T\u00fcrluftschleieranlagen T\u00fcrluftschleierger\u00e4t Luftrid\u00e5 Industriport Luftrid\u00e5 Port F\u00fcr Gastronomie"},"content":{"rendered":"<p>1.Hochleistungs-Luftvorhang f\u00fcr gewerbliche Nutzung in Superm\u00e4rkten und Einkaufszentren<br \/>\n2.Effektiver Insektenschutz durch starken Luftstrom, ideal f\u00fcr L\u00e4den und Restaurants<br \/>\n3.Robuste Bauweise f\u00fcr den industriellen Einsatz in Werkst\u00e4tten und Lagerhallen<br \/>\n4.Energieeffiziente Technologie senkt Betriebskosten bei dauerhafter Nutzung<br \/>\n5.Einfache Installation und Wartung f\u00fcr unterbrechungsfreien Betrieb im Alltag<\/p>\n","protected":false},"excerpt":{"rendered":"<p>1.Hochleistungs-Luftvorhang f\u00fcr gewerbliche Nutzung in Superm\u00e4rkten und Einkaufszentren 2.Effektiver Insektenschutz durch starken Luftstrom, ideal f\u00fcr L\u00e4den und Restaurants 3.Robuste Bauweise [&hellip;]<\/p>\n","protected":false},"featured_media":15514,"comment_status":"open","ping_status":"closed","template":"","meta":{"site-sidebar-layout":"default","site-content-layout":"","ast-site-content-layout":"default","site-content-style":"default","site-sidebar-style":"default","ast-global-header-display":"","ast-banner-title-visibility":"","ast-main-header-display":"","ast-hfb-above-header-display":"","ast-hfb-below-header-display":"","ast-hfb-mobile-header-display":"","site-post-title":"","ast-breadcrumbs-content":"","ast-featured-img":"","footer-sml-layout":"","theme-transparent-header-meta":"default","adv-header-id-meta":"","stick-header-meta":"","header-above-stick-meta":"","header-main-stick-meta":"","header-below-stick-meta":"","astra-migrate-meta-layouts":"set","ast-page-background-enabled":"default","ast-page-background-meta":{"desktop":{"background-color":"var(--ast-global-color-4)","background-image":"","background-repeat":"repeat","background-position":"center center","background-size":"auto","background-attachment":"scroll","background-type":"","background-media":"","overlay-type":"","overlay-color":"","overlay-opacity":"","overlay-gradient":""},"tablet":{"background-color":"","background-image":"","background-repeat":"repeat","background-position":"center center","background-size":"auto","background-attachment":"scroll","background-type":"","background-media":"","overlay-type":"","overlay-color":"","overlay-opacity":"","overlay-gradient":""},"mobile":{"background-color":"","background-image":"","background-repeat":"repeat","background-position":"center center","background-size":"auto","background-attachment":"scroll","background-type":"","background-media":"","overlay-type":"","overlay-color":"","overlay-opacity":"","overlay-gradient":""}},"ast-content-background-meta":{"desktop":{"background-color":"var(--ast-global-color-5)","background-image":"","background-repeat":"repeat","background-position":"center center","background-size":"auto","background-attachment":"scroll","background-type":"","background-media":"","overlay-type":"","overlay-color":"","overlay-opacity":"","overlay-gradient":""},"tablet":{"background-color":"var(--ast-global-color-5)","background-image":"","background-repeat":"repeat","background-position":"center center","background-size":"auto","background-attachment":"scroll","background-type":"","background-media":"","overlay-type":"","overlay-color":"","overlay-opacity":"","overlay-gradient":""},"mobile":{"background-color":"var(--ast-global-color-5)","background-image":"","background-repeat":"repeat","background-position":"center center","background-size":"auto","background-attachment":"scroll","background-type":"","background-media":"","overlay-type":"","overlay-color":"","overlay-opacity":"","overlay-gradient":""}}},"product_brand":[],"product_cat":[1458,1041,1042],"product_tag":[1459],"class_list":{"0":"post-15658","1":"product","2":"type-product","3":"status-publish","4":"has-post-thumbnail","6":"product_cat-eingebaute-heizung-und-kuhlung","7":"product_cat-industrielle-und-kommerzielle-ausrustung","8":"product_cat-klimaanlagen-und-luftungsanlagen","9":"product_tag-eingebaute-heizung-und-kuhlung","10":"desktop-align-left","11":"tablet-align-left","12":"mobile-align-left","14":"first","15":"instock","16":"sale","17":"shipping-taxable","18":"purchasable","19":"product-type-variable"},"yoast_head":"<!-- This site is optimized with the Yoast SEO plugin v24.9 - https:\/\/yoast.com\/wordpress\/plugins\/seo\/ -->\r\n<title>Kommerzielle Industrie-Luftschleier Integrierte Heizung K\u00fchlung -Induzon<\/title>\r\n<meta name=\"description\" content=\"T\u00fcrluftschleier gewerbe und industrie, luftschleieranlagen f\u00fcr industrietore. Elektrischer luftschleier eingang, luftrid\u00e5 entr\u00e9\/port.\" \/>\r\n<meta name=\"robots\" content=\"index, follow, max-snippet:-1, max-image-preview:large, max-video-preview:-1\" \/>\r\n<link rel=\"canonical\" href=\"https:\/\/induzon.com\/de\/produkt\/eingebauter-heiz-und-kuehlluftschleier-luftschleier-tuer-fuer-supermarkt-einkaufszentrum-industrie-luftschleieranlage-tuerluftschleier-elektrisch-luftschleier-industrietore-luftschleuse-eingang-luftr\/\" \/>\r\n<meta property=\"og:locale\" content=\"de_DE\" \/>\r\n<meta property=\"og:type\" content=\"article\" \/>\r\n<meta property=\"og:title\" content=\"Kommerzielle Industrie-Luftschleier Integrierte Heizung K\u00fchlung -Induzon\" \/>\r\n<meta property=\"og:description\" content=\"T\u00fcrluftschleier gewerbe und industrie, luftschleieranlagen f\u00fcr industrietore. Elektrischer luftschleier eingang, luftrid\u00e5 entr\u00e9\/port.\" \/>\r\n<meta property=\"og:url\" content=\"https:\/\/induzon.com\/de\/produkt\/eingebauter-heiz-und-kuehlluftschleier-luftschleier-tuer-fuer-supermarkt-einkaufszentrum-industrie-luftschleieranlage-tuerluftschleier-elektrisch-luftschleier-industrietore-luftschleuse-eingang-luftr\/\" \/>\r\n<meta property=\"og:site_name\" content=\"induzon\" \/>\r\n<meta property=\"article:modified_time\" content=\"2026-01-02T06:51:26+00:00\" \/>\r\n<meta property=\"og:image\" content=\"https:\/\/induzon.com\/wp-content\/uploads\/2025\/07\/\u56fe-1-4.jpg\" \/>\r\n\t<meta property=\"og:image:width\" content=\"1500\" \/>\r\n\t<meta property=\"og:image:height\" content=\"1500\" \/>\r\n\t<meta property=\"og:image:type\" content=\"image\/jpeg\" \/>\r\n<meta name=\"twitter:card\" content=\"summary_large_image\" \/>\r\n<meta name=\"twitter:label1\" content=\"Gesch\u00e4tzte Lesezeit\" \/>\n\t<meta name=\"twitter:data1\" content=\"1\u00a0Minute\" \/>\r\n<script type=\"application\/ld+json\" class=\"yoast-schema-graph\">{\"@context\":\"https:\/\/schema.org\",\"@graph\":[{\"@type\":\"WebPage\",\"@id\":\"https:\/\/induzon.com\/de\/produkt\/eingebauter-heiz-und-kuehlluftschleier-luftschleier-tuer-fuer-supermarkt-einkaufszentrum-industrie-luftschleieranlage-tuerluftschleier-elektrisch-luftschleier-industrietore-luftschleuse-eingang-luftr\/\",\"url\":\"https:\/\/induzon.com\/de\/produkt\/eingebauter-heiz-und-kuehlluftschleier-luftschleier-tuer-fuer-supermarkt-einkaufszentrum-industrie-luftschleieranlage-tuerluftschleier-elektrisch-luftschleier-industrietore-luftschleuse-eingang-luftr\/\",\"name\":\"Kommerzielle Industrie-Luftschleier Integrierte Heizung K\u00fchlung -Induzon\",\"isPartOf\":{\"@id\":\"https:\/\/induzon.com\/de\/#website\"},\"primaryImageOfPage\":{\"@id\":\"https:\/\/induzon.com\/de\/produkt\/eingebauter-heiz-und-kuehlluftschleier-luftschleier-tuer-fuer-supermarkt-einkaufszentrum-industrie-luftschleieranlage-tuerluftschleier-elektrisch-luftschleier-industrietore-luftschleuse-eingang-luftr\/#primaryimage\"},\"image\":{\"@id\":\"https:\/\/induzon.com\/de\/produkt\/eingebauter-heiz-und-kuehlluftschleier-luftschleier-tuer-fuer-supermarkt-einkaufszentrum-industrie-luftschleieranlage-tuerluftschleier-elektrisch-luftschleier-industrietore-luftschleuse-eingang-luftr\/#primaryimage\"},\"thumbnailUrl\":\"https:\/\/induzon.com\/wp-content\/uploads\/2025\/07\/\u56fe-1-4.jpg\",\"datePublished\":\"2025-07-02T05:17:43+00:00\",\"dateModified\":\"2026-01-02T06:51:26+00:00\",\"description\":\"T\u00fcrluftschleier gewerbe und industrie, luftschleieranlagen f\u00fcr industrietore. Elektrischer luftschleier eingang, luftrid\u00e5 entr\u00e9\/port.\",\"breadcrumb\":{\"@id\":\"https:\/\/induzon.com\/de\/produkt\/eingebauter-heiz-und-kuehlluftschleier-luftschleier-tuer-fuer-supermarkt-einkaufszentrum-industrie-luftschleieranlage-tuerluftschleier-elektrisch-luftschleier-industrietore-luftschleuse-eingang-luftr\/#breadcrumb\"},\"inLanguage\":\"de\",\"potentialAction\":[{\"@type\":\"ReadAction\",\"target\":[\"https:\/\/induzon.com\/de\/produkt\/eingebauter-heiz-und-kuehlluftschleier-luftschleier-tuer-fuer-supermarkt-einkaufszentrum-industrie-luftschleieranlage-tuerluftschleier-elektrisch-luftschleier-industrietore-luftschleuse-eingang-luftr\/\"]}]},{\"@type\":\"ImageObject\",\"inLanguage\":\"de\",\"@id\":\"https:\/\/induzon.com\/de\/produkt\/eingebauter-heiz-und-kuehlluftschleier-luftschleier-tuer-fuer-supermarkt-einkaufszentrum-industrie-luftschleieranlage-tuerluftschleier-elektrisch-luftschleier-industrietore-luftschleuse-eingang-luftr\/#primaryimage\",\"url\":\"https:\/\/induzon.com\/wp-content\/uploads\/2025\/07\/\u56fe-1-4.jpg\",\"contentUrl\":\"https:\/\/induzon.com\/wp-content\/uploads\/2025\/07\/\u56fe-1-4.jpg\",\"width\":1500,\"height\":1500,\"caption\":\"T\u00fcrluftschleier gewerbe und industrie, luftschleieranlagen f\u00fcr industrietore. Elektrischer luftschleier eingang, luftrid\u00e5 entr\u00e9\/port.\"},{\"@type\":\"BreadcrumbList\",\"@id\":\"https:\/\/induzon.com\/de\/produkt\/eingebauter-heiz-und-kuehlluftschleier-luftschleier-tuer-fuer-supermarkt-einkaufszentrum-industrie-luftschleieranlage-tuerluftschleier-elektrisch-luftschleier-industrietore-luftschleuse-eingang-luftr\/#breadcrumb\",\"itemListElement\":[{\"@type\":\"ListItem\",\"position\":1,\"name\":\"\u9996\u9875\",\"item\":\"https:\/\/induzon.com\/de\/\"},{\"@type\":\"ListItem\",\"position\":2,\"name\":\"Shop\",\"item\":\"https:\/\/induzon.com\/de\/shopde\/\"},{\"@type\":\"ListItem\",\"position\":3,\"name\":\"Eingebauter Heiz- und K\u00fchlluftschleier Luftschleier T\u00fcr f\u00fcr Supermarkt Einkaufszentrum Industrie Luftschleieranlage T\u00fcrluftschleier elektrisch Luftschleier Industrietore Luftschleuse Eingang Luftrid\u00e5 Entr\u00e9 Port Funktion Heizung Gewerbe Luftschleieranlagen Torluftschleieranlage T\u00fcrluftschleieranlagen T\u00fcrluftschleierger\u00e4t Luftrid\u00e5 Industriport Luftrid\u00e5 Port F\u00fcr Gastronomie\"}]},{\"@type\":\"WebSite\",\"@id\":\"https:\/\/induzon.com\/de\/#website\",\"url\":\"https:\/\/induzon.com\/de\/\",\"name\":\"induzon\",\"description\":\"\",\"publisher\":{\"@id\":\"https:\/\/induzon.com\/de\/#organization\"},\"potentialAction\":[{\"@type\":\"SearchAction\",\"target\":{\"@type\":\"EntryPoint\",\"urlTemplate\":\"https:\/\/induzon.com\/de\/?s={search_term_string}\"},\"query-input\":{\"@type\":\"PropertyValueSpecification\",\"valueRequired\":true,\"valueName\":\"search_term_string\"}}],\"inLanguage\":\"de\"},{\"@type\":\"Organization\",\"@id\":\"https:\/\/induzon.com\/de\/#organization\",\"name\":\"induzon\",\"url\":\"https:\/\/induzon.com\/de\/\",\"logo\":{\"@type\":\"ImageObject\",\"inLanguage\":\"de\",\"@id\":\"https:\/\/induzon.com\/de\/#\/schema\/logo\/image\/\",\"url\":\"https:\/\/induzon.com\/wp-content\/uploads\/2025\/05\/cropped-026.png\",\"contentUrl\":\"https:\/\/induzon.com\/wp-content\/uploads\/2025\/05\/cropped-026.png\",\"width\":512,\"height\":512,\"caption\":\"induzon\"},\"image\":{\"@id\":\"https:\/\/induzon.com\/de\/#\/schema\/logo\/image\/\"}}]}<\/script>\r\n<!-- \/ Yoast SEO plugin. -->","yoast_head_json":{"title":"Kommerzielle Industrie-Luftschleier Integrierte Heizung K\u00fchlung -Induzon","description":"T\u00fcrluftschleier gewerbe und industrie, luftschleieranlagen f\u00fcr industrietore. Elektrischer luftschleier eingang, luftrid\u00e5 entr\u00e9\/port.","robots":{"index":"index","follow":"follow","max-snippet":"max-snippet:-1","max-image-preview":"max-image-preview:large","max-video-preview":"max-video-preview:-1"},"canonical":"https:\/\/induzon.com\/de\/produkt\/eingebauter-heiz-und-kuehlluftschleier-luftschleier-tuer-fuer-supermarkt-einkaufszentrum-industrie-luftschleieranlage-tuerluftschleier-elektrisch-luftschleier-industrietore-luftschleuse-eingang-luftr\/","og_locale":"de_DE","og_type":"article","og_title":"Kommerzielle Industrie-Luftschleier Integrierte Heizung K\u00fchlung -Induzon","og_description":"T\u00fcrluftschleier gewerbe und industrie, luftschleieranlagen f\u00fcr industrietore. Elektrischer luftschleier eingang, luftrid\u00e5 entr\u00e9\/port.","og_url":"https:\/\/induzon.com\/de\/produkt\/eingebauter-heiz-und-kuehlluftschleier-luftschleier-tuer-fuer-supermarkt-einkaufszentrum-industrie-luftschleieranlage-tuerluftschleier-elektrisch-luftschleier-industrietore-luftschleuse-eingang-luftr\/","og_site_name":"induzon","article_modified_time":"2026-01-02T06:51:26+00:00","og_image":[{"width":1500,"height":1500,"url":"https:\/\/induzon.com\/wp-content\/uploads\/2025\/07\/\u56fe-1-4.jpg","type":"image\/jpeg"}],"twitter_card":"summary_large_image","twitter_misc":{"Gesch\u00e4tzte Lesezeit":"1\u00a0Minute"},"schema":{"@context":"https:\/\/schema.org","@graph":[{"@type":"WebPage","@id":"https:\/\/induzon.com\/de\/produkt\/eingebauter-heiz-und-kuehlluftschleier-luftschleier-tuer-fuer-supermarkt-einkaufszentrum-industrie-luftschleieranlage-tuerluftschleier-elektrisch-luftschleier-industrietore-luftschleuse-eingang-luftr\/","url":"https:\/\/induzon.com\/de\/produkt\/eingebauter-heiz-und-kuehlluftschleier-luftschleier-tuer-fuer-supermarkt-einkaufszentrum-industrie-luftschleieranlage-tuerluftschleier-elektrisch-luftschleier-industrietore-luftschleuse-eingang-luftr\/","name":"Kommerzielle Industrie-Luftschleier Integrierte Heizung K\u00fchlung -Induzon","isPartOf":{"@id":"https:\/\/induzon.com\/de\/#website"},"primaryImageOfPage":{"@id":"https:\/\/induzon.com\/de\/produkt\/eingebauter-heiz-und-kuehlluftschleier-luftschleier-tuer-fuer-supermarkt-einkaufszentrum-industrie-luftschleieranlage-tuerluftschleier-elektrisch-luftschleier-industrietore-luftschleuse-eingang-luftr\/#primaryimage"},"image":{"@id":"https:\/\/induzon.com\/de\/produkt\/eingebauter-heiz-und-kuehlluftschleier-luftschleier-tuer-fuer-supermarkt-einkaufszentrum-industrie-luftschleieranlage-tuerluftschleier-elektrisch-luftschleier-industrietore-luftschleuse-eingang-luftr\/#primaryimage"},"thumbnailUrl":"https:\/\/induzon.com\/wp-content\/uploads\/2025\/07\/\u56fe-1-4.jpg","datePublished":"2025-07-02T05:17:43+00:00","dateModified":"2026-01-02T06:51:26+00:00","description":"T\u00fcrluftschleier gewerbe und industrie, luftschleieranlagen f\u00fcr industrietore. Elektrischer luftschleier eingang, luftrid\u00e5 entr\u00e9\/port.","breadcrumb":{"@id":"https:\/\/induzon.com\/de\/produkt\/eingebauter-heiz-und-kuehlluftschleier-luftschleier-tuer-fuer-supermarkt-einkaufszentrum-industrie-luftschleieranlage-tuerluftschleier-elektrisch-luftschleier-industrietore-luftschleuse-eingang-luftr\/#breadcrumb"},"inLanguage":"de","potentialAction":[{"@type":"ReadAction","target":["https:\/\/induzon.com\/de\/produkt\/eingebauter-heiz-und-kuehlluftschleier-luftschleier-tuer-fuer-supermarkt-einkaufszentrum-industrie-luftschleieranlage-tuerluftschleier-elektrisch-luftschleier-industrietore-luftschleuse-eingang-luftr\/"]}]},{"@type":"ImageObject","inLanguage":"de","@id":"https:\/\/induzon.com\/de\/produkt\/eingebauter-heiz-und-kuehlluftschleier-luftschleier-tuer-fuer-supermarkt-einkaufszentrum-industrie-luftschleieranlage-tuerluftschleier-elektrisch-luftschleier-industrietore-luftschleuse-eingang-luftr\/#primaryimage","url":"https:\/\/induzon.com\/wp-content\/uploads\/2025\/07\/\u56fe-1-4.jpg","contentUrl":"https:\/\/induzon.com\/wp-content\/uploads\/2025\/07\/\u56fe-1-4.jpg","width":1500,"height":1500,"caption":"T\u00fcrluftschleier gewerbe und industrie, luftschleieranlagen f\u00fcr industrietore. Elektrischer luftschleier eingang, luftrid\u00e5 entr\u00e9\/port."},{"@type":"BreadcrumbList","@id":"https:\/\/induzon.com\/de\/produkt\/eingebauter-heiz-und-kuehlluftschleier-luftschleier-tuer-fuer-supermarkt-einkaufszentrum-industrie-luftschleieranlage-tuerluftschleier-elektrisch-luftschleier-industrietore-luftschleuse-eingang-luftr\/#breadcrumb","itemListElement":[{"@type":"ListItem","position":1,"name":"\u9996\u9875","item":"https:\/\/induzon.com\/de\/"},{"@type":"ListItem","position":2,"name":"Shop","item":"https:\/\/induzon.com\/de\/shopde\/"},{"@type":"ListItem","position":3,"name":"Eingebauter Heiz- und K\u00fchlluftschleier Luftschleier T\u00fcr f\u00fcr Supermarkt Einkaufszentrum Industrie Luftschleieranlage T\u00fcrluftschleier elektrisch Luftschleier Industrietore Luftschleuse Eingang Luftrid\u00e5 Entr\u00e9 Port Funktion Heizung Gewerbe Luftschleieranlagen Torluftschleieranlage T\u00fcrluftschleieranlagen T\u00fcrluftschleierger\u00e4t Luftrid\u00e5 Industriport Luftrid\u00e5 Port F\u00fcr Gastronomie"}]},{"@type":"WebSite","@id":"https:\/\/induzon.com\/de\/#website","url":"https:\/\/induzon.com\/de\/","name":"induzon","description":"","publisher":{"@id":"https:\/\/induzon.com\/de\/#organization"},"potentialAction":[{"@type":"SearchAction","target":{"@type":"EntryPoint","urlTemplate":"https:\/\/induzon.com\/de\/?s={search_term_string}"},"query-input":{"@type":"PropertyValueSpecification","valueRequired":true,"valueName":"search_term_string"}}],"inLanguage":"de"},{"@type":"Organization","@id":"https:\/\/induzon.com\/de\/#organization","name":"induzon","url":"https:\/\/induzon.com\/de\/","logo":{"@type":"ImageObject","inLanguage":"de","@id":"https:\/\/induzon.com\/de\/#\/schema\/logo\/image\/","url":"https:\/\/induzon.com\/wp-content\/uploads\/2025\/05\/cropped-026.png","contentUrl":"https:\/\/induzon.com\/wp-content\/uploads\/2025\/05\/cropped-026.png","width":512,"height":512,"caption":"induzon"},"image":{"@id":"https:\/\/induzon.com\/de\/#\/schema\/logo\/image\/"}}]}},"_links":{"self":[{"href":"https:\/\/induzon.com\/de\/wp-json\/wp\/v2\/product\/15658","targetHints":{"allow":["GET"]}}],"collection":[{"href":"https:\/\/induzon.com\/de\/wp-json\/wp\/v2\/product"}],"about":[{"href":"https:\/\/induzon.com\/de\/wp-json\/wp\/v2\/types\/product"}],"replies":[{"embeddable":true,"href":"https:\/\/induzon.com\/de\/wp-json\/wp\/v2\/comments?post=15658"}],"version-history":[{"count":1,"href":"https:\/\/induzon.com\/de\/wp-json\/wp\/v2\/product\/15658\/revisions"}],"predecessor-version":[{"id":32660,"href":"https:\/\/induzon.com\/de\/wp-json\/wp\/v2\/product\/15658\/revisions\/32660"}],"wp:featuredmedia":[{"embeddable":true,"href":"https:\/\/induzon.com\/de\/wp-json\/wp\/v2\/media\/15514"}],"wp:attachment":[{"href":"https:\/\/induzon.com\/de\/wp-json\/wp\/v2\/media?parent=15658"}],"wp:term":[{"taxonomy":"product_brand","embeddable":true,"href":"https:\/\/induzon.com\/de\/wp-json\/wp\/v2\/product_brand?post=15658"},{"taxonomy":"product_cat","embeddable":true,"href":"https:\/\/induzon.com\/de\/wp-json\/wp\/v2\/product_cat?post=15658"},{"taxonomy":"product_tag","embeddable":true,"href":"https:\/\/induzon.com\/de\/wp-json\/wp\/v2\/product_tag?post=15658"}],"curies":[{"name":"wp","href":"https:\/\/api.w.org\/{rel}","templated":true}]}}