{"id":15933,"date":"2025-07-02T14:32:01","date_gmt":"2025-07-02T06:32:01","guid":{"rendered":"https:\/\/induzon.com\/shop\/klein-kaeltetrockner-druckluft-fuer-kompressor-industrie-drucklufttrockner-kaelte-drucklufttrockner-lufttrockner-kompressor-drucklufttrockner-adsorptionstrockner-klein-kondensationstrockner-lufttrockn\/"},"modified":"2026-01-02T13:44:19","modified_gmt":"2026-01-02T05:44:19","slug":"klein-kaeltetrockner-druckluft-fuer-kompressor-industrie-drucklufttrockner-kaelte-drucklufttrockner-lufttrockner-kompressor-drucklufttrockner-adsorptionstrockner-klein-kondensationstrockner-lufttrockn","status":"publish","type":"product","link":"https:\/\/induzon.com\/de\/produkt\/klein-kaeltetrockner-druckluft-fuer-kompressor-industrie-drucklufttrockner-kaelte-drucklufttrockner-lufttrockner-kompressor-drucklufttrockner-adsorptionstrockner-klein-kondensationstrockner-lufttrockn\/","title":{"rendered":"Klein K\u00e4ltetrockner Druckluft und Gas f\u00fcr Kompressor Industrie Drucklufttrockner K\u00e4lte Drucklufttrockner Lufttrockner Kompressor Drucklufttrockner Adsorptionstrockner Klein Kondensationstrockner Lufttrocknungssystem Automatische Entw\u00e4sserung"},"content":{"rendered":"<p>1.Effiziente Lufttrocknung f\u00fcr Kompressoren \u2013 Verhindert Korrosion und verbessert die Luftqualit\u00e4t durch zuverl\u00e4ssige Entfernung von Feuchtigkeit.<br \/>\n2.Kompaktes Design f\u00fcr kleine Betriebe \u2013 Ideal f\u00fcr Werkst\u00e4tten, Labore und industrielle Anwendungen mit begrenztem Platzangebot.<br \/>\n3.Vielf\u00e4ltige Anwendungsm\u00f6glichkeiten \u2013 Geeignet f\u00fcr Druckluftsysteme, optische Ger\u00e4te, Lebensmittelausr\u00fcstung und Automatisierungstechnik.<br \/>\n4.Robuste Bauweise f\u00fcr lange Haltbarkeit \u2013 Hergestellt aus hochwertigen Materialien f\u00fcr zuverl\u00e4ssige Leistung unter harten Bedingungen.<br \/>\n5.Einfache Installation und Wartung \u2013 Benutzerfreundliches Design erm\u00f6glicht schnelle Inbetriebnahme und minimalen Wartungsaufwand.<\/p>\n","protected":false},"excerpt":{"rendered":"<p>1.Effiziente Lufttrocknung f\u00fcr Kompressoren \u2013 Verhindert Korrosion und verbessert die Luftqualit\u00e4t durch zuverl\u00e4ssige Entfernung von Feuchtigkeit. 2.Kompaktes Design f\u00fcr kleine [&hellip;]<\/p>\n","protected":false},"featured_media":15897,"comment_status":"open","ping_status":"closed","template":"","meta":{"site-sidebar-layout":"default","site-content-layout":"","ast-site-content-layout":"default","site-content-style":"default","site-sidebar-style":"default","ast-global-header-display":"","ast-banner-title-visibility":"","ast-main-header-display":"","ast-hfb-above-header-display":"","ast-hfb-below-header-display":"","ast-hfb-mobile-header-display":"","site-post-title":"","ast-breadcrumbs-content":"","ast-featured-img":"","footer-sml-layout":"","theme-transparent-header-meta":"default","adv-header-id-meta":"","stick-header-meta":"","header-above-stick-meta":"","header-main-stick-meta":"","header-below-stick-meta":"","astra-migrate-meta-layouts":"set","ast-page-background-enabled":"default","ast-page-background-meta":{"desktop":{"background-color":"var(--ast-global-color-4)","background-image":"","background-repeat":"repeat","background-position":"center center","background-size":"auto","background-attachment":"scroll","background-type":"","background-media":"","overlay-type":"","overlay-color":"","overlay-opacity":"","overlay-gradient":""},"tablet":{"background-color":"","background-image":"","background-repeat":"repeat","background-position":"center center","background-size":"auto","background-attachment":"scroll","background-type":"","background-media":"","overlay-type":"","overlay-color":"","overlay-opacity":"","overlay-gradient":""},"mobile":{"background-color":"","background-image":"","background-repeat":"repeat","background-position":"center center","background-size":"auto","background-attachment":"scroll","background-type":"","background-media":"","overlay-type":"","overlay-color":"","overlay-opacity":"","overlay-gradient":""}},"ast-content-background-meta":{"desktop":{"background-color":"var(--ast-global-color-5)","background-image":"","background-repeat":"repeat","background-position":"center center","background-size":"auto","background-attachment":"scroll","background-type":"","background-media":"","overlay-type":"","overlay-color":"","overlay-opacity":"","overlay-gradient":""},"tablet":{"background-color":"var(--ast-global-color-5)","background-image":"","background-repeat":"repeat","background-position":"center center","background-size":"auto","background-attachment":"scroll","background-type":"","background-media":"","overlay-type":"","overlay-color":"","overlay-opacity":"","overlay-gradient":""},"mobile":{"background-color":"var(--ast-global-color-5)","background-image":"","background-repeat":"repeat","background-position":"center center","background-size":"auto","background-attachment":"scroll","background-type":"","background-media":"","overlay-type":"","overlay-color":"","overlay-opacity":"","overlay-gradient":""}}},"product_brand":[],"product_cat":[1041,1500],"product_tag":[1841,1501],"class_list":{"0":"post-15933","1":"product","2":"type-product","3":"status-publish","4":"has-post-thumbnail","6":"product_cat-industrielle-und-kommerzielle-ausrustung","7":"product_cat-luftkompressoren","8":"product_tag-kleiner-kaltetrockner","9":"product_tag-luftkompressoren","10":"desktop-align-left","11":"tablet-align-left","12":"mobile-align-left","14":"first","15":"instock","16":"sale","17":"shipping-taxable","18":"purchasable","19":"product-type-simple"},"yoast_head":"<!-- This site is optimized with the Yoast SEO plugin v24.9 - https:\/\/yoast.com\/wordpress\/plugins\/seo\/ -->\r\n<title>K\u00fchllufttrockner Industrieller Luftentfeuchter -Induzon<\/title>\r\n<meta name=\"description\" content=\"Adsorptionstrockner, K\u00e4ltetrockner und Druckluft Kompressoren mit Lufttrocknungssystemen f\u00fcr industrielle Aufbereitung.\" \/>\r\n<meta name=\"robots\" content=\"index, follow, max-snippet:-1, max-image-preview:large, max-video-preview:-1\" \/>\r\n<link rel=\"canonical\" href=\"https:\/\/induzon.com\/de\/produkt\/klein-kaeltetrockner-druckluft-fuer-kompressor-industrie-drucklufttrockner-kaelte-drucklufttrockner-lufttrockner-kompressor-drucklufttrockner-adsorptionstrockner-klein-kondensationstrockner-lufttrockn\/\" \/>\r\n<meta property=\"og:locale\" content=\"de_DE\" \/>\r\n<meta property=\"og:type\" content=\"article\" \/>\r\n<meta property=\"og:title\" content=\"K\u00fchllufttrockner Industrieller Luftentfeuchter -Induzon\" \/>\r\n<meta property=\"og:description\" content=\"Adsorptionstrockner, K\u00e4ltetrockner und Druckluft Kompressoren mit Lufttrocknungssystemen f\u00fcr industrielle Aufbereitung.\" \/>\r\n<meta property=\"og:url\" content=\"https:\/\/induzon.com\/de\/produkt\/klein-kaeltetrockner-druckluft-fuer-kompressor-industrie-drucklufttrockner-kaelte-drucklufttrockner-lufttrockner-kompressor-drucklufttrockner-adsorptionstrockner-klein-kondensationstrockner-lufttrockn\/\" \/>\r\n<meta property=\"og:site_name\" content=\"induzon\" \/>\r\n<meta property=\"article:modified_time\" content=\"2026-01-02T05:44:19+00:00\" \/>\r\n<meta property=\"og:image\" content=\"https:\/\/induzon.com\/wp-content\/uploads\/2025\/07\/01.jpg\" \/>\r\n\t<meta property=\"og:image:width\" content=\"1500\" \/>\r\n\t<meta property=\"og:image:height\" content=\"1500\" \/>\r\n\t<meta property=\"og:image:type\" content=\"image\/jpeg\" \/>\r\n<meta name=\"twitter:card\" content=\"summary_large_image\" \/>\r\n<meta name=\"twitter:label1\" content=\"Gesch\u00e4tzte Lesezeit\" \/>\n\t<meta name=\"twitter:data1\" content=\"1\u00a0Minute\" \/>\r\n<script type=\"application\/ld+json\" class=\"yoast-schema-graph\">{\"@context\":\"https:\/\/schema.org\",\"@graph\":[{\"@type\":\"WebPage\",\"@id\":\"https:\/\/induzon.com\/de\/produkt\/klein-kaeltetrockner-druckluft-fuer-kompressor-industrie-drucklufttrockner-kaelte-drucklufttrockner-lufttrockner-kompressor-drucklufttrockner-adsorptionstrockner-klein-kondensationstrockner-lufttrockn\/\",\"url\":\"https:\/\/induzon.com\/de\/produkt\/klein-kaeltetrockner-druckluft-fuer-kompressor-industrie-drucklufttrockner-kaelte-drucklufttrockner-lufttrockner-kompressor-drucklufttrockner-adsorptionstrockner-klein-kondensationstrockner-lufttrockn\/\",\"name\":\"K\u00fchllufttrockner Industrieller Luftentfeuchter -Induzon\",\"isPartOf\":{\"@id\":\"https:\/\/induzon.com\/de\/#website\"},\"primaryImageOfPage\":{\"@id\":\"https:\/\/induzon.com\/de\/produkt\/klein-kaeltetrockner-druckluft-fuer-kompressor-industrie-drucklufttrockner-kaelte-drucklufttrockner-lufttrockner-kompressor-drucklufttrockner-adsorptionstrockner-klein-kondensationstrockner-lufttrockn\/#primaryimage\"},\"image\":{\"@id\":\"https:\/\/induzon.com\/de\/produkt\/klein-kaeltetrockner-druckluft-fuer-kompressor-industrie-drucklufttrockner-kaelte-drucklufttrockner-lufttrockner-kompressor-drucklufttrockner-adsorptionstrockner-klein-kondensationstrockner-lufttrockn\/#primaryimage\"},\"thumbnailUrl\":\"https:\/\/induzon.com\/wp-content\/uploads\/2025\/07\/01.jpg\",\"datePublished\":\"2025-07-02T06:32:01+00:00\",\"dateModified\":\"2026-01-02T05:44:19+00:00\",\"description\":\"Adsorptionstrockner, K\u00e4ltetrockner und Druckluft Kompressoren mit Lufttrocknungssystemen f\u00fcr industrielle Aufbereitung.\",\"breadcrumb\":{\"@id\":\"https:\/\/induzon.com\/de\/produkt\/klein-kaeltetrockner-druckluft-fuer-kompressor-industrie-drucklufttrockner-kaelte-drucklufttrockner-lufttrockner-kompressor-drucklufttrockner-adsorptionstrockner-klein-kondensationstrockner-lufttrockn\/#breadcrumb\"},\"inLanguage\":\"de\",\"potentialAction\":[{\"@type\":\"ReadAction\",\"target\":[\"https:\/\/induzon.com\/de\/produkt\/klein-kaeltetrockner-druckluft-fuer-kompressor-industrie-drucklufttrockner-kaelte-drucklufttrockner-lufttrockner-kompressor-drucklufttrockner-adsorptionstrockner-klein-kondensationstrockner-lufttrockn\/\"]}]},{\"@type\":\"ImageObject\",\"inLanguage\":\"de\",\"@id\":\"https:\/\/induzon.com\/de\/produkt\/klein-kaeltetrockner-druckluft-fuer-kompressor-industrie-drucklufttrockner-kaelte-drucklufttrockner-lufttrockner-kompressor-drucklufttrockner-adsorptionstrockner-klein-kondensationstrockner-lufttrockn\/#primaryimage\",\"url\":\"https:\/\/induzon.com\/wp-content\/uploads\/2025\/07\/01.jpg\",\"contentUrl\":\"https:\/\/induzon.com\/wp-content\/uploads\/2025\/07\/01.jpg\",\"width\":1500,\"height\":1500,\"caption\":\"Small Refrigerated Air Dryer for Compressor Compressed Air Dryer System Industrial Dehumidifier for Air Compressor High Pressure Desiccant Drying Machine Rotary Inline Filter Refrigerant Desiccant Water Separator\"},{\"@type\":\"BreadcrumbList\",\"@id\":\"https:\/\/induzon.com\/de\/produkt\/klein-kaeltetrockner-druckluft-fuer-kompressor-industrie-drucklufttrockner-kaelte-drucklufttrockner-lufttrockner-kompressor-drucklufttrockner-adsorptionstrockner-klein-kondensationstrockner-lufttrockn\/#breadcrumb\",\"itemListElement\":[{\"@type\":\"ListItem\",\"position\":1,\"name\":\"\u9996\u9875\",\"item\":\"https:\/\/induzon.com\/de\/\"},{\"@type\":\"ListItem\",\"position\":2,\"name\":\"Shop\",\"item\":\"https:\/\/induzon.com\/de\/shopde\/\"},{\"@type\":\"ListItem\",\"position\":3,\"name\":\"Klein K\u00e4ltetrockner Druckluft und Gas f\u00fcr Kompressor Industrie Drucklufttrockner K\u00e4lte Drucklufttrockner Lufttrockner Kompressor Drucklufttrockner Adsorptionstrockner Klein Kondensationstrockner Lufttrocknungssystem Automatische Entw\u00e4sserung\"}]},{\"@type\":\"WebSite\",\"@id\":\"https:\/\/induzon.com\/de\/#website\",\"url\":\"https:\/\/induzon.com\/de\/\",\"name\":\"induzon\",\"description\":\"\",\"publisher\":{\"@id\":\"https:\/\/induzon.com\/de\/#organization\"},\"potentialAction\":[{\"@type\":\"SearchAction\",\"target\":{\"@type\":\"EntryPoint\",\"urlTemplate\":\"https:\/\/induzon.com\/de\/?s={search_term_string}\"},\"query-input\":{\"@type\":\"PropertyValueSpecification\",\"valueRequired\":true,\"valueName\":\"search_term_string\"}}],\"inLanguage\":\"de\"},{\"@type\":\"Organization\",\"@id\":\"https:\/\/induzon.com\/de\/#organization\",\"name\":\"induzon\",\"url\":\"https:\/\/induzon.com\/de\/\",\"logo\":{\"@type\":\"ImageObject\",\"inLanguage\":\"de\",\"@id\":\"https:\/\/induzon.com\/de\/#\/schema\/logo\/image\/\",\"url\":\"https:\/\/induzon.com\/wp-content\/uploads\/2025\/05\/cropped-026.png\",\"contentUrl\":\"https:\/\/induzon.com\/wp-content\/uploads\/2025\/05\/cropped-026.png\",\"width\":512,\"height\":512,\"caption\":\"induzon\"},\"image\":{\"@id\":\"https:\/\/induzon.com\/de\/#\/schema\/logo\/image\/\"}}]}<\/script>\r\n<!-- \/ Yoast SEO plugin. -->","yoast_head_json":{"title":"K\u00fchllufttrockner Industrieller Luftentfeuchter -Induzon","description":"Adsorptionstrockner, K\u00e4ltetrockner und Druckluft Kompressoren mit Lufttrocknungssystemen f\u00fcr industrielle Aufbereitung.","robots":{"index":"index","follow":"follow","max-snippet":"max-snippet:-1","max-image-preview":"max-image-preview:large","max-video-preview":"max-video-preview:-1"},"canonical":"https:\/\/induzon.com\/de\/produkt\/klein-kaeltetrockner-druckluft-fuer-kompressor-industrie-drucklufttrockner-kaelte-drucklufttrockner-lufttrockner-kompressor-drucklufttrockner-adsorptionstrockner-klein-kondensationstrockner-lufttrockn\/","og_locale":"de_DE","og_type":"article","og_title":"K\u00fchllufttrockner Industrieller Luftentfeuchter -Induzon","og_description":"Adsorptionstrockner, K\u00e4ltetrockner und Druckluft Kompressoren mit Lufttrocknungssystemen f\u00fcr industrielle Aufbereitung.","og_url":"https:\/\/induzon.com\/de\/produkt\/klein-kaeltetrockner-druckluft-fuer-kompressor-industrie-drucklufttrockner-kaelte-drucklufttrockner-lufttrockner-kompressor-drucklufttrockner-adsorptionstrockner-klein-kondensationstrockner-lufttrockn\/","og_site_name":"induzon","article_modified_time":"2026-01-02T05:44:19+00:00","og_image":[{"width":1500,"height":1500,"url":"https:\/\/induzon.com\/wp-content\/uploads\/2025\/07\/01.jpg","type":"image\/jpeg"}],"twitter_card":"summary_large_image","twitter_misc":{"Gesch\u00e4tzte Lesezeit":"1\u00a0Minute"},"schema":{"@context":"https:\/\/schema.org","@graph":[{"@type":"WebPage","@id":"https:\/\/induzon.com\/de\/produkt\/klein-kaeltetrockner-druckluft-fuer-kompressor-industrie-drucklufttrockner-kaelte-drucklufttrockner-lufttrockner-kompressor-drucklufttrockner-adsorptionstrockner-klein-kondensationstrockner-lufttrockn\/","url":"https:\/\/induzon.com\/de\/produkt\/klein-kaeltetrockner-druckluft-fuer-kompressor-industrie-drucklufttrockner-kaelte-drucklufttrockner-lufttrockner-kompressor-drucklufttrockner-adsorptionstrockner-klein-kondensationstrockner-lufttrockn\/","name":"K\u00fchllufttrockner Industrieller Luftentfeuchter -Induzon","isPartOf":{"@id":"https:\/\/induzon.com\/de\/#website"},"primaryImageOfPage":{"@id":"https:\/\/induzon.com\/de\/produkt\/klein-kaeltetrockner-druckluft-fuer-kompressor-industrie-drucklufttrockner-kaelte-drucklufttrockner-lufttrockner-kompressor-drucklufttrockner-adsorptionstrockner-klein-kondensationstrockner-lufttrockn\/#primaryimage"},"image":{"@id":"https:\/\/induzon.com\/de\/produkt\/klein-kaeltetrockner-druckluft-fuer-kompressor-industrie-drucklufttrockner-kaelte-drucklufttrockner-lufttrockner-kompressor-drucklufttrockner-adsorptionstrockner-klein-kondensationstrockner-lufttrockn\/#primaryimage"},"thumbnailUrl":"https:\/\/induzon.com\/wp-content\/uploads\/2025\/07\/01.jpg","datePublished":"2025-07-02T06:32:01+00:00","dateModified":"2026-01-02T05:44:19+00:00","description":"Adsorptionstrockner, K\u00e4ltetrockner und Druckluft Kompressoren mit Lufttrocknungssystemen f\u00fcr industrielle Aufbereitung.","breadcrumb":{"@id":"https:\/\/induzon.com\/de\/produkt\/klein-kaeltetrockner-druckluft-fuer-kompressor-industrie-drucklufttrockner-kaelte-drucklufttrockner-lufttrockner-kompressor-drucklufttrockner-adsorptionstrockner-klein-kondensationstrockner-lufttrockn\/#breadcrumb"},"inLanguage":"de","potentialAction":[{"@type":"ReadAction","target":["https:\/\/induzon.com\/de\/produkt\/klein-kaeltetrockner-druckluft-fuer-kompressor-industrie-drucklufttrockner-kaelte-drucklufttrockner-lufttrockner-kompressor-drucklufttrockner-adsorptionstrockner-klein-kondensationstrockner-lufttrockn\/"]}]},{"@type":"ImageObject","inLanguage":"de","@id":"https:\/\/induzon.com\/de\/produkt\/klein-kaeltetrockner-druckluft-fuer-kompressor-industrie-drucklufttrockner-kaelte-drucklufttrockner-lufttrockner-kompressor-drucklufttrockner-adsorptionstrockner-klein-kondensationstrockner-lufttrockn\/#primaryimage","url":"https:\/\/induzon.com\/wp-content\/uploads\/2025\/07\/01.jpg","contentUrl":"https:\/\/induzon.com\/wp-content\/uploads\/2025\/07\/01.jpg","width":1500,"height":1500,"caption":"Small Refrigerated Air Dryer for Compressor Compressed Air Dryer System Industrial Dehumidifier for Air Compressor High Pressure Desiccant Drying Machine Rotary Inline Filter Refrigerant Desiccant Water Separator"},{"@type":"BreadcrumbList","@id":"https:\/\/induzon.com\/de\/produkt\/klein-kaeltetrockner-druckluft-fuer-kompressor-industrie-drucklufttrockner-kaelte-drucklufttrockner-lufttrockner-kompressor-drucklufttrockner-adsorptionstrockner-klein-kondensationstrockner-lufttrockn\/#breadcrumb","itemListElement":[{"@type":"ListItem","position":1,"name":"\u9996\u9875","item":"https:\/\/induzon.com\/de\/"},{"@type":"ListItem","position":2,"name":"Shop","item":"https:\/\/induzon.com\/de\/shopde\/"},{"@type":"ListItem","position":3,"name":"Klein K\u00e4ltetrockner Druckluft und Gas f\u00fcr Kompressor Industrie Drucklufttrockner K\u00e4lte Drucklufttrockner Lufttrockner Kompressor Drucklufttrockner Adsorptionstrockner Klein Kondensationstrockner Lufttrocknungssystem Automatische Entw\u00e4sserung"}]},{"@type":"WebSite","@id":"https:\/\/induzon.com\/de\/#website","url":"https:\/\/induzon.com\/de\/","name":"induzon","description":"","publisher":{"@id":"https:\/\/induzon.com\/de\/#organization"},"potentialAction":[{"@type":"SearchAction","target":{"@type":"EntryPoint","urlTemplate":"https:\/\/induzon.com\/de\/?s={search_term_string}"},"query-input":{"@type":"PropertyValueSpecification","valueRequired":true,"valueName":"search_term_string"}}],"inLanguage":"de"},{"@type":"Organization","@id":"https:\/\/induzon.com\/de\/#organization","name":"induzon","url":"https:\/\/induzon.com\/de\/","logo":{"@type":"ImageObject","inLanguage":"de","@id":"https:\/\/induzon.com\/de\/#\/schema\/logo\/image\/","url":"https:\/\/induzon.com\/wp-content\/uploads\/2025\/05\/cropped-026.png","contentUrl":"https:\/\/induzon.com\/wp-content\/uploads\/2025\/05\/cropped-026.png","width":512,"height":512,"caption":"induzon"},"image":{"@id":"https:\/\/induzon.com\/de\/#\/schema\/logo\/image\/"}}]}},"_links":{"self":[{"href":"https:\/\/induzon.com\/de\/wp-json\/wp\/v2\/product\/15933","targetHints":{"allow":["GET"]}}],"collection":[{"href":"https:\/\/induzon.com\/de\/wp-json\/wp\/v2\/product"}],"about":[{"href":"https:\/\/induzon.com\/de\/wp-json\/wp\/v2\/types\/product"}],"replies":[{"embeddable":true,"href":"https:\/\/induzon.com\/de\/wp-json\/wp\/v2\/comments?post=15933"}],"version-history":[{"count":1,"href":"https:\/\/induzon.com\/de\/wp-json\/wp\/v2\/product\/15933\/revisions"}],"predecessor-version":[{"id":28779,"href":"https:\/\/induzon.com\/de\/wp-json\/wp\/v2\/product\/15933\/revisions\/28779"}],"wp:featuredmedia":[{"embeddable":true,"href":"https:\/\/induzon.com\/de\/wp-json\/wp\/v2\/media\/15897"}],"wp:attachment":[{"href":"https:\/\/induzon.com\/de\/wp-json\/wp\/v2\/media?parent=15933"}],"wp:term":[{"taxonomy":"product_brand","embeddable":true,"href":"https:\/\/induzon.com\/de\/wp-json\/wp\/v2\/product_brand?post=15933"},{"taxonomy":"product_cat","embeddable":true,"href":"https:\/\/induzon.com\/de\/wp-json\/wp\/v2\/product_cat?post=15933"},{"taxonomy":"product_tag","embeddable":true,"href":"https:\/\/induzon.com\/de\/wp-json\/wp\/v2\/product_tag?post=15933"}],"curies":[{"name":"wp","href":"https:\/\/api.w.org\/{rel}","templated":true}]}}