{"id":1741,"date":"2024-12-11T09:16:52","date_gmt":"2024-12-11T01:16:52","guid":{"rendered":"http:\/\/localhost\/product\/wetterhuette-schutzhuelle-fuer-sender-sensor-%cf%86138mm-thermometerhuette-schutzhuelle-wetterstation-wetterschutzgehaeuse-klima-weatherhub\/"},"modified":"2026-01-14T11:39:04","modified_gmt":"2026-01-14T03:39:04","slug":"wetterhuette-schutzhuelle-fuer-sender-sensor-138mm-thermometerhuette-schutzhuelle-wetterstation-wetterschutzgehaeuse-klima-weatherhub","status":"publish","type":"product","link":"https:\/\/induzon.com\/de\/produkt\/wetterhuette-schutzhuelle-fuer-sender-sensor-138mm-thermometerhuette-schutzhuelle-wetterstation-wetterschutzgehaeuse-klima-weatherhub\/","title":{"rendered":"Wetterh\u00fctte schutzh\u00fclle f\u00fcr sender sensor 138mm thermometerh\u00fctte schutzh\u00fclle wetterstation wetterschutzgeh\u00e4use klima weatherhub"},"content":{"rendered":"","protected":false},"excerpt":{"rendered":"","protected":false},"featured_media":1742,"comment_status":"open","ping_status":"closed","template":"","meta":{"site-sidebar-layout":"default","site-content-layout":"","ast-site-content-layout":"default","site-content-style":"default","site-sidebar-style":"default","ast-global-header-display":"","ast-banner-title-visibility":"","ast-main-header-display":"","ast-hfb-above-header-display":"","ast-hfb-below-header-display":"","ast-hfb-mobile-header-display":"","site-post-title":"","ast-breadcrumbs-content":"","ast-featured-img":"","footer-sml-layout":"","theme-transparent-header-meta":"default","adv-header-id-meta":"","stick-header-meta":"","header-above-stick-meta":"","header-main-stick-meta":"","header-below-stick-meta":"","astra-migrate-meta-layouts":"set","ast-page-background-enabled":"default","ast-page-background-meta":{"desktop":{"background-color":"var(--ast-global-color-4)","background-image":"","background-repeat":"repeat","background-position":"center center","background-size":"auto","background-attachment":"scroll","background-type":"","background-media":"","overlay-type":"","overlay-color":"","overlay-opacity":"","overlay-gradient":""},"tablet":{"background-color":"","background-image":"","background-repeat":"repeat","background-position":"center center","background-size":"auto","background-attachment":"scroll","background-type":"","background-media":"","overlay-type":"","overlay-color":"","overlay-opacity":"","overlay-gradient":""},"mobile":{"background-color":"","background-image":"","background-repeat":"repeat","background-position":"center center","background-size":"auto","background-attachment":"scroll","background-type":"","background-media":"","overlay-type":"","overlay-color":"","overlay-opacity":"","overlay-gradient":""}},"ast-content-background-meta":{"desktop":{"background-color":"var(--ast-global-color-5)","background-image":"","background-repeat":"repeat","background-position":"center center","background-size":"auto","background-attachment":"scroll","background-type":"","background-media":"","overlay-type":"","overlay-color":"","overlay-opacity":"","overlay-gradient":""},"tablet":{"background-color":"var(--ast-global-color-5)","background-image":"","background-repeat":"repeat","background-position":"center center","background-size":"auto","background-attachment":"scroll","background-type":"","background-media":"","overlay-type":"","overlay-color":"","overlay-opacity":"","overlay-gradient":""},"mobile":{"background-color":"var(--ast-global-color-5)","background-image":"","background-repeat":"repeat","background-position":"center center","background-size":"auto","background-attachment":"scroll","background-type":"","background-media":"","overlay-type":"","overlay-color":"","overlay-opacity":"","overlay-gradient":""}}},"product_brand":[],"product_cat":[247],"product_tag":[324],"class_list":{"0":"post-1741","1":"product","2":"type-product","3":"status-publish","4":"has-post-thumbnail","6":"product_cat-wissenschaft-temperaturmessung","7":"product_tag-jalousiekasten-mit-hangekette","8":"desktop-align-left","9":"tablet-align-left","10":"mobile-align-left","12":"first","13":"instock","14":"sale","15":"shipping-taxable","16":"purchasable","17":"product-type-variable"},"yoast_head":"<!-- This site is optimized with the Yoast SEO plugin v24.9 - https:\/\/yoast.com\/wordpress\/plugins\/seo\/ -->\r\n<title>138mm Schutzh\u00fclle f\u00fcr Sender Sensor Wetterstation -Induzon<\/title>\r\n<meta name=\"description\" content=\"Sch\u00fctzen Sie Ihre Wettermessger\u00e4te mit unserer Klima-Schutzh\u00fclle. Ideal f\u00fcr Funk-Temperatursender und alle Sensoren der Funkwetterstation.\" \/>\r\n<meta name=\"robots\" content=\"index, follow, max-snippet:-1, max-image-preview:large, max-video-preview:-1\" \/>\r\n<link rel=\"canonical\" href=\"https:\/\/induzon.com\/de\/produkt\/wetterhuette-schutzhuelle-fuer-sender-sensor-138mm-thermometerhuette-schutzhuelle-wetterstation-wetterschutzgehaeuse-klima-weatherhub\/\" \/>\r\n<meta property=\"og:locale\" content=\"de_DE\" \/>\r\n<meta property=\"og:type\" content=\"article\" \/>\r\n<meta property=\"og:title\" content=\"138mm Schutzh\u00fclle f\u00fcr Sender Sensor Wetterstation -Induzon\" \/>\r\n<meta property=\"og:description\" content=\"Sch\u00fctzen Sie Ihre Wettermessger\u00e4te mit unserer Klima-Schutzh\u00fclle. Ideal f\u00fcr Funk-Temperatursender und alle Sensoren der Funkwetterstation.\" \/>\r\n<meta property=\"og:url\" content=\"https:\/\/induzon.com\/de\/produkt\/wetterhuette-schutzhuelle-fuer-sender-sensor-138mm-thermometerhuette-schutzhuelle-wetterstation-wetterschutzgehaeuse-klima-weatherhub\/\" \/>\r\n<meta property=\"og:site_name\" content=\"induzon\" \/>\r\n<meta property=\"article:modified_time\" content=\"2026-01-14T03:39:04+00:00\" \/>\r\n<meta property=\"og:image\" content=\"https:\/\/induzon.com\/wp-content\/uploads\/2024\/12\/\u56fe\u7247-5\u5c42.jpg\" \/>\r\n\t<meta property=\"og:image:width\" content=\"1500\" \/>\r\n\t<meta property=\"og:image:height\" content=\"1500\" \/>\r\n\t<meta property=\"og:image:type\" content=\"image\/jpeg\" \/>\r\n<meta name=\"twitter:card\" content=\"summary_large_image\" \/>\r\n<meta name=\"twitter:label1\" content=\"Gesch\u00e4tzte Lesezeit\" \/>\n\t<meta name=\"twitter:data1\" content=\"1\u00a0Minute\" \/>\r\n<script type=\"application\/ld+json\" class=\"yoast-schema-graph\">{\"@context\":\"https:\/\/schema.org\",\"@graph\":[{\"@type\":\"WebPage\",\"@id\":\"https:\/\/induzon.com\/de\/produkt\/wetterhuette-schutzhuelle-fuer-sender-sensor-138mm-thermometerhuette-schutzhuelle-wetterstation-wetterschutzgehaeuse-klima-weatherhub\/\",\"url\":\"https:\/\/induzon.com\/de\/produkt\/wetterhuette-schutzhuelle-fuer-sender-sensor-138mm-thermometerhuette-schutzhuelle-wetterstation-wetterschutzgehaeuse-klima-weatherhub\/\",\"name\":\"138mm Schutzh\u00fclle f\u00fcr Sender Sensor Wetterstation -Induzon\",\"isPartOf\":{\"@id\":\"https:\/\/induzon.com\/de\/#website\"},\"primaryImageOfPage\":{\"@id\":\"https:\/\/induzon.com\/de\/produkt\/wetterhuette-schutzhuelle-fuer-sender-sensor-138mm-thermometerhuette-schutzhuelle-wetterstation-wetterschutzgehaeuse-klima-weatherhub\/#primaryimage\"},\"image\":{\"@id\":\"https:\/\/induzon.com\/de\/produkt\/wetterhuette-schutzhuelle-fuer-sender-sensor-138mm-thermometerhuette-schutzhuelle-wetterstation-wetterschutzgehaeuse-klima-weatherhub\/#primaryimage\"},\"thumbnailUrl\":\"https:\/\/induzon.com\/wp-content\/uploads\/2024\/12\/\u56fe\u7247-5\u5c42.jpg\",\"datePublished\":\"2024-12-11T01:16:52+00:00\",\"dateModified\":\"2026-01-14T03:39:04+00:00\",\"description\":\"Sch\u00fctzen Sie Ihre Wettermessger\u00e4te mit unserer Klima-Schutzh\u00fclle. Ideal f\u00fcr Funk-Temperatursender und alle Sensoren der Funkwetterstation.\",\"breadcrumb\":{\"@id\":\"https:\/\/induzon.com\/de\/produkt\/wetterhuette-schutzhuelle-fuer-sender-sensor-138mm-thermometerhuette-schutzhuelle-wetterstation-wetterschutzgehaeuse-klima-weatherhub\/#breadcrumb\"},\"inLanguage\":\"de\",\"potentialAction\":[{\"@type\":\"ReadAction\",\"target\":[\"https:\/\/induzon.com\/de\/produkt\/wetterhuette-schutzhuelle-fuer-sender-sensor-138mm-thermometerhuette-schutzhuelle-wetterstation-wetterschutzgehaeuse-klima-weatherhub\/\"]}]},{\"@type\":\"ImageObject\",\"inLanguage\":\"de\",\"@id\":\"https:\/\/induzon.com\/de\/produkt\/wetterhuette-schutzhuelle-fuer-sender-sensor-138mm-thermometerhuette-schutzhuelle-wetterstation-wetterschutzgehaeuse-klima-weatherhub\/#primaryimage\",\"url\":\"https:\/\/induzon.com\/wp-content\/uploads\/2024\/12\/\u56fe\u7247-5\u5c42.jpg\",\"contentUrl\":\"https:\/\/induzon.com\/wp-content\/uploads\/2024\/12\/\u56fe\u7247-5\u5c42.jpg\",\"width\":1500,\"height\":1500,\"caption\":\"Sch\u00fctzen Sie Ihre Wettermessger\u00e4te mit unserer Klima-Schutzh\u00fclle. Ideal f\u00fcr Funk-Temperatursender und alle Sensoren der Funkwetterstation.\"},{\"@type\":\"BreadcrumbList\",\"@id\":\"https:\/\/induzon.com\/de\/produkt\/wetterhuette-schutzhuelle-fuer-sender-sensor-138mm-thermometerhuette-schutzhuelle-wetterstation-wetterschutzgehaeuse-klima-weatherhub\/#breadcrumb\",\"itemListElement\":[{\"@type\":\"ListItem\",\"position\":1,\"name\":\"\u9996\u9875\",\"item\":\"https:\/\/induzon.com\/de\/\"},{\"@type\":\"ListItem\",\"position\":2,\"name\":\"Shop\",\"item\":\"https:\/\/induzon.com\/de\/shopde\/\"},{\"@type\":\"ListItem\",\"position\":3,\"name\":\"Wetterh\u00fctte schutzh\u00fclle f\u00fcr sender sensor 138mm thermometerh\u00fctte schutzh\u00fclle wetterstation wetterschutzgeh\u00e4use klima weatherhub\"}]},{\"@type\":\"WebSite\",\"@id\":\"https:\/\/induzon.com\/de\/#website\",\"url\":\"https:\/\/induzon.com\/de\/\",\"name\":\"induzon\",\"description\":\"\",\"publisher\":{\"@id\":\"https:\/\/induzon.com\/de\/#organization\"},\"potentialAction\":[{\"@type\":\"SearchAction\",\"target\":{\"@type\":\"EntryPoint\",\"urlTemplate\":\"https:\/\/induzon.com\/de\/?s={search_term_string}\"},\"query-input\":{\"@type\":\"PropertyValueSpecification\",\"valueRequired\":true,\"valueName\":\"search_term_string\"}}],\"inLanguage\":\"de\"},{\"@type\":\"Organization\",\"@id\":\"https:\/\/induzon.com\/de\/#organization\",\"name\":\"induzon\",\"url\":\"https:\/\/induzon.com\/de\/\",\"logo\":{\"@type\":\"ImageObject\",\"inLanguage\":\"de\",\"@id\":\"https:\/\/induzon.com\/de\/#\/schema\/logo\/image\/\",\"url\":\"https:\/\/induzon.com\/wp-content\/uploads\/2025\/05\/cropped-026.png\",\"contentUrl\":\"https:\/\/induzon.com\/wp-content\/uploads\/2025\/05\/cropped-026.png\",\"width\":512,\"height\":512,\"caption\":\"induzon\"},\"image\":{\"@id\":\"https:\/\/induzon.com\/de\/#\/schema\/logo\/image\/\"}}]}<\/script>\r\n<!-- \/ Yoast SEO plugin. -->","yoast_head_json":{"title":"138mm Schutzh\u00fclle f\u00fcr Sender Sensor Wetterstation -Induzon","description":"Sch\u00fctzen Sie Ihre Wettermessger\u00e4te mit unserer Klima-Schutzh\u00fclle. Ideal f\u00fcr Funk-Temperatursender und alle Sensoren der Funkwetterstation.","robots":{"index":"index","follow":"follow","max-snippet":"max-snippet:-1","max-image-preview":"max-image-preview:large","max-video-preview":"max-video-preview:-1"},"canonical":"https:\/\/induzon.com\/de\/produkt\/wetterhuette-schutzhuelle-fuer-sender-sensor-138mm-thermometerhuette-schutzhuelle-wetterstation-wetterschutzgehaeuse-klima-weatherhub\/","og_locale":"de_DE","og_type":"article","og_title":"138mm Schutzh\u00fclle f\u00fcr Sender Sensor Wetterstation -Induzon","og_description":"Sch\u00fctzen Sie Ihre Wettermessger\u00e4te mit unserer Klima-Schutzh\u00fclle. Ideal f\u00fcr Funk-Temperatursender und alle Sensoren der Funkwetterstation.","og_url":"https:\/\/induzon.com\/de\/produkt\/wetterhuette-schutzhuelle-fuer-sender-sensor-138mm-thermometerhuette-schutzhuelle-wetterstation-wetterschutzgehaeuse-klima-weatherhub\/","og_site_name":"induzon","article_modified_time":"2026-01-14T03:39:04+00:00","og_image":[{"width":1500,"height":1500,"url":"https:\/\/induzon.com\/wp-content\/uploads\/2024\/12\/\u56fe\u7247-5\u5c42.jpg","type":"image\/jpeg"}],"twitter_card":"summary_large_image","twitter_misc":{"Gesch\u00e4tzte Lesezeit":"1\u00a0Minute"},"schema":{"@context":"https:\/\/schema.org","@graph":[{"@type":"WebPage","@id":"https:\/\/induzon.com\/de\/produkt\/wetterhuette-schutzhuelle-fuer-sender-sensor-138mm-thermometerhuette-schutzhuelle-wetterstation-wetterschutzgehaeuse-klima-weatherhub\/","url":"https:\/\/induzon.com\/de\/produkt\/wetterhuette-schutzhuelle-fuer-sender-sensor-138mm-thermometerhuette-schutzhuelle-wetterstation-wetterschutzgehaeuse-klima-weatherhub\/","name":"138mm Schutzh\u00fclle f\u00fcr Sender Sensor Wetterstation -Induzon","isPartOf":{"@id":"https:\/\/induzon.com\/de\/#website"},"primaryImageOfPage":{"@id":"https:\/\/induzon.com\/de\/produkt\/wetterhuette-schutzhuelle-fuer-sender-sensor-138mm-thermometerhuette-schutzhuelle-wetterstation-wetterschutzgehaeuse-klima-weatherhub\/#primaryimage"},"image":{"@id":"https:\/\/induzon.com\/de\/produkt\/wetterhuette-schutzhuelle-fuer-sender-sensor-138mm-thermometerhuette-schutzhuelle-wetterstation-wetterschutzgehaeuse-klima-weatherhub\/#primaryimage"},"thumbnailUrl":"https:\/\/induzon.com\/wp-content\/uploads\/2024\/12\/\u56fe\u7247-5\u5c42.jpg","datePublished":"2024-12-11T01:16:52+00:00","dateModified":"2026-01-14T03:39:04+00:00","description":"Sch\u00fctzen Sie Ihre Wettermessger\u00e4te mit unserer Klima-Schutzh\u00fclle. Ideal f\u00fcr Funk-Temperatursender und alle Sensoren der Funkwetterstation.","breadcrumb":{"@id":"https:\/\/induzon.com\/de\/produkt\/wetterhuette-schutzhuelle-fuer-sender-sensor-138mm-thermometerhuette-schutzhuelle-wetterstation-wetterschutzgehaeuse-klima-weatherhub\/#breadcrumb"},"inLanguage":"de","potentialAction":[{"@type":"ReadAction","target":["https:\/\/induzon.com\/de\/produkt\/wetterhuette-schutzhuelle-fuer-sender-sensor-138mm-thermometerhuette-schutzhuelle-wetterstation-wetterschutzgehaeuse-klima-weatherhub\/"]}]},{"@type":"ImageObject","inLanguage":"de","@id":"https:\/\/induzon.com\/de\/produkt\/wetterhuette-schutzhuelle-fuer-sender-sensor-138mm-thermometerhuette-schutzhuelle-wetterstation-wetterschutzgehaeuse-klima-weatherhub\/#primaryimage","url":"https:\/\/induzon.com\/wp-content\/uploads\/2024\/12\/\u56fe\u7247-5\u5c42.jpg","contentUrl":"https:\/\/induzon.com\/wp-content\/uploads\/2024\/12\/\u56fe\u7247-5\u5c42.jpg","width":1500,"height":1500,"caption":"Sch\u00fctzen Sie Ihre Wettermessger\u00e4te mit unserer Klima-Schutzh\u00fclle. Ideal f\u00fcr Funk-Temperatursender und alle Sensoren der Funkwetterstation."},{"@type":"BreadcrumbList","@id":"https:\/\/induzon.com\/de\/produkt\/wetterhuette-schutzhuelle-fuer-sender-sensor-138mm-thermometerhuette-schutzhuelle-wetterstation-wetterschutzgehaeuse-klima-weatherhub\/#breadcrumb","itemListElement":[{"@type":"ListItem","position":1,"name":"\u9996\u9875","item":"https:\/\/induzon.com\/de\/"},{"@type":"ListItem","position":2,"name":"Shop","item":"https:\/\/induzon.com\/de\/shopde\/"},{"@type":"ListItem","position":3,"name":"Wetterh\u00fctte schutzh\u00fclle f\u00fcr sender sensor 138mm thermometerh\u00fctte schutzh\u00fclle wetterstation wetterschutzgeh\u00e4use klima weatherhub"}]},{"@type":"WebSite","@id":"https:\/\/induzon.com\/de\/#website","url":"https:\/\/induzon.com\/de\/","name":"induzon","description":"","publisher":{"@id":"https:\/\/induzon.com\/de\/#organization"},"potentialAction":[{"@type":"SearchAction","target":{"@type":"EntryPoint","urlTemplate":"https:\/\/induzon.com\/de\/?s={search_term_string}"},"query-input":{"@type":"PropertyValueSpecification","valueRequired":true,"valueName":"search_term_string"}}],"inLanguage":"de"},{"@type":"Organization","@id":"https:\/\/induzon.com\/de\/#organization","name":"induzon","url":"https:\/\/induzon.com\/de\/","logo":{"@type":"ImageObject","inLanguage":"de","@id":"https:\/\/induzon.com\/de\/#\/schema\/logo\/image\/","url":"https:\/\/induzon.com\/wp-content\/uploads\/2025\/05\/cropped-026.png","contentUrl":"https:\/\/induzon.com\/wp-content\/uploads\/2025\/05\/cropped-026.png","width":512,"height":512,"caption":"induzon"},"image":{"@id":"https:\/\/induzon.com\/de\/#\/schema\/logo\/image\/"}}]}},"_links":{"self":[{"href":"https:\/\/induzon.com\/de\/wp-json\/wp\/v2\/product\/1741","targetHints":{"allow":["GET"]}}],"collection":[{"href":"https:\/\/induzon.com\/de\/wp-json\/wp\/v2\/product"}],"about":[{"href":"https:\/\/induzon.com\/de\/wp-json\/wp\/v2\/types\/product"}],"replies":[{"embeddable":true,"href":"https:\/\/induzon.com\/de\/wp-json\/wp\/v2\/comments?post=1741"}],"version-history":[{"count":4,"href":"https:\/\/induzon.com\/de\/wp-json\/wp\/v2\/product\/1741\/revisions"}],"predecessor-version":[{"id":32985,"href":"https:\/\/induzon.com\/de\/wp-json\/wp\/v2\/product\/1741\/revisions\/32985"}],"wp:featuredmedia":[{"embeddable":true,"href":"https:\/\/induzon.com\/de\/wp-json\/wp\/v2\/media\/1742"}],"wp:attachment":[{"href":"https:\/\/induzon.com\/de\/wp-json\/wp\/v2\/media?parent=1741"}],"wp:term":[{"taxonomy":"product_brand","embeddable":true,"href":"https:\/\/induzon.com\/de\/wp-json\/wp\/v2\/product_brand?post=1741"},{"taxonomy":"product_cat","embeddable":true,"href":"https:\/\/induzon.com\/de\/wp-json\/wp\/v2\/product_cat?post=1741"},{"taxonomy":"product_tag","embeddable":true,"href":"https:\/\/induzon.com\/de\/wp-json\/wp\/v2\/product_tag?post=1741"}],"curies":[{"name":"wp","href":"https:\/\/api.w.org\/{rel}","templated":true}]}}