{"id":17999,"date":"2025-07-10T15:54:48","date_gmt":"2025-07-10T07:54:48","guid":{"rendered":"https:\/\/induzon.com\/shop\/loetrauchabsaugung-trichter-fuer-schweissrauchabsauger-absaughaube-industrie-aus-kunststoff-absaugstutzen-loetrauchabzug-schweisstisch-absaugung-absaugarme-staub-schweissrauch-hochvakuumabsaugung-mo-4\/"},"modified":"2025-12-30T14:37:17","modified_gmt":"2025-12-30T06:37:17","slug":"loetrauchabsaugung-trichter-fuer-schweissrauchabsauger-absaughaube-industrie-aus-kunststoff-absaugstutzen-loetrauchabzug-schweisstisch-absaugung-absaugarme-staub-schweissrauch-hochvakuumabsaugung-mo-4","status":"publish","type":"product","link":"https:\/\/induzon.com\/de\/produkt\/loetrauchabsaugung-trichter-fuer-schweissrauchabsauger-absaughaube-industrie-aus-kunststoff-absaugstutzen-loetrauchabzug-schweisstisch-absaugung-absaugarme-staub-schweissrauch-hochvakuumabsaugung-mo-4\/","title":{"rendered":"L\u00f6trauchabsaugung Trichter f\u00fcr Schwei\u00dfrauchabsauger Absaughaube Industrie aus Kunststoff Absaugstutzen L\u00f6trauchabzug Schwei\u00dftisch Absaugung Absaugarme Staub Schwei\u00dfrauch Hochvakuumabsaugung mobile L\u00f6trauchabsaugung Absaugvorrichtung Adapter Bohrmaschine Kreiss\u00e4ge Lackierkabine werkstatt winkelschleifer flex l\u00f6tstation Abluft\u00f6ffnungsabdeckung Labordrehlufthaube aus PP"},"content":{"rendered":"<p>1.Hochwertige Laserrauchabsaugd\u00fcse f\u00fcr pr\u00e4zise und effiziente Rauchextraktion<br \/>\n2.Robuste Kunststoffbauweise f\u00fcr langlebige Leistung im industriellen Einsatz<br \/>\n3.Ideal f\u00fcr Schwei\u00dfrauchabsaugung, Bel\u00fcftung und industrielle Entl\u00fcftungsanwendungen<br \/>\n4.Einfache Montage und vielseitige Anpassung an verschiedene Absaugsysteme<br \/>\n5.Optimierte D\u00fcsenform f\u00fcr maximale Absaugleistung und geringen Luftwiderstand<\/p>\n","protected":false},"excerpt":{"rendered":"<p>1.Hochwertige Laserrauchabsaugd\u00fcse f\u00fcr pr\u00e4zise und effiziente Rauchextraktion 2.Robuste Kunststoffbauweise f\u00fcr langlebige Leistung im industriellen Einsatz 3.Ideal f\u00fcr Schwei\u00dfrauchabsaugung, Bel\u00fcftung und [&hellip;]<\/p>\n","protected":false},"featured_media":17964,"comment_status":"open","ping_status":"closed","template":"","meta":{"site-sidebar-layout":"default","site-content-layout":"","ast-site-content-layout":"default","site-content-style":"default","site-sidebar-style":"default","ast-global-header-display":"","ast-banner-title-visibility":"","ast-main-header-display":"","ast-hfb-above-header-display":"","ast-hfb-below-header-display":"","ast-hfb-mobile-header-display":"","site-post-title":"","ast-breadcrumbs-content":"","ast-featured-img":"","footer-sml-layout":"","theme-transparent-header-meta":"default","adv-header-id-meta":"","stick-header-meta":"","header-above-stick-meta":"","header-main-stick-meta":"","header-below-stick-meta":"","astra-migrate-meta-layouts":"set","ast-page-background-enabled":"default","ast-page-background-meta":{"desktop":{"background-color":"var(--ast-global-color-4)","background-image":"","background-repeat":"repeat","background-position":"center center","background-size":"auto","background-attachment":"scroll","background-type":"","background-media":"","overlay-type":"","overlay-color":"","overlay-opacity":"","overlay-gradient":""},"tablet":{"background-color":"","background-image":"","background-repeat":"repeat","background-position":"center center","background-size":"auto","background-attachment":"scroll","background-type":"","background-media":"","overlay-type":"","overlay-color":"","overlay-opacity":"","overlay-gradient":""},"mobile":{"background-color":"","background-image":"","background-repeat":"repeat","background-position":"center center","background-size":"auto","background-attachment":"scroll","background-type":"","background-media":"","overlay-type":"","overlay-color":"","overlay-opacity":"","overlay-gradient":""}},"ast-content-background-meta":{"desktop":{"background-color":"var(--ast-global-color-5)","background-image":"","background-repeat":"repeat","background-position":"center center","background-size":"auto","background-attachment":"scroll","background-type":"","background-media":"","overlay-type":"","overlay-color":"","overlay-opacity":"","overlay-gradient":""},"tablet":{"background-color":"var(--ast-global-color-5)","background-image":"","background-repeat":"repeat","background-position":"center center","background-size":"auto","background-attachment":"scroll","background-type":"","background-media":"","overlay-type":"","overlay-color":"","overlay-opacity":"","overlay-gradient":""},"mobile":{"background-color":"var(--ast-global-color-5)","background-image":"","background-repeat":"repeat","background-position":"center center","background-size":"auto","background-attachment":"scroll","background-type":"","background-media":"","overlay-type":"","overlay-color":"","overlay-opacity":"","overlay-gradient":""}}},"product_brand":[],"product_cat":[1041,1514],"product_tag":[1515],"class_list":{"0":"post-17999","1":"product","2":"type-product","3":"status-publish","4":"has-post-thumbnail","6":"product_cat-industrielle-und-kommerzielle-ausrustung","7":"product_cat-zubehor-fur-die-rauchgasreinigung","8":"product_tag-ausrustung-fur-die-rauchabsaugung","9":"desktop-align-left","10":"tablet-align-left","11":"mobile-align-left","13":"first","14":"instock","15":"sale","16":"shipping-taxable","17":"purchasable","18":"product-type-variable"},"yoast_head":"<!-- This site is optimized with the Yoast SEO plugin v24.9 - https:\/\/yoast.com\/wordpress\/plugins\/seo\/ -->\r\n<title>L\u00f6trauchabsaugung mit Absaugsystem f\u00fcr Schwei\u00dftisch<\/title>\r\n<meta name=\"description\" content=\"L\u00f6trauchabsaugung mit Absaughaube f\u00fcr Winkelschleifer, Absaugtrichter, und mobilen Systemen f\u00fcr effiziente Rauchkontrolle in Werkst\u00e4tten.\" \/>\r\n<meta name=\"robots\" content=\"index, follow, max-snippet:-1, max-image-preview:large, max-video-preview:-1\" \/>\r\n<link rel=\"canonical\" href=\"https:\/\/induzon.com\/de\/produkt\/loetrauchabsaugung-trichter-fuer-schweissrauchabsauger-absaughaube-industrie-aus-kunststoff-absaugstutzen-loetrauchabzug-schweisstisch-absaugung-absaugarme-staub-schweissrauch-hochvakuumabsaugung-mo-4\/\" \/>\r\n<meta property=\"og:locale\" content=\"de_DE\" \/>\r\n<meta property=\"og:type\" content=\"article\" \/>\r\n<meta property=\"og:title\" content=\"L\u00f6trauchabsaugung mit Absaugsystem f\u00fcr Schwei\u00dftisch\" \/>\r\n<meta property=\"og:description\" content=\"L\u00f6trauchabsaugung mit Absaughaube f\u00fcr Winkelschleifer, Absaugtrichter, und mobilen Systemen f\u00fcr effiziente Rauchkontrolle in Werkst\u00e4tten.\" \/>\r\n<meta property=\"og:url\" content=\"https:\/\/induzon.com\/de\/produkt\/loetrauchabsaugung-trichter-fuer-schweissrauchabsauger-absaughaube-industrie-aus-kunststoff-absaugstutzen-loetrauchabzug-schweisstisch-absaugung-absaugarme-staub-schweissrauch-hochvakuumabsaugung-mo-4\/\" \/>\r\n<meta property=\"og:site_name\" content=\"induzon\" \/>\r\n<meta property=\"article:modified_time\" content=\"2025-12-30T06:37:17+00:00\" \/>\r\n<meta property=\"og:image\" content=\"https:\/\/induzon.com\/wp-content\/uploads\/2025\/07\/\u56fe-2-9.jpg\" \/>\r\n\t<meta property=\"og:image:width\" content=\"1500\" \/>\r\n\t<meta property=\"og:image:height\" content=\"1500\" \/>\r\n\t<meta property=\"og:image:type\" content=\"image\/jpeg\" \/>\r\n<meta name=\"twitter:card\" content=\"summary_large_image\" \/>\r\n<meta name=\"twitter:label1\" content=\"Gesch\u00e4tzte Lesezeit\" \/>\n\t<meta name=\"twitter:data1\" content=\"1\u00a0Minute\" \/>\r\n<script type=\"application\/ld+json\" class=\"yoast-schema-graph\">{\"@context\":\"https:\/\/schema.org\",\"@graph\":[{\"@type\":\"WebPage\",\"@id\":\"https:\/\/induzon.com\/de\/produkt\/loetrauchabsaugung-trichter-fuer-schweissrauchabsauger-absaughaube-industrie-aus-kunststoff-absaugstutzen-loetrauchabzug-schweisstisch-absaugung-absaugarme-staub-schweissrauch-hochvakuumabsaugung-mo-4\/\",\"url\":\"https:\/\/induzon.com\/de\/produkt\/loetrauchabsaugung-trichter-fuer-schweissrauchabsauger-absaughaube-industrie-aus-kunststoff-absaugstutzen-loetrauchabzug-schweisstisch-absaugung-absaugarme-staub-schweissrauch-hochvakuumabsaugung-mo-4\/\",\"name\":\"L\u00f6trauchabsaugung mit Absaugsystem f\u00fcr Schwei\u00dftisch\",\"isPartOf\":{\"@id\":\"https:\/\/induzon.com\/de\/#website\"},\"primaryImageOfPage\":{\"@id\":\"https:\/\/induzon.com\/de\/produkt\/loetrauchabsaugung-trichter-fuer-schweissrauchabsauger-absaughaube-industrie-aus-kunststoff-absaugstutzen-loetrauchabzug-schweisstisch-absaugung-absaugarme-staub-schweissrauch-hochvakuumabsaugung-mo-4\/#primaryimage\"},\"image\":{\"@id\":\"https:\/\/induzon.com\/de\/produkt\/loetrauchabsaugung-trichter-fuer-schweissrauchabsauger-absaughaube-industrie-aus-kunststoff-absaugstutzen-loetrauchabzug-schweisstisch-absaugung-absaugarme-staub-schweissrauch-hochvakuumabsaugung-mo-4\/#primaryimage\"},\"thumbnailUrl\":\"https:\/\/induzon.com\/wp-content\/uploads\/2025\/07\/\u56fe-2-9.jpg\",\"datePublished\":\"2025-07-10T07:54:48+00:00\",\"dateModified\":\"2025-12-30T06:37:17+00:00\",\"description\":\"L\u00f6trauchabsaugung mit Absaughaube f\u00fcr Winkelschleifer, Absaugtrichter, und mobilen Systemen f\u00fcr effiziente Rauchkontrolle in Werkst\u00e4tten.\",\"breadcrumb\":{\"@id\":\"https:\/\/induzon.com\/de\/produkt\/loetrauchabsaugung-trichter-fuer-schweissrauchabsauger-absaughaube-industrie-aus-kunststoff-absaugstutzen-loetrauchabzug-schweisstisch-absaugung-absaugarme-staub-schweissrauch-hochvakuumabsaugung-mo-4\/#breadcrumb\"},\"inLanguage\":\"de\",\"potentialAction\":[{\"@type\":\"ReadAction\",\"target\":[\"https:\/\/induzon.com\/de\/produkt\/loetrauchabsaugung-trichter-fuer-schweissrauchabsauger-absaughaube-industrie-aus-kunststoff-absaugstutzen-loetrauchabzug-schweisstisch-absaugung-absaugarme-staub-schweissrauch-hochvakuumabsaugung-mo-4\/\"]}]},{\"@type\":\"ImageObject\",\"inLanguage\":\"de\",\"@id\":\"https:\/\/induzon.com\/de\/produkt\/loetrauchabsaugung-trichter-fuer-schweissrauchabsauger-absaughaube-industrie-aus-kunststoff-absaugstutzen-loetrauchabzug-schweisstisch-absaugung-absaugarme-staub-schweissrauch-hochvakuumabsaugung-mo-4\/#primaryimage\",\"url\":\"https:\/\/induzon.com\/wp-content\/uploads\/2025\/07\/\u56fe-2-9.jpg\",\"contentUrl\":\"https:\/\/induzon.com\/wp-content\/uploads\/2025\/07\/\u56fe-2-9.jpg\",\"width\":1500,\"height\":1500,\"caption\":\"L\u00f6trauchabsaugung mit Absaughaube f\u00fcr Winkelschleifer, Absaugtrichter, und mobilen Systemen f\u00fcr effiziente Rauchkontrolle in Werkst\u00e4tten.\"},{\"@type\":\"BreadcrumbList\",\"@id\":\"https:\/\/induzon.com\/de\/produkt\/loetrauchabsaugung-trichter-fuer-schweissrauchabsauger-absaughaube-industrie-aus-kunststoff-absaugstutzen-loetrauchabzug-schweisstisch-absaugung-absaugarme-staub-schweissrauch-hochvakuumabsaugung-mo-4\/#breadcrumb\",\"itemListElement\":[{\"@type\":\"ListItem\",\"position\":1,\"name\":\"\u9996\u9875\",\"item\":\"https:\/\/induzon.com\/de\/\"},{\"@type\":\"ListItem\",\"position\":2,\"name\":\"Shop\",\"item\":\"https:\/\/induzon.com\/de\/shopde\/\"},{\"@type\":\"ListItem\",\"position\":3,\"name\":\"L\u00f6trauchabsaugung Trichter f\u00fcr Schwei\u00dfrauchabsauger Absaughaube Industrie aus Kunststoff Absaugstutzen L\u00f6trauchabzug Schwei\u00dftisch Absaugung Absaugarme Staub Schwei\u00dfrauch Hochvakuumabsaugung mobile L\u00f6trauchabsaugung Absaugvorrichtung Adapter Bohrmaschine Kreiss\u00e4ge Lackierkabine werkstatt winkelschleifer flex l\u00f6tstation Abluft\u00f6ffnungsabdeckung Labordrehlufthaube aus PP\"}]},{\"@type\":\"WebSite\",\"@id\":\"https:\/\/induzon.com\/de\/#website\",\"url\":\"https:\/\/induzon.com\/de\/\",\"name\":\"induzon\",\"description\":\"\",\"publisher\":{\"@id\":\"https:\/\/induzon.com\/de\/#organization\"},\"potentialAction\":[{\"@type\":\"SearchAction\",\"target\":{\"@type\":\"EntryPoint\",\"urlTemplate\":\"https:\/\/induzon.com\/de\/?s={search_term_string}\"},\"query-input\":{\"@type\":\"PropertyValueSpecification\",\"valueRequired\":true,\"valueName\":\"search_term_string\"}}],\"inLanguage\":\"de\"},{\"@type\":\"Organization\",\"@id\":\"https:\/\/induzon.com\/de\/#organization\",\"name\":\"induzon\",\"url\":\"https:\/\/induzon.com\/de\/\",\"logo\":{\"@type\":\"ImageObject\",\"inLanguage\":\"de\",\"@id\":\"https:\/\/induzon.com\/de\/#\/schema\/logo\/image\/\",\"url\":\"https:\/\/induzon.com\/wp-content\/uploads\/2025\/05\/cropped-026.png\",\"contentUrl\":\"https:\/\/induzon.com\/wp-content\/uploads\/2025\/05\/cropped-026.png\",\"width\":512,\"height\":512,\"caption\":\"induzon\"},\"image\":{\"@id\":\"https:\/\/induzon.com\/de\/#\/schema\/logo\/image\/\"}}]}<\/script>\r\n<!-- \/ Yoast SEO plugin. -->","yoast_head_json":{"title":"L\u00f6trauchabsaugung mit Absaugsystem f\u00fcr Schwei\u00dftisch","description":"L\u00f6trauchabsaugung mit Absaughaube f\u00fcr Winkelschleifer, Absaugtrichter, und mobilen Systemen f\u00fcr effiziente Rauchkontrolle in Werkst\u00e4tten.","robots":{"index":"index","follow":"follow","max-snippet":"max-snippet:-1","max-image-preview":"max-image-preview:large","max-video-preview":"max-video-preview:-1"},"canonical":"https:\/\/induzon.com\/de\/produkt\/loetrauchabsaugung-trichter-fuer-schweissrauchabsauger-absaughaube-industrie-aus-kunststoff-absaugstutzen-loetrauchabzug-schweisstisch-absaugung-absaugarme-staub-schweissrauch-hochvakuumabsaugung-mo-4\/","og_locale":"de_DE","og_type":"article","og_title":"L\u00f6trauchabsaugung mit Absaugsystem f\u00fcr Schwei\u00dftisch","og_description":"L\u00f6trauchabsaugung mit Absaughaube f\u00fcr Winkelschleifer, Absaugtrichter, und mobilen Systemen f\u00fcr effiziente Rauchkontrolle in Werkst\u00e4tten.","og_url":"https:\/\/induzon.com\/de\/produkt\/loetrauchabsaugung-trichter-fuer-schweissrauchabsauger-absaughaube-industrie-aus-kunststoff-absaugstutzen-loetrauchabzug-schweisstisch-absaugung-absaugarme-staub-schweissrauch-hochvakuumabsaugung-mo-4\/","og_site_name":"induzon","article_modified_time":"2025-12-30T06:37:17+00:00","og_image":[{"width":1500,"height":1500,"url":"https:\/\/induzon.com\/wp-content\/uploads\/2025\/07\/\u56fe-2-9.jpg","type":"image\/jpeg"}],"twitter_card":"summary_large_image","twitter_misc":{"Gesch\u00e4tzte Lesezeit":"1\u00a0Minute"},"schema":{"@context":"https:\/\/schema.org","@graph":[{"@type":"WebPage","@id":"https:\/\/induzon.com\/de\/produkt\/loetrauchabsaugung-trichter-fuer-schweissrauchabsauger-absaughaube-industrie-aus-kunststoff-absaugstutzen-loetrauchabzug-schweisstisch-absaugung-absaugarme-staub-schweissrauch-hochvakuumabsaugung-mo-4\/","url":"https:\/\/induzon.com\/de\/produkt\/loetrauchabsaugung-trichter-fuer-schweissrauchabsauger-absaughaube-industrie-aus-kunststoff-absaugstutzen-loetrauchabzug-schweisstisch-absaugung-absaugarme-staub-schweissrauch-hochvakuumabsaugung-mo-4\/","name":"L\u00f6trauchabsaugung mit Absaugsystem f\u00fcr Schwei\u00dftisch","isPartOf":{"@id":"https:\/\/induzon.com\/de\/#website"},"primaryImageOfPage":{"@id":"https:\/\/induzon.com\/de\/produkt\/loetrauchabsaugung-trichter-fuer-schweissrauchabsauger-absaughaube-industrie-aus-kunststoff-absaugstutzen-loetrauchabzug-schweisstisch-absaugung-absaugarme-staub-schweissrauch-hochvakuumabsaugung-mo-4\/#primaryimage"},"image":{"@id":"https:\/\/induzon.com\/de\/produkt\/loetrauchabsaugung-trichter-fuer-schweissrauchabsauger-absaughaube-industrie-aus-kunststoff-absaugstutzen-loetrauchabzug-schweisstisch-absaugung-absaugarme-staub-schweissrauch-hochvakuumabsaugung-mo-4\/#primaryimage"},"thumbnailUrl":"https:\/\/induzon.com\/wp-content\/uploads\/2025\/07\/\u56fe-2-9.jpg","datePublished":"2025-07-10T07:54:48+00:00","dateModified":"2025-12-30T06:37:17+00:00","description":"L\u00f6trauchabsaugung mit Absaughaube f\u00fcr Winkelschleifer, Absaugtrichter, und mobilen Systemen f\u00fcr effiziente Rauchkontrolle in Werkst\u00e4tten.","breadcrumb":{"@id":"https:\/\/induzon.com\/de\/produkt\/loetrauchabsaugung-trichter-fuer-schweissrauchabsauger-absaughaube-industrie-aus-kunststoff-absaugstutzen-loetrauchabzug-schweisstisch-absaugung-absaugarme-staub-schweissrauch-hochvakuumabsaugung-mo-4\/#breadcrumb"},"inLanguage":"de","potentialAction":[{"@type":"ReadAction","target":["https:\/\/induzon.com\/de\/produkt\/loetrauchabsaugung-trichter-fuer-schweissrauchabsauger-absaughaube-industrie-aus-kunststoff-absaugstutzen-loetrauchabzug-schweisstisch-absaugung-absaugarme-staub-schweissrauch-hochvakuumabsaugung-mo-4\/"]}]},{"@type":"ImageObject","inLanguage":"de","@id":"https:\/\/induzon.com\/de\/produkt\/loetrauchabsaugung-trichter-fuer-schweissrauchabsauger-absaughaube-industrie-aus-kunststoff-absaugstutzen-loetrauchabzug-schweisstisch-absaugung-absaugarme-staub-schweissrauch-hochvakuumabsaugung-mo-4\/#primaryimage","url":"https:\/\/induzon.com\/wp-content\/uploads\/2025\/07\/\u56fe-2-9.jpg","contentUrl":"https:\/\/induzon.com\/wp-content\/uploads\/2025\/07\/\u56fe-2-9.jpg","width":1500,"height":1500,"caption":"L\u00f6trauchabsaugung mit Absaughaube f\u00fcr Winkelschleifer, Absaugtrichter, und mobilen Systemen f\u00fcr effiziente Rauchkontrolle in Werkst\u00e4tten."},{"@type":"BreadcrumbList","@id":"https:\/\/induzon.com\/de\/produkt\/loetrauchabsaugung-trichter-fuer-schweissrauchabsauger-absaughaube-industrie-aus-kunststoff-absaugstutzen-loetrauchabzug-schweisstisch-absaugung-absaugarme-staub-schweissrauch-hochvakuumabsaugung-mo-4\/#breadcrumb","itemListElement":[{"@type":"ListItem","position":1,"name":"\u9996\u9875","item":"https:\/\/induzon.com\/de\/"},{"@type":"ListItem","position":2,"name":"Shop","item":"https:\/\/induzon.com\/de\/shopde\/"},{"@type":"ListItem","position":3,"name":"L\u00f6trauchabsaugung Trichter f\u00fcr Schwei\u00dfrauchabsauger Absaughaube Industrie aus Kunststoff Absaugstutzen L\u00f6trauchabzug Schwei\u00dftisch Absaugung Absaugarme Staub Schwei\u00dfrauch Hochvakuumabsaugung mobile L\u00f6trauchabsaugung Absaugvorrichtung Adapter Bohrmaschine Kreiss\u00e4ge Lackierkabine werkstatt winkelschleifer flex l\u00f6tstation Abluft\u00f6ffnungsabdeckung Labordrehlufthaube aus PP"}]},{"@type":"WebSite","@id":"https:\/\/induzon.com\/de\/#website","url":"https:\/\/induzon.com\/de\/","name":"induzon","description":"","publisher":{"@id":"https:\/\/induzon.com\/de\/#organization"},"potentialAction":[{"@type":"SearchAction","target":{"@type":"EntryPoint","urlTemplate":"https:\/\/induzon.com\/de\/?s={search_term_string}"},"query-input":{"@type":"PropertyValueSpecification","valueRequired":true,"valueName":"search_term_string"}}],"inLanguage":"de"},{"@type":"Organization","@id":"https:\/\/induzon.com\/de\/#organization","name":"induzon","url":"https:\/\/induzon.com\/de\/","logo":{"@type":"ImageObject","inLanguage":"de","@id":"https:\/\/induzon.com\/de\/#\/schema\/logo\/image\/","url":"https:\/\/induzon.com\/wp-content\/uploads\/2025\/05\/cropped-026.png","contentUrl":"https:\/\/induzon.com\/wp-content\/uploads\/2025\/05\/cropped-026.png","width":512,"height":512,"caption":"induzon"},"image":{"@id":"https:\/\/induzon.com\/de\/#\/schema\/logo\/image\/"}}]}},"_links":{"self":[{"href":"https:\/\/induzon.com\/de\/wp-json\/wp\/v2\/product\/17999","targetHints":{"allow":["GET"]}}],"collection":[{"href":"https:\/\/induzon.com\/de\/wp-json\/wp\/v2\/product"}],"about":[{"href":"https:\/\/induzon.com\/de\/wp-json\/wp\/v2\/types\/product"}],"replies":[{"embeddable":true,"href":"https:\/\/induzon.com\/de\/wp-json\/wp\/v2\/comments?post=17999"}],"version-history":[{"count":2,"href":"https:\/\/induzon.com\/de\/wp-json\/wp\/v2\/product\/17999\/revisions"}],"predecessor-version":[{"id":31603,"href":"https:\/\/induzon.com\/de\/wp-json\/wp\/v2\/product\/17999\/revisions\/31603"}],"wp:featuredmedia":[{"embeddable":true,"href":"https:\/\/induzon.com\/de\/wp-json\/wp\/v2\/media\/17964"}],"wp:attachment":[{"href":"https:\/\/induzon.com\/de\/wp-json\/wp\/v2\/media?parent=17999"}],"wp:term":[{"taxonomy":"product_brand","embeddable":true,"href":"https:\/\/induzon.com\/de\/wp-json\/wp\/v2\/product_brand?post=17999"},{"taxonomy":"product_cat","embeddable":true,"href":"https:\/\/induzon.com\/de\/wp-json\/wp\/v2\/product_cat?post=17999"},{"taxonomy":"product_tag","embeddable":true,"href":"https:\/\/induzon.com\/de\/wp-json\/wp\/v2\/product_tag?post=17999"}],"curies":[{"name":"wp","href":"https:\/\/api.w.org\/{rel}","templated":true}]}}