{"id":19467,"date":"2025-07-21T10:50:44","date_gmt":"2025-07-21T02:50:44","guid":{"rendered":"https:\/\/induzon.com\/shop\/hydraulikoelkuehler-mit-luefter-fuer-minibagger-hydraulikoelkuehler-mit-doppelluefter-oelkuehler-hydraulik-12v-luftkuehler-hydraulik-oel-luftkuehler-oelkuehler-set-waermetauscher-traktor-universal-bag\/"},"modified":"2025-12-27T11:30:39","modified_gmt":"2025-12-27T03:30:39","slug":"hydraulikoelkuehler-mit-luefter-fuer-minibagger-hydraulikoelkuehler-mit-doppelluefter-oelkuehler-hydraulik-12v-luftkuehler-hydraulik-oel-luftkuehler-oelkuehler-set-waermetauscher-traktor-universal-bag","status":"publish","type":"product","link":"https:\/\/induzon.com\/de\/produkt\/hydraulikoelkuehler-mit-luefter-fuer-minibagger-hydraulikoelkuehler-mit-doppelluefter-oelkuehler-hydraulik-12v-luftkuehler-hydraulik-oel-luftkuehler-oelkuehler-set-waermetauscher-traktor-universal-bag\/","title":{"rendered":"hydraulik\u00f6lk\u00fchler mit l\u00fcfter f\u00fcr minibagger Hydraulik\u00f6lk\u00fchler mit Doppell\u00fcfter \u00f6lk\u00fchler hydraulik 12v luftk\u00fchler hydraulik \u00f6l luftk\u00fchler \u00f6lk\u00fchler set w\u00e4rmetauscher traktor universal bagger motorrad holzspalter motortuning"},"content":{"rendered":"<p>1.Effiziente Hydraulik\u00f6lk\u00fchlung mit leistungsstarkem 12-V-L\u00fcfter f\u00fcr optimale K\u00fchlleistung<br \/>\n2.Speziell entwickelt f\u00fcr Mini-Bagger, sorgt f\u00fcr eine stabile Betriebstemperatur des Hydrauliksystems<br \/>\n3.Robustes und langlebiges Design, ideal f\u00fcr den Einsatz in Fahrzeugen, Traktoren und Mini-Baggern<br \/>\n4.Einfache Installation als Nachr\u00fcst-Kit, passend f\u00fcr verschiedene Modelle von Mini-Baggern<br \/>\n5.Verbessert die Lebensdauer des Hydraulik\u00f6ls und reduziert Wartungskosten durch effektive K\u00fchlung<\/p>\n","protected":false},"excerpt":{"rendered":"<p>1.Effiziente Hydraulik\u00f6lk\u00fchlung mit leistungsstarkem 12-V-L\u00fcfter f\u00fcr optimale K\u00fchlleistung 2.Speziell entwickelt f\u00fcr Mini-Bagger, sorgt f\u00fcr eine stabile Betriebstemperatur des Hydrauliksystems 3.Robustes [&hellip;]<\/p>\n","protected":false},"featured_media":19351,"comment_status":"open","ping_status":"closed","template":"","meta":{"site-sidebar-layout":"default","site-content-layout":"","ast-site-content-layout":"default","site-content-style":"default","site-sidebar-style":"default","ast-global-header-display":"","ast-banner-title-visibility":"","ast-main-header-display":"","ast-hfb-above-header-display":"","ast-hfb-below-header-display":"","ast-hfb-mobile-header-display":"","site-post-title":"","ast-breadcrumbs-content":"","ast-featured-img":"","footer-sml-layout":"","theme-transparent-header-meta":"default","adv-header-id-meta":"","stick-header-meta":"","header-above-stick-meta":"","header-main-stick-meta":"","header-below-stick-meta":"","astra-migrate-meta-layouts":"set","ast-page-background-enabled":"default","ast-page-background-meta":{"desktop":{"background-color":"var(--ast-global-color-4)","background-image":"","background-repeat":"repeat","background-position":"center center","background-size":"auto","background-attachment":"scroll","background-type":"","background-media":"","overlay-type":"","overlay-color":"","overlay-opacity":"","overlay-gradient":""},"tablet":{"background-color":"","background-image":"","background-repeat":"repeat","background-position":"center center","background-size":"auto","background-attachment":"scroll","background-type":"","background-media":"","overlay-type":"","overlay-color":"","overlay-opacity":"","overlay-gradient":""},"mobile":{"background-color":"","background-image":"","background-repeat":"repeat","background-position":"center center","background-size":"auto","background-attachment":"scroll","background-type":"","background-media":"","overlay-type":"","overlay-color":"","overlay-opacity":"","overlay-gradient":""}},"ast-content-background-meta":{"desktop":{"background-color":"var(--ast-global-color-5)","background-image":"","background-repeat":"repeat","background-position":"center center","background-size":"auto","background-attachment":"scroll","background-type":"","background-media":"","overlay-type":"","overlay-color":"","overlay-opacity":"","overlay-gradient":""},"tablet":{"background-color":"var(--ast-global-color-5)","background-image":"","background-repeat":"repeat","background-position":"center center","background-size":"auto","background-attachment":"scroll","background-type":"","background-media":"","overlay-type":"","overlay-color":"","overlay-opacity":"","overlay-gradient":""},"mobile":{"background-color":"var(--ast-global-color-5)","background-image":"","background-repeat":"repeat","background-position":"center center","background-size":"auto","background-attachment":"scroll","background-type":"","background-media":"","overlay-type":"","overlay-color":"","overlay-opacity":"","overlay-gradient":""}}},"product_brand":[],"product_cat":[1597,1596,1598],"product_tag":[1599],"class_list":{"0":"post-19467","1":"product","2":"type-product","3":"status-publish","4":"has-post-thumbnail","6":"product_cat-kuhlsystem","7":"product_cat-maschinen-und-industrieerzeugnisse","8":"product_cat-olkuhler","9":"product_tag-luftkuhler","10":"desktop-align-left","11":"tablet-align-left","12":"mobile-align-left","14":"first","15":"instock","16":"sale","17":"shipping-taxable","18":"purchasable","19":"product-type-variable"},"yoast_head":"<!-- This site is optimized with the Yoast SEO plugin v24.9 - https:\/\/yoast.com\/wordpress\/plugins\/seo\/ -->\r\n<title>hydraulik\u00f6lk\u00fchler mit l\u00fcfter f\u00fcr minibagger \u00f6lk\u00fchler hydraulik 12v<\/title>\r\n<meta name=\"description\" content=\"Hydraulik\u00f6lk\u00fchler mit L\u00fcfter f\u00fcr Bagger. \u00d6lk\u00fchler-Sets, Luftk\u00fchler, W\u00e4rmetauscher f\u00fcr Holzspalter und Industrie.\" \/>\r\n<meta name=\"robots\" content=\"index, follow, max-snippet:-1, max-image-preview:large, max-video-preview:-1\" \/>\r\n<link rel=\"canonical\" href=\"https:\/\/induzon.com\/de\/produkt\/hydraulikoelkuehler-mit-luefter-fuer-minibagger-hydraulikoelkuehler-mit-doppelluefter-oelkuehler-hydraulik-12v-luftkuehler-hydraulik-oel-luftkuehler-oelkuehler-set-waermetauscher-traktor-universal-bag\/\" \/>\r\n<meta property=\"og:locale\" content=\"de_DE\" \/>\r\n<meta property=\"og:type\" content=\"article\" \/>\r\n<meta property=\"og:title\" content=\"hydraulik\u00f6lk\u00fchler mit l\u00fcfter f\u00fcr minibagger \u00f6lk\u00fchler hydraulik 12v\" \/>\r\n<meta property=\"og:description\" content=\"Hydraulik\u00f6lk\u00fchler mit L\u00fcfter f\u00fcr Bagger. \u00d6lk\u00fchler-Sets, Luftk\u00fchler, W\u00e4rmetauscher f\u00fcr Holzspalter und Industrie.\" \/>\r\n<meta property=\"og:url\" content=\"https:\/\/induzon.com\/de\/produkt\/hydraulikoelkuehler-mit-luefter-fuer-minibagger-hydraulikoelkuehler-mit-doppelluefter-oelkuehler-hydraulik-12v-luftkuehler-hydraulik-oel-luftkuehler-oelkuehler-set-waermetauscher-traktor-universal-bag\/\" \/>\r\n<meta property=\"og:site_name\" content=\"induzon\" \/>\r\n<meta property=\"article:modified_time\" content=\"2025-12-27T03:30:39+00:00\" \/>\r\n<meta property=\"og:image\" content=\"https:\/\/induzon.com\/wp-content\/uploads\/2025\/07\/\u56fe-1-16.jpg\" \/>\r\n\t<meta property=\"og:image:width\" content=\"1500\" \/>\r\n\t<meta property=\"og:image:height\" content=\"1500\" \/>\r\n\t<meta property=\"og:image:type\" content=\"image\/jpeg\" \/>\r\n<meta name=\"twitter:card\" content=\"summary_large_image\" \/>\r\n<meta name=\"twitter:label1\" content=\"Gesch\u00e4tzte Lesezeit\" \/>\n\t<meta name=\"twitter:data1\" content=\"1\u00a0Minute\" \/>\r\n<script type=\"application\/ld+json\" class=\"yoast-schema-graph\">{\"@context\":\"https:\/\/schema.org\",\"@graph\":[{\"@type\":\"WebPage\",\"@id\":\"https:\/\/induzon.com\/de\/produkt\/hydraulikoelkuehler-mit-luefter-fuer-minibagger-hydraulikoelkuehler-mit-doppelluefter-oelkuehler-hydraulik-12v-luftkuehler-hydraulik-oel-luftkuehler-oelkuehler-set-waermetauscher-traktor-universal-bag\/\",\"url\":\"https:\/\/induzon.com\/de\/produkt\/hydraulikoelkuehler-mit-luefter-fuer-minibagger-hydraulikoelkuehler-mit-doppelluefter-oelkuehler-hydraulik-12v-luftkuehler-hydraulik-oel-luftkuehler-oelkuehler-set-waermetauscher-traktor-universal-bag\/\",\"name\":\"hydraulik\u00f6lk\u00fchler mit l\u00fcfter f\u00fcr minibagger \u00f6lk\u00fchler hydraulik 12v\",\"isPartOf\":{\"@id\":\"https:\/\/induzon.com\/de\/#website\"},\"primaryImageOfPage\":{\"@id\":\"https:\/\/induzon.com\/de\/produkt\/hydraulikoelkuehler-mit-luefter-fuer-minibagger-hydraulikoelkuehler-mit-doppelluefter-oelkuehler-hydraulik-12v-luftkuehler-hydraulik-oel-luftkuehler-oelkuehler-set-waermetauscher-traktor-universal-bag\/#primaryimage\"},\"image\":{\"@id\":\"https:\/\/induzon.com\/de\/produkt\/hydraulikoelkuehler-mit-luefter-fuer-minibagger-hydraulikoelkuehler-mit-doppelluefter-oelkuehler-hydraulik-12v-luftkuehler-hydraulik-oel-luftkuehler-oelkuehler-set-waermetauscher-traktor-universal-bag\/#primaryimage\"},\"thumbnailUrl\":\"https:\/\/induzon.com\/wp-content\/uploads\/2025\/07\/\u56fe-1-16.jpg\",\"datePublished\":\"2025-07-21T02:50:44+00:00\",\"dateModified\":\"2025-12-27T03:30:39+00:00\",\"description\":\"Hydraulik\u00f6lk\u00fchler mit L\u00fcfter f\u00fcr Bagger. \u00d6lk\u00fchler-Sets, Luftk\u00fchler, W\u00e4rmetauscher f\u00fcr Holzspalter und Industrie.\",\"breadcrumb\":{\"@id\":\"https:\/\/induzon.com\/de\/produkt\/hydraulikoelkuehler-mit-luefter-fuer-minibagger-hydraulikoelkuehler-mit-doppelluefter-oelkuehler-hydraulik-12v-luftkuehler-hydraulik-oel-luftkuehler-oelkuehler-set-waermetauscher-traktor-universal-bag\/#breadcrumb\"},\"inLanguage\":\"de\",\"potentialAction\":[{\"@type\":\"ReadAction\",\"target\":[\"https:\/\/induzon.com\/de\/produkt\/hydraulikoelkuehler-mit-luefter-fuer-minibagger-hydraulikoelkuehler-mit-doppelluefter-oelkuehler-hydraulik-12v-luftkuehler-hydraulik-oel-luftkuehler-oelkuehler-set-waermetauscher-traktor-universal-bag\/\"]}]},{\"@type\":\"ImageObject\",\"inLanguage\":\"de\",\"@id\":\"https:\/\/induzon.com\/de\/produkt\/hydraulikoelkuehler-mit-luefter-fuer-minibagger-hydraulikoelkuehler-mit-doppelluefter-oelkuehler-hydraulik-12v-luftkuehler-hydraulik-oel-luftkuehler-oelkuehler-set-waermetauscher-traktor-universal-bag\/#primaryimage\",\"url\":\"https:\/\/induzon.com\/wp-content\/uploads\/2025\/07\/\u56fe-1-16.jpg\",\"contentUrl\":\"https:\/\/induzon.com\/wp-content\/uploads\/2025\/07\/\u56fe-1-16.jpg\",\"width\":1500,\"height\":1500,\"caption\":\"Hydraulik\u00f6lk\u00fchler mit L\u00fcfter f\u00fcr Bagger. \u00d6lk\u00fchler-Sets, Luftk\u00fchler, W\u00e4rmetauscher f\u00fcr Holzspalter und Industrie,hydraulik\u00f6lk\u00fchler mit l\u00fcfter f\u00fcr minibagger\"},{\"@type\":\"BreadcrumbList\",\"@id\":\"https:\/\/induzon.com\/de\/produkt\/hydraulikoelkuehler-mit-luefter-fuer-minibagger-hydraulikoelkuehler-mit-doppelluefter-oelkuehler-hydraulik-12v-luftkuehler-hydraulik-oel-luftkuehler-oelkuehler-set-waermetauscher-traktor-universal-bag\/#breadcrumb\",\"itemListElement\":[{\"@type\":\"ListItem\",\"position\":1,\"name\":\"\u9996\u9875\",\"item\":\"https:\/\/induzon.com\/de\/\"},{\"@type\":\"ListItem\",\"position\":2,\"name\":\"Shop\",\"item\":\"https:\/\/induzon.com\/de\/shopde\/\"},{\"@type\":\"ListItem\",\"position\":3,\"name\":\"hydraulik\u00f6lk\u00fchler mit l\u00fcfter f\u00fcr minibagger Hydraulik\u00f6lk\u00fchler mit Doppell\u00fcfter \u00f6lk\u00fchler hydraulik 12v luftk\u00fchler hydraulik \u00f6l luftk\u00fchler \u00f6lk\u00fchler set w\u00e4rmetauscher traktor universal bagger motorrad holzspalter motortuning\"}]},{\"@type\":\"WebSite\",\"@id\":\"https:\/\/induzon.com\/de\/#website\",\"url\":\"https:\/\/induzon.com\/de\/\",\"name\":\"induzon\",\"description\":\"\",\"publisher\":{\"@id\":\"https:\/\/induzon.com\/de\/#organization\"},\"potentialAction\":[{\"@type\":\"SearchAction\",\"target\":{\"@type\":\"EntryPoint\",\"urlTemplate\":\"https:\/\/induzon.com\/de\/?s={search_term_string}\"},\"query-input\":{\"@type\":\"PropertyValueSpecification\",\"valueRequired\":true,\"valueName\":\"search_term_string\"}}],\"inLanguage\":\"de\"},{\"@type\":\"Organization\",\"@id\":\"https:\/\/induzon.com\/de\/#organization\",\"name\":\"induzon\",\"url\":\"https:\/\/induzon.com\/de\/\",\"logo\":{\"@type\":\"ImageObject\",\"inLanguage\":\"de\",\"@id\":\"https:\/\/induzon.com\/de\/#\/schema\/logo\/image\/\",\"url\":\"https:\/\/induzon.com\/wp-content\/uploads\/2025\/05\/cropped-026.png\",\"contentUrl\":\"https:\/\/induzon.com\/wp-content\/uploads\/2025\/05\/cropped-026.png\",\"width\":512,\"height\":512,\"caption\":\"induzon\"},\"image\":{\"@id\":\"https:\/\/induzon.com\/de\/#\/schema\/logo\/image\/\"}}]}<\/script>\r\n<!-- \/ Yoast SEO plugin. -->","yoast_head_json":{"title":"hydraulik\u00f6lk\u00fchler mit l\u00fcfter f\u00fcr minibagger \u00f6lk\u00fchler hydraulik 12v","description":"Hydraulik\u00f6lk\u00fchler mit L\u00fcfter f\u00fcr Bagger. \u00d6lk\u00fchler-Sets, Luftk\u00fchler, W\u00e4rmetauscher f\u00fcr Holzspalter und Industrie.","robots":{"index":"index","follow":"follow","max-snippet":"max-snippet:-1","max-image-preview":"max-image-preview:large","max-video-preview":"max-video-preview:-1"},"canonical":"https:\/\/induzon.com\/de\/produkt\/hydraulikoelkuehler-mit-luefter-fuer-minibagger-hydraulikoelkuehler-mit-doppelluefter-oelkuehler-hydraulik-12v-luftkuehler-hydraulik-oel-luftkuehler-oelkuehler-set-waermetauscher-traktor-universal-bag\/","og_locale":"de_DE","og_type":"article","og_title":"hydraulik\u00f6lk\u00fchler mit l\u00fcfter f\u00fcr minibagger \u00f6lk\u00fchler hydraulik 12v","og_description":"Hydraulik\u00f6lk\u00fchler mit L\u00fcfter f\u00fcr Bagger. \u00d6lk\u00fchler-Sets, Luftk\u00fchler, W\u00e4rmetauscher f\u00fcr Holzspalter und Industrie.","og_url":"https:\/\/induzon.com\/de\/produkt\/hydraulikoelkuehler-mit-luefter-fuer-minibagger-hydraulikoelkuehler-mit-doppelluefter-oelkuehler-hydraulik-12v-luftkuehler-hydraulik-oel-luftkuehler-oelkuehler-set-waermetauscher-traktor-universal-bag\/","og_site_name":"induzon","article_modified_time":"2025-12-27T03:30:39+00:00","og_image":[{"width":1500,"height":1500,"url":"https:\/\/induzon.com\/wp-content\/uploads\/2025\/07\/\u56fe-1-16.jpg","type":"image\/jpeg"}],"twitter_card":"summary_large_image","twitter_misc":{"Gesch\u00e4tzte Lesezeit":"1\u00a0Minute"},"schema":{"@context":"https:\/\/schema.org","@graph":[{"@type":"WebPage","@id":"https:\/\/induzon.com\/de\/produkt\/hydraulikoelkuehler-mit-luefter-fuer-minibagger-hydraulikoelkuehler-mit-doppelluefter-oelkuehler-hydraulik-12v-luftkuehler-hydraulik-oel-luftkuehler-oelkuehler-set-waermetauscher-traktor-universal-bag\/","url":"https:\/\/induzon.com\/de\/produkt\/hydraulikoelkuehler-mit-luefter-fuer-minibagger-hydraulikoelkuehler-mit-doppelluefter-oelkuehler-hydraulik-12v-luftkuehler-hydraulik-oel-luftkuehler-oelkuehler-set-waermetauscher-traktor-universal-bag\/","name":"hydraulik\u00f6lk\u00fchler mit l\u00fcfter f\u00fcr minibagger \u00f6lk\u00fchler hydraulik 12v","isPartOf":{"@id":"https:\/\/induzon.com\/de\/#website"},"primaryImageOfPage":{"@id":"https:\/\/induzon.com\/de\/produkt\/hydraulikoelkuehler-mit-luefter-fuer-minibagger-hydraulikoelkuehler-mit-doppelluefter-oelkuehler-hydraulik-12v-luftkuehler-hydraulik-oel-luftkuehler-oelkuehler-set-waermetauscher-traktor-universal-bag\/#primaryimage"},"image":{"@id":"https:\/\/induzon.com\/de\/produkt\/hydraulikoelkuehler-mit-luefter-fuer-minibagger-hydraulikoelkuehler-mit-doppelluefter-oelkuehler-hydraulik-12v-luftkuehler-hydraulik-oel-luftkuehler-oelkuehler-set-waermetauscher-traktor-universal-bag\/#primaryimage"},"thumbnailUrl":"https:\/\/induzon.com\/wp-content\/uploads\/2025\/07\/\u56fe-1-16.jpg","datePublished":"2025-07-21T02:50:44+00:00","dateModified":"2025-12-27T03:30:39+00:00","description":"Hydraulik\u00f6lk\u00fchler mit L\u00fcfter f\u00fcr Bagger. \u00d6lk\u00fchler-Sets, Luftk\u00fchler, W\u00e4rmetauscher f\u00fcr Holzspalter und Industrie.","breadcrumb":{"@id":"https:\/\/induzon.com\/de\/produkt\/hydraulikoelkuehler-mit-luefter-fuer-minibagger-hydraulikoelkuehler-mit-doppelluefter-oelkuehler-hydraulik-12v-luftkuehler-hydraulik-oel-luftkuehler-oelkuehler-set-waermetauscher-traktor-universal-bag\/#breadcrumb"},"inLanguage":"de","potentialAction":[{"@type":"ReadAction","target":["https:\/\/induzon.com\/de\/produkt\/hydraulikoelkuehler-mit-luefter-fuer-minibagger-hydraulikoelkuehler-mit-doppelluefter-oelkuehler-hydraulik-12v-luftkuehler-hydraulik-oel-luftkuehler-oelkuehler-set-waermetauscher-traktor-universal-bag\/"]}]},{"@type":"ImageObject","inLanguage":"de","@id":"https:\/\/induzon.com\/de\/produkt\/hydraulikoelkuehler-mit-luefter-fuer-minibagger-hydraulikoelkuehler-mit-doppelluefter-oelkuehler-hydraulik-12v-luftkuehler-hydraulik-oel-luftkuehler-oelkuehler-set-waermetauscher-traktor-universal-bag\/#primaryimage","url":"https:\/\/induzon.com\/wp-content\/uploads\/2025\/07\/\u56fe-1-16.jpg","contentUrl":"https:\/\/induzon.com\/wp-content\/uploads\/2025\/07\/\u56fe-1-16.jpg","width":1500,"height":1500,"caption":"Hydraulik\u00f6lk\u00fchler mit L\u00fcfter f\u00fcr Bagger. \u00d6lk\u00fchler-Sets, Luftk\u00fchler, W\u00e4rmetauscher f\u00fcr Holzspalter und Industrie,hydraulik\u00f6lk\u00fchler mit l\u00fcfter f\u00fcr minibagger"},{"@type":"BreadcrumbList","@id":"https:\/\/induzon.com\/de\/produkt\/hydraulikoelkuehler-mit-luefter-fuer-minibagger-hydraulikoelkuehler-mit-doppelluefter-oelkuehler-hydraulik-12v-luftkuehler-hydraulik-oel-luftkuehler-oelkuehler-set-waermetauscher-traktor-universal-bag\/#breadcrumb","itemListElement":[{"@type":"ListItem","position":1,"name":"\u9996\u9875","item":"https:\/\/induzon.com\/de\/"},{"@type":"ListItem","position":2,"name":"Shop","item":"https:\/\/induzon.com\/de\/shopde\/"},{"@type":"ListItem","position":3,"name":"hydraulik\u00f6lk\u00fchler mit l\u00fcfter f\u00fcr minibagger Hydraulik\u00f6lk\u00fchler mit Doppell\u00fcfter \u00f6lk\u00fchler hydraulik 12v luftk\u00fchler hydraulik \u00f6l luftk\u00fchler \u00f6lk\u00fchler set w\u00e4rmetauscher traktor universal bagger motorrad holzspalter motortuning"}]},{"@type":"WebSite","@id":"https:\/\/induzon.com\/de\/#website","url":"https:\/\/induzon.com\/de\/","name":"induzon","description":"","publisher":{"@id":"https:\/\/induzon.com\/de\/#organization"},"potentialAction":[{"@type":"SearchAction","target":{"@type":"EntryPoint","urlTemplate":"https:\/\/induzon.com\/de\/?s={search_term_string}"},"query-input":{"@type":"PropertyValueSpecification","valueRequired":true,"valueName":"search_term_string"}}],"inLanguage":"de"},{"@type":"Organization","@id":"https:\/\/induzon.com\/de\/#organization","name":"induzon","url":"https:\/\/induzon.com\/de\/","logo":{"@type":"ImageObject","inLanguage":"de","@id":"https:\/\/induzon.com\/de\/#\/schema\/logo\/image\/","url":"https:\/\/induzon.com\/wp-content\/uploads\/2025\/05\/cropped-026.png","contentUrl":"https:\/\/induzon.com\/wp-content\/uploads\/2025\/05\/cropped-026.png","width":512,"height":512,"caption":"induzon"},"image":{"@id":"https:\/\/induzon.com\/de\/#\/schema\/logo\/image\/"}}]}},"_links":{"self":[{"href":"https:\/\/induzon.com\/de\/wp-json\/wp\/v2\/product\/19467","targetHints":{"allow":["GET"]}}],"collection":[{"href":"https:\/\/induzon.com\/de\/wp-json\/wp\/v2\/product"}],"about":[{"href":"https:\/\/induzon.com\/de\/wp-json\/wp\/v2\/types\/product"}],"replies":[{"embeddable":true,"href":"https:\/\/induzon.com\/de\/wp-json\/wp\/v2\/comments?post=19467"}],"version-history":[{"count":2,"href":"https:\/\/induzon.com\/de\/wp-json\/wp\/v2\/product\/19467\/revisions"}],"predecessor-version":[{"id":31798,"href":"https:\/\/induzon.com\/de\/wp-json\/wp\/v2\/product\/19467\/revisions\/31798"}],"wp:featuredmedia":[{"embeddable":true,"href":"https:\/\/induzon.com\/de\/wp-json\/wp\/v2\/media\/19351"}],"wp:attachment":[{"href":"https:\/\/induzon.com\/de\/wp-json\/wp\/v2\/media?parent=19467"}],"wp:term":[{"taxonomy":"product_brand","embeddable":true,"href":"https:\/\/induzon.com\/de\/wp-json\/wp\/v2\/product_brand?post=19467"},{"taxonomy":"product_cat","embeddable":true,"href":"https:\/\/induzon.com\/de\/wp-json\/wp\/v2\/product_cat?post=19467"},{"taxonomy":"product_tag","embeddable":true,"href":"https:\/\/induzon.com\/de\/wp-json\/wp\/v2\/product_tag?post=19467"}],"curies":[{"name":"wp","href":"https:\/\/api.w.org\/{rel}","templated":true}]}}