{"id":23138,"date":"2025-08-16T11:01:27","date_gmt":"2025-08-16T03:01:27","guid":{"rendered":"https:\/\/induzon.com\/shop\/edelstahl-spruehextraktionsduese-fuer-sofa-reinigung-teppichreiniger-transparent-polsterduese-nasssauger-polsterreiniger-waschsauger-38-mm-dampfsauger-reinigungsgeraet-teppich-reinigungsbuerste\/"},"modified":"2025-12-24T15:57:30","modified_gmt":"2025-12-24T07:57:30","slug":"edelstahl-spruehextraktionsduese-fuer-sofa-reinigung-teppichreiniger-transparent-polsterduese-nasssauger-polsterreiniger-waschsauger-38-mm-dampfsauger-reinigungsgeraet-teppich-reinigungsbuerste","status":"publish","type":"product","link":"https:\/\/induzon.com\/de\/produkt\/edelstahl-spruehextraktionsduese-fuer-sofa-reinigung-teppichreiniger-transparent-polsterduese-nasssauger-polsterreiniger-waschsauger-38-mm-dampfsauger-reinigungsgeraet-teppich-reinigungsbuerste\/","title":{"rendered":"Edelstahl-Spr\u00fchextraktionsd\u00fcse f\u00fcr sofa reinigung teppichreiniger transparent polsterd\u00fcse nasssauger polsterreiniger waschsauger 38 mm dampfsauger reinigungsger\u00e4t teppich reinigungsb\u00fcrste"},"content":{"rendered":"<p>1.Transparentes Wasseraufnahmeger\u00e4t Mit Edelstahlrohr: Hohe Sichtbarkeit Und Dauerhaftigkeit F\u00fcr Effektive Reinigung<br \/>\n2.Universal-Einsatz F\u00fcr Sofa-, Teppichreiniger Und Hochtemperaturteppichreiniger: Perfekt F\u00fcr Haus- Und Autoreinigung<br \/>\n3.Au\u00dfendurchmesser 38mm: Passt Zu Den Meisten Ger\u00e4ten, Sicher Und Stabil Im Einsatz<br \/>\n4.Erf\u00fcllt Die Bedarf Nach Tieferreinigung: Entfernt Schmutz Und Fl\u00fcssigkeiten Effizient Aus Polstern Und Teppichen<br \/>\n5.Einfache Handhabung Und Pflegeleicht: Ideal F\u00fcr Schnelle Und Effektive Reinigungen, Sparen Sie Zeit Und M\u00fche<\/p>\n","protected":false},"excerpt":{"rendered":"<p>1.Transparentes Wasseraufnahmeger\u00e4t Mit Edelstahlrohr: Hohe Sichtbarkeit Und Dauerhaftigkeit F\u00fcr Effektive Reinigung 2.Universal-Einsatz F\u00fcr Sofa-, Teppichreiniger Und Hochtemperaturteppichreiniger: Perfekt F\u00fcr Haus- [&hellip;]<\/p>\n","protected":false},"featured_media":23117,"comment_status":"open","ping_status":"closed","template":"","meta":{"site-sidebar-layout":"default","site-content-layout":"","ast-site-content-layout":"default","site-content-style":"default","site-sidebar-style":"default","ast-global-header-display":"","ast-banner-title-visibility":"","ast-main-header-display":"","ast-hfb-above-header-display":"","ast-hfb-below-header-display":"","ast-hfb-mobile-header-display":"","site-post-title":"","ast-breadcrumbs-content":"","ast-featured-img":"","footer-sml-layout":"","theme-transparent-header-meta":"default","adv-header-id-meta":"","stick-header-meta":"","header-above-stick-meta":"","header-main-stick-meta":"","header-below-stick-meta":"","astra-migrate-meta-layouts":"set","ast-page-background-enabled":"default","ast-page-background-meta":{"desktop":{"background-color":"var(--ast-global-color-4)","background-image":"","background-repeat":"repeat","background-position":"center center","background-size":"auto","background-attachment":"scroll","background-type":"","background-media":"","overlay-type":"","overlay-color":"","overlay-opacity":"","overlay-gradient":""},"tablet":{"background-color":"","background-image":"","background-repeat":"repeat","background-position":"center center","background-size":"auto","background-attachment":"scroll","background-type":"","background-media":"","overlay-type":"","overlay-color":"","overlay-opacity":"","overlay-gradient":""},"mobile":{"background-color":"","background-image":"","background-repeat":"repeat","background-position":"center center","background-size":"auto","background-attachment":"scroll","background-type":"","background-media":"","overlay-type":"","overlay-color":"","overlay-opacity":"","overlay-gradient":""}},"ast-content-background-meta":{"desktop":{"background-color":"var(--ast-global-color-5)","background-image":"","background-repeat":"repeat","background-position":"center center","background-size":"auto","background-attachment":"scroll","background-type":"","background-media":"","overlay-type":"","overlay-color":"","overlay-opacity":"","overlay-gradient":""},"tablet":{"background-color":"var(--ast-global-color-5)","background-image":"","background-repeat":"repeat","background-position":"center center","background-size":"auto","background-attachment":"scroll","background-type":"","background-media":"","overlay-type":"","overlay-color":"","overlay-opacity":"","overlay-gradient":""},"mobile":{"background-color":"var(--ast-global-color-5)","background-image":"","background-repeat":"repeat","background-position":"center center","background-size":"auto","background-attachment":"scroll","background-type":"","background-media":"","overlay-type":"","overlay-color":"","overlay-opacity":"","overlay-gradient":""}}},"product_brand":[],"product_cat":[697,875],"product_tag":[698,699],"class_list":{"0":"post-23138","1":"product","2":"type-product","3":"status-publish","4":"has-post-thumbnail","6":"product_cat-reinigungswerkzeuge","7":"product_cat-werkzeuge-und-ausrustung","8":"product_tag-haushaltsreinigungsgerate","9":"product_tag-kfz-reinigungswerkzeuge","10":"desktop-align-left","11":"tablet-align-left","12":"mobile-align-left","14":"first","15":"instock","16":"sale","17":"shipping-taxable","18":"purchasable","19":"product-type-simple"},"yoast_head":"<!-- This site is optimized with the Yoast SEO plugin v24.9 - https:\/\/yoast.com\/wordpress\/plugins\/seo\/ -->\r\n<title>Edelstahl Polsterd\u00fcsen f\u00fcr Waschsauger -Induzon<\/title>\r\n<meta name=\"description\" content=\"Teppichreiniger mit Hochtemperaturfunktion, Polsterd\u00fcsen f\u00fcr Sofas und Autointeriors. Professionelle Spr\u00fchextraktionsmaschinen f\u00fcr Textilien.\" \/>\r\n<meta name=\"robots\" content=\"index, follow, max-snippet:-1, max-image-preview:large, max-video-preview:-1\" \/>\r\n<link rel=\"canonical\" href=\"https:\/\/induzon.com\/de\/produkt\/edelstahl-spruehextraktionsduese-fuer-sofa-reinigung-teppichreiniger-transparent-polsterduese-nasssauger-polsterreiniger-waschsauger-38-mm-dampfsauger-reinigungsgeraet-teppich-reinigungsbuerste\/\" \/>\r\n<meta property=\"og:locale\" content=\"de_DE\" \/>\r\n<meta property=\"og:type\" content=\"article\" \/>\r\n<meta property=\"og:title\" content=\"Edelstahl Polsterd\u00fcsen f\u00fcr Waschsauger -Induzon\" \/>\r\n<meta property=\"og:description\" content=\"Teppichreiniger mit Hochtemperaturfunktion, Polsterd\u00fcsen f\u00fcr Sofas und Autointeriors. Professionelle Spr\u00fchextraktionsmaschinen f\u00fcr Textilien.\" \/>\r\n<meta property=\"og:url\" content=\"https:\/\/induzon.com\/de\/produkt\/edelstahl-spruehextraktionsduese-fuer-sofa-reinigung-teppichreiniger-transparent-polsterduese-nasssauger-polsterreiniger-waschsauger-38-mm-dampfsauger-reinigungsgeraet-teppich-reinigungsbuerste\/\" \/>\r\n<meta property=\"og:site_name\" content=\"induzon\" \/>\r\n<meta property=\"article:modified_time\" content=\"2025-12-24T07:57:30+00:00\" \/>\r\n<meta property=\"og:image\" content=\"https:\/\/induzon.com\/wp-content\/uploads\/2025\/08\/\u56fe-2-3.jpg\" \/>\r\n\t<meta property=\"og:image:width\" content=\"1500\" \/>\r\n\t<meta property=\"og:image:height\" content=\"1500\" \/>\r\n\t<meta property=\"og:image:type\" content=\"image\/jpeg\" \/>\r\n<meta name=\"twitter:card\" content=\"summary_large_image\" \/>\r\n<meta name=\"twitter:label1\" content=\"Gesch\u00e4tzte Lesezeit\" \/>\n\t<meta name=\"twitter:data1\" content=\"1\u00a0Minute\" \/>\r\n<script type=\"application\/ld+json\" class=\"yoast-schema-graph\">{\"@context\":\"https:\/\/schema.org\",\"@graph\":[{\"@type\":\"WebPage\",\"@id\":\"https:\/\/induzon.com\/de\/produkt\/edelstahl-spruehextraktionsduese-fuer-sofa-reinigung-teppichreiniger-transparent-polsterduese-nasssauger-polsterreiniger-waschsauger-38-mm-dampfsauger-reinigungsgeraet-teppich-reinigungsbuerste\/\",\"url\":\"https:\/\/induzon.com\/de\/produkt\/edelstahl-spruehextraktionsduese-fuer-sofa-reinigung-teppichreiniger-transparent-polsterduese-nasssauger-polsterreiniger-waschsauger-38-mm-dampfsauger-reinigungsgeraet-teppich-reinigungsbuerste\/\",\"name\":\"Edelstahl Polsterd\u00fcsen f\u00fcr Waschsauger -Induzon\",\"isPartOf\":{\"@id\":\"https:\/\/induzon.com\/de\/#website\"},\"primaryImageOfPage\":{\"@id\":\"https:\/\/induzon.com\/de\/produkt\/edelstahl-spruehextraktionsduese-fuer-sofa-reinigung-teppichreiniger-transparent-polsterduese-nasssauger-polsterreiniger-waschsauger-38-mm-dampfsauger-reinigungsgeraet-teppich-reinigungsbuerste\/#primaryimage\"},\"image\":{\"@id\":\"https:\/\/induzon.com\/de\/produkt\/edelstahl-spruehextraktionsduese-fuer-sofa-reinigung-teppichreiniger-transparent-polsterduese-nasssauger-polsterreiniger-waschsauger-38-mm-dampfsauger-reinigungsgeraet-teppich-reinigungsbuerste\/#primaryimage\"},\"thumbnailUrl\":\"https:\/\/induzon.com\/wp-content\/uploads\/2025\/08\/\u56fe-2-3.jpg\",\"datePublished\":\"2025-08-16T03:01:27+00:00\",\"dateModified\":\"2025-12-24T07:57:30+00:00\",\"description\":\"Teppichreiniger mit Hochtemperaturfunktion, Polsterd\u00fcsen f\u00fcr Sofas und Autointeriors. Professionelle Spr\u00fchextraktionsmaschinen f\u00fcr Textilien.\",\"breadcrumb\":{\"@id\":\"https:\/\/induzon.com\/de\/produkt\/edelstahl-spruehextraktionsduese-fuer-sofa-reinigung-teppichreiniger-transparent-polsterduese-nasssauger-polsterreiniger-waschsauger-38-mm-dampfsauger-reinigungsgeraet-teppich-reinigungsbuerste\/#breadcrumb\"},\"inLanguage\":\"de\",\"potentialAction\":[{\"@type\":\"ReadAction\",\"target\":[\"https:\/\/induzon.com\/de\/produkt\/edelstahl-spruehextraktionsduese-fuer-sofa-reinigung-teppichreiniger-transparent-polsterduese-nasssauger-polsterreiniger-waschsauger-38-mm-dampfsauger-reinigungsgeraet-teppich-reinigungsbuerste\/\"]}]},{\"@type\":\"ImageObject\",\"inLanguage\":\"de\",\"@id\":\"https:\/\/induzon.com\/de\/produkt\/edelstahl-spruehextraktionsduese-fuer-sofa-reinigung-teppichreiniger-transparent-polsterduese-nasssauger-polsterreiniger-waschsauger-38-mm-dampfsauger-reinigungsgeraet-teppich-reinigungsbuerste\/#primaryimage\",\"url\":\"https:\/\/induzon.com\/wp-content\/uploads\/2025\/08\/\u56fe-2-3.jpg\",\"contentUrl\":\"https:\/\/induzon.com\/wp-content\/uploads\/2025\/08\/\u56fe-2-3.jpg\",\"width\":1500,\"height\":1500,\"caption\":\"Teppichreiniger mit Hochtemperaturfunktion, Polsterd\u00fcsen f\u00fcr Sofas und Autointeriors. Professionelle Spr\u00fchextraktionsmaschinen f\u00fcr Textilien.\"},{\"@type\":\"BreadcrumbList\",\"@id\":\"https:\/\/induzon.com\/de\/produkt\/edelstahl-spruehextraktionsduese-fuer-sofa-reinigung-teppichreiniger-transparent-polsterduese-nasssauger-polsterreiniger-waschsauger-38-mm-dampfsauger-reinigungsgeraet-teppich-reinigungsbuerste\/#breadcrumb\",\"itemListElement\":[{\"@type\":\"ListItem\",\"position\":1,\"name\":\"\u9996\u9875\",\"item\":\"https:\/\/induzon.com\/de\/\"},{\"@type\":\"ListItem\",\"position\":2,\"name\":\"Shop\",\"item\":\"https:\/\/induzon.com\/de\/shopde\/\"},{\"@type\":\"ListItem\",\"position\":3,\"name\":\"Edelstahl-Spr\u00fchextraktionsd\u00fcse f\u00fcr sofa reinigung teppichreiniger transparent polsterd\u00fcse nasssauger polsterreiniger waschsauger 38 mm dampfsauger reinigungsger\u00e4t teppich reinigungsb\u00fcrste\"}]},{\"@type\":\"WebSite\",\"@id\":\"https:\/\/induzon.com\/de\/#website\",\"url\":\"https:\/\/induzon.com\/de\/\",\"name\":\"induzon\",\"description\":\"\",\"publisher\":{\"@id\":\"https:\/\/induzon.com\/de\/#organization\"},\"potentialAction\":[{\"@type\":\"SearchAction\",\"target\":{\"@type\":\"EntryPoint\",\"urlTemplate\":\"https:\/\/induzon.com\/de\/?s={search_term_string}\"},\"query-input\":{\"@type\":\"PropertyValueSpecification\",\"valueRequired\":true,\"valueName\":\"search_term_string\"}}],\"inLanguage\":\"de\"},{\"@type\":\"Organization\",\"@id\":\"https:\/\/induzon.com\/de\/#organization\",\"name\":\"induzon\",\"url\":\"https:\/\/induzon.com\/de\/\",\"logo\":{\"@type\":\"ImageObject\",\"inLanguage\":\"de\",\"@id\":\"https:\/\/induzon.com\/de\/#\/schema\/logo\/image\/\",\"url\":\"https:\/\/induzon.com\/wp-content\/uploads\/2025\/05\/cropped-026.png\",\"contentUrl\":\"https:\/\/induzon.com\/wp-content\/uploads\/2025\/05\/cropped-026.png\",\"width\":512,\"height\":512,\"caption\":\"induzon\"},\"image\":{\"@id\":\"https:\/\/induzon.com\/de\/#\/schema\/logo\/image\/\"}}]}<\/script>\r\n<!-- \/ Yoast SEO plugin. -->","yoast_head_json":{"title":"Edelstahl Polsterd\u00fcsen f\u00fcr Waschsauger -Induzon","description":"Teppichreiniger mit Hochtemperaturfunktion, Polsterd\u00fcsen f\u00fcr Sofas und Autointeriors. Professionelle Spr\u00fchextraktionsmaschinen f\u00fcr Textilien.","robots":{"index":"index","follow":"follow","max-snippet":"max-snippet:-1","max-image-preview":"max-image-preview:large","max-video-preview":"max-video-preview:-1"},"canonical":"https:\/\/induzon.com\/de\/produkt\/edelstahl-spruehextraktionsduese-fuer-sofa-reinigung-teppichreiniger-transparent-polsterduese-nasssauger-polsterreiniger-waschsauger-38-mm-dampfsauger-reinigungsgeraet-teppich-reinigungsbuerste\/","og_locale":"de_DE","og_type":"article","og_title":"Edelstahl Polsterd\u00fcsen f\u00fcr Waschsauger -Induzon","og_description":"Teppichreiniger mit Hochtemperaturfunktion, Polsterd\u00fcsen f\u00fcr Sofas und Autointeriors. Professionelle Spr\u00fchextraktionsmaschinen f\u00fcr Textilien.","og_url":"https:\/\/induzon.com\/de\/produkt\/edelstahl-spruehextraktionsduese-fuer-sofa-reinigung-teppichreiniger-transparent-polsterduese-nasssauger-polsterreiniger-waschsauger-38-mm-dampfsauger-reinigungsgeraet-teppich-reinigungsbuerste\/","og_site_name":"induzon","article_modified_time":"2025-12-24T07:57:30+00:00","og_image":[{"width":1500,"height":1500,"url":"https:\/\/induzon.com\/wp-content\/uploads\/2025\/08\/\u56fe-2-3.jpg","type":"image\/jpeg"}],"twitter_card":"summary_large_image","twitter_misc":{"Gesch\u00e4tzte Lesezeit":"1\u00a0Minute"},"schema":{"@context":"https:\/\/schema.org","@graph":[{"@type":"WebPage","@id":"https:\/\/induzon.com\/de\/produkt\/edelstahl-spruehextraktionsduese-fuer-sofa-reinigung-teppichreiniger-transparent-polsterduese-nasssauger-polsterreiniger-waschsauger-38-mm-dampfsauger-reinigungsgeraet-teppich-reinigungsbuerste\/","url":"https:\/\/induzon.com\/de\/produkt\/edelstahl-spruehextraktionsduese-fuer-sofa-reinigung-teppichreiniger-transparent-polsterduese-nasssauger-polsterreiniger-waschsauger-38-mm-dampfsauger-reinigungsgeraet-teppich-reinigungsbuerste\/","name":"Edelstahl Polsterd\u00fcsen f\u00fcr Waschsauger -Induzon","isPartOf":{"@id":"https:\/\/induzon.com\/de\/#website"},"primaryImageOfPage":{"@id":"https:\/\/induzon.com\/de\/produkt\/edelstahl-spruehextraktionsduese-fuer-sofa-reinigung-teppichreiniger-transparent-polsterduese-nasssauger-polsterreiniger-waschsauger-38-mm-dampfsauger-reinigungsgeraet-teppich-reinigungsbuerste\/#primaryimage"},"image":{"@id":"https:\/\/induzon.com\/de\/produkt\/edelstahl-spruehextraktionsduese-fuer-sofa-reinigung-teppichreiniger-transparent-polsterduese-nasssauger-polsterreiniger-waschsauger-38-mm-dampfsauger-reinigungsgeraet-teppich-reinigungsbuerste\/#primaryimage"},"thumbnailUrl":"https:\/\/induzon.com\/wp-content\/uploads\/2025\/08\/\u56fe-2-3.jpg","datePublished":"2025-08-16T03:01:27+00:00","dateModified":"2025-12-24T07:57:30+00:00","description":"Teppichreiniger mit Hochtemperaturfunktion, Polsterd\u00fcsen f\u00fcr Sofas und Autointeriors. Professionelle Spr\u00fchextraktionsmaschinen f\u00fcr Textilien.","breadcrumb":{"@id":"https:\/\/induzon.com\/de\/produkt\/edelstahl-spruehextraktionsduese-fuer-sofa-reinigung-teppichreiniger-transparent-polsterduese-nasssauger-polsterreiniger-waschsauger-38-mm-dampfsauger-reinigungsgeraet-teppich-reinigungsbuerste\/#breadcrumb"},"inLanguage":"de","potentialAction":[{"@type":"ReadAction","target":["https:\/\/induzon.com\/de\/produkt\/edelstahl-spruehextraktionsduese-fuer-sofa-reinigung-teppichreiniger-transparent-polsterduese-nasssauger-polsterreiniger-waschsauger-38-mm-dampfsauger-reinigungsgeraet-teppich-reinigungsbuerste\/"]}]},{"@type":"ImageObject","inLanguage":"de","@id":"https:\/\/induzon.com\/de\/produkt\/edelstahl-spruehextraktionsduese-fuer-sofa-reinigung-teppichreiniger-transparent-polsterduese-nasssauger-polsterreiniger-waschsauger-38-mm-dampfsauger-reinigungsgeraet-teppich-reinigungsbuerste\/#primaryimage","url":"https:\/\/induzon.com\/wp-content\/uploads\/2025\/08\/\u56fe-2-3.jpg","contentUrl":"https:\/\/induzon.com\/wp-content\/uploads\/2025\/08\/\u56fe-2-3.jpg","width":1500,"height":1500,"caption":"Teppichreiniger mit Hochtemperaturfunktion, Polsterd\u00fcsen f\u00fcr Sofas und Autointeriors. Professionelle Spr\u00fchextraktionsmaschinen f\u00fcr Textilien."},{"@type":"BreadcrumbList","@id":"https:\/\/induzon.com\/de\/produkt\/edelstahl-spruehextraktionsduese-fuer-sofa-reinigung-teppichreiniger-transparent-polsterduese-nasssauger-polsterreiniger-waschsauger-38-mm-dampfsauger-reinigungsgeraet-teppich-reinigungsbuerste\/#breadcrumb","itemListElement":[{"@type":"ListItem","position":1,"name":"\u9996\u9875","item":"https:\/\/induzon.com\/de\/"},{"@type":"ListItem","position":2,"name":"Shop","item":"https:\/\/induzon.com\/de\/shopde\/"},{"@type":"ListItem","position":3,"name":"Edelstahl-Spr\u00fchextraktionsd\u00fcse f\u00fcr sofa reinigung teppichreiniger transparent polsterd\u00fcse nasssauger polsterreiniger waschsauger 38 mm dampfsauger reinigungsger\u00e4t teppich reinigungsb\u00fcrste"}]},{"@type":"WebSite","@id":"https:\/\/induzon.com\/de\/#website","url":"https:\/\/induzon.com\/de\/","name":"induzon","description":"","publisher":{"@id":"https:\/\/induzon.com\/de\/#organization"},"potentialAction":[{"@type":"SearchAction","target":{"@type":"EntryPoint","urlTemplate":"https:\/\/induzon.com\/de\/?s={search_term_string}"},"query-input":{"@type":"PropertyValueSpecification","valueRequired":true,"valueName":"search_term_string"}}],"inLanguage":"de"},{"@type":"Organization","@id":"https:\/\/induzon.com\/de\/#organization","name":"induzon","url":"https:\/\/induzon.com\/de\/","logo":{"@type":"ImageObject","inLanguage":"de","@id":"https:\/\/induzon.com\/de\/#\/schema\/logo\/image\/","url":"https:\/\/induzon.com\/wp-content\/uploads\/2025\/05\/cropped-026.png","contentUrl":"https:\/\/induzon.com\/wp-content\/uploads\/2025\/05\/cropped-026.png","width":512,"height":512,"caption":"induzon"},"image":{"@id":"https:\/\/induzon.com\/de\/#\/schema\/logo\/image\/"}}]}},"_links":{"self":[{"href":"https:\/\/induzon.com\/de\/wp-json\/wp\/v2\/product\/23138","targetHints":{"allow":["GET"]}}],"collection":[{"href":"https:\/\/induzon.com\/de\/wp-json\/wp\/v2\/product"}],"about":[{"href":"https:\/\/induzon.com\/de\/wp-json\/wp\/v2\/types\/product"}],"replies":[{"embeddable":true,"href":"https:\/\/induzon.com\/de\/wp-json\/wp\/v2\/comments?post=23138"}],"version-history":[{"count":2,"href":"https:\/\/induzon.com\/de\/wp-json\/wp\/v2\/product\/23138\/revisions"}],"predecessor-version":[{"id":32419,"href":"https:\/\/induzon.com\/de\/wp-json\/wp\/v2\/product\/23138\/revisions\/32419"}],"wp:featuredmedia":[{"embeddable":true,"href":"https:\/\/induzon.com\/de\/wp-json\/wp\/v2\/media\/23117"}],"wp:attachment":[{"href":"https:\/\/induzon.com\/de\/wp-json\/wp\/v2\/media?parent=23138"}],"wp:term":[{"taxonomy":"product_brand","embeddable":true,"href":"https:\/\/induzon.com\/de\/wp-json\/wp\/v2\/product_brand?post=23138"},{"taxonomy":"product_cat","embeddable":true,"href":"https:\/\/induzon.com\/de\/wp-json\/wp\/v2\/product_cat?post=23138"},{"taxonomy":"product_tag","embeddable":true,"href":"https:\/\/induzon.com\/de\/wp-json\/wp\/v2\/product_tag?post=23138"}],"curies":[{"name":"wp","href":"https:\/\/api.w.org\/{rel}","templated":true}]}}