{"id":24229,"date":"2025-09-04T15:18:13","date_gmt":"2025-09-04T07:18:13","guid":{"rendered":"https:\/\/induzon.com\/shop\/universal-magnetisch-rueckspiegel-fuer-rasentraktoren-elektro-dreirad-und-vierrad-lieferwagen-anhaenger-golfcarts-traktor-wohnwagen-radlader-gabelstapler-bagger-motorroller-fahrrad-konvexspiegel-seite\/"},"modified":"2025-12-23T16:05:04","modified_gmt":"2025-12-23T08:05:04","slug":"universal-magnetisch-rueckspiegel-fuer-rasentraktoren-elektro-dreirad-und-vierrad-lieferwagen-anhaenger-golfcarts-traktor-wohnwagen-radlader-gabelstapler-bagger-motorroller-fahrrad-konvexspiegel-seite","status":"publish","type":"product","link":"https:\/\/induzon.com\/de\/produkt\/universal-magnetisch-rueckspiegel-fuer-rasentraktoren-elektro-dreirad-und-vierrad-lieferwagen-anhaenger-golfcarts-traktor-wohnwagen-radlader-gabelstapler-bagger-motorroller-fahrrad-konvexspiegel-seite\/","title":{"rendered":"Universal magnetisch r\u00fcckspiegel f\u00fcr rasentraktoren elektro dreirad und vierrad lieferwagen anh\u00e4nger golfcarts traktor wohnwagen radlader gabelstapler bagger motorroller fahrrad konvexspiegel seitenspiegel im alltag"},"content":{"rendered":"<p>1.Universell passend f\u00fcr Rasentraktoren, Elektro-Dreirad und -Vierrad, Lieferwagen, Anh\u00e4nger, Golfcarts und mehr.<br \/>\n2.Robuste und langlebige Konstruktion aus hochwertigen Materialien f\u00fcr zuverl\u00e4ssige Sicht und Sicherheit.<br \/>\n3.Einfache Montage ohne Spezialwerkzeuge, inklusive aller notwendigen Halterungen und Befestigungsmaterialien.<br \/>\n4.Breiter Anwendungsumfang f\u00fcr Landmaschinen, Bauger\u00e4te, Gabelstapler, Wohnmobile und Campinganh\u00e4nger.<br \/>\n5.Klarer und verzerrungsfreier Blick durch hochwertige Spiegeloberfl\u00e4che f\u00fcr optimale Verkehrsbeobachtung.<\/p>\n","protected":false},"excerpt":{"rendered":"<p>1.Universell passend f\u00fcr Rasentraktoren, Elektro-Dreirad und -Vierrad, Lieferwagen, Anh\u00e4nger, Golfcarts und mehr. 2.Robuste und langlebige Konstruktion aus hochwertigen Materialien f\u00fcr [&hellip;]<\/p>\n","protected":false},"featured_media":24194,"comment_status":"open","ping_status":"closed","template":"","meta":{"site-sidebar-layout":"default","site-content-layout":"","ast-site-content-layout":"default","site-content-style":"default","site-sidebar-style":"default","ast-global-header-display":"","ast-banner-title-visibility":"","ast-main-header-display":"","ast-hfb-above-header-display":"","ast-hfb-below-header-display":"","ast-hfb-mobile-header-display":"","site-post-title":"","ast-breadcrumbs-content":"","ast-featured-img":"","footer-sml-layout":"","theme-transparent-header-meta":"default","adv-header-id-meta":"","stick-header-meta":"","header-above-stick-meta":"","header-main-stick-meta":"","header-below-stick-meta":"","astra-migrate-meta-layouts":"set","ast-page-background-enabled":"default","ast-page-background-meta":{"desktop":{"background-color":"var(--ast-global-color-4)","background-image":"","background-repeat":"repeat","background-position":"center center","background-size":"auto","background-attachment":"scroll","background-type":"","background-media":"","overlay-type":"","overlay-color":"","overlay-opacity":"","overlay-gradient":""},"tablet":{"background-color":"","background-image":"","background-repeat":"repeat","background-position":"center center","background-size":"auto","background-attachment":"scroll","background-type":"","background-media":"","overlay-type":"","overlay-color":"","overlay-opacity":"","overlay-gradient":""},"mobile":{"background-color":"","background-image":"","background-repeat":"repeat","background-position":"center center","background-size":"auto","background-attachment":"scroll","background-type":"","background-media":"","overlay-type":"","overlay-color":"","overlay-opacity":"","overlay-gradient":""}},"ast-content-background-meta":{"desktop":{"background-color":"var(--ast-global-color-5)","background-image":"","background-repeat":"repeat","background-position":"center center","background-size":"auto","background-attachment":"scroll","background-type":"","background-media":"","overlay-type":"","overlay-color":"","overlay-opacity":"","overlay-gradient":""},"tablet":{"background-color":"var(--ast-global-color-5)","background-image":"","background-repeat":"repeat","background-position":"center center","background-size":"auto","background-attachment":"scroll","background-type":"","background-media":"","overlay-type":"","overlay-color":"","overlay-opacity":"","overlay-gradient":""},"mobile":{"background-color":"var(--ast-global-color-5)","background-image":"","background-repeat":"repeat","background-position":"center center","background-size":"auto","background-attachment":"scroll","background-type":"","background-media":"","overlay-type":"","overlay-color":"","overlay-opacity":"","overlay-gradient":""}}},"product_brand":[],"product_cat":[1670,1671,1672],"product_tag":[1673],"class_list":{"0":"post-24229","1":"product","2":"type-product","3":"status-publish","4":"has-post-thumbnail","6":"product_cat-kraftfahrzeug","7":"product_cat-kraftfahrzeugkomponenten","8":"product_cat-ruckspiegel","9":"product_tag-universal-ruckspiegel","10":"desktop-align-left","11":"tablet-align-left","12":"mobile-align-left","14":"first","15":"instock","16":"sale","17":"shipping-taxable","18":"purchasable","19":"product-type-variable"},"yoast_head":"<!-- This site is optimized with the Yoast SEO plugin v24.9 - https:\/\/yoast.com\/wordpress\/plugins\/seo\/ -->\r\n<title>R\u00fcckspiegel f\u00fcr LKW, Bagger und Wohnwagen -Induzon<\/title>\r\n<meta name=\"description\" content=\"Au\u00dfenspiegel f\u00fcr Traktor, LKW und Wohnwagen. Universelle R\u00fcckspiegel, Konvexspiegel und Spiegel mit Halterung f\u00fcr mehr Sicherheit ohne tote Winkel.\" \/>\r\n<meta name=\"robots\" content=\"index, follow, max-snippet:-1, max-image-preview:large, max-video-preview:-1\" \/>\r\n<link rel=\"canonical\" href=\"https:\/\/induzon.com\/de\/produkt\/universal-magnetisch-rueckspiegel-fuer-rasentraktoren-elektro-dreirad-und-vierrad-lieferwagen-anhaenger-golfcarts-traktor-wohnwagen-radlader-gabelstapler-bagger-motorroller-fahrrad-konvexspiegel-seite\/\" \/>\r\n<meta property=\"og:locale\" content=\"de_DE\" \/>\r\n<meta property=\"og:type\" content=\"article\" \/>\r\n<meta property=\"og:title\" content=\"R\u00fcckspiegel f\u00fcr LKW, Bagger und Wohnwagen -Induzon\" \/>\r\n<meta property=\"og:description\" content=\"Au\u00dfenspiegel f\u00fcr Traktor, LKW und Wohnwagen. Universelle R\u00fcckspiegel, Konvexspiegel und Spiegel mit Halterung f\u00fcr mehr Sicherheit ohne tote Winkel.\" \/>\r\n<meta property=\"og:url\" content=\"https:\/\/induzon.com\/de\/produkt\/universal-magnetisch-rueckspiegel-fuer-rasentraktoren-elektro-dreirad-und-vierrad-lieferwagen-anhaenger-golfcarts-traktor-wohnwagen-radlader-gabelstapler-bagger-motorroller-fahrrad-konvexspiegel-seite\/\" \/>\r\n<meta property=\"og:site_name\" content=\"induzon\" \/>\r\n<meta property=\"article:modified_time\" content=\"2025-12-23T08:05:04+00:00\" \/>\r\n<meta property=\"og:image\" content=\"https:\/\/induzon.com\/wp-content\/uploads\/2025\/09\/01.jpg\" \/>\r\n\t<meta property=\"og:image:width\" content=\"1476\" \/>\r\n\t<meta property=\"og:image:height\" content=\"1476\" \/>\r\n\t<meta property=\"og:image:type\" content=\"image\/jpeg\" \/>\r\n<meta name=\"twitter:card\" content=\"summary_large_image\" \/>\r\n<meta name=\"twitter:label1\" content=\"Gesch\u00e4tzte Lesezeit\" \/>\n\t<meta name=\"twitter:data1\" content=\"1\u00a0Minute\" \/>\r\n<script type=\"application\/ld+json\" class=\"yoast-schema-graph\">{\"@context\":\"https:\/\/schema.org\",\"@graph\":[{\"@type\":\"WebPage\",\"@id\":\"https:\/\/induzon.com\/de\/produkt\/universal-magnetisch-rueckspiegel-fuer-rasentraktoren-elektro-dreirad-und-vierrad-lieferwagen-anhaenger-golfcarts-traktor-wohnwagen-radlader-gabelstapler-bagger-motorroller-fahrrad-konvexspiegel-seite\/\",\"url\":\"https:\/\/induzon.com\/de\/produkt\/universal-magnetisch-rueckspiegel-fuer-rasentraktoren-elektro-dreirad-und-vierrad-lieferwagen-anhaenger-golfcarts-traktor-wohnwagen-radlader-gabelstapler-bagger-motorroller-fahrrad-konvexspiegel-seite\/\",\"name\":\"R\u00fcckspiegel f\u00fcr LKW, Bagger und Wohnwagen -Induzon\",\"isPartOf\":{\"@id\":\"https:\/\/induzon.com\/de\/#website\"},\"primaryImageOfPage\":{\"@id\":\"https:\/\/induzon.com\/de\/produkt\/universal-magnetisch-rueckspiegel-fuer-rasentraktoren-elektro-dreirad-und-vierrad-lieferwagen-anhaenger-golfcarts-traktor-wohnwagen-radlader-gabelstapler-bagger-motorroller-fahrrad-konvexspiegel-seite\/#primaryimage\"},\"image\":{\"@id\":\"https:\/\/induzon.com\/de\/produkt\/universal-magnetisch-rueckspiegel-fuer-rasentraktoren-elektro-dreirad-und-vierrad-lieferwagen-anhaenger-golfcarts-traktor-wohnwagen-radlader-gabelstapler-bagger-motorroller-fahrrad-konvexspiegel-seite\/#primaryimage\"},\"thumbnailUrl\":\"https:\/\/induzon.com\/wp-content\/uploads\/2025\/09\/01.jpg\",\"datePublished\":\"2025-09-04T07:18:13+00:00\",\"dateModified\":\"2025-12-23T08:05:04+00:00\",\"description\":\"Au\u00dfenspiegel f\u00fcr Traktor, LKW und Wohnwagen. Universelle R\u00fcckspiegel, Konvexspiegel und Spiegel mit Halterung f\u00fcr mehr Sicherheit ohne tote Winkel.\",\"breadcrumb\":{\"@id\":\"https:\/\/induzon.com\/de\/produkt\/universal-magnetisch-rueckspiegel-fuer-rasentraktoren-elektro-dreirad-und-vierrad-lieferwagen-anhaenger-golfcarts-traktor-wohnwagen-radlader-gabelstapler-bagger-motorroller-fahrrad-konvexspiegel-seite\/#breadcrumb\"},\"inLanguage\":\"de\",\"potentialAction\":[{\"@type\":\"ReadAction\",\"target\":[\"https:\/\/induzon.com\/de\/produkt\/universal-magnetisch-rueckspiegel-fuer-rasentraktoren-elektro-dreirad-und-vierrad-lieferwagen-anhaenger-golfcarts-traktor-wohnwagen-radlader-gabelstapler-bagger-motorroller-fahrrad-konvexspiegel-seite\/\"]}]},{\"@type\":\"ImageObject\",\"inLanguage\":\"de\",\"@id\":\"https:\/\/induzon.com\/de\/produkt\/universal-magnetisch-rueckspiegel-fuer-rasentraktoren-elektro-dreirad-und-vierrad-lieferwagen-anhaenger-golfcarts-traktor-wohnwagen-radlader-gabelstapler-bagger-motorroller-fahrrad-konvexspiegel-seite\/#primaryimage\",\"url\":\"https:\/\/induzon.com\/wp-content\/uploads\/2025\/09\/01.jpg\",\"contentUrl\":\"https:\/\/induzon.com\/wp-content\/uploads\/2025\/09\/01.jpg\",\"width\":1476,\"height\":1476,\"caption\":\"Au\u00dfenspiegel f\u00fcr Traktor, LKW und Wohnwagen. Universelle R\u00fcckspiegel, Konvexspiegel und Spiegel mit Halterung f\u00fcr mehr Sicherheit ohne tote Winkel.\"},{\"@type\":\"BreadcrumbList\",\"@id\":\"https:\/\/induzon.com\/de\/produkt\/universal-magnetisch-rueckspiegel-fuer-rasentraktoren-elektro-dreirad-und-vierrad-lieferwagen-anhaenger-golfcarts-traktor-wohnwagen-radlader-gabelstapler-bagger-motorroller-fahrrad-konvexspiegel-seite\/#breadcrumb\",\"itemListElement\":[{\"@type\":\"ListItem\",\"position\":1,\"name\":\"\u9996\u9875\",\"item\":\"https:\/\/induzon.com\/de\/\"},{\"@type\":\"ListItem\",\"position\":2,\"name\":\"Shop\",\"item\":\"https:\/\/induzon.com\/de\/shopde\/\"},{\"@type\":\"ListItem\",\"position\":3,\"name\":\"Universal magnetisch r\u00fcckspiegel f\u00fcr rasentraktoren elektro dreirad und vierrad lieferwagen anh\u00e4nger golfcarts traktor wohnwagen radlader gabelstapler bagger motorroller fahrrad konvexspiegel seitenspiegel im alltag\"}]},{\"@type\":\"WebSite\",\"@id\":\"https:\/\/induzon.com\/de\/#website\",\"url\":\"https:\/\/induzon.com\/de\/\",\"name\":\"induzon\",\"description\":\"\",\"publisher\":{\"@id\":\"https:\/\/induzon.com\/de\/#organization\"},\"potentialAction\":[{\"@type\":\"SearchAction\",\"target\":{\"@type\":\"EntryPoint\",\"urlTemplate\":\"https:\/\/induzon.com\/de\/?s={search_term_string}\"},\"query-input\":{\"@type\":\"PropertyValueSpecification\",\"valueRequired\":true,\"valueName\":\"search_term_string\"}}],\"inLanguage\":\"de\"},{\"@type\":\"Organization\",\"@id\":\"https:\/\/induzon.com\/de\/#organization\",\"name\":\"induzon\",\"url\":\"https:\/\/induzon.com\/de\/\",\"logo\":{\"@type\":\"ImageObject\",\"inLanguage\":\"de\",\"@id\":\"https:\/\/induzon.com\/de\/#\/schema\/logo\/image\/\",\"url\":\"https:\/\/induzon.com\/wp-content\/uploads\/2025\/05\/cropped-026.png\",\"contentUrl\":\"https:\/\/induzon.com\/wp-content\/uploads\/2025\/05\/cropped-026.png\",\"width\":512,\"height\":512,\"caption\":\"induzon\"},\"image\":{\"@id\":\"https:\/\/induzon.com\/de\/#\/schema\/logo\/image\/\"}}]}<\/script>\r\n<!-- \/ Yoast SEO plugin. -->","yoast_head_json":{"title":"R\u00fcckspiegel f\u00fcr LKW, Bagger und Wohnwagen -Induzon","description":"Au\u00dfenspiegel f\u00fcr Traktor, LKW und Wohnwagen. Universelle R\u00fcckspiegel, Konvexspiegel und Spiegel mit Halterung f\u00fcr mehr Sicherheit ohne tote Winkel.","robots":{"index":"index","follow":"follow","max-snippet":"max-snippet:-1","max-image-preview":"max-image-preview:large","max-video-preview":"max-video-preview:-1"},"canonical":"https:\/\/induzon.com\/de\/produkt\/universal-magnetisch-rueckspiegel-fuer-rasentraktoren-elektro-dreirad-und-vierrad-lieferwagen-anhaenger-golfcarts-traktor-wohnwagen-radlader-gabelstapler-bagger-motorroller-fahrrad-konvexspiegel-seite\/","og_locale":"de_DE","og_type":"article","og_title":"R\u00fcckspiegel f\u00fcr LKW, Bagger und Wohnwagen -Induzon","og_description":"Au\u00dfenspiegel f\u00fcr Traktor, LKW und Wohnwagen. Universelle R\u00fcckspiegel, Konvexspiegel und Spiegel mit Halterung f\u00fcr mehr Sicherheit ohne tote Winkel.","og_url":"https:\/\/induzon.com\/de\/produkt\/universal-magnetisch-rueckspiegel-fuer-rasentraktoren-elektro-dreirad-und-vierrad-lieferwagen-anhaenger-golfcarts-traktor-wohnwagen-radlader-gabelstapler-bagger-motorroller-fahrrad-konvexspiegel-seite\/","og_site_name":"induzon","article_modified_time":"2025-12-23T08:05:04+00:00","og_image":[{"width":1476,"height":1476,"url":"https:\/\/induzon.com\/wp-content\/uploads\/2025\/09\/01.jpg","type":"image\/jpeg"}],"twitter_card":"summary_large_image","twitter_misc":{"Gesch\u00e4tzte Lesezeit":"1\u00a0Minute"},"schema":{"@context":"https:\/\/schema.org","@graph":[{"@type":"WebPage","@id":"https:\/\/induzon.com\/de\/produkt\/universal-magnetisch-rueckspiegel-fuer-rasentraktoren-elektro-dreirad-und-vierrad-lieferwagen-anhaenger-golfcarts-traktor-wohnwagen-radlader-gabelstapler-bagger-motorroller-fahrrad-konvexspiegel-seite\/","url":"https:\/\/induzon.com\/de\/produkt\/universal-magnetisch-rueckspiegel-fuer-rasentraktoren-elektro-dreirad-und-vierrad-lieferwagen-anhaenger-golfcarts-traktor-wohnwagen-radlader-gabelstapler-bagger-motorroller-fahrrad-konvexspiegel-seite\/","name":"R\u00fcckspiegel f\u00fcr LKW, Bagger und Wohnwagen -Induzon","isPartOf":{"@id":"https:\/\/induzon.com\/de\/#website"},"primaryImageOfPage":{"@id":"https:\/\/induzon.com\/de\/produkt\/universal-magnetisch-rueckspiegel-fuer-rasentraktoren-elektro-dreirad-und-vierrad-lieferwagen-anhaenger-golfcarts-traktor-wohnwagen-radlader-gabelstapler-bagger-motorroller-fahrrad-konvexspiegel-seite\/#primaryimage"},"image":{"@id":"https:\/\/induzon.com\/de\/produkt\/universal-magnetisch-rueckspiegel-fuer-rasentraktoren-elektro-dreirad-und-vierrad-lieferwagen-anhaenger-golfcarts-traktor-wohnwagen-radlader-gabelstapler-bagger-motorroller-fahrrad-konvexspiegel-seite\/#primaryimage"},"thumbnailUrl":"https:\/\/induzon.com\/wp-content\/uploads\/2025\/09\/01.jpg","datePublished":"2025-09-04T07:18:13+00:00","dateModified":"2025-12-23T08:05:04+00:00","description":"Au\u00dfenspiegel f\u00fcr Traktor, LKW und Wohnwagen. Universelle R\u00fcckspiegel, Konvexspiegel und Spiegel mit Halterung f\u00fcr mehr Sicherheit ohne tote Winkel.","breadcrumb":{"@id":"https:\/\/induzon.com\/de\/produkt\/universal-magnetisch-rueckspiegel-fuer-rasentraktoren-elektro-dreirad-und-vierrad-lieferwagen-anhaenger-golfcarts-traktor-wohnwagen-radlader-gabelstapler-bagger-motorroller-fahrrad-konvexspiegel-seite\/#breadcrumb"},"inLanguage":"de","potentialAction":[{"@type":"ReadAction","target":["https:\/\/induzon.com\/de\/produkt\/universal-magnetisch-rueckspiegel-fuer-rasentraktoren-elektro-dreirad-und-vierrad-lieferwagen-anhaenger-golfcarts-traktor-wohnwagen-radlader-gabelstapler-bagger-motorroller-fahrrad-konvexspiegel-seite\/"]}]},{"@type":"ImageObject","inLanguage":"de","@id":"https:\/\/induzon.com\/de\/produkt\/universal-magnetisch-rueckspiegel-fuer-rasentraktoren-elektro-dreirad-und-vierrad-lieferwagen-anhaenger-golfcarts-traktor-wohnwagen-radlader-gabelstapler-bagger-motorroller-fahrrad-konvexspiegel-seite\/#primaryimage","url":"https:\/\/induzon.com\/wp-content\/uploads\/2025\/09\/01.jpg","contentUrl":"https:\/\/induzon.com\/wp-content\/uploads\/2025\/09\/01.jpg","width":1476,"height":1476,"caption":"Au\u00dfenspiegel f\u00fcr Traktor, LKW und Wohnwagen. Universelle R\u00fcckspiegel, Konvexspiegel und Spiegel mit Halterung f\u00fcr mehr Sicherheit ohne tote Winkel."},{"@type":"BreadcrumbList","@id":"https:\/\/induzon.com\/de\/produkt\/universal-magnetisch-rueckspiegel-fuer-rasentraktoren-elektro-dreirad-und-vierrad-lieferwagen-anhaenger-golfcarts-traktor-wohnwagen-radlader-gabelstapler-bagger-motorroller-fahrrad-konvexspiegel-seite\/#breadcrumb","itemListElement":[{"@type":"ListItem","position":1,"name":"\u9996\u9875","item":"https:\/\/induzon.com\/de\/"},{"@type":"ListItem","position":2,"name":"Shop","item":"https:\/\/induzon.com\/de\/shopde\/"},{"@type":"ListItem","position":3,"name":"Universal magnetisch r\u00fcckspiegel f\u00fcr rasentraktoren elektro dreirad und vierrad lieferwagen anh\u00e4nger golfcarts traktor wohnwagen radlader gabelstapler bagger motorroller fahrrad konvexspiegel seitenspiegel im alltag"}]},{"@type":"WebSite","@id":"https:\/\/induzon.com\/de\/#website","url":"https:\/\/induzon.com\/de\/","name":"induzon","description":"","publisher":{"@id":"https:\/\/induzon.com\/de\/#organization"},"potentialAction":[{"@type":"SearchAction","target":{"@type":"EntryPoint","urlTemplate":"https:\/\/induzon.com\/de\/?s={search_term_string}"},"query-input":{"@type":"PropertyValueSpecification","valueRequired":true,"valueName":"search_term_string"}}],"inLanguage":"de"},{"@type":"Organization","@id":"https:\/\/induzon.com\/de\/#organization","name":"induzon","url":"https:\/\/induzon.com\/de\/","logo":{"@type":"ImageObject","inLanguage":"de","@id":"https:\/\/induzon.com\/de\/#\/schema\/logo\/image\/","url":"https:\/\/induzon.com\/wp-content\/uploads\/2025\/05\/cropped-026.png","contentUrl":"https:\/\/induzon.com\/wp-content\/uploads\/2025\/05\/cropped-026.png","width":512,"height":512,"caption":"induzon"},"image":{"@id":"https:\/\/induzon.com\/de\/#\/schema\/logo\/image\/"}}]}},"_links":{"self":[{"href":"https:\/\/induzon.com\/de\/wp-json\/wp\/v2\/product\/24229","targetHints":{"allow":["GET"]}}],"collection":[{"href":"https:\/\/induzon.com\/de\/wp-json\/wp\/v2\/product"}],"about":[{"href":"https:\/\/induzon.com\/de\/wp-json\/wp\/v2\/types\/product"}],"replies":[{"embeddable":true,"href":"https:\/\/induzon.com\/de\/wp-json\/wp\/v2\/comments?post=24229"}],"version-history":[{"count":1,"href":"https:\/\/induzon.com\/de\/wp-json\/wp\/v2\/product\/24229\/revisions"}],"predecessor-version":[{"id":32362,"href":"https:\/\/induzon.com\/de\/wp-json\/wp\/v2\/product\/24229\/revisions\/32362"}],"wp:featuredmedia":[{"embeddable":true,"href":"https:\/\/induzon.com\/de\/wp-json\/wp\/v2\/media\/24194"}],"wp:attachment":[{"href":"https:\/\/induzon.com\/de\/wp-json\/wp\/v2\/media?parent=24229"}],"wp:term":[{"taxonomy":"product_brand","embeddable":true,"href":"https:\/\/induzon.com\/de\/wp-json\/wp\/v2\/product_brand?post=24229"},{"taxonomy":"product_cat","embeddable":true,"href":"https:\/\/induzon.com\/de\/wp-json\/wp\/v2\/product_cat?post=24229"},{"taxonomy":"product_tag","embeddable":true,"href":"https:\/\/induzon.com\/de\/wp-json\/wp\/v2\/product_tag?post=24229"}],"curies":[{"name":"wp","href":"https:\/\/api.w.org\/{rel}","templated":true}]}}