{"id":30575,"date":"2025-11-18T11:51:17","date_gmt":"2025-11-18T03:51:17","guid":{"rendered":"https:\/\/induzon.com\/shop\/gusseiserne-ofentueren-und-kaminofentueren-feuerfest-und-hitzebestaendig-fuer-biomasse\/"},"modified":"2025-12-18T14:22:30","modified_gmt":"2025-12-18T06:22:30","slug":"gusseiserne-ofentueren-und-kaminofentueren-feuerfest-und-hitzebestaendig-fuer-biomasse","status":"publish","type":"product","link":"https:\/\/induzon.com\/de\/produkt\/gusseiserne-ofentueren-und-kaminofentueren-feuerfest-und-hitzebestaendig-fuer-biomasse\/","title":{"rendered":"Gusseiserne Ofent\u00fcren und Kaminofent\u00fcren Feuerfest und Hitzebest\u00e4ndig f\u00fcr Biomasse"},"content":{"rendered":"<p>1.Robustes Gusseisen-Material f\u00fcr langlebige Haltbarkeit und hervorragende W\u00e4rmeleitf\u00e4higkeit<br \/>\n2.Perfekt geeignet f\u00fcr Kamine, Holz\u00f6fen, K\u00fcchenherde und Boiler als vielseitige T\u00fcrl\u00f6sung<br \/>\n3.Einfache Installation und Handhabung mit praktischem Design f\u00fcr Reinigung und Inspektion<br \/>\n4.Stabil und hitzebest\u00e4ndig f\u00fcr sicheren und effizienten Betrieb bei hohen Temperaturen<br \/>\n5.Ideal zum Verschlie\u00dfen von Asche- und Zugangs\u00f6ffnungen mit perfektem Sitz und Sicherheit<\/p>\n","protected":false},"excerpt":{"rendered":"<p>1.Robustes Gusseisen-Material f\u00fcr langlebige Haltbarkeit und hervorragende W\u00e4rmeleitf\u00e4higkeit 2.Perfekt geeignet f\u00fcr Kamine, Holz\u00f6fen, K\u00fcchenherde und Boiler als vielseitige T\u00fcrl\u00f6sung 3.Einfache [&hellip;]<\/p>\n","protected":false},"featured_media":30330,"comment_status":"open","ping_status":"closed","template":"","meta":{"site-sidebar-layout":"default","site-content-layout":"","ast-site-content-layout":"default","site-content-style":"default","site-sidebar-style":"default","ast-global-header-display":"","ast-banner-title-visibility":"","ast-main-header-display":"","ast-hfb-above-header-display":"","ast-hfb-below-header-display":"","ast-hfb-mobile-header-display":"","site-post-title":"","ast-breadcrumbs-content":"","ast-featured-img":"","footer-sml-layout":"","theme-transparent-header-meta":"default","adv-header-id-meta":"","stick-header-meta":"","header-above-stick-meta":"","header-main-stick-meta":"","header-below-stick-meta":"","astra-migrate-meta-layouts":"set","ast-page-background-enabled":"default","ast-page-background-meta":{"desktop":{"background-color":"var(--ast-global-color-4)","background-image":"","background-repeat":"repeat","background-position":"center center","background-size":"auto","background-attachment":"scroll","background-type":"","background-media":"","overlay-type":"","overlay-color":"","overlay-opacity":"","overlay-gradient":""},"tablet":{"background-color":"","background-image":"","background-repeat":"repeat","background-position":"center center","background-size":"auto","background-attachment":"scroll","background-type":"","background-media":"","overlay-type":"","overlay-color":"","overlay-opacity":"","overlay-gradient":""},"mobile":{"background-color":"","background-image":"","background-repeat":"repeat","background-position":"center center","background-size":"auto","background-attachment":"scroll","background-type":"","background-media":"","overlay-type":"","overlay-color":"","overlay-opacity":"","overlay-gradient":""}},"ast-content-background-meta":{"desktop":{"background-color":"var(--ast-global-color-5)","background-image":"","background-repeat":"repeat","background-position":"center center","background-size":"auto","background-attachment":"scroll","background-type":"","background-media":"","overlay-type":"","overlay-color":"","overlay-opacity":"","overlay-gradient":""},"tablet":{"background-color":"var(--ast-global-color-5)","background-image":"","background-repeat":"repeat","background-position":"center center","background-size":"auto","background-attachment":"scroll","background-type":"","background-media":"","overlay-type":"","overlay-color":"","overlay-opacity":"","overlay-gradient":""},"mobile":{"background-color":"var(--ast-global-color-5)","background-image":"","background-repeat":"repeat","background-position":"center center","background-size":"auto","background-attachment":"scroll","background-type":"","background-media":"","overlay-type":"","overlay-color":"","overlay-opacity":"","overlay-gradient":""}}},"product_brand":[],"product_cat":[2023,2022],"product_tag":[2024],"class_list":{"0":"post-30575","1":"product","2":"type-product","3":"status-publish","4":"has-post-thumbnail","6":"product_cat-boiler-durch","7":"product_cat-kesselkomponenten","8":"product_tag-boiler-durch","9":"desktop-align-left","10":"tablet-align-left","11":"mobile-align-left","13":"first","14":"instock","15":"sale","16":"shipping-taxable","17":"purchasable","18":"product-type-variable"},"yoast_head":"<!-- This site is optimized with the Yoast SEO plugin v24.9 - https:\/\/yoast.com\/wordpress\/plugins\/seo\/ -->\r\n<title>Gusseiserne Ofent\u00fcren und Kaminofent\u00fcren -Induzon<\/title>\r\n<meta name=\"description\" content=\"Wir produzieren gusseiserne Ofent\u00fcren Kaminofent\u00fcren und Boilert\u00fcren in verschiedenen Formen wie rund eckig und bogenf\u00f6rmig Diese sind feuerfest\" \/>\r\n<meta name=\"robots\" content=\"index, follow, max-snippet:-1, max-image-preview:large, max-video-preview:-1\" \/>\r\n<link rel=\"canonical\" href=\"https:\/\/induzon.com\/de\/produkt\/gusseiserne-ofentueren-und-kaminofentueren-feuerfest-und-hitzebestaendig-fuer-biomasse\/\" \/>\r\n<meta property=\"og:locale\" content=\"de_DE\" \/>\r\n<meta property=\"og:type\" content=\"article\" \/>\r\n<meta property=\"og:title\" content=\"Gusseiserne Ofent\u00fcren und Kaminofent\u00fcren -Induzon\" \/>\r\n<meta property=\"og:description\" content=\"Wir produzieren gusseiserne Ofent\u00fcren Kaminofent\u00fcren und Boilert\u00fcren in verschiedenen Formen wie rund eckig und bogenf\u00f6rmig Diese sind feuerfest\" \/>\r\n<meta property=\"og:url\" content=\"https:\/\/induzon.com\/de\/produkt\/gusseiserne-ofentueren-und-kaminofentueren-feuerfest-und-hitzebestaendig-fuer-biomasse\/\" \/>\r\n<meta property=\"og:site_name\" content=\"induzon\" \/>\r\n<meta property=\"article:modified_time\" content=\"2025-12-18T06:22:30+00:00\" \/>\r\n<meta property=\"og:image\" content=\"https:\/\/induzon.com\/wp-content\/uploads\/2025\/11\/200x300mm.jpg\" \/>\r\n\t<meta property=\"og:image:width\" content=\"1500\" \/>\r\n\t<meta property=\"og:image:height\" content=\"1500\" \/>\r\n\t<meta property=\"og:image:type\" content=\"image\/jpeg\" \/>\r\n<meta name=\"twitter:card\" content=\"summary_large_image\" \/>\r\n<meta name=\"twitter:label1\" content=\"Gesch\u00e4tzte Lesezeit\" \/>\n\t<meta name=\"twitter:data1\" content=\"1\u00a0Minute\" \/>\r\n<script type=\"application\/ld+json\" class=\"yoast-schema-graph\">{\"@context\":\"https:\/\/schema.org\",\"@graph\":[{\"@type\":\"WebPage\",\"@id\":\"https:\/\/induzon.com\/de\/produkt\/gusseiserne-ofentueren-und-kaminofentueren-feuerfest-und-hitzebestaendig-fuer-biomasse\/\",\"url\":\"https:\/\/induzon.com\/de\/produkt\/gusseiserne-ofentueren-und-kaminofentueren-feuerfest-und-hitzebestaendig-fuer-biomasse\/\",\"name\":\"Gusseiserne Ofent\u00fcren und Kaminofent\u00fcren -Induzon\",\"isPartOf\":{\"@id\":\"https:\/\/induzon.com\/de\/#website\"},\"primaryImageOfPage\":{\"@id\":\"https:\/\/induzon.com\/de\/produkt\/gusseiserne-ofentueren-und-kaminofentueren-feuerfest-und-hitzebestaendig-fuer-biomasse\/#primaryimage\"},\"image\":{\"@id\":\"https:\/\/induzon.com\/de\/produkt\/gusseiserne-ofentueren-und-kaminofentueren-feuerfest-und-hitzebestaendig-fuer-biomasse\/#primaryimage\"},\"thumbnailUrl\":\"https:\/\/induzon.com\/wp-content\/uploads\/2025\/11\/200x300mm.jpg\",\"datePublished\":\"2025-11-18T03:51:17+00:00\",\"dateModified\":\"2025-12-18T06:22:30+00:00\",\"description\":\"Wir produzieren gusseiserne Ofent\u00fcren Kaminofent\u00fcren und Boilert\u00fcren in verschiedenen Formen wie rund eckig und bogenf\u00f6rmig Diese sind feuerfest\",\"breadcrumb\":{\"@id\":\"https:\/\/induzon.com\/de\/produkt\/gusseiserne-ofentueren-und-kaminofentueren-feuerfest-und-hitzebestaendig-fuer-biomasse\/#breadcrumb\"},\"inLanguage\":\"de\",\"potentialAction\":[{\"@type\":\"ReadAction\",\"target\":[\"https:\/\/induzon.com\/de\/produkt\/gusseiserne-ofentueren-und-kaminofentueren-feuerfest-und-hitzebestaendig-fuer-biomasse\/\"]}]},{\"@type\":\"ImageObject\",\"inLanguage\":\"de\",\"@id\":\"https:\/\/induzon.com\/de\/produkt\/gusseiserne-ofentueren-und-kaminofentueren-feuerfest-und-hitzebestaendig-fuer-biomasse\/#primaryimage\",\"url\":\"https:\/\/induzon.com\/wp-content\/uploads\/2025\/11\/200x300mm.jpg\",\"contentUrl\":\"https:\/\/induzon.com\/wp-content\/uploads\/2025\/11\/200x300mm.jpg\",\"width\":1500,\"height\":1500,\"caption\":\"Gusseiserne Ofent\u00fcren und Kaminofent\u00fcren\"},{\"@type\":\"BreadcrumbList\",\"@id\":\"https:\/\/induzon.com\/de\/produkt\/gusseiserne-ofentueren-und-kaminofentueren-feuerfest-und-hitzebestaendig-fuer-biomasse\/#breadcrumb\",\"itemListElement\":[{\"@type\":\"ListItem\",\"position\":1,\"name\":\"\u9996\u9875\",\"item\":\"https:\/\/induzon.com\/de\/\"},{\"@type\":\"ListItem\",\"position\":2,\"name\":\"Shop\",\"item\":\"https:\/\/induzon.com\/de\/shopde\/\"},{\"@type\":\"ListItem\",\"position\":3,\"name\":\"Gusseiserne Ofent\u00fcren und Kaminofent\u00fcren Feuerfest und Hitzebest\u00e4ndig f\u00fcr Biomasse\"}]},{\"@type\":\"WebSite\",\"@id\":\"https:\/\/induzon.com\/de\/#website\",\"url\":\"https:\/\/induzon.com\/de\/\",\"name\":\"induzon\",\"description\":\"\",\"publisher\":{\"@id\":\"https:\/\/induzon.com\/de\/#organization\"},\"potentialAction\":[{\"@type\":\"SearchAction\",\"target\":{\"@type\":\"EntryPoint\",\"urlTemplate\":\"https:\/\/induzon.com\/de\/?s={search_term_string}\"},\"query-input\":{\"@type\":\"PropertyValueSpecification\",\"valueRequired\":true,\"valueName\":\"search_term_string\"}}],\"inLanguage\":\"de\"},{\"@type\":\"Organization\",\"@id\":\"https:\/\/induzon.com\/de\/#organization\",\"name\":\"induzon\",\"url\":\"https:\/\/induzon.com\/de\/\",\"logo\":{\"@type\":\"ImageObject\",\"inLanguage\":\"de\",\"@id\":\"https:\/\/induzon.com\/de\/#\/schema\/logo\/image\/\",\"url\":\"https:\/\/induzon.com\/wp-content\/uploads\/2025\/05\/cropped-026.png\",\"contentUrl\":\"https:\/\/induzon.com\/wp-content\/uploads\/2025\/05\/cropped-026.png\",\"width\":512,\"height\":512,\"caption\":\"induzon\"},\"image\":{\"@id\":\"https:\/\/induzon.com\/de\/#\/schema\/logo\/image\/\"}}]}<\/script>\r\n<!-- \/ Yoast SEO plugin. -->","yoast_head_json":{"title":"Gusseiserne Ofent\u00fcren und Kaminofent\u00fcren -Induzon","description":"Wir produzieren gusseiserne Ofent\u00fcren Kaminofent\u00fcren und Boilert\u00fcren in verschiedenen Formen wie rund eckig und bogenf\u00f6rmig Diese sind feuerfest","robots":{"index":"index","follow":"follow","max-snippet":"max-snippet:-1","max-image-preview":"max-image-preview:large","max-video-preview":"max-video-preview:-1"},"canonical":"https:\/\/induzon.com\/de\/produkt\/gusseiserne-ofentueren-und-kaminofentueren-feuerfest-und-hitzebestaendig-fuer-biomasse\/","og_locale":"de_DE","og_type":"article","og_title":"Gusseiserne Ofent\u00fcren und Kaminofent\u00fcren -Induzon","og_description":"Wir produzieren gusseiserne Ofent\u00fcren Kaminofent\u00fcren und Boilert\u00fcren in verschiedenen Formen wie rund eckig und bogenf\u00f6rmig Diese sind feuerfest","og_url":"https:\/\/induzon.com\/de\/produkt\/gusseiserne-ofentueren-und-kaminofentueren-feuerfest-und-hitzebestaendig-fuer-biomasse\/","og_site_name":"induzon","article_modified_time":"2025-12-18T06:22:30+00:00","og_image":[{"width":1500,"height":1500,"url":"https:\/\/induzon.com\/wp-content\/uploads\/2025\/11\/200x300mm.jpg","type":"image\/jpeg"}],"twitter_card":"summary_large_image","twitter_misc":{"Gesch\u00e4tzte Lesezeit":"1\u00a0Minute"},"schema":{"@context":"https:\/\/schema.org","@graph":[{"@type":"WebPage","@id":"https:\/\/induzon.com\/de\/produkt\/gusseiserne-ofentueren-und-kaminofentueren-feuerfest-und-hitzebestaendig-fuer-biomasse\/","url":"https:\/\/induzon.com\/de\/produkt\/gusseiserne-ofentueren-und-kaminofentueren-feuerfest-und-hitzebestaendig-fuer-biomasse\/","name":"Gusseiserne Ofent\u00fcren und Kaminofent\u00fcren -Induzon","isPartOf":{"@id":"https:\/\/induzon.com\/de\/#website"},"primaryImageOfPage":{"@id":"https:\/\/induzon.com\/de\/produkt\/gusseiserne-ofentueren-und-kaminofentueren-feuerfest-und-hitzebestaendig-fuer-biomasse\/#primaryimage"},"image":{"@id":"https:\/\/induzon.com\/de\/produkt\/gusseiserne-ofentueren-und-kaminofentueren-feuerfest-und-hitzebestaendig-fuer-biomasse\/#primaryimage"},"thumbnailUrl":"https:\/\/induzon.com\/wp-content\/uploads\/2025\/11\/200x300mm.jpg","datePublished":"2025-11-18T03:51:17+00:00","dateModified":"2025-12-18T06:22:30+00:00","description":"Wir produzieren gusseiserne Ofent\u00fcren Kaminofent\u00fcren und Boilert\u00fcren in verschiedenen Formen wie rund eckig und bogenf\u00f6rmig Diese sind feuerfest","breadcrumb":{"@id":"https:\/\/induzon.com\/de\/produkt\/gusseiserne-ofentueren-und-kaminofentueren-feuerfest-und-hitzebestaendig-fuer-biomasse\/#breadcrumb"},"inLanguage":"de","potentialAction":[{"@type":"ReadAction","target":["https:\/\/induzon.com\/de\/produkt\/gusseiserne-ofentueren-und-kaminofentueren-feuerfest-und-hitzebestaendig-fuer-biomasse\/"]}]},{"@type":"ImageObject","inLanguage":"de","@id":"https:\/\/induzon.com\/de\/produkt\/gusseiserne-ofentueren-und-kaminofentueren-feuerfest-und-hitzebestaendig-fuer-biomasse\/#primaryimage","url":"https:\/\/induzon.com\/wp-content\/uploads\/2025\/11\/200x300mm.jpg","contentUrl":"https:\/\/induzon.com\/wp-content\/uploads\/2025\/11\/200x300mm.jpg","width":1500,"height":1500,"caption":"Gusseiserne Ofent\u00fcren und Kaminofent\u00fcren"},{"@type":"BreadcrumbList","@id":"https:\/\/induzon.com\/de\/produkt\/gusseiserne-ofentueren-und-kaminofentueren-feuerfest-und-hitzebestaendig-fuer-biomasse\/#breadcrumb","itemListElement":[{"@type":"ListItem","position":1,"name":"\u9996\u9875","item":"https:\/\/induzon.com\/de\/"},{"@type":"ListItem","position":2,"name":"Shop","item":"https:\/\/induzon.com\/de\/shopde\/"},{"@type":"ListItem","position":3,"name":"Gusseiserne Ofent\u00fcren und Kaminofent\u00fcren Feuerfest und Hitzebest\u00e4ndig f\u00fcr Biomasse"}]},{"@type":"WebSite","@id":"https:\/\/induzon.com\/de\/#website","url":"https:\/\/induzon.com\/de\/","name":"induzon","description":"","publisher":{"@id":"https:\/\/induzon.com\/de\/#organization"},"potentialAction":[{"@type":"SearchAction","target":{"@type":"EntryPoint","urlTemplate":"https:\/\/induzon.com\/de\/?s={search_term_string}"},"query-input":{"@type":"PropertyValueSpecification","valueRequired":true,"valueName":"search_term_string"}}],"inLanguage":"de"},{"@type":"Organization","@id":"https:\/\/induzon.com\/de\/#organization","name":"induzon","url":"https:\/\/induzon.com\/de\/","logo":{"@type":"ImageObject","inLanguage":"de","@id":"https:\/\/induzon.com\/de\/#\/schema\/logo\/image\/","url":"https:\/\/induzon.com\/wp-content\/uploads\/2025\/05\/cropped-026.png","contentUrl":"https:\/\/induzon.com\/wp-content\/uploads\/2025\/05\/cropped-026.png","width":512,"height":512,"caption":"induzon"},"image":{"@id":"https:\/\/induzon.com\/de\/#\/schema\/logo\/image\/"}}]}},"_links":{"self":[{"href":"https:\/\/induzon.com\/de\/wp-json\/wp\/v2\/product\/30575","targetHints":{"allow":["GET"]}}],"collection":[{"href":"https:\/\/induzon.com\/de\/wp-json\/wp\/v2\/product"}],"about":[{"href":"https:\/\/induzon.com\/de\/wp-json\/wp\/v2\/types\/product"}],"replies":[{"embeddable":true,"href":"https:\/\/induzon.com\/de\/wp-json\/wp\/v2\/comments?post=30575"}],"version-history":[{"count":1,"href":"https:\/\/induzon.com\/de\/wp-json\/wp\/v2\/product\/30575\/revisions"}],"predecessor-version":[{"id":30641,"href":"https:\/\/induzon.com\/de\/wp-json\/wp\/v2\/product\/30575\/revisions\/30641"}],"wp:featuredmedia":[{"embeddable":true,"href":"https:\/\/induzon.com\/de\/wp-json\/wp\/v2\/media\/30330"}],"wp:attachment":[{"href":"https:\/\/induzon.com\/de\/wp-json\/wp\/v2\/media?parent=30575"}],"wp:term":[{"taxonomy":"product_brand","embeddable":true,"href":"https:\/\/induzon.com\/de\/wp-json\/wp\/v2\/product_brand?post=30575"},{"taxonomy":"product_cat","embeddable":true,"href":"https:\/\/induzon.com\/de\/wp-json\/wp\/v2\/product_cat?post=30575"},{"taxonomy":"product_tag","embeddable":true,"href":"https:\/\/induzon.com\/de\/wp-json\/wp\/v2\/product_tag?post=30575"}],"curies":[{"name":"wp","href":"https:\/\/api.w.org\/{rel}","templated":true}]}}