{"id":33132,"date":"2026-01-15T17:28:38","date_gmt":"2026-01-15T09:28:38","guid":{"rendered":"https:\/\/induzon.com\/shop\/selbstbedienung-pommes-automat-snack-getraenke-verkaufsautomat-kommerziell-2\/"},"modified":"2026-01-15T17:28:38","modified_gmt":"2026-01-15T09:28:38","slug":"selbstbedienung-pommes-automat-snack-getraenke-verkaufsautomat-kommerziell-2","status":"publish","type":"product","link":"https:\/\/induzon.com\/de\/produkt\/selbstbedienung-pommes-automat-snack-getraenke-verkaufsautomat-kommerziell-2\/","title":{"rendered":"Selbstbedienung Pommes Automat Snack Getr\u00e4nke Verkaufsautomat Kommerziell"},"content":{"rendered":"<p>1.Robuste Spiralfeder f\u00fcr zuverl\u00e4ssigen Warenauswurf in Snackautomaten<br \/>\n2.Hergestellt aus langlebigem Kunststoff f\u00fcr wartungsfreien Betrieb<br \/>\n3.Einfache Montage und Kompatibilit\u00e4t mit g\u00e4ngigen Verkaufsautomatenmodellen<br \/>\n4.Ideal f\u00fcr den Einsatz in Innen- und Au\u00dfenbereichen von Imbissbetrieben<br \/>\n5.Prazisionsgefertigter Schieber f\u00fcr st\u00f6rungsfreie Produktf\u00f6rderung<\/p>\n","protected":false},"excerpt":{"rendered":"<p>1.Robuste Spiralfeder f\u00fcr zuverl\u00e4ssigen Warenauswurf in Snackautomaten 2.Hergestellt aus langlebigem Kunststoff f\u00fcr wartungsfreien Betrieb 3.Einfache Montage und Kompatibilit\u00e4t mit g\u00e4ngigen [&hellip;]<\/p>\n","protected":false},"featured_media":29218,"comment_status":"open","ping_status":"closed","template":"","meta":{"site-sidebar-layout":"default","site-content-layout":"","ast-site-content-layout":"default","site-content-style":"default","site-sidebar-style":"default","ast-global-header-display":"","ast-banner-title-visibility":"","ast-main-header-display":"","ast-hfb-above-header-display":"","ast-hfb-below-header-display":"","ast-hfb-mobile-header-display":"","site-post-title":"","ast-breadcrumbs-content":"","ast-featured-img":"","footer-sml-layout":"","theme-transparent-header-meta":"default","adv-header-id-meta":"","stick-header-meta":"","header-above-stick-meta":"","header-main-stick-meta":"","header-below-stick-meta":"","astra-migrate-meta-layouts":"default","ast-page-background-enabled":"default","ast-page-background-meta":{"desktop":{"background-color":"var(--ast-global-color-4)","background-image":"","background-repeat":"repeat","background-position":"center center","background-size":"auto","background-attachment":"scroll","background-type":"","background-media":"","overlay-type":"","overlay-color":"","overlay-opacity":"","overlay-gradient":""},"tablet":{"background-color":"","background-image":"","background-repeat":"repeat","background-position":"center center","background-size":"auto","background-attachment":"scroll","background-type":"","background-media":"","overlay-type":"","overlay-color":"","overlay-opacity":"","overlay-gradient":""},"mobile":{"background-color":"","background-image":"","background-repeat":"repeat","background-position":"center center","background-size":"auto","background-attachment":"scroll","background-type":"","background-media":"","overlay-type":"","overlay-color":"","overlay-opacity":"","overlay-gradient":""}},"ast-content-background-meta":{"desktop":{"background-color":"var(--ast-global-color-5)","background-image":"","background-repeat":"repeat","background-position":"center center","background-size":"auto","background-attachment":"scroll","background-type":"","background-media":"","overlay-type":"","overlay-color":"","overlay-opacity":"","overlay-gradient":""},"tablet":{"background-color":"var(--ast-global-color-5)","background-image":"","background-repeat":"repeat","background-position":"center center","background-size":"auto","background-attachment":"scroll","background-type":"","background-media":"","overlay-type":"","overlay-color":"","overlay-opacity":"","overlay-gradient":""},"mobile":{"background-color":"var(--ast-global-color-5)","background-image":"","background-repeat":"repeat","background-position":"center center","background-size":"auto","background-attachment":"scroll","background-type":"","background-media":"","overlay-type":"","overlay-color":"","overlay-opacity":"","overlay-gradient":""}}},"product_brand":[],"product_cat":[1041,1972,1905],"product_tag":[1973],"class_list":{"0":"post-33132","1":"product","2":"type-product","3":"status-publish","4":"has-post-thumbnail","6":"product_cat-industrielle-und-kommerzielle-ausrustung","7":"product_cat-masina-de-cartofi-prajiti-cu-autoservire-de","8":"product_cat-verkaufsautomat","9":"product_tag-selbstbedienungs-pommes-frites-maschine","10":"desktop-align-left","11":"tablet-align-left","12":"mobile-align-left","14":"first","15":"instock","16":"sale","17":"shipping-taxable","18":"purchasable","19":"product-type-simple"},"yoast_head":"<!-- This site is optimized with the Yoast SEO plugin v24.9 - https:\/\/yoast.com\/wordpress\/plugins\/seo\/ -->\r\n<title>Pommes Automat Snack Getr\u00e4nke Verkaufsautomat -Induzon<\/title>\r\n<meta name=\"description\" content=\"Automatischer Pommes Verkaufsautomat mit Snack und Getr\u00e4nkeoptionen f\u00fcr Selbstbedienung. Ideal f\u00fcr B\u00fcros, Schulen und \u00f6ffentliche Bereiche.\" \/>\r\n<meta name=\"robots\" content=\"index, follow, max-snippet:-1, max-image-preview:large, max-video-preview:-1\" \/>\r\n<link rel=\"canonical\" href=\"https:\/\/induzon.com\/de\/produkt\/selbstbedienung-pommes-automat-snack-getraenke-verkaufsautomat-kommerziell-2\/\" \/>\r\n<meta property=\"og:locale\" content=\"de_DE\" \/>\r\n<meta property=\"og:type\" content=\"article\" \/>\r\n<meta property=\"og:title\" content=\"Pommes Automat Snack Getr\u00e4nke Verkaufsautomat -Induzon\" \/>\r\n<meta property=\"og:description\" content=\"Automatischer Pommes Verkaufsautomat mit Snack und Getr\u00e4nkeoptionen f\u00fcr Selbstbedienung. Ideal f\u00fcr B\u00fcros, Schulen und \u00f6ffentliche Bereiche.\" \/>\r\n<meta property=\"og:url\" content=\"https:\/\/induzon.com\/de\/produkt\/selbstbedienung-pommes-automat-snack-getraenke-verkaufsautomat-kommerziell-2\/\" \/>\r\n<meta property=\"og:site_name\" content=\"induzon\" \/>\r\n<meta property=\"og:image\" content=\"https:\/\/induzon.com\/wp-content\/uploads\/2025\/10\/\u56fe-1-5.jpg\" \/>\r\n\t<meta property=\"og:image:width\" content=\"1500\" \/>\r\n\t<meta property=\"og:image:height\" content=\"1500\" \/>\r\n\t<meta property=\"og:image:type\" content=\"image\/jpeg\" \/>\r\n<meta name=\"twitter:card\" content=\"summary_large_image\" \/>\r\n<script type=\"application\/ld+json\" class=\"yoast-schema-graph\">{\"@context\":\"https:\/\/schema.org\",\"@graph\":[{\"@type\":\"WebPage\",\"@id\":\"https:\/\/induzon.com\/de\/produkt\/selbstbedienung-pommes-automat-snack-getraenke-verkaufsautomat-kommerziell-2\/\",\"url\":\"https:\/\/induzon.com\/de\/produkt\/selbstbedienung-pommes-automat-snack-getraenke-verkaufsautomat-kommerziell-2\/\",\"name\":\"Pommes Automat Snack Getr\u00e4nke Verkaufsautomat -Induzon\",\"isPartOf\":{\"@id\":\"https:\/\/induzon.com\/de\/#website\"},\"primaryImageOfPage\":{\"@id\":\"https:\/\/induzon.com\/de\/produkt\/selbstbedienung-pommes-automat-snack-getraenke-verkaufsautomat-kommerziell-2\/#primaryimage\"},\"image\":{\"@id\":\"https:\/\/induzon.com\/de\/produkt\/selbstbedienung-pommes-automat-snack-getraenke-verkaufsautomat-kommerziell-2\/#primaryimage\"},\"thumbnailUrl\":\"https:\/\/induzon.com\/wp-content\/uploads\/2025\/10\/\u56fe-1-5.jpg\",\"datePublished\":\"2026-01-15T09:28:38+00:00\",\"description\":\"Automatischer Pommes Verkaufsautomat mit Snack und Getr\u00e4nkeoptionen f\u00fcr Selbstbedienung. Ideal f\u00fcr B\u00fcros, Schulen und \u00f6ffentliche Bereiche.\",\"breadcrumb\":{\"@id\":\"https:\/\/induzon.com\/de\/produkt\/selbstbedienung-pommes-automat-snack-getraenke-verkaufsautomat-kommerziell-2\/#breadcrumb\"},\"inLanguage\":\"de\",\"potentialAction\":[{\"@type\":\"ReadAction\",\"target\":[\"https:\/\/induzon.com\/de\/produkt\/selbstbedienung-pommes-automat-snack-getraenke-verkaufsautomat-kommerziell-2\/\"]}]},{\"@type\":\"ImageObject\",\"inLanguage\":\"de\",\"@id\":\"https:\/\/induzon.com\/de\/produkt\/selbstbedienung-pommes-automat-snack-getraenke-verkaufsautomat-kommerziell-2\/#primaryimage\",\"url\":\"https:\/\/induzon.com\/wp-content\/uploads\/2025\/10\/\u56fe-1-5.jpg\",\"contentUrl\":\"https:\/\/induzon.com\/wp-content\/uploads\/2025\/10\/\u56fe-1-5.jpg\",\"width\":1500,\"height\":1500,\"caption\":\"Pommes Automat Snack Getr\u00e4nke Verkaufsautomat\"},{\"@type\":\"BreadcrumbList\",\"@id\":\"https:\/\/induzon.com\/de\/produkt\/selbstbedienung-pommes-automat-snack-getraenke-verkaufsautomat-kommerziell-2\/#breadcrumb\",\"itemListElement\":[{\"@type\":\"ListItem\",\"position\":1,\"name\":\"\u9996\u9875\",\"item\":\"https:\/\/induzon.com\/de\/\"},{\"@type\":\"ListItem\",\"position\":2,\"name\":\"Shop\",\"item\":\"https:\/\/induzon.com\/de\/shopde\/\"},{\"@type\":\"ListItem\",\"position\":3,\"name\":\"Selbstbedienung Pommes Automat Snack Getr\u00e4nke Verkaufsautomat Kommerziell\"}]},{\"@type\":\"WebSite\",\"@id\":\"https:\/\/induzon.com\/de\/#website\",\"url\":\"https:\/\/induzon.com\/de\/\",\"name\":\"induzon\",\"description\":\"\",\"publisher\":{\"@id\":\"https:\/\/induzon.com\/de\/#organization\"},\"potentialAction\":[{\"@type\":\"SearchAction\",\"target\":{\"@type\":\"EntryPoint\",\"urlTemplate\":\"https:\/\/induzon.com\/de\/?s={search_term_string}\"},\"query-input\":{\"@type\":\"PropertyValueSpecification\",\"valueRequired\":true,\"valueName\":\"search_term_string\"}}],\"inLanguage\":\"de\"},{\"@type\":\"Organization\",\"@id\":\"https:\/\/induzon.com\/de\/#organization\",\"name\":\"induzon\",\"url\":\"https:\/\/induzon.com\/de\/\",\"logo\":{\"@type\":\"ImageObject\",\"inLanguage\":\"de\",\"@id\":\"https:\/\/induzon.com\/de\/#\/schema\/logo\/image\/\",\"url\":\"https:\/\/induzon.com\/wp-content\/uploads\/2025\/05\/cropped-026.png\",\"contentUrl\":\"https:\/\/induzon.com\/wp-content\/uploads\/2025\/05\/cropped-026.png\",\"width\":512,\"height\":512,\"caption\":\"induzon\"},\"image\":{\"@id\":\"https:\/\/induzon.com\/de\/#\/schema\/logo\/image\/\"}}]}<\/script>\r\n<!-- \/ Yoast SEO plugin. -->","yoast_head_json":{"title":"Pommes Automat Snack Getr\u00e4nke Verkaufsautomat -Induzon","description":"Automatischer Pommes Verkaufsautomat mit Snack und Getr\u00e4nkeoptionen f\u00fcr Selbstbedienung. Ideal f\u00fcr B\u00fcros, Schulen und \u00f6ffentliche Bereiche.","robots":{"index":"index","follow":"follow","max-snippet":"max-snippet:-1","max-image-preview":"max-image-preview:large","max-video-preview":"max-video-preview:-1"},"canonical":"https:\/\/induzon.com\/de\/produkt\/selbstbedienung-pommes-automat-snack-getraenke-verkaufsautomat-kommerziell-2\/","og_locale":"de_DE","og_type":"article","og_title":"Pommes Automat Snack Getr\u00e4nke Verkaufsautomat -Induzon","og_description":"Automatischer Pommes Verkaufsautomat mit Snack und Getr\u00e4nkeoptionen f\u00fcr Selbstbedienung. Ideal f\u00fcr B\u00fcros, Schulen und \u00f6ffentliche Bereiche.","og_url":"https:\/\/induzon.com\/de\/produkt\/selbstbedienung-pommes-automat-snack-getraenke-verkaufsautomat-kommerziell-2\/","og_site_name":"induzon","og_image":[{"width":1500,"height":1500,"url":"https:\/\/induzon.com\/wp-content\/uploads\/2025\/10\/\u56fe-1-5.jpg","type":"image\/jpeg"}],"twitter_card":"summary_large_image","schema":{"@context":"https:\/\/schema.org","@graph":[{"@type":"WebPage","@id":"https:\/\/induzon.com\/de\/produkt\/selbstbedienung-pommes-automat-snack-getraenke-verkaufsautomat-kommerziell-2\/","url":"https:\/\/induzon.com\/de\/produkt\/selbstbedienung-pommes-automat-snack-getraenke-verkaufsautomat-kommerziell-2\/","name":"Pommes Automat Snack Getr\u00e4nke Verkaufsautomat -Induzon","isPartOf":{"@id":"https:\/\/induzon.com\/de\/#website"},"primaryImageOfPage":{"@id":"https:\/\/induzon.com\/de\/produkt\/selbstbedienung-pommes-automat-snack-getraenke-verkaufsautomat-kommerziell-2\/#primaryimage"},"image":{"@id":"https:\/\/induzon.com\/de\/produkt\/selbstbedienung-pommes-automat-snack-getraenke-verkaufsautomat-kommerziell-2\/#primaryimage"},"thumbnailUrl":"https:\/\/induzon.com\/wp-content\/uploads\/2025\/10\/\u56fe-1-5.jpg","datePublished":"2026-01-15T09:28:38+00:00","description":"Automatischer Pommes Verkaufsautomat mit Snack und Getr\u00e4nkeoptionen f\u00fcr Selbstbedienung. Ideal f\u00fcr B\u00fcros, Schulen und \u00f6ffentliche Bereiche.","breadcrumb":{"@id":"https:\/\/induzon.com\/de\/produkt\/selbstbedienung-pommes-automat-snack-getraenke-verkaufsautomat-kommerziell-2\/#breadcrumb"},"inLanguage":"de","potentialAction":[{"@type":"ReadAction","target":["https:\/\/induzon.com\/de\/produkt\/selbstbedienung-pommes-automat-snack-getraenke-verkaufsautomat-kommerziell-2\/"]}]},{"@type":"ImageObject","inLanguage":"de","@id":"https:\/\/induzon.com\/de\/produkt\/selbstbedienung-pommes-automat-snack-getraenke-verkaufsautomat-kommerziell-2\/#primaryimage","url":"https:\/\/induzon.com\/wp-content\/uploads\/2025\/10\/\u56fe-1-5.jpg","contentUrl":"https:\/\/induzon.com\/wp-content\/uploads\/2025\/10\/\u56fe-1-5.jpg","width":1500,"height":1500,"caption":"Pommes Automat Snack Getr\u00e4nke Verkaufsautomat"},{"@type":"BreadcrumbList","@id":"https:\/\/induzon.com\/de\/produkt\/selbstbedienung-pommes-automat-snack-getraenke-verkaufsautomat-kommerziell-2\/#breadcrumb","itemListElement":[{"@type":"ListItem","position":1,"name":"\u9996\u9875","item":"https:\/\/induzon.com\/de\/"},{"@type":"ListItem","position":2,"name":"Shop","item":"https:\/\/induzon.com\/de\/shopde\/"},{"@type":"ListItem","position":3,"name":"Selbstbedienung Pommes Automat Snack Getr\u00e4nke Verkaufsautomat Kommerziell"}]},{"@type":"WebSite","@id":"https:\/\/induzon.com\/de\/#website","url":"https:\/\/induzon.com\/de\/","name":"induzon","description":"","publisher":{"@id":"https:\/\/induzon.com\/de\/#organization"},"potentialAction":[{"@type":"SearchAction","target":{"@type":"EntryPoint","urlTemplate":"https:\/\/induzon.com\/de\/?s={search_term_string}"},"query-input":{"@type":"PropertyValueSpecification","valueRequired":true,"valueName":"search_term_string"}}],"inLanguage":"de"},{"@type":"Organization","@id":"https:\/\/induzon.com\/de\/#organization","name":"induzon","url":"https:\/\/induzon.com\/de\/","logo":{"@type":"ImageObject","inLanguage":"de","@id":"https:\/\/induzon.com\/de\/#\/schema\/logo\/image\/","url":"https:\/\/induzon.com\/wp-content\/uploads\/2025\/05\/cropped-026.png","contentUrl":"https:\/\/induzon.com\/wp-content\/uploads\/2025\/05\/cropped-026.png","width":512,"height":512,"caption":"induzon"},"image":{"@id":"https:\/\/induzon.com\/de\/#\/schema\/logo\/image\/"}}]}},"_links":{"self":[{"href":"https:\/\/induzon.com\/de\/wp-json\/wp\/v2\/product\/33132","targetHints":{"allow":["GET"]}}],"collection":[{"href":"https:\/\/induzon.com\/de\/wp-json\/wp\/v2\/product"}],"about":[{"href":"https:\/\/induzon.com\/de\/wp-json\/wp\/v2\/types\/product"}],"replies":[{"embeddable":true,"href":"https:\/\/induzon.com\/de\/wp-json\/wp\/v2\/comments?post=33132"}],"version-history":[{"count":0,"href":"https:\/\/induzon.com\/de\/wp-json\/wp\/v2\/product\/33132\/revisions"}],"wp:featuredmedia":[{"embeddable":true,"href":"https:\/\/induzon.com\/de\/wp-json\/wp\/v2\/media\/29218"}],"wp:attachment":[{"href":"https:\/\/induzon.com\/de\/wp-json\/wp\/v2\/media?parent=33132"}],"wp:term":[{"taxonomy":"product_brand","embeddable":true,"href":"https:\/\/induzon.com\/de\/wp-json\/wp\/v2\/product_brand?post=33132"},{"taxonomy":"product_cat","embeddable":true,"href":"https:\/\/induzon.com\/de\/wp-json\/wp\/v2\/product_cat?post=33132"},{"taxonomy":"product_tag","embeddable":true,"href":"https:\/\/induzon.com\/de\/wp-json\/wp\/v2\/product_tag?post=33132"}],"curies":[{"name":"wp","href":"https:\/\/api.w.org\/{rel}","templated":true}]}}