{"id":8636,"date":"2025-05-29T09:38:13","date_gmt":"2025-05-29T01:38:13","guid":{"rendered":"https:\/\/induzon.com\/shop\/verdichtungssaetze-fuer-kuehlaggregate-kuehlsystem-vollhermetischer-verdichter-temperaturregler-aquarium-kuehler-kuehlraum-trockenschrank-labor-vitrine-lebensmittelkuehlung-wasserkuehler\/"},"modified":"2026-01-10T10:11:20","modified_gmt":"2026-01-10T02:11:20","slug":"verdichtungssaetze-fuer-kuehlaggregate-kuehlsystem-vollhermetischer-verdichter-temperaturregler-aquarium-kuehler-kuehlraum-trockenschrank-labor-vitrine-lebensmittelkuehlung-wasserkuehler","status":"publish","type":"product","link":"https:\/\/induzon.com\/de\/produkt\/verdichtungssaetze-fuer-kuehlaggregate-kuehlsystem-vollhermetischer-verdichter-temperaturregler-aquarium-kuehler-kuehlraum-trockenschrank-labor-vitrine-lebensmittelkuehlung-wasserkuehler\/","title":{"rendered":"Verdichtungss\u00e4tze f\u00fcr K\u00fchlaggregate K\u00fchlsystem Vollhermetischer Verdichter Temperaturregler Aquarium K\u00fchler K\u00fchlraum Trockenschrank Labor Vitrine Lebensmittelk\u00fchlung Wasserk\u00fchler"},"content":{"rendered":"<p>1.Hochleistungs-K\u00e4ltesystem f\u00fcr pr\u00e4zise Temperaturkontrolle in Laboren und Industrie.<br \/>\n2.Kompakte Bauweise ideal f\u00fcr kleine K\u00fchlr\u00e4ume, Trockenschr\u00e4nke und Vitrinen.<br \/>\n3.Energieeffiziente Technologie senkt Betriebskosten und schont die Umwelt<br \/>\n4.Einfache Installation und Wartung f\u00fcr langfristig zuverl\u00e4ssigen Betrieb<br \/>\n5.Vielf\u00e4ltig einsetzbar: Von K\u00fchlh\u00e4usern bis zu Aquarien-Temperaturregelung<\/p>\n","protected":false},"excerpt":{"rendered":"<p>Verdichtungss\u00e4tze f\u00fcr K\u00fchlaggregate K\u00fchlsystem Vollhermetischer Verdichter Temperaturregler Aquarium K\u00fchler K\u00fchlraum Trockenschrank Labor Vitrine Lebensmittelk\u00fchlung Wasserk\u00fchler<\/p>\n","protected":false},"featured_media":8601,"comment_status":"open","ping_status":"closed","template":"","meta":{"site-sidebar-layout":"default","site-content-layout":"","ast-site-content-layout":"default","site-content-style":"default","site-sidebar-style":"default","ast-global-header-display":"","ast-banner-title-visibility":"","ast-main-header-display":"","ast-hfb-above-header-display":"","ast-hfb-below-header-display":"","ast-hfb-mobile-header-display":"","site-post-title":"","ast-breadcrumbs-content":"","ast-featured-img":"","footer-sml-layout":"","theme-transparent-header-meta":"default","adv-header-id-meta":"","stick-header-meta":"","header-above-stick-meta":"","header-main-stick-meta":"","header-below-stick-meta":"","astra-migrate-meta-layouts":"set","ast-page-background-enabled":"default","ast-page-background-meta":{"desktop":{"background-color":"var(--ast-global-color-4)","background-image":"","background-repeat":"repeat","background-position":"center center","background-size":"auto","background-attachment":"scroll","background-type":"","background-media":"","overlay-type":"","overlay-color":"","overlay-opacity":"","overlay-gradient":""},"tablet":{"background-color":"","background-image":"","background-repeat":"repeat","background-position":"center center","background-size":"auto","background-attachment":"scroll","background-type":"","background-media":"","overlay-type":"","overlay-color":"","overlay-opacity":"","overlay-gradient":""},"mobile":{"background-color":"","background-image":"","background-repeat":"repeat","background-position":"center center","background-size":"auto","background-attachment":"scroll","background-type":"","background-media":"","overlay-type":"","overlay-color":"","overlay-opacity":"","overlay-gradient":""}},"ast-content-background-meta":{"desktop":{"background-color":"var(--ast-global-color-5)","background-image":"","background-repeat":"repeat","background-position":"center center","background-size":"auto","background-attachment":"scroll","background-type":"","background-media":"","overlay-type":"","overlay-color":"","overlay-opacity":"","overlay-gradient":""},"tablet":{"background-color":"var(--ast-global-color-5)","background-image":"","background-repeat":"repeat","background-position":"center center","background-size":"auto","background-attachment":"scroll","background-type":"","background-media":"","overlay-type":"","overlay-color":"","overlay-opacity":"","overlay-gradient":""},"mobile":{"background-color":"var(--ast-global-color-5)","background-image":"","background-repeat":"repeat","background-position":"center center","background-size":"auto","background-attachment":"scroll","background-type":"","background-media":"","overlay-type":"","overlay-color":"","overlay-opacity":"","overlay-gradient":""}}},"product_brand":[],"product_cat":[1016,875],"product_tag":[1018,1017],"class_list":{"0":"post-8636","1":"product","2":"type-product","3":"status-publish","4":"has-post-thumbnail","6":"product_cat-kaltetechnische-ausrustung","7":"product_cat-werkzeuge-und-ausrustung","8":"product_tag-industrielle-kaltetechnik","9":"product_tag-kommerzielle-verflussigungssatze","10":"desktop-align-left","11":"tablet-align-left","12":"mobile-align-left","14":"first","15":"instock","16":"sale","17":"featured","18":"shipping-taxable","19":"purchasable","20":"product-type-variable"},"yoast_head":"<!-- This site is optimized with the Yoast SEO plugin v24.9 - https:\/\/yoast.com\/wordpress\/plugins\/seo\/ -->\r\n<title>Verdichtungss\u00e4tze f\u00fcr K\u00fchlaggregate K\u00fchlsystem -Induzon<\/title>\r\n<meta name=\"description\" content=\"Hersteller von K\u00fchlaggregaten f\u00fcr K\u00fchlr\u00e4ume und Gefrierschr\u00e4nke. Kondensatoren, Industriek\u00fchler und Monoblock-Kondensationsaggregate.\" \/>\r\n<meta name=\"robots\" content=\"index, follow, max-snippet:-1, max-image-preview:large, max-video-preview:-1\" \/>\r\n<link rel=\"canonical\" href=\"https:\/\/induzon.com\/de\/produkt\/verdichtungssaetze-fuer-kuehlaggregate-kuehlsystem-vollhermetischer-verdichter-temperaturregler-aquarium-kuehler-kuehlraum-trockenschrank-labor-vitrine-lebensmittelkuehlung-wasserkuehler\/\" \/>\r\n<meta property=\"og:locale\" content=\"de_DE\" \/>\r\n<meta property=\"og:type\" content=\"article\" \/>\r\n<meta property=\"og:title\" content=\"Verdichtungss\u00e4tze f\u00fcr K\u00fchlaggregate K\u00fchlsystem -Induzon\" \/>\r\n<meta property=\"og:description\" content=\"Hersteller von K\u00fchlaggregaten f\u00fcr K\u00fchlr\u00e4ume und Gefrierschr\u00e4nke. Kondensatoren, Industriek\u00fchler und Monoblock-Kondensationsaggregate.\" \/>\r\n<meta property=\"og:url\" content=\"https:\/\/induzon.com\/de\/produkt\/verdichtungssaetze-fuer-kuehlaggregate-kuehlsystem-vollhermetischer-verdichter-temperaturregler-aquarium-kuehler-kuehlraum-trockenschrank-labor-vitrine-lebensmittelkuehlung-wasserkuehler\/\" \/>\r\n<meta property=\"og:site_name\" content=\"induzon\" \/>\r\n<meta property=\"article:modified_time\" content=\"2026-01-10T02:11:20+00:00\" \/>\r\n<meta property=\"og:image\" content=\"https:\/\/induzon.com\/wp-content\/uploads\/2025\/05\/5.jpg\" \/>\r\n\t<meta property=\"og:image:width\" content=\"1500\" \/>\r\n\t<meta property=\"og:image:height\" content=\"1500\" \/>\r\n\t<meta property=\"og:image:type\" content=\"image\/jpeg\" \/>\r\n<meta name=\"twitter:card\" content=\"summary_large_image\" \/>\r\n<meta name=\"twitter:label1\" content=\"Gesch\u00e4tzte Lesezeit\" \/>\n\t<meta name=\"twitter:data1\" content=\"1\u00a0Minute\" \/>\r\n<script type=\"application\/ld+json\" class=\"yoast-schema-graph\">{\"@context\":\"https:\/\/schema.org\",\"@graph\":[{\"@type\":\"WebPage\",\"@id\":\"https:\/\/induzon.com\/de\/produkt\/verdichtungssaetze-fuer-kuehlaggregate-kuehlsystem-vollhermetischer-verdichter-temperaturregler-aquarium-kuehler-kuehlraum-trockenschrank-labor-vitrine-lebensmittelkuehlung-wasserkuehler\/\",\"url\":\"https:\/\/induzon.com\/de\/produkt\/verdichtungssaetze-fuer-kuehlaggregate-kuehlsystem-vollhermetischer-verdichter-temperaturregler-aquarium-kuehler-kuehlraum-trockenschrank-labor-vitrine-lebensmittelkuehlung-wasserkuehler\/\",\"name\":\"Verdichtungss\u00e4tze f\u00fcr K\u00fchlaggregate K\u00fchlsystem -Induzon\",\"isPartOf\":{\"@id\":\"https:\/\/induzon.com\/de\/#website\"},\"primaryImageOfPage\":{\"@id\":\"https:\/\/induzon.com\/de\/produkt\/verdichtungssaetze-fuer-kuehlaggregate-kuehlsystem-vollhermetischer-verdichter-temperaturregler-aquarium-kuehler-kuehlraum-trockenschrank-labor-vitrine-lebensmittelkuehlung-wasserkuehler\/#primaryimage\"},\"image\":{\"@id\":\"https:\/\/induzon.com\/de\/produkt\/verdichtungssaetze-fuer-kuehlaggregate-kuehlsystem-vollhermetischer-verdichter-temperaturregler-aquarium-kuehler-kuehlraum-trockenschrank-labor-vitrine-lebensmittelkuehlung-wasserkuehler\/#primaryimage\"},\"thumbnailUrl\":\"https:\/\/induzon.com\/wp-content\/uploads\/2025\/05\/5.jpg\",\"datePublished\":\"2025-05-29T01:38:13+00:00\",\"dateModified\":\"2026-01-10T02:11:20+00:00\",\"description\":\"Hersteller von K\u00fchlaggregaten f\u00fcr K\u00fchlr\u00e4ume und Gefrierschr\u00e4nke. Kondensatoren, Industriek\u00fchler und Monoblock-Kondensationsaggregate.\",\"breadcrumb\":{\"@id\":\"https:\/\/induzon.com\/de\/produkt\/verdichtungssaetze-fuer-kuehlaggregate-kuehlsystem-vollhermetischer-verdichter-temperaturregler-aquarium-kuehler-kuehlraum-trockenschrank-labor-vitrine-lebensmittelkuehlung-wasserkuehler\/#breadcrumb\"},\"inLanguage\":\"de\",\"potentialAction\":[{\"@type\":\"ReadAction\",\"target\":[\"https:\/\/induzon.com\/de\/produkt\/verdichtungssaetze-fuer-kuehlaggregate-kuehlsystem-vollhermetischer-verdichter-temperaturregler-aquarium-kuehler-kuehlraum-trockenschrank-labor-vitrine-lebensmittelkuehlung-wasserkuehler\/\"]}]},{\"@type\":\"ImageObject\",\"inLanguage\":\"de\",\"@id\":\"https:\/\/induzon.com\/de\/produkt\/verdichtungssaetze-fuer-kuehlaggregate-kuehlsystem-vollhermetischer-verdichter-temperaturregler-aquarium-kuehler-kuehlraum-trockenschrank-labor-vitrine-lebensmittelkuehlung-wasserkuehler\/#primaryimage\",\"url\":\"https:\/\/induzon.com\/wp-content\/uploads\/2025\/05\/5.jpg\",\"contentUrl\":\"https:\/\/induzon.com\/wp-content\/uploads\/2025\/05\/5.jpg\",\"width\":1500,\"height\":1500,\"caption\":\"Fabricant de groupes frigorifiques pour chambres froides et cong\u00e9lateurs. Condenseurs, refroidisseurs industriels et groupes de condensation monobloc.\"},{\"@type\":\"BreadcrumbList\",\"@id\":\"https:\/\/induzon.com\/de\/produkt\/verdichtungssaetze-fuer-kuehlaggregate-kuehlsystem-vollhermetischer-verdichter-temperaturregler-aquarium-kuehler-kuehlraum-trockenschrank-labor-vitrine-lebensmittelkuehlung-wasserkuehler\/#breadcrumb\",\"itemListElement\":[{\"@type\":\"ListItem\",\"position\":1,\"name\":\"\u9996\u9875\",\"item\":\"https:\/\/induzon.com\/de\/\"},{\"@type\":\"ListItem\",\"position\":2,\"name\":\"Shop\",\"item\":\"https:\/\/induzon.com\/de\/shopde\/\"},{\"@type\":\"ListItem\",\"position\":3,\"name\":\"Verdichtungss\u00e4tze f\u00fcr K\u00fchlaggregate K\u00fchlsystem Vollhermetischer Verdichter Temperaturregler Aquarium K\u00fchler K\u00fchlraum Trockenschrank Labor Vitrine Lebensmittelk\u00fchlung Wasserk\u00fchler\"}]},{\"@type\":\"WebSite\",\"@id\":\"https:\/\/induzon.com\/de\/#website\",\"url\":\"https:\/\/induzon.com\/de\/\",\"name\":\"induzon\",\"description\":\"\",\"publisher\":{\"@id\":\"https:\/\/induzon.com\/de\/#organization\"},\"potentialAction\":[{\"@type\":\"SearchAction\",\"target\":{\"@type\":\"EntryPoint\",\"urlTemplate\":\"https:\/\/induzon.com\/de\/?s={search_term_string}\"},\"query-input\":{\"@type\":\"PropertyValueSpecification\",\"valueRequired\":true,\"valueName\":\"search_term_string\"}}],\"inLanguage\":\"de\"},{\"@type\":\"Organization\",\"@id\":\"https:\/\/induzon.com\/de\/#organization\",\"name\":\"induzon\",\"url\":\"https:\/\/induzon.com\/de\/\",\"logo\":{\"@type\":\"ImageObject\",\"inLanguage\":\"de\",\"@id\":\"https:\/\/induzon.com\/de\/#\/schema\/logo\/image\/\",\"url\":\"https:\/\/induzon.com\/wp-content\/uploads\/2025\/05\/cropped-026.png\",\"contentUrl\":\"https:\/\/induzon.com\/wp-content\/uploads\/2025\/05\/cropped-026.png\",\"width\":512,\"height\":512,\"caption\":\"induzon\"},\"image\":{\"@id\":\"https:\/\/induzon.com\/de\/#\/schema\/logo\/image\/\"}}]}<\/script>\r\n<!-- \/ Yoast SEO plugin. -->","yoast_head_json":{"title":"Verdichtungss\u00e4tze f\u00fcr K\u00fchlaggregate K\u00fchlsystem -Induzon","description":"Hersteller von K\u00fchlaggregaten f\u00fcr K\u00fchlr\u00e4ume und Gefrierschr\u00e4nke. Kondensatoren, Industriek\u00fchler und Monoblock-Kondensationsaggregate.","robots":{"index":"index","follow":"follow","max-snippet":"max-snippet:-1","max-image-preview":"max-image-preview:large","max-video-preview":"max-video-preview:-1"},"canonical":"https:\/\/induzon.com\/de\/produkt\/verdichtungssaetze-fuer-kuehlaggregate-kuehlsystem-vollhermetischer-verdichter-temperaturregler-aquarium-kuehler-kuehlraum-trockenschrank-labor-vitrine-lebensmittelkuehlung-wasserkuehler\/","og_locale":"de_DE","og_type":"article","og_title":"Verdichtungss\u00e4tze f\u00fcr K\u00fchlaggregate K\u00fchlsystem -Induzon","og_description":"Hersteller von K\u00fchlaggregaten f\u00fcr K\u00fchlr\u00e4ume und Gefrierschr\u00e4nke. Kondensatoren, Industriek\u00fchler und Monoblock-Kondensationsaggregate.","og_url":"https:\/\/induzon.com\/de\/produkt\/verdichtungssaetze-fuer-kuehlaggregate-kuehlsystem-vollhermetischer-verdichter-temperaturregler-aquarium-kuehler-kuehlraum-trockenschrank-labor-vitrine-lebensmittelkuehlung-wasserkuehler\/","og_site_name":"induzon","article_modified_time":"2026-01-10T02:11:20+00:00","og_image":[{"width":1500,"height":1500,"url":"https:\/\/induzon.com\/wp-content\/uploads\/2025\/05\/5.jpg","type":"image\/jpeg"}],"twitter_card":"summary_large_image","twitter_misc":{"Gesch\u00e4tzte Lesezeit":"1\u00a0Minute"},"schema":{"@context":"https:\/\/schema.org","@graph":[{"@type":"WebPage","@id":"https:\/\/induzon.com\/de\/produkt\/verdichtungssaetze-fuer-kuehlaggregate-kuehlsystem-vollhermetischer-verdichter-temperaturregler-aquarium-kuehler-kuehlraum-trockenschrank-labor-vitrine-lebensmittelkuehlung-wasserkuehler\/","url":"https:\/\/induzon.com\/de\/produkt\/verdichtungssaetze-fuer-kuehlaggregate-kuehlsystem-vollhermetischer-verdichter-temperaturregler-aquarium-kuehler-kuehlraum-trockenschrank-labor-vitrine-lebensmittelkuehlung-wasserkuehler\/","name":"Verdichtungss\u00e4tze f\u00fcr K\u00fchlaggregate K\u00fchlsystem -Induzon","isPartOf":{"@id":"https:\/\/induzon.com\/de\/#website"},"primaryImageOfPage":{"@id":"https:\/\/induzon.com\/de\/produkt\/verdichtungssaetze-fuer-kuehlaggregate-kuehlsystem-vollhermetischer-verdichter-temperaturregler-aquarium-kuehler-kuehlraum-trockenschrank-labor-vitrine-lebensmittelkuehlung-wasserkuehler\/#primaryimage"},"image":{"@id":"https:\/\/induzon.com\/de\/produkt\/verdichtungssaetze-fuer-kuehlaggregate-kuehlsystem-vollhermetischer-verdichter-temperaturregler-aquarium-kuehler-kuehlraum-trockenschrank-labor-vitrine-lebensmittelkuehlung-wasserkuehler\/#primaryimage"},"thumbnailUrl":"https:\/\/induzon.com\/wp-content\/uploads\/2025\/05\/5.jpg","datePublished":"2025-05-29T01:38:13+00:00","dateModified":"2026-01-10T02:11:20+00:00","description":"Hersteller von K\u00fchlaggregaten f\u00fcr K\u00fchlr\u00e4ume und Gefrierschr\u00e4nke. Kondensatoren, Industriek\u00fchler und Monoblock-Kondensationsaggregate.","breadcrumb":{"@id":"https:\/\/induzon.com\/de\/produkt\/verdichtungssaetze-fuer-kuehlaggregate-kuehlsystem-vollhermetischer-verdichter-temperaturregler-aquarium-kuehler-kuehlraum-trockenschrank-labor-vitrine-lebensmittelkuehlung-wasserkuehler\/#breadcrumb"},"inLanguage":"de","potentialAction":[{"@type":"ReadAction","target":["https:\/\/induzon.com\/de\/produkt\/verdichtungssaetze-fuer-kuehlaggregate-kuehlsystem-vollhermetischer-verdichter-temperaturregler-aquarium-kuehler-kuehlraum-trockenschrank-labor-vitrine-lebensmittelkuehlung-wasserkuehler\/"]}]},{"@type":"ImageObject","inLanguage":"de","@id":"https:\/\/induzon.com\/de\/produkt\/verdichtungssaetze-fuer-kuehlaggregate-kuehlsystem-vollhermetischer-verdichter-temperaturregler-aquarium-kuehler-kuehlraum-trockenschrank-labor-vitrine-lebensmittelkuehlung-wasserkuehler\/#primaryimage","url":"https:\/\/induzon.com\/wp-content\/uploads\/2025\/05\/5.jpg","contentUrl":"https:\/\/induzon.com\/wp-content\/uploads\/2025\/05\/5.jpg","width":1500,"height":1500,"caption":"Fabricant de groupes frigorifiques pour chambres froides et cong\u00e9lateurs. Condenseurs, refroidisseurs industriels et groupes de condensation monobloc."},{"@type":"BreadcrumbList","@id":"https:\/\/induzon.com\/de\/produkt\/verdichtungssaetze-fuer-kuehlaggregate-kuehlsystem-vollhermetischer-verdichter-temperaturregler-aquarium-kuehler-kuehlraum-trockenschrank-labor-vitrine-lebensmittelkuehlung-wasserkuehler\/#breadcrumb","itemListElement":[{"@type":"ListItem","position":1,"name":"\u9996\u9875","item":"https:\/\/induzon.com\/de\/"},{"@type":"ListItem","position":2,"name":"Shop","item":"https:\/\/induzon.com\/de\/shopde\/"},{"@type":"ListItem","position":3,"name":"Verdichtungss\u00e4tze f\u00fcr K\u00fchlaggregate K\u00fchlsystem Vollhermetischer Verdichter Temperaturregler Aquarium K\u00fchler K\u00fchlraum Trockenschrank Labor Vitrine Lebensmittelk\u00fchlung Wasserk\u00fchler"}]},{"@type":"WebSite","@id":"https:\/\/induzon.com\/de\/#website","url":"https:\/\/induzon.com\/de\/","name":"induzon","description":"","publisher":{"@id":"https:\/\/induzon.com\/de\/#organization"},"potentialAction":[{"@type":"SearchAction","target":{"@type":"EntryPoint","urlTemplate":"https:\/\/induzon.com\/de\/?s={search_term_string}"},"query-input":{"@type":"PropertyValueSpecification","valueRequired":true,"valueName":"search_term_string"}}],"inLanguage":"de"},{"@type":"Organization","@id":"https:\/\/induzon.com\/de\/#organization","name":"induzon","url":"https:\/\/induzon.com\/de\/","logo":{"@type":"ImageObject","inLanguage":"de","@id":"https:\/\/induzon.com\/de\/#\/schema\/logo\/image\/","url":"https:\/\/induzon.com\/wp-content\/uploads\/2025\/05\/cropped-026.png","contentUrl":"https:\/\/induzon.com\/wp-content\/uploads\/2025\/05\/cropped-026.png","width":512,"height":512,"caption":"induzon"},"image":{"@id":"https:\/\/induzon.com\/de\/#\/schema\/logo\/image\/"}}]}},"_links":{"self":[{"href":"https:\/\/induzon.com\/de\/wp-json\/wp\/v2\/product\/8636","targetHints":{"allow":["GET"]}}],"collection":[{"href":"https:\/\/induzon.com\/de\/wp-json\/wp\/v2\/product"}],"about":[{"href":"https:\/\/induzon.com\/de\/wp-json\/wp\/v2\/types\/product"}],"replies":[{"embeddable":true,"href":"https:\/\/induzon.com\/de\/wp-json\/wp\/v2\/comments?post=8636"}],"version-history":[{"count":2,"href":"https:\/\/induzon.com\/de\/wp-json\/wp\/v2\/product\/8636\/revisions"}],"predecessor-version":[{"id":32860,"href":"https:\/\/induzon.com\/de\/wp-json\/wp\/v2\/product\/8636\/revisions\/32860"}],"wp:featuredmedia":[{"embeddable":true,"href":"https:\/\/induzon.com\/de\/wp-json\/wp\/v2\/media\/8601"}],"wp:attachment":[{"href":"https:\/\/induzon.com\/de\/wp-json\/wp\/v2\/media?parent=8636"}],"wp:term":[{"taxonomy":"product_brand","embeddable":true,"href":"https:\/\/induzon.com\/de\/wp-json\/wp\/v2\/product_brand?post=8636"},{"taxonomy":"product_cat","embeddable":true,"href":"https:\/\/induzon.com\/de\/wp-json\/wp\/v2\/product_cat?post=8636"},{"taxonomy":"product_tag","embeddable":true,"href":"https:\/\/induzon.com\/de\/wp-json\/wp\/v2\/product_tag?post=8636"}],"curies":[{"name":"wp","href":"https:\/\/api.w.org\/{rel}","templated":true}]}}