{"id":3281,"date":"2025-01-14T16:41:40","date_gmt":"2025-01-14T08:41:40","guid":{"rendered":"http:\/\/localhost\/guia-de-envio\/"},"modified":"2025-11-25T17:28:10","modified_gmt":"2025-11-25T09:28:10","slug":"guia-de-envio","status":"publish","type":"page","link":"https:\/\/induzon.com\/es\/guia-de-envio\/","title":{"rendered":"Gu\u00eda de env\u00edo"},"content":{"rendered":"\t\t<div data-elementor-type=\"wp-page\" data-elementor-id=\"3281\" class=\"elementor elementor-3281 elementor-3216\" data-elementor-post-type=\"page\">\n\t\t\t\t<div class=\"elementor-element elementor-element-fa24179 e-flex e-con-boxed e-con e-parent\" data-id=\"fa24179\" data-element_type=\"container\">\n\t\t\t\t\t<div class=\"e-con-inner\">\n\t\t<div class=\"elementor-element elementor-element-888ddf5 e-con-full e-flex e-con e-child\" data-id=\"888ddf5\" data-element_type=\"container\">\n\t\t\t\t<div class=\"elementor-element elementor-element-d1a036d elementor-widget elementor-widget-heading\" data-id=\"d1a036d\" data-element_type=\"widget\" data-widget_type=\"heading.default\">\n\t\t\t\t\t<h2 class=\"elementor-heading-title elementor-size-default\"><a href=\"#delivered2\">Gu\u00eda de env\u00edo<\/a><\/h2>\t\t\t\t<\/div>\n\t\t<div class=\"elementor-element elementor-element-8520880 e-con-full e-flex e-con e-child\" data-id=\"8520880\" data-element_type=\"container\">\n\t\t\t\t<div class=\"elementor-element elementor-element-ea96df2 elementor-view-default elementor-widget elementor-widget-icon\" data-id=\"ea96df2\" data-element_type=\"widget\" data-widget_type=\"icon.default\">\n\t\t\t\t\t\t\t<div class=\"elementor-icon-wrapper\">\n\t\t\t<div class=\"elementor-icon\">\n\t\t\t<svg aria-hidden=\"true\" class=\"e-font-icon-svg e-fas-circle\" viewBox=\"0 0 512 512\" xmlns=\"http:\/\/www.w3.org\/2000\/svg\"><path d=\"M256 8C119 8 8 119 8 256s111 248 248 248 248-111 248-248S393 8 256 8z\"><\/path><\/svg>\t\t\t<\/div>\n\t\t<\/div>\n\t\t\t\t\t\t<\/div>\n\t\t\t\t<div class=\"elementor-element elementor-element-a4bb1c4 elementor-widget elementor-widget-heading\" data-id=\"a4bb1c4\" data-element_type=\"widget\" id=\"delivered\" data-widget_type=\"heading.default\">\n\t\t\t\t\t<p class=\"elementor-heading-title elementor-size-default\"><a href=\"#delivered2\">\u00bfCu\u00e1ndo se entregar\u00e1? \u00bfPosibles causas de la falta de entrega?<\/a><\/p>\t\t\t\t<\/div>\n\t\t\t\t<\/div>\n\t\t<div class=\"elementor-element elementor-element-1b8fb78 e-con-full e-flex e-con e-child\" data-id=\"1b8fb78\" data-element_type=\"container\">\n\t\t\t\t<div class=\"elementor-element elementor-element-7ac40c1 elementor-view-default elementor-widget elementor-widget-icon\" data-id=\"7ac40c1\" data-element_type=\"widget\" data-widget_type=\"icon.default\">\n\t\t\t\t\t\t\t<div class=\"elementor-icon-wrapper\">\n\t\t\t<div class=\"elementor-icon\">\n\t\t\t<svg aria-hidden=\"true\" class=\"e-font-icon-svg e-fas-circle\" viewBox=\"0 0 512 512\" xmlns=\"http:\/\/www.w3.org\/2000\/svg\"><path d=\"M256 8C119 8 8 119 8 256s111 248 248 248 248-111 248-248S393 8 256 8z\"><\/path><\/svg>\t\t\t<\/div>\n\t\t<\/div>\n\t\t\t\t\t\t<\/div>\n\t\t\t\t<div class=\"elementor-element elementor-element-9bb383f elementor-widget elementor-widget-heading\" data-id=\"9bb383f\" data-element_type=\"widget\" id=\"delay\" data-widget_type=\"heading.default\">\n\t\t\t\t\t<p class=\"elementor-heading-title elementor-size-default\"><a href=\"#delay2\">\u00bfPor qu\u00e9 se retrasa mi paquete y no se actualiza la informaci\u00f3n de seguimiento?<\/a><\/p>\t\t\t\t<\/div>\n\t\t\t\t<\/div>\n\t\t<div class=\"elementor-element elementor-element-69af278 e-con-full e-flex e-con e-child\" data-id=\"69af278\" data-element_type=\"container\">\n\t\t\t\t<div class=\"elementor-element elementor-element-9bc0248 elementor-view-default elementor-widget elementor-widget-icon\" data-id=\"9bc0248\" data-element_type=\"widget\" data-widget_type=\"icon.default\">\n\t\t\t\t\t\t\t<div class=\"elementor-icon-wrapper\">\n\t\t\t<div class=\"elementor-icon\">\n\t\t\t<svg aria-hidden=\"true\" class=\"e-font-icon-svg e-fas-circle\" viewBox=\"0 0 512 512\" xmlns=\"http:\/\/www.w3.org\/2000\/svg\"><path d=\"M256 8C119 8 8 119 8 256s111 248 248 248 248-111 248-248S393 8 256 8z\"><\/path><\/svg>\t\t\t<\/div>\n\t\t<\/div>\n\t\t\t\t\t\t<\/div>\n\t\t\t\t<div class=\"elementor-element elementor-element-a1ecfaa elementor-widget elementor-widget-heading\" data-id=\"a1ecfaa\" data-element_type=\"widget\" id=\"modify2\" data-widget_type=\"heading.default\">\n\t\t\t\t\t<p class=\"elementor-heading-title elementor-size-default\"><a href=\"#modify\">\u00bfC\u00f3mo puedo modificar mis datos personales despu\u00e9s de hacer el pedido?<\/a><\/p>\t\t\t\t<\/div>\n\t\t\t\t<\/div>\n\t\t<div class=\"elementor-element elementor-element-3761aa9 e-con-full e-flex e-con e-child\" data-id=\"3761aa9\" data-element_type=\"container\">\n\t\t\t\t<div class=\"elementor-element elementor-element-534770d elementor-widget elementor-widget-heading\" data-id=\"534770d\" data-element_type=\"widget\" id=\"delivered2\" data-widget_type=\"heading.default\">\n\t\t\t\t\t<h3 class=\"elementor-heading-title elementor-size-default\"><a href=\"#delivered\">\u00bfCu\u00e1ndo se entregar\u00e1? \u00bfPosibles causas de la falta de entrega?<\/a><\/h3>\t\t\t\t<\/div>\n\t\t\t\t<div class=\"elementor-element elementor-element-80c1afc elementor-widget elementor-widget-text-editor\" data-id=\"80c1afc\" data-element_type=\"widget\" data-widget_type=\"text-editor.default\">\n\t\t\t\t\t\t\t\t\t<p style=\"font-weight: 400;\">Una vez efectuado el pago, le enviaremos la mercanc\u00eda en un plazo de 1 a 2 d\u00edas laborables.<\/p>\n<p style=\"font-weight: 400;\">\nLos tiempos de env\u00edo estimados para los diferentes m\u00e9todos de transporte son los siguientes:\n&#8211; Transporte a\u00e9reo: 8-20 d\u00edas\n&#8211; Transporte por cami\u00f3n: 30-40 d\u00edas\n&#8211; Ferrocarril: 35-50 d\u00edas\n&#8211; Transporte mar\u00edtimo: 50-60 d\u00edas\n<\/p>\n<p style=\"font-weight: 400;\">\nTenga en cuenta que el plazo de entrega puede prolongarse debido a d\u00edas festivos, desastres naturales, etc., o si los productos est\u00e1n agotados.\n<\/p>\n<p style=\"font-weight: 400;\">\nThe delivery time may be extended due to holidays, natural disasters, etc., or if the products are out of stock.\n<\/p>\t\t\t\t\t\t\t\t<\/div>\n\t\t\t\t<\/div>\n\t\t<div class=\"elementor-element elementor-element-4147271 e-con-full e-flex e-con e-child\" data-id=\"4147271\" data-element_type=\"container\">\n\t\t\t\t<div class=\"elementor-element elementor-element-a84e09f elementor-widget elementor-widget-heading\" data-id=\"a84e09f\" data-element_type=\"widget\" id=\"delay2\" data-widget_type=\"heading.default\">\n\t\t\t\t\t<h3 class=\"elementor-heading-title elementor-size-default\"><a href=\"#delay\">\u00bfPor qu\u00e9 se retrasa mi paquete y no se actualiza la informaci\u00f3n de seguimiento?<\/a><\/h3>\t\t\t\t<\/div>\n\t\t\t\t<div class=\"elementor-element elementor-element-0e2df9c elementor-widget elementor-widget-text-editor\" data-id=\"0e2df9c\" data-element_type=\"widget\" data-widget_type=\"text-editor.default\">\n\t\t\t\t\t\t\t\t\t<p style=\"font-weight: 400;\">El retraso de los paquetes puede deberse a epidemias, retrasos en los vuelos, lentitud en el despacho de aduanas, ajustes de la pol\u00edtica nacional, vacaciones y otros factores de fuerza mayor.<\/p><p style=\"font-weight: 400;\"><strong>Consejos<\/strong>: Cuando el paquete se retrasa, la informaci\u00f3n de seguimiento estar\u00e1 en un nodo determinado durante un periodo de tiempo, y la informaci\u00f3n de seguimiento no se actualizar\u00e1 hasta que el paquete llegue al siguiente nodo de transporte.<\/p><p style=\"font-weight: 400;\"> <\/p><p style=\"font-weight: 400;\">Si su paquete se retrasa, siga el siguiente proceso:<\/p><p style=\"font-weight: 400;\">-Compruebe la informaci\u00f3n de seguimiento del paquete.<\/p><p style=\"font-weight: 400;\">-Confirme si el plazo de entrega es en fin de semana o festivos importantes.<\/p><p style=\"font-weight: 400;\">-Confirme si ha recibido los correos electr\u00f3nicos de notificaci\u00f3n de retraso por nuestra parte.<\/p><p style=\"font-weight: 400;\">-Confirme si sus datos de direcci\u00f3n y tel\u00e9fono son correctos.<\/p><p style=\"font-weight: 400;\">Declaraci\u00f3n especial, el retraso de los paquetes causado por acontecimientos de fuerza mayor (como cat\u00e1strofes naturales, condiciones meteorol\u00f3gicas adversas, guerras y cualquier otro acontecimiento que escape a nuestro control directo) , no entra dentro del \u00e1mbito de nuestra responsabilidad.<\/p><p style=\"font-weight: 400;\">Si necesitas m\u00e1s informaci\u00f3n o ayuda, no dudes en ponerte en contacto con nosotros.<\/p>\t\t\t\t\t\t\t\t<\/div>\n\t\t\t\t<\/div>\n\t\t<div class=\"elementor-element elementor-element-4cd524e e-con-full e-flex e-con e-child\" data-id=\"4cd524e\" data-element_type=\"container\">\n\t\t\t\t<div class=\"elementor-element elementor-element-45b561e elementor-widget elementor-widget-heading\" data-id=\"45b561e\" data-element_type=\"widget\" id=\"modify\" data-widget_type=\"heading.default\">\n\t\t\t\t\t<h3 class=\"elementor-heading-title elementor-size-default\"><a href=\"#modify2\">\u00bfC\u00f3mo puedo modificar mis datos personales despu\u00e9s de hacer el pedido?<\/a><\/h3>\t\t\t\t<\/div>\n\t\t\t\t<div class=\"elementor-element elementor-element-60595cd elementor-widget elementor-widget-text-editor\" data-id=\"60595cd\" data-element_type=\"widget\" data-widget_type=\"text-editor.default\">\n\t\t\t\t\t\t\t\t\t<div class=\"help-detail-wrap help-detail-wrap-title\"><div class=\"detail-content\"><p style=\"font-weight: 400;\">Para garantizar el \u00e9xito de la entrega, le recomendamos que se ponga en contacto con nosotros para modificar sus datos personales, como la direcci\u00f3n y el n\u00famero de tel\u00e9fono, antes de que se env\u00ede el paquete. <\/p><p style=\"font-weight: 400;\">Si el paquete se env\u00eda, p\u00f3ngase en contacto con nosotros en un plazo de 3 a 5 d\u00edas laborables para confirmar la modificaci\u00f3n.<\/p><\/div><\/div>\t\t\t\t\t\t\t\t<\/div>\n\t\t\t\t<\/div>\n\t\t\t\t<\/div>\n\t\t\t\t\t<\/div>\n\t\t\t\t<\/div>\n\t\t\t\t<\/div>\n\t\t","protected":false},"excerpt":{"rendered":"<p>Gu\u00eda de env\u00edo \u00bfCu\u00e1ndo se entregar\u00e1? \u00bfPosibles causas de la falta de entrega? \u00bfPor qu\u00e9 se retrasa mi paquete y [&hellip;]<\/p>\n","protected":false},"author":1,"featured_media":0,"parent":0,"menu_order":0,"comment_status":"closed","ping_status":"closed","template":"","meta":{"site-sidebar-layout":"no-sidebar","site-content-layout":"","ast-site-content-layout":"full-width-container","site-content-style":"default","site-sidebar-style":"default","ast-global-header-display":"","ast-banner-title-visibility":"","ast-main-header-display":"","ast-hfb-above-header-display":"","ast-hfb-below-header-display":"","ast-hfb-mobile-header-display":"","site-post-title":"disabled","ast-breadcrumbs-content":"","ast-featured-img":"disabled","footer-sml-layout":"","theme-transparent-header-meta":"","adv-header-id-meta":"","stick-header-meta":"","header-above-stick-meta":"","header-main-stick-meta":"","header-below-stick-meta":"","astra-migrate-meta-layouts":"default","ast-page-background-enabled":"default","ast-page-background-meta":{"desktop":{"background-color":"var(--ast-global-color-4)","background-image":"","background-repeat":"repeat","background-position":"center center","background-size":"auto","background-attachment":"scroll","background-type":"","background-media":"","overlay-type":"","overlay-color":"","overlay-opacity":"","overlay-gradient":""},"tablet":{"background-color":"","background-image":"","background-repeat":"repeat","background-position":"center center","background-size":"auto","background-attachment":"scroll","background-type":"","background-media":"","overlay-type":"","overlay-color":"","overlay-opacity":"","overlay-gradient":""},"mobile":{"background-color":"","background-image":"","background-repeat":"repeat","background-position":"center center","background-size":"auto","background-attachment":"scroll","background-type":"","background-media":"","overlay-type":"","overlay-color":"","overlay-opacity":"","overlay-gradient":""}},"ast-content-background-meta":{"desktop":{"background-color":"var(--ast-global-color-5)","background-image":"","background-repeat":"repeat","background-position":"center center","background-size":"auto","background-attachment":"scroll","background-type":"","background-media":"","overlay-type":"","overlay-color":"","overlay-opacity":"","overlay-gradient":""},"tablet":{"background-color":"var(--ast-global-color-5)","background-image":"","background-repeat":"repeat","background-position":"center center","background-size":"auto","background-attachment":"scroll","background-type":"","background-media":"","overlay-type":"","overlay-color":"","overlay-opacity":"","overlay-gradient":""},"mobile":{"background-color":"var(--ast-global-color-5)","background-image":"","background-repeat":"repeat","background-position":"center center","background-size":"auto","background-attachment":"scroll","background-type":"","background-media":"","overlay-type":"","overlay-color":"","overlay-opacity":"","overlay-gradient":""}},"footnotes":""},"class_list":["post-3281","page","type-page","status-publish","hentry"],"yoast_head":"<!-- This site is optimized with the Yoast SEO plugin v24.9 - https:\/\/yoast.com\/wordpress\/plugins\/seo\/ -->\r\n<title>Gu\u00eda y pol\u00edticas de env\u00edo | Informaci\u00f3n sobre env\u00edos internacionales - Induzon<\/title>\r\n<meta name=\"description\" content=\"Induzon - Gu\u00eda completa de env\u00edo. Consulte los gastos de env\u00edo, los plazos de entrega y c\u00f3mo realizar el seguimiento de su pedido. Informaci\u00f3n sobre env\u00edos internacionales.\" \/>\r\n<meta name=\"robots\" content=\"index, follow, max-snippet:-1, max-image-preview:large, max-video-preview:-1\" \/>\r\n<link rel=\"canonical\" href=\"https:\/\/induzon.com\/es\/guia-de-envio\/\" \/>\r\n<meta property=\"og:locale\" content=\"es_ES\" \/>\r\n<meta property=\"og:type\" content=\"article\" \/>\r\n<meta property=\"og:title\" content=\"Gu\u00eda y pol\u00edticas de env\u00edo | Informaci\u00f3n sobre env\u00edos internacionales - Induzon\" \/>\r\n<meta property=\"og:description\" content=\"Induzon - Gu\u00eda completa de env\u00edo. Consulte los gastos de env\u00edo, los plazos de entrega y c\u00f3mo realizar el seguimiento de su pedido. Informaci\u00f3n sobre env\u00edos internacionales.\" \/>\r\n<meta property=\"og:url\" content=\"https:\/\/induzon.com\/es\/guia-de-envio\/\" \/>\r\n<meta property=\"og:site_name\" content=\"induzon\" \/>\r\n<meta property=\"article:modified_time\" content=\"2025-11-25T09:28:10+00:00\" \/>\r\n<meta name=\"twitter:card\" content=\"summary_large_image\" \/>\r\n<meta name=\"twitter:label1\" content=\"Tiempo de lectura\" \/>\n\t<meta name=\"twitter:data1\" content=\"2 minutos\" \/>\r\n<script type=\"application\/ld+json\" class=\"yoast-schema-graph\">{\"@context\":\"https:\/\/schema.org\",\"@graph\":[{\"@type\":\"WebPage\",\"@id\":\"https:\/\/induzon.com\/es\/guia-de-envio\/\",\"url\":\"https:\/\/induzon.com\/es\/guia-de-envio\/\",\"name\":\"Gu\u00eda y pol\u00edticas de env\u00edo | Informaci\u00f3n sobre env\u00edos internacionales - Induzon\",\"isPartOf\":{\"@id\":\"https:\/\/induzon.com\/es\/#website\"},\"datePublished\":\"2025-01-14T08:41:40+00:00\",\"dateModified\":\"2025-11-25T09:28:10+00:00\",\"description\":\"Induzon - Gu\u00eda completa de env\u00edo. Consulte los gastos de env\u00edo, los plazos de entrega y c\u00f3mo realizar el seguimiento de su pedido. Informaci\u00f3n sobre env\u00edos internacionales.\",\"breadcrumb\":{\"@id\":\"https:\/\/induzon.com\/es\/guia-de-envio\/#breadcrumb\"},\"inLanguage\":\"es\",\"potentialAction\":[{\"@type\":\"ReadAction\",\"target\":[\"https:\/\/induzon.com\/es\/guia-de-envio\/\"]}]},{\"@type\":\"BreadcrumbList\",\"@id\":\"https:\/\/induzon.com\/es\/guia-de-envio\/#breadcrumb\",\"itemListElement\":[{\"@type\":\"ListItem\",\"position\":1,\"name\":\"\u9996\u9875\",\"item\":\"https:\/\/induzon.com\/es\/\"},{\"@type\":\"ListItem\",\"position\":2,\"name\":\"Gu\u00eda de env\u00edo\"}]},{\"@type\":\"WebSite\",\"@id\":\"https:\/\/induzon.com\/es\/#website\",\"url\":\"https:\/\/induzon.com\/es\/\",\"name\":\"induzon\",\"description\":\"\",\"publisher\":{\"@id\":\"https:\/\/induzon.com\/es\/#organization\"},\"potentialAction\":[{\"@type\":\"SearchAction\",\"target\":{\"@type\":\"EntryPoint\",\"urlTemplate\":\"https:\/\/induzon.com\/es\/?s={search_term_string}\"},\"query-input\":{\"@type\":\"PropertyValueSpecification\",\"valueRequired\":true,\"valueName\":\"search_term_string\"}}],\"inLanguage\":\"es\"},{\"@type\":\"Organization\",\"@id\":\"https:\/\/induzon.com\/es\/#organization\",\"name\":\"induzon\",\"url\":\"https:\/\/induzon.com\/es\/\",\"logo\":{\"@type\":\"ImageObject\",\"inLanguage\":\"es\",\"@id\":\"https:\/\/induzon.com\/es\/#\/schema\/logo\/image\/\",\"url\":\"https:\/\/induzon.com\/wp-content\/uploads\/2025\/05\/cropped-026.png\",\"contentUrl\":\"https:\/\/induzon.com\/wp-content\/uploads\/2025\/05\/cropped-026.png\",\"width\":512,\"height\":512,\"caption\":\"induzon\"},\"image\":{\"@id\":\"https:\/\/induzon.com\/es\/#\/schema\/logo\/image\/\"}}]}<\/script>\r\n<!-- \/ Yoast SEO plugin. -->","yoast_head_json":{"title":"Gu\u00eda y pol\u00edticas de env\u00edo | Informaci\u00f3n sobre env\u00edos internacionales - Induzon","description":"Induzon - Gu\u00eda completa de env\u00edo. Consulte los gastos de env\u00edo, los plazos de entrega y c\u00f3mo realizar el seguimiento de su pedido. Informaci\u00f3n sobre env\u00edos internacionales.","robots":{"index":"index","follow":"follow","max-snippet":"max-snippet:-1","max-image-preview":"max-image-preview:large","max-video-preview":"max-video-preview:-1"},"canonical":"https:\/\/induzon.com\/es\/guia-de-envio\/","og_locale":"es_ES","og_type":"article","og_title":"Gu\u00eda y pol\u00edticas de env\u00edo | Informaci\u00f3n sobre env\u00edos internacionales - Induzon","og_description":"Induzon - Gu\u00eda completa de env\u00edo. Consulte los gastos de env\u00edo, los plazos de entrega y c\u00f3mo realizar el seguimiento de su pedido. Informaci\u00f3n sobre env\u00edos internacionales.","og_url":"https:\/\/induzon.com\/es\/guia-de-envio\/","og_site_name":"induzon","article_modified_time":"2025-11-25T09:28:10+00:00","twitter_card":"summary_large_image","twitter_misc":{"Tiempo de lectura":"2 minutos"},"schema":{"@context":"https:\/\/schema.org","@graph":[{"@type":"WebPage","@id":"https:\/\/induzon.com\/es\/guia-de-envio\/","url":"https:\/\/induzon.com\/es\/guia-de-envio\/","name":"Gu\u00eda y pol\u00edticas de env\u00edo | Informaci\u00f3n sobre env\u00edos internacionales - Induzon","isPartOf":{"@id":"https:\/\/induzon.com\/es\/#website"},"datePublished":"2025-01-14T08:41:40+00:00","dateModified":"2025-11-25T09:28:10+00:00","description":"Induzon - Gu\u00eda completa de env\u00edo. Consulte los gastos de env\u00edo, los plazos de entrega y c\u00f3mo realizar el seguimiento de su pedido. Informaci\u00f3n sobre env\u00edos internacionales.","breadcrumb":{"@id":"https:\/\/induzon.com\/es\/guia-de-envio\/#breadcrumb"},"inLanguage":"es","potentialAction":[{"@type":"ReadAction","target":["https:\/\/induzon.com\/es\/guia-de-envio\/"]}]},{"@type":"BreadcrumbList","@id":"https:\/\/induzon.com\/es\/guia-de-envio\/#breadcrumb","itemListElement":[{"@type":"ListItem","position":1,"name":"\u9996\u9875","item":"https:\/\/induzon.com\/es\/"},{"@type":"ListItem","position":2,"name":"Gu\u00eda de env\u00edo"}]},{"@type":"WebSite","@id":"https:\/\/induzon.com\/es\/#website","url":"https:\/\/induzon.com\/es\/","name":"induzon","description":"","publisher":{"@id":"https:\/\/induzon.com\/es\/#organization"},"potentialAction":[{"@type":"SearchAction","target":{"@type":"EntryPoint","urlTemplate":"https:\/\/induzon.com\/es\/?s={search_term_string}"},"query-input":{"@type":"PropertyValueSpecification","valueRequired":true,"valueName":"search_term_string"}}],"inLanguage":"es"},{"@type":"Organization","@id":"https:\/\/induzon.com\/es\/#organization","name":"induzon","url":"https:\/\/induzon.com\/es\/","logo":{"@type":"ImageObject","inLanguage":"es","@id":"https:\/\/induzon.com\/es\/#\/schema\/logo\/image\/","url":"https:\/\/induzon.com\/wp-content\/uploads\/2025\/05\/cropped-026.png","contentUrl":"https:\/\/induzon.com\/wp-content\/uploads\/2025\/05\/cropped-026.png","width":512,"height":512,"caption":"induzon"},"image":{"@id":"https:\/\/induzon.com\/es\/#\/schema\/logo\/image\/"}}]}},"_links":{"self":[{"href":"https:\/\/induzon.com\/es\/wp-json\/wp\/v2\/pages\/3281","targetHints":{"allow":["GET"]}}],"collection":[{"href":"https:\/\/induzon.com\/es\/wp-json\/wp\/v2\/pages"}],"about":[{"href":"https:\/\/induzon.com\/es\/wp-json\/wp\/v2\/types\/page"}],"author":[{"embeddable":true,"href":"https:\/\/induzon.com\/es\/wp-json\/wp\/v2\/users\/1"}],"replies":[{"embeddable":true,"href":"https:\/\/induzon.com\/es\/wp-json\/wp\/v2\/comments?post=3281"}],"version-history":[{"count":4,"href":"https:\/\/induzon.com\/es\/wp-json\/wp\/v2\/pages\/3281\/revisions"}],"predecessor-version":[{"id":30757,"href":"https:\/\/induzon.com\/es\/wp-json\/wp\/v2\/pages\/3281\/revisions\/30757"}],"wp:attachment":[{"href":"https:\/\/induzon.com\/es\/wp-json\/wp\/v2\/media?parent=3281"}],"curies":[{"name":"wp","href":"https:\/\/api.w.org\/{rel}","templated":true}]}}