{"id":1369,"date":"2024-12-31T13:48:36","date_gmt":"2024-12-31T05:48:36","guid":{"rendered":"http:\/\/localhost\/product\/conmutador-horno-electrico-gas-cocina-interruptor-selector-80-9-posiciones-rotativo-estufa-placa-universal\/"},"modified":"2026-01-13T16:00:37","modified_gmt":"2026-01-13T08:00:37","slug":"conmutador-horno-electrico-gas-cocina-interruptor-selector-80-9-posiciones-rotativo-estufa-placa-universal","status":"publish","type":"product","link":"https:\/\/induzon.com\/es\/producto\/conmutador-horno-electrico-gas-cocina-interruptor-selector-80-9-posiciones-rotativo-estufa-placa-universal\/","title":{"rendered":"Conmutador horno electrico gas cocina interruptor selector 8+0 9 posiciones rotativo estufa placa universal"},"content":{"rendered":"","protected":false},"excerpt":{"rendered":"","protected":false},"featured_media":1340,"comment_status":"open","ping_status":"closed","template":"","meta":{"site-sidebar-layout":"default","site-content-layout":"","ast-site-content-layout":"default","site-content-style":"default","site-sidebar-style":"default","ast-global-header-display":"","ast-banner-title-visibility":"","ast-main-header-display":"","ast-hfb-above-header-display":"","ast-hfb-below-header-display":"","ast-hfb-mobile-header-display":"","site-post-title":"","ast-breadcrumbs-content":"","ast-featured-img":"","footer-sml-layout":"","theme-transparent-header-meta":"default","adv-header-id-meta":"","stick-header-meta":"","header-above-stick-meta":"","header-main-stick-meta":"","header-below-stick-meta":"","astra-migrate-meta-layouts":"set","ast-page-background-enabled":"default","ast-page-background-meta":{"desktop":{"background-color":"var(--ast-global-color-4)","background-image":"","background-repeat":"repeat","background-position":"center center","background-size":"auto","background-attachment":"scroll","background-type":"","background-media":"","overlay-type":"","overlay-color":"","overlay-opacity":"","overlay-gradient":""},"tablet":{"background-color":"","background-image":"","background-repeat":"repeat","background-position":"center center","background-size":"auto","background-attachment":"scroll","background-type":"","background-media":"","overlay-type":"","overlay-color":"","overlay-opacity":"","overlay-gradient":""},"mobile":{"background-color":"","background-image":"","background-repeat":"repeat","background-position":"center center","background-size":"auto","background-attachment":"scroll","background-type":"","background-media":"","overlay-type":"","overlay-color":"","overlay-opacity":"","overlay-gradient":""}},"ast-content-background-meta":{"desktop":{"background-color":"var(--ast-global-color-5)","background-image":"","background-repeat":"repeat","background-position":"center center","background-size":"auto","background-attachment":"scroll","background-type":"","background-media":"","overlay-type":"","overlay-color":"","overlay-opacity":"","overlay-gradient":""},"tablet":{"background-color":"var(--ast-global-color-5)","background-image":"","background-repeat":"repeat","background-position":"center center","background-size":"auto","background-attachment":"scroll","background-type":"","background-media":"","overlay-type":"","overlay-color":"","overlay-opacity":"","overlay-gradient":""},"mobile":{"background-color":"var(--ast-global-color-5)","background-image":"","background-repeat":"repeat","background-position":"center center","background-size":"auto","background-attachment":"scroll","background-type":"","background-media":"","overlay-type":"","overlay-color":"","overlay-opacity":"","overlay-gradient":""}}},"product_brand":[],"product_cat":[278],"product_tag":[279],"class_list":{"0":"post-1369","1":"product","2":"type-product","3":"status-publish","4":"has-post-thumbnail","6":"product_cat-accesorios-electricos","7":"product_tag-interruptor-giratorio","8":"desktop-align-left","9":"tablet-align-left","10":"mobile-align-left","12":"first","13":"instock","14":"shipping-taxable","15":"purchasable","16":"product-type-simple"},"yoast_head":"<!-- This site is optimized with the Yoast SEO plugin v24.9 - https:\/\/yoast.com\/wordpress\/plugins\/seo\/ -->\r\n<title>nterruptor Rotativo 8+0 Posiciones para Horno El\u00e9ctrico y Estufa<\/title>\r\n<meta name=\"description\" content=\"Ba\u00f1o de ultrasonidos para joyas, relojes, monedas, gafas y limpieza dental. M\u00e1quina de limpieza por vibraciones ultras\u00f3nicas. \u00a1Env\u00edo gratis!\" \/>\r\n<meta name=\"robots\" content=\"index, follow, max-snippet:-1, max-image-preview:large, max-video-preview:-1\" \/>\r\n<link rel=\"canonical\" href=\"https:\/\/induzon.com\/es\/producto\/conmutador-horno-electrico-gas-cocina-interruptor-selector-80-9-posiciones-rotativo-estufa-placa-universal\/\" \/>\r\n<meta property=\"og:locale\" content=\"es_ES\" \/>\r\n<meta property=\"og:type\" content=\"article\" \/>\r\n<meta property=\"og:title\" content=\"nterruptor Rotativo 8+0 Posiciones para Horno El\u00e9ctrico y Estufa\" \/>\r\n<meta property=\"og:description\" content=\"Ba\u00f1o de ultrasonidos para joyas, relojes, monedas, gafas y limpieza dental. M\u00e1quina de limpieza por vibraciones ultras\u00f3nicas. \u00a1Env\u00edo gratis!\" \/>\r\n<meta property=\"og:url\" content=\"https:\/\/induzon.com\/es\/producto\/conmutador-horno-electrico-gas-cocina-interruptor-selector-80-9-posiciones-rotativo-estufa-placa-universal\/\" \/>\r\n<meta property=\"og:site_name\" content=\"induzon\" \/>\r\n<meta property=\"article:modified_time\" content=\"2026-01-13T08:00:37+00:00\" \/>\r\n<meta property=\"og:image\" content=\"https:\/\/induzon.com\/wp-content\/uploads\/2024\/12\/1-2.jpg\" \/>\r\n\t<meta property=\"og:image:width\" content=\"1500\" \/>\r\n\t<meta property=\"og:image:height\" content=\"1500\" \/>\r\n\t<meta property=\"og:image:type\" content=\"image\/jpeg\" \/>\r\n<meta name=\"twitter:card\" content=\"summary_large_image\" \/>\r\n<meta name=\"twitter:label1\" content=\"Tiempo de lectura\" \/>\n\t<meta name=\"twitter:data1\" content=\"1 minuto\" \/>\r\n<script type=\"application\/ld+json\" class=\"yoast-schema-graph\">{\"@context\":\"https:\/\/schema.org\",\"@graph\":[{\"@type\":\"WebPage\",\"@id\":\"https:\/\/induzon.com\/es\/producto\/conmutador-horno-electrico-gas-cocina-interruptor-selector-80-9-posiciones-rotativo-estufa-placa-universal\/\",\"url\":\"https:\/\/induzon.com\/es\/producto\/conmutador-horno-electrico-gas-cocina-interruptor-selector-80-9-posiciones-rotativo-estufa-placa-universal\/\",\"name\":\"nterruptor Rotativo 8+0 Posiciones para Horno El\u00e9ctrico y Estufa\",\"isPartOf\":{\"@id\":\"https:\/\/induzon.com\/es\/#website\"},\"primaryImageOfPage\":{\"@id\":\"https:\/\/induzon.com\/es\/producto\/conmutador-horno-electrico-gas-cocina-interruptor-selector-80-9-posiciones-rotativo-estufa-placa-universal\/#primaryimage\"},\"image\":{\"@id\":\"https:\/\/induzon.com\/es\/producto\/conmutador-horno-electrico-gas-cocina-interruptor-selector-80-9-posiciones-rotativo-estufa-placa-universal\/#primaryimage\"},\"thumbnailUrl\":\"https:\/\/induzon.com\/wp-content\/uploads\/2024\/12\/1-2.jpg\",\"datePublished\":\"2024-12-31T05:48:36+00:00\",\"dateModified\":\"2026-01-13T08:00:37+00:00\",\"description\":\"Ba\u00f1o de ultrasonidos para joyas, relojes, monedas, gafas y limpieza dental. M\u00e1quina de limpieza por vibraciones ultras\u00f3nicas. \u00a1Env\u00edo gratis!\",\"breadcrumb\":{\"@id\":\"https:\/\/induzon.com\/es\/producto\/conmutador-horno-electrico-gas-cocina-interruptor-selector-80-9-posiciones-rotativo-estufa-placa-universal\/#breadcrumb\"},\"inLanguage\":\"es\",\"potentialAction\":[{\"@type\":\"ReadAction\",\"target\":[\"https:\/\/induzon.com\/es\/producto\/conmutador-horno-electrico-gas-cocina-interruptor-selector-80-9-posiciones-rotativo-estufa-placa-universal\/\"]}]},{\"@type\":\"ImageObject\",\"inLanguage\":\"es\",\"@id\":\"https:\/\/induzon.com\/es\/producto\/conmutador-horno-electrico-gas-cocina-interruptor-selector-80-9-posiciones-rotativo-estufa-placa-universal\/#primaryimage\",\"url\":\"https:\/\/induzon.com\/wp-content\/uploads\/2024\/12\/1-2.jpg\",\"contentUrl\":\"https:\/\/induzon.com\/wp-content\/uploads\/2024\/12\/1-2.jpg\",\"width\":1500,\"height\":1500,\"caption\":\"nterruptor Rotativo 8+0 Posiciones para Horno El\u00e9ctrico y Estufa\"},{\"@type\":\"BreadcrumbList\",\"@id\":\"https:\/\/induzon.com\/es\/producto\/conmutador-horno-electrico-gas-cocina-interruptor-selector-80-9-posiciones-rotativo-estufa-placa-universal\/#breadcrumb\",\"itemListElement\":[{\"@type\":\"ListItem\",\"position\":1,\"name\":\"\u9996\u9875\",\"item\":\"https:\/\/induzon.com\/es\/\"},{\"@type\":\"ListItem\",\"position\":2,\"name\":\"Tienda\",\"item\":\"https:\/\/induzon.com\/es\/tienda\/\"},{\"@type\":\"ListItem\",\"position\":3,\"name\":\"Conmutador horno electrico gas cocina interruptor selector 8+0 9 posiciones rotativo estufa placa universal\"}]},{\"@type\":\"WebSite\",\"@id\":\"https:\/\/induzon.com\/es\/#website\",\"url\":\"https:\/\/induzon.com\/es\/\",\"name\":\"induzon\",\"description\":\"\",\"publisher\":{\"@id\":\"https:\/\/induzon.com\/es\/#organization\"},\"potentialAction\":[{\"@type\":\"SearchAction\",\"target\":{\"@type\":\"EntryPoint\",\"urlTemplate\":\"https:\/\/induzon.com\/es\/?s={search_term_string}\"},\"query-input\":{\"@type\":\"PropertyValueSpecification\",\"valueRequired\":true,\"valueName\":\"search_term_string\"}}],\"inLanguage\":\"es\"},{\"@type\":\"Organization\",\"@id\":\"https:\/\/induzon.com\/es\/#organization\",\"name\":\"induzon\",\"url\":\"https:\/\/induzon.com\/es\/\",\"logo\":{\"@type\":\"ImageObject\",\"inLanguage\":\"es\",\"@id\":\"https:\/\/induzon.com\/es\/#\/schema\/logo\/image\/\",\"url\":\"https:\/\/induzon.com\/wp-content\/uploads\/2025\/05\/cropped-026.png\",\"contentUrl\":\"https:\/\/induzon.com\/wp-content\/uploads\/2025\/05\/cropped-026.png\",\"width\":512,\"height\":512,\"caption\":\"induzon\"},\"image\":{\"@id\":\"https:\/\/induzon.com\/es\/#\/schema\/logo\/image\/\"}}]}<\/script>\r\n<!-- \/ Yoast SEO plugin. -->","yoast_head_json":{"title":"nterruptor Rotativo 8+0 Posiciones para Horno El\u00e9ctrico y Estufa","description":"Ba\u00f1o de ultrasonidos para joyas, relojes, monedas, gafas y limpieza dental. M\u00e1quina de limpieza por vibraciones ultras\u00f3nicas. \u00a1Env\u00edo gratis!","robots":{"index":"index","follow":"follow","max-snippet":"max-snippet:-1","max-image-preview":"max-image-preview:large","max-video-preview":"max-video-preview:-1"},"canonical":"https:\/\/induzon.com\/es\/producto\/conmutador-horno-electrico-gas-cocina-interruptor-selector-80-9-posiciones-rotativo-estufa-placa-universal\/","og_locale":"es_ES","og_type":"article","og_title":"nterruptor Rotativo 8+0 Posiciones para Horno El\u00e9ctrico y Estufa","og_description":"Ba\u00f1o de ultrasonidos para joyas, relojes, monedas, gafas y limpieza dental. M\u00e1quina de limpieza por vibraciones ultras\u00f3nicas. \u00a1Env\u00edo gratis!","og_url":"https:\/\/induzon.com\/es\/producto\/conmutador-horno-electrico-gas-cocina-interruptor-selector-80-9-posiciones-rotativo-estufa-placa-universal\/","og_site_name":"induzon","article_modified_time":"2026-01-13T08:00:37+00:00","og_image":[{"width":1500,"height":1500,"url":"https:\/\/induzon.com\/wp-content\/uploads\/2024\/12\/1-2.jpg","type":"image\/jpeg"}],"twitter_card":"summary_large_image","twitter_misc":{"Tiempo de lectura":"1 minuto"},"schema":{"@context":"https:\/\/schema.org","@graph":[{"@type":"WebPage","@id":"https:\/\/induzon.com\/es\/producto\/conmutador-horno-electrico-gas-cocina-interruptor-selector-80-9-posiciones-rotativo-estufa-placa-universal\/","url":"https:\/\/induzon.com\/es\/producto\/conmutador-horno-electrico-gas-cocina-interruptor-selector-80-9-posiciones-rotativo-estufa-placa-universal\/","name":"nterruptor Rotativo 8+0 Posiciones para Horno El\u00e9ctrico y Estufa","isPartOf":{"@id":"https:\/\/induzon.com\/es\/#website"},"primaryImageOfPage":{"@id":"https:\/\/induzon.com\/es\/producto\/conmutador-horno-electrico-gas-cocina-interruptor-selector-80-9-posiciones-rotativo-estufa-placa-universal\/#primaryimage"},"image":{"@id":"https:\/\/induzon.com\/es\/producto\/conmutador-horno-electrico-gas-cocina-interruptor-selector-80-9-posiciones-rotativo-estufa-placa-universal\/#primaryimage"},"thumbnailUrl":"https:\/\/induzon.com\/wp-content\/uploads\/2024\/12\/1-2.jpg","datePublished":"2024-12-31T05:48:36+00:00","dateModified":"2026-01-13T08:00:37+00:00","description":"Ba\u00f1o de ultrasonidos para joyas, relojes, monedas, gafas y limpieza dental. M\u00e1quina de limpieza por vibraciones ultras\u00f3nicas. \u00a1Env\u00edo gratis!","breadcrumb":{"@id":"https:\/\/induzon.com\/es\/producto\/conmutador-horno-electrico-gas-cocina-interruptor-selector-80-9-posiciones-rotativo-estufa-placa-universal\/#breadcrumb"},"inLanguage":"es","potentialAction":[{"@type":"ReadAction","target":["https:\/\/induzon.com\/es\/producto\/conmutador-horno-electrico-gas-cocina-interruptor-selector-80-9-posiciones-rotativo-estufa-placa-universal\/"]}]},{"@type":"ImageObject","inLanguage":"es","@id":"https:\/\/induzon.com\/es\/producto\/conmutador-horno-electrico-gas-cocina-interruptor-selector-80-9-posiciones-rotativo-estufa-placa-universal\/#primaryimage","url":"https:\/\/induzon.com\/wp-content\/uploads\/2024\/12\/1-2.jpg","contentUrl":"https:\/\/induzon.com\/wp-content\/uploads\/2024\/12\/1-2.jpg","width":1500,"height":1500,"caption":"nterruptor Rotativo 8+0 Posiciones para Horno El\u00e9ctrico y Estufa"},{"@type":"BreadcrumbList","@id":"https:\/\/induzon.com\/es\/producto\/conmutador-horno-electrico-gas-cocina-interruptor-selector-80-9-posiciones-rotativo-estufa-placa-universal\/#breadcrumb","itemListElement":[{"@type":"ListItem","position":1,"name":"\u9996\u9875","item":"https:\/\/induzon.com\/es\/"},{"@type":"ListItem","position":2,"name":"Tienda","item":"https:\/\/induzon.com\/es\/tienda\/"},{"@type":"ListItem","position":3,"name":"Conmutador horno electrico gas cocina interruptor selector 8+0 9 posiciones rotativo estufa placa universal"}]},{"@type":"WebSite","@id":"https:\/\/induzon.com\/es\/#website","url":"https:\/\/induzon.com\/es\/","name":"induzon","description":"","publisher":{"@id":"https:\/\/induzon.com\/es\/#organization"},"potentialAction":[{"@type":"SearchAction","target":{"@type":"EntryPoint","urlTemplate":"https:\/\/induzon.com\/es\/?s={search_term_string}"},"query-input":{"@type":"PropertyValueSpecification","valueRequired":true,"valueName":"search_term_string"}}],"inLanguage":"es"},{"@type":"Organization","@id":"https:\/\/induzon.com\/es\/#organization","name":"induzon","url":"https:\/\/induzon.com\/es\/","logo":{"@type":"ImageObject","inLanguage":"es","@id":"https:\/\/induzon.com\/es\/#\/schema\/logo\/image\/","url":"https:\/\/induzon.com\/wp-content\/uploads\/2025\/05\/cropped-026.png","contentUrl":"https:\/\/induzon.com\/wp-content\/uploads\/2025\/05\/cropped-026.png","width":512,"height":512,"caption":"induzon"},"image":{"@id":"https:\/\/induzon.com\/es\/#\/schema\/logo\/image\/"}}]}},"_links":{"self":[{"href":"https:\/\/induzon.com\/es\/wp-json\/wp\/v2\/product\/1369","targetHints":{"allow":["GET"]}}],"collection":[{"href":"https:\/\/induzon.com\/es\/wp-json\/wp\/v2\/product"}],"about":[{"href":"https:\/\/induzon.com\/es\/wp-json\/wp\/v2\/types\/product"}],"replies":[{"embeddable":true,"href":"https:\/\/induzon.com\/es\/wp-json\/wp\/v2\/comments?post=1369"}],"version-history":[{"count":2,"href":"https:\/\/induzon.com\/es\/wp-json\/wp\/v2\/product\/1369\/revisions"}],"predecessor-version":[{"id":32960,"href":"https:\/\/induzon.com\/es\/wp-json\/wp\/v2\/product\/1369\/revisions\/32960"}],"wp:featuredmedia":[{"embeddable":true,"href":"https:\/\/induzon.com\/es\/wp-json\/wp\/v2\/media\/1340"}],"wp:attachment":[{"href":"https:\/\/induzon.com\/es\/wp-json\/wp\/v2\/media?parent=1369"}],"wp:term":[{"taxonomy":"product_brand","embeddable":true,"href":"https:\/\/induzon.com\/es\/wp-json\/wp\/v2\/product_brand?post=1369"},{"taxonomy":"product_cat","embeddable":true,"href":"https:\/\/induzon.com\/es\/wp-json\/wp\/v2\/product_cat?post=1369"},{"taxonomy":"product_tag","embeddable":true,"href":"https:\/\/induzon.com\/es\/wp-json\/wp\/v2\/product_tag?post=1369"}],"curies":[{"name":"wp","href":"https:\/\/api.w.org\/{rel}","templated":true}]}}