{"id":15063,"date":"2025-07-01T16:25:58","date_gmt":"2025-07-01T08:25:58","guid":{"rendered":"https:\/\/induzon.com\/shop\/cortina-de-aire-para-puertas-exteriores-industrial-comercial-para-supermercados-centros-comerciales-locales-cortina-anti-moscas-de-tiras-pvc-antiinsectos-vertical-caliente-silenciosa-mantenimiento-ins\/"},"modified":"2026-01-03T11:32:16","modified_gmt":"2026-01-03T03:32:16","slug":"cortina-de-aire-para-puertas-exteriores-industrial-comercial-para-supermercados-centros-comerciales-locales-cortina-anti-moscas-de-tiras-pvc-antiinsectos-vertical-caliente-silenciosa-mantenimiento-ins","status":"publish","type":"product","link":"https:\/\/induzon.com\/es\/producto\/cortina-de-aire-para-puertas-exteriores-industrial-comercial-para-supermercados-centros-comerciales-locales-cortina-anti-moscas-de-tiras-pvc-antiinsectos-vertical-caliente-silenciosa-mantenimiento-ins\/","title":{"rendered":"Cortina de aire para puertas exteriores industrial comercial para supermercados centros comerciales locales cortina anti moscas de tiras pvc antiinsectos vertical caliente silenciosa mantenimiento instalaci\u00f3n"},"content":{"rendered":"<p>1.Potente cortina de aire comercial para mantener insectos fuera y climatizar \u00e1reas en supermercados y centros comerciales.<br \/>\n2.Eficiente sistema de barrera de aire para control de temperatura y polvo en talleres y almacenes industriales.<br \/>\n3.Dise\u00f1o robusto y duradero para uso intensivo en entornos comerciales e industriales con alto tr\u00e1fico.<br \/>\n4.F\u00e1cil instalaci\u00f3n y mantenimiento, ideal para una integraci\u00f3n r\u00e1pida en cualquier espacio comercial o industrial.<br \/>\n5.Bajo consumo energ\u00e9tico con alto rendimiento, garantizando un ambiente c\u00f3modo y libre de corrientes de aire.<\/p>\n","protected":false},"excerpt":{"rendered":"<p>1.Potente cortina de aire comercial para mantener insectos fuera y climatizar \u00e1reas en supermercados y centros comerciales. 2.Eficiente sistema de [&hellip;]<\/p>\n","protected":false},"featured_media":15003,"comment_status":"open","ping_status":"closed","template":"","meta":{"site-sidebar-layout":"default","site-content-layout":"","ast-site-content-layout":"default","site-content-style":"default","site-sidebar-style":"default","ast-global-header-display":"","ast-banner-title-visibility":"","ast-main-header-display":"","ast-hfb-above-header-display":"","ast-hfb-below-header-display":"","ast-hfb-mobile-header-display":"","site-post-title":"","ast-breadcrumbs-content":"","ast-featured-img":"","footer-sml-layout":"","theme-transparent-header-meta":"default","adv-header-id-meta":"","stick-header-meta":"","header-above-stick-meta":"","header-main-stick-meta":"","header-below-stick-meta":"","astra-migrate-meta-layouts":"set","ast-page-background-enabled":"default","ast-page-background-meta":{"desktop":{"background-color":"var(--ast-global-color-4)","background-image":"","background-repeat":"repeat","background-position":"center center","background-size":"auto","background-attachment":"scroll","background-type":"","background-media":"","overlay-type":"","overlay-color":"","overlay-opacity":"","overlay-gradient":""},"tablet":{"background-color":"","background-image":"","background-repeat":"repeat","background-position":"center center","background-size":"auto","background-attachment":"scroll","background-type":"","background-media":"","overlay-type":"","overlay-color":"","overlay-opacity":"","overlay-gradient":""},"mobile":{"background-color":"","background-image":"","background-repeat":"repeat","background-position":"center center","background-size":"auto","background-attachment":"scroll","background-type":"","background-media":"","overlay-type":"","overlay-color":"","overlay-opacity":"","overlay-gradient":""}},"ast-content-background-meta":{"desktop":{"background-color":"var(--ast-global-color-5)","background-image":"","background-repeat":"repeat","background-position":"center center","background-size":"auto","background-attachment":"scroll","background-type":"","background-media":"","overlay-type":"","overlay-color":"","overlay-opacity":"","overlay-gradient":""},"tablet":{"background-color":"var(--ast-global-color-5)","background-image":"","background-repeat":"repeat","background-position":"center center","background-size":"auto","background-attachment":"scroll","background-type":"","background-media":"","overlay-type":"","overlay-color":"","overlay-opacity":"","overlay-gradient":""},"mobile":{"background-color":"var(--ast-global-color-5)","background-image":"","background-repeat":"repeat","background-position":"center center","background-size":"auto","background-attachment":"scroll","background-type":"","background-media":"","overlay-type":"","overlay-color":"","overlay-opacity":"","overlay-gradient":""}}},"product_brand":[],"product_cat":[1372,1064],"product_tag":[1373],"class_list":{"0":"post-15063","1":"product","2":"type-product","3":"status-publish","4":"has-post-thumbnail","6":"product_cat-cortina-de-aire-de-calefaccion-y-refrigeracion","7":"product_cat-equipamiento-industrial-y-comercial","8":"product_tag-cortina-de-aire-de-calefaccion-y-refrigeracion","9":"desktop-align-left","10":"tablet-align-left","11":"mobile-align-left","13":"first","14":"instock","15":"sale","16":"shipping-taxable","17":"purchasable","18":"product-type-variable"},"yoast_head":"<!-- This site is optimized with the Yoast SEO plugin v24.9 - https:\/\/yoast.com\/wordpress\/plugins\/seo\/ -->\r\n<title>Cortina de Aire Comercial Industrial Climatizada Refrigerada<\/title>\r\n<meta name=\"description\" content=\"Cortinas de aire industriales y para comercios. Soluciones anti-moscas y de eficiencia energ\u00e9tica para puertas de supermercados y negocios.\" \/>\r\n<meta name=\"robots\" content=\"index, follow, max-snippet:-1, max-image-preview:large, max-video-preview:-1\" \/>\r\n<link rel=\"canonical\" href=\"https:\/\/induzon.com\/es\/producto\/cortina-de-aire-para-puertas-exteriores-industrial-comercial-para-supermercados-centros-comerciales-locales-cortina-anti-moscas-de-tiras-pvc-antiinsectos-vertical-caliente-silenciosa-mantenimiento-ins\/\" \/>\r\n<meta property=\"og:locale\" content=\"es_ES\" \/>\r\n<meta property=\"og:type\" content=\"article\" \/>\r\n<meta property=\"og:title\" content=\"Cortina de Aire Comercial Industrial Climatizada Refrigerada\" \/>\r\n<meta property=\"og:description\" content=\"Cortinas de aire industriales y para comercios. Soluciones anti-moscas y de eficiencia energ\u00e9tica para puertas de supermercados y negocios.\" \/>\r\n<meta property=\"og:url\" content=\"https:\/\/induzon.com\/es\/producto\/cortina-de-aire-para-puertas-exteriores-industrial-comercial-para-supermercados-centros-comerciales-locales-cortina-anti-moscas-de-tiras-pvc-antiinsectos-vertical-caliente-silenciosa-mantenimiento-ins\/\" \/>\r\n<meta property=\"og:site_name\" content=\"induzon\" \/>\r\n<meta property=\"article:modified_time\" content=\"2026-01-03T03:32:16+00:00\" \/>\r\n<meta property=\"og:image\" content=\"https:\/\/induzon.com\/wp-content\/uploads\/2025\/07\/\u56fe-8-1.jpg\" \/>\r\n\t<meta property=\"og:image:width\" content=\"1500\" \/>\r\n\t<meta property=\"og:image:height\" content=\"1500\" \/>\r\n\t<meta property=\"og:image:type\" content=\"image\/jpeg\" \/>\r\n<meta name=\"twitter:card\" content=\"summary_large_image\" \/>\r\n<meta name=\"twitter:label1\" content=\"Tiempo de lectura\" \/>\n\t<meta name=\"twitter:data1\" content=\"1 minuto\" \/>\r\n<script type=\"application\/ld+json\" class=\"yoast-schema-graph\">{\"@context\":\"https:\/\/schema.org\",\"@graph\":[{\"@type\":\"WebPage\",\"@id\":\"https:\/\/induzon.com\/es\/producto\/cortina-de-aire-para-puertas-exteriores-industrial-comercial-para-supermercados-centros-comerciales-locales-cortina-anti-moscas-de-tiras-pvc-antiinsectos-vertical-caliente-silenciosa-mantenimiento-ins\/\",\"url\":\"https:\/\/induzon.com\/es\/producto\/cortina-de-aire-para-puertas-exteriores-industrial-comercial-para-supermercados-centros-comerciales-locales-cortina-anti-moscas-de-tiras-pvc-antiinsectos-vertical-caliente-silenciosa-mantenimiento-ins\/\",\"name\":\"Cortina de Aire Comercial Industrial Climatizada Refrigerada\",\"isPartOf\":{\"@id\":\"https:\/\/induzon.com\/es\/#website\"},\"primaryImageOfPage\":{\"@id\":\"https:\/\/induzon.com\/es\/producto\/cortina-de-aire-para-puertas-exteriores-industrial-comercial-para-supermercados-centros-comerciales-locales-cortina-anti-moscas-de-tiras-pvc-antiinsectos-vertical-caliente-silenciosa-mantenimiento-ins\/#primaryimage\"},\"image\":{\"@id\":\"https:\/\/induzon.com\/es\/producto\/cortina-de-aire-para-puertas-exteriores-industrial-comercial-para-supermercados-centros-comerciales-locales-cortina-anti-moscas-de-tiras-pvc-antiinsectos-vertical-caliente-silenciosa-mantenimiento-ins\/#primaryimage\"},\"thumbnailUrl\":\"https:\/\/induzon.com\/wp-content\/uploads\/2025\/07\/\u56fe-8-1.jpg\",\"datePublished\":\"2025-07-01T08:25:58+00:00\",\"dateModified\":\"2026-01-03T03:32:16+00:00\",\"description\":\"Cortinas de aire industriales y para comercios. Soluciones anti-moscas y de eficiencia energ\u00e9tica para puertas de supermercados y negocios.\",\"breadcrumb\":{\"@id\":\"https:\/\/induzon.com\/es\/producto\/cortina-de-aire-para-puertas-exteriores-industrial-comercial-para-supermercados-centros-comerciales-locales-cortina-anti-moscas-de-tiras-pvc-antiinsectos-vertical-caliente-silenciosa-mantenimiento-ins\/#breadcrumb\"},\"inLanguage\":\"es\",\"potentialAction\":[{\"@type\":\"ReadAction\",\"target\":[\"https:\/\/induzon.com\/es\/producto\/cortina-de-aire-para-puertas-exteriores-industrial-comercial-para-supermercados-centros-comerciales-locales-cortina-anti-moscas-de-tiras-pvc-antiinsectos-vertical-caliente-silenciosa-mantenimiento-ins\/\"]}]},{\"@type\":\"ImageObject\",\"inLanguage\":\"es\",\"@id\":\"https:\/\/induzon.com\/es\/producto\/cortina-de-aire-para-puertas-exteriores-industrial-comercial-para-supermercados-centros-comerciales-locales-cortina-anti-moscas-de-tiras-pvc-antiinsectos-vertical-caliente-silenciosa-mantenimiento-ins\/#primaryimage\",\"url\":\"https:\/\/induzon.com\/wp-content\/uploads\/2025\/07\/\u56fe-8-1.jpg\",\"contentUrl\":\"https:\/\/induzon.com\/wp-content\/uploads\/2025\/07\/\u56fe-8-1.jpg\",\"width\":1500,\"height\":1500,\"caption\":\"Heated and Cooled Residential Commercial Industrial Air Curtain High Power PVC Blower for Door Drive Thru Window Over Door Indoor Outdoor Backward Curved Centrifugal with Sensor Remote Control Mounted Installation Maintenance Screen\"},{\"@type\":\"BreadcrumbList\",\"@id\":\"https:\/\/induzon.com\/es\/producto\/cortina-de-aire-para-puertas-exteriores-industrial-comercial-para-supermercados-centros-comerciales-locales-cortina-anti-moscas-de-tiras-pvc-antiinsectos-vertical-caliente-silenciosa-mantenimiento-ins\/#breadcrumb\",\"itemListElement\":[{\"@type\":\"ListItem\",\"position\":1,\"name\":\"\u9996\u9875\",\"item\":\"https:\/\/induzon.com\/es\/\"},{\"@type\":\"ListItem\",\"position\":2,\"name\":\"Tienda\",\"item\":\"https:\/\/induzon.com\/es\/tienda\/\"},{\"@type\":\"ListItem\",\"position\":3,\"name\":\"Cortina de aire para puertas exteriores industrial comercial para supermercados centros comerciales locales cortina anti moscas de tiras pvc antiinsectos vertical caliente silenciosa mantenimiento instalaci\u00f3n\"}]},{\"@type\":\"WebSite\",\"@id\":\"https:\/\/induzon.com\/es\/#website\",\"url\":\"https:\/\/induzon.com\/es\/\",\"name\":\"induzon\",\"description\":\"\",\"publisher\":{\"@id\":\"https:\/\/induzon.com\/es\/#organization\"},\"potentialAction\":[{\"@type\":\"SearchAction\",\"target\":{\"@type\":\"EntryPoint\",\"urlTemplate\":\"https:\/\/induzon.com\/es\/?s={search_term_string}\"},\"query-input\":{\"@type\":\"PropertyValueSpecification\",\"valueRequired\":true,\"valueName\":\"search_term_string\"}}],\"inLanguage\":\"es\"},{\"@type\":\"Organization\",\"@id\":\"https:\/\/induzon.com\/es\/#organization\",\"name\":\"induzon\",\"url\":\"https:\/\/induzon.com\/es\/\",\"logo\":{\"@type\":\"ImageObject\",\"inLanguage\":\"es\",\"@id\":\"https:\/\/induzon.com\/es\/#\/schema\/logo\/image\/\",\"url\":\"https:\/\/induzon.com\/wp-content\/uploads\/2025\/05\/cropped-026.png\",\"contentUrl\":\"https:\/\/induzon.com\/wp-content\/uploads\/2025\/05\/cropped-026.png\",\"width\":512,\"height\":512,\"caption\":\"induzon\"},\"image\":{\"@id\":\"https:\/\/induzon.com\/es\/#\/schema\/logo\/image\/\"}}]}<\/script>\r\n<!-- \/ Yoast SEO plugin. -->","yoast_head_json":{"title":"Cortina de Aire Comercial Industrial Climatizada Refrigerada","description":"Cortinas de aire industriales y para comercios. Soluciones anti-moscas y de eficiencia energ\u00e9tica para puertas de supermercados y negocios.","robots":{"index":"index","follow":"follow","max-snippet":"max-snippet:-1","max-image-preview":"max-image-preview:large","max-video-preview":"max-video-preview:-1"},"canonical":"https:\/\/induzon.com\/es\/producto\/cortina-de-aire-para-puertas-exteriores-industrial-comercial-para-supermercados-centros-comerciales-locales-cortina-anti-moscas-de-tiras-pvc-antiinsectos-vertical-caliente-silenciosa-mantenimiento-ins\/","og_locale":"es_ES","og_type":"article","og_title":"Cortina de Aire Comercial Industrial Climatizada Refrigerada","og_description":"Cortinas de aire industriales y para comercios. Soluciones anti-moscas y de eficiencia energ\u00e9tica para puertas de supermercados y negocios.","og_url":"https:\/\/induzon.com\/es\/producto\/cortina-de-aire-para-puertas-exteriores-industrial-comercial-para-supermercados-centros-comerciales-locales-cortina-anti-moscas-de-tiras-pvc-antiinsectos-vertical-caliente-silenciosa-mantenimiento-ins\/","og_site_name":"induzon","article_modified_time":"2026-01-03T03:32:16+00:00","og_image":[{"width":1500,"height":1500,"url":"https:\/\/induzon.com\/wp-content\/uploads\/2025\/07\/\u56fe-8-1.jpg","type":"image\/jpeg"}],"twitter_card":"summary_large_image","twitter_misc":{"Tiempo de lectura":"1 minuto"},"schema":{"@context":"https:\/\/schema.org","@graph":[{"@type":"WebPage","@id":"https:\/\/induzon.com\/es\/producto\/cortina-de-aire-para-puertas-exteriores-industrial-comercial-para-supermercados-centros-comerciales-locales-cortina-anti-moscas-de-tiras-pvc-antiinsectos-vertical-caliente-silenciosa-mantenimiento-ins\/","url":"https:\/\/induzon.com\/es\/producto\/cortina-de-aire-para-puertas-exteriores-industrial-comercial-para-supermercados-centros-comerciales-locales-cortina-anti-moscas-de-tiras-pvc-antiinsectos-vertical-caliente-silenciosa-mantenimiento-ins\/","name":"Cortina de Aire Comercial Industrial Climatizada Refrigerada","isPartOf":{"@id":"https:\/\/induzon.com\/es\/#website"},"primaryImageOfPage":{"@id":"https:\/\/induzon.com\/es\/producto\/cortina-de-aire-para-puertas-exteriores-industrial-comercial-para-supermercados-centros-comerciales-locales-cortina-anti-moscas-de-tiras-pvc-antiinsectos-vertical-caliente-silenciosa-mantenimiento-ins\/#primaryimage"},"image":{"@id":"https:\/\/induzon.com\/es\/producto\/cortina-de-aire-para-puertas-exteriores-industrial-comercial-para-supermercados-centros-comerciales-locales-cortina-anti-moscas-de-tiras-pvc-antiinsectos-vertical-caliente-silenciosa-mantenimiento-ins\/#primaryimage"},"thumbnailUrl":"https:\/\/induzon.com\/wp-content\/uploads\/2025\/07\/\u56fe-8-1.jpg","datePublished":"2025-07-01T08:25:58+00:00","dateModified":"2026-01-03T03:32:16+00:00","description":"Cortinas de aire industriales y para comercios. Soluciones anti-moscas y de eficiencia energ\u00e9tica para puertas de supermercados y negocios.","breadcrumb":{"@id":"https:\/\/induzon.com\/es\/producto\/cortina-de-aire-para-puertas-exteriores-industrial-comercial-para-supermercados-centros-comerciales-locales-cortina-anti-moscas-de-tiras-pvc-antiinsectos-vertical-caliente-silenciosa-mantenimiento-ins\/#breadcrumb"},"inLanguage":"es","potentialAction":[{"@type":"ReadAction","target":["https:\/\/induzon.com\/es\/producto\/cortina-de-aire-para-puertas-exteriores-industrial-comercial-para-supermercados-centros-comerciales-locales-cortina-anti-moscas-de-tiras-pvc-antiinsectos-vertical-caliente-silenciosa-mantenimiento-ins\/"]}]},{"@type":"ImageObject","inLanguage":"es","@id":"https:\/\/induzon.com\/es\/producto\/cortina-de-aire-para-puertas-exteriores-industrial-comercial-para-supermercados-centros-comerciales-locales-cortina-anti-moscas-de-tiras-pvc-antiinsectos-vertical-caliente-silenciosa-mantenimiento-ins\/#primaryimage","url":"https:\/\/induzon.com\/wp-content\/uploads\/2025\/07\/\u56fe-8-1.jpg","contentUrl":"https:\/\/induzon.com\/wp-content\/uploads\/2025\/07\/\u56fe-8-1.jpg","width":1500,"height":1500,"caption":"Heated and Cooled Residential Commercial Industrial Air Curtain High Power PVC Blower for Door Drive Thru Window Over Door Indoor Outdoor Backward Curved Centrifugal with Sensor Remote Control Mounted Installation Maintenance Screen"},{"@type":"BreadcrumbList","@id":"https:\/\/induzon.com\/es\/producto\/cortina-de-aire-para-puertas-exteriores-industrial-comercial-para-supermercados-centros-comerciales-locales-cortina-anti-moscas-de-tiras-pvc-antiinsectos-vertical-caliente-silenciosa-mantenimiento-ins\/#breadcrumb","itemListElement":[{"@type":"ListItem","position":1,"name":"\u9996\u9875","item":"https:\/\/induzon.com\/es\/"},{"@type":"ListItem","position":2,"name":"Tienda","item":"https:\/\/induzon.com\/es\/tienda\/"},{"@type":"ListItem","position":3,"name":"Cortina de aire para puertas exteriores industrial comercial para supermercados centros comerciales locales cortina anti moscas de tiras pvc antiinsectos vertical caliente silenciosa mantenimiento instalaci\u00f3n"}]},{"@type":"WebSite","@id":"https:\/\/induzon.com\/es\/#website","url":"https:\/\/induzon.com\/es\/","name":"induzon","description":"","publisher":{"@id":"https:\/\/induzon.com\/es\/#organization"},"potentialAction":[{"@type":"SearchAction","target":{"@type":"EntryPoint","urlTemplate":"https:\/\/induzon.com\/es\/?s={search_term_string}"},"query-input":{"@type":"PropertyValueSpecification","valueRequired":true,"valueName":"search_term_string"}}],"inLanguage":"es"},{"@type":"Organization","@id":"https:\/\/induzon.com\/es\/#organization","name":"induzon","url":"https:\/\/induzon.com\/es\/","logo":{"@type":"ImageObject","inLanguage":"es","@id":"https:\/\/induzon.com\/es\/#\/schema\/logo\/image\/","url":"https:\/\/induzon.com\/wp-content\/uploads\/2025\/05\/cropped-026.png","contentUrl":"https:\/\/induzon.com\/wp-content\/uploads\/2025\/05\/cropped-026.png","width":512,"height":512,"caption":"induzon"},"image":{"@id":"https:\/\/induzon.com\/es\/#\/schema\/logo\/image\/"}}]}},"_links":{"self":[{"href":"https:\/\/induzon.com\/es\/wp-json\/wp\/v2\/product\/15063","targetHints":{"allow":["GET"]}}],"collection":[{"href":"https:\/\/induzon.com\/es\/wp-json\/wp\/v2\/product"}],"about":[{"href":"https:\/\/induzon.com\/es\/wp-json\/wp\/v2\/types\/product"}],"replies":[{"embeddable":true,"href":"https:\/\/induzon.com\/es\/wp-json\/wp\/v2\/comments?post=15063"}],"version-history":[{"count":1,"href":"https:\/\/induzon.com\/es\/wp-json\/wp\/v2\/product\/15063\/revisions"}],"predecessor-version":[{"id":28230,"href":"https:\/\/induzon.com\/es\/wp-json\/wp\/v2\/product\/15063\/revisions\/28230"}],"wp:featuredmedia":[{"embeddable":true,"href":"https:\/\/induzon.com\/es\/wp-json\/wp\/v2\/media\/15003"}],"wp:attachment":[{"href":"https:\/\/induzon.com\/es\/wp-json\/wp\/v2\/media?parent=15063"}],"wp:term":[{"taxonomy":"product_brand","embeddable":true,"href":"https:\/\/induzon.com\/es\/wp-json\/wp\/v2\/product_brand?post=15063"},{"taxonomy":"product_cat","embeddable":true,"href":"https:\/\/induzon.com\/es\/wp-json\/wp\/v2\/product_cat?post=15063"},{"taxonomy":"product_tag","embeddable":true,"href":"https:\/\/induzon.com\/es\/wp-json\/wp\/v2\/product_tag?post=15063"}],"curies":[{"name":"wp","href":"https:\/\/api.w.org\/{rel}","templated":true}]}}