{"id":18003,"date":"2025-07-10T15:54:48","date_gmt":"2025-07-10T07:54:48","guid":{"rendered":"https:\/\/induzon.com\/shop\/boquilla-de-aspiracion-para-soldadura-laser-y-extraccion-de-humos-industrial-boquilla-pico-de-pato-campana-extractora-de-humos-ventilacion-plastico-extractor-de-humos-portatil-campana-extractora-de-5\/"},"modified":"2025-12-30T15:29:16","modified_gmt":"2025-12-30T07:29:16","slug":"boquilla-de-aspiracion-para-soldadura-laser-y-extraccion-de-humos-industrial-boquilla-pico-de-pato-campana-extractora-de-humos-ventilacion-plastico-extractor-de-humos-portatil-campana-extractora-de-5","status":"publish","type":"product","link":"https:\/\/induzon.com\/es\/producto\/boquilla-de-aspiracion-para-soldadura-laser-y-extraccion-de-humos-industrial-boquilla-pico-de-pato-campana-extractora-de-humos-ventilacion-plastico-extractor-de-humos-portatil-campana-extractora-de-5\/","title":{"rendered":"Boquilla de aspiraci\u00f3n para soldadura l\u00e1ser y extracci\u00f3n de humos industrial boquilla pico de pato campana extractora de humos ventilaci\u00f3n pl\u00e1stico extractor de humos portatil campana extractora de mesa campana extractora de pared Cubierta de salida de aire Campana de extracci\u00f3n giratoria para laboratorio de PP"},"content":{"rendered":"<p>1.Extractor de humo l\u00e1ser: Dise\u00f1ado para eliminar eficientemente humo y part\u00edculas durante soldaduras y procesos industriales.<br \/>\n2.Boquilla de ventilaci\u00f3n vers\u00e1til: Ideal para extracci\u00f3n de humos en soldadura, l\u00e1ser y aplicaciones de ventilaci\u00f3n industrial.<br \/>\n3.Material duradero: Fabricado en pl\u00e1stico resistente para un uso prolongado en entornos industriales exigentes.<br \/>\n4.Dise\u00f1o ergon\u00f3mico: Boquilla tipo pico de pato facilita la direcci\u00f3n precisa del flujo de aire y humos.<br \/>\n5.F\u00e1cil instalaci\u00f3n y uso: Compatible con diversos sistemas de extracci\u00f3n para una integraci\u00f3n r\u00e1pida y sin complicaciones.<\/p>\n","protected":false},"excerpt":{"rendered":"<p>1.Extractor de humo l\u00e1ser: Dise\u00f1ado para eliminar eficientemente humo y part\u00edculas durante soldaduras y procesos industriales. 2.Boquilla de ventilaci\u00f3n vers\u00e1til: [&hellip;]<\/p>\n","protected":false},"featured_media":17973,"comment_status":"open","ping_status":"closed","template":"","meta":{"site-sidebar-layout":"default","site-content-layout":"","ast-site-content-layout":"default","site-content-style":"default","site-sidebar-style":"default","ast-global-header-display":"","ast-banner-title-visibility":"","ast-main-header-display":"","ast-hfb-above-header-display":"","ast-hfb-below-header-display":"","ast-hfb-mobile-header-display":"","site-post-title":"","ast-breadcrumbs-content":"","ast-featured-img":"","footer-sml-layout":"","theme-transparent-header-meta":"default","adv-header-id-meta":"","stick-header-meta":"","header-above-stick-meta":"","header-main-stick-meta":"","header-below-stick-meta":"","astra-migrate-meta-layouts":"set","ast-page-background-enabled":"default","ast-page-background-meta":{"desktop":{"background-color":"var(--ast-global-color-4)","background-image":"","background-repeat":"repeat","background-position":"center center","background-size":"auto","background-attachment":"scroll","background-type":"","background-media":"","overlay-type":"","overlay-color":"","overlay-opacity":"","overlay-gradient":""},"tablet":{"background-color":"","background-image":"","background-repeat":"repeat","background-position":"center center","background-size":"auto","background-attachment":"scroll","background-type":"","background-media":"","overlay-type":"","overlay-color":"","overlay-opacity":"","overlay-gradient":""},"mobile":{"background-color":"","background-image":"","background-repeat":"repeat","background-position":"center center","background-size":"auto","background-attachment":"scroll","background-type":"","background-media":"","overlay-type":"","overlay-color":"","overlay-opacity":"","overlay-gradient":""}},"ast-content-background-meta":{"desktop":{"background-color":"var(--ast-global-color-5)","background-image":"","background-repeat":"repeat","background-position":"center center","background-size":"auto","background-attachment":"scroll","background-type":"","background-media":"","overlay-type":"","overlay-color":"","overlay-opacity":"","overlay-gradient":""},"tablet":{"background-color":"var(--ast-global-color-5)","background-image":"","background-repeat":"repeat","background-position":"center center","background-size":"auto","background-attachment":"scroll","background-type":"","background-media":"","overlay-type":"","overlay-color":"","overlay-opacity":"","overlay-gradient":""},"mobile":{"background-color":"var(--ast-global-color-5)","background-image":"","background-repeat":"repeat","background-position":"center center","background-size":"auto","background-attachment":"scroll","background-type":"","background-media":"","overlay-type":"","overlay-color":"","overlay-opacity":"","overlay-gradient":""}}},"product_brand":[],"product_cat":[1516,1064],"product_tag":[1517],"class_list":{"0":"post-18003","1":"product","2":"type-product","3":"status-publish","4":"has-post-thumbnail","6":"product_cat-accesorios-para-la-depuracion-de-humos","7":"product_cat-equipamiento-industrial-y-comercial","8":"product_tag-equipos-de-extraccion-de-humos","9":"desktop-align-left","10":"tablet-align-left","11":"mobile-align-left","13":"first","14":"instock","15":"sale","16":"shipping-taxable","17":"purchasable","18":"product-type-variable"},"yoast_head":"<!-- This site is optimized with the Yoast SEO plugin v24.9 - https:\/\/yoast.com\/wordpress\/plugins\/seo\/ -->\r\n<title>Campana para Soldadura L\u00e1ser -Induzon<\/title>\r\n<meta name=\"description\" content=\"Extractor de humos de soldadura port\u00e1til con campana extractora industrial, boquilla, y turbina para control de humo y polvo en entornos industriales\" \/>\r\n<meta name=\"robots\" content=\"index, follow, max-snippet:-1, max-image-preview:large, max-video-preview:-1\" \/>\r\n<link rel=\"canonical\" href=\"https:\/\/induzon.com\/es\/producto\/boquilla-de-aspiracion-para-soldadura-laser-y-extraccion-de-humos-industrial-boquilla-pico-de-pato-campana-extractora-de-humos-ventilacion-plastico-extractor-de-humos-portatil-campana-extractora-de-5\/\" \/>\r\n<meta property=\"og:locale\" content=\"es_ES\" \/>\r\n<meta property=\"og:type\" content=\"article\" \/>\r\n<meta property=\"og:title\" content=\"Campana para Soldadura L\u00e1ser -Induzon\" \/>\r\n<meta property=\"og:description\" content=\"Extractor de humos de soldadura port\u00e1til con campana extractora industrial, boquilla, y turbina para control de humo y polvo en entornos industriales\" \/>\r\n<meta property=\"og:url\" content=\"https:\/\/induzon.com\/es\/producto\/boquilla-de-aspiracion-para-soldadura-laser-y-extraccion-de-humos-industrial-boquilla-pico-de-pato-campana-extractora-de-humos-ventilacion-plastico-extractor-de-humos-portatil-campana-extractora-de-5\/\" \/>\r\n<meta property=\"og:site_name\" content=\"induzon\" \/>\r\n<meta property=\"article:modified_time\" content=\"2025-12-30T07:29:16+00:00\" \/>\r\n<meta property=\"og:image\" content=\"https:\/\/induzon.com\/wp-content\/uploads\/2025\/07\/\u56fe-2-9.jpg\" \/>\r\n\t<meta property=\"og:image:width\" content=\"1500\" \/>\r\n\t<meta property=\"og:image:height\" content=\"1500\" \/>\r\n\t<meta property=\"og:image:type\" content=\"image\/jpeg\" \/>\r\n<meta name=\"twitter:card\" content=\"summary_large_image\" \/>\r\n<meta name=\"twitter:label1\" content=\"Tiempo de lectura\" \/>\n\t<meta name=\"twitter:data1\" content=\"1 minuto\" \/>\r\n<script type=\"application\/ld+json\" class=\"yoast-schema-graph\">{\"@context\":\"https:\/\/schema.org\",\"@graph\":[{\"@type\":\"WebPage\",\"@id\":\"https:\/\/induzon.com\/es\/producto\/boquilla-de-aspiracion-para-soldadura-laser-y-extraccion-de-humos-industrial-boquilla-pico-de-pato-campana-extractora-de-humos-ventilacion-plastico-extractor-de-humos-portatil-campana-extractora-de-5\/\",\"url\":\"https:\/\/induzon.com\/es\/producto\/boquilla-de-aspiracion-para-soldadura-laser-y-extraccion-de-humos-industrial-boquilla-pico-de-pato-campana-extractora-de-humos-ventilacion-plastico-extractor-de-humos-portatil-campana-extractora-de-5\/\",\"name\":\"Campana para Soldadura L\u00e1ser -Induzon\",\"isPartOf\":{\"@id\":\"https:\/\/induzon.com\/es\/#website\"},\"primaryImageOfPage\":{\"@id\":\"https:\/\/induzon.com\/es\/producto\/boquilla-de-aspiracion-para-soldadura-laser-y-extraccion-de-humos-industrial-boquilla-pico-de-pato-campana-extractora-de-humos-ventilacion-plastico-extractor-de-humos-portatil-campana-extractora-de-5\/#primaryimage\"},\"image\":{\"@id\":\"https:\/\/induzon.com\/es\/producto\/boquilla-de-aspiracion-para-soldadura-laser-y-extraccion-de-humos-industrial-boquilla-pico-de-pato-campana-extractora-de-humos-ventilacion-plastico-extractor-de-humos-portatil-campana-extractora-de-5\/#primaryimage\"},\"thumbnailUrl\":\"https:\/\/induzon.com\/wp-content\/uploads\/2025\/07\/\u56fe-2-9.jpg\",\"datePublished\":\"2025-07-10T07:54:48+00:00\",\"dateModified\":\"2025-12-30T07:29:16+00:00\",\"description\":\"Extractor de humos de soldadura port\u00e1til con campana extractora industrial, boquilla, y turbina para control de humo y polvo en entornos industriales\",\"breadcrumb\":{\"@id\":\"https:\/\/induzon.com\/es\/producto\/boquilla-de-aspiracion-para-soldadura-laser-y-extraccion-de-humos-industrial-boquilla-pico-de-pato-campana-extractora-de-humos-ventilacion-plastico-extractor-de-humos-portatil-campana-extractora-de-5\/#breadcrumb\"},\"inLanguage\":\"es\",\"potentialAction\":[{\"@type\":\"ReadAction\",\"target\":[\"https:\/\/induzon.com\/es\/producto\/boquilla-de-aspiracion-para-soldadura-laser-y-extraccion-de-humos-industrial-boquilla-pico-de-pato-campana-extractora-de-humos-ventilacion-plastico-extractor-de-humos-portatil-campana-extractora-de-5\/\"]}]},{\"@type\":\"ImageObject\",\"inLanguage\":\"es\",\"@id\":\"https:\/\/induzon.com\/es\/producto\/boquilla-de-aspiracion-para-soldadura-laser-y-extraccion-de-humos-industrial-boquilla-pico-de-pato-campana-extractora-de-humos-ventilacion-plastico-extractor-de-humos-portatil-campana-extractora-de-5\/#primaryimage\",\"url\":\"https:\/\/induzon.com\/wp-content\/uploads\/2025\/07\/\u56fe-2-9.jpg\",\"contentUrl\":\"https:\/\/induzon.com\/wp-content\/uploads\/2025\/07\/\u56fe-2-9.jpg\",\"width\":1500,\"height\":1500,\"caption\":\"Boquilla Aspiraci\u00f3n Soldadura L\u00e1ser Extracci\u00f3n Humos Industrial\"},{\"@type\":\"BreadcrumbList\",\"@id\":\"https:\/\/induzon.com\/es\/producto\/boquilla-de-aspiracion-para-soldadura-laser-y-extraccion-de-humos-industrial-boquilla-pico-de-pato-campana-extractora-de-humos-ventilacion-plastico-extractor-de-humos-portatil-campana-extractora-de-5\/#breadcrumb\",\"itemListElement\":[{\"@type\":\"ListItem\",\"position\":1,\"name\":\"\u9996\u9875\",\"item\":\"https:\/\/induzon.com\/es\/\"},{\"@type\":\"ListItem\",\"position\":2,\"name\":\"Tienda\",\"item\":\"https:\/\/induzon.com\/es\/tienda\/\"},{\"@type\":\"ListItem\",\"position\":3,\"name\":\"Boquilla de aspiraci\u00f3n para soldadura l\u00e1ser y extracci\u00f3n de humos industrial boquilla pico de pato campana extractora de humos ventilaci\u00f3n pl\u00e1stico extractor de humos portatil campana extractora de mesa campana extractora de pared Cubierta de salida de aire Campana de extracci\u00f3n giratoria para laboratorio de PP\"}]},{\"@type\":\"WebSite\",\"@id\":\"https:\/\/induzon.com\/es\/#website\",\"url\":\"https:\/\/induzon.com\/es\/\",\"name\":\"induzon\",\"description\":\"\",\"publisher\":{\"@id\":\"https:\/\/induzon.com\/es\/#organization\"},\"potentialAction\":[{\"@type\":\"SearchAction\",\"target\":{\"@type\":\"EntryPoint\",\"urlTemplate\":\"https:\/\/induzon.com\/es\/?s={search_term_string}\"},\"query-input\":{\"@type\":\"PropertyValueSpecification\",\"valueRequired\":true,\"valueName\":\"search_term_string\"}}],\"inLanguage\":\"es\"},{\"@type\":\"Organization\",\"@id\":\"https:\/\/induzon.com\/es\/#organization\",\"name\":\"induzon\",\"url\":\"https:\/\/induzon.com\/es\/\",\"logo\":{\"@type\":\"ImageObject\",\"inLanguage\":\"es\",\"@id\":\"https:\/\/induzon.com\/es\/#\/schema\/logo\/image\/\",\"url\":\"https:\/\/induzon.com\/wp-content\/uploads\/2025\/05\/cropped-026.png\",\"contentUrl\":\"https:\/\/induzon.com\/wp-content\/uploads\/2025\/05\/cropped-026.png\",\"width\":512,\"height\":512,\"caption\":\"induzon\"},\"image\":{\"@id\":\"https:\/\/induzon.com\/es\/#\/schema\/logo\/image\/\"}}]}<\/script>\r\n<!-- \/ Yoast SEO plugin. -->","yoast_head_json":{"title":"Campana para Soldadura L\u00e1ser -Induzon","description":"Extractor de humos de soldadura port\u00e1til con campana extractora industrial, boquilla, y turbina para control de humo y polvo en entornos industriales","robots":{"index":"index","follow":"follow","max-snippet":"max-snippet:-1","max-image-preview":"max-image-preview:large","max-video-preview":"max-video-preview:-1"},"canonical":"https:\/\/induzon.com\/es\/producto\/boquilla-de-aspiracion-para-soldadura-laser-y-extraccion-de-humos-industrial-boquilla-pico-de-pato-campana-extractora-de-humos-ventilacion-plastico-extractor-de-humos-portatil-campana-extractora-de-5\/","og_locale":"es_ES","og_type":"article","og_title":"Campana para Soldadura L\u00e1ser -Induzon","og_description":"Extractor de humos de soldadura port\u00e1til con campana extractora industrial, boquilla, y turbina para control de humo y polvo en entornos industriales","og_url":"https:\/\/induzon.com\/es\/producto\/boquilla-de-aspiracion-para-soldadura-laser-y-extraccion-de-humos-industrial-boquilla-pico-de-pato-campana-extractora-de-humos-ventilacion-plastico-extractor-de-humos-portatil-campana-extractora-de-5\/","og_site_name":"induzon","article_modified_time":"2025-12-30T07:29:16+00:00","og_image":[{"width":1500,"height":1500,"url":"https:\/\/induzon.com\/wp-content\/uploads\/2025\/07\/\u56fe-2-9.jpg","type":"image\/jpeg"}],"twitter_card":"summary_large_image","twitter_misc":{"Tiempo de lectura":"1 minuto"},"schema":{"@context":"https:\/\/schema.org","@graph":[{"@type":"WebPage","@id":"https:\/\/induzon.com\/es\/producto\/boquilla-de-aspiracion-para-soldadura-laser-y-extraccion-de-humos-industrial-boquilla-pico-de-pato-campana-extractora-de-humos-ventilacion-plastico-extractor-de-humos-portatil-campana-extractora-de-5\/","url":"https:\/\/induzon.com\/es\/producto\/boquilla-de-aspiracion-para-soldadura-laser-y-extraccion-de-humos-industrial-boquilla-pico-de-pato-campana-extractora-de-humos-ventilacion-plastico-extractor-de-humos-portatil-campana-extractora-de-5\/","name":"Campana para Soldadura L\u00e1ser -Induzon","isPartOf":{"@id":"https:\/\/induzon.com\/es\/#website"},"primaryImageOfPage":{"@id":"https:\/\/induzon.com\/es\/producto\/boquilla-de-aspiracion-para-soldadura-laser-y-extraccion-de-humos-industrial-boquilla-pico-de-pato-campana-extractora-de-humos-ventilacion-plastico-extractor-de-humos-portatil-campana-extractora-de-5\/#primaryimage"},"image":{"@id":"https:\/\/induzon.com\/es\/producto\/boquilla-de-aspiracion-para-soldadura-laser-y-extraccion-de-humos-industrial-boquilla-pico-de-pato-campana-extractora-de-humos-ventilacion-plastico-extractor-de-humos-portatil-campana-extractora-de-5\/#primaryimage"},"thumbnailUrl":"https:\/\/induzon.com\/wp-content\/uploads\/2025\/07\/\u56fe-2-9.jpg","datePublished":"2025-07-10T07:54:48+00:00","dateModified":"2025-12-30T07:29:16+00:00","description":"Extractor de humos de soldadura port\u00e1til con campana extractora industrial, boquilla, y turbina para control de humo y polvo en entornos industriales","breadcrumb":{"@id":"https:\/\/induzon.com\/es\/producto\/boquilla-de-aspiracion-para-soldadura-laser-y-extraccion-de-humos-industrial-boquilla-pico-de-pato-campana-extractora-de-humos-ventilacion-plastico-extractor-de-humos-portatil-campana-extractora-de-5\/#breadcrumb"},"inLanguage":"es","potentialAction":[{"@type":"ReadAction","target":["https:\/\/induzon.com\/es\/producto\/boquilla-de-aspiracion-para-soldadura-laser-y-extraccion-de-humos-industrial-boquilla-pico-de-pato-campana-extractora-de-humos-ventilacion-plastico-extractor-de-humos-portatil-campana-extractora-de-5\/"]}]},{"@type":"ImageObject","inLanguage":"es","@id":"https:\/\/induzon.com\/es\/producto\/boquilla-de-aspiracion-para-soldadura-laser-y-extraccion-de-humos-industrial-boquilla-pico-de-pato-campana-extractora-de-humos-ventilacion-plastico-extractor-de-humos-portatil-campana-extractora-de-5\/#primaryimage","url":"https:\/\/induzon.com\/wp-content\/uploads\/2025\/07\/\u56fe-2-9.jpg","contentUrl":"https:\/\/induzon.com\/wp-content\/uploads\/2025\/07\/\u56fe-2-9.jpg","width":1500,"height":1500,"caption":"Boquilla Aspiraci\u00f3n Soldadura L\u00e1ser Extracci\u00f3n Humos Industrial"},{"@type":"BreadcrumbList","@id":"https:\/\/induzon.com\/es\/producto\/boquilla-de-aspiracion-para-soldadura-laser-y-extraccion-de-humos-industrial-boquilla-pico-de-pato-campana-extractora-de-humos-ventilacion-plastico-extractor-de-humos-portatil-campana-extractora-de-5\/#breadcrumb","itemListElement":[{"@type":"ListItem","position":1,"name":"\u9996\u9875","item":"https:\/\/induzon.com\/es\/"},{"@type":"ListItem","position":2,"name":"Tienda","item":"https:\/\/induzon.com\/es\/tienda\/"},{"@type":"ListItem","position":3,"name":"Boquilla de aspiraci\u00f3n para soldadura l\u00e1ser y extracci\u00f3n de humos industrial boquilla pico de pato campana extractora de humos ventilaci\u00f3n pl\u00e1stico extractor de humos portatil campana extractora de mesa campana extractora de pared Cubierta de salida de aire Campana de extracci\u00f3n giratoria para laboratorio de PP"}]},{"@type":"WebSite","@id":"https:\/\/induzon.com\/es\/#website","url":"https:\/\/induzon.com\/es\/","name":"induzon","description":"","publisher":{"@id":"https:\/\/induzon.com\/es\/#organization"},"potentialAction":[{"@type":"SearchAction","target":{"@type":"EntryPoint","urlTemplate":"https:\/\/induzon.com\/es\/?s={search_term_string}"},"query-input":{"@type":"PropertyValueSpecification","valueRequired":true,"valueName":"search_term_string"}}],"inLanguage":"es"},{"@type":"Organization","@id":"https:\/\/induzon.com\/es\/#organization","name":"induzon","url":"https:\/\/induzon.com\/es\/","logo":{"@type":"ImageObject","inLanguage":"es","@id":"https:\/\/induzon.com\/es\/#\/schema\/logo\/image\/","url":"https:\/\/induzon.com\/wp-content\/uploads\/2025\/05\/cropped-026.png","contentUrl":"https:\/\/induzon.com\/wp-content\/uploads\/2025\/05\/cropped-026.png","width":512,"height":512,"caption":"induzon"},"image":{"@id":"https:\/\/induzon.com\/es\/#\/schema\/logo\/image\/"}}]}},"_links":{"self":[{"href":"https:\/\/induzon.com\/es\/wp-json\/wp\/v2\/product\/18003","targetHints":{"allow":["GET"]}}],"collection":[{"href":"https:\/\/induzon.com\/es\/wp-json\/wp\/v2\/product"}],"about":[{"href":"https:\/\/induzon.com\/es\/wp-json\/wp\/v2\/types\/product"}],"replies":[{"embeddable":true,"href":"https:\/\/induzon.com\/es\/wp-json\/wp\/v2\/comments?post=18003"}],"version-history":[{"count":1,"href":"https:\/\/induzon.com\/es\/wp-json\/wp\/v2\/product\/18003\/revisions"}],"predecessor-version":[{"id":28218,"href":"https:\/\/induzon.com\/es\/wp-json\/wp\/v2\/product\/18003\/revisions\/28218"}],"wp:featuredmedia":[{"embeddable":true,"href":"https:\/\/induzon.com\/es\/wp-json\/wp\/v2\/media\/17973"}],"wp:attachment":[{"href":"https:\/\/induzon.com\/es\/wp-json\/wp\/v2\/media?parent=18003"}],"wp:term":[{"taxonomy":"product_brand","embeddable":true,"href":"https:\/\/induzon.com\/es\/wp-json\/wp\/v2\/product_brand?post=18003"},{"taxonomy":"product_cat","embeddable":true,"href":"https:\/\/induzon.com\/es\/wp-json\/wp\/v2\/product_cat?post=18003"},{"taxonomy":"product_tag","embeddable":true,"href":"https:\/\/induzon.com\/es\/wp-json\/wp\/v2\/product_tag?post=18003"}],"curies":[{"name":"wp","href":"https:\/\/api.w.org\/{rel}","templated":true}]}}