{"id":22977,"date":"2025-08-15T14:37:58","date_gmt":"2025-08-15T06:37:58","guid":{"rendered":"https:\/\/induzon.com\/shop\/boquilla-limpieza-tapiceria-coche-para-limpiadora-de-sofa-alfombra-aspiradora-agua-cabeza-automovil-transparente-40-mm-colchones-cabezal-maquina-cepillo-inyeccion-extraccion-limpia-tapicerias\/"},"modified":"2025-08-16T09:46:42","modified_gmt":"2025-08-16T01:46:42","slug":"boquilla-limpieza-tapiceria-coche-para-limpiadora-de-sofa-alfombra-aspiradora-agua-cabeza-automovil-transparente-40-mm-colchones-cabezal-maquina-cepillo-inyeccion-extraccion-limpia-tapicerias","status":"publish","type":"product","link":"https:\/\/induzon.com\/es\/producto\/boquilla-limpieza-tapiceria-coche-para-limpiadora-de-sofa-alfombra-aspiradora-agua-cabeza-automovil-transparente-40-mm-colchones-cabezal-maquina-cepillo-inyeccion-extraccion-limpia-tapicerias\/","title":{"rendered":"Boquilla limpieza tapiceria coche para limpiadora de sof\u00e1 alfombra aspiradora agua cabeza autom\u00f3vil transparente 40 mm colchones cabezal m\u00e1quina cepillo inyecci\u00f3n extracci\u00f3n limpia tapicerias"},"content":{"rendered":"<p>1.Cabezal de Acero Inoxidable Transparente: Dise\u00f1ado para alta visibilidad y durabilidad, este accesorio universal es ideal para limpiadoras de tapicer\u00eda y alfombras.<br \/>\n2.Funciona con M\u00e1quinas de Alta Temperatura: Compatible con limpiadoras de tapicer\u00eda y alfombras a alta temperatura, as\u00ed como con m\u00e1quinas de limpieza de interiores de autom\u00f3viles.<br \/>\n3.Dimensiones Precisas: Con un di\u00e1metro exterior de 38 mm, este cabezal de succi\u00f3n se adapta perfectamente a la mayor\u00eda de las limpiadoras de sof\u00e1s y alfombras del mercado.<br \/>\n4.Materiales de Calidad Superior: Fabricado con pl\u00e1stico transparente resistente y tubo de acero inoxidable, ofrece una combinaci\u00f3n de durabilidad y eficiencia en la limpieza.<br \/>\n5.F\u00e1cil de Usar y Mantener: Su dise\u00f1o ergon\u00f3mico facilita el manejo durante la limpieza y su material transparente permite un mantenimiento sencillo y r\u00e1pido.<\/p>\n","protected":false},"excerpt":{"rendered":"<p>1.Cabezal de Acero Inoxidable Transparente: Dise\u00f1ado para alta visibilidad y durabilidad, este accesorio universal es ideal para limpiadoras de tapicer\u00eda [&hellip;]<\/p>\n","protected":false},"featured_media":22958,"comment_status":"open","ping_status":"closed","template":"","meta":{"site-sidebar-layout":"default","site-content-layout":"","ast-site-content-layout":"default","site-content-style":"default","site-sidebar-style":"default","ast-global-header-display":"","ast-banner-title-visibility":"","ast-main-header-display":"","ast-hfb-above-header-display":"","ast-hfb-below-header-display":"","ast-hfb-mobile-header-display":"","site-post-title":"","ast-breadcrumbs-content":"","ast-featured-img":"","footer-sml-layout":"","theme-transparent-header-meta":"default","adv-header-id-meta":"","stick-header-meta":"","header-above-stick-meta":"","header-main-stick-meta":"","header-below-stick-meta":"","astra-migrate-meta-layouts":"set","ast-page-background-enabled":"default","ast-page-background-meta":{"desktop":{"background-color":"var(--ast-global-color-4)","background-image":"","background-repeat":"repeat","background-position":"center center","background-size":"auto","background-attachment":"scroll","background-type":"","background-media":"","overlay-type":"","overlay-color":"","overlay-opacity":"","overlay-gradient":""},"tablet":{"background-color":"","background-image":"","background-repeat":"repeat","background-position":"center center","background-size":"auto","background-attachment":"scroll","background-type":"","background-media":"","overlay-type":"","overlay-color":"","overlay-opacity":"","overlay-gradient":""},"mobile":{"background-color":"","background-image":"","background-repeat":"repeat","background-position":"center center","background-size":"auto","background-attachment":"scroll","background-type":"","background-media":"","overlay-type":"","overlay-color":"","overlay-opacity":"","overlay-gradient":""}},"ast-content-background-meta":{"desktop":{"background-color":"var(--ast-global-color-5)","background-image":"","background-repeat":"repeat","background-position":"center center","background-size":"auto","background-attachment":"scroll","background-type":"","background-media":"","overlay-type":"","overlay-color":"","overlay-opacity":"","overlay-gradient":""},"tablet":{"background-color":"var(--ast-global-color-5)","background-image":"","background-repeat":"repeat","background-position":"center center","background-size":"auto","background-attachment":"scroll","background-type":"","background-media":"","overlay-type":"","overlay-color":"","overlay-opacity":"","overlay-gradient":""},"mobile":{"background-color":"var(--ast-global-color-5)","background-image":"","background-repeat":"repeat","background-position":"center center","background-size":"auto","background-attachment":"scroll","background-type":"","background-media":"","overlay-type":"","overlay-color":"","overlay-opacity":"","overlay-gradient":""}}},"product_brand":[],"product_cat":[700,884],"product_tag":[701,702],"class_list":{"0":"post-22977","1":"product","2":"type-product","3":"status-publish","4":"has-post-thumbnail","6":"product_cat-herramientas-de-limpieza","7":"product_cat-herramientas-y-equipos","8":"product_tag-equipos-de-limpieza-domestica","9":"product_tag-herramientas-de-limpieza-del-automovil","10":"desktop-align-left","11":"tablet-align-left","12":"mobile-align-left","14":"first","15":"instock","16":"sale","17":"shipping-taxable","18":"purchasable","19":"product-type-simple"},"yoast_head":"<!-- This site is optimized with the Yoast SEO plugin v24.9 - https:\/\/yoast.com\/wordpress\/plugins\/seo\/ -->\r\n<title>Boquilla Tapicer\u00eda 40mm para Coche Sof\u00e1 Alfombra -Induzon<\/title>\r\n<meta name=\"description\" content=\"M\u00e1quinas de extracci\u00f3n para alfombras, sof\u00e1s e interiores de coche. Cabezales de succi\u00f3n duraderos para limpieza profesional textil.\" \/>\r\n<meta name=\"robots\" content=\"index, follow, max-snippet:-1, max-image-preview:large, max-video-preview:-1\" \/>\r\n<link rel=\"canonical\" href=\"https:\/\/induzon.com\/es\/producto\/boquilla-limpieza-tapiceria-coche-para-limpiadora-de-sofa-alfombra-aspiradora-agua-cabeza-automovil-transparente-40-mm-colchones-cabezal-maquina-cepillo-inyeccion-extraccion-limpia-tapicerias\/\" \/>\r\n<meta property=\"og:locale\" content=\"es_ES\" \/>\r\n<meta property=\"og:type\" content=\"article\" \/>\r\n<meta property=\"og:title\" content=\"Boquilla Tapicer\u00eda 40mm para Coche Sof\u00e1 Alfombra -Induzon\" \/>\r\n<meta property=\"og:description\" content=\"M\u00e1quinas de extracci\u00f3n para alfombras, sof\u00e1s e interiores de coche. Cabezales de succi\u00f3n duraderos para limpieza profesional textil.\" \/>\r\n<meta property=\"og:url\" content=\"https:\/\/induzon.com\/es\/producto\/boquilla-limpieza-tapiceria-coche-para-limpiadora-de-sofa-alfombra-aspiradora-agua-cabeza-automovil-transparente-40-mm-colchones-cabezal-maquina-cepillo-inyeccion-extraccion-limpia-tapicerias\/\" \/>\r\n<meta property=\"og:site_name\" content=\"induzon\" \/>\r\n<meta property=\"article:modified_time\" content=\"2025-08-16T01:46:42+00:00\" \/>\r\n<meta property=\"og:image\" content=\"https:\/\/induzon.com\/wp-content\/uploads\/2025\/08\/\u56fe-4-1.jpg\" \/>\r\n\t<meta property=\"og:image:width\" content=\"1500\" \/>\r\n\t<meta property=\"og:image:height\" content=\"1500\" \/>\r\n\t<meta property=\"og:image:type\" content=\"image\/jpeg\" \/>\r\n<meta name=\"twitter:card\" content=\"summary_large_image\" \/>\r\n<meta name=\"twitter:label1\" content=\"Tiempo de lectura\" \/>\n\t<meta name=\"twitter:data1\" content=\"1 minuto\" \/>\r\n<script type=\"application\/ld+json\" class=\"yoast-schema-graph\">{\"@context\":\"https:\/\/schema.org\",\"@graph\":[{\"@type\":\"WebPage\",\"@id\":\"https:\/\/induzon.com\/es\/producto\/boquilla-limpieza-tapiceria-coche-para-limpiadora-de-sofa-alfombra-aspiradora-agua-cabeza-automovil-transparente-40-mm-colchones-cabezal-maquina-cepillo-inyeccion-extraccion-limpia-tapicerias\/\",\"url\":\"https:\/\/induzon.com\/es\/producto\/boquilla-limpieza-tapiceria-coche-para-limpiadora-de-sofa-alfombra-aspiradora-agua-cabeza-automovil-transparente-40-mm-colchones-cabezal-maquina-cepillo-inyeccion-extraccion-limpia-tapicerias\/\",\"name\":\"Boquilla Tapicer\u00eda 40mm para Coche Sof\u00e1 Alfombra -Induzon\",\"isPartOf\":{\"@id\":\"https:\/\/induzon.com\/es\/#website\"},\"primaryImageOfPage\":{\"@id\":\"https:\/\/induzon.com\/es\/producto\/boquilla-limpieza-tapiceria-coche-para-limpiadora-de-sofa-alfombra-aspiradora-agua-cabeza-automovil-transparente-40-mm-colchones-cabezal-maquina-cepillo-inyeccion-extraccion-limpia-tapicerias\/#primaryimage\"},\"image\":{\"@id\":\"https:\/\/induzon.com\/es\/producto\/boquilla-limpieza-tapiceria-coche-para-limpiadora-de-sofa-alfombra-aspiradora-agua-cabeza-automovil-transparente-40-mm-colchones-cabezal-maquina-cepillo-inyeccion-extraccion-limpia-tapicerias\/#primaryimage\"},\"thumbnailUrl\":\"https:\/\/induzon.com\/wp-content\/uploads\/2025\/08\/\u56fe-4-1.jpg\",\"datePublished\":\"2025-08-15T06:37:58+00:00\",\"dateModified\":\"2025-08-16T01:46:42+00:00\",\"description\":\"M\u00e1quinas de extracci\u00f3n para alfombras, sof\u00e1s e interiores de coche. Cabezales de succi\u00f3n duraderos para limpieza profesional textil.\",\"breadcrumb\":{\"@id\":\"https:\/\/induzon.com\/es\/producto\/boquilla-limpieza-tapiceria-coche-para-limpiadora-de-sofa-alfombra-aspiradora-agua-cabeza-automovil-transparente-40-mm-colchones-cabezal-maquina-cepillo-inyeccion-extraccion-limpia-tapicerias\/#breadcrumb\"},\"inLanguage\":\"es\",\"potentialAction\":[{\"@type\":\"ReadAction\",\"target\":[\"https:\/\/induzon.com\/es\/producto\/boquilla-limpieza-tapiceria-coche-para-limpiadora-de-sofa-alfombra-aspiradora-agua-cabeza-automovil-transparente-40-mm-colchones-cabezal-maquina-cepillo-inyeccion-extraccion-limpia-tapicerias\/\"]}]},{\"@type\":\"ImageObject\",\"inLanguage\":\"es\",\"@id\":\"https:\/\/induzon.com\/es\/producto\/boquilla-limpieza-tapiceria-coche-para-limpiadora-de-sofa-alfombra-aspiradora-agua-cabeza-automovil-transparente-40-mm-colchones-cabezal-maquina-cepillo-inyeccion-extraccion-limpia-tapicerias\/#primaryimage\",\"url\":\"https:\/\/induzon.com\/wp-content\/uploads\/2025\/08\/\u56fe-4-1.jpg\",\"contentUrl\":\"https:\/\/induzon.com\/wp-content\/uploads\/2025\/08\/\u56fe-4-1.jpg\",\"width\":1500,\"height\":1500,\"caption\":\"M\u00e1quinas de extracci\u00f3n para alfombras, sof\u00e1s e interiores de coche. Cabezales de succi\u00f3n duraderos para limpieza profesional textil.\"},{\"@type\":\"BreadcrumbList\",\"@id\":\"https:\/\/induzon.com\/es\/producto\/boquilla-limpieza-tapiceria-coche-para-limpiadora-de-sofa-alfombra-aspiradora-agua-cabeza-automovil-transparente-40-mm-colchones-cabezal-maquina-cepillo-inyeccion-extraccion-limpia-tapicerias\/#breadcrumb\",\"itemListElement\":[{\"@type\":\"ListItem\",\"position\":1,\"name\":\"\u9996\u9875\",\"item\":\"https:\/\/induzon.com\/es\/\"},{\"@type\":\"ListItem\",\"position\":2,\"name\":\"Tienda\",\"item\":\"https:\/\/induzon.com\/es\/tienda\/\"},{\"@type\":\"ListItem\",\"position\":3,\"name\":\"Boquilla limpieza tapiceria coche para limpiadora de sof\u00e1 alfombra aspiradora agua cabeza autom\u00f3vil transparente 40 mm colchones cabezal m\u00e1quina cepillo inyecci\u00f3n extracci\u00f3n limpia tapicerias\"}]},{\"@type\":\"WebSite\",\"@id\":\"https:\/\/induzon.com\/es\/#website\",\"url\":\"https:\/\/induzon.com\/es\/\",\"name\":\"induzon\",\"description\":\"\",\"publisher\":{\"@id\":\"https:\/\/induzon.com\/es\/#organization\"},\"potentialAction\":[{\"@type\":\"SearchAction\",\"target\":{\"@type\":\"EntryPoint\",\"urlTemplate\":\"https:\/\/induzon.com\/es\/?s={search_term_string}\"},\"query-input\":{\"@type\":\"PropertyValueSpecification\",\"valueRequired\":true,\"valueName\":\"search_term_string\"}}],\"inLanguage\":\"es\"},{\"@type\":\"Organization\",\"@id\":\"https:\/\/induzon.com\/es\/#organization\",\"name\":\"induzon\",\"url\":\"https:\/\/induzon.com\/es\/\",\"logo\":{\"@type\":\"ImageObject\",\"inLanguage\":\"es\",\"@id\":\"https:\/\/induzon.com\/es\/#\/schema\/logo\/image\/\",\"url\":\"https:\/\/induzon.com\/wp-content\/uploads\/2025\/05\/cropped-026.png\",\"contentUrl\":\"https:\/\/induzon.com\/wp-content\/uploads\/2025\/05\/cropped-026.png\",\"width\":512,\"height\":512,\"caption\":\"induzon\"},\"image\":{\"@id\":\"https:\/\/induzon.com\/es\/#\/schema\/logo\/image\/\"}}]}<\/script>\r\n<!-- \/ Yoast SEO plugin. -->","yoast_head_json":{"title":"Boquilla Tapicer\u00eda 40mm para Coche Sof\u00e1 Alfombra -Induzon","description":"M\u00e1quinas de extracci\u00f3n para alfombras, sof\u00e1s e interiores de coche. Cabezales de succi\u00f3n duraderos para limpieza profesional textil.","robots":{"index":"index","follow":"follow","max-snippet":"max-snippet:-1","max-image-preview":"max-image-preview:large","max-video-preview":"max-video-preview:-1"},"canonical":"https:\/\/induzon.com\/es\/producto\/boquilla-limpieza-tapiceria-coche-para-limpiadora-de-sofa-alfombra-aspiradora-agua-cabeza-automovil-transparente-40-mm-colchones-cabezal-maquina-cepillo-inyeccion-extraccion-limpia-tapicerias\/","og_locale":"es_ES","og_type":"article","og_title":"Boquilla Tapicer\u00eda 40mm para Coche Sof\u00e1 Alfombra -Induzon","og_description":"M\u00e1quinas de extracci\u00f3n para alfombras, sof\u00e1s e interiores de coche. Cabezales de succi\u00f3n duraderos para limpieza profesional textil.","og_url":"https:\/\/induzon.com\/es\/producto\/boquilla-limpieza-tapiceria-coche-para-limpiadora-de-sofa-alfombra-aspiradora-agua-cabeza-automovil-transparente-40-mm-colchones-cabezal-maquina-cepillo-inyeccion-extraccion-limpia-tapicerias\/","og_site_name":"induzon","article_modified_time":"2025-08-16T01:46:42+00:00","og_image":[{"width":1500,"height":1500,"url":"https:\/\/induzon.com\/wp-content\/uploads\/2025\/08\/\u56fe-4-1.jpg","type":"image\/jpeg"}],"twitter_card":"summary_large_image","twitter_misc":{"Tiempo de lectura":"1 minuto"},"schema":{"@context":"https:\/\/schema.org","@graph":[{"@type":"WebPage","@id":"https:\/\/induzon.com\/es\/producto\/boquilla-limpieza-tapiceria-coche-para-limpiadora-de-sofa-alfombra-aspiradora-agua-cabeza-automovil-transparente-40-mm-colchones-cabezal-maquina-cepillo-inyeccion-extraccion-limpia-tapicerias\/","url":"https:\/\/induzon.com\/es\/producto\/boquilla-limpieza-tapiceria-coche-para-limpiadora-de-sofa-alfombra-aspiradora-agua-cabeza-automovil-transparente-40-mm-colchones-cabezal-maquina-cepillo-inyeccion-extraccion-limpia-tapicerias\/","name":"Boquilla Tapicer\u00eda 40mm para Coche Sof\u00e1 Alfombra -Induzon","isPartOf":{"@id":"https:\/\/induzon.com\/es\/#website"},"primaryImageOfPage":{"@id":"https:\/\/induzon.com\/es\/producto\/boquilla-limpieza-tapiceria-coche-para-limpiadora-de-sofa-alfombra-aspiradora-agua-cabeza-automovil-transparente-40-mm-colchones-cabezal-maquina-cepillo-inyeccion-extraccion-limpia-tapicerias\/#primaryimage"},"image":{"@id":"https:\/\/induzon.com\/es\/producto\/boquilla-limpieza-tapiceria-coche-para-limpiadora-de-sofa-alfombra-aspiradora-agua-cabeza-automovil-transparente-40-mm-colchones-cabezal-maquina-cepillo-inyeccion-extraccion-limpia-tapicerias\/#primaryimage"},"thumbnailUrl":"https:\/\/induzon.com\/wp-content\/uploads\/2025\/08\/\u56fe-4-1.jpg","datePublished":"2025-08-15T06:37:58+00:00","dateModified":"2025-08-16T01:46:42+00:00","description":"M\u00e1quinas de extracci\u00f3n para alfombras, sof\u00e1s e interiores de coche. Cabezales de succi\u00f3n duraderos para limpieza profesional textil.","breadcrumb":{"@id":"https:\/\/induzon.com\/es\/producto\/boquilla-limpieza-tapiceria-coche-para-limpiadora-de-sofa-alfombra-aspiradora-agua-cabeza-automovil-transparente-40-mm-colchones-cabezal-maquina-cepillo-inyeccion-extraccion-limpia-tapicerias\/#breadcrumb"},"inLanguage":"es","potentialAction":[{"@type":"ReadAction","target":["https:\/\/induzon.com\/es\/producto\/boquilla-limpieza-tapiceria-coche-para-limpiadora-de-sofa-alfombra-aspiradora-agua-cabeza-automovil-transparente-40-mm-colchones-cabezal-maquina-cepillo-inyeccion-extraccion-limpia-tapicerias\/"]}]},{"@type":"ImageObject","inLanguage":"es","@id":"https:\/\/induzon.com\/es\/producto\/boquilla-limpieza-tapiceria-coche-para-limpiadora-de-sofa-alfombra-aspiradora-agua-cabeza-automovil-transparente-40-mm-colchones-cabezal-maquina-cepillo-inyeccion-extraccion-limpia-tapicerias\/#primaryimage","url":"https:\/\/induzon.com\/wp-content\/uploads\/2025\/08\/\u56fe-4-1.jpg","contentUrl":"https:\/\/induzon.com\/wp-content\/uploads\/2025\/08\/\u56fe-4-1.jpg","width":1500,"height":1500,"caption":"M\u00e1quinas de extracci\u00f3n para alfombras, sof\u00e1s e interiores de coche. Cabezales de succi\u00f3n duraderos para limpieza profesional textil."},{"@type":"BreadcrumbList","@id":"https:\/\/induzon.com\/es\/producto\/boquilla-limpieza-tapiceria-coche-para-limpiadora-de-sofa-alfombra-aspiradora-agua-cabeza-automovil-transparente-40-mm-colchones-cabezal-maquina-cepillo-inyeccion-extraccion-limpia-tapicerias\/#breadcrumb","itemListElement":[{"@type":"ListItem","position":1,"name":"\u9996\u9875","item":"https:\/\/induzon.com\/es\/"},{"@type":"ListItem","position":2,"name":"Tienda","item":"https:\/\/induzon.com\/es\/tienda\/"},{"@type":"ListItem","position":3,"name":"Boquilla limpieza tapiceria coche para limpiadora de sof\u00e1 alfombra aspiradora agua cabeza autom\u00f3vil transparente 40 mm colchones cabezal m\u00e1quina cepillo inyecci\u00f3n extracci\u00f3n limpia tapicerias"}]},{"@type":"WebSite","@id":"https:\/\/induzon.com\/es\/#website","url":"https:\/\/induzon.com\/es\/","name":"induzon","description":"","publisher":{"@id":"https:\/\/induzon.com\/es\/#organization"},"potentialAction":[{"@type":"SearchAction","target":{"@type":"EntryPoint","urlTemplate":"https:\/\/induzon.com\/es\/?s={search_term_string}"},"query-input":{"@type":"PropertyValueSpecification","valueRequired":true,"valueName":"search_term_string"}}],"inLanguage":"es"},{"@type":"Organization","@id":"https:\/\/induzon.com\/es\/#organization","name":"induzon","url":"https:\/\/induzon.com\/es\/","logo":{"@type":"ImageObject","inLanguage":"es","@id":"https:\/\/induzon.com\/es\/#\/schema\/logo\/image\/","url":"https:\/\/induzon.com\/wp-content\/uploads\/2025\/05\/cropped-026.png","contentUrl":"https:\/\/induzon.com\/wp-content\/uploads\/2025\/05\/cropped-026.png","width":512,"height":512,"caption":"induzon"},"image":{"@id":"https:\/\/induzon.com\/es\/#\/schema\/logo\/image\/"}}]}},"_links":{"self":[{"href":"https:\/\/induzon.com\/es\/wp-json\/wp\/v2\/product\/22977","targetHints":{"allow":["GET"]}}],"collection":[{"href":"https:\/\/induzon.com\/es\/wp-json\/wp\/v2\/product"}],"about":[{"href":"https:\/\/induzon.com\/es\/wp-json\/wp\/v2\/types\/product"}],"replies":[{"embeddable":true,"href":"https:\/\/induzon.com\/es\/wp-json\/wp\/v2\/comments?post=22977"}],"version-history":[{"count":0,"href":"https:\/\/induzon.com\/es\/wp-json\/wp\/v2\/product\/22977\/revisions"}],"wp:featuredmedia":[{"embeddable":true,"href":"https:\/\/induzon.com\/es\/wp-json\/wp\/v2\/media\/22958"}],"wp:attachment":[{"href":"https:\/\/induzon.com\/es\/wp-json\/wp\/v2\/media?parent=22977"}],"wp:term":[{"taxonomy":"product_brand","embeddable":true,"href":"https:\/\/induzon.com\/es\/wp-json\/wp\/v2\/product_brand?post=22977"},{"taxonomy":"product_cat","embeddable":true,"href":"https:\/\/induzon.com\/es\/wp-json\/wp\/v2\/product_cat?post=22977"},{"taxonomy":"product_tag","embeddable":true,"href":"https:\/\/induzon.com\/es\/wp-json\/wp\/v2\/product_tag?post=22977"}],"curies":[{"name":"wp","href":"https:\/\/api.w.org\/{rel}","templated":true}]}}