{"id":25702,"date":"2025-09-16T16:01:30","date_gmt":"2025-09-16T08:01:30","guid":{"rendered":"https:\/\/induzon.com\/shop\/tornillo-sinfin-motor-sinfin-pellets-estufa-2rpm-3-5-rpm-kit-para-carga-pellets-motorreductor-pellet-alimentacion-biomasa-hoja-espiral-de-acero-inoxidable\/"},"modified":"2025-12-09T10:14:15","modified_gmt":"2025-12-09T02:14:15","slug":"tornillo-sinfin-motor-sinfin-pellets-estufa-2rpm-3-5-rpm-kit-para-carga-pellets-motorreductor-pellet-alimentacion-biomasa-hoja-espiral-de-acero-inoxidable","status":"publish","type":"product","link":"https:\/\/induzon.com\/es\/producto\/tornillo-sinfin-motor-sinfin-pellets-estufa-2rpm-3-5-rpm-kit-para-carga-pellets-motorreductor-pellet-alimentacion-biomasa-hoja-espiral-de-acero-inoxidable\/","title":{"rendered":"Palas de tornillo sinf\u00edn para pellets de acero inoxidable de peque\u00f1o di\u00e1metro soldadas de una sola pieza kit de alimentaci\u00f3n de biomasaSingle Piece Welded Small OD Stainless Steel Auger Flighting Wood Pellet Auger Kit and Feeder Replacement Part"},"content":{"rendered":"","protected":false},"excerpt":{"rendered":"","protected":false},"featured_media":25585,"comment_status":"open","ping_status":"closed","template":"","meta":{"site-sidebar-layout":"default","site-content-layout":"","ast-site-content-layout":"default","site-content-style":"default","site-sidebar-style":"default","ast-global-header-display":"","ast-banner-title-visibility":"","ast-main-header-display":"","ast-hfb-above-header-display":"","ast-hfb-below-header-display":"","ast-hfb-mobile-header-display":"","site-post-title":"","ast-breadcrumbs-content":"","ast-featured-img":"","footer-sml-layout":"","theme-transparent-header-meta":"default","adv-header-id-meta":"","stick-header-meta":"","header-above-stick-meta":"","header-main-stick-meta":"","header-below-stick-meta":"","astra-migrate-meta-layouts":"set","ast-page-background-enabled":"default","ast-page-background-meta":{"desktop":{"background-color":"var(--ast-global-color-4)","background-image":"","background-repeat":"repeat","background-position":"center center","background-size":"auto","background-attachment":"scroll","background-type":"","background-media":"","overlay-type":"","overlay-color":"","overlay-opacity":"","overlay-gradient":""},"tablet":{"background-color":"","background-image":"","background-repeat":"repeat","background-position":"center center","background-size":"auto","background-attachment":"scroll","background-type":"","background-media":"","overlay-type":"","overlay-color":"","overlay-opacity":"","overlay-gradient":""},"mobile":{"background-color":"","background-image":"","background-repeat":"repeat","background-position":"center center","background-size":"auto","background-attachment":"scroll","background-type":"","background-media":"","overlay-type":"","overlay-color":"","overlay-opacity":"","overlay-gradient":""}},"ast-content-background-meta":{"desktop":{"background-color":"var(--ast-global-color-5)","background-image":"","background-repeat":"repeat","background-position":"center center","background-size":"auto","background-attachment":"scroll","background-type":"","background-media":"","overlay-type":"","overlay-color":"","overlay-opacity":"","overlay-gradient":""},"tablet":{"background-color":"var(--ast-global-color-5)","background-image":"","background-repeat":"repeat","background-position":"center center","background-size":"auto","background-attachment":"scroll","background-type":"","background-media":"","overlay-type":"","overlay-color":"","overlay-opacity":"","overlay-gradient":""},"mobile":{"background-color":"var(--ast-global-color-5)","background-image":"","background-repeat":"repeat","background-position":"center center","background-size":"auto","background-attachment":"scroll","background-type":"","background-media":"","overlay-type":"","overlay-color":"","overlay-opacity":"","overlay-gradient":""}}},"product_brand":[],"product_cat":[1736,1734,1767,1735],"product_tag":[1737],"class_list":{"0":"post-25702","1":"product","2":"type-product","3":"status-publish","4":"has-post-thumbnail","6":"product_cat-alimentador-sinfin","7":"product_cat-componentes-mecanicos","8":"product_cat-cuchilla-espiral-de-acero-inoxidable","9":"product_cat-motor-y-caja-de-cambios","10":"product_tag-alimentador-sinfin","11":"desktop-align-left","12":"tablet-align-left","13":"mobile-align-left","15":"first","16":"instock","17":"sale","18":"shipping-taxable","19":"purchasable","20":"product-type-variable"},"yoast_head":"<!-- This site is optimized with the Yoast SEO plugin v24.9 - https:\/\/yoast.com\/wordpress\/plugins\/seo\/ -->\r\n<title>Kit Alimentaci\u00f3n Biomasa Acero Inoxidable - Induzon<\/title>\r\n<meta name=\"description\" content=\"Kit de tornillo sinf\u00edn con motorreductor para estufa de pellets (2-3.5 RPM). Incluye espiral de acero inoxidable para alimentaci\u00f3n de biomasa. Ideal para sistemas de carga autom\u00e1tica.\" \/>\r\n<meta name=\"robots\" content=\"index, follow, max-snippet:-1, max-image-preview:large, max-video-preview:-1\" \/>\r\n<link rel=\"canonical\" href=\"https:\/\/induzon.com\/es\/producto\/tornillo-sinfin-motor-sinfin-pellets-estufa-2rpm-3-5-rpm-kit-para-carga-pellets-motorreductor-pellet-alimentacion-biomasa-hoja-espiral-de-acero-inoxidable\/\" \/>\r\n<meta property=\"og:locale\" content=\"es_ES\" \/>\r\n<meta property=\"og:type\" content=\"article\" \/>\r\n<meta property=\"og:title\" content=\"Kit Alimentaci\u00f3n Biomasa Acero Inoxidable - Induzon\" \/>\r\n<meta property=\"og:description\" content=\"Kit de tornillo sinf\u00edn con motorreductor para estufa de pellets (2-3.5 RPM). Incluye espiral de acero inoxidable para alimentaci\u00f3n de biomasa. Ideal para sistemas de carga autom\u00e1tica.\" \/>\r\n<meta property=\"og:url\" content=\"https:\/\/induzon.com\/es\/producto\/tornillo-sinfin-motor-sinfin-pellets-estufa-2rpm-3-5-rpm-kit-para-carga-pellets-motorreductor-pellet-alimentacion-biomasa-hoja-espiral-de-acero-inoxidable\/\" \/>\r\n<meta property=\"og:site_name\" content=\"induzon\" \/>\r\n<meta property=\"article:modified_time\" content=\"2025-12-09T02:14:15+00:00\" \/>\r\n<meta property=\"og:image\" content=\"https:\/\/induzon.com\/wp-content\/uploads\/2025\/09\/\u56fe-1-6.jpg\" \/>\r\n\t<meta property=\"og:image:width\" content=\"1500\" \/>\r\n\t<meta property=\"og:image:height\" content=\"1500\" \/>\r\n\t<meta property=\"og:image:type\" content=\"image\/jpeg\" \/>\r\n<meta name=\"twitter:card\" content=\"summary_large_image\" \/>\r\n<meta name=\"twitter:label1\" content=\"Tiempo de lectura\" \/>\n\t<meta name=\"twitter:data1\" content=\"1 minuto\" \/>\r\n<script type=\"application\/ld+json\" class=\"yoast-schema-graph\">{\"@context\":\"https:\/\/schema.org\",\"@graph\":[{\"@type\":\"WebPage\",\"@id\":\"https:\/\/induzon.com\/es\/producto\/tornillo-sinfin-motor-sinfin-pellets-estufa-2rpm-3-5-rpm-kit-para-carga-pellets-motorreductor-pellet-alimentacion-biomasa-hoja-espiral-de-acero-inoxidable\/\",\"url\":\"https:\/\/induzon.com\/es\/producto\/tornillo-sinfin-motor-sinfin-pellets-estufa-2rpm-3-5-rpm-kit-para-carga-pellets-motorreductor-pellet-alimentacion-biomasa-hoja-espiral-de-acero-inoxidable\/\",\"name\":\"Kit Alimentaci\u00f3n Biomasa Acero Inoxidable - Induzon\",\"isPartOf\":{\"@id\":\"https:\/\/induzon.com\/es\/#website\"},\"primaryImageOfPage\":{\"@id\":\"https:\/\/induzon.com\/es\/producto\/tornillo-sinfin-motor-sinfin-pellets-estufa-2rpm-3-5-rpm-kit-para-carga-pellets-motorreductor-pellet-alimentacion-biomasa-hoja-espiral-de-acero-inoxidable\/#primaryimage\"},\"image\":{\"@id\":\"https:\/\/induzon.com\/es\/producto\/tornillo-sinfin-motor-sinfin-pellets-estufa-2rpm-3-5-rpm-kit-para-carga-pellets-motorreductor-pellet-alimentacion-biomasa-hoja-espiral-de-acero-inoxidable\/#primaryimage\"},\"thumbnailUrl\":\"https:\/\/induzon.com\/wp-content\/uploads\/2025\/09\/\u56fe-1-6.jpg\",\"datePublished\":\"2025-09-16T08:01:30+00:00\",\"dateModified\":\"2025-12-09T02:14:15+00:00\",\"description\":\"Kit de tornillo sinf\u00edn con motorreductor para estufa de pellets (2-3.5 RPM). Incluye espiral de acero inoxidable para alimentaci\u00f3n de biomasa. Ideal para sistemas de carga autom\u00e1tica.\",\"breadcrumb\":{\"@id\":\"https:\/\/induzon.com\/es\/producto\/tornillo-sinfin-motor-sinfin-pellets-estufa-2rpm-3-5-rpm-kit-para-carga-pellets-motorreductor-pellet-alimentacion-biomasa-hoja-espiral-de-acero-inoxidable\/#breadcrumb\"},\"inLanguage\":\"es\",\"potentialAction\":[{\"@type\":\"ReadAction\",\"target\":[\"https:\/\/induzon.com\/es\/producto\/tornillo-sinfin-motor-sinfin-pellets-estufa-2rpm-3-5-rpm-kit-para-carga-pellets-motorreductor-pellet-alimentacion-biomasa-hoja-espiral-de-acero-inoxidable\/\"]}]},{\"@type\":\"ImageObject\",\"inLanguage\":\"es\",\"@id\":\"https:\/\/induzon.com\/es\/producto\/tornillo-sinfin-motor-sinfin-pellets-estufa-2rpm-3-5-rpm-kit-para-carga-pellets-motorreductor-pellet-alimentacion-biomasa-hoja-espiral-de-acero-inoxidable\/#primaryimage\",\"url\":\"https:\/\/induzon.com\/wp-content\/uploads\/2025\/09\/\u56fe-1-6.jpg\",\"contentUrl\":\"https:\/\/induzon.com\/wp-content\/uploads\/2025\/09\/\u56fe-1-6.jpg\",\"width\":1500,\"height\":1500,\"caption\":\"Kit de tornillo sinf\u00edn con motorreductor para estufa de pellets (2-3.5 RPM). Incluye espiral de acero inoxidable para alimentaci\u00f3n de biomasa\"},{\"@type\":\"BreadcrumbList\",\"@id\":\"https:\/\/induzon.com\/es\/producto\/tornillo-sinfin-motor-sinfin-pellets-estufa-2rpm-3-5-rpm-kit-para-carga-pellets-motorreductor-pellet-alimentacion-biomasa-hoja-espiral-de-acero-inoxidable\/#breadcrumb\",\"itemListElement\":[{\"@type\":\"ListItem\",\"position\":1,\"name\":\"\u9996\u9875\",\"item\":\"https:\/\/induzon.com\/es\/\"},{\"@type\":\"ListItem\",\"position\":2,\"name\":\"Tienda\",\"item\":\"https:\/\/induzon.com\/es\/tienda\/\"},{\"@type\":\"ListItem\",\"position\":3,\"name\":\"Palas de tornillo sinf\u00edn para pellets de acero inoxidable de peque\u00f1o di\u00e1metro soldadas de una sola pieza kit de alimentaci\u00f3n de biomasaSingle Piece Welded Small OD Stainless Steel Auger Flighting Wood Pellet Auger Kit and Feeder Replacement Part\"}]},{\"@type\":\"WebSite\",\"@id\":\"https:\/\/induzon.com\/es\/#website\",\"url\":\"https:\/\/induzon.com\/es\/\",\"name\":\"induzon\",\"description\":\"\",\"publisher\":{\"@id\":\"https:\/\/induzon.com\/es\/#organization\"},\"potentialAction\":[{\"@type\":\"SearchAction\",\"target\":{\"@type\":\"EntryPoint\",\"urlTemplate\":\"https:\/\/induzon.com\/es\/?s={search_term_string}\"},\"query-input\":{\"@type\":\"PropertyValueSpecification\",\"valueRequired\":true,\"valueName\":\"search_term_string\"}}],\"inLanguage\":\"es\"},{\"@type\":\"Organization\",\"@id\":\"https:\/\/induzon.com\/es\/#organization\",\"name\":\"induzon\",\"url\":\"https:\/\/induzon.com\/es\/\",\"logo\":{\"@type\":\"ImageObject\",\"inLanguage\":\"es\",\"@id\":\"https:\/\/induzon.com\/es\/#\/schema\/logo\/image\/\",\"url\":\"https:\/\/induzon.com\/wp-content\/uploads\/2025\/05\/cropped-026.png\",\"contentUrl\":\"https:\/\/induzon.com\/wp-content\/uploads\/2025\/05\/cropped-026.png\",\"width\":512,\"height\":512,\"caption\":\"induzon\"},\"image\":{\"@id\":\"https:\/\/induzon.com\/es\/#\/schema\/logo\/image\/\"}}]}<\/script>\r\n<!-- \/ Yoast SEO plugin. -->","yoast_head_json":{"title":"Kit Alimentaci\u00f3n Biomasa Acero Inoxidable - Induzon","description":"Kit de tornillo sinf\u00edn con motorreductor para estufa de pellets (2-3.5 RPM). Incluye espiral de acero inoxidable para alimentaci\u00f3n de biomasa. Ideal para sistemas de carga autom\u00e1tica.","robots":{"index":"index","follow":"follow","max-snippet":"max-snippet:-1","max-image-preview":"max-image-preview:large","max-video-preview":"max-video-preview:-1"},"canonical":"https:\/\/induzon.com\/es\/producto\/tornillo-sinfin-motor-sinfin-pellets-estufa-2rpm-3-5-rpm-kit-para-carga-pellets-motorreductor-pellet-alimentacion-biomasa-hoja-espiral-de-acero-inoxidable\/","og_locale":"es_ES","og_type":"article","og_title":"Kit Alimentaci\u00f3n Biomasa Acero Inoxidable - Induzon","og_description":"Kit de tornillo sinf\u00edn con motorreductor para estufa de pellets (2-3.5 RPM). Incluye espiral de acero inoxidable para alimentaci\u00f3n de biomasa. Ideal para sistemas de carga autom\u00e1tica.","og_url":"https:\/\/induzon.com\/es\/producto\/tornillo-sinfin-motor-sinfin-pellets-estufa-2rpm-3-5-rpm-kit-para-carga-pellets-motorreductor-pellet-alimentacion-biomasa-hoja-espiral-de-acero-inoxidable\/","og_site_name":"induzon","article_modified_time":"2025-12-09T02:14:15+00:00","og_image":[{"width":1500,"height":1500,"url":"https:\/\/induzon.com\/wp-content\/uploads\/2025\/09\/\u56fe-1-6.jpg","type":"image\/jpeg"}],"twitter_card":"summary_large_image","twitter_misc":{"Tiempo de lectura":"1 minuto"},"schema":{"@context":"https:\/\/schema.org","@graph":[{"@type":"WebPage","@id":"https:\/\/induzon.com\/es\/producto\/tornillo-sinfin-motor-sinfin-pellets-estufa-2rpm-3-5-rpm-kit-para-carga-pellets-motorreductor-pellet-alimentacion-biomasa-hoja-espiral-de-acero-inoxidable\/","url":"https:\/\/induzon.com\/es\/producto\/tornillo-sinfin-motor-sinfin-pellets-estufa-2rpm-3-5-rpm-kit-para-carga-pellets-motorreductor-pellet-alimentacion-biomasa-hoja-espiral-de-acero-inoxidable\/","name":"Kit Alimentaci\u00f3n Biomasa Acero Inoxidable - Induzon","isPartOf":{"@id":"https:\/\/induzon.com\/es\/#website"},"primaryImageOfPage":{"@id":"https:\/\/induzon.com\/es\/producto\/tornillo-sinfin-motor-sinfin-pellets-estufa-2rpm-3-5-rpm-kit-para-carga-pellets-motorreductor-pellet-alimentacion-biomasa-hoja-espiral-de-acero-inoxidable\/#primaryimage"},"image":{"@id":"https:\/\/induzon.com\/es\/producto\/tornillo-sinfin-motor-sinfin-pellets-estufa-2rpm-3-5-rpm-kit-para-carga-pellets-motorreductor-pellet-alimentacion-biomasa-hoja-espiral-de-acero-inoxidable\/#primaryimage"},"thumbnailUrl":"https:\/\/induzon.com\/wp-content\/uploads\/2025\/09\/\u56fe-1-6.jpg","datePublished":"2025-09-16T08:01:30+00:00","dateModified":"2025-12-09T02:14:15+00:00","description":"Kit de tornillo sinf\u00edn con motorreductor para estufa de pellets (2-3.5 RPM). Incluye espiral de acero inoxidable para alimentaci\u00f3n de biomasa. Ideal para sistemas de carga autom\u00e1tica.","breadcrumb":{"@id":"https:\/\/induzon.com\/es\/producto\/tornillo-sinfin-motor-sinfin-pellets-estufa-2rpm-3-5-rpm-kit-para-carga-pellets-motorreductor-pellet-alimentacion-biomasa-hoja-espiral-de-acero-inoxidable\/#breadcrumb"},"inLanguage":"es","potentialAction":[{"@type":"ReadAction","target":["https:\/\/induzon.com\/es\/producto\/tornillo-sinfin-motor-sinfin-pellets-estufa-2rpm-3-5-rpm-kit-para-carga-pellets-motorreductor-pellet-alimentacion-biomasa-hoja-espiral-de-acero-inoxidable\/"]}]},{"@type":"ImageObject","inLanguage":"es","@id":"https:\/\/induzon.com\/es\/producto\/tornillo-sinfin-motor-sinfin-pellets-estufa-2rpm-3-5-rpm-kit-para-carga-pellets-motorreductor-pellet-alimentacion-biomasa-hoja-espiral-de-acero-inoxidable\/#primaryimage","url":"https:\/\/induzon.com\/wp-content\/uploads\/2025\/09\/\u56fe-1-6.jpg","contentUrl":"https:\/\/induzon.com\/wp-content\/uploads\/2025\/09\/\u56fe-1-6.jpg","width":1500,"height":1500,"caption":"Kit de tornillo sinf\u00edn con motorreductor para estufa de pellets (2-3.5 RPM). Incluye espiral de acero inoxidable para alimentaci\u00f3n de biomasa"},{"@type":"BreadcrumbList","@id":"https:\/\/induzon.com\/es\/producto\/tornillo-sinfin-motor-sinfin-pellets-estufa-2rpm-3-5-rpm-kit-para-carga-pellets-motorreductor-pellet-alimentacion-biomasa-hoja-espiral-de-acero-inoxidable\/#breadcrumb","itemListElement":[{"@type":"ListItem","position":1,"name":"\u9996\u9875","item":"https:\/\/induzon.com\/es\/"},{"@type":"ListItem","position":2,"name":"Tienda","item":"https:\/\/induzon.com\/es\/tienda\/"},{"@type":"ListItem","position":3,"name":"Palas de tornillo sinf\u00edn para pellets de acero inoxidable de peque\u00f1o di\u00e1metro soldadas de una sola pieza kit de alimentaci\u00f3n de biomasaSingle Piece Welded Small OD Stainless Steel Auger Flighting Wood Pellet Auger Kit and Feeder Replacement Part"}]},{"@type":"WebSite","@id":"https:\/\/induzon.com\/es\/#website","url":"https:\/\/induzon.com\/es\/","name":"induzon","description":"","publisher":{"@id":"https:\/\/induzon.com\/es\/#organization"},"potentialAction":[{"@type":"SearchAction","target":{"@type":"EntryPoint","urlTemplate":"https:\/\/induzon.com\/es\/?s={search_term_string}"},"query-input":{"@type":"PropertyValueSpecification","valueRequired":true,"valueName":"search_term_string"}}],"inLanguage":"es"},{"@type":"Organization","@id":"https:\/\/induzon.com\/es\/#organization","name":"induzon","url":"https:\/\/induzon.com\/es\/","logo":{"@type":"ImageObject","inLanguage":"es","@id":"https:\/\/induzon.com\/es\/#\/schema\/logo\/image\/","url":"https:\/\/induzon.com\/wp-content\/uploads\/2025\/05\/cropped-026.png","contentUrl":"https:\/\/induzon.com\/wp-content\/uploads\/2025\/05\/cropped-026.png","width":512,"height":512,"caption":"induzon"},"image":{"@id":"https:\/\/induzon.com\/es\/#\/schema\/logo\/image\/"}}]}},"_links":{"self":[{"href":"https:\/\/induzon.com\/es\/wp-json\/wp\/v2\/product\/25702","targetHints":{"allow":["GET"]}}],"collection":[{"href":"https:\/\/induzon.com\/es\/wp-json\/wp\/v2\/product"}],"about":[{"href":"https:\/\/induzon.com\/es\/wp-json\/wp\/v2\/types\/product"}],"replies":[{"embeddable":true,"href":"https:\/\/induzon.com\/es\/wp-json\/wp\/v2\/comments?post=25702"}],"version-history":[{"count":1,"href":"https:\/\/induzon.com\/es\/wp-json\/wp\/v2\/product\/25702\/revisions"}],"predecessor-version":[{"id":31836,"href":"https:\/\/induzon.com\/es\/wp-json\/wp\/v2\/product\/25702\/revisions\/31836"}],"wp:featuredmedia":[{"embeddable":true,"href":"https:\/\/induzon.com\/es\/wp-json\/wp\/v2\/media\/25585"}],"wp:attachment":[{"href":"https:\/\/induzon.com\/es\/wp-json\/wp\/v2\/media?parent=25702"}],"wp:term":[{"taxonomy":"product_brand","embeddable":true,"href":"https:\/\/induzon.com\/es\/wp-json\/wp\/v2\/product_brand?post=25702"},{"taxonomy":"product_cat","embeddable":true,"href":"https:\/\/induzon.com\/es\/wp-json\/wp\/v2\/product_cat?post=25702"},{"taxonomy":"product_tag","embeddable":true,"href":"https:\/\/induzon.com\/es\/wp-json\/wp\/v2\/product_tag?post=25702"}],"curies":[{"name":"wp","href":"https:\/\/api.w.org\/{rel}","templated":true}]}}