{"id":33033,"date":"2026-01-14T17:27:52","date_gmt":"2026-01-14T09:27:52","guid":{"rendered":"https:\/\/induzon.com\/shop\/maquina-expendedora-de-snacks-y-bebidas-con-empujador-de-bobinas-y-resorte-espiral-2\/"},"modified":"2026-01-15T10:55:51","modified_gmt":"2026-01-15T02:55:51","slug":"maquina-expendedora-de-snacks-y-bebidas-con-empujador-de-bobinas-y-resorte-espiral-2","status":"publish","type":"product","link":"https:\/\/induzon.com\/es\/producto\/maquina-expendedora-de-snacks-y-bebidas-con-empujador-de-bobinas-y-resorte-espiral-2\/","title":{"rendered":"M\u00e1quina Expendedora de Snacks y Bebidas con Empujador de Bobinas y Resorte Espiral"},"content":{"rendered":"<p>1.Empuje preciso de productos en m\u00e1quinas expendedoras con espiral de resorte duradero<br \/>\n2.Compatibilidad con m\u00e1quinas de snacks y bebidas para interiores y exteriores<br \/>\n3.Fabricado en pl\u00e1stico resistente para un funcionamiento suave y silencioso<br \/>\n4.F\u00e1cil instalaci\u00f3n y mantenimiento en expendedoras de alimentos y refrigerios<br \/>\n5.Garantiza la distribuci\u00f3n eficiente de productos sin atascos ni da\u00f1os<\/p>\n","protected":false},"excerpt":{"rendered":"<p>1.Empuje preciso de productos en m\u00e1quinas expendedoras con espiral de resorte duradero 2.Compatibilidad con m\u00e1quinas de snacks y bebidas para [&hellip;]<\/p>\n","protected":false},"featured_media":28842,"comment_status":"open","ping_status":"closed","template":"","meta":{"site-sidebar-layout":"default","site-content-layout":"","ast-site-content-layout":"default","site-content-style":"default","site-sidebar-style":"default","ast-global-header-display":"","ast-banner-title-visibility":"","ast-main-header-display":"","ast-hfb-above-header-display":"","ast-hfb-below-header-display":"","ast-hfb-mobile-header-display":"","site-post-title":"","ast-breadcrumbs-content":"","ast-featured-img":"","footer-sml-layout":"","theme-transparent-header-meta":"default","adv-header-id-meta":"","stick-header-meta":"","header-above-stick-meta":"","header-main-stick-meta":"","header-below-stick-meta":"","astra-migrate-meta-layouts":"default","ast-page-background-enabled":"default","ast-page-background-meta":{"desktop":{"background-color":"var(--ast-global-color-4)","background-image":"","background-repeat":"repeat","background-position":"center center","background-size":"auto","background-attachment":"scroll","background-type":"","background-media":"","overlay-type":"","overlay-color":"","overlay-opacity":"","overlay-gradient":""},"tablet":{"background-color":"","background-image":"","background-repeat":"repeat","background-position":"center center","background-size":"auto","background-attachment":"scroll","background-type":"","background-media":"","overlay-type":"","overlay-color":"","overlay-opacity":"","overlay-gradient":""},"mobile":{"background-color":"","background-image":"","background-repeat":"repeat","background-position":"center center","background-size":"auto","background-attachment":"scroll","background-type":"","background-media":"","overlay-type":"","overlay-color":"","overlay-opacity":"","overlay-gradient":""}},"ast-content-background-meta":{"desktop":{"background-color":"var(--ast-global-color-5)","background-image":"","background-repeat":"repeat","background-position":"center center","background-size":"auto","background-attachment":"scroll","background-type":"","background-media":"","overlay-type":"","overlay-color":"","overlay-opacity":"","overlay-gradient":""},"tablet":{"background-color":"var(--ast-global-color-5)","background-image":"","background-repeat":"repeat","background-position":"center center","background-size":"auto","background-attachment":"scroll","background-type":"","background-media":"","overlay-type":"","overlay-color":"","overlay-opacity":"","overlay-gradient":""},"mobile":{"background-color":"var(--ast-global-color-5)","background-image":"","background-repeat":"repeat","background-position":"center center","background-size":"auto","background-attachment":"scroll","background-type":"","background-media":"","overlay-type":"","overlay-color":"","overlay-opacity":"","overlay-gradient":""}}},"product_brand":[],"product_cat":[629],"product_tag":[1898],"class_list":{"0":"post-33033","1":"product","2":"type-product","3":"status-publish","4":"has-post-thumbnail","6":"product_cat-sin-categoria","7":"product_tag-maquina-expendedora","8":"desktop-align-left","9":"tablet-align-left","10":"mobile-align-left","12":"first","13":"instock","14":"sale","15":"shipping-taxable","16":"purchasable","17":"product-type-simple"},"yoast_head":"<!-- This site is optimized with the Yoast SEO plugin v24.9 - https:\/\/yoast.com\/wordpress\/plugins\/seo\/ -->\r\n<title>M\u00e1quina Expendedora Vending Snacks y Bebidas -Induzon<\/title>\r\n<meta name=\"description\" content=\"M\u00e1quinas Expendedoras autom\u00e1ticas de Snacks y Bebidas para empresas y espacios p\u00fablicos.Ideales para la venta de aperitivos\" \/>\r\n<meta name=\"robots\" content=\"index, follow, max-snippet:-1, max-image-preview:large, max-video-preview:-1\" \/>\r\n<link rel=\"canonical\" href=\"https:\/\/induzon.com\/es\/producto\/maquina-expendedora-de-snacks-y-bebidas-con-empujador-de-bobinas-y-resorte-espiral-2\/\" \/>\r\n<meta property=\"og:locale\" content=\"es_ES\" \/>\r\n<meta property=\"og:type\" content=\"article\" \/>\r\n<meta property=\"og:title\" content=\"M\u00e1quina Expendedora Vending Snacks y Bebidas -Induzon\" \/>\r\n<meta property=\"og:description\" content=\"M\u00e1quinas Expendedoras autom\u00e1ticas de Snacks y Bebidas para empresas y espacios p\u00fablicos.Ideales para la venta de aperitivos\" \/>\r\n<meta property=\"og:url\" content=\"https:\/\/induzon.com\/es\/producto\/maquina-expendedora-de-snacks-y-bebidas-con-empujador-de-bobinas-y-resorte-espiral-2\/\" \/>\r\n<meta property=\"og:site_name\" content=\"induzon\" \/>\r\n<meta property=\"article:modified_time\" content=\"2026-01-15T02:55:51+00:00\" \/>\r\n<meta property=\"og:image\" content=\"https:\/\/induzon.com\/wp-content\/uploads\/2025\/10\/\u56fe-1.jpg\" \/>\r\n\t<meta property=\"og:image:width\" content=\"1500\" \/>\r\n\t<meta property=\"og:image:height\" content=\"1500\" \/>\r\n\t<meta property=\"og:image:type\" content=\"image\/jpeg\" \/>\r\n<meta name=\"twitter:card\" content=\"summary_large_image\" \/>\r\n<script type=\"application\/ld+json\" class=\"yoast-schema-graph\">{\"@context\":\"https:\/\/schema.org\",\"@graph\":[{\"@type\":\"WebPage\",\"@id\":\"https:\/\/induzon.com\/es\/producto\/maquina-expendedora-de-snacks-y-bebidas-con-empujador-de-bobinas-y-resorte-espiral-2\/\",\"url\":\"https:\/\/induzon.com\/es\/producto\/maquina-expendedora-de-snacks-y-bebidas-con-empujador-de-bobinas-y-resorte-espiral-2\/\",\"name\":\"M\u00e1quina Expendedora Vending Snacks y Bebidas -Induzon\",\"isPartOf\":{\"@id\":\"https:\/\/induzon.com\/es\/#website\"},\"primaryImageOfPage\":{\"@id\":\"https:\/\/induzon.com\/es\/producto\/maquina-expendedora-de-snacks-y-bebidas-con-empujador-de-bobinas-y-resorte-espiral-2\/#primaryimage\"},\"image\":{\"@id\":\"https:\/\/induzon.com\/es\/producto\/maquina-expendedora-de-snacks-y-bebidas-con-empujador-de-bobinas-y-resorte-espiral-2\/#primaryimage\"},\"thumbnailUrl\":\"https:\/\/induzon.com\/wp-content\/uploads\/2025\/10\/\u56fe-1.jpg\",\"datePublished\":\"2026-01-14T09:27:52+00:00\",\"dateModified\":\"2026-01-15T02:55:51+00:00\",\"description\":\"M\u00e1quinas Expendedoras autom\u00e1ticas de Snacks y Bebidas para empresas y espacios p\u00fablicos.Ideales para la venta de aperitivos\",\"breadcrumb\":{\"@id\":\"https:\/\/induzon.com\/es\/producto\/maquina-expendedora-de-snacks-y-bebidas-con-empujador-de-bobinas-y-resorte-espiral-2\/#breadcrumb\"},\"inLanguage\":\"es\",\"potentialAction\":[{\"@type\":\"ReadAction\",\"target\":[\"https:\/\/induzon.com\/es\/producto\/maquina-expendedora-de-snacks-y-bebidas-con-empujador-de-bobinas-y-resorte-espiral-2\/\"]}]},{\"@type\":\"ImageObject\",\"inLanguage\":\"es\",\"@id\":\"https:\/\/induzon.com\/es\/producto\/maquina-expendedora-de-snacks-y-bebidas-con-empujador-de-bobinas-y-resorte-espiral-2\/#primaryimage\",\"url\":\"https:\/\/induzon.com\/wp-content\/uploads\/2025\/10\/\u56fe-1.jpg\",\"contentUrl\":\"https:\/\/induzon.com\/wp-content\/uploads\/2025\/10\/\u56fe-1.jpg\",\"width\":1500,\"height\":1500,\"caption\":\"M\u00e1quina Expendedora Vending Snacks y Bebidas\"},{\"@type\":\"BreadcrumbList\",\"@id\":\"https:\/\/induzon.com\/es\/producto\/maquina-expendedora-de-snacks-y-bebidas-con-empujador-de-bobinas-y-resorte-espiral-2\/#breadcrumb\",\"itemListElement\":[{\"@type\":\"ListItem\",\"position\":1,\"name\":\"\u9996\u9875\",\"item\":\"https:\/\/induzon.com\/es\/\"},{\"@type\":\"ListItem\",\"position\":2,\"name\":\"Tienda\",\"item\":\"https:\/\/induzon.com\/es\/tienda\/\"},{\"@type\":\"ListItem\",\"position\":3,\"name\":\"M\u00e1quina Expendedora de Snacks y Bebidas con Empujador de Bobinas y Resorte Espiral\"}]},{\"@type\":\"WebSite\",\"@id\":\"https:\/\/induzon.com\/es\/#website\",\"url\":\"https:\/\/induzon.com\/es\/\",\"name\":\"induzon\",\"description\":\"\",\"publisher\":{\"@id\":\"https:\/\/induzon.com\/es\/#organization\"},\"potentialAction\":[{\"@type\":\"SearchAction\",\"target\":{\"@type\":\"EntryPoint\",\"urlTemplate\":\"https:\/\/induzon.com\/es\/?s={search_term_string}\"},\"query-input\":{\"@type\":\"PropertyValueSpecification\",\"valueRequired\":true,\"valueName\":\"search_term_string\"}}],\"inLanguage\":\"es\"},{\"@type\":\"Organization\",\"@id\":\"https:\/\/induzon.com\/es\/#organization\",\"name\":\"induzon\",\"url\":\"https:\/\/induzon.com\/es\/\",\"logo\":{\"@type\":\"ImageObject\",\"inLanguage\":\"es\",\"@id\":\"https:\/\/induzon.com\/es\/#\/schema\/logo\/image\/\",\"url\":\"https:\/\/induzon.com\/wp-content\/uploads\/2025\/05\/cropped-026.png\",\"contentUrl\":\"https:\/\/induzon.com\/wp-content\/uploads\/2025\/05\/cropped-026.png\",\"width\":512,\"height\":512,\"caption\":\"induzon\"},\"image\":{\"@id\":\"https:\/\/induzon.com\/es\/#\/schema\/logo\/image\/\"}}]}<\/script>\r\n<!-- \/ Yoast SEO plugin. -->","yoast_head_json":{"title":"M\u00e1quina Expendedora Vending Snacks y Bebidas -Induzon","description":"M\u00e1quinas Expendedoras autom\u00e1ticas de Snacks y Bebidas para empresas y espacios p\u00fablicos.Ideales para la venta de aperitivos","robots":{"index":"index","follow":"follow","max-snippet":"max-snippet:-1","max-image-preview":"max-image-preview:large","max-video-preview":"max-video-preview:-1"},"canonical":"https:\/\/induzon.com\/es\/producto\/maquina-expendedora-de-snacks-y-bebidas-con-empujador-de-bobinas-y-resorte-espiral-2\/","og_locale":"es_ES","og_type":"article","og_title":"M\u00e1quina Expendedora Vending Snacks y Bebidas -Induzon","og_description":"M\u00e1quinas Expendedoras autom\u00e1ticas de Snacks y Bebidas para empresas y espacios p\u00fablicos.Ideales para la venta de aperitivos","og_url":"https:\/\/induzon.com\/es\/producto\/maquina-expendedora-de-snacks-y-bebidas-con-empujador-de-bobinas-y-resorte-espiral-2\/","og_site_name":"induzon","article_modified_time":"2026-01-15T02:55:51+00:00","og_image":[{"width":1500,"height":1500,"url":"https:\/\/induzon.com\/wp-content\/uploads\/2025\/10\/\u56fe-1.jpg","type":"image\/jpeg"}],"twitter_card":"summary_large_image","schema":{"@context":"https:\/\/schema.org","@graph":[{"@type":"WebPage","@id":"https:\/\/induzon.com\/es\/producto\/maquina-expendedora-de-snacks-y-bebidas-con-empujador-de-bobinas-y-resorte-espiral-2\/","url":"https:\/\/induzon.com\/es\/producto\/maquina-expendedora-de-snacks-y-bebidas-con-empujador-de-bobinas-y-resorte-espiral-2\/","name":"M\u00e1quina Expendedora Vending Snacks y Bebidas -Induzon","isPartOf":{"@id":"https:\/\/induzon.com\/es\/#website"},"primaryImageOfPage":{"@id":"https:\/\/induzon.com\/es\/producto\/maquina-expendedora-de-snacks-y-bebidas-con-empujador-de-bobinas-y-resorte-espiral-2\/#primaryimage"},"image":{"@id":"https:\/\/induzon.com\/es\/producto\/maquina-expendedora-de-snacks-y-bebidas-con-empujador-de-bobinas-y-resorte-espiral-2\/#primaryimage"},"thumbnailUrl":"https:\/\/induzon.com\/wp-content\/uploads\/2025\/10\/\u56fe-1.jpg","datePublished":"2026-01-14T09:27:52+00:00","dateModified":"2026-01-15T02:55:51+00:00","description":"M\u00e1quinas Expendedoras autom\u00e1ticas de Snacks y Bebidas para empresas y espacios p\u00fablicos.Ideales para la venta de aperitivos","breadcrumb":{"@id":"https:\/\/induzon.com\/es\/producto\/maquina-expendedora-de-snacks-y-bebidas-con-empujador-de-bobinas-y-resorte-espiral-2\/#breadcrumb"},"inLanguage":"es","potentialAction":[{"@type":"ReadAction","target":["https:\/\/induzon.com\/es\/producto\/maquina-expendedora-de-snacks-y-bebidas-con-empujador-de-bobinas-y-resorte-espiral-2\/"]}]},{"@type":"ImageObject","inLanguage":"es","@id":"https:\/\/induzon.com\/es\/producto\/maquina-expendedora-de-snacks-y-bebidas-con-empujador-de-bobinas-y-resorte-espiral-2\/#primaryimage","url":"https:\/\/induzon.com\/wp-content\/uploads\/2025\/10\/\u56fe-1.jpg","contentUrl":"https:\/\/induzon.com\/wp-content\/uploads\/2025\/10\/\u56fe-1.jpg","width":1500,"height":1500,"caption":"M\u00e1quina Expendedora Vending Snacks y Bebidas"},{"@type":"BreadcrumbList","@id":"https:\/\/induzon.com\/es\/producto\/maquina-expendedora-de-snacks-y-bebidas-con-empujador-de-bobinas-y-resorte-espiral-2\/#breadcrumb","itemListElement":[{"@type":"ListItem","position":1,"name":"\u9996\u9875","item":"https:\/\/induzon.com\/es\/"},{"@type":"ListItem","position":2,"name":"Tienda","item":"https:\/\/induzon.com\/es\/tienda\/"},{"@type":"ListItem","position":3,"name":"M\u00e1quina Expendedora de Snacks y Bebidas con Empujador de Bobinas y Resorte Espiral"}]},{"@type":"WebSite","@id":"https:\/\/induzon.com\/es\/#website","url":"https:\/\/induzon.com\/es\/","name":"induzon","description":"","publisher":{"@id":"https:\/\/induzon.com\/es\/#organization"},"potentialAction":[{"@type":"SearchAction","target":{"@type":"EntryPoint","urlTemplate":"https:\/\/induzon.com\/es\/?s={search_term_string}"},"query-input":{"@type":"PropertyValueSpecification","valueRequired":true,"valueName":"search_term_string"}}],"inLanguage":"es"},{"@type":"Organization","@id":"https:\/\/induzon.com\/es\/#organization","name":"induzon","url":"https:\/\/induzon.com\/es\/","logo":{"@type":"ImageObject","inLanguage":"es","@id":"https:\/\/induzon.com\/es\/#\/schema\/logo\/image\/","url":"https:\/\/induzon.com\/wp-content\/uploads\/2025\/05\/cropped-026.png","contentUrl":"https:\/\/induzon.com\/wp-content\/uploads\/2025\/05\/cropped-026.png","width":512,"height":512,"caption":"induzon"},"image":{"@id":"https:\/\/induzon.com\/es\/#\/schema\/logo\/image\/"}}]}},"_links":{"self":[{"href":"https:\/\/induzon.com\/es\/wp-json\/wp\/v2\/product\/33033","targetHints":{"allow":["GET"]}}],"collection":[{"href":"https:\/\/induzon.com\/es\/wp-json\/wp\/v2\/product"}],"about":[{"href":"https:\/\/induzon.com\/es\/wp-json\/wp\/v2\/types\/product"}],"replies":[{"embeddable":true,"href":"https:\/\/induzon.com\/es\/wp-json\/wp\/v2\/comments?post=33033"}],"version-history":[{"count":1,"href":"https:\/\/induzon.com\/es\/wp-json\/wp\/v2\/product\/33033\/revisions"}],"predecessor-version":[{"id":33050,"href":"https:\/\/induzon.com\/es\/wp-json\/wp\/v2\/product\/33033\/revisions\/33050"}],"wp:featuredmedia":[{"embeddable":true,"href":"https:\/\/induzon.com\/es\/wp-json\/wp\/v2\/media\/28842"}],"wp:attachment":[{"href":"https:\/\/induzon.com\/es\/wp-json\/wp\/v2\/media?parent=33033"}],"wp:term":[{"taxonomy":"product_brand","embeddable":true,"href":"https:\/\/induzon.com\/es\/wp-json\/wp\/v2\/product_brand?post=33033"},{"taxonomy":"product_cat","embeddable":true,"href":"https:\/\/induzon.com\/es\/wp-json\/wp\/v2\/product_cat?post=33033"},{"taxonomy":"product_tag","embeddable":true,"href":"https:\/\/induzon.com\/es\/wp-json\/wp\/v2\/product_tag?post=33033"}],"curies":[{"name":"wp","href":"https:\/\/api.w.org\/{rel}","templated":true}]}}