{"id":38223,"date":"2026-04-28T11:06:17","date_gmt":"2026-04-28T03:06:17","guid":{"rendered":"https:\/\/induzon.com\/shop\/2-way-motor-ball-valve-3-wire-electric-ball-valve-220v-two-way-motor-valve-1-2-3-4-1-1-1-4-1-1-2-2-inches\/"},"modified":"2026-04-28T11:06:17","modified_gmt":"2026-04-28T03:06:17","slug":"2-way-motor-ball-valve-3-wire-electric-ball-valve-220v-two-way-motor-valve-1-2-3-4-1-1-1-4-1-1-2-2-inches","status":"publish","type":"product","link":"https:\/\/induzon.com\/es\/producto\/2-way-motor-ball-valve-3-wire-electric-ball-valve-220v-two-way-motor-valve-1-2-3-4-1-1-1-4-1-1-2-2-inches\/","title":{"rendered":"2-way motor ball valve 3-wire &#8211; electric ball valve 220V two-way motor valve 1\/2 3\/4 1 1-1\/4 1-1\/2 2 inches"},"content":{"rendered":"","protected":false},"excerpt":{"rendered":"","protected":false},"featured_media":38012,"comment_status":"open","ping_status":"closed","template":"","meta":{"site-sidebar-layout":"default","site-content-layout":"","ast-site-content-layout":"default","site-content-style":"default","site-sidebar-style":"default","ast-global-header-display":"","ast-banner-title-visibility":"","ast-main-header-display":"","ast-hfb-above-header-display":"","ast-hfb-below-header-display":"","ast-hfb-mobile-header-display":"","site-post-title":"","ast-breadcrumbs-content":"","ast-featured-img":"","footer-sml-layout":"","theme-transparent-header-meta":"default","adv-header-id-meta":"","stick-header-meta":"","header-above-stick-meta":"","header-main-stick-meta":"","header-below-stick-meta":"","astra-migrate-meta-layouts":"default","ast-page-background-enabled":"default","ast-page-background-meta":{"desktop":{"background-color":"var(--ast-global-color-4)","background-image":"","background-repeat":"repeat","background-position":"center center","background-size":"auto","background-attachment":"scroll","background-type":"","background-media":"","overlay-type":"","overlay-color":"","overlay-opacity":"","overlay-gradient":""},"tablet":{"background-color":"","background-image":"","background-repeat":"repeat","background-position":"center center","background-size":"auto","background-attachment":"scroll","background-type":"","background-media":"","overlay-type":"","overlay-color":"","overlay-opacity":"","overlay-gradient":""},"mobile":{"background-color":"","background-image":"","background-repeat":"repeat","background-position":"center center","background-size":"auto","background-attachment":"scroll","background-type":"","background-media":"","overlay-type":"","overlay-color":"","overlay-opacity":"","overlay-gradient":""}},"ast-content-background-meta":{"desktop":{"background-color":"var(--ast-global-color-5)","background-image":"","background-repeat":"repeat","background-position":"center center","background-size":"auto","background-attachment":"scroll","background-type":"","background-media":"","overlay-type":"","overlay-color":"","overlay-opacity":"","overlay-gradient":""},"tablet":{"background-color":"var(--ast-global-color-5)","background-image":"","background-repeat":"repeat","background-position":"center center","background-size":"auto","background-attachment":"scroll","background-type":"","background-media":"","overlay-type":"","overlay-color":"","overlay-opacity":"","overlay-gradient":""},"mobile":{"background-color":"var(--ast-global-color-5)","background-image":"","background-repeat":"repeat","background-position":"center center","background-size":"auto","background-attachment":"scroll","background-type":"","background-media":"","overlay-type":"","overlay-color":"","overlay-opacity":"","overlay-gradient":""}}},"product_brand":[],"product_cat":[2296,2475],"product_tag":[2476],"class_list":{"0":"post-38223","1":"product","2":"type-product","3":"status-publish","4":"has-post-thumbnail","6":"product_cat-valvula","7":"product_cat-valvula-de-bola-electrica","8":"product_tag-valvula-de-bola-electrica","9":"desktop-align-left","10":"tablet-align-left","11":"mobile-align-left","13":"first","14":"instock","15":"sale","16":"shipping-taxable","17":"purchasable","18":"product-type-variable"},"yoast_head":"<!-- This site is optimized with the Yoast SEO plugin v27.5 - https:\/\/yoast.com\/product\/yoast-seo-wordpress\/ -->\r\n<title>V\u00e1lvula de bola motorizada 2 v\u00edas 220V 3 hilos 1\/2 3\/4 1 1 1\/4 1 1\/2 2 pulgadas<\/title>\r\n<meta name=\"description\" content=\"V\u00e1lvula de bola motorizada 2 v\u00edas 220V 3 hilos. Medidas 1\/2 a 2 pulgadas. Perfecta para climatizaci\u00f3n y control de fluidos. Env\u00edo r\u00e1pido y calidad.\" \/>\r\n<meta name=\"robots\" content=\"index, follow, max-snippet:-1, max-image-preview:large, max-video-preview:-1\" \/>\r\n<link rel=\"canonical\" href=\"https:\/\/induzon.com\/es\/producto\/2-way-motor-ball-valve-3-wire-electric-ball-valve-220v-two-way-motor-valve-1-2-3-4-1-1-1-4-1-1-2-2-inches\/\" \/>\r\n<meta property=\"og:locale\" content=\"es_ES\" \/>\r\n<meta property=\"og:type\" content=\"article\" \/>\r\n<meta property=\"og:title\" content=\"V\u00e1lvula de bola motorizada 2 v\u00edas 220V 3 hilos 1\/2 3\/4 1 1 1\/4 1 1\/2 2 pulgadas\" \/>\r\n<meta property=\"og:description\" content=\"V\u00e1lvula de bola motorizada 2 v\u00edas 220V 3 hilos. Medidas 1\/2 a 2 pulgadas. Perfecta para climatizaci\u00f3n y control de fluidos. Env\u00edo r\u00e1pido y calidad.\" \/>\r\n<meta property=\"og:url\" content=\"https:\/\/induzon.com\/es\/producto\/2-way-motor-ball-valve-3-wire-electric-ball-valve-220v-two-way-motor-valve-1-2-3-4-1-1-1-4-1-1-2-2-inches\/\" \/>\r\n<meta property=\"og:site_name\" content=\"induzon\" \/>\r\n<meta property=\"og:image\" content=\"https:\/\/induzon.com\/wp-content\/uploads\/2026\/04\/\u56fe-1-2.jpg\" \/>\r\n\t<meta property=\"og:image:width\" content=\"1500\" \/>\r\n\t<meta property=\"og:image:height\" content=\"1500\" \/>\r\n\t<meta property=\"og:image:type\" content=\"image\/jpeg\" \/>\r\n<meta name=\"twitter:card\" content=\"summary_large_image\" \/>\r\n<script type=\"application\/ld+json\" class=\"yoast-schema-graph\">{\"@context\":\"https:\\\/\\\/schema.org\",\"@graph\":[{\"@type\":\"WebPage\",\"@id\":\"https:\\\/\\\/induzon.com\\\/es\\\/producto\\\/2-way-motor-ball-valve-3-wire-electric-ball-valve-220v-two-way-motor-valve-1-2-3-4-1-1-1-4-1-1-2-2-inches\\\/\",\"url\":\"https:\\\/\\\/induzon.com\\\/es\\\/producto\\\/2-way-motor-ball-valve-3-wire-electric-ball-valve-220v-two-way-motor-valve-1-2-3-4-1-1-1-4-1-1-2-2-inches\\\/\",\"name\":\"V\u00e1lvula de bola motorizada 2 v\u00edas 220V 3 hilos 1\\\/2 3\\\/4 1 1 1\\\/4 1 1\\\/2 2 pulgadas\",\"isPartOf\":{\"@id\":\"https:\\\/\\\/induzon.com\\\/es\\\/#website\"},\"primaryImageOfPage\":{\"@id\":\"https:\\\/\\\/induzon.com\\\/es\\\/producto\\\/2-way-motor-ball-valve-3-wire-electric-ball-valve-220v-two-way-motor-valve-1-2-3-4-1-1-1-4-1-1-2-2-inches\\\/#primaryimage\"},\"image\":{\"@id\":\"https:\\\/\\\/induzon.com\\\/es\\\/producto\\\/2-way-motor-ball-valve-3-wire-electric-ball-valve-220v-two-way-motor-valve-1-2-3-4-1-1-1-4-1-1-2-2-inches\\\/#primaryimage\"},\"thumbnailUrl\":\"https:\\\/\\\/induzon.com\\\/wp-content\\\/uploads\\\/2026\\\/04\\\/\u56fe-1-2.jpg\",\"datePublished\":\"2026-04-28T03:06:17+00:00\",\"description\":\"V\u00e1lvula de bola motorizada 2 v\u00edas 220V 3 hilos. Medidas 1\\\/2 a 2 pulgadas. Perfecta para climatizaci\u00f3n y control de fluidos. Env\u00edo r\u00e1pido y calidad.\",\"breadcrumb\":{\"@id\":\"https:\\\/\\\/induzon.com\\\/es\\\/producto\\\/2-way-motor-ball-valve-3-wire-electric-ball-valve-220v-two-way-motor-valve-1-2-3-4-1-1-1-4-1-1-2-2-inches\\\/#breadcrumb\"},\"inLanguage\":\"es\",\"potentialAction\":[{\"@type\":\"ReadAction\",\"target\":[\"https:\\\/\\\/induzon.com\\\/es\\\/producto\\\/2-way-motor-ball-valve-3-wire-electric-ball-valve-220v-two-way-motor-valve-1-2-3-4-1-1-1-4-1-1-2-2-inches\\\/\"]}]},{\"@type\":\"ImageObject\",\"inLanguage\":\"es\",\"@id\":\"https:\\\/\\\/induzon.com\\\/es\\\/producto\\\/2-way-motor-ball-valve-3-wire-electric-ball-valve-220v-two-way-motor-valve-1-2-3-4-1-1-1-4-1-1-2-2-inches\\\/#primaryimage\",\"url\":\"https:\\\/\\\/induzon.com\\\/wp-content\\\/uploads\\\/2026\\\/04\\\/\u56fe-1-2.jpg\",\"contentUrl\":\"https:\\\/\\\/induzon.com\\\/wp-content\\\/uploads\\\/2026\\\/04\\\/\u56fe-1-2.jpg\",\"width\":1500,\"height\":1500,\"caption\":\"2-way motor ball valve 5V 12V 24V 3-wire \u2013 electric ball valve 220V two-way motor valve 1\\\/2 3\\\/4 1 1-1\\\/4 1-1\\\/2 2 inches\"},{\"@type\":\"BreadcrumbList\",\"@id\":\"https:\\\/\\\/induzon.com\\\/es\\\/producto\\\/2-way-motor-ball-valve-3-wire-electric-ball-valve-220v-two-way-motor-valve-1-2-3-4-1-1-1-4-1-1-2-2-inches\\\/#breadcrumb\",\"itemListElement\":[{\"@type\":\"ListItem\",\"position\":1,\"name\":\"\u9996\u9875\",\"item\":\"https:\\\/\\\/induzon.com\\\/es\\\/\"},{\"@type\":\"ListItem\",\"position\":2,\"name\":\"Tienda\",\"item\":\"https:\\\/\\\/induzon.com\\\/es\\\/tienda\\\/\"},{\"@type\":\"ListItem\",\"position\":3,\"name\":\"2-way motor ball valve 3-wire &#8211; electric ball valve 220V two-way motor valve 1\\\/2 3\\\/4 1 1-1\\\/4 1-1\\\/2 2 inches\"}]},{\"@type\":\"WebSite\",\"@id\":\"https:\\\/\\\/induzon.com\\\/es\\\/#website\",\"url\":\"https:\\\/\\\/induzon.com\\\/es\\\/\",\"name\":\"induzon\",\"description\":\"\",\"publisher\":{\"@id\":\"https:\\\/\\\/induzon.com\\\/es\\\/#organization\"},\"potentialAction\":[{\"@type\":\"SearchAction\",\"target\":{\"@type\":\"EntryPoint\",\"urlTemplate\":\"https:\\\/\\\/induzon.com\\\/es\\\/?s={search_term_string}\"},\"query-input\":{\"@type\":\"PropertyValueSpecification\",\"valueRequired\":true,\"valueName\":\"search_term_string\"}}],\"inLanguage\":\"es\"},{\"@type\":\"Organization\",\"@id\":\"https:\\\/\\\/induzon.com\\\/es\\\/#organization\",\"name\":\"induzon\",\"url\":\"https:\\\/\\\/induzon.com\\\/es\\\/\",\"logo\":{\"@type\":\"ImageObject\",\"inLanguage\":\"es\",\"@id\":\"https:\\\/\\\/induzon.com\\\/es\\\/#\\\/schema\\\/logo\\\/image\\\/\",\"url\":\"https:\\\/\\\/induzon.com\\\/wp-content\\\/uploads\\\/2025\\\/05\\\/cropped-026.png\",\"contentUrl\":\"https:\\\/\\\/induzon.com\\\/wp-content\\\/uploads\\\/2025\\\/05\\\/cropped-026.png\",\"width\":512,\"height\":512,\"caption\":\"induzon\"},\"image\":{\"@id\":\"https:\\\/\\\/induzon.com\\\/es\\\/#\\\/schema\\\/logo\\\/image\\\/\"}}]}<\/script>\r\n<!-- \/ Yoast SEO plugin. -->","yoast_head_json":{"title":"V\u00e1lvula de bola motorizada 2 v\u00edas 220V 3 hilos 1\/2 3\/4 1 1 1\/4 1 1\/2 2 pulgadas","description":"V\u00e1lvula de bola motorizada 2 v\u00edas 220V 3 hilos. Medidas 1\/2 a 2 pulgadas. Perfecta para climatizaci\u00f3n y control de fluidos. Env\u00edo r\u00e1pido y calidad.","robots":{"index":"index","follow":"follow","max-snippet":"max-snippet:-1","max-image-preview":"max-image-preview:large","max-video-preview":"max-video-preview:-1"},"canonical":"https:\/\/induzon.com\/es\/producto\/2-way-motor-ball-valve-3-wire-electric-ball-valve-220v-two-way-motor-valve-1-2-3-4-1-1-1-4-1-1-2-2-inches\/","og_locale":"es_ES","og_type":"article","og_title":"V\u00e1lvula de bola motorizada 2 v\u00edas 220V 3 hilos 1\/2 3\/4 1 1 1\/4 1 1\/2 2 pulgadas","og_description":"V\u00e1lvula de bola motorizada 2 v\u00edas 220V 3 hilos. Medidas 1\/2 a 2 pulgadas. Perfecta para climatizaci\u00f3n y control de fluidos. Env\u00edo r\u00e1pido y calidad.","og_url":"https:\/\/induzon.com\/es\/producto\/2-way-motor-ball-valve-3-wire-electric-ball-valve-220v-two-way-motor-valve-1-2-3-4-1-1-1-4-1-1-2-2-inches\/","og_site_name":"induzon","og_image":[{"width":1500,"height":1500,"url":"https:\/\/induzon.com\/wp-content\/uploads\/2026\/04\/\u56fe-1-2.jpg","type":"image\/jpeg"}],"twitter_card":"summary_large_image","schema":{"@context":"https:\/\/schema.org","@graph":[{"@type":"WebPage","@id":"https:\/\/induzon.com\/es\/producto\/2-way-motor-ball-valve-3-wire-electric-ball-valve-220v-two-way-motor-valve-1-2-3-4-1-1-1-4-1-1-2-2-inches\/","url":"https:\/\/induzon.com\/es\/producto\/2-way-motor-ball-valve-3-wire-electric-ball-valve-220v-two-way-motor-valve-1-2-3-4-1-1-1-4-1-1-2-2-inches\/","name":"V\u00e1lvula de bola motorizada 2 v\u00edas 220V 3 hilos 1\/2 3\/4 1 1 1\/4 1 1\/2 2 pulgadas","isPartOf":{"@id":"https:\/\/induzon.com\/es\/#website"},"primaryImageOfPage":{"@id":"https:\/\/induzon.com\/es\/producto\/2-way-motor-ball-valve-3-wire-electric-ball-valve-220v-two-way-motor-valve-1-2-3-4-1-1-1-4-1-1-2-2-inches\/#primaryimage"},"image":{"@id":"https:\/\/induzon.com\/es\/producto\/2-way-motor-ball-valve-3-wire-electric-ball-valve-220v-two-way-motor-valve-1-2-3-4-1-1-1-4-1-1-2-2-inches\/#primaryimage"},"thumbnailUrl":"https:\/\/induzon.com\/wp-content\/uploads\/2026\/04\/\u56fe-1-2.jpg","datePublished":"2026-04-28T03:06:17+00:00","description":"V\u00e1lvula de bola motorizada 2 v\u00edas 220V 3 hilos. Medidas 1\/2 a 2 pulgadas. Perfecta para climatizaci\u00f3n y control de fluidos. Env\u00edo r\u00e1pido y calidad.","breadcrumb":{"@id":"https:\/\/induzon.com\/es\/producto\/2-way-motor-ball-valve-3-wire-electric-ball-valve-220v-two-way-motor-valve-1-2-3-4-1-1-1-4-1-1-2-2-inches\/#breadcrumb"},"inLanguage":"es","potentialAction":[{"@type":"ReadAction","target":["https:\/\/induzon.com\/es\/producto\/2-way-motor-ball-valve-3-wire-electric-ball-valve-220v-two-way-motor-valve-1-2-3-4-1-1-1-4-1-1-2-2-inches\/"]}]},{"@type":"ImageObject","inLanguage":"es","@id":"https:\/\/induzon.com\/es\/producto\/2-way-motor-ball-valve-3-wire-electric-ball-valve-220v-two-way-motor-valve-1-2-3-4-1-1-1-4-1-1-2-2-inches\/#primaryimage","url":"https:\/\/induzon.com\/wp-content\/uploads\/2026\/04\/\u56fe-1-2.jpg","contentUrl":"https:\/\/induzon.com\/wp-content\/uploads\/2026\/04\/\u56fe-1-2.jpg","width":1500,"height":1500,"caption":"2-way motor ball valve 5V 12V 24V 3-wire \u2013 electric ball valve 220V two-way motor valve 1\/2 3\/4 1 1-1\/4 1-1\/2 2 inches"},{"@type":"BreadcrumbList","@id":"https:\/\/induzon.com\/es\/producto\/2-way-motor-ball-valve-3-wire-electric-ball-valve-220v-two-way-motor-valve-1-2-3-4-1-1-1-4-1-1-2-2-inches\/#breadcrumb","itemListElement":[{"@type":"ListItem","position":1,"name":"\u9996\u9875","item":"https:\/\/induzon.com\/es\/"},{"@type":"ListItem","position":2,"name":"Tienda","item":"https:\/\/induzon.com\/es\/tienda\/"},{"@type":"ListItem","position":3,"name":"2-way motor ball valve 3-wire &#8211; electric ball valve 220V two-way motor valve 1\/2 3\/4 1 1-1\/4 1-1\/2 2 inches"}]},{"@type":"WebSite","@id":"https:\/\/induzon.com\/es\/#website","url":"https:\/\/induzon.com\/es\/","name":"induzon","description":"","publisher":{"@id":"https:\/\/induzon.com\/es\/#organization"},"potentialAction":[{"@type":"SearchAction","target":{"@type":"EntryPoint","urlTemplate":"https:\/\/induzon.com\/es\/?s={search_term_string}"},"query-input":{"@type":"PropertyValueSpecification","valueRequired":true,"valueName":"search_term_string"}}],"inLanguage":"es"},{"@type":"Organization","@id":"https:\/\/induzon.com\/es\/#organization","name":"induzon","url":"https:\/\/induzon.com\/es\/","logo":{"@type":"ImageObject","inLanguage":"es","@id":"https:\/\/induzon.com\/es\/#\/schema\/logo\/image\/","url":"https:\/\/induzon.com\/wp-content\/uploads\/2025\/05\/cropped-026.png","contentUrl":"https:\/\/induzon.com\/wp-content\/uploads\/2025\/05\/cropped-026.png","width":512,"height":512,"caption":"induzon"},"image":{"@id":"https:\/\/induzon.com\/es\/#\/schema\/logo\/image\/"}}]}},"_links":{"self":[{"href":"https:\/\/induzon.com\/es\/wp-json\/wp\/v2\/product\/38223","targetHints":{"allow":["GET"]}}],"collection":[{"href":"https:\/\/induzon.com\/es\/wp-json\/wp\/v2\/product"}],"about":[{"href":"https:\/\/induzon.com\/es\/wp-json\/wp\/v2\/types\/product"}],"replies":[{"embeddable":true,"href":"https:\/\/induzon.com\/es\/wp-json\/wp\/v2\/comments?post=38223"}],"version-history":[{"count":0,"href":"https:\/\/induzon.com\/es\/wp-json\/wp\/v2\/product\/38223\/revisions"}],"wp:featuredmedia":[{"embeddable":true,"href":"https:\/\/induzon.com\/es\/wp-json\/wp\/v2\/media\/38012"}],"wp:attachment":[{"href":"https:\/\/induzon.com\/es\/wp-json\/wp\/v2\/media?parent=38223"}],"wp:term":[{"taxonomy":"product_brand","embeddable":true,"href":"https:\/\/induzon.com\/es\/wp-json\/wp\/v2\/product_brand?post=38223"},{"taxonomy":"product_cat","embeddable":true,"href":"https:\/\/induzon.com\/es\/wp-json\/wp\/v2\/product_cat?post=38223"},{"taxonomy":"product_tag","embeddable":true,"href":"https:\/\/induzon.com\/es\/wp-json\/wp\/v2\/product_tag?post=38223"}],"curies":[{"name":"wp","href":"https:\/\/api.w.org\/{rel}","templated":true}]}}