{"id":6413,"date":"2025-04-25T14:16:00","date_gmt":"2025-04-25T06:16:00","guid":{"rendered":"https:\/\/induzon.com\/shop\/colector-polvo-750w-para-taller-sierra-de-mesa-y-carpinteria-portatil-extractor-obra-aspiradora-horizontal-sistema-extraccion-virutas-madera-con-bolsa-filtro-manguera-campana-madera-industrial\/"},"modified":"2026-01-12T13:51:56","modified_gmt":"2026-01-12T05:51:56","slug":"colector-polvo-750w-para-taller-sierra-de-mesa-y-carpinteria-portatil-extractor-obra-aspiradora-horizontal-sistema-extraccion-virutas-madera-con-bolsa-filtro-manguera-campana-madera-industrial","status":"publish","type":"product","link":"https:\/\/induzon.com\/es\/producto\/colector-polvo-750w-para-taller-sierra-de-mesa-y-carpinteria-portatil-extractor-obra-aspiradora-horizontal-sistema-extraccion-virutas-madera-con-bolsa-filtro-manguera-campana-madera-industrial\/","title":{"rendered":"Colector polvo 750w para taller sierra de mesa y carpinter\u00eda port\u00e1til extractor obra aspiradora horizontal sistema extracci\u00f3n virutas madera con bolsa filtro manguera campana madera industrial"},"content":{"rendered":"<p>1.Potente Aspiradora de Carpinter\u00eda: Equipada con un motor de alta eficiencia, ideal para talleres de madera y uso dom\u00e9stico. Perfecta para mantener su espacio de trabajo limpio.<br \/>\n2.Funcionalidad Vers\u00e1til: Dise\u00f1ada para trabajar con sierras circulares, amoladoras y taladros. Incluye una manguera flexible para una mayor facilidad de uso y alcance.<br \/>\n3.Dise\u00f1o Port\u00e1til: Compacta y ligera, esta aspiradora de polvo puede moverse f\u00e1cilmente entre diferentes ubicaciones. Ideal para profesionales y aficionados que valoran la movilidad.<br \/>\n4.Calidad Superior: Fabricada con materiales resistentes y duraderos. Incluye una bolsa de polvo de gran capacidad para minimizar el tiempo de vaciado y maximizar la eficiencia.<br \/>\n5.Soluci\u00f3n Efectiva de Limpieza: Ofrece una soluci\u00f3n pr\u00e1ctica para el control de polvo y virutas en talleres de carpinter\u00eda. Ayuda a mantener un ambiente de trabajo m\u00e1s saludable y seguro.<\/p>\n","protected":false},"excerpt":{"rendered":"<p>1.Potente Aspiradora de Carpinter\u00eda: Equipada con un motor de alta eficiencia, ideal para talleres de madera y uso dom\u00e9stico. Perfecta [&hellip;]<\/p>\n","protected":false},"featured_media":6294,"comment_status":"open","ping_status":"closed","template":"","meta":{"site-sidebar-layout":"default","site-content-layout":"","ast-site-content-layout":"default","site-content-style":"default","site-sidebar-style":"default","ast-global-header-display":"","ast-banner-title-visibility":"","ast-main-header-display":"","ast-hfb-above-header-display":"","ast-hfb-below-header-display":"","ast-hfb-mobile-header-display":"","site-post-title":"","ast-breadcrumbs-content":"","ast-featured-img":"","footer-sml-layout":"","theme-transparent-header-meta":"default","adv-header-id-meta":"","stick-header-meta":"","header-above-stick-meta":"","header-main-stick-meta":"","header-below-stick-meta":"","astra-migrate-meta-layouts":"set","ast-page-background-enabled":"default","ast-page-background-meta":{"desktop":{"background-color":"var(--ast-global-color-4)","background-image":"","background-repeat":"repeat","background-position":"center center","background-size":"auto","background-attachment":"scroll","background-type":"","background-media":"","overlay-type":"","overlay-color":"","overlay-opacity":"","overlay-gradient":""},"tablet":{"background-color":"","background-image":"","background-repeat":"repeat","background-position":"center center","background-size":"auto","background-attachment":"scroll","background-type":"","background-media":"","overlay-type":"","overlay-color":"","overlay-opacity":"","overlay-gradient":""},"mobile":{"background-color":"","background-image":"","background-repeat":"repeat","background-position":"center center","background-size":"auto","background-attachment":"scroll","background-type":"","background-media":"","overlay-type":"","overlay-color":"","overlay-opacity":"","overlay-gradient":""}},"ast-content-background-meta":{"desktop":{"background-color":"var(--ast-global-color-5)","background-image":"","background-repeat":"repeat","background-position":"center center","background-size":"auto","background-attachment":"scroll","background-type":"","background-media":"","overlay-type":"","overlay-color":"","overlay-opacity":"","overlay-gradient":""},"tablet":{"background-color":"var(--ast-global-color-5)","background-image":"","background-repeat":"repeat","background-position":"center center","background-size":"auto","background-attachment":"scroll","background-type":"","background-media":"","overlay-type":"","overlay-color":"","overlay-opacity":"","overlay-gradient":""},"mobile":{"background-color":"var(--ast-global-color-5)","background-image":"","background-repeat":"repeat","background-position":"center center","background-size":"auto","background-attachment":"scroll","background-type":"","background-media":"","overlay-type":"","overlay-color":"","overlay-opacity":"","overlay-gradient":""}}},"product_brand":[],"product_cat":[752,749,750,751],"product_tag":[753],"class_list":{"0":"post-6413","1":"product","2":"type-product","3":"status-publish","4":"has-post-thumbnail","6":"product_cat-aspirador-industrial","7":"product_cat-herramientas-de-hardware","8":"product_cat-herramientas-para-trabajar-la-madera","9":"product_cat-limpieza-del-hogar","10":"product_tag-recogida-de-polvo","11":"desktop-align-left","12":"tablet-align-left","13":"mobile-align-left","15":"first","16":"instock","17":"sale","18":"shipping-taxable","19":"purchasable","20":"product-type-simple"},"yoast_head":"<!-- This site is optimized with the Yoast SEO plugin v24.9 - https:\/\/yoast.com\/wordpress\/plugins\/seo\/ -->\r\n<title>Colector polvo 750w para taller sierra de mesa -Induzon<\/title>\r\n<meta name=\"description\" content=\"Uppt\u00e4ck v\u00e5ra industriella dammsamlare, filter och sugmaskiner f\u00f6r snickeri. HEPA-filter och cyklonfilter f\u00f6r renare luft i verkstaden.\" \/>\r\n<meta name=\"robots\" content=\"index, follow, max-snippet:-1, max-image-preview:large, max-video-preview:-1\" \/>\r\n<link rel=\"canonical\" href=\"https:\/\/induzon.com\/es\/producto\/colector-polvo-750w-para-taller-sierra-de-mesa-y-carpinteria-portatil-extractor-obra-aspiradora-horizontal-sistema-extraccion-virutas-madera-con-bolsa-filtro-manguera-campana-madera-industrial\/\" \/>\r\n<meta property=\"og:locale\" content=\"es_ES\" \/>\r\n<meta property=\"og:type\" content=\"article\" \/>\r\n<meta property=\"og:title\" content=\"Colector polvo 750w para taller sierra de mesa -Induzon\" \/>\r\n<meta property=\"og:description\" content=\"Uppt\u00e4ck v\u00e5ra industriella dammsamlare, filter och sugmaskiner f\u00f6r snickeri. HEPA-filter och cyklonfilter f\u00f6r renare luft i verkstaden.\" \/>\r\n<meta property=\"og:url\" content=\"https:\/\/induzon.com\/es\/producto\/colector-polvo-750w-para-taller-sierra-de-mesa-y-carpinteria-portatil-extractor-obra-aspiradora-horizontal-sistema-extraccion-virutas-madera-con-bolsa-filtro-manguera-campana-madera-industrial\/\" \/>\r\n<meta property=\"og:site_name\" content=\"induzon\" \/>\r\n<meta property=\"article:modified_time\" content=\"2026-01-12T05:51:56+00:00\" \/>\r\n<meta property=\"og:image\" content=\"https:\/\/induzon.com\/wp-content\/uploads\/2025\/04\/\u56fe-1.jpg\" \/>\r\n\t<meta property=\"og:image:width\" content=\"1500\" \/>\r\n\t<meta property=\"og:image:height\" content=\"1500\" \/>\r\n\t<meta property=\"og:image:type\" content=\"image\/jpeg\" \/>\r\n<meta name=\"twitter:card\" content=\"summary_large_image\" \/>\r\n<meta name=\"twitter:label1\" content=\"Tiempo de lectura\" \/>\n\t<meta name=\"twitter:data1\" content=\"1 minuto\" \/>\r\n<script type=\"application\/ld+json\" class=\"yoast-schema-graph\">{\"@context\":\"https:\/\/schema.org\",\"@graph\":[{\"@type\":\"WebPage\",\"@id\":\"https:\/\/induzon.com\/es\/producto\/colector-polvo-750w-para-taller-sierra-de-mesa-y-carpinteria-portatil-extractor-obra-aspiradora-horizontal-sistema-extraccion-virutas-madera-con-bolsa-filtro-manguera-campana-madera-industrial\/\",\"url\":\"https:\/\/induzon.com\/es\/producto\/colector-polvo-750w-para-taller-sierra-de-mesa-y-carpinteria-portatil-extractor-obra-aspiradora-horizontal-sistema-extraccion-virutas-madera-con-bolsa-filtro-manguera-campana-madera-industrial\/\",\"name\":\"Colector polvo 750w para taller sierra de mesa -Induzon\",\"isPartOf\":{\"@id\":\"https:\/\/induzon.com\/es\/#website\"},\"primaryImageOfPage\":{\"@id\":\"https:\/\/induzon.com\/es\/producto\/colector-polvo-750w-para-taller-sierra-de-mesa-y-carpinteria-portatil-extractor-obra-aspiradora-horizontal-sistema-extraccion-virutas-madera-con-bolsa-filtro-manguera-campana-madera-industrial\/#primaryimage\"},\"image\":{\"@id\":\"https:\/\/induzon.com\/es\/producto\/colector-polvo-750w-para-taller-sierra-de-mesa-y-carpinteria-portatil-extractor-obra-aspiradora-horizontal-sistema-extraccion-virutas-madera-con-bolsa-filtro-manguera-campana-madera-industrial\/#primaryimage\"},\"thumbnailUrl\":\"https:\/\/induzon.com\/wp-content\/uploads\/2025\/04\/\u56fe-1.jpg\",\"datePublished\":\"2025-04-25T06:16:00+00:00\",\"dateModified\":\"2026-01-12T05:51:56+00:00\",\"description\":\"Uppt\u00e4ck v\u00e5ra industriella dammsamlare, filter och sugmaskiner f\u00f6r snickeri. HEPA-filter och cyklonfilter f\u00f6r renare luft i verkstaden.\",\"breadcrumb\":{\"@id\":\"https:\/\/induzon.com\/es\/producto\/colector-polvo-750w-para-taller-sierra-de-mesa-y-carpinteria-portatil-extractor-obra-aspiradora-horizontal-sistema-extraccion-virutas-madera-con-bolsa-filtro-manguera-campana-madera-industrial\/#breadcrumb\"},\"inLanguage\":\"es\",\"potentialAction\":[{\"@type\":\"ReadAction\",\"target\":[\"https:\/\/induzon.com\/es\/producto\/colector-polvo-750w-para-taller-sierra-de-mesa-y-carpinteria-portatil-extractor-obra-aspiradora-horizontal-sistema-extraccion-virutas-madera-con-bolsa-filtro-manguera-campana-madera-industrial\/\"]}]},{\"@type\":\"ImageObject\",\"inLanguage\":\"es\",\"@id\":\"https:\/\/induzon.com\/es\/producto\/colector-polvo-750w-para-taller-sierra-de-mesa-y-carpinteria-portatil-extractor-obra-aspiradora-horizontal-sistema-extraccion-virutas-madera-con-bolsa-filtro-manguera-campana-madera-industrial\/#primaryimage\",\"url\":\"https:\/\/induzon.com\/wp-content\/uploads\/2025\/04\/\u56fe-1.jpg\",\"contentUrl\":\"https:\/\/induzon.com\/wp-content\/uploads\/2025\/04\/\u56fe-1.jpg\",\"width\":1500,\"height\":1500,\"caption\":\"Colector polvo 750w para taller sierra de mesa\"},{\"@type\":\"BreadcrumbList\",\"@id\":\"https:\/\/induzon.com\/es\/producto\/colector-polvo-750w-para-taller-sierra-de-mesa-y-carpinteria-portatil-extractor-obra-aspiradora-horizontal-sistema-extraccion-virutas-madera-con-bolsa-filtro-manguera-campana-madera-industrial\/#breadcrumb\",\"itemListElement\":[{\"@type\":\"ListItem\",\"position\":1,\"name\":\"\u9996\u9875\",\"item\":\"https:\/\/induzon.com\/es\/\"},{\"@type\":\"ListItem\",\"position\":2,\"name\":\"Tienda\",\"item\":\"https:\/\/induzon.com\/es\/tienda\/\"},{\"@type\":\"ListItem\",\"position\":3,\"name\":\"Colector polvo 750w para taller sierra de mesa y carpinter\u00eda port\u00e1til extractor obra aspiradora horizontal sistema extracci\u00f3n virutas madera con bolsa filtro manguera campana madera industrial\"}]},{\"@type\":\"WebSite\",\"@id\":\"https:\/\/induzon.com\/es\/#website\",\"url\":\"https:\/\/induzon.com\/es\/\",\"name\":\"induzon\",\"description\":\"\",\"publisher\":{\"@id\":\"https:\/\/induzon.com\/es\/#organization\"},\"potentialAction\":[{\"@type\":\"SearchAction\",\"target\":{\"@type\":\"EntryPoint\",\"urlTemplate\":\"https:\/\/induzon.com\/es\/?s={search_term_string}\"},\"query-input\":{\"@type\":\"PropertyValueSpecification\",\"valueRequired\":true,\"valueName\":\"search_term_string\"}}],\"inLanguage\":\"es\"},{\"@type\":\"Organization\",\"@id\":\"https:\/\/induzon.com\/es\/#organization\",\"name\":\"induzon\",\"url\":\"https:\/\/induzon.com\/es\/\",\"logo\":{\"@type\":\"ImageObject\",\"inLanguage\":\"es\",\"@id\":\"https:\/\/induzon.com\/es\/#\/schema\/logo\/image\/\",\"url\":\"https:\/\/induzon.com\/wp-content\/uploads\/2025\/05\/cropped-026.png\",\"contentUrl\":\"https:\/\/induzon.com\/wp-content\/uploads\/2025\/05\/cropped-026.png\",\"width\":512,\"height\":512,\"caption\":\"induzon\"},\"image\":{\"@id\":\"https:\/\/induzon.com\/es\/#\/schema\/logo\/image\/\"}}]}<\/script>\r\n<!-- \/ Yoast SEO plugin. -->","yoast_head_json":{"title":"Colector polvo 750w para taller sierra de mesa -Induzon","description":"Uppt\u00e4ck v\u00e5ra industriella dammsamlare, filter och sugmaskiner f\u00f6r snickeri. HEPA-filter och cyklonfilter f\u00f6r renare luft i verkstaden.","robots":{"index":"index","follow":"follow","max-snippet":"max-snippet:-1","max-image-preview":"max-image-preview:large","max-video-preview":"max-video-preview:-1"},"canonical":"https:\/\/induzon.com\/es\/producto\/colector-polvo-750w-para-taller-sierra-de-mesa-y-carpinteria-portatil-extractor-obra-aspiradora-horizontal-sistema-extraccion-virutas-madera-con-bolsa-filtro-manguera-campana-madera-industrial\/","og_locale":"es_ES","og_type":"article","og_title":"Colector polvo 750w para taller sierra de mesa -Induzon","og_description":"Uppt\u00e4ck v\u00e5ra industriella dammsamlare, filter och sugmaskiner f\u00f6r snickeri. HEPA-filter och cyklonfilter f\u00f6r renare luft i verkstaden.","og_url":"https:\/\/induzon.com\/es\/producto\/colector-polvo-750w-para-taller-sierra-de-mesa-y-carpinteria-portatil-extractor-obra-aspiradora-horizontal-sistema-extraccion-virutas-madera-con-bolsa-filtro-manguera-campana-madera-industrial\/","og_site_name":"induzon","article_modified_time":"2026-01-12T05:51:56+00:00","og_image":[{"width":1500,"height":1500,"url":"https:\/\/induzon.com\/wp-content\/uploads\/2025\/04\/\u56fe-1.jpg","type":"image\/jpeg"}],"twitter_card":"summary_large_image","twitter_misc":{"Tiempo de lectura":"1 minuto"},"schema":{"@context":"https:\/\/schema.org","@graph":[{"@type":"WebPage","@id":"https:\/\/induzon.com\/es\/producto\/colector-polvo-750w-para-taller-sierra-de-mesa-y-carpinteria-portatil-extractor-obra-aspiradora-horizontal-sistema-extraccion-virutas-madera-con-bolsa-filtro-manguera-campana-madera-industrial\/","url":"https:\/\/induzon.com\/es\/producto\/colector-polvo-750w-para-taller-sierra-de-mesa-y-carpinteria-portatil-extractor-obra-aspiradora-horizontal-sistema-extraccion-virutas-madera-con-bolsa-filtro-manguera-campana-madera-industrial\/","name":"Colector polvo 750w para taller sierra de mesa -Induzon","isPartOf":{"@id":"https:\/\/induzon.com\/es\/#website"},"primaryImageOfPage":{"@id":"https:\/\/induzon.com\/es\/producto\/colector-polvo-750w-para-taller-sierra-de-mesa-y-carpinteria-portatil-extractor-obra-aspiradora-horizontal-sistema-extraccion-virutas-madera-con-bolsa-filtro-manguera-campana-madera-industrial\/#primaryimage"},"image":{"@id":"https:\/\/induzon.com\/es\/producto\/colector-polvo-750w-para-taller-sierra-de-mesa-y-carpinteria-portatil-extractor-obra-aspiradora-horizontal-sistema-extraccion-virutas-madera-con-bolsa-filtro-manguera-campana-madera-industrial\/#primaryimage"},"thumbnailUrl":"https:\/\/induzon.com\/wp-content\/uploads\/2025\/04\/\u56fe-1.jpg","datePublished":"2025-04-25T06:16:00+00:00","dateModified":"2026-01-12T05:51:56+00:00","description":"Uppt\u00e4ck v\u00e5ra industriella dammsamlare, filter och sugmaskiner f\u00f6r snickeri. HEPA-filter och cyklonfilter f\u00f6r renare luft i verkstaden.","breadcrumb":{"@id":"https:\/\/induzon.com\/es\/producto\/colector-polvo-750w-para-taller-sierra-de-mesa-y-carpinteria-portatil-extractor-obra-aspiradora-horizontal-sistema-extraccion-virutas-madera-con-bolsa-filtro-manguera-campana-madera-industrial\/#breadcrumb"},"inLanguage":"es","potentialAction":[{"@type":"ReadAction","target":["https:\/\/induzon.com\/es\/producto\/colector-polvo-750w-para-taller-sierra-de-mesa-y-carpinteria-portatil-extractor-obra-aspiradora-horizontal-sistema-extraccion-virutas-madera-con-bolsa-filtro-manguera-campana-madera-industrial\/"]}]},{"@type":"ImageObject","inLanguage":"es","@id":"https:\/\/induzon.com\/es\/producto\/colector-polvo-750w-para-taller-sierra-de-mesa-y-carpinteria-portatil-extractor-obra-aspiradora-horizontal-sistema-extraccion-virutas-madera-con-bolsa-filtro-manguera-campana-madera-industrial\/#primaryimage","url":"https:\/\/induzon.com\/wp-content\/uploads\/2025\/04\/\u56fe-1.jpg","contentUrl":"https:\/\/induzon.com\/wp-content\/uploads\/2025\/04\/\u56fe-1.jpg","width":1500,"height":1500,"caption":"Colector polvo 750w para taller sierra de mesa"},{"@type":"BreadcrumbList","@id":"https:\/\/induzon.com\/es\/producto\/colector-polvo-750w-para-taller-sierra-de-mesa-y-carpinteria-portatil-extractor-obra-aspiradora-horizontal-sistema-extraccion-virutas-madera-con-bolsa-filtro-manguera-campana-madera-industrial\/#breadcrumb","itemListElement":[{"@type":"ListItem","position":1,"name":"\u9996\u9875","item":"https:\/\/induzon.com\/es\/"},{"@type":"ListItem","position":2,"name":"Tienda","item":"https:\/\/induzon.com\/es\/tienda\/"},{"@type":"ListItem","position":3,"name":"Colector polvo 750w para taller sierra de mesa y carpinter\u00eda port\u00e1til extractor obra aspiradora horizontal sistema extracci\u00f3n virutas madera con bolsa filtro manguera campana madera industrial"}]},{"@type":"WebSite","@id":"https:\/\/induzon.com\/es\/#website","url":"https:\/\/induzon.com\/es\/","name":"induzon","description":"","publisher":{"@id":"https:\/\/induzon.com\/es\/#organization"},"potentialAction":[{"@type":"SearchAction","target":{"@type":"EntryPoint","urlTemplate":"https:\/\/induzon.com\/es\/?s={search_term_string}"},"query-input":{"@type":"PropertyValueSpecification","valueRequired":true,"valueName":"search_term_string"}}],"inLanguage":"es"},{"@type":"Organization","@id":"https:\/\/induzon.com\/es\/#organization","name":"induzon","url":"https:\/\/induzon.com\/es\/","logo":{"@type":"ImageObject","inLanguage":"es","@id":"https:\/\/induzon.com\/es\/#\/schema\/logo\/image\/","url":"https:\/\/induzon.com\/wp-content\/uploads\/2025\/05\/cropped-026.png","contentUrl":"https:\/\/induzon.com\/wp-content\/uploads\/2025\/05\/cropped-026.png","width":512,"height":512,"caption":"induzon"},"image":{"@id":"https:\/\/induzon.com\/es\/#\/schema\/logo\/image\/"}}]}},"_links":{"self":[{"href":"https:\/\/induzon.com\/es\/wp-json\/wp\/v2\/product\/6413","targetHints":{"allow":["GET"]}}],"collection":[{"href":"https:\/\/induzon.com\/es\/wp-json\/wp\/v2\/product"}],"about":[{"href":"https:\/\/induzon.com\/es\/wp-json\/wp\/v2\/types\/product"}],"replies":[{"embeddable":true,"href":"https:\/\/induzon.com\/es\/wp-json\/wp\/v2\/comments?post=6413"}],"version-history":[{"count":1,"href":"https:\/\/induzon.com\/es\/wp-json\/wp\/v2\/product\/6413\/revisions"}],"predecessor-version":[{"id":28251,"href":"https:\/\/induzon.com\/es\/wp-json\/wp\/v2\/product\/6413\/revisions\/28251"}],"wp:featuredmedia":[{"embeddable":true,"href":"https:\/\/induzon.com\/es\/wp-json\/wp\/v2\/media\/6294"}],"wp:attachment":[{"href":"https:\/\/induzon.com\/es\/wp-json\/wp\/v2\/media?parent=6413"}],"wp:term":[{"taxonomy":"product_brand","embeddable":true,"href":"https:\/\/induzon.com\/es\/wp-json\/wp\/v2\/product_brand?post=6413"},{"taxonomy":"product_cat","embeddable":true,"href":"https:\/\/induzon.com\/es\/wp-json\/wp\/v2\/product_cat?post=6413"},{"taxonomy":"product_tag","embeddable":true,"href":"https:\/\/induzon.com\/es\/wp-json\/wp\/v2\/product_tag?post=6413"}],"curies":[{"name":"wp","href":"https:\/\/api.w.org\/{rel}","templated":true}]}}