{"id":6521,"date":"2025-04-28T13:10:26","date_gmt":"2025-04-28T05:10:26","guid":{"rendered":"https:\/\/induzon.com\/shop\/conjunto-desague-automatico-para-banera-con-sifon-para-bano-universal-con-rebosadero-tapon-de-pedal-tapon-click-clack-valvula-banheira-accesorios\/"},"modified":"2026-01-27T10:41:50","modified_gmt":"2026-01-27T02:41:50","slug":"conjunto-desague-automatico-para-banera-con-sifon-para-bano-universal-con-rebosadero-tapon-de-pedal-tapon-click-clack-valvula-banheira-accesorios","status":"publish","type":"product","link":"https:\/\/induzon.com\/es\/producto\/conjunto-desague-automatico-para-banera-con-sifon-para-bano-universal-con-rebosadero-tapon-de-pedal-tapon-click-clack-valvula-banheira-accesorios\/","title":{"rendered":"Conjunto desag\u00fce autom\u00e1tico para ba\u00f1era con sif\u00f3n para ba\u00f1o universal con rebosadero tap\u00f3n de pedal tap\u00f3n click clack v\u00e1lvula banheira accesorios"},"content":{"rendered":"<p>1.Dise\u00f1o \u00danico: Desag\u00fce de Ba\u00f1era con Pedal, incluye manguera y tap\u00f3n, ideal para ba\u00f1os modernos.<br \/>\n2.Funcionalidad Avanzada: Sistema Click Clack y rebosadero integrado, facilita el vaciado del agua sin esfuerzo.<br \/>\n3.Calidad Superior: Fabricado con materiales duraderos, ofrece una soluci\u00f3n confiable y est\u00e9tica para su ba\u00f1era.<br \/>\n4.Ventaja Competitiva: Comparado con otros productos, este kit de desag\u00fce autom\u00e1tico garantiza una instalaci\u00f3n sencilla y eficiente.<br \/>\n5.Instrucciones Claras: Instalaci\u00f3n f\u00e1cil con instrucciones detalladas, asegura un uso correcto y prolonga la vida \u00fatil del producto.<\/p>\n","protected":false},"excerpt":{"rendered":"<p>1.Dise\u00f1o \u00danico: Desag\u00fce de Ba\u00f1era con Pedal, incluye manguera y tap\u00f3n, ideal para ba\u00f1os modernos. 2.Funcionalidad Avanzada: Sistema Click Clack [&hellip;]<\/p>\n","protected":false},"featured_media":6514,"comment_status":"open","ping_status":"closed","template":"","meta":{"site-sidebar-layout":"default","site-content-layout":"","ast-site-content-layout":"default","site-content-style":"default","site-sidebar-style":"default","ast-global-header-display":"","ast-banner-title-visibility":"","ast-main-header-display":"","ast-hfb-above-header-display":"","ast-hfb-below-header-display":"","ast-hfb-mobile-header-display":"","site-post-title":"","ast-breadcrumbs-content":"","ast-featured-img":"","footer-sml-layout":"","theme-transparent-header-meta":"default","adv-header-id-meta":"","stick-header-meta":"","header-above-stick-meta":"","header-main-stick-meta":"","header-below-stick-meta":"","astra-migrate-meta-layouts":"set","ast-page-background-enabled":"default","ast-page-background-meta":{"desktop":{"background-color":"var(--ast-global-color-4)","background-image":"","background-repeat":"repeat","background-position":"center center","background-size":"auto","background-attachment":"scroll","background-type":"","background-media":"","overlay-type":"","overlay-color":"","overlay-opacity":"","overlay-gradient":""},"tablet":{"background-color":"","background-image":"","background-repeat":"repeat","background-position":"center center","background-size":"auto","background-attachment":"scroll","background-type":"","background-media":"","overlay-type":"","overlay-color":"","overlay-opacity":"","overlay-gradient":""},"mobile":{"background-color":"","background-image":"","background-repeat":"repeat","background-position":"center center","background-size":"auto","background-attachment":"scroll","background-type":"","background-media":"","overlay-type":"","overlay-color":"","overlay-opacity":"","overlay-gradient":""}},"ast-content-background-meta":{"desktop":{"background-color":"var(--ast-global-color-5)","background-image":"","background-repeat":"repeat","background-position":"center center","background-size":"auto","background-attachment":"scroll","background-type":"","background-media":"","overlay-type":"","overlay-color":"","overlay-opacity":"","overlay-gradient":""},"tablet":{"background-color":"var(--ast-global-color-5)","background-image":"","background-repeat":"repeat","background-position":"center center","background-size":"auto","background-attachment":"scroll","background-type":"","background-media":"","overlay-type":"","overlay-color":"","overlay-opacity":"","overlay-gradient":""},"mobile":{"background-color":"var(--ast-global-color-5)","background-image":"","background-repeat":"repeat","background-position":"center center","background-size":"auto","background-attachment":"scroll","background-type":"","background-media":"","overlay-type":"","overlay-color":"","overlay-opacity":"","overlay-gradient":""}}},"product_brand":[],"product_cat":[826,800,801],"product_tag":[701],"class_list":{"0":"post-6521","1":"product","2":"type-product","3":"status-publish","4":"has-post-thumbnail","6":"product_cat-accesorios-de-bano","7":"product_cat-hogar-y-cocina","8":"product_cat-reparacion-de-baneras","9":"product_tag-equipos-de-limpieza-domestica","10":"desktop-align-left","11":"tablet-align-left","12":"mobile-align-left","14":"first","15":"instock","16":"sale","17":"shipping-taxable","18":"purchasable","19":"product-type-simple"},"yoast_head":"<!-- This site is optimized with the Yoast SEO plugin v24.9 - https:\/\/yoast.com\/wordpress\/plugins\/seo\/ -->\r\n<title>\u0421\u043b\u0438\u0432 \u0434\u043b\u044f \u0432\u0430\u043d\u043d\u044b \u0441 \u043f\u0435\u0434\u0430\u043b\u044c\u044e \u0434\u043b\u044f \u0441\u043b\u0438\u0432\u0430 \u0432\u0430\u043d\u043d\u044b \u043a\u043e\u043c\u043f\u043b\u0435\u043a\u0442 \u0434\u043b\u044f \u0432\u0430\u043d\u043d\u044b -Induzon<\/title>\r\n<meta name=\"description\" content=\"Desag\u00fce ba\u00f1era universal con rebosadero, v\u00e1lvula click-clack, tap\u00f3n autom\u00e1tico. Kit sif\u00f3n ducha, v\u00e1lvula drenaje a pedal.\" \/>\r\n<meta name=\"robots\" content=\"index, follow, max-snippet:-1, max-image-preview:large, max-video-preview:-1\" \/>\r\n<link rel=\"canonical\" href=\"https:\/\/induzon.com\/es\/producto\/conjunto-desague-automatico-para-banera-con-sifon-para-bano-universal-con-rebosadero-tapon-de-pedal-tapon-click-clack-valvula-banheira-accesorios\/\" \/>\r\n<meta property=\"og:locale\" content=\"es_ES\" \/>\r\n<meta property=\"og:type\" content=\"article\" \/>\r\n<meta property=\"og:title\" content=\"\u0421\u043b\u0438\u0432 \u0434\u043b\u044f \u0432\u0430\u043d\u043d\u044b \u0441 \u043f\u0435\u0434\u0430\u043b\u044c\u044e \u0434\u043b\u044f \u0441\u043b\u0438\u0432\u0430 \u0432\u0430\u043d\u043d\u044b \u043a\u043e\u043c\u043f\u043b\u0435\u043a\u0442 \u0434\u043b\u044f \u0432\u0430\u043d\u043d\u044b -Induzon\" \/>\r\n<meta property=\"og:description\" content=\"Desag\u00fce ba\u00f1era universal con rebosadero, v\u00e1lvula click-clack, tap\u00f3n autom\u00e1tico. Kit sif\u00f3n ducha, v\u00e1lvula drenaje a pedal.\" \/>\r\n<meta property=\"og:url\" content=\"https:\/\/induzon.com\/es\/producto\/conjunto-desague-automatico-para-banera-con-sifon-para-bano-universal-con-rebosadero-tapon-de-pedal-tapon-click-clack-valvula-banheira-accesorios\/\" \/>\r\n<meta property=\"og:site_name\" content=\"induzon\" \/>\r\n<meta property=\"article:modified_time\" content=\"2026-01-27T02:41:50+00:00\" \/>\r\n<meta property=\"og:image\" content=\"https:\/\/induzon.com\/wp-content\/uploads\/2025\/04\/6.jpg\" \/>\r\n\t<meta property=\"og:image:width\" content=\"1500\" \/>\r\n\t<meta property=\"og:image:height\" content=\"1500\" \/>\r\n\t<meta property=\"og:image:type\" content=\"image\/jpeg\" \/>\r\n<meta name=\"twitter:card\" content=\"summary_large_image\" \/>\r\n<meta name=\"twitter:label1\" content=\"Tiempo de lectura\" \/>\n\t<meta name=\"twitter:data1\" content=\"1 minuto\" \/>\r\n<script type=\"application\/ld+json\" class=\"yoast-schema-graph\">{\"@context\":\"https:\/\/schema.org\",\"@graph\":[{\"@type\":\"WebPage\",\"@id\":\"https:\/\/induzon.com\/es\/producto\/conjunto-desague-automatico-para-banera-con-sifon-para-bano-universal-con-rebosadero-tapon-de-pedal-tapon-click-clack-valvula-banheira-accesorios\/\",\"url\":\"https:\/\/induzon.com\/es\/producto\/conjunto-desague-automatico-para-banera-con-sifon-para-bano-universal-con-rebosadero-tapon-de-pedal-tapon-click-clack-valvula-banheira-accesorios\/\",\"name\":\"\u0421\u043b\u0438\u0432 \u0434\u043b\u044f \u0432\u0430\u043d\u043d\u044b \u0441 \u043f\u0435\u0434\u0430\u043b\u044c\u044e \u0434\u043b\u044f \u0441\u043b\u0438\u0432\u0430 \u0432\u0430\u043d\u043d\u044b \u043a\u043e\u043c\u043f\u043b\u0435\u043a\u0442 \u0434\u043b\u044f \u0432\u0430\u043d\u043d\u044b -Induzon\",\"isPartOf\":{\"@id\":\"https:\/\/induzon.com\/es\/#website\"},\"primaryImageOfPage\":{\"@id\":\"https:\/\/induzon.com\/es\/producto\/conjunto-desague-automatico-para-banera-con-sifon-para-bano-universal-con-rebosadero-tapon-de-pedal-tapon-click-clack-valvula-banheira-accesorios\/#primaryimage\"},\"image\":{\"@id\":\"https:\/\/induzon.com\/es\/producto\/conjunto-desague-automatico-para-banera-con-sifon-para-bano-universal-con-rebosadero-tapon-de-pedal-tapon-click-clack-valvula-banheira-accesorios\/#primaryimage\"},\"thumbnailUrl\":\"https:\/\/induzon.com\/wp-content\/uploads\/2025\/04\/6.jpg\",\"datePublished\":\"2025-04-28T05:10:26+00:00\",\"dateModified\":\"2026-01-27T02:41:50+00:00\",\"description\":\"Desag\u00fce ba\u00f1era universal con rebosadero, v\u00e1lvula click-clack, tap\u00f3n autom\u00e1tico. Kit sif\u00f3n ducha, v\u00e1lvula drenaje a pedal.\",\"breadcrumb\":{\"@id\":\"https:\/\/induzon.com\/es\/producto\/conjunto-desague-automatico-para-banera-con-sifon-para-bano-universal-con-rebosadero-tapon-de-pedal-tapon-click-clack-valvula-banheira-accesorios\/#breadcrumb\"},\"inLanguage\":\"es\",\"potentialAction\":[{\"@type\":\"ReadAction\",\"target\":[\"https:\/\/induzon.com\/es\/producto\/conjunto-desague-automatico-para-banera-con-sifon-para-bano-universal-con-rebosadero-tapon-de-pedal-tapon-click-clack-valvula-banheira-accesorios\/\"]}]},{\"@type\":\"ImageObject\",\"inLanguage\":\"es\",\"@id\":\"https:\/\/induzon.com\/es\/producto\/conjunto-desague-automatico-para-banera-con-sifon-para-bano-universal-con-rebosadero-tapon-de-pedal-tapon-click-clack-valvula-banheira-accesorios\/#primaryimage\",\"url\":\"https:\/\/induzon.com\/wp-content\/uploads\/2025\/04\/6.jpg\",\"contentUrl\":\"https:\/\/induzon.com\/wp-content\/uploads\/2025\/04\/6.jpg\",\"width\":1500,\"height\":1500,\"caption\":\"Desag\u00fce ba\u00f1era universal con rebosadero, v\u00e1lvula click-clack, tap\u00f3n autom\u00e1tico. Kit sif\u00f3n ducha, v\u00e1lvula drenaje a pedal.\"},{\"@type\":\"BreadcrumbList\",\"@id\":\"https:\/\/induzon.com\/es\/producto\/conjunto-desague-automatico-para-banera-con-sifon-para-bano-universal-con-rebosadero-tapon-de-pedal-tapon-click-clack-valvula-banheira-accesorios\/#breadcrumb\",\"itemListElement\":[{\"@type\":\"ListItem\",\"position\":1,\"name\":\"\u9996\u9875\",\"item\":\"https:\/\/induzon.com\/es\/\"},{\"@type\":\"ListItem\",\"position\":2,\"name\":\"Tienda\",\"item\":\"https:\/\/induzon.com\/es\/tienda\/\"},{\"@type\":\"ListItem\",\"position\":3,\"name\":\"Conjunto desag\u00fce autom\u00e1tico para ba\u00f1era con sif\u00f3n para ba\u00f1o universal con rebosadero tap\u00f3n de pedal tap\u00f3n click clack v\u00e1lvula banheira accesorios\"}]},{\"@type\":\"WebSite\",\"@id\":\"https:\/\/induzon.com\/es\/#website\",\"url\":\"https:\/\/induzon.com\/es\/\",\"name\":\"induzon\",\"description\":\"\",\"publisher\":{\"@id\":\"https:\/\/induzon.com\/es\/#organization\"},\"potentialAction\":[{\"@type\":\"SearchAction\",\"target\":{\"@type\":\"EntryPoint\",\"urlTemplate\":\"https:\/\/induzon.com\/es\/?s={search_term_string}\"},\"query-input\":{\"@type\":\"PropertyValueSpecification\",\"valueRequired\":true,\"valueName\":\"search_term_string\"}}],\"inLanguage\":\"es\"},{\"@type\":\"Organization\",\"@id\":\"https:\/\/induzon.com\/es\/#organization\",\"name\":\"induzon\",\"url\":\"https:\/\/induzon.com\/es\/\",\"logo\":{\"@type\":\"ImageObject\",\"inLanguage\":\"es\",\"@id\":\"https:\/\/induzon.com\/es\/#\/schema\/logo\/image\/\",\"url\":\"https:\/\/induzon.com\/wp-content\/uploads\/2025\/05\/cropped-026.png\",\"contentUrl\":\"https:\/\/induzon.com\/wp-content\/uploads\/2025\/05\/cropped-026.png\",\"width\":512,\"height\":512,\"caption\":\"induzon\"},\"image\":{\"@id\":\"https:\/\/induzon.com\/es\/#\/schema\/logo\/image\/\"}}]}<\/script>\r\n<!-- \/ Yoast SEO plugin. -->","yoast_head_json":{"title":"\u0421\u043b\u0438\u0432 \u0434\u043b\u044f \u0432\u0430\u043d\u043d\u044b \u0441 \u043f\u0435\u0434\u0430\u043b\u044c\u044e \u0434\u043b\u044f \u0441\u043b\u0438\u0432\u0430 \u0432\u0430\u043d\u043d\u044b \u043a\u043e\u043c\u043f\u043b\u0435\u043a\u0442 \u0434\u043b\u044f \u0432\u0430\u043d\u043d\u044b -Induzon","description":"Desag\u00fce ba\u00f1era universal con rebosadero, v\u00e1lvula click-clack, tap\u00f3n autom\u00e1tico. Kit sif\u00f3n ducha, v\u00e1lvula drenaje a pedal.","robots":{"index":"index","follow":"follow","max-snippet":"max-snippet:-1","max-image-preview":"max-image-preview:large","max-video-preview":"max-video-preview:-1"},"canonical":"https:\/\/induzon.com\/es\/producto\/conjunto-desague-automatico-para-banera-con-sifon-para-bano-universal-con-rebosadero-tapon-de-pedal-tapon-click-clack-valvula-banheira-accesorios\/","og_locale":"es_ES","og_type":"article","og_title":"\u0421\u043b\u0438\u0432 \u0434\u043b\u044f \u0432\u0430\u043d\u043d\u044b \u0441 \u043f\u0435\u0434\u0430\u043b\u044c\u044e \u0434\u043b\u044f \u0441\u043b\u0438\u0432\u0430 \u0432\u0430\u043d\u043d\u044b \u043a\u043e\u043c\u043f\u043b\u0435\u043a\u0442 \u0434\u043b\u044f \u0432\u0430\u043d\u043d\u044b -Induzon","og_description":"Desag\u00fce ba\u00f1era universal con rebosadero, v\u00e1lvula click-clack, tap\u00f3n autom\u00e1tico. Kit sif\u00f3n ducha, v\u00e1lvula drenaje a pedal.","og_url":"https:\/\/induzon.com\/es\/producto\/conjunto-desague-automatico-para-banera-con-sifon-para-bano-universal-con-rebosadero-tapon-de-pedal-tapon-click-clack-valvula-banheira-accesorios\/","og_site_name":"induzon","article_modified_time":"2026-01-27T02:41:50+00:00","og_image":[{"width":1500,"height":1500,"url":"https:\/\/induzon.com\/wp-content\/uploads\/2025\/04\/6.jpg","type":"image\/jpeg"}],"twitter_card":"summary_large_image","twitter_misc":{"Tiempo de lectura":"1 minuto"},"schema":{"@context":"https:\/\/schema.org","@graph":[{"@type":"WebPage","@id":"https:\/\/induzon.com\/es\/producto\/conjunto-desague-automatico-para-banera-con-sifon-para-bano-universal-con-rebosadero-tapon-de-pedal-tapon-click-clack-valvula-banheira-accesorios\/","url":"https:\/\/induzon.com\/es\/producto\/conjunto-desague-automatico-para-banera-con-sifon-para-bano-universal-con-rebosadero-tapon-de-pedal-tapon-click-clack-valvula-banheira-accesorios\/","name":"\u0421\u043b\u0438\u0432 \u0434\u043b\u044f \u0432\u0430\u043d\u043d\u044b \u0441 \u043f\u0435\u0434\u0430\u043b\u044c\u044e \u0434\u043b\u044f \u0441\u043b\u0438\u0432\u0430 \u0432\u0430\u043d\u043d\u044b \u043a\u043e\u043c\u043f\u043b\u0435\u043a\u0442 \u0434\u043b\u044f \u0432\u0430\u043d\u043d\u044b -Induzon","isPartOf":{"@id":"https:\/\/induzon.com\/es\/#website"},"primaryImageOfPage":{"@id":"https:\/\/induzon.com\/es\/producto\/conjunto-desague-automatico-para-banera-con-sifon-para-bano-universal-con-rebosadero-tapon-de-pedal-tapon-click-clack-valvula-banheira-accesorios\/#primaryimage"},"image":{"@id":"https:\/\/induzon.com\/es\/producto\/conjunto-desague-automatico-para-banera-con-sifon-para-bano-universal-con-rebosadero-tapon-de-pedal-tapon-click-clack-valvula-banheira-accesorios\/#primaryimage"},"thumbnailUrl":"https:\/\/induzon.com\/wp-content\/uploads\/2025\/04\/6.jpg","datePublished":"2025-04-28T05:10:26+00:00","dateModified":"2026-01-27T02:41:50+00:00","description":"Desag\u00fce ba\u00f1era universal con rebosadero, v\u00e1lvula click-clack, tap\u00f3n autom\u00e1tico. Kit sif\u00f3n ducha, v\u00e1lvula drenaje a pedal.","breadcrumb":{"@id":"https:\/\/induzon.com\/es\/producto\/conjunto-desague-automatico-para-banera-con-sifon-para-bano-universal-con-rebosadero-tapon-de-pedal-tapon-click-clack-valvula-banheira-accesorios\/#breadcrumb"},"inLanguage":"es","potentialAction":[{"@type":"ReadAction","target":["https:\/\/induzon.com\/es\/producto\/conjunto-desague-automatico-para-banera-con-sifon-para-bano-universal-con-rebosadero-tapon-de-pedal-tapon-click-clack-valvula-banheira-accesorios\/"]}]},{"@type":"ImageObject","inLanguage":"es","@id":"https:\/\/induzon.com\/es\/producto\/conjunto-desague-automatico-para-banera-con-sifon-para-bano-universal-con-rebosadero-tapon-de-pedal-tapon-click-clack-valvula-banheira-accesorios\/#primaryimage","url":"https:\/\/induzon.com\/wp-content\/uploads\/2025\/04\/6.jpg","contentUrl":"https:\/\/induzon.com\/wp-content\/uploads\/2025\/04\/6.jpg","width":1500,"height":1500,"caption":"Desag\u00fce ba\u00f1era universal con rebosadero, v\u00e1lvula click-clack, tap\u00f3n autom\u00e1tico. Kit sif\u00f3n ducha, v\u00e1lvula drenaje a pedal."},{"@type":"BreadcrumbList","@id":"https:\/\/induzon.com\/es\/producto\/conjunto-desague-automatico-para-banera-con-sifon-para-bano-universal-con-rebosadero-tapon-de-pedal-tapon-click-clack-valvula-banheira-accesorios\/#breadcrumb","itemListElement":[{"@type":"ListItem","position":1,"name":"\u9996\u9875","item":"https:\/\/induzon.com\/es\/"},{"@type":"ListItem","position":2,"name":"Tienda","item":"https:\/\/induzon.com\/es\/tienda\/"},{"@type":"ListItem","position":3,"name":"Conjunto desag\u00fce autom\u00e1tico para ba\u00f1era con sif\u00f3n para ba\u00f1o universal con rebosadero tap\u00f3n de pedal tap\u00f3n click clack v\u00e1lvula banheira accesorios"}]},{"@type":"WebSite","@id":"https:\/\/induzon.com\/es\/#website","url":"https:\/\/induzon.com\/es\/","name":"induzon","description":"","publisher":{"@id":"https:\/\/induzon.com\/es\/#organization"},"potentialAction":[{"@type":"SearchAction","target":{"@type":"EntryPoint","urlTemplate":"https:\/\/induzon.com\/es\/?s={search_term_string}"},"query-input":{"@type":"PropertyValueSpecification","valueRequired":true,"valueName":"search_term_string"}}],"inLanguage":"es"},{"@type":"Organization","@id":"https:\/\/induzon.com\/es\/#organization","name":"induzon","url":"https:\/\/induzon.com\/es\/","logo":{"@type":"ImageObject","inLanguage":"es","@id":"https:\/\/induzon.com\/es\/#\/schema\/logo\/image\/","url":"https:\/\/induzon.com\/wp-content\/uploads\/2025\/05\/cropped-026.png","contentUrl":"https:\/\/induzon.com\/wp-content\/uploads\/2025\/05\/cropped-026.png","width":512,"height":512,"caption":"induzon"},"image":{"@id":"https:\/\/induzon.com\/es\/#\/schema\/logo\/image\/"}}]}},"_links":{"self":[{"href":"https:\/\/induzon.com\/es\/wp-json\/wp\/v2\/product\/6521","targetHints":{"allow":["GET"]}}],"collection":[{"href":"https:\/\/induzon.com\/es\/wp-json\/wp\/v2\/product"}],"about":[{"href":"https:\/\/induzon.com\/es\/wp-json\/wp\/v2\/types\/product"}],"replies":[{"embeddable":true,"href":"https:\/\/induzon.com\/es\/wp-json\/wp\/v2\/comments?post=6521"}],"version-history":[{"count":2,"href":"https:\/\/induzon.com\/es\/wp-json\/wp\/v2\/product\/6521\/revisions"}],"predecessor-version":[{"id":32886,"href":"https:\/\/induzon.com\/es\/wp-json\/wp\/v2\/product\/6521\/revisions\/32886"}],"wp:featuredmedia":[{"embeddable":true,"href":"https:\/\/induzon.com\/es\/wp-json\/wp\/v2\/media\/6514"}],"wp:attachment":[{"href":"https:\/\/induzon.com\/es\/wp-json\/wp\/v2\/media?parent=6521"}],"wp:term":[{"taxonomy":"product_brand","embeddable":true,"href":"https:\/\/induzon.com\/es\/wp-json\/wp\/v2\/product_brand?post=6521"},{"taxonomy":"product_cat","embeddable":true,"href":"https:\/\/induzon.com\/es\/wp-json\/wp\/v2\/product_cat?post=6521"},{"taxonomy":"product_tag","embeddable":true,"href":"https:\/\/induzon.com\/es\/wp-json\/wp\/v2\/product_tag?post=6521"}],"curies":[{"name":"wp","href":"https:\/\/api.w.org\/{rel}","templated":true}]}}