{"id":10744,"date":"2025-06-19T14:41:46","date_gmt":"2025-06-19T06:41:46","guid":{"rendered":"https:\/\/induzon.com\/shop\/portable-graveur-laser-a-fibre-pour-metal-et-plastique-machine-de-marquage-laser-industriel-pour-metal-machine-de-gravure-laser-professionnelle-galvo-co2-tete-gravure-bijoux-f-theta-scan-mirrors\/"},"modified":"2026-01-08T11:55:02","modified_gmt":"2026-01-08T03:55:02","slug":"portable-graveur-laser-a-fibre-pour-metal-et-plastique-machine-de-marquage-laser-industriel-pour-metal-machine-de-gravure-laser-professionnelle-galvo-co2-tete-gravure-bijoux-f-theta-scan-mirrors","status":"publish","type":"product","link":"https:\/\/induzon.com\/fr\/produit\/portable-graveur-laser-a-fibre-pour-metal-et-plastique-machine-de-marquage-laser-industriel-pour-metal-machine-de-gravure-laser-professionnelle-galvo-co2-tete-gravure-bijoux-f-theta-scan-mirrors\/","title":{"rendered":"Portable graveur laser \u00e0 fibre pour m\u00e9tal et plastique machine de marquage laser industriel pour m\u00e9tal machine de gravure laser professionnelle galvo co2 t\u00eate gravure bijoux f-theta scan mirrors"},"content":{"rendered":"<p>1.Marquage pr\u00e9cis sur m\u00e9tal avec notre machine \u00e0 graver laser portable et compacte<br \/>\n2.Id\u00e9al pour les artisans et industriels, gravure rapide et nette sur tous m\u00e9taux<br \/>\n3.Design ergonomique pour une utilisation facile, m\u00eame en d\u00e9placement ou atelier<br \/>\n4.Fonctionne sur acier, aluminium, cuivre et autres alliages avec grande pr\u00e9cision<br \/>\n5.Livr\u00e9 pr\u00eat \u00e0 l&#8217;emploi avec mode d&#8217;emploi clair pour une prise en main imm\u00e9diate<\/p>\n","protected":false},"excerpt":{"rendered":"<p>Portable graveur laser \u00e0 fibre pour m\u00e9tal et plastique machine de marquage laser industriel pour m\u00e9tal machine de gravure laser professionnelle galvo co2 t\u00eate gravure bijoux f-theta scan mirrors<\/p>\n","protected":false},"featured_media":10658,"comment_status":"open","ping_status":"closed","template":"","meta":{"site-sidebar-layout":"default","site-content-layout":"","ast-site-content-layout":"default","site-content-style":"default","site-sidebar-style":"default","ast-global-header-display":"","ast-banner-title-visibility":"","ast-main-header-display":"","ast-hfb-above-header-display":"","ast-hfb-below-header-display":"","ast-hfb-mobile-header-display":"","site-post-title":"","ast-breadcrumbs-content":"","ast-featured-img":"","footer-sml-layout":"","theme-transparent-header-meta":"default","adv-header-id-meta":"","stick-header-meta":"","header-above-stick-meta":"","header-main-stick-meta":"","header-below-stick-meta":"","astra-migrate-meta-layouts":"set","ast-page-background-enabled":"default","ast-page-background-meta":{"desktop":{"background-color":"var(--ast-global-color-4)","background-image":"","background-repeat":"repeat","background-position":"center center","background-size":"auto","background-attachment":"scroll","background-type":"","background-media":"","overlay-type":"","overlay-color":"","overlay-opacity":"","overlay-gradient":""},"tablet":{"background-color":"","background-image":"","background-repeat":"repeat","background-position":"center center","background-size":"auto","background-attachment":"scroll","background-type":"","background-media":"","overlay-type":"","overlay-color":"","overlay-opacity":"","overlay-gradient":""},"mobile":{"background-color":"","background-image":"","background-repeat":"repeat","background-position":"center center","background-size":"auto","background-attachment":"scroll","background-type":"","background-media":"","overlay-type":"","overlay-color":"","overlay-opacity":"","overlay-gradient":""}},"ast-content-background-meta":{"desktop":{"background-color":"var(--ast-global-color-5)","background-image":"","background-repeat":"repeat","background-position":"center center","background-size":"auto","background-attachment":"scroll","background-type":"","background-media":"","overlay-type":"","overlay-color":"","overlay-opacity":"","overlay-gradient":""},"tablet":{"background-color":"var(--ast-global-color-5)","background-image":"","background-repeat":"repeat","background-position":"center center","background-size":"auto","background-attachment":"scroll","background-type":"","background-media":"","overlay-type":"","overlay-color":"","overlay-opacity":"","overlay-gradient":""},"mobile":{"background-color":"var(--ast-global-color-5)","background-image":"","background-repeat":"repeat","background-position":"center center","background-size":"auto","background-attachment":"scroll","background-type":"","background-media":"","overlay-type":"","overlay-color":"","overlay-opacity":"","overlay-gradient":""}}},"product_brand":[],"product_cat":[1059,1179],"product_tag":[1180],"class_list":{"0":"post-10744","1":"product","2":"type-product","3":"status-publish","4":"has-post-thumbnail","6":"product_cat-equipement-industriel-et-commercial","7":"product_cat-marqueur-laser","8":"product_tag-marqueur-laser","9":"desktop-align-left","10":"tablet-align-left","11":"mobile-align-left","13":"first","14":"instock","15":"sale","16":"shipping-taxable","17":"purchasable","18":"product-type-variable"},"yoast_head":"<!-- This site is optimized with the Yoast SEO plugin v24.9 - https:\/\/yoast.com\/wordpress\/plugins\/seo\/ -->\r\n<title>Machine de Gravure Laser Fibre Portable pour M\u00e9tal -Induzon<\/title>\r\n<meta name=\"description\" content=\"Machine de marquage et gravure laser portable pour m\u00e9tal, plastique et bois. Appareil de marquage laser industriel et professionnel.\" \/>\r\n<meta name=\"robots\" content=\"index, follow, max-snippet:-1, max-image-preview:large, max-video-preview:-1\" \/>\r\n<link rel=\"canonical\" href=\"https:\/\/induzon.com\/fr\/produit\/portable-graveur-laser-a-fibre-pour-metal-et-plastique-machine-de-marquage-laser-industriel-pour-metal-machine-de-gravure-laser-professionnelle-galvo-co2-tete-gravure-bijoux-f-theta-scan-mirrors\/\" \/>\r\n<meta property=\"og:locale\" content=\"fr_FR\" \/>\r\n<meta property=\"og:type\" content=\"article\" \/>\r\n<meta property=\"og:title\" content=\"Machine de Gravure Laser Fibre Portable pour M\u00e9tal -Induzon\" \/>\r\n<meta property=\"og:description\" content=\"Machine de marquage et gravure laser portable pour m\u00e9tal, plastique et bois. Appareil de marquage laser industriel et professionnel.\" \/>\r\n<meta property=\"og:url\" content=\"https:\/\/induzon.com\/fr\/produit\/portable-graveur-laser-a-fibre-pour-metal-et-plastique-machine-de-marquage-laser-industriel-pour-metal-machine-de-gravure-laser-professionnelle-galvo-co2-tete-gravure-bijoux-f-theta-scan-mirrors\/\" \/>\r\n<meta property=\"og:site_name\" content=\"induzon\" \/>\r\n<meta property=\"article:modified_time\" content=\"2026-01-08T03:55:02+00:00\" \/>\r\n<meta property=\"og:image\" content=\"https:\/\/induzon.com\/wp-content\/uploads\/2025\/06\/\u56fe-7-\u624b\u6301\u5f0f.jpg\" \/>\r\n\t<meta property=\"og:image:width\" content=\"1500\" \/>\r\n\t<meta property=\"og:image:height\" content=\"1500\" \/>\r\n\t<meta property=\"og:image:type\" content=\"image\/jpeg\" \/>\r\n<meta name=\"twitter:card\" content=\"summary_large_image\" \/>\r\n<meta name=\"twitter:label1\" content=\"Dur\u00e9e de lecture estim\u00e9e\" \/>\n\t<meta name=\"twitter:data1\" content=\"1 minute\" \/>\r\n<script type=\"application\/ld+json\" class=\"yoast-schema-graph\">{\"@context\":\"https:\/\/schema.org\",\"@graph\":[{\"@type\":\"WebPage\",\"@id\":\"https:\/\/induzon.com\/fr\/produit\/portable-graveur-laser-a-fibre-pour-metal-et-plastique-machine-de-marquage-laser-industriel-pour-metal-machine-de-gravure-laser-professionnelle-galvo-co2-tete-gravure-bijoux-f-theta-scan-mirrors\/\",\"url\":\"https:\/\/induzon.com\/fr\/produit\/portable-graveur-laser-a-fibre-pour-metal-et-plastique-machine-de-marquage-laser-industriel-pour-metal-machine-de-gravure-laser-professionnelle-galvo-co2-tete-gravure-bijoux-f-theta-scan-mirrors\/\",\"name\":\"Machine de Gravure Laser Fibre Portable pour M\u00e9tal -Induzon\",\"isPartOf\":{\"@id\":\"https:\/\/induzon.com\/fr\/#website\"},\"primaryImageOfPage\":{\"@id\":\"https:\/\/induzon.com\/fr\/produit\/portable-graveur-laser-a-fibre-pour-metal-et-plastique-machine-de-marquage-laser-industriel-pour-metal-machine-de-gravure-laser-professionnelle-galvo-co2-tete-gravure-bijoux-f-theta-scan-mirrors\/#primaryimage\"},\"image\":{\"@id\":\"https:\/\/induzon.com\/fr\/produit\/portable-graveur-laser-a-fibre-pour-metal-et-plastique-machine-de-marquage-laser-industriel-pour-metal-machine-de-gravure-laser-professionnelle-galvo-co2-tete-gravure-bijoux-f-theta-scan-mirrors\/#primaryimage\"},\"thumbnailUrl\":\"https:\/\/induzon.com\/wp-content\/uploads\/2025\/06\/\u56fe-7-\u624b\u6301\u5f0f.jpg\",\"datePublished\":\"2025-06-19T06:41:46+00:00\",\"dateModified\":\"2026-01-08T03:55:02+00:00\",\"description\":\"Machine de marquage et gravure laser portable pour m\u00e9tal, plastique et bois. Appareil de marquage laser industriel et professionnel.\",\"breadcrumb\":{\"@id\":\"https:\/\/induzon.com\/fr\/produit\/portable-graveur-laser-a-fibre-pour-metal-et-plastique-machine-de-marquage-laser-industriel-pour-metal-machine-de-gravure-laser-professionnelle-galvo-co2-tete-gravure-bijoux-f-theta-scan-mirrors\/#breadcrumb\"},\"inLanguage\":\"fr-FR\",\"potentialAction\":[{\"@type\":\"ReadAction\",\"target\":[\"https:\/\/induzon.com\/fr\/produit\/portable-graveur-laser-a-fibre-pour-metal-et-plastique-machine-de-marquage-laser-industriel-pour-metal-machine-de-gravure-laser-professionnelle-galvo-co2-tete-gravure-bijoux-f-theta-scan-mirrors\/\"]}]},{\"@type\":\"ImageObject\",\"inLanguage\":\"fr-FR\",\"@id\":\"https:\/\/induzon.com\/fr\/produit\/portable-graveur-laser-a-fibre-pour-metal-et-plastique-machine-de-marquage-laser-industriel-pour-metal-machine-de-gravure-laser-professionnelle-galvo-co2-tete-gravure-bijoux-f-theta-scan-mirrors\/#primaryimage\",\"url\":\"https:\/\/induzon.com\/wp-content\/uploads\/2025\/06\/\u56fe-7-\u624b\u6301\u5f0f.jpg\",\"contentUrl\":\"https:\/\/induzon.com\/wp-content\/uploads\/2025\/06\/\u56fe-7-\u624b\u6301\u5f0f.jpg\",\"width\":1500,\"height\":1500,\"caption\":\"Machine de Marquage Laser Portable pour M\u00e9tal\"},{\"@type\":\"BreadcrumbList\",\"@id\":\"https:\/\/induzon.com\/fr\/produit\/portable-graveur-laser-a-fibre-pour-metal-et-plastique-machine-de-marquage-laser-industriel-pour-metal-machine-de-gravure-laser-professionnelle-galvo-co2-tete-gravure-bijoux-f-theta-scan-mirrors\/#breadcrumb\",\"itemListElement\":[{\"@type\":\"ListItem\",\"position\":1,\"name\":\"\u9996\u9875\",\"item\":\"https:\/\/induzon.com\/fr\/\"},{\"@type\":\"ListItem\",\"position\":2,\"name\":\"Boutique\",\"item\":\"https:\/\/induzon.com\/fr\/boutique\/\"},{\"@type\":\"ListItem\",\"position\":3,\"name\":\"Portable graveur laser \u00e0 fibre pour m\u00e9tal et plastique machine de marquage laser industriel pour m\u00e9tal machine de gravure laser professionnelle galvo co2 t\u00eate gravure bijoux f-theta scan mirrors\"}]},{\"@type\":\"WebSite\",\"@id\":\"https:\/\/induzon.com\/fr\/#website\",\"url\":\"https:\/\/induzon.com\/fr\/\",\"name\":\"induzon\",\"description\":\"\",\"publisher\":{\"@id\":\"https:\/\/induzon.com\/fr\/#organization\"},\"potentialAction\":[{\"@type\":\"SearchAction\",\"target\":{\"@type\":\"EntryPoint\",\"urlTemplate\":\"https:\/\/induzon.com\/fr\/?s={search_term_string}\"},\"query-input\":{\"@type\":\"PropertyValueSpecification\",\"valueRequired\":true,\"valueName\":\"search_term_string\"}}],\"inLanguage\":\"fr-FR\"},{\"@type\":\"Organization\",\"@id\":\"https:\/\/induzon.com\/fr\/#organization\",\"name\":\"induzon\",\"url\":\"https:\/\/induzon.com\/fr\/\",\"logo\":{\"@type\":\"ImageObject\",\"inLanguage\":\"fr-FR\",\"@id\":\"https:\/\/induzon.com\/fr\/#\/schema\/logo\/image\/\",\"url\":\"https:\/\/induzon.com\/wp-content\/uploads\/2025\/05\/cropped-026.png\",\"contentUrl\":\"https:\/\/induzon.com\/wp-content\/uploads\/2025\/05\/cropped-026.png\",\"width\":512,\"height\":512,\"caption\":\"induzon\"},\"image\":{\"@id\":\"https:\/\/induzon.com\/fr\/#\/schema\/logo\/image\/\"}}]}<\/script>\r\n<!-- \/ Yoast SEO plugin. -->","yoast_head_json":{"title":"Machine de Gravure Laser Fibre Portable pour M\u00e9tal -Induzon","description":"Machine de marquage et gravure laser portable pour m\u00e9tal, plastique et bois. Appareil de marquage laser industriel et professionnel.","robots":{"index":"index","follow":"follow","max-snippet":"max-snippet:-1","max-image-preview":"max-image-preview:large","max-video-preview":"max-video-preview:-1"},"canonical":"https:\/\/induzon.com\/fr\/produit\/portable-graveur-laser-a-fibre-pour-metal-et-plastique-machine-de-marquage-laser-industriel-pour-metal-machine-de-gravure-laser-professionnelle-galvo-co2-tete-gravure-bijoux-f-theta-scan-mirrors\/","og_locale":"fr_FR","og_type":"article","og_title":"Machine de Gravure Laser Fibre Portable pour M\u00e9tal -Induzon","og_description":"Machine de marquage et gravure laser portable pour m\u00e9tal, plastique et bois. Appareil de marquage laser industriel et professionnel.","og_url":"https:\/\/induzon.com\/fr\/produit\/portable-graveur-laser-a-fibre-pour-metal-et-plastique-machine-de-marquage-laser-industriel-pour-metal-machine-de-gravure-laser-professionnelle-galvo-co2-tete-gravure-bijoux-f-theta-scan-mirrors\/","og_site_name":"induzon","article_modified_time":"2026-01-08T03:55:02+00:00","og_image":[{"width":1500,"height":1500,"url":"https:\/\/induzon.com\/wp-content\/uploads\/2025\/06\/\u56fe-7-\u624b\u6301\u5f0f.jpg","type":"image\/jpeg"}],"twitter_card":"summary_large_image","twitter_misc":{"Dur\u00e9e de lecture estim\u00e9e":"1 minute"},"schema":{"@context":"https:\/\/schema.org","@graph":[{"@type":"WebPage","@id":"https:\/\/induzon.com\/fr\/produit\/portable-graveur-laser-a-fibre-pour-metal-et-plastique-machine-de-marquage-laser-industriel-pour-metal-machine-de-gravure-laser-professionnelle-galvo-co2-tete-gravure-bijoux-f-theta-scan-mirrors\/","url":"https:\/\/induzon.com\/fr\/produit\/portable-graveur-laser-a-fibre-pour-metal-et-plastique-machine-de-marquage-laser-industriel-pour-metal-machine-de-gravure-laser-professionnelle-galvo-co2-tete-gravure-bijoux-f-theta-scan-mirrors\/","name":"Machine de Gravure Laser Fibre Portable pour M\u00e9tal -Induzon","isPartOf":{"@id":"https:\/\/induzon.com\/fr\/#website"},"primaryImageOfPage":{"@id":"https:\/\/induzon.com\/fr\/produit\/portable-graveur-laser-a-fibre-pour-metal-et-plastique-machine-de-marquage-laser-industriel-pour-metal-machine-de-gravure-laser-professionnelle-galvo-co2-tete-gravure-bijoux-f-theta-scan-mirrors\/#primaryimage"},"image":{"@id":"https:\/\/induzon.com\/fr\/produit\/portable-graveur-laser-a-fibre-pour-metal-et-plastique-machine-de-marquage-laser-industriel-pour-metal-machine-de-gravure-laser-professionnelle-galvo-co2-tete-gravure-bijoux-f-theta-scan-mirrors\/#primaryimage"},"thumbnailUrl":"https:\/\/induzon.com\/wp-content\/uploads\/2025\/06\/\u56fe-7-\u624b\u6301\u5f0f.jpg","datePublished":"2025-06-19T06:41:46+00:00","dateModified":"2026-01-08T03:55:02+00:00","description":"Machine de marquage et gravure laser portable pour m\u00e9tal, plastique et bois. Appareil de marquage laser industriel et professionnel.","breadcrumb":{"@id":"https:\/\/induzon.com\/fr\/produit\/portable-graveur-laser-a-fibre-pour-metal-et-plastique-machine-de-marquage-laser-industriel-pour-metal-machine-de-gravure-laser-professionnelle-galvo-co2-tete-gravure-bijoux-f-theta-scan-mirrors\/#breadcrumb"},"inLanguage":"fr-FR","potentialAction":[{"@type":"ReadAction","target":["https:\/\/induzon.com\/fr\/produit\/portable-graveur-laser-a-fibre-pour-metal-et-plastique-machine-de-marquage-laser-industriel-pour-metal-machine-de-gravure-laser-professionnelle-galvo-co2-tete-gravure-bijoux-f-theta-scan-mirrors\/"]}]},{"@type":"ImageObject","inLanguage":"fr-FR","@id":"https:\/\/induzon.com\/fr\/produit\/portable-graveur-laser-a-fibre-pour-metal-et-plastique-machine-de-marquage-laser-industriel-pour-metal-machine-de-gravure-laser-professionnelle-galvo-co2-tete-gravure-bijoux-f-theta-scan-mirrors\/#primaryimage","url":"https:\/\/induzon.com\/wp-content\/uploads\/2025\/06\/\u56fe-7-\u624b\u6301\u5f0f.jpg","contentUrl":"https:\/\/induzon.com\/wp-content\/uploads\/2025\/06\/\u56fe-7-\u624b\u6301\u5f0f.jpg","width":1500,"height":1500,"caption":"Machine de Marquage Laser Portable pour M\u00e9tal"},{"@type":"BreadcrumbList","@id":"https:\/\/induzon.com\/fr\/produit\/portable-graveur-laser-a-fibre-pour-metal-et-plastique-machine-de-marquage-laser-industriel-pour-metal-machine-de-gravure-laser-professionnelle-galvo-co2-tete-gravure-bijoux-f-theta-scan-mirrors\/#breadcrumb","itemListElement":[{"@type":"ListItem","position":1,"name":"\u9996\u9875","item":"https:\/\/induzon.com\/fr\/"},{"@type":"ListItem","position":2,"name":"Boutique","item":"https:\/\/induzon.com\/fr\/boutique\/"},{"@type":"ListItem","position":3,"name":"Portable graveur laser \u00e0 fibre pour m\u00e9tal et plastique machine de marquage laser industriel pour m\u00e9tal machine de gravure laser professionnelle galvo co2 t\u00eate gravure bijoux f-theta scan mirrors"}]},{"@type":"WebSite","@id":"https:\/\/induzon.com\/fr\/#website","url":"https:\/\/induzon.com\/fr\/","name":"induzon","description":"","publisher":{"@id":"https:\/\/induzon.com\/fr\/#organization"},"potentialAction":[{"@type":"SearchAction","target":{"@type":"EntryPoint","urlTemplate":"https:\/\/induzon.com\/fr\/?s={search_term_string}"},"query-input":{"@type":"PropertyValueSpecification","valueRequired":true,"valueName":"search_term_string"}}],"inLanguage":"fr-FR"},{"@type":"Organization","@id":"https:\/\/induzon.com\/fr\/#organization","name":"induzon","url":"https:\/\/induzon.com\/fr\/","logo":{"@type":"ImageObject","inLanguage":"fr-FR","@id":"https:\/\/induzon.com\/fr\/#\/schema\/logo\/image\/","url":"https:\/\/induzon.com\/wp-content\/uploads\/2025\/05\/cropped-026.png","contentUrl":"https:\/\/induzon.com\/wp-content\/uploads\/2025\/05\/cropped-026.png","width":512,"height":512,"caption":"induzon"},"image":{"@id":"https:\/\/induzon.com\/fr\/#\/schema\/logo\/image\/"}}]}},"_links":{"self":[{"href":"https:\/\/induzon.com\/fr\/wp-json\/wp\/v2\/product\/10744","targetHints":{"allow":["GET"]}}],"collection":[{"href":"https:\/\/induzon.com\/fr\/wp-json\/wp\/v2\/product"}],"about":[{"href":"https:\/\/induzon.com\/fr\/wp-json\/wp\/v2\/types\/product"}],"replies":[{"embeddable":true,"href":"https:\/\/induzon.com\/fr\/wp-json\/wp\/v2\/comments?post=10744"}],"version-history":[{"count":2,"href":"https:\/\/induzon.com\/fr\/wp-json\/wp\/v2\/product\/10744\/revisions"}],"predecessor-version":[{"id":32816,"href":"https:\/\/induzon.com\/fr\/wp-json\/wp\/v2\/product\/10744\/revisions\/32816"}],"wp:featuredmedia":[{"embeddable":true,"href":"https:\/\/induzon.com\/fr\/wp-json\/wp\/v2\/media\/10658"}],"wp:attachment":[{"href":"https:\/\/induzon.com\/fr\/wp-json\/wp\/v2\/media?parent=10744"}],"wp:term":[{"taxonomy":"product_brand","embeddable":true,"href":"https:\/\/induzon.com\/fr\/wp-json\/wp\/v2\/product_brand?post=10744"},{"taxonomy":"product_cat","embeddable":true,"href":"https:\/\/induzon.com\/fr\/wp-json\/wp\/v2\/product_cat?post=10744"},{"taxonomy":"product_tag","embeddable":true,"href":"https:\/\/induzon.com\/fr\/wp-json\/wp\/v2\/product_tag?post=10744"}],"curies":[{"name":"wp","href":"https:\/\/api.w.org\/{rel}","templated":true}]}}