{"id":12243,"date":"2025-06-25T09:25:35","date_gmt":"2025-06-25T01:25:35","guid":{"rendered":"https:\/\/induzon.com\/shop\/rideau-dair-chaud-commercial-pour-ascenseurs-supermarcha-magasin-rideau-anti-mouche-rideau-de-porte-exterieur-rideau-thermique-chaud-et-froid-rideau-dair-sans-chauffage-rideau\/"},"modified":"2026-01-06T09:36:26","modified_gmt":"2026-01-06T01:36:26","slug":"rideau-dair-chaud-commercial-pour-ascenseurs-supermarcha-magasin-rideau-anti-mouche-rideau-de-porte-exterieur-rideau-thermique-chaud-et-froid-rideau-dair-sans-chauffage-rideau","status":"publish","type":"product","link":"https:\/\/induzon.com\/fr\/produit\/rideau-dair-chaud-commercial-pour-ascenseurs-supermarcha-magasin-rideau-anti-mouche-rideau-de-porte-exterieur-rideau-thermique-chaud-et-froid-rideau-dair-sans-chauffage-rideau\/","title":{"rendered":"rideau d\u2019air chaud commercial pour ascenseurs supermarch\u00c3\u00a9 magasin rideau anti mouche rideau de porte exterieur rideau thermique chaud et froid rideau d\u2019air sans chauffage rideau air froid rideaux d\u2019air chaud industriel"},"content":{"rendered":"<p>1.Rideaux d&rsquo;air commerciaux pour les ascenseurs, les supermarch\u00e9s et les magasins afin d&#8217;emp\u00eacher les insectes et la poussi\u00e8re d&rsquo;entrer.<br \/>\n2.Haute performance avec un flux d&rsquo;air puissant, id\u00e9al pour les grandes entr\u00e9es et zones industrielles<br \/>\n3.Conception durable et \u00e9conome en \u00e9nergie, adapt\u00e9e \u00e0 une utilisation intensive en milieu commercial<br \/>\n4.Installation facile et compatible avec la plupart des portes et entr\u00e9es de magasins<br \/>\n5.Id\u00e9al pour maintenir la temp\u00e9rature int\u00e9rieure et r\u00e9duire les courants d&rsquo;air dans les espaces commerciaux<\/p>\n","protected":false},"excerpt":{"rendered":"<p>rideau d\u2019air chaud commercial pour ascenseurs supermarch\u00c3\u00a9 magasin rideau anti mouche rideau de porte exterieur rideau thermique chaud et froid rideau d\u2019air sans chauffage rideau air froid rideaux d\u2019air chaud industriel<\/p>\n","protected":false},"featured_media":12158,"comment_status":"open","ping_status":"closed","template":"","meta":{"site-sidebar-layout":"default","site-content-layout":"","ast-site-content-layout":"default","site-content-style":"default","site-sidebar-style":"default","ast-global-header-display":"","ast-banner-title-visibility":"","ast-main-header-display":"","ast-hfb-above-header-display":"","ast-hfb-below-header-display":"","ast-hfb-mobile-header-display":"","site-post-title":"","ast-breadcrumbs-content":"","ast-featured-img":"","footer-sml-layout":"","theme-transparent-header-meta":"default","adv-header-id-meta":"","stick-header-meta":"","header-above-stick-meta":"","header-main-stick-meta":"","header-below-stick-meta":"","astra-migrate-meta-layouts":"set","ast-page-background-enabled":"default","ast-page-background-meta":{"desktop":{"background-color":"var(--ast-global-color-4)","background-image":"","background-repeat":"repeat","background-position":"center center","background-size":"auto","background-attachment":"scroll","background-type":"","background-media":"","overlay-type":"","overlay-color":"","overlay-opacity":"","overlay-gradient":""},"tablet":{"background-color":"","background-image":"","background-repeat":"repeat","background-position":"center center","background-size":"auto","background-attachment":"scroll","background-type":"","background-media":"","overlay-type":"","overlay-color":"","overlay-opacity":"","overlay-gradient":""},"mobile":{"background-color":"","background-image":"","background-repeat":"repeat","background-position":"center center","background-size":"auto","background-attachment":"scroll","background-type":"","background-media":"","overlay-type":"","overlay-color":"","overlay-opacity":"","overlay-gradient":""}},"ast-content-background-meta":{"desktop":{"background-color":"var(--ast-global-color-5)","background-image":"","background-repeat":"repeat","background-position":"center center","background-size":"auto","background-attachment":"scroll","background-type":"","background-media":"","overlay-type":"","overlay-color":"","overlay-opacity":"","overlay-gradient":""},"tablet":{"background-color":"var(--ast-global-color-5)","background-image":"","background-repeat":"repeat","background-position":"center center","background-size":"auto","background-attachment":"scroll","background-type":"","background-media":"","overlay-type":"","overlay-color":"","overlay-opacity":"","overlay-gradient":""},"mobile":{"background-color":"var(--ast-global-color-5)","background-image":"","background-repeat":"repeat","background-position":"center center","background-size":"auto","background-attachment":"scroll","background-type":"","background-media":"","overlay-type":"","overlay-color":"","overlay-opacity":"","overlay-gradient":""}}},"product_brand":[],"product_cat":[1059,1060,1303],"product_tag":[1304],"class_list":{"0":"post-12243","1":"product","2":"type-product","3":"status-publish","4":"has-post-thumbnail","6":"product_cat-equipement-industriel-et-commercial","7":"product_cat-equipements-de-climatisation-et-de-ventilation","8":"product_cat-lever-le-rideau-dair","9":"product_tag-lever-le-rideau-dair","10":"desktop-align-left","11":"tablet-align-left","12":"mobile-align-left","14":"first","15":"instock","16":"sale","17":"shipping-taxable","18":"purchasable","19":"product-type-variable"},"yoast_head":"<!-- This site is optimized with the Yoast SEO plugin v24.9 - https:\/\/yoast.com\/wordpress\/plugins\/seo\/ -->\r\n<title>Rideau d&#039;air pour usage industriel Porte \u00e0 rideau d&#039;air -Induzon<\/title>\r\n<meta name=\"description\" content=\"Rideaux d&#039;air chaud\/froid industriels et commerciaux. Protection anti-mouches et isolation thermique pour portes d&#039;entr\u00e9e de magasins et entrep\u00f4ts.\" \/>\r\n<meta name=\"robots\" content=\"index, follow, max-snippet:-1, max-image-preview:large, max-video-preview:-1\" \/>\r\n<link rel=\"canonical\" href=\"https:\/\/induzon.com\/fr\/produit\/rideau-dair-chaud-commercial-pour-ascenseurs-supermarcha-magasin-rideau-anti-mouche-rideau-de-porte-exterieur-rideau-thermique-chaud-et-froid-rideau-dair-sans-chauffage-rideau\/\" \/>\r\n<meta property=\"og:locale\" content=\"fr_FR\" \/>\r\n<meta property=\"og:type\" content=\"article\" \/>\r\n<meta property=\"og:title\" content=\"Rideau d&#039;air pour usage industriel Porte \u00e0 rideau d&#039;air -Induzon\" \/>\r\n<meta property=\"og:description\" content=\"Rideaux d&#039;air chaud\/froid industriels et commerciaux. Protection anti-mouches et isolation thermique pour portes d&#039;entr\u00e9e de magasins et entrep\u00f4ts.\" \/>\r\n<meta property=\"og:url\" content=\"https:\/\/induzon.com\/fr\/produit\/rideau-dair-chaud-commercial-pour-ascenseurs-supermarcha-magasin-rideau-anti-mouche-rideau-de-porte-exterieur-rideau-thermique-chaud-et-froid-rideau-dair-sans-chauffage-rideau\/\" \/>\r\n<meta property=\"og:site_name\" content=\"induzon\" \/>\r\n<meta property=\"article:modified_time\" content=\"2026-01-06T01:36:26+00:00\" \/>\r\n<meta property=\"og:image\" content=\"https:\/\/induzon.com\/wp-content\/uploads\/2025\/06\/\u56fe-8-3.jpg\" \/>\r\n\t<meta property=\"og:image:width\" content=\"1500\" \/>\r\n\t<meta property=\"og:image:height\" content=\"1500\" \/>\r\n\t<meta property=\"og:image:type\" content=\"image\/jpeg\" \/>\r\n<meta name=\"twitter:card\" content=\"summary_large_image\" \/>\r\n<meta name=\"twitter:label1\" content=\"Dur\u00e9e de lecture estim\u00e9e\" \/>\n\t<meta name=\"twitter:data1\" content=\"1 minute\" \/>\r\n<script type=\"application\/ld+json\" class=\"yoast-schema-graph\">{\"@context\":\"https:\/\/schema.org\",\"@graph\":[{\"@type\":\"WebPage\",\"@id\":\"https:\/\/induzon.com\/fr\/produit\/rideau-dair-chaud-commercial-pour-ascenseurs-supermarcha-magasin-rideau-anti-mouche-rideau-de-porte-exterieur-rideau-thermique-chaud-et-froid-rideau-dair-sans-chauffage-rideau\/\",\"url\":\"https:\/\/induzon.com\/fr\/produit\/rideau-dair-chaud-commercial-pour-ascenseurs-supermarcha-magasin-rideau-anti-mouche-rideau-de-porte-exterieur-rideau-thermique-chaud-et-froid-rideau-dair-sans-chauffage-rideau\/\",\"name\":\"Rideau d'air pour usage industriel Porte \u00e0 rideau d'air -Induzon\",\"isPartOf\":{\"@id\":\"https:\/\/induzon.com\/fr\/#website\"},\"primaryImageOfPage\":{\"@id\":\"https:\/\/induzon.com\/fr\/produit\/rideau-dair-chaud-commercial-pour-ascenseurs-supermarcha-magasin-rideau-anti-mouche-rideau-de-porte-exterieur-rideau-thermique-chaud-et-froid-rideau-dair-sans-chauffage-rideau\/#primaryimage\"},\"image\":{\"@id\":\"https:\/\/induzon.com\/fr\/produit\/rideau-dair-chaud-commercial-pour-ascenseurs-supermarcha-magasin-rideau-anti-mouche-rideau-de-porte-exterieur-rideau-thermique-chaud-et-froid-rideau-dair-sans-chauffage-rideau\/#primaryimage\"},\"thumbnailUrl\":\"https:\/\/induzon.com\/wp-content\/uploads\/2025\/06\/\u56fe-8-3.jpg\",\"datePublished\":\"2025-06-25T01:25:35+00:00\",\"dateModified\":\"2026-01-06T01:36:26+00:00\",\"description\":\"Rideaux d'air chaud\/froid industriels et commerciaux. Protection anti-mouches et isolation thermique pour portes d'entr\u00e9e de magasins et entrep\u00f4ts.\",\"breadcrumb\":{\"@id\":\"https:\/\/induzon.com\/fr\/produit\/rideau-dair-chaud-commercial-pour-ascenseurs-supermarcha-magasin-rideau-anti-mouche-rideau-de-porte-exterieur-rideau-thermique-chaud-et-froid-rideau-dair-sans-chauffage-rideau\/#breadcrumb\"},\"inLanguage\":\"fr-FR\",\"potentialAction\":[{\"@type\":\"ReadAction\",\"target\":[\"https:\/\/induzon.com\/fr\/produit\/rideau-dair-chaud-commercial-pour-ascenseurs-supermarcha-magasin-rideau-anti-mouche-rideau-de-porte-exterieur-rideau-thermique-chaud-et-froid-rideau-dair-sans-chauffage-rideau\/\"]}]},{\"@type\":\"ImageObject\",\"inLanguage\":\"fr-FR\",\"@id\":\"https:\/\/induzon.com\/fr\/produit\/rideau-dair-chaud-commercial-pour-ascenseurs-supermarcha-magasin-rideau-anti-mouche-rideau-de-porte-exterieur-rideau-thermique-chaud-et-froid-rideau-dair-sans-chauffage-rideau\/#primaryimage\",\"url\":\"https:\/\/induzon.com\/wp-content\/uploads\/2025\/06\/\u56fe-8-3.jpg\",\"contentUrl\":\"https:\/\/induzon.com\/wp-content\/uploads\/2025\/06\/\u56fe-8-3.jpg\",\"width\":1500,\"height\":1500,\"caption\":\"Commercial Air Curtain for lift Supermarkets Malls\"},{\"@type\":\"BreadcrumbList\",\"@id\":\"https:\/\/induzon.com\/fr\/produit\/rideau-dair-chaud-commercial-pour-ascenseurs-supermarcha-magasin-rideau-anti-mouche-rideau-de-porte-exterieur-rideau-thermique-chaud-et-froid-rideau-dair-sans-chauffage-rideau\/#breadcrumb\",\"itemListElement\":[{\"@type\":\"ListItem\",\"position\":1,\"name\":\"\u9996\u9875\",\"item\":\"https:\/\/induzon.com\/fr\/\"},{\"@type\":\"ListItem\",\"position\":2,\"name\":\"Boutique\",\"item\":\"https:\/\/induzon.com\/fr\/boutique\/\"},{\"@type\":\"ListItem\",\"position\":3,\"name\":\"rideau d\u2019air chaud commercial pour ascenseurs supermarch\u00c3\u00a9 magasin rideau anti mouche rideau de porte exterieur rideau thermique chaud et froid rideau d\u2019air sans chauffage rideau air froid rideaux d\u2019air chaud industriel\"}]},{\"@type\":\"WebSite\",\"@id\":\"https:\/\/induzon.com\/fr\/#website\",\"url\":\"https:\/\/induzon.com\/fr\/\",\"name\":\"induzon\",\"description\":\"\",\"publisher\":{\"@id\":\"https:\/\/induzon.com\/fr\/#organization\"},\"potentialAction\":[{\"@type\":\"SearchAction\",\"target\":{\"@type\":\"EntryPoint\",\"urlTemplate\":\"https:\/\/induzon.com\/fr\/?s={search_term_string}\"},\"query-input\":{\"@type\":\"PropertyValueSpecification\",\"valueRequired\":true,\"valueName\":\"search_term_string\"}}],\"inLanguage\":\"fr-FR\"},{\"@type\":\"Organization\",\"@id\":\"https:\/\/induzon.com\/fr\/#organization\",\"name\":\"induzon\",\"url\":\"https:\/\/induzon.com\/fr\/\",\"logo\":{\"@type\":\"ImageObject\",\"inLanguage\":\"fr-FR\",\"@id\":\"https:\/\/induzon.com\/fr\/#\/schema\/logo\/image\/\",\"url\":\"https:\/\/induzon.com\/wp-content\/uploads\/2025\/05\/cropped-026.png\",\"contentUrl\":\"https:\/\/induzon.com\/wp-content\/uploads\/2025\/05\/cropped-026.png\",\"width\":512,\"height\":512,\"caption\":\"induzon\"},\"image\":{\"@id\":\"https:\/\/induzon.com\/fr\/#\/schema\/logo\/image\/\"}}]}<\/script>\r\n<!-- \/ Yoast SEO plugin. -->","yoast_head_json":{"title":"Rideau d'air pour usage industriel Porte \u00e0 rideau d'air -Induzon","description":"Rideaux d'air chaud\/froid industriels et commerciaux. Protection anti-mouches et isolation thermique pour portes d'entr\u00e9e de magasins et entrep\u00f4ts.","robots":{"index":"index","follow":"follow","max-snippet":"max-snippet:-1","max-image-preview":"max-image-preview:large","max-video-preview":"max-video-preview:-1"},"canonical":"https:\/\/induzon.com\/fr\/produit\/rideau-dair-chaud-commercial-pour-ascenseurs-supermarcha-magasin-rideau-anti-mouche-rideau-de-porte-exterieur-rideau-thermique-chaud-et-froid-rideau-dair-sans-chauffage-rideau\/","og_locale":"fr_FR","og_type":"article","og_title":"Rideau d'air pour usage industriel Porte \u00e0 rideau d'air -Induzon","og_description":"Rideaux d'air chaud\/froid industriels et commerciaux. Protection anti-mouches et isolation thermique pour portes d'entr\u00e9e de magasins et entrep\u00f4ts.","og_url":"https:\/\/induzon.com\/fr\/produit\/rideau-dair-chaud-commercial-pour-ascenseurs-supermarcha-magasin-rideau-anti-mouche-rideau-de-porte-exterieur-rideau-thermique-chaud-et-froid-rideau-dair-sans-chauffage-rideau\/","og_site_name":"induzon","article_modified_time":"2026-01-06T01:36:26+00:00","og_image":[{"width":1500,"height":1500,"url":"https:\/\/induzon.com\/wp-content\/uploads\/2025\/06\/\u56fe-8-3.jpg","type":"image\/jpeg"}],"twitter_card":"summary_large_image","twitter_misc":{"Dur\u00e9e de lecture estim\u00e9e":"1 minute"},"schema":{"@context":"https:\/\/schema.org","@graph":[{"@type":"WebPage","@id":"https:\/\/induzon.com\/fr\/produit\/rideau-dair-chaud-commercial-pour-ascenseurs-supermarcha-magasin-rideau-anti-mouche-rideau-de-porte-exterieur-rideau-thermique-chaud-et-froid-rideau-dair-sans-chauffage-rideau\/","url":"https:\/\/induzon.com\/fr\/produit\/rideau-dair-chaud-commercial-pour-ascenseurs-supermarcha-magasin-rideau-anti-mouche-rideau-de-porte-exterieur-rideau-thermique-chaud-et-froid-rideau-dair-sans-chauffage-rideau\/","name":"Rideau d'air pour usage industriel Porte \u00e0 rideau d'air -Induzon","isPartOf":{"@id":"https:\/\/induzon.com\/fr\/#website"},"primaryImageOfPage":{"@id":"https:\/\/induzon.com\/fr\/produit\/rideau-dair-chaud-commercial-pour-ascenseurs-supermarcha-magasin-rideau-anti-mouche-rideau-de-porte-exterieur-rideau-thermique-chaud-et-froid-rideau-dair-sans-chauffage-rideau\/#primaryimage"},"image":{"@id":"https:\/\/induzon.com\/fr\/produit\/rideau-dair-chaud-commercial-pour-ascenseurs-supermarcha-magasin-rideau-anti-mouche-rideau-de-porte-exterieur-rideau-thermique-chaud-et-froid-rideau-dair-sans-chauffage-rideau\/#primaryimage"},"thumbnailUrl":"https:\/\/induzon.com\/wp-content\/uploads\/2025\/06\/\u56fe-8-3.jpg","datePublished":"2025-06-25T01:25:35+00:00","dateModified":"2026-01-06T01:36:26+00:00","description":"Rideaux d'air chaud\/froid industriels et commerciaux. Protection anti-mouches et isolation thermique pour portes d'entr\u00e9e de magasins et entrep\u00f4ts.","breadcrumb":{"@id":"https:\/\/induzon.com\/fr\/produit\/rideau-dair-chaud-commercial-pour-ascenseurs-supermarcha-magasin-rideau-anti-mouche-rideau-de-porte-exterieur-rideau-thermique-chaud-et-froid-rideau-dair-sans-chauffage-rideau\/#breadcrumb"},"inLanguage":"fr-FR","potentialAction":[{"@type":"ReadAction","target":["https:\/\/induzon.com\/fr\/produit\/rideau-dair-chaud-commercial-pour-ascenseurs-supermarcha-magasin-rideau-anti-mouche-rideau-de-porte-exterieur-rideau-thermique-chaud-et-froid-rideau-dair-sans-chauffage-rideau\/"]}]},{"@type":"ImageObject","inLanguage":"fr-FR","@id":"https:\/\/induzon.com\/fr\/produit\/rideau-dair-chaud-commercial-pour-ascenseurs-supermarcha-magasin-rideau-anti-mouche-rideau-de-porte-exterieur-rideau-thermique-chaud-et-froid-rideau-dair-sans-chauffage-rideau\/#primaryimage","url":"https:\/\/induzon.com\/wp-content\/uploads\/2025\/06\/\u56fe-8-3.jpg","contentUrl":"https:\/\/induzon.com\/wp-content\/uploads\/2025\/06\/\u56fe-8-3.jpg","width":1500,"height":1500,"caption":"Commercial Air Curtain for lift Supermarkets Malls"},{"@type":"BreadcrumbList","@id":"https:\/\/induzon.com\/fr\/produit\/rideau-dair-chaud-commercial-pour-ascenseurs-supermarcha-magasin-rideau-anti-mouche-rideau-de-porte-exterieur-rideau-thermique-chaud-et-froid-rideau-dair-sans-chauffage-rideau\/#breadcrumb","itemListElement":[{"@type":"ListItem","position":1,"name":"\u9996\u9875","item":"https:\/\/induzon.com\/fr\/"},{"@type":"ListItem","position":2,"name":"Boutique","item":"https:\/\/induzon.com\/fr\/boutique\/"},{"@type":"ListItem","position":3,"name":"rideau d\u2019air chaud commercial pour ascenseurs supermarch\u00c3\u00a9 magasin rideau anti mouche rideau de porte exterieur rideau thermique chaud et froid rideau d\u2019air sans chauffage rideau air froid rideaux d\u2019air chaud industriel"}]},{"@type":"WebSite","@id":"https:\/\/induzon.com\/fr\/#website","url":"https:\/\/induzon.com\/fr\/","name":"induzon","description":"","publisher":{"@id":"https:\/\/induzon.com\/fr\/#organization"},"potentialAction":[{"@type":"SearchAction","target":{"@type":"EntryPoint","urlTemplate":"https:\/\/induzon.com\/fr\/?s={search_term_string}"},"query-input":{"@type":"PropertyValueSpecification","valueRequired":true,"valueName":"search_term_string"}}],"inLanguage":"fr-FR"},{"@type":"Organization","@id":"https:\/\/induzon.com\/fr\/#organization","name":"induzon","url":"https:\/\/induzon.com\/fr\/","logo":{"@type":"ImageObject","inLanguage":"fr-FR","@id":"https:\/\/induzon.com\/fr\/#\/schema\/logo\/image\/","url":"https:\/\/induzon.com\/wp-content\/uploads\/2025\/05\/cropped-026.png","contentUrl":"https:\/\/induzon.com\/wp-content\/uploads\/2025\/05\/cropped-026.png","width":512,"height":512,"caption":"induzon"},"image":{"@id":"https:\/\/induzon.com\/fr\/#\/schema\/logo\/image\/"}}]}},"_links":{"self":[{"href":"https:\/\/induzon.com\/fr\/wp-json\/wp\/v2\/product\/12243","targetHints":{"allow":["GET"]}}],"collection":[{"href":"https:\/\/induzon.com\/fr\/wp-json\/wp\/v2\/product"}],"about":[{"href":"https:\/\/induzon.com\/fr\/wp-json\/wp\/v2\/types\/product"}],"replies":[{"embeddable":true,"href":"https:\/\/induzon.com\/fr\/wp-json\/wp\/v2\/comments?post=12243"}],"version-history":[{"count":1,"href":"https:\/\/induzon.com\/fr\/wp-json\/wp\/v2\/product\/12243\/revisions"}],"predecessor-version":[{"id":32759,"href":"https:\/\/induzon.com\/fr\/wp-json\/wp\/v2\/product\/12243\/revisions\/32759"}],"wp:featuredmedia":[{"embeddable":true,"href":"https:\/\/induzon.com\/fr\/wp-json\/wp\/v2\/media\/12158"}],"wp:attachment":[{"href":"https:\/\/induzon.com\/fr\/wp-json\/wp\/v2\/media?parent=12243"}],"wp:term":[{"taxonomy":"product_brand","embeddable":true,"href":"https:\/\/induzon.com\/fr\/wp-json\/wp\/v2\/product_brand?post=12243"},{"taxonomy":"product_cat","embeddable":true,"href":"https:\/\/induzon.com\/fr\/wp-json\/wp\/v2\/product_cat?post=12243"},{"taxonomy":"product_tag","embeddable":true,"href":"https:\/\/induzon.com\/fr\/wp-json\/wp\/v2\/product_tag?post=12243"}],"curies":[{"name":"wp","href":"https:\/\/api.w.org\/{rel}","templated":true}]}}