{"id":14701,"date":"2025-07-01T15:34:24","date_gmt":"2025-07-01T07:34:24","guid":{"rendered":"https:\/\/induzon.com\/shop\/rideau-dair-industriel-centrifuge-rideau-dair-chaud-commercial-pour-supermarche-magasin-rideau-anti-mouche-rideau-de-porte-exterieur-rideau-thermique-chaud-et-froid-rideau-dair-sans-chauffage-ri\/"},"modified":"2026-01-05T09:31:13","modified_gmt":"2026-01-05T01:31:13","slug":"rideau-dair-industriel-centrifuge-rideau-dair-chaud-commercial-pour-supermarche-magasin-rideau-anti-mouche-rideau-de-porte-exterieur-rideau-thermique-chaud-et-froid-rideau-dair-sans-chauffage-ri","status":"publish","type":"product","link":"https:\/\/induzon.com\/fr\/produit\/rideau-dair-industriel-centrifuge-rideau-dair-chaud-commercial-pour-supermarche-magasin-rideau-anti-mouche-rideau-de-porte-exterieur-rideau-thermique-chaud-et-froid-rideau-dair-sans-chauffage-ri\/","title":{"rendered":"Rideau d&rsquo;air industriel centrifuge rideau d&rsquo;air chaud commercial pour supermarch\u00e9 magasin rideau anti mouche rideau de porte exterieur rideau thermique chaud et froid rideau d&rsquo;air sans chauffage rideau air froid rideaux d&rsquo;air chaud industriel Pour ateliers usines"},"content":{"rendered":"<p>1.\u00c9cran d&rsquo;air commercial pour supermarch\u00e9s et magasins, emp\u00eachant les insectes et la poussi\u00e8re<br \/>\n2.Haute performance avec un flux d&rsquo;air puissant, id\u00e9al pour les grandes entr\u00e9es et zones industrielles<br \/>\n3.Conception durable et \u00e9conome en \u00e9nergie, adapt\u00e9e \u00e0 une utilisation intensive en milieu commercial<br \/>\n4.Installation facile et compatible avec la plupart des portes et entr\u00e9es de magasins<br \/>\n5.Id\u00e9al pour maintenir la temp\u00e9rature int\u00e9rieure et r\u00e9duire les courants d&rsquo;air dans les espaces commerciaux<\/p>\n","protected":false},"excerpt":{"rendered":"<p>1.\u00c9cran d&rsquo;air commercial pour supermarch\u00e9s et magasins, emp\u00eachant les insectes et la poussi\u00e8re 2.Haute performance avec un flux d&rsquo;air puissant, [&hellip;]<\/p>\n","protected":false},"featured_media":14573,"comment_status":"open","ping_status":"closed","template":"","meta":{"site-sidebar-layout":"default","site-content-layout":"","ast-site-content-layout":"default","site-content-style":"default","site-sidebar-style":"default","ast-global-header-display":"","ast-banner-title-visibility":"","ast-main-header-display":"","ast-hfb-above-header-display":"","ast-hfb-below-header-display":"","ast-hfb-mobile-header-display":"","site-post-title":"","ast-breadcrumbs-content":"","ast-featured-img":"","footer-sml-layout":"","theme-transparent-header-meta":"default","adv-header-id-meta":"","stick-header-meta":"","header-above-stick-meta":"","header-main-stick-meta":"","header-below-stick-meta":"","astra-migrate-meta-layouts":"set","ast-page-background-enabled":"default","ast-page-background-meta":{"desktop":{"background-color":"var(--ast-global-color-4)","background-image":"","background-repeat":"repeat","background-position":"center center","background-size":"auto","background-attachment":"scroll","background-type":"","background-media":"","overlay-type":"","overlay-color":"","overlay-opacity":"","overlay-gradient":""},"tablet":{"background-color":"","background-image":"","background-repeat":"repeat","background-position":"center center","background-size":"auto","background-attachment":"scroll","background-type":"","background-media":"","overlay-type":"","overlay-color":"","overlay-opacity":"","overlay-gradient":""},"mobile":{"background-color":"","background-image":"","background-repeat":"repeat","background-position":"center center","background-size":"auto","background-attachment":"scroll","background-type":"","background-media":"","overlay-type":"","overlay-color":"","overlay-opacity":"","overlay-gradient":""}},"ast-content-background-meta":{"desktop":{"background-color":"var(--ast-global-color-5)","background-image":"","background-repeat":"repeat","background-position":"center center","background-size":"auto","background-attachment":"scroll","background-type":"","background-media":"","overlay-type":"","overlay-color":"","overlay-opacity":"","overlay-gradient":""},"tablet":{"background-color":"var(--ast-global-color-5)","background-image":"","background-repeat":"repeat","background-position":"center center","background-size":"auto","background-attachment":"scroll","background-type":"","background-media":"","overlay-type":"","overlay-color":"","overlay-opacity":"","overlay-gradient":""},"mobile":{"background-color":"var(--ast-global-color-5)","background-image":"","background-repeat":"repeat","background-position":"center center","background-size":"auto","background-attachment":"scroll","background-type":"","background-media":"","overlay-type":"","overlay-color":"","overlay-opacity":"","overlay-gradient":""}}},"product_brand":[],"product_cat":[1059,1060,1338],"product_tag":[1339],"class_list":{"0":"post-14701","1":"product","2":"type-product","3":"status-publish","4":"has-post-thumbnail","6":"product_cat-equipement-industriel-et-commercial","7":"product_cat-equipements-de-climatisation-et-de-ventilation","8":"product_cat-rideaux-dair-centrifuges-industriels","9":"product_tag-rideaux-dair-centrifuges-industriels","10":"desktop-align-left","11":"tablet-align-left","12":"mobile-align-left","14":"first","15":"instock","16":"sale","17":"shipping-taxable","18":"purchasable","19":"product-type-variable"},"yoast_head":"<!-- This site is optimized with the Yoast SEO plugin v24.9 - https:\/\/yoast.com\/wordpress\/plugins\/seo\/ -->\r\n<title>Rideaux d&#039;air industriels et souffleurs de portes PVC -Induzon<\/title>\r\n<meta name=\"description\" content=\"Rideaux d&#039;air chaud\/froid industriels et commerciaux. Protection anti-mouches et isolation thermique pour portes d&#039;entr\u00e9e de magasins et entrep\u00f4ts.\" \/>\r\n<meta name=\"robots\" content=\"index, follow, max-snippet:-1, max-image-preview:large, max-video-preview:-1\" \/>\r\n<link rel=\"canonical\" href=\"https:\/\/induzon.com\/fr\/produit\/rideau-dair-industriel-centrifuge-rideau-dair-chaud-commercial-pour-supermarche-magasin-rideau-anti-mouche-rideau-de-porte-exterieur-rideau-thermique-chaud-et-froid-rideau-dair-sans-chauffage-ri\/\" \/>\r\n<meta property=\"og:locale\" content=\"fr_FR\" \/>\r\n<meta property=\"og:type\" content=\"article\" \/>\r\n<meta property=\"og:title\" content=\"Rideaux d&#039;air industriels et souffleurs de portes PVC -Induzon\" \/>\r\n<meta property=\"og:description\" content=\"Rideaux d&#039;air chaud\/froid industriels et commerciaux. Protection anti-mouches et isolation thermique pour portes d&#039;entr\u00e9e de magasins et entrep\u00f4ts.\" \/>\r\n<meta property=\"og:url\" content=\"https:\/\/induzon.com\/fr\/produit\/rideau-dair-industriel-centrifuge-rideau-dair-chaud-commercial-pour-supermarche-magasin-rideau-anti-mouche-rideau-de-porte-exterieur-rideau-thermique-chaud-et-froid-rideau-dair-sans-chauffage-ri\/\" \/>\r\n<meta property=\"og:site_name\" content=\"induzon\" \/>\r\n<meta property=\"article:modified_time\" content=\"2026-01-05T01:31:13+00:00\" \/>\r\n<meta property=\"og:image\" content=\"https:\/\/induzon.com\/wp-content\/uploads\/2025\/07\/\u56fe-9.jpg\" \/>\r\n\t<meta property=\"og:image:width\" content=\"1500\" \/>\r\n\t<meta property=\"og:image:height\" content=\"1500\" \/>\r\n\t<meta property=\"og:image:type\" content=\"image\/jpeg\" \/>\r\n<meta name=\"twitter:card\" content=\"summary_large_image\" \/>\r\n<meta name=\"twitter:label1\" content=\"Dur\u00e9e de lecture estim\u00e9e\" \/>\n\t<meta name=\"twitter:data1\" content=\"1 minute\" \/>\r\n<script type=\"application\/ld+json\" class=\"yoast-schema-graph\">{\"@context\":\"https:\/\/schema.org\",\"@graph\":[{\"@type\":\"WebPage\",\"@id\":\"https:\/\/induzon.com\/fr\/produit\/rideau-dair-industriel-centrifuge-rideau-dair-chaud-commercial-pour-supermarche-magasin-rideau-anti-mouche-rideau-de-porte-exterieur-rideau-thermique-chaud-et-froid-rideau-dair-sans-chauffage-ri\/\",\"url\":\"https:\/\/induzon.com\/fr\/produit\/rideau-dair-industriel-centrifuge-rideau-dair-chaud-commercial-pour-supermarche-magasin-rideau-anti-mouche-rideau-de-porte-exterieur-rideau-thermique-chaud-et-froid-rideau-dair-sans-chauffage-ri\/\",\"name\":\"Rideaux d'air industriels et souffleurs de portes PVC -Induzon\",\"isPartOf\":{\"@id\":\"https:\/\/induzon.com\/fr\/#website\"},\"primaryImageOfPage\":{\"@id\":\"https:\/\/induzon.com\/fr\/produit\/rideau-dair-industriel-centrifuge-rideau-dair-chaud-commercial-pour-supermarche-magasin-rideau-anti-mouche-rideau-de-porte-exterieur-rideau-thermique-chaud-et-froid-rideau-dair-sans-chauffage-ri\/#primaryimage\"},\"image\":{\"@id\":\"https:\/\/induzon.com\/fr\/produit\/rideau-dair-industriel-centrifuge-rideau-dair-chaud-commercial-pour-supermarche-magasin-rideau-anti-mouche-rideau-de-porte-exterieur-rideau-thermique-chaud-et-froid-rideau-dair-sans-chauffage-ri\/#primaryimage\"},\"thumbnailUrl\":\"https:\/\/induzon.com\/wp-content\/uploads\/2025\/07\/\u56fe-9.jpg\",\"datePublished\":\"2025-07-01T07:34:24+00:00\",\"dateModified\":\"2026-01-05T01:31:13+00:00\",\"description\":\"Rideaux d'air chaud\/froid industriels et commerciaux. Protection anti-mouches et isolation thermique pour portes d'entr\u00e9e de magasins et entrep\u00f4ts.\",\"breadcrumb\":{\"@id\":\"https:\/\/induzon.com\/fr\/produit\/rideau-dair-industriel-centrifuge-rideau-dair-chaud-commercial-pour-supermarche-magasin-rideau-anti-mouche-rideau-de-porte-exterieur-rideau-thermique-chaud-et-froid-rideau-dair-sans-chauffage-ri\/#breadcrumb\"},\"inLanguage\":\"fr-FR\",\"potentialAction\":[{\"@type\":\"ReadAction\",\"target\":[\"https:\/\/induzon.com\/fr\/produit\/rideau-dair-industriel-centrifuge-rideau-dair-chaud-commercial-pour-supermarche-magasin-rideau-anti-mouche-rideau-de-porte-exterieur-rideau-thermique-chaud-et-froid-rideau-dair-sans-chauffage-ri\/\"]}]},{\"@type\":\"ImageObject\",\"inLanguage\":\"fr-FR\",\"@id\":\"https:\/\/induzon.com\/fr\/produit\/rideau-dair-industriel-centrifuge-rideau-dair-chaud-commercial-pour-supermarche-magasin-rideau-anti-mouche-rideau-de-porte-exterieur-rideau-thermique-chaud-et-froid-rideau-dair-sans-chauffage-ri\/#primaryimage\",\"url\":\"https:\/\/induzon.com\/wp-content\/uploads\/2025\/07\/\u56fe-9.jpg\",\"contentUrl\":\"https:\/\/induzon.com\/wp-content\/uploads\/2025\/07\/\u56fe-9.jpg\",\"width\":1500,\"height\":1500,\"caption\":\"Industrial Centrifugal Air Curtains Commercial Air Curtains Shopping Centre Industrial Air Curtains Door Blowers Air Curtain Blowers for Drive-In Windows Door Blowers Commercial Indoor Air Curtains Heated Rear Curve Centrifugal Exhaust Ceilings Outdoor Residential Entrances Workshops Factories\"},{\"@type\":\"BreadcrumbList\",\"@id\":\"https:\/\/induzon.com\/fr\/produit\/rideau-dair-industriel-centrifuge-rideau-dair-chaud-commercial-pour-supermarche-magasin-rideau-anti-mouche-rideau-de-porte-exterieur-rideau-thermique-chaud-et-froid-rideau-dair-sans-chauffage-ri\/#breadcrumb\",\"itemListElement\":[{\"@type\":\"ListItem\",\"position\":1,\"name\":\"\u9996\u9875\",\"item\":\"https:\/\/induzon.com\/fr\/\"},{\"@type\":\"ListItem\",\"position\":2,\"name\":\"Boutique\",\"item\":\"https:\/\/induzon.com\/fr\/boutique\/\"},{\"@type\":\"ListItem\",\"position\":3,\"name\":\"Rideau d&#8217;air industriel centrifuge rideau d&#8217;air chaud commercial pour supermarch\u00e9 magasin rideau anti mouche rideau de porte exterieur rideau thermique chaud et froid rideau d&#8217;air sans chauffage rideau air froid rideaux d&#8217;air chaud industriel Pour ateliers usines\"}]},{\"@type\":\"WebSite\",\"@id\":\"https:\/\/induzon.com\/fr\/#website\",\"url\":\"https:\/\/induzon.com\/fr\/\",\"name\":\"induzon\",\"description\":\"\",\"publisher\":{\"@id\":\"https:\/\/induzon.com\/fr\/#organization\"},\"potentialAction\":[{\"@type\":\"SearchAction\",\"target\":{\"@type\":\"EntryPoint\",\"urlTemplate\":\"https:\/\/induzon.com\/fr\/?s={search_term_string}\"},\"query-input\":{\"@type\":\"PropertyValueSpecification\",\"valueRequired\":true,\"valueName\":\"search_term_string\"}}],\"inLanguage\":\"fr-FR\"},{\"@type\":\"Organization\",\"@id\":\"https:\/\/induzon.com\/fr\/#organization\",\"name\":\"induzon\",\"url\":\"https:\/\/induzon.com\/fr\/\",\"logo\":{\"@type\":\"ImageObject\",\"inLanguage\":\"fr-FR\",\"@id\":\"https:\/\/induzon.com\/fr\/#\/schema\/logo\/image\/\",\"url\":\"https:\/\/induzon.com\/wp-content\/uploads\/2025\/05\/cropped-026.png\",\"contentUrl\":\"https:\/\/induzon.com\/wp-content\/uploads\/2025\/05\/cropped-026.png\",\"width\":512,\"height\":512,\"caption\":\"induzon\"},\"image\":{\"@id\":\"https:\/\/induzon.com\/fr\/#\/schema\/logo\/image\/\"}}]}<\/script>\r\n<!-- \/ Yoast SEO plugin. -->","yoast_head_json":{"title":"Rideaux d'air industriels et souffleurs de portes PVC -Induzon","description":"Rideaux d'air chaud\/froid industriels et commerciaux. Protection anti-mouches et isolation thermique pour portes d'entr\u00e9e de magasins et entrep\u00f4ts.","robots":{"index":"index","follow":"follow","max-snippet":"max-snippet:-1","max-image-preview":"max-image-preview:large","max-video-preview":"max-video-preview:-1"},"canonical":"https:\/\/induzon.com\/fr\/produit\/rideau-dair-industriel-centrifuge-rideau-dair-chaud-commercial-pour-supermarche-magasin-rideau-anti-mouche-rideau-de-porte-exterieur-rideau-thermique-chaud-et-froid-rideau-dair-sans-chauffage-ri\/","og_locale":"fr_FR","og_type":"article","og_title":"Rideaux d'air industriels et souffleurs de portes PVC -Induzon","og_description":"Rideaux d'air chaud\/froid industriels et commerciaux. Protection anti-mouches et isolation thermique pour portes d'entr\u00e9e de magasins et entrep\u00f4ts.","og_url":"https:\/\/induzon.com\/fr\/produit\/rideau-dair-industriel-centrifuge-rideau-dair-chaud-commercial-pour-supermarche-magasin-rideau-anti-mouche-rideau-de-porte-exterieur-rideau-thermique-chaud-et-froid-rideau-dair-sans-chauffage-ri\/","og_site_name":"induzon","article_modified_time":"2026-01-05T01:31:13+00:00","og_image":[{"width":1500,"height":1500,"url":"https:\/\/induzon.com\/wp-content\/uploads\/2025\/07\/\u56fe-9.jpg","type":"image\/jpeg"}],"twitter_card":"summary_large_image","twitter_misc":{"Dur\u00e9e de lecture estim\u00e9e":"1 minute"},"schema":{"@context":"https:\/\/schema.org","@graph":[{"@type":"WebPage","@id":"https:\/\/induzon.com\/fr\/produit\/rideau-dair-industriel-centrifuge-rideau-dair-chaud-commercial-pour-supermarche-magasin-rideau-anti-mouche-rideau-de-porte-exterieur-rideau-thermique-chaud-et-froid-rideau-dair-sans-chauffage-ri\/","url":"https:\/\/induzon.com\/fr\/produit\/rideau-dair-industriel-centrifuge-rideau-dair-chaud-commercial-pour-supermarche-magasin-rideau-anti-mouche-rideau-de-porte-exterieur-rideau-thermique-chaud-et-froid-rideau-dair-sans-chauffage-ri\/","name":"Rideaux d'air industriels et souffleurs de portes PVC -Induzon","isPartOf":{"@id":"https:\/\/induzon.com\/fr\/#website"},"primaryImageOfPage":{"@id":"https:\/\/induzon.com\/fr\/produit\/rideau-dair-industriel-centrifuge-rideau-dair-chaud-commercial-pour-supermarche-magasin-rideau-anti-mouche-rideau-de-porte-exterieur-rideau-thermique-chaud-et-froid-rideau-dair-sans-chauffage-ri\/#primaryimage"},"image":{"@id":"https:\/\/induzon.com\/fr\/produit\/rideau-dair-industriel-centrifuge-rideau-dair-chaud-commercial-pour-supermarche-magasin-rideau-anti-mouche-rideau-de-porte-exterieur-rideau-thermique-chaud-et-froid-rideau-dair-sans-chauffage-ri\/#primaryimage"},"thumbnailUrl":"https:\/\/induzon.com\/wp-content\/uploads\/2025\/07\/\u56fe-9.jpg","datePublished":"2025-07-01T07:34:24+00:00","dateModified":"2026-01-05T01:31:13+00:00","description":"Rideaux d'air chaud\/froid industriels et commerciaux. Protection anti-mouches et isolation thermique pour portes d'entr\u00e9e de magasins et entrep\u00f4ts.","breadcrumb":{"@id":"https:\/\/induzon.com\/fr\/produit\/rideau-dair-industriel-centrifuge-rideau-dair-chaud-commercial-pour-supermarche-magasin-rideau-anti-mouche-rideau-de-porte-exterieur-rideau-thermique-chaud-et-froid-rideau-dair-sans-chauffage-ri\/#breadcrumb"},"inLanguage":"fr-FR","potentialAction":[{"@type":"ReadAction","target":["https:\/\/induzon.com\/fr\/produit\/rideau-dair-industriel-centrifuge-rideau-dair-chaud-commercial-pour-supermarche-magasin-rideau-anti-mouche-rideau-de-porte-exterieur-rideau-thermique-chaud-et-froid-rideau-dair-sans-chauffage-ri\/"]}]},{"@type":"ImageObject","inLanguage":"fr-FR","@id":"https:\/\/induzon.com\/fr\/produit\/rideau-dair-industriel-centrifuge-rideau-dair-chaud-commercial-pour-supermarche-magasin-rideau-anti-mouche-rideau-de-porte-exterieur-rideau-thermique-chaud-et-froid-rideau-dair-sans-chauffage-ri\/#primaryimage","url":"https:\/\/induzon.com\/wp-content\/uploads\/2025\/07\/\u56fe-9.jpg","contentUrl":"https:\/\/induzon.com\/wp-content\/uploads\/2025\/07\/\u56fe-9.jpg","width":1500,"height":1500,"caption":"Industrial Centrifugal Air Curtains Commercial Air Curtains Shopping Centre Industrial Air Curtains Door Blowers Air Curtain Blowers for Drive-In Windows Door Blowers Commercial Indoor Air Curtains Heated Rear Curve Centrifugal Exhaust Ceilings Outdoor Residential Entrances Workshops Factories"},{"@type":"BreadcrumbList","@id":"https:\/\/induzon.com\/fr\/produit\/rideau-dair-industriel-centrifuge-rideau-dair-chaud-commercial-pour-supermarche-magasin-rideau-anti-mouche-rideau-de-porte-exterieur-rideau-thermique-chaud-et-froid-rideau-dair-sans-chauffage-ri\/#breadcrumb","itemListElement":[{"@type":"ListItem","position":1,"name":"\u9996\u9875","item":"https:\/\/induzon.com\/fr\/"},{"@type":"ListItem","position":2,"name":"Boutique","item":"https:\/\/induzon.com\/fr\/boutique\/"},{"@type":"ListItem","position":3,"name":"Rideau d&#8217;air industriel centrifuge rideau d&#8217;air chaud commercial pour supermarch\u00e9 magasin rideau anti mouche rideau de porte exterieur rideau thermique chaud et froid rideau d&#8217;air sans chauffage rideau air froid rideaux d&#8217;air chaud industriel Pour ateliers usines"}]},{"@type":"WebSite","@id":"https:\/\/induzon.com\/fr\/#website","url":"https:\/\/induzon.com\/fr\/","name":"induzon","description":"","publisher":{"@id":"https:\/\/induzon.com\/fr\/#organization"},"potentialAction":[{"@type":"SearchAction","target":{"@type":"EntryPoint","urlTemplate":"https:\/\/induzon.com\/fr\/?s={search_term_string}"},"query-input":{"@type":"PropertyValueSpecification","valueRequired":true,"valueName":"search_term_string"}}],"inLanguage":"fr-FR"},{"@type":"Organization","@id":"https:\/\/induzon.com\/fr\/#organization","name":"induzon","url":"https:\/\/induzon.com\/fr\/","logo":{"@type":"ImageObject","inLanguage":"fr-FR","@id":"https:\/\/induzon.com\/fr\/#\/schema\/logo\/image\/","url":"https:\/\/induzon.com\/wp-content\/uploads\/2025\/05\/cropped-026.png","contentUrl":"https:\/\/induzon.com\/wp-content\/uploads\/2025\/05\/cropped-026.png","width":512,"height":512,"caption":"induzon"},"image":{"@id":"https:\/\/induzon.com\/fr\/#\/schema\/logo\/image\/"}}]}},"_links":{"self":[{"href":"https:\/\/induzon.com\/fr\/wp-json\/wp\/v2\/product\/14701","targetHints":{"allow":["GET"]}}],"collection":[{"href":"https:\/\/induzon.com\/fr\/wp-json\/wp\/v2\/product"}],"about":[{"href":"https:\/\/induzon.com\/fr\/wp-json\/wp\/v2\/types\/product"}],"replies":[{"embeddable":true,"href":"https:\/\/induzon.com\/fr\/wp-json\/wp\/v2\/comments?post=14701"}],"version-history":[{"count":1,"href":"https:\/\/induzon.com\/fr\/wp-json\/wp\/v2\/product\/14701\/revisions"}],"predecessor-version":[{"id":32705,"href":"https:\/\/induzon.com\/fr\/wp-json\/wp\/v2\/product\/14701\/revisions\/32705"}],"wp:featuredmedia":[{"embeddable":true,"href":"https:\/\/induzon.com\/fr\/wp-json\/wp\/v2\/media\/14573"}],"wp:attachment":[{"href":"https:\/\/induzon.com\/fr\/wp-json\/wp\/v2\/media?parent=14701"}],"wp:term":[{"taxonomy":"product_brand","embeddable":true,"href":"https:\/\/induzon.com\/fr\/wp-json\/wp\/v2\/product_brand?post=14701"},{"taxonomy":"product_cat","embeddable":true,"href":"https:\/\/induzon.com\/fr\/wp-json\/wp\/v2\/product_cat?post=14701"},{"taxonomy":"product_tag","embeddable":true,"href":"https:\/\/induzon.com\/fr\/wp-json\/wp\/v2\/product_tag?post=14701"}],"curies":[{"name":"wp","href":"https:\/\/api.w.org\/{rel}","templated":true}]}}