{"id":15934,"date":"2025-07-02T14:32:01","date_gmt":"2025-07-02T06:32:01","guid":{"rendered":"https:\/\/induzon.com\/shop\/petit-secheur-dair-comprime-par-refrigeration-pour-compresseur-secheur-frigorifique-filtre-separateur-deau-et-dhuile-a-air-comprime-traitement-de-lair-industriel-regulateur-de-pression-dair\/"},"modified":"2026-01-02T13:35:24","modified_gmt":"2026-01-02T05:35:24","slug":"petit-secheur-dair-comprime-par-refrigeration-pour-compresseur-secheur-frigorifique-filtre-separateur-deau-et-dhuile-a-air-comprime-traitement-de-lair-industriel-regulateur-de-pression-dair","status":"publish","type":"product","link":"https:\/\/induzon.com\/fr\/produit\/petit-secheur-dair-comprime-par-refrigeration-pour-compresseur-secheur-frigorifique-filtre-separateur-deau-et-dhuile-a-air-comprime-traitement-de-lair-industriel-regulateur-de-pression-dair\/","title":{"rendered":"Petit S\u00e9cheur d&rsquo;air comprim\u00e9 et gaz par r\u00e9frig\u00e9ration pour compresseur s\u00e9cheur frigorifique filtre s\u00e9parateur d&rsquo;eau et d&rsquo;huile \u00e0 air comprim\u00e9 traitement de l&rsquo;air industriel r\u00e9gulateur de pression d&rsquo;air comprim\u00e9 Drain automatique"},"content":{"rendered":"<p>1.S\u00e8cheur d&rsquo;air comprim\u00e9 pour \u00e9liminer l&rsquo;humidit\u00e9 et prot\u00e9ger vos \u00e9quipements<br \/>\n2.Id\u00e9al pour les compresseurs d&rsquo;air, instruments optiques et \u00e9quipements de laboratoire<br \/>\n3.Compact et efficace, parfait pour les petites installations et les utilisations industrielles<br \/>\n4.\u00c9limine jusqu&rsquo;\u00e0 99% de l&rsquo;humidit\u00e9 pour une air comprim\u00e9 de haute qualit\u00e9<br \/>\n5.Facile \u00e0 installer et \u00e0 utiliser, n\u00e9cessite peu d&rsquo;entretien pour une performance optimale<\/p>\n","protected":false},"excerpt":{"rendered":"<p>1.S\u00e8cheur d&rsquo;air comprim\u00e9 pour \u00e9liminer l&rsquo;humidit\u00e9 et prot\u00e9ger vos \u00e9quipements 2.Id\u00e9al pour les compresseurs d&rsquo;air, instruments optiques et \u00e9quipements de [&hellip;]<\/p>\n","protected":false},"featured_media":15896,"comment_status":"open","ping_status":"closed","template":"","meta":{"site-sidebar-layout":"default","site-content-layout":"","ast-site-content-layout":"default","site-content-style":"default","site-sidebar-style":"default","ast-global-header-display":"","ast-banner-title-visibility":"","ast-main-header-display":"","ast-hfb-above-header-display":"","ast-hfb-below-header-display":"","ast-hfb-mobile-header-display":"","site-post-title":"","ast-breadcrumbs-content":"","ast-featured-img":"","footer-sml-layout":"","theme-transparent-header-meta":"default","adv-header-id-meta":"","stick-header-meta":"","header-above-stick-meta":"","header-main-stick-meta":"","header-below-stick-meta":"","astra-migrate-meta-layouts":"set","ast-page-background-enabled":"default","ast-page-background-meta":{"desktop":{"background-color":"var(--ast-global-color-4)","background-image":"","background-repeat":"repeat","background-position":"center center","background-size":"auto","background-attachment":"scroll","background-type":"","background-media":"","overlay-type":"","overlay-color":"","overlay-opacity":"","overlay-gradient":""},"tablet":{"background-color":"","background-image":"","background-repeat":"repeat","background-position":"center center","background-size":"auto","background-attachment":"scroll","background-type":"","background-media":"","overlay-type":"","overlay-color":"","overlay-opacity":"","overlay-gradient":""},"mobile":{"background-color":"","background-image":"","background-repeat":"repeat","background-position":"center center","background-size":"auto","background-attachment":"scroll","background-type":"","background-media":"","overlay-type":"","overlay-color":"","overlay-opacity":"","overlay-gradient":""}},"ast-content-background-meta":{"desktop":{"background-color":"var(--ast-global-color-5)","background-image":"","background-repeat":"repeat","background-position":"center center","background-size":"auto","background-attachment":"scroll","background-type":"","background-media":"","overlay-type":"","overlay-color":"","overlay-opacity":"","overlay-gradient":""},"tablet":{"background-color":"var(--ast-global-color-5)","background-image":"","background-repeat":"repeat","background-position":"center center","background-size":"auto","background-attachment":"scroll","background-type":"","background-media":"","overlay-type":"","overlay-color":"","overlay-opacity":"","overlay-gradient":""},"mobile":{"background-color":"var(--ast-global-color-5)","background-image":"","background-repeat":"repeat","background-position":"center center","background-size":"auto","background-attachment":"scroll","background-type":"","background-media":"","overlay-type":"","overlay-color":"","overlay-opacity":"","overlay-gradient":""}}},"product_brand":[],"product_cat":[1502,1059],"product_tag":[1503,1840],"class_list":{"0":"post-15934","1":"product","2":"type-product","3":"status-publish","4":"has-post-thumbnail","6":"product_cat-compresseurs-dair","7":"product_cat-equipement-industriel-et-commercial","8":"product_tag-compresseurs-dair","9":"product_tag-petit-sechoir-refrigere","10":"desktop-align-left","11":"tablet-align-left","12":"mobile-align-left","14":"first","15":"instock","16":"sale","17":"shipping-taxable","18":"purchasable","19":"product-type-simple"},"yoast_head":"<!-- This site is optimized with the Yoast SEO plugin v24.9 - https:\/\/yoast.com\/wordpress\/plugins\/seo\/ -->\r\n<title>D\u00e9shydrateur d&#039;air r\u00e9frig\u00e9r\u00e9 D\u00e9shumidificateur industriel -Induzon<\/title>\r\n<meta name=\"description\" content=\"S\u00e9cheur d&#039;air comprim\u00e9 pour compresseur avec s\u00e9parateur d&#039;eau et d&#039;huile, s\u00e9cheur frigorifique pour air industriel sec.\" \/>\r\n<meta name=\"robots\" content=\"index, follow, max-snippet:-1, max-image-preview:large, max-video-preview:-1\" \/>\r\n<link rel=\"canonical\" href=\"https:\/\/induzon.com\/fr\/produit\/petit-secheur-dair-comprime-par-refrigeration-pour-compresseur-secheur-frigorifique-filtre-separateur-deau-et-dhuile-a-air-comprime-traitement-de-lair-industriel-regulateur-de-pression-dair\/\" \/>\r\n<meta property=\"og:locale\" content=\"fr_FR\" \/>\r\n<meta property=\"og:type\" content=\"article\" \/>\r\n<meta property=\"og:title\" content=\"D\u00e9shydrateur d&#039;air r\u00e9frig\u00e9r\u00e9 D\u00e9shumidificateur industriel -Induzon\" \/>\r\n<meta property=\"og:description\" content=\"S\u00e9cheur d&#039;air comprim\u00e9 pour compresseur avec s\u00e9parateur d&#039;eau et d&#039;huile, s\u00e9cheur frigorifique pour air industriel sec.\" \/>\r\n<meta property=\"og:url\" content=\"https:\/\/induzon.com\/fr\/produit\/petit-secheur-dair-comprime-par-refrigeration-pour-compresseur-secheur-frigorifique-filtre-separateur-deau-et-dhuile-a-air-comprime-traitement-de-lair-industriel-regulateur-de-pression-dair\/\" \/>\r\n<meta property=\"og:site_name\" content=\"induzon\" \/>\r\n<meta property=\"article:modified_time\" content=\"2026-01-02T05:35:24+00:00\" \/>\r\n<meta property=\"og:image\" content=\"https:\/\/induzon.com\/wp-content\/uploads\/2025\/07\/01.jpg\" \/>\r\n\t<meta property=\"og:image:width\" content=\"1500\" \/>\r\n\t<meta property=\"og:image:height\" content=\"1500\" \/>\r\n\t<meta property=\"og:image:type\" content=\"image\/jpeg\" \/>\r\n<meta name=\"twitter:card\" content=\"summary_large_image\" \/>\r\n<meta name=\"twitter:label1\" content=\"Dur\u00e9e de lecture estim\u00e9e\" \/>\n\t<meta name=\"twitter:data1\" content=\"1 minute\" \/>\r\n<script type=\"application\/ld+json\" class=\"yoast-schema-graph\">{\"@context\":\"https:\/\/schema.org\",\"@graph\":[{\"@type\":\"WebPage\",\"@id\":\"https:\/\/induzon.com\/fr\/produit\/petit-secheur-dair-comprime-par-refrigeration-pour-compresseur-secheur-frigorifique-filtre-separateur-deau-et-dhuile-a-air-comprime-traitement-de-lair-industriel-regulateur-de-pression-dair\/\",\"url\":\"https:\/\/induzon.com\/fr\/produit\/petit-secheur-dair-comprime-par-refrigeration-pour-compresseur-secheur-frigorifique-filtre-separateur-deau-et-dhuile-a-air-comprime-traitement-de-lair-industriel-regulateur-de-pression-dair\/\",\"name\":\"D\u00e9shydrateur d'air r\u00e9frig\u00e9r\u00e9 D\u00e9shumidificateur industriel -Induzon\",\"isPartOf\":{\"@id\":\"https:\/\/induzon.com\/fr\/#website\"},\"primaryImageOfPage\":{\"@id\":\"https:\/\/induzon.com\/fr\/produit\/petit-secheur-dair-comprime-par-refrigeration-pour-compresseur-secheur-frigorifique-filtre-separateur-deau-et-dhuile-a-air-comprime-traitement-de-lair-industriel-regulateur-de-pression-dair\/#primaryimage\"},\"image\":{\"@id\":\"https:\/\/induzon.com\/fr\/produit\/petit-secheur-dair-comprime-par-refrigeration-pour-compresseur-secheur-frigorifique-filtre-separateur-deau-et-dhuile-a-air-comprime-traitement-de-lair-industriel-regulateur-de-pression-dair\/#primaryimage\"},\"thumbnailUrl\":\"https:\/\/induzon.com\/wp-content\/uploads\/2025\/07\/01.jpg\",\"datePublished\":\"2025-07-02T06:32:01+00:00\",\"dateModified\":\"2026-01-02T05:35:24+00:00\",\"description\":\"S\u00e9cheur d'air comprim\u00e9 pour compresseur avec s\u00e9parateur d'eau et d'huile, s\u00e9cheur frigorifique pour air industriel sec.\",\"breadcrumb\":{\"@id\":\"https:\/\/induzon.com\/fr\/produit\/petit-secheur-dair-comprime-par-refrigeration-pour-compresseur-secheur-frigorifique-filtre-separateur-deau-et-dhuile-a-air-comprime-traitement-de-lair-industriel-regulateur-de-pression-dair\/#breadcrumb\"},\"inLanguage\":\"fr-FR\",\"potentialAction\":[{\"@type\":\"ReadAction\",\"target\":[\"https:\/\/induzon.com\/fr\/produit\/petit-secheur-dair-comprime-par-refrigeration-pour-compresseur-secheur-frigorifique-filtre-separateur-deau-et-dhuile-a-air-comprime-traitement-de-lair-industriel-regulateur-de-pression-dair\/\"]}]},{\"@type\":\"ImageObject\",\"inLanguage\":\"fr-FR\",\"@id\":\"https:\/\/induzon.com\/fr\/produit\/petit-secheur-dair-comprime-par-refrigeration-pour-compresseur-secheur-frigorifique-filtre-separateur-deau-et-dhuile-a-air-comprime-traitement-de-lair-industriel-regulateur-de-pression-dair\/#primaryimage\",\"url\":\"https:\/\/induzon.com\/wp-content\/uploads\/2025\/07\/01.jpg\",\"contentUrl\":\"https:\/\/induzon.com\/wp-content\/uploads\/2025\/07\/01.jpg\",\"width\":1500,\"height\":1500,\"caption\":\"D\u00e9shydrateur d'air r\u00e9frig\u00e9r\u00e9 D\u00e9shumidificateur industriel\"},{\"@type\":\"BreadcrumbList\",\"@id\":\"https:\/\/induzon.com\/fr\/produit\/petit-secheur-dair-comprime-par-refrigeration-pour-compresseur-secheur-frigorifique-filtre-separateur-deau-et-dhuile-a-air-comprime-traitement-de-lair-industriel-regulateur-de-pression-dair\/#breadcrumb\",\"itemListElement\":[{\"@type\":\"ListItem\",\"position\":1,\"name\":\"\u9996\u9875\",\"item\":\"https:\/\/induzon.com\/fr\/\"},{\"@type\":\"ListItem\",\"position\":2,\"name\":\"Boutique\",\"item\":\"https:\/\/induzon.com\/fr\/boutique\/\"},{\"@type\":\"ListItem\",\"position\":3,\"name\":\"Petit S\u00e9cheur d&rsquo;air comprim\u00e9 et gaz par r\u00e9frig\u00e9ration pour compresseur s\u00e9cheur frigorifique filtre s\u00e9parateur d&rsquo;eau et d&rsquo;huile \u00e0 air comprim\u00e9 traitement de l&rsquo;air industriel r\u00e9gulateur de pression d&rsquo;air comprim\u00e9 Drain automatique\"}]},{\"@type\":\"WebSite\",\"@id\":\"https:\/\/induzon.com\/fr\/#website\",\"url\":\"https:\/\/induzon.com\/fr\/\",\"name\":\"induzon\",\"description\":\"\",\"publisher\":{\"@id\":\"https:\/\/induzon.com\/fr\/#organization\"},\"potentialAction\":[{\"@type\":\"SearchAction\",\"target\":{\"@type\":\"EntryPoint\",\"urlTemplate\":\"https:\/\/induzon.com\/fr\/?s={search_term_string}\"},\"query-input\":{\"@type\":\"PropertyValueSpecification\",\"valueRequired\":true,\"valueName\":\"search_term_string\"}}],\"inLanguage\":\"fr-FR\"},{\"@type\":\"Organization\",\"@id\":\"https:\/\/induzon.com\/fr\/#organization\",\"name\":\"induzon\",\"url\":\"https:\/\/induzon.com\/fr\/\",\"logo\":{\"@type\":\"ImageObject\",\"inLanguage\":\"fr-FR\",\"@id\":\"https:\/\/induzon.com\/fr\/#\/schema\/logo\/image\/\",\"url\":\"https:\/\/induzon.com\/wp-content\/uploads\/2025\/05\/cropped-026.png\",\"contentUrl\":\"https:\/\/induzon.com\/wp-content\/uploads\/2025\/05\/cropped-026.png\",\"width\":512,\"height\":512,\"caption\":\"induzon\"},\"image\":{\"@id\":\"https:\/\/induzon.com\/fr\/#\/schema\/logo\/image\/\"}}]}<\/script>\r\n<!-- \/ Yoast SEO plugin. -->","yoast_head_json":{"title":"D\u00e9shydrateur d'air r\u00e9frig\u00e9r\u00e9 D\u00e9shumidificateur industriel -Induzon","description":"S\u00e9cheur d'air comprim\u00e9 pour compresseur avec s\u00e9parateur d'eau et d'huile, s\u00e9cheur frigorifique pour air industriel sec.","robots":{"index":"index","follow":"follow","max-snippet":"max-snippet:-1","max-image-preview":"max-image-preview:large","max-video-preview":"max-video-preview:-1"},"canonical":"https:\/\/induzon.com\/fr\/produit\/petit-secheur-dair-comprime-par-refrigeration-pour-compresseur-secheur-frigorifique-filtre-separateur-deau-et-dhuile-a-air-comprime-traitement-de-lair-industriel-regulateur-de-pression-dair\/","og_locale":"fr_FR","og_type":"article","og_title":"D\u00e9shydrateur d'air r\u00e9frig\u00e9r\u00e9 D\u00e9shumidificateur industriel -Induzon","og_description":"S\u00e9cheur d'air comprim\u00e9 pour compresseur avec s\u00e9parateur d'eau et d'huile, s\u00e9cheur frigorifique pour air industriel sec.","og_url":"https:\/\/induzon.com\/fr\/produit\/petit-secheur-dair-comprime-par-refrigeration-pour-compresseur-secheur-frigorifique-filtre-separateur-deau-et-dhuile-a-air-comprime-traitement-de-lair-industriel-regulateur-de-pression-dair\/","og_site_name":"induzon","article_modified_time":"2026-01-02T05:35:24+00:00","og_image":[{"width":1500,"height":1500,"url":"https:\/\/induzon.com\/wp-content\/uploads\/2025\/07\/01.jpg","type":"image\/jpeg"}],"twitter_card":"summary_large_image","twitter_misc":{"Dur\u00e9e de lecture estim\u00e9e":"1 minute"},"schema":{"@context":"https:\/\/schema.org","@graph":[{"@type":"WebPage","@id":"https:\/\/induzon.com\/fr\/produit\/petit-secheur-dair-comprime-par-refrigeration-pour-compresseur-secheur-frigorifique-filtre-separateur-deau-et-dhuile-a-air-comprime-traitement-de-lair-industriel-regulateur-de-pression-dair\/","url":"https:\/\/induzon.com\/fr\/produit\/petit-secheur-dair-comprime-par-refrigeration-pour-compresseur-secheur-frigorifique-filtre-separateur-deau-et-dhuile-a-air-comprime-traitement-de-lair-industriel-regulateur-de-pression-dair\/","name":"D\u00e9shydrateur d'air r\u00e9frig\u00e9r\u00e9 D\u00e9shumidificateur industriel -Induzon","isPartOf":{"@id":"https:\/\/induzon.com\/fr\/#website"},"primaryImageOfPage":{"@id":"https:\/\/induzon.com\/fr\/produit\/petit-secheur-dair-comprime-par-refrigeration-pour-compresseur-secheur-frigorifique-filtre-separateur-deau-et-dhuile-a-air-comprime-traitement-de-lair-industriel-regulateur-de-pression-dair\/#primaryimage"},"image":{"@id":"https:\/\/induzon.com\/fr\/produit\/petit-secheur-dair-comprime-par-refrigeration-pour-compresseur-secheur-frigorifique-filtre-separateur-deau-et-dhuile-a-air-comprime-traitement-de-lair-industriel-regulateur-de-pression-dair\/#primaryimage"},"thumbnailUrl":"https:\/\/induzon.com\/wp-content\/uploads\/2025\/07\/01.jpg","datePublished":"2025-07-02T06:32:01+00:00","dateModified":"2026-01-02T05:35:24+00:00","description":"S\u00e9cheur d'air comprim\u00e9 pour compresseur avec s\u00e9parateur d'eau et d'huile, s\u00e9cheur frigorifique pour air industriel sec.","breadcrumb":{"@id":"https:\/\/induzon.com\/fr\/produit\/petit-secheur-dair-comprime-par-refrigeration-pour-compresseur-secheur-frigorifique-filtre-separateur-deau-et-dhuile-a-air-comprime-traitement-de-lair-industriel-regulateur-de-pression-dair\/#breadcrumb"},"inLanguage":"fr-FR","potentialAction":[{"@type":"ReadAction","target":["https:\/\/induzon.com\/fr\/produit\/petit-secheur-dair-comprime-par-refrigeration-pour-compresseur-secheur-frigorifique-filtre-separateur-deau-et-dhuile-a-air-comprime-traitement-de-lair-industriel-regulateur-de-pression-dair\/"]}]},{"@type":"ImageObject","inLanguage":"fr-FR","@id":"https:\/\/induzon.com\/fr\/produit\/petit-secheur-dair-comprime-par-refrigeration-pour-compresseur-secheur-frigorifique-filtre-separateur-deau-et-dhuile-a-air-comprime-traitement-de-lair-industriel-regulateur-de-pression-dair\/#primaryimage","url":"https:\/\/induzon.com\/wp-content\/uploads\/2025\/07\/01.jpg","contentUrl":"https:\/\/induzon.com\/wp-content\/uploads\/2025\/07\/01.jpg","width":1500,"height":1500,"caption":"D\u00e9shydrateur d'air r\u00e9frig\u00e9r\u00e9 D\u00e9shumidificateur industriel"},{"@type":"BreadcrumbList","@id":"https:\/\/induzon.com\/fr\/produit\/petit-secheur-dair-comprime-par-refrigeration-pour-compresseur-secheur-frigorifique-filtre-separateur-deau-et-dhuile-a-air-comprime-traitement-de-lair-industriel-regulateur-de-pression-dair\/#breadcrumb","itemListElement":[{"@type":"ListItem","position":1,"name":"\u9996\u9875","item":"https:\/\/induzon.com\/fr\/"},{"@type":"ListItem","position":2,"name":"Boutique","item":"https:\/\/induzon.com\/fr\/boutique\/"},{"@type":"ListItem","position":3,"name":"Petit S\u00e9cheur d&rsquo;air comprim\u00e9 et gaz par r\u00e9frig\u00e9ration pour compresseur s\u00e9cheur frigorifique filtre s\u00e9parateur d&rsquo;eau et d&rsquo;huile \u00e0 air comprim\u00e9 traitement de l&rsquo;air industriel r\u00e9gulateur de pression d&rsquo;air comprim\u00e9 Drain automatique"}]},{"@type":"WebSite","@id":"https:\/\/induzon.com\/fr\/#website","url":"https:\/\/induzon.com\/fr\/","name":"induzon","description":"","publisher":{"@id":"https:\/\/induzon.com\/fr\/#organization"},"potentialAction":[{"@type":"SearchAction","target":{"@type":"EntryPoint","urlTemplate":"https:\/\/induzon.com\/fr\/?s={search_term_string}"},"query-input":{"@type":"PropertyValueSpecification","valueRequired":true,"valueName":"search_term_string"}}],"inLanguage":"fr-FR"},{"@type":"Organization","@id":"https:\/\/induzon.com\/fr\/#organization","name":"induzon","url":"https:\/\/induzon.com\/fr\/","logo":{"@type":"ImageObject","inLanguage":"fr-FR","@id":"https:\/\/induzon.com\/fr\/#\/schema\/logo\/image\/","url":"https:\/\/induzon.com\/wp-content\/uploads\/2025\/05\/cropped-026.png","contentUrl":"https:\/\/induzon.com\/wp-content\/uploads\/2025\/05\/cropped-026.png","width":512,"height":512,"caption":"induzon"},"image":{"@id":"https:\/\/induzon.com\/fr\/#\/schema\/logo\/image\/"}}]}},"_links":{"self":[{"href":"https:\/\/induzon.com\/fr\/wp-json\/wp\/v2\/product\/15934","targetHints":{"allow":["GET"]}}],"collection":[{"href":"https:\/\/induzon.com\/fr\/wp-json\/wp\/v2\/product"}],"about":[{"href":"https:\/\/induzon.com\/fr\/wp-json\/wp\/v2\/types\/product"}],"replies":[{"embeddable":true,"href":"https:\/\/induzon.com\/fr\/wp-json\/wp\/v2\/comments?post=15934"}],"version-history":[{"count":1,"href":"https:\/\/induzon.com\/fr\/wp-json\/wp\/v2\/product\/15934\/revisions"}],"predecessor-version":[{"id":28778,"href":"https:\/\/induzon.com\/fr\/wp-json\/wp\/v2\/product\/15934\/revisions\/28778"}],"wp:featuredmedia":[{"embeddable":true,"href":"https:\/\/induzon.com\/fr\/wp-json\/wp\/v2\/media\/15896"}],"wp:attachment":[{"href":"https:\/\/induzon.com\/fr\/wp-json\/wp\/v2\/media?parent=15934"}],"wp:term":[{"taxonomy":"product_brand","embeddable":true,"href":"https:\/\/induzon.com\/fr\/wp-json\/wp\/v2\/product_brand?post=15934"},{"taxonomy":"product_cat","embeddable":true,"href":"https:\/\/induzon.com\/fr\/wp-json\/wp\/v2\/product_cat?post=15934"},{"taxonomy":"product_tag","embeddable":true,"href":"https:\/\/induzon.com\/fr\/wp-json\/wp\/v2\/product_tag?post=15934"}],"curies":[{"name":"wp","href":"https:\/\/api.w.org\/{rel}","templated":true}]}}