{"id":17496,"date":"2025-07-10T11:19:56","date_gmt":"2025-07-10T03:19:56","guid":{"rendered":"https:\/\/induzon.com\/shop\/extracteur-de-fumee-laser-pour-soudure-buse-de-ventilation-industrielle-en-plastique-hotte-aspirante-soudure-bras-daspiration-fumee-atelier-electrique-professionnel-mecanique-eolien-capot-dextract\/"},"modified":"2025-12-02T10:38:28","modified_gmt":"2025-12-02T02:38:28","slug":"extracteur-de-fumee-laser-pour-soudure-buse-de-ventilation-industrielle-en-plastique-hotte-aspirante-soudure-bras-daspiration-fumee-atelier-electrique-professionnel-mecanique-eolien-capot-dextract","status":"publish","type":"product","link":"https:\/\/induzon.com\/fr\/produit\/extracteur-de-fumee-laser-pour-soudure-buse-de-ventilation-industrielle-en-plastique-hotte-aspirante-soudure-bras-daspiration-fumee-atelier-electrique-professionnel-mecanique-eolien-capot-dextract\/","title":{"rendered":"Extracteur de fum\u00e9e laser pour soudure Buse de ventilation industrielle en plastique Hotte aspirante soudure Bras d&rsquo;aspiration fum\u00e9e Atelier \u00e9lectrique Professionnel M\u00e9canique \u00c9olien Capot d&rsquo;extraction de fum\u00e9e carr\u00e9 extra-large pour moxibustion avec raccord de tube PVC et valve, capot d&rsquo;aspiration et de collecte de fum\u00e9e"},"content":{"rendered":"<p>1.Buse d&rsquo;extraction de fum\u00e9e laser pour une \u00e9limination efficace des fum\u00e9es industrielles<br \/>\n2.Con\u00e7u en plastique durable pour une utilisation robuste dans les environnements de soudage<br \/>\n3.Buse \u00e0 bec de canard pour une ventilation et une extraction optimis\u00e9es des fum\u00e9es<br \/>\n4.Id\u00e9al pour les applications industrielles et les ateliers de soudage personnalis\u00e9s<br \/>\n5.Facile \u00e0 installer et \u00e0 utiliser pour une extraction rapide des fum\u00e9es de soudage<\/p>\n","protected":false},"excerpt":{"rendered":"<p>1.Buse d&rsquo;extraction de fum\u00e9e laser pour une \u00e9limination efficace des fum\u00e9es industrielles 2.Con\u00e7u en plastique durable pour une utilisation robuste [&hellip;]<\/p>\n","protected":false},"featured_media":17338,"comment_status":"open","ping_status":"closed","template":"","meta":{"site-sidebar-layout":"default","site-content-layout":"","ast-site-content-layout":"default","site-content-style":"default","site-sidebar-style":"default","ast-global-header-display":"","ast-banner-title-visibility":"","ast-main-header-display":"","ast-hfb-above-header-display":"","ast-hfb-below-header-display":"","ast-hfb-mobile-header-display":"","site-post-title":"","ast-breadcrumbs-content":"","ast-featured-img":"","footer-sml-layout":"","theme-transparent-header-meta":"default","adv-header-id-meta":"","stick-header-meta":"","header-above-stick-meta":"","header-main-stick-meta":"","header-below-stick-meta":"","astra-migrate-meta-layouts":"set","ast-page-background-enabled":"default","ast-page-background-meta":{"desktop":{"background-color":"var(--ast-global-color-4)","background-image":"","background-repeat":"repeat","background-position":"center center","background-size":"auto","background-attachment":"scroll","background-type":"","background-media":"","overlay-type":"","overlay-color":"","overlay-opacity":"","overlay-gradient":""},"tablet":{"background-color":"","background-image":"","background-repeat":"repeat","background-position":"center center","background-size":"auto","background-attachment":"scroll","background-type":"","background-media":"","overlay-type":"","overlay-color":"","overlay-opacity":"","overlay-gradient":""},"mobile":{"background-color":"","background-image":"","background-repeat":"repeat","background-position":"center center","background-size":"auto","background-attachment":"scroll","background-type":"","background-media":"","overlay-type":"","overlay-color":"","overlay-opacity":"","overlay-gradient":""}},"ast-content-background-meta":{"desktop":{"background-color":"var(--ast-global-color-5)","background-image":"","background-repeat":"repeat","background-position":"center center","background-size":"auto","background-attachment":"scroll","background-type":"","background-media":"","overlay-type":"","overlay-color":"","overlay-opacity":"","overlay-gradient":""},"tablet":{"background-color":"var(--ast-global-color-5)","background-image":"","background-repeat":"repeat","background-position":"center center","background-size":"auto","background-attachment":"scroll","background-type":"","background-media":"","overlay-type":"","overlay-color":"","overlay-opacity":"","overlay-gradient":""},"mobile":{"background-color":"var(--ast-global-color-5)","background-image":"","background-repeat":"repeat","background-position":"center center","background-size":"auto","background-attachment":"scroll","background-type":"","background-media":"","overlay-type":"","overlay-color":"","overlay-opacity":"","overlay-gradient":""}}},"product_brand":[],"product_cat":[1512,1059],"product_tag":[1814,1513],"class_list":{"0":"post-17496","1":"product","2":"type-product","3":"status-publish","4":"has-post-thumbnail","6":"product_cat-accessoires-de-purification-des-fumees","7":"product_cat-equipement-industriel-et-commercial","8":"product_tag-capot-ventile-avec-valve","9":"product_tag-equipement-dextraction-des-fumees","10":"desktop-align-left","11":"tablet-align-left","12":"mobile-align-left","14":"first","15":"instock","16":"sale","17":"shipping-taxable","18":"purchasable","19":"product-type-variable"},"yoast_head":"<!-- This site is optimized with the Yoast SEO plugin v24.9 - https:\/\/yoast.com\/wordpress\/plugins\/seo\/ -->\r\n<title>Extracteur de fum\u00e9e laser pour soudure Buse ventilation industrielle Plastique Hotte -Induzon<\/title>\r\n<meta name=\"description\" content=\"Extracteur de fum\u00e9e de soudage avec hotte aspirante industrielle, buse de soudure, et filtre pour un contr\u00f4le efficace des fum\u00e9es et poussi\u00e8res\" \/>\r\n<meta name=\"robots\" content=\"index, follow, max-snippet:-1, max-image-preview:large, max-video-preview:-1\" \/>\r\n<link rel=\"canonical\" href=\"https:\/\/induzon.com\/fr\/produit\/extracteur-de-fumee-laser-pour-soudure-buse-de-ventilation-industrielle-en-plastique-hotte-aspirante-soudure-bras-daspiration-fumee-atelier-electrique-professionnel-mecanique-eolien-capot-dextract\/\" \/>\r\n<meta property=\"og:locale\" content=\"fr_FR\" \/>\r\n<meta property=\"og:type\" content=\"article\" \/>\r\n<meta property=\"og:title\" content=\"Extracteur de fum\u00e9e laser pour soudure Buse ventilation industrielle Plastique Hotte -Induzon\" \/>\r\n<meta property=\"og:description\" content=\"Extracteur de fum\u00e9e de soudage avec hotte aspirante industrielle, buse de soudure, et filtre pour un contr\u00f4le efficace des fum\u00e9es et poussi\u00e8res\" \/>\r\n<meta property=\"og:url\" content=\"https:\/\/induzon.com\/fr\/produit\/extracteur-de-fumee-laser-pour-soudure-buse-de-ventilation-industrielle-en-plastique-hotte-aspirante-soudure-bras-daspiration-fumee-atelier-electrique-professionnel-mecanique-eolien-capot-dextract\/\" \/>\r\n<meta property=\"og:site_name\" content=\"induzon\" \/>\r\n<meta property=\"article:modified_time\" content=\"2025-12-02T02:38:28+00:00\" \/>\r\n<meta property=\"og:image\" content=\"https:\/\/induzon.com\/wp-content\/uploads\/2025\/07\/\u56fe-4-8.jpg\" \/>\r\n\t<meta property=\"og:image:width\" content=\"1500\" \/>\r\n\t<meta property=\"og:image:height\" content=\"1500\" \/>\r\n\t<meta property=\"og:image:type\" content=\"image\/jpeg\" \/>\r\n<meta name=\"twitter:card\" content=\"summary_large_image\" \/>\r\n<meta name=\"twitter:label1\" content=\"Dur\u00e9e de lecture estim\u00e9e\" \/>\n\t<meta name=\"twitter:data1\" content=\"1 minute\" \/>\r\n<script type=\"application\/ld+json\" class=\"yoast-schema-graph\">{\"@context\":\"https:\/\/schema.org\",\"@graph\":[{\"@type\":\"WebPage\",\"@id\":\"https:\/\/induzon.com\/fr\/produit\/extracteur-de-fumee-laser-pour-soudure-buse-de-ventilation-industrielle-en-plastique-hotte-aspirante-soudure-bras-daspiration-fumee-atelier-electrique-professionnel-mecanique-eolien-capot-dextract\/\",\"url\":\"https:\/\/induzon.com\/fr\/produit\/extracteur-de-fumee-laser-pour-soudure-buse-de-ventilation-industrielle-en-plastique-hotte-aspirante-soudure-bras-daspiration-fumee-atelier-electrique-professionnel-mecanique-eolien-capot-dextract\/\",\"name\":\"Extracteur de fum\u00e9e laser pour soudure Buse ventilation industrielle Plastique Hotte -Induzon\",\"isPartOf\":{\"@id\":\"https:\/\/induzon.com\/fr\/#website\"},\"primaryImageOfPage\":{\"@id\":\"https:\/\/induzon.com\/fr\/produit\/extracteur-de-fumee-laser-pour-soudure-buse-de-ventilation-industrielle-en-plastique-hotte-aspirante-soudure-bras-daspiration-fumee-atelier-electrique-professionnel-mecanique-eolien-capot-dextract\/#primaryimage\"},\"image\":{\"@id\":\"https:\/\/induzon.com\/fr\/produit\/extracteur-de-fumee-laser-pour-soudure-buse-de-ventilation-industrielle-en-plastique-hotte-aspirante-soudure-bras-daspiration-fumee-atelier-electrique-professionnel-mecanique-eolien-capot-dextract\/#primaryimage\"},\"thumbnailUrl\":\"https:\/\/induzon.com\/wp-content\/uploads\/2025\/07\/\u56fe-4-8.jpg\",\"datePublished\":\"2025-07-10T03:19:56+00:00\",\"dateModified\":\"2025-12-02T02:38:28+00:00\",\"description\":\"Extracteur de fum\u00e9e de soudage avec hotte aspirante industrielle, buse de soudure, et filtre pour un contr\u00f4le efficace des fum\u00e9es et poussi\u00e8res\",\"breadcrumb\":{\"@id\":\"https:\/\/induzon.com\/fr\/produit\/extracteur-de-fumee-laser-pour-soudure-buse-de-ventilation-industrielle-en-plastique-hotte-aspirante-soudure-bras-daspiration-fumee-atelier-electrique-professionnel-mecanique-eolien-capot-dextract\/#breadcrumb\"},\"inLanguage\":\"fr-FR\",\"potentialAction\":[{\"@type\":\"ReadAction\",\"target\":[\"https:\/\/induzon.com\/fr\/produit\/extracteur-de-fumee-laser-pour-soudure-buse-de-ventilation-industrielle-en-plastique-hotte-aspirante-soudure-bras-daspiration-fumee-atelier-electrique-professionnel-mecanique-eolien-capot-dextract\/\"]}]},{\"@type\":\"ImageObject\",\"inLanguage\":\"fr-FR\",\"@id\":\"https:\/\/induzon.com\/fr\/produit\/extracteur-de-fumee-laser-pour-soudure-buse-de-ventilation-industrielle-en-plastique-hotte-aspirante-soudure-bras-daspiration-fumee-atelier-electrique-professionnel-mecanique-eolien-capot-dextract\/#primaryimage\",\"url\":\"https:\/\/induzon.com\/wp-content\/uploads\/2025\/07\/\u56fe-4-8.jpg\",\"contentUrl\":\"https:\/\/induzon.com\/wp-content\/uploads\/2025\/07\/\u56fe-4-8.jpg\",\"width\":1500,\"height\":1500,\"caption\":\"Extracteur de fum\u00e9e de soudage avec hotte aspirante industrielle, buse de soudure, et filtre pour un contr\u00f4le efficace des fum\u00e9es et poussi\u00e8res\"},{\"@type\":\"BreadcrumbList\",\"@id\":\"https:\/\/induzon.com\/fr\/produit\/extracteur-de-fumee-laser-pour-soudure-buse-de-ventilation-industrielle-en-plastique-hotte-aspirante-soudure-bras-daspiration-fumee-atelier-electrique-professionnel-mecanique-eolien-capot-dextract\/#breadcrumb\",\"itemListElement\":[{\"@type\":\"ListItem\",\"position\":1,\"name\":\"\u9996\u9875\",\"item\":\"https:\/\/induzon.com\/fr\/\"},{\"@type\":\"ListItem\",\"position\":2,\"name\":\"Boutique\",\"item\":\"https:\/\/induzon.com\/fr\/boutique\/\"},{\"@type\":\"ListItem\",\"position\":3,\"name\":\"Extracteur de fum\u00e9e laser pour soudure Buse de ventilation industrielle en plastique Hotte aspirante soudure Bras d&#8217;aspiration fum\u00e9e Atelier \u00e9lectrique Professionnel M\u00e9canique \u00c9olien Capot d&#8217;extraction de fum\u00e9e carr\u00e9 extra-large pour moxibustion avec raccord de tube PVC et valve, capot d&#8217;aspiration et de collecte de fum\u00e9e\"}]},{\"@type\":\"WebSite\",\"@id\":\"https:\/\/induzon.com\/fr\/#website\",\"url\":\"https:\/\/induzon.com\/fr\/\",\"name\":\"induzon\",\"description\":\"\",\"publisher\":{\"@id\":\"https:\/\/induzon.com\/fr\/#organization\"},\"potentialAction\":[{\"@type\":\"SearchAction\",\"target\":{\"@type\":\"EntryPoint\",\"urlTemplate\":\"https:\/\/induzon.com\/fr\/?s={search_term_string}\"},\"query-input\":{\"@type\":\"PropertyValueSpecification\",\"valueRequired\":true,\"valueName\":\"search_term_string\"}}],\"inLanguage\":\"fr-FR\"},{\"@type\":\"Organization\",\"@id\":\"https:\/\/induzon.com\/fr\/#organization\",\"name\":\"induzon\",\"url\":\"https:\/\/induzon.com\/fr\/\",\"logo\":{\"@type\":\"ImageObject\",\"inLanguage\":\"fr-FR\",\"@id\":\"https:\/\/induzon.com\/fr\/#\/schema\/logo\/image\/\",\"url\":\"https:\/\/induzon.com\/wp-content\/uploads\/2025\/05\/cropped-026.png\",\"contentUrl\":\"https:\/\/induzon.com\/wp-content\/uploads\/2025\/05\/cropped-026.png\",\"width\":512,\"height\":512,\"caption\":\"induzon\"},\"image\":{\"@id\":\"https:\/\/induzon.com\/fr\/#\/schema\/logo\/image\/\"}}]}<\/script>\r\n<!-- \/ Yoast SEO plugin. -->","yoast_head_json":{"title":"Extracteur de fum\u00e9e laser pour soudure Buse ventilation industrielle Plastique Hotte -Induzon","description":"Extracteur de fum\u00e9e de soudage avec hotte aspirante industrielle, buse de soudure, et filtre pour un contr\u00f4le efficace des fum\u00e9es et poussi\u00e8res","robots":{"index":"index","follow":"follow","max-snippet":"max-snippet:-1","max-image-preview":"max-image-preview:large","max-video-preview":"max-video-preview:-1"},"canonical":"https:\/\/induzon.com\/fr\/produit\/extracteur-de-fumee-laser-pour-soudure-buse-de-ventilation-industrielle-en-plastique-hotte-aspirante-soudure-bras-daspiration-fumee-atelier-electrique-professionnel-mecanique-eolien-capot-dextract\/","og_locale":"fr_FR","og_type":"article","og_title":"Extracteur de fum\u00e9e laser pour soudure Buse ventilation industrielle Plastique Hotte -Induzon","og_description":"Extracteur de fum\u00e9e de soudage avec hotte aspirante industrielle, buse de soudure, et filtre pour un contr\u00f4le efficace des fum\u00e9es et poussi\u00e8res","og_url":"https:\/\/induzon.com\/fr\/produit\/extracteur-de-fumee-laser-pour-soudure-buse-de-ventilation-industrielle-en-plastique-hotte-aspirante-soudure-bras-daspiration-fumee-atelier-electrique-professionnel-mecanique-eolien-capot-dextract\/","og_site_name":"induzon","article_modified_time":"2025-12-02T02:38:28+00:00","og_image":[{"width":1500,"height":1500,"url":"https:\/\/induzon.com\/wp-content\/uploads\/2025\/07\/\u56fe-4-8.jpg","type":"image\/jpeg"}],"twitter_card":"summary_large_image","twitter_misc":{"Dur\u00e9e de lecture estim\u00e9e":"1 minute"},"schema":{"@context":"https:\/\/schema.org","@graph":[{"@type":"WebPage","@id":"https:\/\/induzon.com\/fr\/produit\/extracteur-de-fumee-laser-pour-soudure-buse-de-ventilation-industrielle-en-plastique-hotte-aspirante-soudure-bras-daspiration-fumee-atelier-electrique-professionnel-mecanique-eolien-capot-dextract\/","url":"https:\/\/induzon.com\/fr\/produit\/extracteur-de-fumee-laser-pour-soudure-buse-de-ventilation-industrielle-en-plastique-hotte-aspirante-soudure-bras-daspiration-fumee-atelier-electrique-professionnel-mecanique-eolien-capot-dextract\/","name":"Extracteur de fum\u00e9e laser pour soudure Buse ventilation industrielle Plastique Hotte -Induzon","isPartOf":{"@id":"https:\/\/induzon.com\/fr\/#website"},"primaryImageOfPage":{"@id":"https:\/\/induzon.com\/fr\/produit\/extracteur-de-fumee-laser-pour-soudure-buse-de-ventilation-industrielle-en-plastique-hotte-aspirante-soudure-bras-daspiration-fumee-atelier-electrique-professionnel-mecanique-eolien-capot-dextract\/#primaryimage"},"image":{"@id":"https:\/\/induzon.com\/fr\/produit\/extracteur-de-fumee-laser-pour-soudure-buse-de-ventilation-industrielle-en-plastique-hotte-aspirante-soudure-bras-daspiration-fumee-atelier-electrique-professionnel-mecanique-eolien-capot-dextract\/#primaryimage"},"thumbnailUrl":"https:\/\/induzon.com\/wp-content\/uploads\/2025\/07\/\u56fe-4-8.jpg","datePublished":"2025-07-10T03:19:56+00:00","dateModified":"2025-12-02T02:38:28+00:00","description":"Extracteur de fum\u00e9e de soudage avec hotte aspirante industrielle, buse de soudure, et filtre pour un contr\u00f4le efficace des fum\u00e9es et poussi\u00e8res","breadcrumb":{"@id":"https:\/\/induzon.com\/fr\/produit\/extracteur-de-fumee-laser-pour-soudure-buse-de-ventilation-industrielle-en-plastique-hotte-aspirante-soudure-bras-daspiration-fumee-atelier-electrique-professionnel-mecanique-eolien-capot-dextract\/#breadcrumb"},"inLanguage":"fr-FR","potentialAction":[{"@type":"ReadAction","target":["https:\/\/induzon.com\/fr\/produit\/extracteur-de-fumee-laser-pour-soudure-buse-de-ventilation-industrielle-en-plastique-hotte-aspirante-soudure-bras-daspiration-fumee-atelier-electrique-professionnel-mecanique-eolien-capot-dextract\/"]}]},{"@type":"ImageObject","inLanguage":"fr-FR","@id":"https:\/\/induzon.com\/fr\/produit\/extracteur-de-fumee-laser-pour-soudure-buse-de-ventilation-industrielle-en-plastique-hotte-aspirante-soudure-bras-daspiration-fumee-atelier-electrique-professionnel-mecanique-eolien-capot-dextract\/#primaryimage","url":"https:\/\/induzon.com\/wp-content\/uploads\/2025\/07\/\u56fe-4-8.jpg","contentUrl":"https:\/\/induzon.com\/wp-content\/uploads\/2025\/07\/\u56fe-4-8.jpg","width":1500,"height":1500,"caption":"Extracteur de fum\u00e9e de soudage avec hotte aspirante industrielle, buse de soudure, et filtre pour un contr\u00f4le efficace des fum\u00e9es et poussi\u00e8res"},{"@type":"BreadcrumbList","@id":"https:\/\/induzon.com\/fr\/produit\/extracteur-de-fumee-laser-pour-soudure-buse-de-ventilation-industrielle-en-plastique-hotte-aspirante-soudure-bras-daspiration-fumee-atelier-electrique-professionnel-mecanique-eolien-capot-dextract\/#breadcrumb","itemListElement":[{"@type":"ListItem","position":1,"name":"\u9996\u9875","item":"https:\/\/induzon.com\/fr\/"},{"@type":"ListItem","position":2,"name":"Boutique","item":"https:\/\/induzon.com\/fr\/boutique\/"},{"@type":"ListItem","position":3,"name":"Extracteur de fum\u00e9e laser pour soudure Buse de ventilation industrielle en plastique Hotte aspirante soudure Bras d&#8217;aspiration fum\u00e9e Atelier \u00e9lectrique Professionnel M\u00e9canique \u00c9olien Capot d&#8217;extraction de fum\u00e9e carr\u00e9 extra-large pour moxibustion avec raccord de tube PVC et valve, capot d&#8217;aspiration et de collecte de fum\u00e9e"}]},{"@type":"WebSite","@id":"https:\/\/induzon.com\/fr\/#website","url":"https:\/\/induzon.com\/fr\/","name":"induzon","description":"","publisher":{"@id":"https:\/\/induzon.com\/fr\/#organization"},"potentialAction":[{"@type":"SearchAction","target":{"@type":"EntryPoint","urlTemplate":"https:\/\/induzon.com\/fr\/?s={search_term_string}"},"query-input":{"@type":"PropertyValueSpecification","valueRequired":true,"valueName":"search_term_string"}}],"inLanguage":"fr-FR"},{"@type":"Organization","@id":"https:\/\/induzon.com\/fr\/#organization","name":"induzon","url":"https:\/\/induzon.com\/fr\/","logo":{"@type":"ImageObject","inLanguage":"fr-FR","@id":"https:\/\/induzon.com\/fr\/#\/schema\/logo\/image\/","url":"https:\/\/induzon.com\/wp-content\/uploads\/2025\/05\/cropped-026.png","contentUrl":"https:\/\/induzon.com\/wp-content\/uploads\/2025\/05\/cropped-026.png","width":512,"height":512,"caption":"induzon"},"image":{"@id":"https:\/\/induzon.com\/fr\/#\/schema\/logo\/image\/"}}]}},"_links":{"self":[{"href":"https:\/\/induzon.com\/fr\/wp-json\/wp\/v2\/product\/17496","targetHints":{"allow":["GET"]}}],"collection":[{"href":"https:\/\/induzon.com\/fr\/wp-json\/wp\/v2\/product"}],"about":[{"href":"https:\/\/induzon.com\/fr\/wp-json\/wp\/v2\/types\/product"}],"replies":[{"embeddable":true,"href":"https:\/\/induzon.com\/fr\/wp-json\/wp\/v2\/comments?post=17496"}],"version-history":[{"count":1,"href":"https:\/\/induzon.com\/fr\/wp-json\/wp\/v2\/product\/17496\/revisions"}],"predecessor-version":[{"id":28661,"href":"https:\/\/induzon.com\/fr\/wp-json\/wp\/v2\/product\/17496\/revisions\/28661"}],"wp:featuredmedia":[{"embeddable":true,"href":"https:\/\/induzon.com\/fr\/wp-json\/wp\/v2\/media\/17338"}],"wp:attachment":[{"href":"https:\/\/induzon.com\/fr\/wp-json\/wp\/v2\/media?parent=17496"}],"wp:term":[{"taxonomy":"product_brand","embeddable":true,"href":"https:\/\/induzon.com\/fr\/wp-json\/wp\/v2\/product_brand?post=17496"},{"taxonomy":"product_cat","embeddable":true,"href":"https:\/\/induzon.com\/fr\/wp-json\/wp\/v2\/product_cat?post=17496"},{"taxonomy":"product_tag","embeddable":true,"href":"https:\/\/induzon.com\/fr\/wp-json\/wp\/v2\/product_tag?post=17496"}],"curies":[{"name":"wp","href":"https:\/\/api.w.org\/{rel}","templated":true}]}}