{"id":18211,"date":"2025-07-16T16:37:51","date_gmt":"2025-07-16T08:37:51","guid":{"rendered":"https:\/\/induzon.com\/?post_type=product&#038;p=18211"},"modified":"2025-12-30T13:19:02","modified_gmt":"2025-12-30T05:19:02","slug":"bac-a-graisse-sous-evier-degraisseur-cuisine-piege-a-graisse-separateur-de-graisse-restaurant-plonge","status":"publish","type":"product","link":"https:\/\/induzon.com\/fr\/produit\/bac-a-graisse-sous-evier-degraisseur-cuisine-piege-a-graisse-separateur-de-graisse-restaurant-plonge\/","title":{"rendered":"Bac a graisse sous evier d\u00e9graisseur cuisine pi\u00e8ge \u00e0 graisse separateur de graisse restaurant plonge"},"content":{"rendered":"","protected":false},"excerpt":{"rendered":"<p><\/p>\n","protected":false},"featured_media":18164,"comment_status":"open","ping_status":"closed","template":"","meta":{"site-sidebar-layout":"default","site-content-layout":"","ast-site-content-layout":"default","site-content-style":"default","site-sidebar-style":"default","ast-global-header-display":"","ast-banner-title-visibility":"","ast-main-header-display":"","ast-hfb-above-header-display":"","ast-hfb-below-header-display":"","ast-hfb-mobile-header-display":"","site-post-title":"","ast-breadcrumbs-content":"","ast-featured-img":"","footer-sml-layout":"","theme-transparent-header-meta":"default","adv-header-id-meta":"","stick-header-meta":"","header-above-stick-meta":"","header-main-stick-meta":"","header-below-stick-meta":"","astra-migrate-meta-layouts":"set","ast-page-background-enabled":"default","ast-page-background-meta":{"desktop":{"background-color":"var(--ast-global-color-4)","background-image":"","background-repeat":"repeat","background-position":"center center","background-size":"auto","background-attachment":"scroll","background-type":"","background-media":"","overlay-type":"","overlay-color":"","overlay-opacity":"","overlay-gradient":""},"tablet":{"background-color":"","background-image":"","background-repeat":"repeat","background-position":"center center","background-size":"auto","background-attachment":"scroll","background-type":"","background-media":"","overlay-type":"","overlay-color":"","overlay-opacity":"","overlay-gradient":""},"mobile":{"background-color":"","background-image":"","background-repeat":"repeat","background-position":"center center","background-size":"auto","background-attachment":"scroll","background-type":"","background-media":"","overlay-type":"","overlay-color":"","overlay-opacity":"","overlay-gradient":""}},"ast-content-background-meta":{"desktop":{"background-color":"var(--ast-global-color-5)","background-image":"","background-repeat":"repeat","background-position":"center center","background-size":"auto","background-attachment":"scroll","background-type":"","background-media":"","overlay-type":"","overlay-color":"","overlay-opacity":"","overlay-gradient":""},"tablet":{"background-color":"var(--ast-global-color-5)","background-image":"","background-repeat":"repeat","background-position":"center center","background-size":"auto","background-attachment":"scroll","background-type":"","background-media":"","overlay-type":"","overlay-color":"","overlay-opacity":"","overlay-gradient":""},"mobile":{"background-color":"var(--ast-global-color-5)","background-image":"","background-repeat":"repeat","background-position":"center center","background-size":"auto","background-attachment":"scroll","background-type":"","background-media":"","overlay-type":"","overlay-color":"","overlay-opacity":"","overlay-gradient":""}}},"product_brand":[],"product_cat":[1551,1059,1550],"product_tag":[1552],"class_list":{"0":"post-18211","1":"product","2":"type-product","3":"status-publish","4":"has-post-thumbnail","6":"product_cat-equipement-de-traitement-de-leau-et-de-lhuile-de-cuisine","7":"product_cat-equipement-industriel-et-commercial","8":"product_cat-materiel-de-restauration","9":"product_tag-materiel-de-restauration","10":"desktop-align-left","11":"tablet-align-left","12":"mobile-align-left","14":"first","15":"instock","16":"sale","17":"shipping-taxable","18":"purchasable","19":"product-type-variable"},"yoast_head":"<!-- This site is optimized with the Yoast SEO plugin v24.9 - https:\/\/yoast.com\/wordpress\/plugins\/seo\/ -->\r\n<title>Bac a graisse sous cuisine pi\u00e8ge \u00e0 graisse-Induzon<\/title>\r\n<meta name=\"description\" content=\"Bac d\u00e9graisseur pour restaurants et cuisines. S\u00e9parateurs de graisse sous \u00e9vier et pi\u00e8ges \u00e0 graisse cuisine pi\u00e8ge \u00e0 graisse separateur de graisse\" \/>\r\n<meta name=\"robots\" content=\"index, follow, max-snippet:-1, max-image-preview:large, max-video-preview:-1\" \/>\r\n<link rel=\"canonical\" href=\"https:\/\/induzon.com\/fr\/produit\/bac-a-graisse-sous-evier-degraisseur-cuisine-piege-a-graisse-separateur-de-graisse-restaurant-plonge\/\" \/>\r\n<meta property=\"og:locale\" content=\"fr_FR\" \/>\r\n<meta property=\"og:type\" content=\"article\" \/>\r\n<meta property=\"og:title\" content=\"Bac a graisse sous cuisine pi\u00e8ge \u00e0 graisse-Induzon\" \/>\r\n<meta property=\"og:description\" content=\"Bac d\u00e9graisseur pour restaurants et cuisines. S\u00e9parateurs de graisse sous \u00e9vier et pi\u00e8ges \u00e0 graisse cuisine pi\u00e8ge \u00e0 graisse separateur de graisse\" \/>\r\n<meta property=\"og:url\" content=\"https:\/\/induzon.com\/fr\/produit\/bac-a-graisse-sous-evier-degraisseur-cuisine-piege-a-graisse-separateur-de-graisse-restaurant-plonge\/\" \/>\r\n<meta property=\"og:site_name\" content=\"induzon\" \/>\r\n<meta property=\"article:modified_time\" content=\"2025-12-30T05:19:02+00:00\" \/>\r\n<meta property=\"og:image\" content=\"https:\/\/induzon.com\/wp-content\/uploads\/2025\/07\/7.jpg\" \/>\r\n\t<meta property=\"og:image:width\" content=\"1500\" \/>\r\n\t<meta property=\"og:image:height\" content=\"1500\" \/>\r\n\t<meta property=\"og:image:type\" content=\"image\/jpeg\" \/>\r\n<meta name=\"twitter:card\" content=\"summary_large_image\" \/>\r\n<meta name=\"twitter:label1\" content=\"Dur\u00e9e de lecture estim\u00e9e\" \/>\n\t<meta name=\"twitter:data1\" content=\"1 minute\" \/>\r\n<script type=\"application\/ld+json\" class=\"yoast-schema-graph\">{\"@context\":\"https:\/\/schema.org\",\"@graph\":[{\"@type\":\"WebPage\",\"@id\":\"https:\/\/induzon.com\/fr\/produit\/bac-a-graisse-sous-evier-degraisseur-cuisine-piege-a-graisse-separateur-de-graisse-restaurant-plonge\/\",\"url\":\"https:\/\/induzon.com\/fr\/produit\/bac-a-graisse-sous-evier-degraisseur-cuisine-piege-a-graisse-separateur-de-graisse-restaurant-plonge\/\",\"name\":\"Bac a graisse sous cuisine pi\u00e8ge \u00e0 graisse-Induzon\",\"isPartOf\":{\"@id\":\"https:\/\/induzon.com\/fr\/#website\"},\"primaryImageOfPage\":{\"@id\":\"https:\/\/induzon.com\/fr\/produit\/bac-a-graisse-sous-evier-degraisseur-cuisine-piege-a-graisse-separateur-de-graisse-restaurant-plonge\/#primaryimage\"},\"image\":{\"@id\":\"https:\/\/induzon.com\/fr\/produit\/bac-a-graisse-sous-evier-degraisseur-cuisine-piege-a-graisse-separateur-de-graisse-restaurant-plonge\/#primaryimage\"},\"thumbnailUrl\":\"https:\/\/induzon.com\/wp-content\/uploads\/2025\/07\/7.jpg\",\"datePublished\":\"2025-07-16T08:37:51+00:00\",\"dateModified\":\"2025-12-30T05:19:02+00:00\",\"description\":\"Bac d\u00e9graisseur pour restaurants et cuisines. S\u00e9parateurs de graisse sous \u00e9vier et pi\u00e8ges \u00e0 graisse cuisine pi\u00e8ge \u00e0 graisse separateur de graisse\",\"breadcrumb\":{\"@id\":\"https:\/\/induzon.com\/fr\/produit\/bac-a-graisse-sous-evier-degraisseur-cuisine-piege-a-graisse-separateur-de-graisse-restaurant-plonge\/#breadcrumb\"},\"inLanguage\":\"fr-FR\",\"potentialAction\":[{\"@type\":\"ReadAction\",\"target\":[\"https:\/\/induzon.com\/fr\/produit\/bac-a-graisse-sous-evier-degraisseur-cuisine-piege-a-graisse-separateur-de-graisse-restaurant-plonge\/\"]}]},{\"@type\":\"ImageObject\",\"inLanguage\":\"fr-FR\",\"@id\":\"https:\/\/induzon.com\/fr\/produit\/bac-a-graisse-sous-evier-degraisseur-cuisine-piege-a-graisse-separateur-de-graisse-restaurant-plonge\/#primaryimage\",\"url\":\"https:\/\/induzon.com\/wp-content\/uploads\/2025\/07\/7.jpg\",\"contentUrl\":\"https:\/\/induzon.com\/wp-content\/uploads\/2025\/07\/7.jpg\",\"width\":1500,\"height\":1500,\"caption\":\"Bac d\u00e9graisseur pour restaurants et cuisines. S\u00e9parateurs de graisse sous \u00e9vier et pi\u00e8ges \u00e0 graisse cuisine pi\u00e8ge \u00e0 graisse separateur de graisse\"},{\"@type\":\"BreadcrumbList\",\"@id\":\"https:\/\/induzon.com\/fr\/produit\/bac-a-graisse-sous-evier-degraisseur-cuisine-piege-a-graisse-separateur-de-graisse-restaurant-plonge\/#breadcrumb\",\"itemListElement\":[{\"@type\":\"ListItem\",\"position\":1,\"name\":\"\u9996\u9875\",\"item\":\"https:\/\/induzon.com\/fr\/\"},{\"@type\":\"ListItem\",\"position\":2,\"name\":\"Boutique\",\"item\":\"https:\/\/induzon.com\/fr\/boutique\/\"},{\"@type\":\"ListItem\",\"position\":3,\"name\":\"Bac a graisse sous evier d\u00e9graisseur cuisine pi\u00e8ge \u00e0 graisse separateur de graisse restaurant plonge\"}]},{\"@type\":\"WebSite\",\"@id\":\"https:\/\/induzon.com\/fr\/#website\",\"url\":\"https:\/\/induzon.com\/fr\/\",\"name\":\"induzon\",\"description\":\"\",\"publisher\":{\"@id\":\"https:\/\/induzon.com\/fr\/#organization\"},\"potentialAction\":[{\"@type\":\"SearchAction\",\"target\":{\"@type\":\"EntryPoint\",\"urlTemplate\":\"https:\/\/induzon.com\/fr\/?s={search_term_string}\"},\"query-input\":{\"@type\":\"PropertyValueSpecification\",\"valueRequired\":true,\"valueName\":\"search_term_string\"}}],\"inLanguage\":\"fr-FR\"},{\"@type\":\"Organization\",\"@id\":\"https:\/\/induzon.com\/fr\/#organization\",\"name\":\"induzon\",\"url\":\"https:\/\/induzon.com\/fr\/\",\"logo\":{\"@type\":\"ImageObject\",\"inLanguage\":\"fr-FR\",\"@id\":\"https:\/\/induzon.com\/fr\/#\/schema\/logo\/image\/\",\"url\":\"https:\/\/induzon.com\/wp-content\/uploads\/2025\/05\/cropped-026.png\",\"contentUrl\":\"https:\/\/induzon.com\/wp-content\/uploads\/2025\/05\/cropped-026.png\",\"width\":512,\"height\":512,\"caption\":\"induzon\"},\"image\":{\"@id\":\"https:\/\/induzon.com\/fr\/#\/schema\/logo\/image\/\"}}]}<\/script>\r\n<!-- \/ Yoast SEO plugin. -->","yoast_head_json":{"title":"Bac a graisse sous cuisine pi\u00e8ge \u00e0 graisse-Induzon","description":"Bac d\u00e9graisseur pour restaurants et cuisines. S\u00e9parateurs de graisse sous \u00e9vier et pi\u00e8ges \u00e0 graisse cuisine pi\u00e8ge \u00e0 graisse separateur de graisse","robots":{"index":"index","follow":"follow","max-snippet":"max-snippet:-1","max-image-preview":"max-image-preview:large","max-video-preview":"max-video-preview:-1"},"canonical":"https:\/\/induzon.com\/fr\/produit\/bac-a-graisse-sous-evier-degraisseur-cuisine-piege-a-graisse-separateur-de-graisse-restaurant-plonge\/","og_locale":"fr_FR","og_type":"article","og_title":"Bac a graisse sous cuisine pi\u00e8ge \u00e0 graisse-Induzon","og_description":"Bac d\u00e9graisseur pour restaurants et cuisines. S\u00e9parateurs de graisse sous \u00e9vier et pi\u00e8ges \u00e0 graisse cuisine pi\u00e8ge \u00e0 graisse separateur de graisse","og_url":"https:\/\/induzon.com\/fr\/produit\/bac-a-graisse-sous-evier-degraisseur-cuisine-piege-a-graisse-separateur-de-graisse-restaurant-plonge\/","og_site_name":"induzon","article_modified_time":"2025-12-30T05:19:02+00:00","og_image":[{"width":1500,"height":1500,"url":"https:\/\/induzon.com\/wp-content\/uploads\/2025\/07\/7.jpg","type":"image\/jpeg"}],"twitter_card":"summary_large_image","twitter_misc":{"Dur\u00e9e de lecture estim\u00e9e":"1 minute"},"schema":{"@context":"https:\/\/schema.org","@graph":[{"@type":"WebPage","@id":"https:\/\/induzon.com\/fr\/produit\/bac-a-graisse-sous-evier-degraisseur-cuisine-piege-a-graisse-separateur-de-graisse-restaurant-plonge\/","url":"https:\/\/induzon.com\/fr\/produit\/bac-a-graisse-sous-evier-degraisseur-cuisine-piege-a-graisse-separateur-de-graisse-restaurant-plonge\/","name":"Bac a graisse sous cuisine pi\u00e8ge \u00e0 graisse-Induzon","isPartOf":{"@id":"https:\/\/induzon.com\/fr\/#website"},"primaryImageOfPage":{"@id":"https:\/\/induzon.com\/fr\/produit\/bac-a-graisse-sous-evier-degraisseur-cuisine-piege-a-graisse-separateur-de-graisse-restaurant-plonge\/#primaryimage"},"image":{"@id":"https:\/\/induzon.com\/fr\/produit\/bac-a-graisse-sous-evier-degraisseur-cuisine-piege-a-graisse-separateur-de-graisse-restaurant-plonge\/#primaryimage"},"thumbnailUrl":"https:\/\/induzon.com\/wp-content\/uploads\/2025\/07\/7.jpg","datePublished":"2025-07-16T08:37:51+00:00","dateModified":"2025-12-30T05:19:02+00:00","description":"Bac d\u00e9graisseur pour restaurants et cuisines. S\u00e9parateurs de graisse sous \u00e9vier et pi\u00e8ges \u00e0 graisse cuisine pi\u00e8ge \u00e0 graisse separateur de graisse","breadcrumb":{"@id":"https:\/\/induzon.com\/fr\/produit\/bac-a-graisse-sous-evier-degraisseur-cuisine-piege-a-graisse-separateur-de-graisse-restaurant-plonge\/#breadcrumb"},"inLanguage":"fr-FR","potentialAction":[{"@type":"ReadAction","target":["https:\/\/induzon.com\/fr\/produit\/bac-a-graisse-sous-evier-degraisseur-cuisine-piege-a-graisse-separateur-de-graisse-restaurant-plonge\/"]}]},{"@type":"ImageObject","inLanguage":"fr-FR","@id":"https:\/\/induzon.com\/fr\/produit\/bac-a-graisse-sous-evier-degraisseur-cuisine-piege-a-graisse-separateur-de-graisse-restaurant-plonge\/#primaryimage","url":"https:\/\/induzon.com\/wp-content\/uploads\/2025\/07\/7.jpg","contentUrl":"https:\/\/induzon.com\/wp-content\/uploads\/2025\/07\/7.jpg","width":1500,"height":1500,"caption":"Bac d\u00e9graisseur pour restaurants et cuisines. S\u00e9parateurs de graisse sous \u00e9vier et pi\u00e8ges \u00e0 graisse cuisine pi\u00e8ge \u00e0 graisse separateur de graisse"},{"@type":"BreadcrumbList","@id":"https:\/\/induzon.com\/fr\/produit\/bac-a-graisse-sous-evier-degraisseur-cuisine-piege-a-graisse-separateur-de-graisse-restaurant-plonge\/#breadcrumb","itemListElement":[{"@type":"ListItem","position":1,"name":"\u9996\u9875","item":"https:\/\/induzon.com\/fr\/"},{"@type":"ListItem","position":2,"name":"Boutique","item":"https:\/\/induzon.com\/fr\/boutique\/"},{"@type":"ListItem","position":3,"name":"Bac a graisse sous evier d\u00e9graisseur cuisine pi\u00e8ge \u00e0 graisse separateur de graisse restaurant plonge"}]},{"@type":"WebSite","@id":"https:\/\/induzon.com\/fr\/#website","url":"https:\/\/induzon.com\/fr\/","name":"induzon","description":"","publisher":{"@id":"https:\/\/induzon.com\/fr\/#organization"},"potentialAction":[{"@type":"SearchAction","target":{"@type":"EntryPoint","urlTemplate":"https:\/\/induzon.com\/fr\/?s={search_term_string}"},"query-input":{"@type":"PropertyValueSpecification","valueRequired":true,"valueName":"search_term_string"}}],"inLanguage":"fr-FR"},{"@type":"Organization","@id":"https:\/\/induzon.com\/fr\/#organization","name":"induzon","url":"https:\/\/induzon.com\/fr\/","logo":{"@type":"ImageObject","inLanguage":"fr-FR","@id":"https:\/\/induzon.com\/fr\/#\/schema\/logo\/image\/","url":"https:\/\/induzon.com\/wp-content\/uploads\/2025\/05\/cropped-026.png","contentUrl":"https:\/\/induzon.com\/wp-content\/uploads\/2025\/05\/cropped-026.png","width":512,"height":512,"caption":"induzon"},"image":{"@id":"https:\/\/induzon.com\/fr\/#\/schema\/logo\/image\/"}}]}},"_links":{"self":[{"href":"https:\/\/induzon.com\/fr\/wp-json\/wp\/v2\/product\/18211","targetHints":{"allow":["GET"]}}],"collection":[{"href":"https:\/\/induzon.com\/fr\/wp-json\/wp\/v2\/product"}],"about":[{"href":"https:\/\/induzon.com\/fr\/wp-json\/wp\/v2\/types\/product"}],"replies":[{"embeddable":true,"href":"https:\/\/induzon.com\/fr\/wp-json\/wp\/v2\/comments?post=18211"}],"version-history":[{"count":2,"href":"https:\/\/induzon.com\/fr\/wp-json\/wp\/v2\/product\/18211\/revisions"}],"predecessor-version":[{"id":32608,"href":"https:\/\/induzon.com\/fr\/wp-json\/wp\/v2\/product\/18211\/revisions\/32608"}],"wp:featuredmedia":[{"embeddable":true,"href":"https:\/\/induzon.com\/fr\/wp-json\/wp\/v2\/media\/18164"}],"wp:attachment":[{"href":"https:\/\/induzon.com\/fr\/wp-json\/wp\/v2\/media?parent=18211"}],"wp:term":[{"taxonomy":"product_brand","embeddable":true,"href":"https:\/\/induzon.com\/fr\/wp-json\/wp\/v2\/product_brand?post=18211"},{"taxonomy":"product_cat","embeddable":true,"href":"https:\/\/induzon.com\/fr\/wp-json\/wp\/v2\/product_cat?post=18211"},{"taxonomy":"product_tag","embeddable":true,"href":"https:\/\/induzon.com\/fr\/wp-json\/wp\/v2\/product_tag?post=18211"}],"curies":[{"name":"wp","href":"https:\/\/api.w.org\/{rel}","templated":true}]}}