{"id":18895,"date":"2025-07-18T16:15:07","date_gmt":"2025-07-18T08:15:07","guid":{"rendered":"https:\/\/induzon.com\/shop\/refroidisseur-dhuile-hydraulique-avec-ventilateur-12v-pour-mini-excavatrice-tracteur-radiateur-de-modification-de-vehicule-radiateur-de-refroidissement-air-kit-refroidissement-huile-moteur-aluminium\/"},"modified":"2025-12-29T15:44:58","modified_gmt":"2025-12-29T07:44:58","slug":"refroidisseur-dhuile-hydraulique-avec-ventilateur-12v-pour-mini-excavatrice-tracteur-radiateur-de-modification-de-vehicule-radiateur-de-refroidissement-air-kit-refroidissement-huile-moteur-aluminium","status":"publish","type":"product","link":"https:\/\/induzon.com\/fr\/produit\/refroidisseur-dhuile-hydraulique-avec-ventilateur-12v-pour-mini-excavatrice-tracteur-radiateur-de-modification-de-vehicule-radiateur-de-refroidissement-air-kit-refroidissement-huile-moteur-aluminium\/","title":{"rendered":"Refroidisseur d&rsquo;huile hydraulique avec ventilateur 12V pour mini excavatrice tracteur radiateur de modification de v\u00e9hicule radiateur de refroidissement air kit refroidissement huile moteur aluminium agricole coupe axial insert"},"content":{"rendered":"<p>1.Refroidisseur d&rsquo;huile hydraulique avec ventilateur int\u00e9gr\u00e9 pour une dissipation thermique efficace<br \/>\n2.Con\u00e7u sp\u00e9cialement pour les mini-pelles, compatible avec divers mod\u00e8les et accessoires lat\u00e9raux<br \/>\n3.Syst\u00e8me de refroidissement par air pour une performance optimale m\u00eame dans des conditions difficiles<br \/>\n4.Ventilateur 12 volts pour une circulation d&rsquo;air accrue et un refroidissement rapide de l&rsquo;huile hydraulique<br \/>\n5.Installation facile, solution compl\u00e8te pour maintenir la temp\u00e9rature id\u00e9ale de votre syst\u00e8me hydraulique<\/p>\n","protected":false},"excerpt":{"rendered":"<p>1.Refroidisseur d&rsquo;huile hydraulique avec ventilateur int\u00e9gr\u00e9 pour une dissipation thermique efficace 2.Con\u00e7u sp\u00e9cialement pour les mini-pelles, compatible avec divers mod\u00e8les [&hellip;]<\/p>\n","protected":false},"featured_media":18861,"comment_status":"open","ping_status":"closed","template":"","meta":{"site-sidebar-layout":"default","site-content-layout":"","ast-site-content-layout":"default","site-content-style":"default","site-sidebar-style":"default","ast-global-header-display":"","ast-banner-title-visibility":"","ast-main-header-display":"","ast-hfb-above-header-display":"","ast-hfb-below-header-display":"","ast-hfb-mobile-header-display":"","site-post-title":"","ast-breadcrumbs-content":"","ast-featured-img":"","footer-sml-layout":"","theme-transparent-header-meta":"default","adv-header-id-meta":"","stick-header-meta":"","header-above-stick-meta":"","header-main-stick-meta":"","header-below-stick-meta":"","astra-migrate-meta-layouts":"set","ast-page-background-enabled":"default","ast-page-background-meta":{"desktop":{"background-color":"var(--ast-global-color-4)","background-image":"","background-repeat":"repeat","background-position":"center center","background-size":"auto","background-attachment":"scroll","background-type":"","background-media":"","overlay-type":"","overlay-color":"","overlay-opacity":"","overlay-gradient":""},"tablet":{"background-color":"","background-image":"","background-repeat":"repeat","background-position":"center center","background-size":"auto","background-attachment":"scroll","background-type":"","background-media":"","overlay-type":"","overlay-color":"","overlay-opacity":"","overlay-gradient":""},"mobile":{"background-color":"","background-image":"","background-repeat":"repeat","background-position":"center center","background-size":"auto","background-attachment":"scroll","background-type":"","background-media":"","overlay-type":"","overlay-color":"","overlay-opacity":"","overlay-gradient":""}},"ast-content-background-meta":{"desktop":{"background-color":"var(--ast-global-color-5)","background-image":"","background-repeat":"repeat","background-position":"center center","background-size":"auto","background-attachment":"scroll","background-type":"","background-media":"","overlay-type":"","overlay-color":"","overlay-opacity":"","overlay-gradient":""},"tablet":{"background-color":"var(--ast-global-color-5)","background-image":"","background-repeat":"repeat","background-position":"center center","background-size":"auto","background-attachment":"scroll","background-type":"","background-media":"","overlay-type":"","overlay-color":"","overlay-opacity":"","overlay-gradient":""},"mobile":{"background-color":"var(--ast-global-color-5)","background-image":"","background-repeat":"repeat","background-position":"center center","background-size":"auto","background-attachment":"scroll","background-type":"","background-media":"","overlay-type":"","overlay-color":"","overlay-opacity":"","overlay-gradient":""}}},"product_brand":[],"product_cat":[1588,1590,1589],"product_tag":[1591],"class_list":{"0":"post-18895","1":"product","2":"type-product","3":"status-publish","4":"has-post-thumbnail","6":"product_cat-machines-et-produits-industriels","7":"product_cat-refroidisseur-dhuile","8":"product_cat-systeme-de-refroidissement","9":"product_tag-refroidisseur-dair","10":"desktop-align-left","11":"tablet-align-left","12":"mobile-align-left","14":"first","15":"instock","16":"sale","17":"shipping-taxable","18":"purchasable","19":"product-type-variable"},"yoast_head":"<!-- This site is optimized with the Yoast SEO plugin v24.9 - https:\/\/yoast.com\/wordpress\/plugins\/seo\/ -->\r\n<title>Refroidisseur Huile Hydraulique 12V -Induzon<\/title>\r\n<meta name=\"description\" content=\"Refroidisseur d&#039;huile hydraulique avec ventilateur pour tracteurs et minipelles. \u00c9changeurs thermiques, radiateurs aluminium, kits refroidissement agricole.\" \/>\r\n<meta name=\"robots\" content=\"index, follow, max-snippet:-1, max-image-preview:large, max-video-preview:-1\" \/>\r\n<link rel=\"canonical\" href=\"https:\/\/induzon.com\/fr\/produit\/refroidisseur-dhuile-hydraulique-avec-ventilateur-12v-pour-mini-excavatrice-tracteur-radiateur-de-modification-de-vehicule-radiateur-de-refroidissement-air-kit-refroidissement-huile-moteur-aluminium\/\" \/>\r\n<meta property=\"og:locale\" content=\"fr_FR\" \/>\r\n<meta property=\"og:type\" content=\"article\" \/>\r\n<meta property=\"og:title\" content=\"Refroidisseur Huile Hydraulique 12V -Induzon\" \/>\r\n<meta property=\"og:description\" content=\"Refroidisseur d&#039;huile hydraulique avec ventilateur pour tracteurs et minipelles. \u00c9changeurs thermiques, radiateurs aluminium, kits refroidissement agricole.\" \/>\r\n<meta property=\"og:url\" content=\"https:\/\/induzon.com\/fr\/produit\/refroidisseur-dhuile-hydraulique-avec-ventilateur-12v-pour-mini-excavatrice-tracteur-radiateur-de-modification-de-vehicule-radiateur-de-refroidissement-air-kit-refroidissement-huile-moteur-aluminium\/\" \/>\r\n<meta property=\"og:site_name\" content=\"induzon\" \/>\r\n<meta property=\"article:modified_time\" content=\"2025-12-29T07:44:58+00:00\" \/>\r\n<meta property=\"og:image\" content=\"https:\/\/induzon.com\/wp-content\/uploads\/2025\/07\/\u56fe-1-13.jpg\" \/>\r\n\t<meta property=\"og:image:width\" content=\"1500\" \/>\r\n\t<meta property=\"og:image:height\" content=\"1500\" \/>\r\n\t<meta property=\"og:image:type\" content=\"image\/jpeg\" \/>\r\n<meta name=\"twitter:card\" content=\"summary_large_image\" \/>\r\n<meta name=\"twitter:label1\" content=\"Dur\u00e9e de lecture estim\u00e9e\" \/>\n\t<meta name=\"twitter:data1\" content=\"1 minute\" \/>\r\n<script type=\"application\/ld+json\" class=\"yoast-schema-graph\">{\"@context\":\"https:\/\/schema.org\",\"@graph\":[{\"@type\":\"WebPage\",\"@id\":\"https:\/\/induzon.com\/fr\/produit\/refroidisseur-dhuile-hydraulique-avec-ventilateur-12v-pour-mini-excavatrice-tracteur-radiateur-de-modification-de-vehicule-radiateur-de-refroidissement-air-kit-refroidissement-huile-moteur-aluminium\/\",\"url\":\"https:\/\/induzon.com\/fr\/produit\/refroidisseur-dhuile-hydraulique-avec-ventilateur-12v-pour-mini-excavatrice-tracteur-radiateur-de-modification-de-vehicule-radiateur-de-refroidissement-air-kit-refroidissement-huile-moteur-aluminium\/\",\"name\":\"Refroidisseur Huile Hydraulique 12V -Induzon\",\"isPartOf\":{\"@id\":\"https:\/\/induzon.com\/fr\/#website\"},\"primaryImageOfPage\":{\"@id\":\"https:\/\/induzon.com\/fr\/produit\/refroidisseur-dhuile-hydraulique-avec-ventilateur-12v-pour-mini-excavatrice-tracteur-radiateur-de-modification-de-vehicule-radiateur-de-refroidissement-air-kit-refroidissement-huile-moteur-aluminium\/#primaryimage\"},\"image\":{\"@id\":\"https:\/\/induzon.com\/fr\/produit\/refroidisseur-dhuile-hydraulique-avec-ventilateur-12v-pour-mini-excavatrice-tracteur-radiateur-de-modification-de-vehicule-radiateur-de-refroidissement-air-kit-refroidissement-huile-moteur-aluminium\/#primaryimage\"},\"thumbnailUrl\":\"https:\/\/induzon.com\/wp-content\/uploads\/2025\/07\/\u56fe-1-13.jpg\",\"datePublished\":\"2025-07-18T08:15:07+00:00\",\"dateModified\":\"2025-12-29T07:44:58+00:00\",\"description\":\"Refroidisseur d'huile hydraulique avec ventilateur pour tracteurs et minipelles. \u00c9changeurs thermiques, radiateurs aluminium, kits refroidissement agricole.\",\"breadcrumb\":{\"@id\":\"https:\/\/induzon.com\/fr\/produit\/refroidisseur-dhuile-hydraulique-avec-ventilateur-12v-pour-mini-excavatrice-tracteur-radiateur-de-modification-de-vehicule-radiateur-de-refroidissement-air-kit-refroidissement-huile-moteur-aluminium\/#breadcrumb\"},\"inLanguage\":\"fr-FR\",\"potentialAction\":[{\"@type\":\"ReadAction\",\"target\":[\"https:\/\/induzon.com\/fr\/produit\/refroidisseur-dhuile-hydraulique-avec-ventilateur-12v-pour-mini-excavatrice-tracteur-radiateur-de-modification-de-vehicule-radiateur-de-refroidissement-air-kit-refroidissement-huile-moteur-aluminium\/\"]}]},{\"@type\":\"ImageObject\",\"inLanguage\":\"fr-FR\",\"@id\":\"https:\/\/induzon.com\/fr\/produit\/refroidisseur-dhuile-hydraulique-avec-ventilateur-12v-pour-mini-excavatrice-tracteur-radiateur-de-modification-de-vehicule-radiateur-de-refroidissement-air-kit-refroidissement-huile-moteur-aluminium\/#primaryimage\",\"url\":\"https:\/\/induzon.com\/wp-content\/uploads\/2025\/07\/\u56fe-1-13.jpg\",\"contentUrl\":\"https:\/\/induzon.com\/wp-content\/uploads\/2025\/07\/\u56fe-1-13.jpg\",\"width\":1500,\"height\":1500,\"caption\":\"Refroidisseur Huile Hydraulique\"},{\"@type\":\"BreadcrumbList\",\"@id\":\"https:\/\/induzon.com\/fr\/produit\/refroidisseur-dhuile-hydraulique-avec-ventilateur-12v-pour-mini-excavatrice-tracteur-radiateur-de-modification-de-vehicule-radiateur-de-refroidissement-air-kit-refroidissement-huile-moteur-aluminium\/#breadcrumb\",\"itemListElement\":[{\"@type\":\"ListItem\",\"position\":1,\"name\":\"\u9996\u9875\",\"item\":\"https:\/\/induzon.com\/fr\/\"},{\"@type\":\"ListItem\",\"position\":2,\"name\":\"Boutique\",\"item\":\"https:\/\/induzon.com\/fr\/boutique\/\"},{\"@type\":\"ListItem\",\"position\":3,\"name\":\"Refroidisseur d&rsquo;huile hydraulique avec ventilateur 12V pour mini excavatrice tracteur radiateur de modification de v\u00e9hicule radiateur de refroidissement air kit refroidissement huile moteur aluminium agricole coupe axial insert\"}]},{\"@type\":\"WebSite\",\"@id\":\"https:\/\/induzon.com\/fr\/#website\",\"url\":\"https:\/\/induzon.com\/fr\/\",\"name\":\"induzon\",\"description\":\"\",\"publisher\":{\"@id\":\"https:\/\/induzon.com\/fr\/#organization\"},\"potentialAction\":[{\"@type\":\"SearchAction\",\"target\":{\"@type\":\"EntryPoint\",\"urlTemplate\":\"https:\/\/induzon.com\/fr\/?s={search_term_string}\"},\"query-input\":{\"@type\":\"PropertyValueSpecification\",\"valueRequired\":true,\"valueName\":\"search_term_string\"}}],\"inLanguage\":\"fr-FR\"},{\"@type\":\"Organization\",\"@id\":\"https:\/\/induzon.com\/fr\/#organization\",\"name\":\"induzon\",\"url\":\"https:\/\/induzon.com\/fr\/\",\"logo\":{\"@type\":\"ImageObject\",\"inLanguage\":\"fr-FR\",\"@id\":\"https:\/\/induzon.com\/fr\/#\/schema\/logo\/image\/\",\"url\":\"https:\/\/induzon.com\/wp-content\/uploads\/2025\/05\/cropped-026.png\",\"contentUrl\":\"https:\/\/induzon.com\/wp-content\/uploads\/2025\/05\/cropped-026.png\",\"width\":512,\"height\":512,\"caption\":\"induzon\"},\"image\":{\"@id\":\"https:\/\/induzon.com\/fr\/#\/schema\/logo\/image\/\"}}]}<\/script>\r\n<!-- \/ Yoast SEO plugin. -->","yoast_head_json":{"title":"Refroidisseur Huile Hydraulique 12V -Induzon","description":"Refroidisseur d'huile hydraulique avec ventilateur pour tracteurs et minipelles. \u00c9changeurs thermiques, radiateurs aluminium, kits refroidissement agricole.","robots":{"index":"index","follow":"follow","max-snippet":"max-snippet:-1","max-image-preview":"max-image-preview:large","max-video-preview":"max-video-preview:-1"},"canonical":"https:\/\/induzon.com\/fr\/produit\/refroidisseur-dhuile-hydraulique-avec-ventilateur-12v-pour-mini-excavatrice-tracteur-radiateur-de-modification-de-vehicule-radiateur-de-refroidissement-air-kit-refroidissement-huile-moteur-aluminium\/","og_locale":"fr_FR","og_type":"article","og_title":"Refroidisseur Huile Hydraulique 12V -Induzon","og_description":"Refroidisseur d'huile hydraulique avec ventilateur pour tracteurs et minipelles. \u00c9changeurs thermiques, radiateurs aluminium, kits refroidissement agricole.","og_url":"https:\/\/induzon.com\/fr\/produit\/refroidisseur-dhuile-hydraulique-avec-ventilateur-12v-pour-mini-excavatrice-tracteur-radiateur-de-modification-de-vehicule-radiateur-de-refroidissement-air-kit-refroidissement-huile-moteur-aluminium\/","og_site_name":"induzon","article_modified_time":"2025-12-29T07:44:58+00:00","og_image":[{"width":1500,"height":1500,"url":"https:\/\/induzon.com\/wp-content\/uploads\/2025\/07\/\u56fe-1-13.jpg","type":"image\/jpeg"}],"twitter_card":"summary_large_image","twitter_misc":{"Dur\u00e9e de lecture estim\u00e9e":"1 minute"},"schema":{"@context":"https:\/\/schema.org","@graph":[{"@type":"WebPage","@id":"https:\/\/induzon.com\/fr\/produit\/refroidisseur-dhuile-hydraulique-avec-ventilateur-12v-pour-mini-excavatrice-tracteur-radiateur-de-modification-de-vehicule-radiateur-de-refroidissement-air-kit-refroidissement-huile-moteur-aluminium\/","url":"https:\/\/induzon.com\/fr\/produit\/refroidisseur-dhuile-hydraulique-avec-ventilateur-12v-pour-mini-excavatrice-tracteur-radiateur-de-modification-de-vehicule-radiateur-de-refroidissement-air-kit-refroidissement-huile-moteur-aluminium\/","name":"Refroidisseur Huile Hydraulique 12V -Induzon","isPartOf":{"@id":"https:\/\/induzon.com\/fr\/#website"},"primaryImageOfPage":{"@id":"https:\/\/induzon.com\/fr\/produit\/refroidisseur-dhuile-hydraulique-avec-ventilateur-12v-pour-mini-excavatrice-tracteur-radiateur-de-modification-de-vehicule-radiateur-de-refroidissement-air-kit-refroidissement-huile-moteur-aluminium\/#primaryimage"},"image":{"@id":"https:\/\/induzon.com\/fr\/produit\/refroidisseur-dhuile-hydraulique-avec-ventilateur-12v-pour-mini-excavatrice-tracteur-radiateur-de-modification-de-vehicule-radiateur-de-refroidissement-air-kit-refroidissement-huile-moteur-aluminium\/#primaryimage"},"thumbnailUrl":"https:\/\/induzon.com\/wp-content\/uploads\/2025\/07\/\u56fe-1-13.jpg","datePublished":"2025-07-18T08:15:07+00:00","dateModified":"2025-12-29T07:44:58+00:00","description":"Refroidisseur d'huile hydraulique avec ventilateur pour tracteurs et minipelles. \u00c9changeurs thermiques, radiateurs aluminium, kits refroidissement agricole.","breadcrumb":{"@id":"https:\/\/induzon.com\/fr\/produit\/refroidisseur-dhuile-hydraulique-avec-ventilateur-12v-pour-mini-excavatrice-tracteur-radiateur-de-modification-de-vehicule-radiateur-de-refroidissement-air-kit-refroidissement-huile-moteur-aluminium\/#breadcrumb"},"inLanguage":"fr-FR","potentialAction":[{"@type":"ReadAction","target":["https:\/\/induzon.com\/fr\/produit\/refroidisseur-dhuile-hydraulique-avec-ventilateur-12v-pour-mini-excavatrice-tracteur-radiateur-de-modification-de-vehicule-radiateur-de-refroidissement-air-kit-refroidissement-huile-moteur-aluminium\/"]}]},{"@type":"ImageObject","inLanguage":"fr-FR","@id":"https:\/\/induzon.com\/fr\/produit\/refroidisseur-dhuile-hydraulique-avec-ventilateur-12v-pour-mini-excavatrice-tracteur-radiateur-de-modification-de-vehicule-radiateur-de-refroidissement-air-kit-refroidissement-huile-moteur-aluminium\/#primaryimage","url":"https:\/\/induzon.com\/wp-content\/uploads\/2025\/07\/\u56fe-1-13.jpg","contentUrl":"https:\/\/induzon.com\/wp-content\/uploads\/2025\/07\/\u56fe-1-13.jpg","width":1500,"height":1500,"caption":"Refroidisseur Huile Hydraulique"},{"@type":"BreadcrumbList","@id":"https:\/\/induzon.com\/fr\/produit\/refroidisseur-dhuile-hydraulique-avec-ventilateur-12v-pour-mini-excavatrice-tracteur-radiateur-de-modification-de-vehicule-radiateur-de-refroidissement-air-kit-refroidissement-huile-moteur-aluminium\/#breadcrumb","itemListElement":[{"@type":"ListItem","position":1,"name":"\u9996\u9875","item":"https:\/\/induzon.com\/fr\/"},{"@type":"ListItem","position":2,"name":"Boutique","item":"https:\/\/induzon.com\/fr\/boutique\/"},{"@type":"ListItem","position":3,"name":"Refroidisseur d&rsquo;huile hydraulique avec ventilateur 12V pour mini excavatrice tracteur radiateur de modification de v\u00e9hicule radiateur de refroidissement air kit refroidissement huile moteur aluminium agricole coupe axial insert"}]},{"@type":"WebSite","@id":"https:\/\/induzon.com\/fr\/#website","url":"https:\/\/induzon.com\/fr\/","name":"induzon","description":"","publisher":{"@id":"https:\/\/induzon.com\/fr\/#organization"},"potentialAction":[{"@type":"SearchAction","target":{"@type":"EntryPoint","urlTemplate":"https:\/\/induzon.com\/fr\/?s={search_term_string}"},"query-input":{"@type":"PropertyValueSpecification","valueRequired":true,"valueName":"search_term_string"}}],"inLanguage":"fr-FR"},{"@type":"Organization","@id":"https:\/\/induzon.com\/fr\/#organization","name":"induzon","url":"https:\/\/induzon.com\/fr\/","logo":{"@type":"ImageObject","inLanguage":"fr-FR","@id":"https:\/\/induzon.com\/fr\/#\/schema\/logo\/image\/","url":"https:\/\/induzon.com\/wp-content\/uploads\/2025\/05\/cropped-026.png","contentUrl":"https:\/\/induzon.com\/wp-content\/uploads\/2025\/05\/cropped-026.png","width":512,"height":512,"caption":"induzon"},"image":{"@id":"https:\/\/induzon.com\/fr\/#\/schema\/logo\/image\/"}}]}},"_links":{"self":[{"href":"https:\/\/induzon.com\/fr\/wp-json\/wp\/v2\/product\/18895","targetHints":{"allow":["GET"]}}],"collection":[{"href":"https:\/\/induzon.com\/fr\/wp-json\/wp\/v2\/product"}],"about":[{"href":"https:\/\/induzon.com\/fr\/wp-json\/wp\/v2\/types\/product"}],"replies":[{"embeddable":true,"href":"https:\/\/induzon.com\/fr\/wp-json\/wp\/v2\/comments?post=18895"}],"version-history":[{"count":1,"href":"https:\/\/induzon.com\/fr\/wp-json\/wp\/v2\/product\/18895\/revisions"}],"predecessor-version":[{"id":32581,"href":"https:\/\/induzon.com\/fr\/wp-json\/wp\/v2\/product\/18895\/revisions\/32581"}],"wp:featuredmedia":[{"embeddable":true,"href":"https:\/\/induzon.com\/fr\/wp-json\/wp\/v2\/media\/18861"}],"wp:attachment":[{"href":"https:\/\/induzon.com\/fr\/wp-json\/wp\/v2\/media?parent=18895"}],"wp:term":[{"taxonomy":"product_brand","embeddable":true,"href":"https:\/\/induzon.com\/fr\/wp-json\/wp\/v2\/product_brand?post=18895"},{"taxonomy":"product_cat","embeddable":true,"href":"https:\/\/induzon.com\/fr\/wp-json\/wp\/v2\/product_cat?post=18895"},{"taxonomy":"product_tag","embeddable":true,"href":"https:\/\/induzon.com\/fr\/wp-json\/wp\/v2\/product_tag?post=18895"}],"curies":[{"name":"wp","href":"https:\/\/api.w.org\/{rel}","templated":true}]}}