{"id":20547,"date":"2025-07-29T16:54:59","date_gmt":"2025-07-29T08:54:59","guid":{"rendered":"https:\/\/induzon.com\/shop\/condenseur-frigo-pour-chambre-froide-refrigeracion-a-eau-radiateur-refroidissement-evaporateur-frigorifique-plaque-de-refroidissement-cuivre-aluminium-refroidisseur-industriel-tube-ailette-congelateur\/"},"modified":"2025-12-03T11:48:41","modified_gmt":"2025-12-03T03:48:41","slug":"condenseur-frigo-pour-chambre-froide-refrigeracion-a-eau-radiateur-refroidissement-evaporateur-frigorifique-plaque-de-refroidissement-cuivre-aluminium-refroidisseur-industriel-tube-ailette-congelateur","status":"publish","type":"product","link":"https:\/\/induzon.com\/fr\/produit\/condenseur-frigo-pour-chambre-froide-refrigeracion-a-eau-radiateur-refroidissement-evaporateur-frigorifique-plaque-de-refroidissement-cuivre-aluminium-refroidisseur-industriel-tube-ailette-congelateur\/","title":{"rendered":"Condenseur frigo pour chambre froide refrigeraci\u00f3n \u00e0 eau radiateur refroidissement evaporateur frigorifique plaque de refroidissement cuivre aluminium refroidisseur industriel tube ailette cong\u00e9lateur air"},"content":{"rendered":"<p>1.Condenseur de r\u00e9frig\u00e9rateur avec tube en cuivre et ailette en aluminium pour un refroidissement efficace<br \/>\n2.Conception universelle adapt\u00e9e aux syst\u00e8mes de refroidissement par air et eau<br \/>\n3.Mat\u00e9riaux de haute qualit\u00e9: tube en cuivre et ailette en aluminium pour une durabilit\u00e9 accrue<br \/>\n4.Id\u00e9al pour les r\u00e9frig\u00e9rateurs, cong\u00e9lateurs et chambres froides<br \/>\n5.Facile \u00e0 installer et \u00e0 utiliser pour un remplacement rapide et efficace<\/p>\n","protected":false},"excerpt":{"rendered":"<p>1.Condenseur de r\u00e9frig\u00e9rateur avec tube en cuivre et ailette en aluminium pour un refroidissement efficace 2.Conception universelle adapt\u00e9e aux syst\u00e8mes [&hellip;]<\/p>\n","protected":false},"featured_media":20174,"comment_status":"open","ping_status":"closed","template":"","meta":{"site-sidebar-layout":"default","site-content-layout":"","ast-site-content-layout":"default","site-content-style":"default","site-sidebar-style":"default","ast-global-header-display":"","ast-banner-title-visibility":"","ast-main-header-display":"","ast-hfb-above-header-display":"","ast-hfb-below-header-display":"","ast-hfb-mobile-header-display":"","site-post-title":"","ast-breadcrumbs-content":"","ast-featured-img":"","footer-sml-layout":"","theme-transparent-header-meta":"default","adv-header-id-meta":"","stick-header-meta":"","header-above-stick-meta":"","header-main-stick-meta":"","header-below-stick-meta":"","astra-migrate-meta-layouts":"set","ast-page-background-enabled":"default","ast-page-background-meta":{"desktop":{"background-color":"var(--ast-global-color-4)","background-image":"","background-repeat":"repeat","background-position":"center center","background-size":"auto","background-attachment":"scroll","background-type":"","background-media":"","overlay-type":"","overlay-color":"","overlay-opacity":"","overlay-gradient":""},"tablet":{"background-color":"","background-image":"","background-repeat":"repeat","background-position":"center center","background-size":"auto","background-attachment":"scroll","background-type":"","background-media":"","overlay-type":"","overlay-color":"","overlay-opacity":"","overlay-gradient":""},"mobile":{"background-color":"","background-image":"","background-repeat":"repeat","background-position":"center center","background-size":"auto","background-attachment":"scroll","background-type":"","background-media":"","overlay-type":"","overlay-color":"","overlay-opacity":"","overlay-gradient":""}},"ast-content-background-meta":{"desktop":{"background-color":"var(--ast-global-color-5)","background-image":"","background-repeat":"repeat","background-position":"center center","background-size":"auto","background-attachment":"scroll","background-type":"","background-media":"","overlay-type":"","overlay-color":"","overlay-opacity":"","overlay-gradient":""},"tablet":{"background-color":"var(--ast-global-color-5)","background-image":"","background-repeat":"repeat","background-position":"center center","background-size":"auto","background-attachment":"scroll","background-type":"","background-media":"","overlay-type":"","overlay-color":"","overlay-opacity":"","overlay-gradient":""},"mobile":{"background-color":"var(--ast-global-color-5)","background-image":"","background-repeat":"repeat","background-position":"center center","background-size":"auto","background-attachment":"scroll","background-type":"","background-media":"","overlay-type":"","overlay-color":"","overlay-opacity":"","overlay-gradient":""}}},"product_brand":[],"product_cat":[1013,881],"product_tag":[1795,1015],"class_list":{"0":"post-20547","1":"product","2":"type-product","3":"status-publish","4":"has-post-thumbnail","6":"product_cat-equipement-de-refrigeration","7":"product_cat-outils-et-equipements","8":"product_tag-condenseur","9":"product_tag-equipements-de-refrigeration-industrielle","10":"desktop-align-left","11":"tablet-align-left","12":"mobile-align-left","14":"first","15":"instock","16":"sale","17":"shipping-taxable","18":"purchasable","19":"product-type-variable"},"yoast_head":"<!-- This site is optimized with the Yoast SEO plugin v24.9 - https:\/\/yoast.com\/wordpress\/plugins\/seo\/ -->\r\n<title>Condenseur frigo pour chambre froide refrigeraci\u00f3n \u00e0 eau radiateur refroidissement evaporateur -Induzon<\/title>\r\n<meta name=\"description\" content=\"\u00e9vaporateur climatisation frigo radiateur eau rotatif chambre froide peigne \u00e0 ailettes condenseur tuyau cuivre\" \/>\r\n<meta name=\"robots\" content=\"index, follow, max-snippet:-1, max-image-preview:large, max-video-preview:-1\" \/>\r\n<link rel=\"canonical\" href=\"https:\/\/induzon.com\/fr\/produit\/condenseur-frigo-pour-chambre-froide-refrigeracion-a-eau-radiateur-refroidissement-evaporateur-frigorifique-plaque-de-refroidissement-cuivre-aluminium-refroidisseur-industriel-tube-ailette-congelateur\/\" \/>\r\n<meta property=\"og:locale\" content=\"fr_FR\" \/>\r\n<meta property=\"og:type\" content=\"article\" \/>\r\n<meta property=\"og:title\" content=\"Condenseur frigo pour chambre froide refrigeraci\u00f3n \u00e0 eau radiateur refroidissement evaporateur -Induzon\" \/>\r\n<meta property=\"og:description\" content=\"\u00e9vaporateur climatisation frigo radiateur eau rotatif chambre froide peigne \u00e0 ailettes condenseur tuyau cuivre\" \/>\r\n<meta property=\"og:url\" content=\"https:\/\/induzon.com\/fr\/produit\/condenseur-frigo-pour-chambre-froide-refrigeracion-a-eau-radiateur-refroidissement-evaporateur-frigorifique-plaque-de-refroidissement-cuivre-aluminium-refroidisseur-industriel-tube-ailette-congelateur\/\" \/>\r\n<meta property=\"og:site_name\" content=\"induzon\" \/>\r\n<meta property=\"article:modified_time\" content=\"2025-12-03T03:48:41+00:00\" \/>\r\n<meta property=\"og:image\" content=\"https:\/\/induzon.com\/wp-content\/uploads\/2025\/07\/\u56fe-1-19.jpg\" \/>\r\n\t<meta property=\"og:image:width\" content=\"1500\" \/>\r\n\t<meta property=\"og:image:height\" content=\"1500\" \/>\r\n\t<meta property=\"og:image:type\" content=\"image\/jpeg\" \/>\r\n<meta name=\"twitter:card\" content=\"summary_large_image\" \/>\r\n<meta name=\"twitter:label1\" content=\"Dur\u00e9e de lecture estim\u00e9e\" \/>\n\t<meta name=\"twitter:data1\" content=\"1 minute\" \/>\r\n<script type=\"application\/ld+json\" class=\"yoast-schema-graph\">{\"@context\":\"https:\/\/schema.org\",\"@graph\":[{\"@type\":\"WebPage\",\"@id\":\"https:\/\/induzon.com\/fr\/produit\/condenseur-frigo-pour-chambre-froide-refrigeracion-a-eau-radiateur-refroidissement-evaporateur-frigorifique-plaque-de-refroidissement-cuivre-aluminium-refroidisseur-industriel-tube-ailette-congelateur\/\",\"url\":\"https:\/\/induzon.com\/fr\/produit\/condenseur-frigo-pour-chambre-froide-refrigeracion-a-eau-radiateur-refroidissement-evaporateur-frigorifique-plaque-de-refroidissement-cuivre-aluminium-refroidisseur-industriel-tube-ailette-congelateur\/\",\"name\":\"Condenseur frigo pour chambre froide refrigeraci\u00f3n \u00e0 eau radiateur refroidissement evaporateur -Induzon\",\"isPartOf\":{\"@id\":\"https:\/\/induzon.com\/fr\/#website\"},\"primaryImageOfPage\":{\"@id\":\"https:\/\/induzon.com\/fr\/produit\/condenseur-frigo-pour-chambre-froide-refrigeracion-a-eau-radiateur-refroidissement-evaporateur-frigorifique-plaque-de-refroidissement-cuivre-aluminium-refroidisseur-industriel-tube-ailette-congelateur\/#primaryimage\"},\"image\":{\"@id\":\"https:\/\/induzon.com\/fr\/produit\/condenseur-frigo-pour-chambre-froide-refrigeracion-a-eau-radiateur-refroidissement-evaporateur-frigorifique-plaque-de-refroidissement-cuivre-aluminium-refroidisseur-industriel-tube-ailette-congelateur\/#primaryimage\"},\"thumbnailUrl\":\"https:\/\/induzon.com\/wp-content\/uploads\/2025\/07\/\u56fe-1-19.jpg\",\"datePublished\":\"2025-07-29T08:54:59+00:00\",\"dateModified\":\"2025-12-03T03:48:41+00:00\",\"description\":\"\u00e9vaporateur climatisation frigo radiateur eau rotatif chambre froide peigne \u00e0 ailettes condenseur tuyau cuivre\",\"breadcrumb\":{\"@id\":\"https:\/\/induzon.com\/fr\/produit\/condenseur-frigo-pour-chambre-froide-refrigeracion-a-eau-radiateur-refroidissement-evaporateur-frigorifique-plaque-de-refroidissement-cuivre-aluminium-refroidisseur-industriel-tube-ailette-congelateur\/#breadcrumb\"},\"inLanguage\":\"fr-FR\",\"potentialAction\":[{\"@type\":\"ReadAction\",\"target\":[\"https:\/\/induzon.com\/fr\/produit\/condenseur-frigo-pour-chambre-froide-refrigeracion-a-eau-radiateur-refroidissement-evaporateur-frigorifique-plaque-de-refroidissement-cuivre-aluminium-refroidisseur-industriel-tube-ailette-congelateur\/\"]}]},{\"@type\":\"ImageObject\",\"inLanguage\":\"fr-FR\",\"@id\":\"https:\/\/induzon.com\/fr\/produit\/condenseur-frigo-pour-chambre-froide-refrigeracion-a-eau-radiateur-refroidissement-evaporateur-frigorifique-plaque-de-refroidissement-cuivre-aluminium-refroidisseur-industriel-tube-ailette-congelateur\/#primaryimage\",\"url\":\"https:\/\/induzon.com\/wp-content\/uploads\/2025\/07\/\u56fe-1-19.jpg\",\"contentUrl\":\"https:\/\/induzon.com\/wp-content\/uploads\/2025\/07\/\u56fe-1-19.jpg\",\"width\":1500,\"height\":1500,\"caption\":\"Condenseur frigo pour chambre froide refrigeraci\u00f3n \u00e0 eau\"},{\"@type\":\"BreadcrumbList\",\"@id\":\"https:\/\/induzon.com\/fr\/produit\/condenseur-frigo-pour-chambre-froide-refrigeracion-a-eau-radiateur-refroidissement-evaporateur-frigorifique-plaque-de-refroidissement-cuivre-aluminium-refroidisseur-industriel-tube-ailette-congelateur\/#breadcrumb\",\"itemListElement\":[{\"@type\":\"ListItem\",\"position\":1,\"name\":\"\u9996\u9875\",\"item\":\"https:\/\/induzon.com\/fr\/\"},{\"@type\":\"ListItem\",\"position\":2,\"name\":\"Boutique\",\"item\":\"https:\/\/induzon.com\/fr\/boutique\/\"},{\"@type\":\"ListItem\",\"position\":3,\"name\":\"Condenseur frigo pour chambre froide refrigeraci\u00f3n \u00e0 eau radiateur refroidissement evaporateur frigorifique plaque de refroidissement cuivre aluminium refroidisseur industriel tube ailette cong\u00e9lateur air\"}]},{\"@type\":\"WebSite\",\"@id\":\"https:\/\/induzon.com\/fr\/#website\",\"url\":\"https:\/\/induzon.com\/fr\/\",\"name\":\"induzon\",\"description\":\"\",\"publisher\":{\"@id\":\"https:\/\/induzon.com\/fr\/#organization\"},\"potentialAction\":[{\"@type\":\"SearchAction\",\"target\":{\"@type\":\"EntryPoint\",\"urlTemplate\":\"https:\/\/induzon.com\/fr\/?s={search_term_string}\"},\"query-input\":{\"@type\":\"PropertyValueSpecification\",\"valueRequired\":true,\"valueName\":\"search_term_string\"}}],\"inLanguage\":\"fr-FR\"},{\"@type\":\"Organization\",\"@id\":\"https:\/\/induzon.com\/fr\/#organization\",\"name\":\"induzon\",\"url\":\"https:\/\/induzon.com\/fr\/\",\"logo\":{\"@type\":\"ImageObject\",\"inLanguage\":\"fr-FR\",\"@id\":\"https:\/\/induzon.com\/fr\/#\/schema\/logo\/image\/\",\"url\":\"https:\/\/induzon.com\/wp-content\/uploads\/2025\/05\/cropped-026.png\",\"contentUrl\":\"https:\/\/induzon.com\/wp-content\/uploads\/2025\/05\/cropped-026.png\",\"width\":512,\"height\":512,\"caption\":\"induzon\"},\"image\":{\"@id\":\"https:\/\/induzon.com\/fr\/#\/schema\/logo\/image\/\"}}]}<\/script>\r\n<!-- \/ Yoast SEO plugin. -->","yoast_head_json":{"title":"Condenseur frigo pour chambre froide refrigeraci\u00f3n \u00e0 eau radiateur refroidissement evaporateur -Induzon","description":"\u00e9vaporateur climatisation frigo radiateur eau rotatif chambre froide peigne \u00e0 ailettes condenseur tuyau cuivre","robots":{"index":"index","follow":"follow","max-snippet":"max-snippet:-1","max-image-preview":"max-image-preview:large","max-video-preview":"max-video-preview:-1"},"canonical":"https:\/\/induzon.com\/fr\/produit\/condenseur-frigo-pour-chambre-froide-refrigeracion-a-eau-radiateur-refroidissement-evaporateur-frigorifique-plaque-de-refroidissement-cuivre-aluminium-refroidisseur-industriel-tube-ailette-congelateur\/","og_locale":"fr_FR","og_type":"article","og_title":"Condenseur frigo pour chambre froide refrigeraci\u00f3n \u00e0 eau radiateur refroidissement evaporateur -Induzon","og_description":"\u00e9vaporateur climatisation frigo radiateur eau rotatif chambre froide peigne \u00e0 ailettes condenseur tuyau cuivre","og_url":"https:\/\/induzon.com\/fr\/produit\/condenseur-frigo-pour-chambre-froide-refrigeracion-a-eau-radiateur-refroidissement-evaporateur-frigorifique-plaque-de-refroidissement-cuivre-aluminium-refroidisseur-industriel-tube-ailette-congelateur\/","og_site_name":"induzon","article_modified_time":"2025-12-03T03:48:41+00:00","og_image":[{"width":1500,"height":1500,"url":"https:\/\/induzon.com\/wp-content\/uploads\/2025\/07\/\u56fe-1-19.jpg","type":"image\/jpeg"}],"twitter_card":"summary_large_image","twitter_misc":{"Dur\u00e9e de lecture estim\u00e9e":"1 minute"},"schema":{"@context":"https:\/\/schema.org","@graph":[{"@type":"WebPage","@id":"https:\/\/induzon.com\/fr\/produit\/condenseur-frigo-pour-chambre-froide-refrigeracion-a-eau-radiateur-refroidissement-evaporateur-frigorifique-plaque-de-refroidissement-cuivre-aluminium-refroidisseur-industriel-tube-ailette-congelateur\/","url":"https:\/\/induzon.com\/fr\/produit\/condenseur-frigo-pour-chambre-froide-refrigeracion-a-eau-radiateur-refroidissement-evaporateur-frigorifique-plaque-de-refroidissement-cuivre-aluminium-refroidisseur-industriel-tube-ailette-congelateur\/","name":"Condenseur frigo pour chambre froide refrigeraci\u00f3n \u00e0 eau radiateur refroidissement evaporateur -Induzon","isPartOf":{"@id":"https:\/\/induzon.com\/fr\/#website"},"primaryImageOfPage":{"@id":"https:\/\/induzon.com\/fr\/produit\/condenseur-frigo-pour-chambre-froide-refrigeracion-a-eau-radiateur-refroidissement-evaporateur-frigorifique-plaque-de-refroidissement-cuivre-aluminium-refroidisseur-industriel-tube-ailette-congelateur\/#primaryimage"},"image":{"@id":"https:\/\/induzon.com\/fr\/produit\/condenseur-frigo-pour-chambre-froide-refrigeracion-a-eau-radiateur-refroidissement-evaporateur-frigorifique-plaque-de-refroidissement-cuivre-aluminium-refroidisseur-industriel-tube-ailette-congelateur\/#primaryimage"},"thumbnailUrl":"https:\/\/induzon.com\/wp-content\/uploads\/2025\/07\/\u56fe-1-19.jpg","datePublished":"2025-07-29T08:54:59+00:00","dateModified":"2025-12-03T03:48:41+00:00","description":"\u00e9vaporateur climatisation frigo radiateur eau rotatif chambre froide peigne \u00e0 ailettes condenseur tuyau cuivre","breadcrumb":{"@id":"https:\/\/induzon.com\/fr\/produit\/condenseur-frigo-pour-chambre-froide-refrigeracion-a-eau-radiateur-refroidissement-evaporateur-frigorifique-plaque-de-refroidissement-cuivre-aluminium-refroidisseur-industriel-tube-ailette-congelateur\/#breadcrumb"},"inLanguage":"fr-FR","potentialAction":[{"@type":"ReadAction","target":["https:\/\/induzon.com\/fr\/produit\/condenseur-frigo-pour-chambre-froide-refrigeracion-a-eau-radiateur-refroidissement-evaporateur-frigorifique-plaque-de-refroidissement-cuivre-aluminium-refroidisseur-industriel-tube-ailette-congelateur\/"]}]},{"@type":"ImageObject","inLanguage":"fr-FR","@id":"https:\/\/induzon.com\/fr\/produit\/condenseur-frigo-pour-chambre-froide-refrigeracion-a-eau-radiateur-refroidissement-evaporateur-frigorifique-plaque-de-refroidissement-cuivre-aluminium-refroidisseur-industriel-tube-ailette-congelateur\/#primaryimage","url":"https:\/\/induzon.com\/wp-content\/uploads\/2025\/07\/\u56fe-1-19.jpg","contentUrl":"https:\/\/induzon.com\/wp-content\/uploads\/2025\/07\/\u56fe-1-19.jpg","width":1500,"height":1500,"caption":"Condenseur frigo pour chambre froide refrigeraci\u00f3n \u00e0 eau"},{"@type":"BreadcrumbList","@id":"https:\/\/induzon.com\/fr\/produit\/condenseur-frigo-pour-chambre-froide-refrigeracion-a-eau-radiateur-refroidissement-evaporateur-frigorifique-plaque-de-refroidissement-cuivre-aluminium-refroidisseur-industriel-tube-ailette-congelateur\/#breadcrumb","itemListElement":[{"@type":"ListItem","position":1,"name":"\u9996\u9875","item":"https:\/\/induzon.com\/fr\/"},{"@type":"ListItem","position":2,"name":"Boutique","item":"https:\/\/induzon.com\/fr\/boutique\/"},{"@type":"ListItem","position":3,"name":"Condenseur frigo pour chambre froide refrigeraci\u00f3n \u00e0 eau radiateur refroidissement evaporateur frigorifique plaque de refroidissement cuivre aluminium refroidisseur industriel tube ailette cong\u00e9lateur air"}]},{"@type":"WebSite","@id":"https:\/\/induzon.com\/fr\/#website","url":"https:\/\/induzon.com\/fr\/","name":"induzon","description":"","publisher":{"@id":"https:\/\/induzon.com\/fr\/#organization"},"potentialAction":[{"@type":"SearchAction","target":{"@type":"EntryPoint","urlTemplate":"https:\/\/induzon.com\/fr\/?s={search_term_string}"},"query-input":{"@type":"PropertyValueSpecification","valueRequired":true,"valueName":"search_term_string"}}],"inLanguage":"fr-FR"},{"@type":"Organization","@id":"https:\/\/induzon.com\/fr\/#organization","name":"induzon","url":"https:\/\/induzon.com\/fr\/","logo":{"@type":"ImageObject","inLanguage":"fr-FR","@id":"https:\/\/induzon.com\/fr\/#\/schema\/logo\/image\/","url":"https:\/\/induzon.com\/wp-content\/uploads\/2025\/05\/cropped-026.png","contentUrl":"https:\/\/induzon.com\/wp-content\/uploads\/2025\/05\/cropped-026.png","width":512,"height":512,"caption":"induzon"},"image":{"@id":"https:\/\/induzon.com\/fr\/#\/schema\/logo\/image\/"}}]}},"_links":{"self":[{"href":"https:\/\/induzon.com\/fr\/wp-json\/wp\/v2\/product\/20547","targetHints":{"allow":["GET"]}}],"collection":[{"href":"https:\/\/induzon.com\/fr\/wp-json\/wp\/v2\/product"}],"about":[{"href":"https:\/\/induzon.com\/fr\/wp-json\/wp\/v2\/types\/product"}],"replies":[{"embeddable":true,"href":"https:\/\/induzon.com\/fr\/wp-json\/wp\/v2\/comments?post=20547"}],"version-history":[{"count":2,"href":"https:\/\/induzon.com\/fr\/wp-json\/wp\/v2\/product\/20547\/revisions"}],"predecessor-version":[{"id":28464,"href":"https:\/\/induzon.com\/fr\/wp-json\/wp\/v2\/product\/20547\/revisions\/28464"}],"wp:featuredmedia":[{"embeddable":true,"href":"https:\/\/induzon.com\/fr\/wp-json\/wp\/v2\/media\/20174"}],"wp:attachment":[{"href":"https:\/\/induzon.com\/fr\/wp-json\/wp\/v2\/media?parent=20547"}],"wp:term":[{"taxonomy":"product_brand","embeddable":true,"href":"https:\/\/induzon.com\/fr\/wp-json\/wp\/v2\/product_brand?post=20547"},{"taxonomy":"product_cat","embeddable":true,"href":"https:\/\/induzon.com\/fr\/wp-json\/wp\/v2\/product_cat?post=20547"},{"taxonomy":"product_tag","embeddable":true,"href":"https:\/\/induzon.com\/fr\/wp-json\/wp\/v2\/product_tag?post=20547"}],"curies":[{"name":"wp","href":"https:\/\/api.w.org\/{rel}","templated":true}]}}