{"id":21684,"date":"2025-07-31T10:38:48","date_gmt":"2025-07-31T02:38:48","guid":{"rendered":"https:\/\/induzon.com\/shop\/souffleur-air-chaud-industriel-pour-sechage-portable-pour-secheuse-accessoires-isolation-bio-fermentation-generateur-thermique\/"},"modified":"2025-12-25T16:34:47","modified_gmt":"2025-12-25T08:34:47","slug":"souffleur-air-chaud-industriel-pour-sechage-portable-pour-secheuse-accessoires-isolation-bio-fermentation-generateur-thermique","status":"publish","type":"product","link":"https:\/\/induzon.com\/fr\/produit\/souffleur-air-chaud-industriel-pour-sechage-portable-pour-secheuse-accessoires-isolation-bio-fermentation-generateur-thermique\/","title":{"rendered":"Souffleur air chaud industriel pour s\u00e9chage, portable pour s\u00e9cheuse accessoires &amp; isolation bio-fermentation, g\u00e9n\u00e9rateur thermique"},"content":{"rendered":"<p>1.Chauffage industriel puissant avec soufflerie pour une distribution uniforme de la chaleur<br \/>\n2.Id\u00e9al pour diverses applications industrielles: fermentation biologique, s\u00e9chage, peinture et fonderie<br \/>\n3.Conception portable et compacte pour une utilisation flexible dans diff\u00e9rents environnements de travail<br \/>\n4.Syst\u00e8me de chauffage \u00e9lectrique efficace avec contr\u00f4le pr\u00e9cis de la temp\u00e9rature pour des r\u00e9sultats optimaux<br \/>\n5.Soufflerie robuste et durable con\u00e7ue pour un fonctionnement continu dans des conditions industrielles exigeantes<\/p>\n","protected":false},"excerpt":{"rendered":"<p>1.Chauffage industriel puissant avec soufflerie pour une distribution uniforme de la chaleur 2.Id\u00e9al pour diverses applications industrielles: fermentation biologique, s\u00e9chage, [&hellip;]<\/p>\n","protected":false},"featured_media":21599,"comment_status":"open","ping_status":"closed","template":"","meta":{"site-sidebar-layout":"default","site-content-layout":"","ast-site-content-layout":"default","site-content-style":"default","site-sidebar-style":"default","ast-global-header-display":"","ast-banner-title-visibility":"","ast-main-header-display":"","ast-hfb-above-header-display":"","ast-hfb-below-header-display":"","ast-hfb-mobile-header-display":"","site-post-title":"","ast-breadcrumbs-content":"","ast-featured-img":"","footer-sml-layout":"","theme-transparent-header-meta":"default","adv-header-id-meta":"","stick-header-meta":"","header-above-stick-meta":"","header-main-stick-meta":"","header-below-stick-meta":"","astra-migrate-meta-layouts":"set","ast-page-background-enabled":"default","ast-page-background-meta":{"desktop":{"background-color":"var(--ast-global-color-4)","background-image":"","background-repeat":"repeat","background-position":"center center","background-size":"auto","background-attachment":"scroll","background-type":"","background-media":"","overlay-type":"","overlay-color":"","overlay-opacity":"","overlay-gradient":""},"tablet":{"background-color":"","background-image":"","background-repeat":"repeat","background-position":"center center","background-size":"auto","background-attachment":"scroll","background-type":"","background-media":"","overlay-type":"","overlay-color":"","overlay-opacity":"","overlay-gradient":""},"mobile":{"background-color":"","background-image":"","background-repeat":"repeat","background-position":"center center","background-size":"auto","background-attachment":"scroll","background-type":"","background-media":"","overlay-type":"","overlay-color":"","overlay-opacity":"","overlay-gradient":""}},"ast-content-background-meta":{"desktop":{"background-color":"var(--ast-global-color-5)","background-image":"","background-repeat":"repeat","background-position":"center center","background-size":"auto","background-attachment":"scroll","background-type":"","background-media":"","overlay-type":"","overlay-color":"","overlay-opacity":"","overlay-gradient":""},"tablet":{"background-color":"var(--ast-global-color-5)","background-image":"","background-repeat":"repeat","background-position":"center center","background-size":"auto","background-attachment":"scroll","background-type":"","background-media":"","overlay-type":"","overlay-color":"","overlay-opacity":"","overlay-gradient":""},"mobile":{"background-color":"var(--ast-global-color-5)","background-image":"","background-repeat":"repeat","background-position":"center center","background-size":"auto","background-attachment":"scroll","background-type":"","background-media":"","overlay-type":"","overlay-color":"","overlay-opacity":"","overlay-gradient":""}}},"product_brand":[],"product_cat":[1652,881],"product_tag":[1653],"class_list":{"0":"post-21684","1":"product","2":"type-product","3":"status-publish","4":"has-post-thumbnail","6":"product_cat-equipement-de-chauffage-industriel","7":"product_cat-outils-et-equipements","8":"product_tag-souffleur-industriel","9":"desktop-align-left","10":"tablet-align-left","11":"mobile-align-left","13":"first","14":"instock","15":"sale","16":"shipping-taxable","17":"purchasable","18":"product-type-variable"},"yoast_head":"<!-- This site is optimized with the Yoast SEO plugin v24.9 - https:\/\/yoast.com\/wordpress\/plugins\/seo\/ -->\r\n<title>Souffleurs d&#039;Air Chaud \u00c9quipements Industriels -Induzon<\/title>\r\n<meta name=\"description\" content=\"Ventilateurs soufflants, g\u00e9n\u00e9rateurs d&#039;air chaud \u00e9lectriques et chauffages industriels souffleur d&#039;air industriel\" \/>\r\n<meta name=\"robots\" content=\"index, follow, max-snippet:-1, max-image-preview:large, max-video-preview:-1\" \/>\r\n<link rel=\"canonical\" href=\"https:\/\/induzon.com\/fr\/produit\/souffleur-air-chaud-industriel-pour-sechage-portable-pour-secheuse-accessoires-isolation-bio-fermentation-generateur-thermique\/\" \/>\r\n<meta property=\"og:locale\" content=\"fr_FR\" \/>\r\n<meta property=\"og:type\" content=\"article\" \/>\r\n<meta property=\"og:title\" content=\"Souffleurs d&#039;Air Chaud \u00c9quipements Industriels -Induzon\" \/>\r\n<meta property=\"og:description\" content=\"Ventilateurs soufflants, g\u00e9n\u00e9rateurs d&#039;air chaud \u00e9lectriques et chauffages industriels souffleur d&#039;air industriel\" \/>\r\n<meta property=\"og:url\" content=\"https:\/\/induzon.com\/fr\/produit\/souffleur-air-chaud-industriel-pour-sechage-portable-pour-secheuse-accessoires-isolation-bio-fermentation-generateur-thermique\/\" \/>\r\n<meta property=\"og:site_name\" content=\"induzon\" \/>\r\n<meta property=\"article:modified_time\" content=\"2025-12-25T08:34:47+00:00\" \/>\r\n<meta property=\"og:image\" content=\"https:\/\/induzon.com\/wp-content\/uploads\/2025\/07\/1-1.jpg\" \/>\r\n\t<meta property=\"og:image:width\" content=\"800\" \/>\r\n\t<meta property=\"og:image:height\" content=\"800\" \/>\r\n\t<meta property=\"og:image:type\" content=\"image\/jpeg\" \/>\r\n<meta name=\"twitter:card\" content=\"summary_large_image\" \/>\r\n<meta name=\"twitter:label1\" content=\"Dur\u00e9e de lecture estim\u00e9e\" \/>\n\t<meta name=\"twitter:data1\" content=\"1 minute\" \/>\r\n<script type=\"application\/ld+json\" class=\"yoast-schema-graph\">{\"@context\":\"https:\/\/schema.org\",\"@graph\":[{\"@type\":\"WebPage\",\"@id\":\"https:\/\/induzon.com\/fr\/produit\/souffleur-air-chaud-industriel-pour-sechage-portable-pour-secheuse-accessoires-isolation-bio-fermentation-generateur-thermique\/\",\"url\":\"https:\/\/induzon.com\/fr\/produit\/souffleur-air-chaud-industriel-pour-sechage-portable-pour-secheuse-accessoires-isolation-bio-fermentation-generateur-thermique\/\",\"name\":\"Souffleurs d'Air Chaud \u00c9quipements Industriels -Induzon\",\"isPartOf\":{\"@id\":\"https:\/\/induzon.com\/fr\/#website\"},\"primaryImageOfPage\":{\"@id\":\"https:\/\/induzon.com\/fr\/produit\/souffleur-air-chaud-industriel-pour-sechage-portable-pour-secheuse-accessoires-isolation-bio-fermentation-generateur-thermique\/#primaryimage\"},\"image\":{\"@id\":\"https:\/\/induzon.com\/fr\/produit\/souffleur-air-chaud-industriel-pour-sechage-portable-pour-secheuse-accessoires-isolation-bio-fermentation-generateur-thermique\/#primaryimage\"},\"thumbnailUrl\":\"https:\/\/induzon.com\/wp-content\/uploads\/2025\/07\/1-1.jpg\",\"datePublished\":\"2025-07-31T02:38:48+00:00\",\"dateModified\":\"2025-12-25T08:34:47+00:00\",\"description\":\"Ventilateurs soufflants, g\u00e9n\u00e9rateurs d'air chaud \u00e9lectriques et chauffages industriels souffleur d'air industriel\",\"breadcrumb\":{\"@id\":\"https:\/\/induzon.com\/fr\/produit\/souffleur-air-chaud-industriel-pour-sechage-portable-pour-secheuse-accessoires-isolation-bio-fermentation-generateur-thermique\/#breadcrumb\"},\"inLanguage\":\"fr-FR\",\"potentialAction\":[{\"@type\":\"ReadAction\",\"target\":[\"https:\/\/induzon.com\/fr\/produit\/souffleur-air-chaud-industriel-pour-sechage-portable-pour-secheuse-accessoires-isolation-bio-fermentation-generateur-thermique\/\"]}]},{\"@type\":\"ImageObject\",\"inLanguage\":\"fr-FR\",\"@id\":\"https:\/\/induzon.com\/fr\/produit\/souffleur-air-chaud-industriel-pour-sechage-portable-pour-secheuse-accessoires-isolation-bio-fermentation-generateur-thermique\/#primaryimage\",\"url\":\"https:\/\/induzon.com\/wp-content\/uploads\/2025\/07\/1-1.jpg\",\"contentUrl\":\"https:\/\/induzon.com\/wp-content\/uploads\/2025\/07\/1-1.jpg\",\"width\":800,\"height\":800,\"caption\":\"Souffleurs d'Air Chaud \u00c9quipements Industriels Ventilateurs soufflants, g\u00e9n\u00e9rateurs d'air chaud \u00e9lectriques et chauffages industriels\"},{\"@type\":\"BreadcrumbList\",\"@id\":\"https:\/\/induzon.com\/fr\/produit\/souffleur-air-chaud-industriel-pour-sechage-portable-pour-secheuse-accessoires-isolation-bio-fermentation-generateur-thermique\/#breadcrumb\",\"itemListElement\":[{\"@type\":\"ListItem\",\"position\":1,\"name\":\"\u9996\u9875\",\"item\":\"https:\/\/induzon.com\/fr\/\"},{\"@type\":\"ListItem\",\"position\":2,\"name\":\"Boutique\",\"item\":\"https:\/\/induzon.com\/fr\/boutique\/\"},{\"@type\":\"ListItem\",\"position\":3,\"name\":\"Souffleur air chaud industriel pour s\u00e9chage, portable pour s\u00e9cheuse accessoires &amp; isolation bio-fermentation, g\u00e9n\u00e9rateur thermique\"}]},{\"@type\":\"WebSite\",\"@id\":\"https:\/\/induzon.com\/fr\/#website\",\"url\":\"https:\/\/induzon.com\/fr\/\",\"name\":\"induzon\",\"description\":\"\",\"publisher\":{\"@id\":\"https:\/\/induzon.com\/fr\/#organization\"},\"potentialAction\":[{\"@type\":\"SearchAction\",\"target\":{\"@type\":\"EntryPoint\",\"urlTemplate\":\"https:\/\/induzon.com\/fr\/?s={search_term_string}\"},\"query-input\":{\"@type\":\"PropertyValueSpecification\",\"valueRequired\":true,\"valueName\":\"search_term_string\"}}],\"inLanguage\":\"fr-FR\"},{\"@type\":\"Organization\",\"@id\":\"https:\/\/induzon.com\/fr\/#organization\",\"name\":\"induzon\",\"url\":\"https:\/\/induzon.com\/fr\/\",\"logo\":{\"@type\":\"ImageObject\",\"inLanguage\":\"fr-FR\",\"@id\":\"https:\/\/induzon.com\/fr\/#\/schema\/logo\/image\/\",\"url\":\"https:\/\/induzon.com\/wp-content\/uploads\/2025\/05\/cropped-026.png\",\"contentUrl\":\"https:\/\/induzon.com\/wp-content\/uploads\/2025\/05\/cropped-026.png\",\"width\":512,\"height\":512,\"caption\":\"induzon\"},\"image\":{\"@id\":\"https:\/\/induzon.com\/fr\/#\/schema\/logo\/image\/\"}}]}<\/script>\r\n<!-- \/ Yoast SEO plugin. -->","yoast_head_json":{"title":"Souffleurs d'Air Chaud \u00c9quipements Industriels -Induzon","description":"Ventilateurs soufflants, g\u00e9n\u00e9rateurs d'air chaud \u00e9lectriques et chauffages industriels souffleur d'air industriel","robots":{"index":"index","follow":"follow","max-snippet":"max-snippet:-1","max-image-preview":"max-image-preview:large","max-video-preview":"max-video-preview:-1"},"canonical":"https:\/\/induzon.com\/fr\/produit\/souffleur-air-chaud-industriel-pour-sechage-portable-pour-secheuse-accessoires-isolation-bio-fermentation-generateur-thermique\/","og_locale":"fr_FR","og_type":"article","og_title":"Souffleurs d'Air Chaud \u00c9quipements Industriels -Induzon","og_description":"Ventilateurs soufflants, g\u00e9n\u00e9rateurs d'air chaud \u00e9lectriques et chauffages industriels souffleur d'air industriel","og_url":"https:\/\/induzon.com\/fr\/produit\/souffleur-air-chaud-industriel-pour-sechage-portable-pour-secheuse-accessoires-isolation-bio-fermentation-generateur-thermique\/","og_site_name":"induzon","article_modified_time":"2025-12-25T08:34:47+00:00","og_image":[{"width":800,"height":800,"url":"https:\/\/induzon.com\/wp-content\/uploads\/2025\/07\/1-1.jpg","type":"image\/jpeg"}],"twitter_card":"summary_large_image","twitter_misc":{"Dur\u00e9e de lecture estim\u00e9e":"1 minute"},"schema":{"@context":"https:\/\/schema.org","@graph":[{"@type":"WebPage","@id":"https:\/\/induzon.com\/fr\/produit\/souffleur-air-chaud-industriel-pour-sechage-portable-pour-secheuse-accessoires-isolation-bio-fermentation-generateur-thermique\/","url":"https:\/\/induzon.com\/fr\/produit\/souffleur-air-chaud-industriel-pour-sechage-portable-pour-secheuse-accessoires-isolation-bio-fermentation-generateur-thermique\/","name":"Souffleurs d'Air Chaud \u00c9quipements Industriels -Induzon","isPartOf":{"@id":"https:\/\/induzon.com\/fr\/#website"},"primaryImageOfPage":{"@id":"https:\/\/induzon.com\/fr\/produit\/souffleur-air-chaud-industriel-pour-sechage-portable-pour-secheuse-accessoires-isolation-bio-fermentation-generateur-thermique\/#primaryimage"},"image":{"@id":"https:\/\/induzon.com\/fr\/produit\/souffleur-air-chaud-industriel-pour-sechage-portable-pour-secheuse-accessoires-isolation-bio-fermentation-generateur-thermique\/#primaryimage"},"thumbnailUrl":"https:\/\/induzon.com\/wp-content\/uploads\/2025\/07\/1-1.jpg","datePublished":"2025-07-31T02:38:48+00:00","dateModified":"2025-12-25T08:34:47+00:00","description":"Ventilateurs soufflants, g\u00e9n\u00e9rateurs d'air chaud \u00e9lectriques et chauffages industriels souffleur d'air industriel","breadcrumb":{"@id":"https:\/\/induzon.com\/fr\/produit\/souffleur-air-chaud-industriel-pour-sechage-portable-pour-secheuse-accessoires-isolation-bio-fermentation-generateur-thermique\/#breadcrumb"},"inLanguage":"fr-FR","potentialAction":[{"@type":"ReadAction","target":["https:\/\/induzon.com\/fr\/produit\/souffleur-air-chaud-industriel-pour-sechage-portable-pour-secheuse-accessoires-isolation-bio-fermentation-generateur-thermique\/"]}]},{"@type":"ImageObject","inLanguage":"fr-FR","@id":"https:\/\/induzon.com\/fr\/produit\/souffleur-air-chaud-industriel-pour-sechage-portable-pour-secheuse-accessoires-isolation-bio-fermentation-generateur-thermique\/#primaryimage","url":"https:\/\/induzon.com\/wp-content\/uploads\/2025\/07\/1-1.jpg","contentUrl":"https:\/\/induzon.com\/wp-content\/uploads\/2025\/07\/1-1.jpg","width":800,"height":800,"caption":"Souffleurs d'Air Chaud \u00c9quipements Industriels Ventilateurs soufflants, g\u00e9n\u00e9rateurs d'air chaud \u00e9lectriques et chauffages industriels"},{"@type":"BreadcrumbList","@id":"https:\/\/induzon.com\/fr\/produit\/souffleur-air-chaud-industriel-pour-sechage-portable-pour-secheuse-accessoires-isolation-bio-fermentation-generateur-thermique\/#breadcrumb","itemListElement":[{"@type":"ListItem","position":1,"name":"\u9996\u9875","item":"https:\/\/induzon.com\/fr\/"},{"@type":"ListItem","position":2,"name":"Boutique","item":"https:\/\/induzon.com\/fr\/boutique\/"},{"@type":"ListItem","position":3,"name":"Souffleur air chaud industriel pour s\u00e9chage, portable pour s\u00e9cheuse accessoires &amp; isolation bio-fermentation, g\u00e9n\u00e9rateur thermique"}]},{"@type":"WebSite","@id":"https:\/\/induzon.com\/fr\/#website","url":"https:\/\/induzon.com\/fr\/","name":"induzon","description":"","publisher":{"@id":"https:\/\/induzon.com\/fr\/#organization"},"potentialAction":[{"@type":"SearchAction","target":{"@type":"EntryPoint","urlTemplate":"https:\/\/induzon.com\/fr\/?s={search_term_string}"},"query-input":{"@type":"PropertyValueSpecification","valueRequired":true,"valueName":"search_term_string"}}],"inLanguage":"fr-FR"},{"@type":"Organization","@id":"https:\/\/induzon.com\/fr\/#organization","name":"induzon","url":"https:\/\/induzon.com\/fr\/","logo":{"@type":"ImageObject","inLanguage":"fr-FR","@id":"https:\/\/induzon.com\/fr\/#\/schema\/logo\/image\/","url":"https:\/\/induzon.com\/wp-content\/uploads\/2025\/05\/cropped-026.png","contentUrl":"https:\/\/induzon.com\/wp-content\/uploads\/2025\/05\/cropped-026.png","width":512,"height":512,"caption":"induzon"},"image":{"@id":"https:\/\/induzon.com\/fr\/#\/schema\/logo\/image\/"}}]}},"_links":{"self":[{"href":"https:\/\/induzon.com\/fr\/wp-json\/wp\/v2\/product\/21684","targetHints":{"allow":["GET"]}}],"collection":[{"href":"https:\/\/induzon.com\/fr\/wp-json\/wp\/v2\/product"}],"about":[{"href":"https:\/\/induzon.com\/fr\/wp-json\/wp\/v2\/types\/product"}],"replies":[{"embeddable":true,"href":"https:\/\/induzon.com\/fr\/wp-json\/wp\/v2\/comments?post=21684"}],"version-history":[{"count":1,"href":"https:\/\/induzon.com\/fr\/wp-json\/wp\/v2\/product\/21684\/revisions"}],"predecessor-version":[{"id":32498,"href":"https:\/\/induzon.com\/fr\/wp-json\/wp\/v2\/product\/21684\/revisions\/32498"}],"wp:featuredmedia":[{"embeddable":true,"href":"https:\/\/induzon.com\/fr\/wp-json\/wp\/v2\/media\/21599"}],"wp:attachment":[{"href":"https:\/\/induzon.com\/fr\/wp-json\/wp\/v2\/media?parent=21684"}],"wp:term":[{"taxonomy":"product_brand","embeddable":true,"href":"https:\/\/induzon.com\/fr\/wp-json\/wp\/v2\/product_brand?post=21684"},{"taxonomy":"product_cat","embeddable":true,"href":"https:\/\/induzon.com\/fr\/wp-json\/wp\/v2\/product_cat?post=21684"},{"taxonomy":"product_tag","embeddable":true,"href":"https:\/\/induzon.com\/fr\/wp-json\/wp\/v2\/product_tag?post=21684"}],"curies":[{"name":"wp","href":"https:\/\/api.w.org\/{rel}","templated":true}]}}