{"id":24230,"date":"2025-09-04T15:18:13","date_gmt":"2025-09-04T07:18:13","guid":{"rendered":"https:\/\/induzon.com\/shop\/retroviseur-magnetique-pour-tracteur-agricole-tondeuse-vehicule-electrique-a-trois-roues-quatre-roues-camion-de-livraison-remorque-chargeur-sur-pneus-camping-car-caravane-chariot-voiture-de-golf-pelle\/"},"modified":"2025-12-23T16:00:39","modified_gmt":"2025-12-23T08:00:39","slug":"retroviseur-magnetique-pour-tracteur-agricole-tondeuse-vehicule-electrique-a-trois-roues-quatre-roues-camion-de-livraison-remorque-chargeur-sur-pneus-camping-car-caravane-chariot-voiture-de-golf-pelle","status":"publish","type":"product","link":"https:\/\/induzon.com\/fr\/produit\/retroviseur-magnetique-pour-tracteur-agricole-tondeuse-vehicule-electrique-a-trois-roues-quatre-roues-camion-de-livraison-remorque-chargeur-sur-pneus-camping-car-caravane-chariot-voiture-de-golf-pelle\/","title":{"rendered":"R\u00e9troviseur magn\u00e9tique pour tracteur agricole tondeuse v\u00e9hicule \u00e9lectrique \u00e0 trois roues quatre roues camion de livraison remorque chargeur sur pneus camping car caravane chariot voiture de golf pelle lat\u00e9ral"},"content":{"rendered":"<p>1.R\u00e9troviseur universel pour tracteur tondeuse, v\u00e9hicule \u00e9lectrique, camionnette et plus.<br \/>\n2.Conception robuste r\u00e9sistante aux intemp\u00e9ries pour une durabilit\u00e9 et une visibilit\u00e9 optimale.<br \/>\n3.Installation facile sans outils sp\u00e9ciaux, compatible avec de nombreux mod\u00e8les de v\u00e9hicules.<br \/>\n4.Miroir r\u00e9glable offrant un angle de vue large pour une s\u00e9curit\u00e9 accrue lors des man\u0153uvres.<br \/>\n5.Id\u00e9al pour les professionnels et particuliers cherchant une solution fiable et polyvalente.<\/p>\n","protected":false},"excerpt":{"rendered":"<p>1.R\u00e9troviseur universel pour tracteur tondeuse, v\u00e9hicule \u00e9lectrique, camionnette et plus. 2.Conception robuste r\u00e9sistante aux intemp\u00e9ries pour une durabilit\u00e9 et une [&hellip;]<\/p>\n","protected":false},"featured_media":24193,"comment_status":"open","ping_status":"closed","template":"","meta":{"site-sidebar-layout":"default","site-content-layout":"","ast-site-content-layout":"default","site-content-style":"default","site-sidebar-style":"default","ast-global-header-display":"","ast-banner-title-visibility":"","ast-main-header-display":"","ast-hfb-above-header-display":"","ast-hfb-below-header-display":"","ast-hfb-mobile-header-display":"","site-post-title":"","ast-breadcrumbs-content":"","ast-featured-img":"","footer-sml-layout":"","theme-transparent-header-meta":"default","adv-header-id-meta":"","stick-header-meta":"","header-above-stick-meta":"","header-main-stick-meta":"","header-below-stick-meta":"","astra-migrate-meta-layouts":"set","ast-page-background-enabled":"default","ast-page-background-meta":{"desktop":{"background-color":"var(--ast-global-color-4)","background-image":"","background-repeat":"repeat","background-position":"center center","background-size":"auto","background-attachment":"scroll","background-type":"","background-media":"","overlay-type":"","overlay-color":"","overlay-opacity":"","overlay-gradient":""},"tablet":{"background-color":"","background-image":"","background-repeat":"repeat","background-position":"center center","background-size":"auto","background-attachment":"scroll","background-type":"","background-media":"","overlay-type":"","overlay-color":"","overlay-opacity":"","overlay-gradient":""},"mobile":{"background-color":"","background-image":"","background-repeat":"repeat","background-position":"center center","background-size":"auto","background-attachment":"scroll","background-type":"","background-media":"","overlay-type":"","overlay-color":"","overlay-opacity":"","overlay-gradient":""}},"ast-content-background-meta":{"desktop":{"background-color":"var(--ast-global-color-5)","background-image":"","background-repeat":"repeat","background-position":"center center","background-size":"auto","background-attachment":"scroll","background-type":"","background-media":"","overlay-type":"","overlay-color":"","overlay-opacity":"","overlay-gradient":""},"tablet":{"background-color":"var(--ast-global-color-5)","background-image":"","background-repeat":"repeat","background-position":"center center","background-size":"auto","background-attachment":"scroll","background-type":"","background-media":"","overlay-type":"","overlay-color":"","overlay-opacity":"","overlay-gradient":""},"mobile":{"background-color":"var(--ast-global-color-5)","background-image":"","background-repeat":"repeat","background-position":"center center","background-size":"auto","background-attachment":"scroll","background-type":"","background-media":"","overlay-type":"","overlay-color":"","overlay-opacity":"","overlay-gradient":""}}},"product_brand":[],"product_cat":[1679,1680,1678],"product_tag":[1681],"class_list":{"0":"post-24230","1":"product","2":"type-product","3":"status-publish","4":"has-post-thumbnail","6":"product_cat-composants-de-vehicules-a-moteur","7":"product_cat-retroviseur","8":"product_cat-vehicule-a-moteur","9":"product_tag-retroviseur-universel","10":"desktop-align-left","11":"tablet-align-left","12":"mobile-align-left","14":"first","15":"instock","16":"sale","17":"shipping-taxable","18":"purchasable","19":"product-type-variable"},"yoast_head":"<!-- This site is optimized with the Yoast SEO plugin v24.9 - https:\/\/yoast.com\/wordpress\/plugins\/seo\/ -->\r\n<title>R\u00e9troviseur pour Tracteur - Agricole et pour Camping-Car -Induzon<\/title>\r\n<meta name=\"description\" content=\"R\u00e9troviseurs pour tracteur, tracteur agricole, camping-car, caravane et chariot \u00e9l\u00e9vateur. D\u00e9couvrez nos r\u00e9troviseurs \u00e0 bras long et pi\u00e8ces de remplacement.\" \/>\r\n<meta name=\"robots\" content=\"index, follow, max-snippet:-1, max-image-preview:large, max-video-preview:-1\" \/>\r\n<link rel=\"canonical\" href=\"https:\/\/induzon.com\/fr\/produit\/retroviseur-magnetique-pour-tracteur-agricole-tondeuse-vehicule-electrique-a-trois-roues-quatre-roues-camion-de-livraison-remorque-chargeur-sur-pneus-camping-car-caravane-chariot-voiture-de-golf-pelle\/\" \/>\r\n<meta property=\"og:locale\" content=\"fr_FR\" \/>\r\n<meta property=\"og:type\" content=\"article\" \/>\r\n<meta property=\"og:title\" content=\"R\u00e9troviseur pour Tracteur - Agricole et pour Camping-Car -Induzon\" \/>\r\n<meta property=\"og:description\" content=\"R\u00e9troviseurs pour tracteur, tracteur agricole, camping-car, caravane et chariot \u00e9l\u00e9vateur. D\u00e9couvrez nos r\u00e9troviseurs \u00e0 bras long et pi\u00e8ces de remplacement.\" \/>\r\n<meta property=\"og:url\" content=\"https:\/\/induzon.com\/fr\/produit\/retroviseur-magnetique-pour-tracteur-agricole-tondeuse-vehicule-electrique-a-trois-roues-quatre-roues-camion-de-livraison-remorque-chargeur-sur-pneus-camping-car-caravane-chariot-voiture-de-golf-pelle\/\" \/>\r\n<meta property=\"og:site_name\" content=\"induzon\" \/>\r\n<meta property=\"article:modified_time\" content=\"2025-12-23T08:00:39+00:00\" \/>\r\n<meta property=\"og:image\" content=\"https:\/\/induzon.com\/wp-content\/uploads\/2025\/09\/01.jpg\" \/>\r\n\t<meta property=\"og:image:width\" content=\"1476\" \/>\r\n\t<meta property=\"og:image:height\" content=\"1476\" \/>\r\n\t<meta property=\"og:image:type\" content=\"image\/jpeg\" \/>\r\n<meta name=\"twitter:card\" content=\"summary_large_image\" \/>\r\n<meta name=\"twitter:label1\" content=\"Dur\u00e9e de lecture estim\u00e9e\" \/>\n\t<meta name=\"twitter:data1\" content=\"1 minute\" \/>\r\n<script type=\"application\/ld+json\" class=\"yoast-schema-graph\">{\"@context\":\"https:\/\/schema.org\",\"@graph\":[{\"@type\":\"WebPage\",\"@id\":\"https:\/\/induzon.com\/fr\/produit\/retroviseur-magnetique-pour-tracteur-agricole-tondeuse-vehicule-electrique-a-trois-roues-quatre-roues-camion-de-livraison-remorque-chargeur-sur-pneus-camping-car-caravane-chariot-voiture-de-golf-pelle\/\",\"url\":\"https:\/\/induzon.com\/fr\/produit\/retroviseur-magnetique-pour-tracteur-agricole-tondeuse-vehicule-electrique-a-trois-roues-quatre-roues-camion-de-livraison-remorque-chargeur-sur-pneus-camping-car-caravane-chariot-voiture-de-golf-pelle\/\",\"name\":\"R\u00e9troviseur pour Tracteur - Agricole et pour Camping-Car -Induzon\",\"isPartOf\":{\"@id\":\"https:\/\/induzon.com\/fr\/#website\"},\"primaryImageOfPage\":{\"@id\":\"https:\/\/induzon.com\/fr\/produit\/retroviseur-magnetique-pour-tracteur-agricole-tondeuse-vehicule-electrique-a-trois-roues-quatre-roues-camion-de-livraison-remorque-chargeur-sur-pneus-camping-car-caravane-chariot-voiture-de-golf-pelle\/#primaryimage\"},\"image\":{\"@id\":\"https:\/\/induzon.com\/fr\/produit\/retroviseur-magnetique-pour-tracteur-agricole-tondeuse-vehicule-electrique-a-trois-roues-quatre-roues-camion-de-livraison-remorque-chargeur-sur-pneus-camping-car-caravane-chariot-voiture-de-golf-pelle\/#primaryimage\"},\"thumbnailUrl\":\"https:\/\/induzon.com\/wp-content\/uploads\/2025\/09\/01.jpg\",\"datePublished\":\"2025-09-04T07:18:13+00:00\",\"dateModified\":\"2025-12-23T08:00:39+00:00\",\"description\":\"R\u00e9troviseurs pour tracteur, tracteur agricole, camping-car, caravane et chariot \u00e9l\u00e9vateur. D\u00e9couvrez nos r\u00e9troviseurs \u00e0 bras long et pi\u00e8ces de remplacement.\",\"breadcrumb\":{\"@id\":\"https:\/\/induzon.com\/fr\/produit\/retroviseur-magnetique-pour-tracteur-agricole-tondeuse-vehicule-electrique-a-trois-roues-quatre-roues-camion-de-livraison-remorque-chargeur-sur-pneus-camping-car-caravane-chariot-voiture-de-golf-pelle\/#breadcrumb\"},\"inLanguage\":\"fr-FR\",\"potentialAction\":[{\"@type\":\"ReadAction\",\"target\":[\"https:\/\/induzon.com\/fr\/produit\/retroviseur-magnetique-pour-tracteur-agricole-tondeuse-vehicule-electrique-a-trois-roues-quatre-roues-camion-de-livraison-remorque-chargeur-sur-pneus-camping-car-caravane-chariot-voiture-de-golf-pelle\/\"]}]},{\"@type\":\"ImageObject\",\"inLanguage\":\"fr-FR\",\"@id\":\"https:\/\/induzon.com\/fr\/produit\/retroviseur-magnetique-pour-tracteur-agricole-tondeuse-vehicule-electrique-a-trois-roues-quatre-roues-camion-de-livraison-remorque-chargeur-sur-pneus-camping-car-caravane-chariot-voiture-de-golf-pelle\/#primaryimage\",\"url\":\"https:\/\/induzon.com\/wp-content\/uploads\/2025\/09\/01.jpg\",\"contentUrl\":\"https:\/\/induzon.com\/wp-content\/uploads\/2025\/09\/01.jpg\",\"width\":1476,\"height\":1476,\"caption\":\"R\u00e9troviseurs pour tracteur, tracteur agricole, camping-car, caravane et chariot \u00e9l\u00e9vateur. D\u00e9couvrez nos r\u00e9troviseurs \u00e0 bras long et pi\u00e8ces de remplacement.\"},{\"@type\":\"BreadcrumbList\",\"@id\":\"https:\/\/induzon.com\/fr\/produit\/retroviseur-magnetique-pour-tracteur-agricole-tondeuse-vehicule-electrique-a-trois-roues-quatre-roues-camion-de-livraison-remorque-chargeur-sur-pneus-camping-car-caravane-chariot-voiture-de-golf-pelle\/#breadcrumb\",\"itemListElement\":[{\"@type\":\"ListItem\",\"position\":1,\"name\":\"\u9996\u9875\",\"item\":\"https:\/\/induzon.com\/fr\/\"},{\"@type\":\"ListItem\",\"position\":2,\"name\":\"Boutique\",\"item\":\"https:\/\/induzon.com\/fr\/boutique\/\"},{\"@type\":\"ListItem\",\"position\":3,\"name\":\"R\u00e9troviseur magn\u00e9tique pour tracteur agricole tondeuse v\u00e9hicule \u00e9lectrique \u00e0 trois roues quatre roues camion de livraison remorque chargeur sur pneus camping car caravane chariot voiture de golf pelle lat\u00e9ral\"}]},{\"@type\":\"WebSite\",\"@id\":\"https:\/\/induzon.com\/fr\/#website\",\"url\":\"https:\/\/induzon.com\/fr\/\",\"name\":\"induzon\",\"description\":\"\",\"publisher\":{\"@id\":\"https:\/\/induzon.com\/fr\/#organization\"},\"potentialAction\":[{\"@type\":\"SearchAction\",\"target\":{\"@type\":\"EntryPoint\",\"urlTemplate\":\"https:\/\/induzon.com\/fr\/?s={search_term_string}\"},\"query-input\":{\"@type\":\"PropertyValueSpecification\",\"valueRequired\":true,\"valueName\":\"search_term_string\"}}],\"inLanguage\":\"fr-FR\"},{\"@type\":\"Organization\",\"@id\":\"https:\/\/induzon.com\/fr\/#organization\",\"name\":\"induzon\",\"url\":\"https:\/\/induzon.com\/fr\/\",\"logo\":{\"@type\":\"ImageObject\",\"inLanguage\":\"fr-FR\",\"@id\":\"https:\/\/induzon.com\/fr\/#\/schema\/logo\/image\/\",\"url\":\"https:\/\/induzon.com\/wp-content\/uploads\/2025\/05\/cropped-026.png\",\"contentUrl\":\"https:\/\/induzon.com\/wp-content\/uploads\/2025\/05\/cropped-026.png\",\"width\":512,\"height\":512,\"caption\":\"induzon\"},\"image\":{\"@id\":\"https:\/\/induzon.com\/fr\/#\/schema\/logo\/image\/\"}}]}<\/script>\r\n<!-- \/ Yoast SEO plugin. -->","yoast_head_json":{"title":"R\u00e9troviseur pour Tracteur - Agricole et pour Camping-Car -Induzon","description":"R\u00e9troviseurs pour tracteur, tracteur agricole, camping-car, caravane et chariot \u00e9l\u00e9vateur. D\u00e9couvrez nos r\u00e9troviseurs \u00e0 bras long et pi\u00e8ces de remplacement.","robots":{"index":"index","follow":"follow","max-snippet":"max-snippet:-1","max-image-preview":"max-image-preview:large","max-video-preview":"max-video-preview:-1"},"canonical":"https:\/\/induzon.com\/fr\/produit\/retroviseur-magnetique-pour-tracteur-agricole-tondeuse-vehicule-electrique-a-trois-roues-quatre-roues-camion-de-livraison-remorque-chargeur-sur-pneus-camping-car-caravane-chariot-voiture-de-golf-pelle\/","og_locale":"fr_FR","og_type":"article","og_title":"R\u00e9troviseur pour Tracteur - Agricole et pour Camping-Car -Induzon","og_description":"R\u00e9troviseurs pour tracteur, tracteur agricole, camping-car, caravane et chariot \u00e9l\u00e9vateur. D\u00e9couvrez nos r\u00e9troviseurs \u00e0 bras long et pi\u00e8ces de remplacement.","og_url":"https:\/\/induzon.com\/fr\/produit\/retroviseur-magnetique-pour-tracteur-agricole-tondeuse-vehicule-electrique-a-trois-roues-quatre-roues-camion-de-livraison-remorque-chargeur-sur-pneus-camping-car-caravane-chariot-voiture-de-golf-pelle\/","og_site_name":"induzon","article_modified_time":"2025-12-23T08:00:39+00:00","og_image":[{"width":1476,"height":1476,"url":"https:\/\/induzon.com\/wp-content\/uploads\/2025\/09\/01.jpg","type":"image\/jpeg"}],"twitter_card":"summary_large_image","twitter_misc":{"Dur\u00e9e de lecture estim\u00e9e":"1 minute"},"schema":{"@context":"https:\/\/schema.org","@graph":[{"@type":"WebPage","@id":"https:\/\/induzon.com\/fr\/produit\/retroviseur-magnetique-pour-tracteur-agricole-tondeuse-vehicule-electrique-a-trois-roues-quatre-roues-camion-de-livraison-remorque-chargeur-sur-pneus-camping-car-caravane-chariot-voiture-de-golf-pelle\/","url":"https:\/\/induzon.com\/fr\/produit\/retroviseur-magnetique-pour-tracteur-agricole-tondeuse-vehicule-electrique-a-trois-roues-quatre-roues-camion-de-livraison-remorque-chargeur-sur-pneus-camping-car-caravane-chariot-voiture-de-golf-pelle\/","name":"R\u00e9troviseur pour Tracteur - Agricole et pour Camping-Car -Induzon","isPartOf":{"@id":"https:\/\/induzon.com\/fr\/#website"},"primaryImageOfPage":{"@id":"https:\/\/induzon.com\/fr\/produit\/retroviseur-magnetique-pour-tracteur-agricole-tondeuse-vehicule-electrique-a-trois-roues-quatre-roues-camion-de-livraison-remorque-chargeur-sur-pneus-camping-car-caravane-chariot-voiture-de-golf-pelle\/#primaryimage"},"image":{"@id":"https:\/\/induzon.com\/fr\/produit\/retroviseur-magnetique-pour-tracteur-agricole-tondeuse-vehicule-electrique-a-trois-roues-quatre-roues-camion-de-livraison-remorque-chargeur-sur-pneus-camping-car-caravane-chariot-voiture-de-golf-pelle\/#primaryimage"},"thumbnailUrl":"https:\/\/induzon.com\/wp-content\/uploads\/2025\/09\/01.jpg","datePublished":"2025-09-04T07:18:13+00:00","dateModified":"2025-12-23T08:00:39+00:00","description":"R\u00e9troviseurs pour tracteur, tracteur agricole, camping-car, caravane et chariot \u00e9l\u00e9vateur. D\u00e9couvrez nos r\u00e9troviseurs \u00e0 bras long et pi\u00e8ces de remplacement.","breadcrumb":{"@id":"https:\/\/induzon.com\/fr\/produit\/retroviseur-magnetique-pour-tracteur-agricole-tondeuse-vehicule-electrique-a-trois-roues-quatre-roues-camion-de-livraison-remorque-chargeur-sur-pneus-camping-car-caravane-chariot-voiture-de-golf-pelle\/#breadcrumb"},"inLanguage":"fr-FR","potentialAction":[{"@type":"ReadAction","target":["https:\/\/induzon.com\/fr\/produit\/retroviseur-magnetique-pour-tracteur-agricole-tondeuse-vehicule-electrique-a-trois-roues-quatre-roues-camion-de-livraison-remorque-chargeur-sur-pneus-camping-car-caravane-chariot-voiture-de-golf-pelle\/"]}]},{"@type":"ImageObject","inLanguage":"fr-FR","@id":"https:\/\/induzon.com\/fr\/produit\/retroviseur-magnetique-pour-tracteur-agricole-tondeuse-vehicule-electrique-a-trois-roues-quatre-roues-camion-de-livraison-remorque-chargeur-sur-pneus-camping-car-caravane-chariot-voiture-de-golf-pelle\/#primaryimage","url":"https:\/\/induzon.com\/wp-content\/uploads\/2025\/09\/01.jpg","contentUrl":"https:\/\/induzon.com\/wp-content\/uploads\/2025\/09\/01.jpg","width":1476,"height":1476,"caption":"R\u00e9troviseurs pour tracteur, tracteur agricole, camping-car, caravane et chariot \u00e9l\u00e9vateur. D\u00e9couvrez nos r\u00e9troviseurs \u00e0 bras long et pi\u00e8ces de remplacement."},{"@type":"BreadcrumbList","@id":"https:\/\/induzon.com\/fr\/produit\/retroviseur-magnetique-pour-tracteur-agricole-tondeuse-vehicule-electrique-a-trois-roues-quatre-roues-camion-de-livraison-remorque-chargeur-sur-pneus-camping-car-caravane-chariot-voiture-de-golf-pelle\/#breadcrumb","itemListElement":[{"@type":"ListItem","position":1,"name":"\u9996\u9875","item":"https:\/\/induzon.com\/fr\/"},{"@type":"ListItem","position":2,"name":"Boutique","item":"https:\/\/induzon.com\/fr\/boutique\/"},{"@type":"ListItem","position":3,"name":"R\u00e9troviseur magn\u00e9tique pour tracteur agricole tondeuse v\u00e9hicule \u00e9lectrique \u00e0 trois roues quatre roues camion de livraison remorque chargeur sur pneus camping car caravane chariot voiture de golf pelle lat\u00e9ral"}]},{"@type":"WebSite","@id":"https:\/\/induzon.com\/fr\/#website","url":"https:\/\/induzon.com\/fr\/","name":"induzon","description":"","publisher":{"@id":"https:\/\/induzon.com\/fr\/#organization"},"potentialAction":[{"@type":"SearchAction","target":{"@type":"EntryPoint","urlTemplate":"https:\/\/induzon.com\/fr\/?s={search_term_string}"},"query-input":{"@type":"PropertyValueSpecification","valueRequired":true,"valueName":"search_term_string"}}],"inLanguage":"fr-FR"},{"@type":"Organization","@id":"https:\/\/induzon.com\/fr\/#organization","name":"induzon","url":"https:\/\/induzon.com\/fr\/","logo":{"@type":"ImageObject","inLanguage":"fr-FR","@id":"https:\/\/induzon.com\/fr\/#\/schema\/logo\/image\/","url":"https:\/\/induzon.com\/wp-content\/uploads\/2025\/05\/cropped-026.png","contentUrl":"https:\/\/induzon.com\/wp-content\/uploads\/2025\/05\/cropped-026.png","width":512,"height":512,"caption":"induzon"},"image":{"@id":"https:\/\/induzon.com\/fr\/#\/schema\/logo\/image\/"}}]}},"_links":{"self":[{"href":"https:\/\/induzon.com\/fr\/wp-json\/wp\/v2\/product\/24230","targetHints":{"allow":["GET"]}}],"collection":[{"href":"https:\/\/induzon.com\/fr\/wp-json\/wp\/v2\/product"}],"about":[{"href":"https:\/\/induzon.com\/fr\/wp-json\/wp\/v2\/types\/product"}],"replies":[{"embeddable":true,"href":"https:\/\/induzon.com\/fr\/wp-json\/wp\/v2\/comments?post=24230"}],"version-history":[{"count":1,"href":"https:\/\/induzon.com\/fr\/wp-json\/wp\/v2\/product\/24230\/revisions"}],"predecessor-version":[{"id":32361,"href":"https:\/\/induzon.com\/fr\/wp-json\/wp\/v2\/product\/24230\/revisions\/32361"}],"wp:featuredmedia":[{"embeddable":true,"href":"https:\/\/induzon.com\/fr\/wp-json\/wp\/v2\/media\/24193"}],"wp:attachment":[{"href":"https:\/\/induzon.com\/fr\/wp-json\/wp\/v2\/media?parent=24230"}],"wp:term":[{"taxonomy":"product_brand","embeddable":true,"href":"https:\/\/induzon.com\/fr\/wp-json\/wp\/v2\/product_brand?post=24230"},{"taxonomy":"product_cat","embeddable":true,"href":"https:\/\/induzon.com\/fr\/wp-json\/wp\/v2\/product_cat?post=24230"},{"taxonomy":"product_tag","embeddable":true,"href":"https:\/\/induzon.com\/fr\/wp-json\/wp\/v2\/product_tag?post=24230"}],"curies":[{"name":"wp","href":"https:\/\/api.w.org\/{rel}","templated":true}]}}