{"id":24824,"date":"2025-09-11T09:56:35","date_gmt":"2025-09-11T01:56:35","guid":{"rendered":"https:\/\/induzon.com\/shop\/groupe-de-condensation-frigorifique-pour-chambre-froide-unite-de-refrigeration-refroidisseurs-evaporatifs-groupe-froid-condensation-a-air-monobloc-congelateur-industriel-adiabatique-unite-de-froid-pou\/"},"modified":"2025-09-11T17:19:18","modified_gmt":"2025-09-11T09:19:18","slug":"groupe-de-condensation-frigorifique-pour-chambre-froide-unite-de-refrigeration-refroidisseurs-evaporatifs-groupe-froid-condensation-a-air-monobloc-congelateur-industriel-adiabatique-unite-de-froid-pou","status":"publish","type":"product","link":"https:\/\/induzon.com\/fr\/produit\/groupe-de-condensation-frigorifique-pour-chambre-froide-unite-de-refrigeration-refroidisseurs-evaporatifs-groupe-froid-condensation-a-air-monobloc-congelateur-industriel-adiabatique-unite-de-froid-pou\/","title":{"rendered":"groupe de condensation frigorifique pour chambre froide unit\u00e9 de refrigeration refroidisseurs \u00e9vaporatifs groupe froid condensation \u00e0 air monobloc congelateur industriel adiabatique unit\u00e9 de froid pour chambre froide r\u00e9frig\u00e9rateur personnalisable climatisation meuble frigorifique unit\u00e9 de condensation frigorifique"},"content":{"rendered":"<p>1.Groupe de r\u00e9frig\u00e9ration compact pour diverses applications, y compris les laboratoires et les chambres froides.<br \/>\n2.Maintenance une temp\u00e9rature constante id\u00e9ale pour les aquariums, s\u00e9choirs et vitrines r\u00e9frig\u00e9r\u00e9es.<br \/>\n3.Technologie de condensation efficace pour un refroidissement rapide et une consommation d&rsquo;\u00e9nergie r\u00e9duite.<br \/>\n4.Id\u00e9al pour les petites chambres froides, les laboratoires et les besoins de refroidissement industriels.<br \/>\n5.Conception compacte et facile \u00e0 installer, parfaite pour les espaces limit\u00e9s et les utilisations polyvalentes.<\/p>\n","protected":false},"excerpt":{"rendered":"<p>1.Groupe de r\u00e9frig\u00e9ration compact pour diverses applications, y compris les laboratoires et les chambres froides. 2.Maintenance une temp\u00e9rature constante id\u00e9ale [&hellip;]<\/p>\n","protected":false},"featured_media":24688,"comment_status":"open","ping_status":"closed","template":"","meta":{"site-sidebar-layout":"default","site-content-layout":"","ast-site-content-layout":"default","site-content-style":"default","site-sidebar-style":"default","ast-global-header-display":"","ast-banner-title-visibility":"","ast-main-header-display":"","ast-hfb-above-header-display":"","ast-hfb-below-header-display":"","ast-hfb-mobile-header-display":"","site-post-title":"","ast-breadcrumbs-content":"","ast-featured-img":"","footer-sml-layout":"","theme-transparent-header-meta":"default","adv-header-id-meta":"","stick-header-meta":"","header-above-stick-meta":"","header-main-stick-meta":"","header-below-stick-meta":"","astra-migrate-meta-layouts":"set","ast-page-background-enabled":"default","ast-page-background-meta":{"desktop":{"background-color":"var(--ast-global-color-4)","background-image":"","background-repeat":"repeat","background-position":"center center","background-size":"auto","background-attachment":"scroll","background-type":"","background-media":"","overlay-type":"","overlay-color":"","overlay-opacity":"","overlay-gradient":""},"tablet":{"background-color":"","background-image":"","background-repeat":"repeat","background-position":"center center","background-size":"auto","background-attachment":"scroll","background-type":"","background-media":"","overlay-type":"","overlay-color":"","overlay-opacity":"","overlay-gradient":""},"mobile":{"background-color":"","background-image":"","background-repeat":"repeat","background-position":"center center","background-size":"auto","background-attachment":"scroll","background-type":"","background-media":"","overlay-type":"","overlay-color":"","overlay-opacity":"","overlay-gradient":""}},"ast-content-background-meta":{"desktop":{"background-color":"var(--ast-global-color-5)","background-image":"","background-repeat":"repeat","background-position":"center center","background-size":"auto","background-attachment":"scroll","background-type":"","background-media":"","overlay-type":"","overlay-color":"","overlay-opacity":"","overlay-gradient":""},"tablet":{"background-color":"var(--ast-global-color-5)","background-image":"","background-repeat":"repeat","background-position":"center center","background-size":"auto","background-attachment":"scroll","background-type":"","background-media":"","overlay-type":"","overlay-color":"","overlay-opacity":"","overlay-gradient":""},"mobile":{"background-color":"var(--ast-global-color-5)","background-image":"","background-repeat":"repeat","background-position":"center center","background-size":"auto","background-attachment":"scroll","background-type":"","background-media":"","overlay-type":"","overlay-color":"","overlay-opacity":"","overlay-gradient":""}}},"product_brand":[],"product_cat":[1013,881],"product_tag":[1015,1014],"class_list":{"0":"post-24824","1":"product","2":"type-product","3":"status-publish","4":"has-post-thumbnail","6":"product_cat-equipement-de-refrigeration","7":"product_cat-outils-et-equipements","8":"product_tag-equipements-de-refrigeration-industrielle","9":"product_tag-unites-de-condensation-commerciales","10":"desktop-align-left","11":"tablet-align-left","12":"mobile-align-left","14":"first","15":"instock","16":"sale","17":"shipping-taxable","18":"purchasable","19":"product-type-simple"},"yoast_head":"<!-- This site is optimized with the Yoast SEO plugin v24.9 - https:\/\/yoast.com\/wordpress\/plugins\/seo\/ -->\r\n<title>Groupe de condensation frigorifique pour chambre froide -Induzon<\/title>\r\n<meta name=\"description\" content=\"Mini groupe de condensation, groupe frigorifique monobloc, groupe pour chambre froide, refroidisseur \u00e0 condensation par air, refroidisseur d&#039;air industriel\" \/>\r\n<meta name=\"robots\" content=\"index, follow, max-snippet:-1, max-image-preview:large, max-video-preview:-1\" \/>\r\n<link rel=\"canonical\" href=\"https:\/\/induzon.com\/fr\/produit\/groupe-de-condensation-frigorifique-pour-chambre-froide-unite-de-refrigeration-refroidisseurs-evaporatifs-groupe-froid-condensation-a-air-monobloc-congelateur-industriel-adiabatique-unite-de-froid-pou\/\" \/>\r\n<meta property=\"og:locale\" content=\"fr_FR\" \/>\r\n<meta property=\"og:type\" content=\"article\" \/>\r\n<meta property=\"og:title\" content=\"Groupe de condensation frigorifique pour chambre froide -Induzon\" \/>\r\n<meta property=\"og:description\" content=\"Mini groupe de condensation, groupe frigorifique monobloc, groupe pour chambre froide, refroidisseur \u00e0 condensation par air, refroidisseur d&#039;air industriel\" \/>\r\n<meta property=\"og:url\" content=\"https:\/\/induzon.com\/fr\/produit\/groupe-de-condensation-frigorifique-pour-chambre-froide-unite-de-refrigeration-refroidisseurs-evaporatifs-groupe-froid-condensation-a-air-monobloc-congelateur-industriel-adiabatique-unite-de-froid-pou\/\" \/>\r\n<meta property=\"og:site_name\" content=\"induzon\" \/>\r\n<meta property=\"article:modified_time\" content=\"2025-09-11T09:19:18+00:00\" \/>\r\n<meta property=\"og:image\" content=\"https:\/\/induzon.com\/wp-content\/uploads\/2025\/09\/\u56fe-1-1.jpg\" \/>\r\n\t<meta property=\"og:image:width\" content=\"1500\" \/>\r\n\t<meta property=\"og:image:height\" content=\"1500\" \/>\r\n\t<meta property=\"og:image:type\" content=\"image\/jpeg\" \/>\r\n<meta name=\"twitter:card\" content=\"summary_large_image\" \/>\r\n<meta name=\"twitter:label1\" content=\"Dur\u00e9e de lecture estim\u00e9e\" \/>\n\t<meta name=\"twitter:data1\" content=\"1 minute\" \/>\r\n<script type=\"application\/ld+json\" class=\"yoast-schema-graph\">{\"@context\":\"https:\/\/schema.org\",\"@graph\":[{\"@type\":\"WebPage\",\"@id\":\"https:\/\/induzon.com\/fr\/produit\/groupe-de-condensation-frigorifique-pour-chambre-froide-unite-de-refrigeration-refroidisseurs-evaporatifs-groupe-froid-condensation-a-air-monobloc-congelateur-industriel-adiabatique-unite-de-froid-pou\/\",\"url\":\"https:\/\/induzon.com\/fr\/produit\/groupe-de-condensation-frigorifique-pour-chambre-froide-unite-de-refrigeration-refroidisseurs-evaporatifs-groupe-froid-condensation-a-air-monobloc-congelateur-industriel-adiabatique-unite-de-froid-pou\/\",\"name\":\"Groupe de condensation frigorifique pour chambre froide -Induzon\",\"isPartOf\":{\"@id\":\"https:\/\/induzon.com\/fr\/#website\"},\"primaryImageOfPage\":{\"@id\":\"https:\/\/induzon.com\/fr\/produit\/groupe-de-condensation-frigorifique-pour-chambre-froide-unite-de-refrigeration-refroidisseurs-evaporatifs-groupe-froid-condensation-a-air-monobloc-congelateur-industriel-adiabatique-unite-de-froid-pou\/#primaryimage\"},\"image\":{\"@id\":\"https:\/\/induzon.com\/fr\/produit\/groupe-de-condensation-frigorifique-pour-chambre-froide-unite-de-refrigeration-refroidisseurs-evaporatifs-groupe-froid-condensation-a-air-monobloc-congelateur-industriel-adiabatique-unite-de-froid-pou\/#primaryimage\"},\"thumbnailUrl\":\"https:\/\/induzon.com\/wp-content\/uploads\/2025\/09\/\u56fe-1-1.jpg\",\"datePublished\":\"2025-09-11T01:56:35+00:00\",\"dateModified\":\"2025-09-11T09:19:18+00:00\",\"description\":\"Mini groupe de condensation, groupe frigorifique monobloc, groupe pour chambre froide, refroidisseur \u00e0 condensation par air, refroidisseur d'air industriel\",\"breadcrumb\":{\"@id\":\"https:\/\/induzon.com\/fr\/produit\/groupe-de-condensation-frigorifique-pour-chambre-froide-unite-de-refrigeration-refroidisseurs-evaporatifs-groupe-froid-condensation-a-air-monobloc-congelateur-industriel-adiabatique-unite-de-froid-pou\/#breadcrumb\"},\"inLanguage\":\"fr-FR\",\"potentialAction\":[{\"@type\":\"ReadAction\",\"target\":[\"https:\/\/induzon.com\/fr\/produit\/groupe-de-condensation-frigorifique-pour-chambre-froide-unite-de-refrigeration-refroidisseurs-evaporatifs-groupe-froid-condensation-a-air-monobloc-congelateur-industriel-adiabatique-unite-de-froid-pou\/\"]}]},{\"@type\":\"ImageObject\",\"inLanguage\":\"fr-FR\",\"@id\":\"https:\/\/induzon.com\/fr\/produit\/groupe-de-condensation-frigorifique-pour-chambre-froide-unite-de-refrigeration-refroidisseurs-evaporatifs-groupe-froid-condensation-a-air-monobloc-congelateur-industriel-adiabatique-unite-de-froid-pou\/#primaryimage\",\"url\":\"https:\/\/induzon.com\/wp-content\/uploads\/2025\/09\/\u56fe-1-1.jpg\",\"contentUrl\":\"https:\/\/induzon.com\/wp-content\/uploads\/2025\/09\/\u56fe-1-1.jpg\",\"width\":1500,\"height\":1500,\"caption\":\"Mini groupe de condensation, groupe frigorifique monobloc, groupe pour chambre froide, refroidisseur \u00e0 condensation par air, refroidisseur d'air industriel\"},{\"@type\":\"BreadcrumbList\",\"@id\":\"https:\/\/induzon.com\/fr\/produit\/groupe-de-condensation-frigorifique-pour-chambre-froide-unite-de-refrigeration-refroidisseurs-evaporatifs-groupe-froid-condensation-a-air-monobloc-congelateur-industriel-adiabatique-unite-de-froid-pou\/#breadcrumb\",\"itemListElement\":[{\"@type\":\"ListItem\",\"position\":1,\"name\":\"\u9996\u9875\",\"item\":\"https:\/\/induzon.com\/fr\/\"},{\"@type\":\"ListItem\",\"position\":2,\"name\":\"Boutique\",\"item\":\"https:\/\/induzon.com\/fr\/boutique\/\"},{\"@type\":\"ListItem\",\"position\":3,\"name\":\"groupe de condensation frigorifique pour chambre froide unit\u00e9 de refrigeration refroidisseurs \u00e9vaporatifs groupe froid condensation \u00e0 air monobloc congelateur industriel adiabatique unit\u00e9 de froid pour chambre froide r\u00e9frig\u00e9rateur personnalisable climatisation meuble frigorifique unit\u00e9 de condensation frigorifique\"}]},{\"@type\":\"WebSite\",\"@id\":\"https:\/\/induzon.com\/fr\/#website\",\"url\":\"https:\/\/induzon.com\/fr\/\",\"name\":\"induzon\",\"description\":\"\",\"publisher\":{\"@id\":\"https:\/\/induzon.com\/fr\/#organization\"},\"potentialAction\":[{\"@type\":\"SearchAction\",\"target\":{\"@type\":\"EntryPoint\",\"urlTemplate\":\"https:\/\/induzon.com\/fr\/?s={search_term_string}\"},\"query-input\":{\"@type\":\"PropertyValueSpecification\",\"valueRequired\":true,\"valueName\":\"search_term_string\"}}],\"inLanguage\":\"fr-FR\"},{\"@type\":\"Organization\",\"@id\":\"https:\/\/induzon.com\/fr\/#organization\",\"name\":\"induzon\",\"url\":\"https:\/\/induzon.com\/fr\/\",\"logo\":{\"@type\":\"ImageObject\",\"inLanguage\":\"fr-FR\",\"@id\":\"https:\/\/induzon.com\/fr\/#\/schema\/logo\/image\/\",\"url\":\"https:\/\/induzon.com\/wp-content\/uploads\/2025\/05\/cropped-026.png\",\"contentUrl\":\"https:\/\/induzon.com\/wp-content\/uploads\/2025\/05\/cropped-026.png\",\"width\":512,\"height\":512,\"caption\":\"induzon\"},\"image\":{\"@id\":\"https:\/\/induzon.com\/fr\/#\/schema\/logo\/image\/\"}}]}<\/script>\r\n<!-- \/ Yoast SEO plugin. -->","yoast_head_json":{"title":"Groupe de condensation frigorifique pour chambre froide -Induzon","description":"Mini groupe de condensation, groupe frigorifique monobloc, groupe pour chambre froide, refroidisseur \u00e0 condensation par air, refroidisseur d'air industriel","robots":{"index":"index","follow":"follow","max-snippet":"max-snippet:-1","max-image-preview":"max-image-preview:large","max-video-preview":"max-video-preview:-1"},"canonical":"https:\/\/induzon.com\/fr\/produit\/groupe-de-condensation-frigorifique-pour-chambre-froide-unite-de-refrigeration-refroidisseurs-evaporatifs-groupe-froid-condensation-a-air-monobloc-congelateur-industriel-adiabatique-unite-de-froid-pou\/","og_locale":"fr_FR","og_type":"article","og_title":"Groupe de condensation frigorifique pour chambre froide -Induzon","og_description":"Mini groupe de condensation, groupe frigorifique monobloc, groupe pour chambre froide, refroidisseur \u00e0 condensation par air, refroidisseur d'air industriel","og_url":"https:\/\/induzon.com\/fr\/produit\/groupe-de-condensation-frigorifique-pour-chambre-froide-unite-de-refrigeration-refroidisseurs-evaporatifs-groupe-froid-condensation-a-air-monobloc-congelateur-industriel-adiabatique-unite-de-froid-pou\/","og_site_name":"induzon","article_modified_time":"2025-09-11T09:19:18+00:00","og_image":[{"width":1500,"height":1500,"url":"https:\/\/induzon.com\/wp-content\/uploads\/2025\/09\/\u56fe-1-1.jpg","type":"image\/jpeg"}],"twitter_card":"summary_large_image","twitter_misc":{"Dur\u00e9e de lecture estim\u00e9e":"1 minute"},"schema":{"@context":"https:\/\/schema.org","@graph":[{"@type":"WebPage","@id":"https:\/\/induzon.com\/fr\/produit\/groupe-de-condensation-frigorifique-pour-chambre-froide-unite-de-refrigeration-refroidisseurs-evaporatifs-groupe-froid-condensation-a-air-monobloc-congelateur-industriel-adiabatique-unite-de-froid-pou\/","url":"https:\/\/induzon.com\/fr\/produit\/groupe-de-condensation-frigorifique-pour-chambre-froide-unite-de-refrigeration-refroidisseurs-evaporatifs-groupe-froid-condensation-a-air-monobloc-congelateur-industriel-adiabatique-unite-de-froid-pou\/","name":"Groupe de condensation frigorifique pour chambre froide -Induzon","isPartOf":{"@id":"https:\/\/induzon.com\/fr\/#website"},"primaryImageOfPage":{"@id":"https:\/\/induzon.com\/fr\/produit\/groupe-de-condensation-frigorifique-pour-chambre-froide-unite-de-refrigeration-refroidisseurs-evaporatifs-groupe-froid-condensation-a-air-monobloc-congelateur-industriel-adiabatique-unite-de-froid-pou\/#primaryimage"},"image":{"@id":"https:\/\/induzon.com\/fr\/produit\/groupe-de-condensation-frigorifique-pour-chambre-froide-unite-de-refrigeration-refroidisseurs-evaporatifs-groupe-froid-condensation-a-air-monobloc-congelateur-industriel-adiabatique-unite-de-froid-pou\/#primaryimage"},"thumbnailUrl":"https:\/\/induzon.com\/wp-content\/uploads\/2025\/09\/\u56fe-1-1.jpg","datePublished":"2025-09-11T01:56:35+00:00","dateModified":"2025-09-11T09:19:18+00:00","description":"Mini groupe de condensation, groupe frigorifique monobloc, groupe pour chambre froide, refroidisseur \u00e0 condensation par air, refroidisseur d'air industriel","breadcrumb":{"@id":"https:\/\/induzon.com\/fr\/produit\/groupe-de-condensation-frigorifique-pour-chambre-froide-unite-de-refrigeration-refroidisseurs-evaporatifs-groupe-froid-condensation-a-air-monobloc-congelateur-industriel-adiabatique-unite-de-froid-pou\/#breadcrumb"},"inLanguage":"fr-FR","potentialAction":[{"@type":"ReadAction","target":["https:\/\/induzon.com\/fr\/produit\/groupe-de-condensation-frigorifique-pour-chambre-froide-unite-de-refrigeration-refroidisseurs-evaporatifs-groupe-froid-condensation-a-air-monobloc-congelateur-industriel-adiabatique-unite-de-froid-pou\/"]}]},{"@type":"ImageObject","inLanguage":"fr-FR","@id":"https:\/\/induzon.com\/fr\/produit\/groupe-de-condensation-frigorifique-pour-chambre-froide-unite-de-refrigeration-refroidisseurs-evaporatifs-groupe-froid-condensation-a-air-monobloc-congelateur-industriel-adiabatique-unite-de-froid-pou\/#primaryimage","url":"https:\/\/induzon.com\/wp-content\/uploads\/2025\/09\/\u56fe-1-1.jpg","contentUrl":"https:\/\/induzon.com\/wp-content\/uploads\/2025\/09\/\u56fe-1-1.jpg","width":1500,"height":1500,"caption":"Mini groupe de condensation, groupe frigorifique monobloc, groupe pour chambre froide, refroidisseur \u00e0 condensation par air, refroidisseur d'air industriel"},{"@type":"BreadcrumbList","@id":"https:\/\/induzon.com\/fr\/produit\/groupe-de-condensation-frigorifique-pour-chambre-froide-unite-de-refrigeration-refroidisseurs-evaporatifs-groupe-froid-condensation-a-air-monobloc-congelateur-industriel-adiabatique-unite-de-froid-pou\/#breadcrumb","itemListElement":[{"@type":"ListItem","position":1,"name":"\u9996\u9875","item":"https:\/\/induzon.com\/fr\/"},{"@type":"ListItem","position":2,"name":"Boutique","item":"https:\/\/induzon.com\/fr\/boutique\/"},{"@type":"ListItem","position":3,"name":"groupe de condensation frigorifique pour chambre froide unit\u00e9 de refrigeration refroidisseurs \u00e9vaporatifs groupe froid condensation \u00e0 air monobloc congelateur industriel adiabatique unit\u00e9 de froid pour chambre froide r\u00e9frig\u00e9rateur personnalisable climatisation meuble frigorifique unit\u00e9 de condensation frigorifique"}]},{"@type":"WebSite","@id":"https:\/\/induzon.com\/fr\/#website","url":"https:\/\/induzon.com\/fr\/","name":"induzon","description":"","publisher":{"@id":"https:\/\/induzon.com\/fr\/#organization"},"potentialAction":[{"@type":"SearchAction","target":{"@type":"EntryPoint","urlTemplate":"https:\/\/induzon.com\/fr\/?s={search_term_string}"},"query-input":{"@type":"PropertyValueSpecification","valueRequired":true,"valueName":"search_term_string"}}],"inLanguage":"fr-FR"},{"@type":"Organization","@id":"https:\/\/induzon.com\/fr\/#organization","name":"induzon","url":"https:\/\/induzon.com\/fr\/","logo":{"@type":"ImageObject","inLanguage":"fr-FR","@id":"https:\/\/induzon.com\/fr\/#\/schema\/logo\/image\/","url":"https:\/\/induzon.com\/wp-content\/uploads\/2025\/05\/cropped-026.png","contentUrl":"https:\/\/induzon.com\/wp-content\/uploads\/2025\/05\/cropped-026.png","width":512,"height":512,"caption":"induzon"},"image":{"@id":"https:\/\/induzon.com\/fr\/#\/schema\/logo\/image\/"}}]}},"_links":{"self":[{"href":"https:\/\/induzon.com\/fr\/wp-json\/wp\/v2\/product\/24824","targetHints":{"allow":["GET"]}}],"collection":[{"href":"https:\/\/induzon.com\/fr\/wp-json\/wp\/v2\/product"}],"about":[{"href":"https:\/\/induzon.com\/fr\/wp-json\/wp\/v2\/types\/product"}],"replies":[{"embeddable":true,"href":"https:\/\/induzon.com\/fr\/wp-json\/wp\/v2\/comments?post=24824"}],"version-history":[{"count":0,"href":"https:\/\/induzon.com\/fr\/wp-json\/wp\/v2\/product\/24824\/revisions"}],"wp:featuredmedia":[{"embeddable":true,"href":"https:\/\/induzon.com\/fr\/wp-json\/wp\/v2\/media\/24688"}],"wp:attachment":[{"href":"https:\/\/induzon.com\/fr\/wp-json\/wp\/v2\/media?parent=24824"}],"wp:term":[{"taxonomy":"product_brand","embeddable":true,"href":"https:\/\/induzon.com\/fr\/wp-json\/wp\/v2\/product_brand?post=24824"},{"taxonomy":"product_cat","embeddable":true,"href":"https:\/\/induzon.com\/fr\/wp-json\/wp\/v2\/product_cat?post=24824"},{"taxonomy":"product_tag","embeddable":true,"href":"https:\/\/induzon.com\/fr\/wp-json\/wp\/v2\/product_tag?post=24824"}],"curies":[{"name":"wp","href":"https:\/\/api.w.org\/{rel}","templated":true}]}}