{"id":25669,"date":"2025-09-16T16:01:30","date_gmt":"2025-09-16T08:01:30","guid":{"rendered":"https:\/\/induzon.com\/shop\/vis-sans-fin-pellet-avec-moteur-2rpm-3-5rpm-motoreducteur-poele-a-granule-220v-spirale-sans-fin-aube-en-acier-inoxydable\/"},"modified":"2025-12-09T10:14:27","modified_gmt":"2025-12-09T02:14:27","slug":"vis-sans-fin-pellet-avec-moteur-2rpm-3-5rpm-motoreducteur-poele-a-granule-220v-spirale-sans-fin-aube-en-acier-inoxydable","status":"publish","type":"product","link":"https:\/\/induzon.com\/fr\/produit\/vis-sans-fin-pellet-avec-moteur-2rpm-3-5rpm-motoreducteur-poele-a-granule-220v-spirale-sans-fin-aube-en-acier-inoxydable\/","title":{"rendered":"Aubes de vis sans fin et vis pour po\u00eale \u00e0 granul\u00e9s en acier inoxydable \u00e0 petit diam\u00e8tre soud\u00e9es en une seule pi\u00e8ce"},"content":{"rendered":"","protected":false},"excerpt":{"rendered":"","protected":false},"featured_media":25575,"comment_status":"open","ping_status":"closed","template":"","meta":{"site-sidebar-layout":"default","site-content-layout":"","ast-site-content-layout":"default","site-content-style":"default","site-sidebar-style":"default","ast-global-header-display":"","ast-banner-title-visibility":"","ast-main-header-display":"","ast-hfb-above-header-display":"","ast-hfb-below-header-display":"","ast-hfb-mobile-header-display":"","site-post-title":"","ast-breadcrumbs-content":"","ast-featured-img":"","footer-sml-layout":"","theme-transparent-header-meta":"default","adv-header-id-meta":"","stick-header-meta":"","header-above-stick-meta":"","header-main-stick-meta":"","header-below-stick-meta":"","astra-migrate-meta-layouts":"set","ast-page-background-enabled":"default","ast-page-background-meta":{"desktop":{"background-color":"var(--ast-global-color-4)","background-image":"","background-repeat":"repeat","background-position":"center center","background-size":"auto","background-attachment":"scroll","background-type":"","background-media":"","overlay-type":"","overlay-color":"","overlay-opacity":"","overlay-gradient":""},"tablet":{"background-color":"","background-image":"","background-repeat":"repeat","background-position":"center center","background-size":"auto","background-attachment":"scroll","background-type":"","background-media":"","overlay-type":"","overlay-color":"","overlay-opacity":"","overlay-gradient":""},"mobile":{"background-color":"","background-image":"","background-repeat":"repeat","background-position":"center center","background-size":"auto","background-attachment":"scroll","background-type":"","background-media":"","overlay-type":"","overlay-color":"","overlay-opacity":"","overlay-gradient":""}},"ast-content-background-meta":{"desktop":{"background-color":"var(--ast-global-color-5)","background-image":"","background-repeat":"repeat","background-position":"center center","background-size":"auto","background-attachment":"scroll","background-type":"","background-media":"","overlay-type":"","overlay-color":"","overlay-opacity":"","overlay-gradient":""},"tablet":{"background-color":"var(--ast-global-color-5)","background-image":"","background-repeat":"repeat","background-position":"center center","background-size":"auto","background-attachment":"scroll","background-type":"","background-media":"","overlay-type":"","overlay-color":"","overlay-opacity":"","overlay-gradient":""},"mobile":{"background-color":"var(--ast-global-color-5)","background-image":"","background-repeat":"repeat","background-position":"center center","background-size":"auto","background-attachment":"scroll","background-type":"","background-media":"","overlay-type":"","overlay-color":"","overlay-opacity":"","overlay-gradient":""}}},"product_brand":[],"product_cat":[1744,1742,1764,1743],"product_tag":[1745],"class_list":{"0":"post-25669","1":"product","2":"type-product","3":"status-publish","4":"has-post-thumbnail","6":"product_cat-alimentateur-a-vis-sans-fin","7":"product_cat-composants-mecaniques","8":"product_cat-lame-helicoidale-en-acier-inoxydable","9":"product_cat-moteur-et-boite-de-vitesses","10":"product_tag-alimentateur-a-vis-sans-fin","11":"desktop-align-left","12":"tablet-align-left","13":"mobile-align-left","15":"first","16":"instock","17":"sale","18":"shipping-taxable","19":"purchasable","20":"product-type-variable"},"yoast_head":"<!-- This site is optimized with the Yoast SEO plugin v24.9 - https:\/\/yoast.com\/wordpress\/plugins\/seo\/ -->\r\n<title>Vis Sans Fin pour Po\u00eale \u00e0 Pellets 2-3.5 RPM - Motoreducteur avec Spirale Acier Inoxydable -Induzon<\/title>\r\n<meta name=\"description\" content=\"Vis sans fin avec motoreducteur (2-3.5 RPM) pour po\u00eale \u00e0 pellets. \u00c9quip\u00e9e d&#039;une spirale en acier inoxydable pour une alimentation automatique fiable\" \/>\r\n<meta name=\"robots\" content=\"index, follow, max-snippet:-1, max-image-preview:large, max-video-preview:-1\" \/>\r\n<link rel=\"canonical\" href=\"https:\/\/induzon.com\/fr\/produit\/vis-sans-fin-pellet-avec-moteur-2rpm-3-5rpm-motoreducteur-poele-a-granule-220v-spirale-sans-fin-aube-en-acier-inoxydable\/\" \/>\r\n<meta property=\"og:locale\" content=\"fr_FR\" \/>\r\n<meta property=\"og:type\" content=\"article\" \/>\r\n<meta property=\"og:title\" content=\"Vis Sans Fin pour Po\u00eale \u00e0 Pellets 2-3.5 RPM - Motoreducteur avec Spirale Acier Inoxydable -Induzon\" \/>\r\n<meta property=\"og:description\" content=\"Vis sans fin avec motoreducteur (2-3.5 RPM) pour po\u00eale \u00e0 pellets. \u00c9quip\u00e9e d&#039;une spirale en acier inoxydable pour une alimentation automatique fiable\" \/>\r\n<meta property=\"og:url\" content=\"https:\/\/induzon.com\/fr\/produit\/vis-sans-fin-pellet-avec-moteur-2rpm-3-5rpm-motoreducteur-poele-a-granule-220v-spirale-sans-fin-aube-en-acier-inoxydable\/\" \/>\r\n<meta property=\"og:site_name\" content=\"induzon\" \/>\r\n<meta property=\"article:modified_time\" content=\"2025-12-09T02:14:27+00:00\" \/>\r\n<meta property=\"og:image\" content=\"https:\/\/induzon.com\/wp-content\/uploads\/2025\/09\/\u56fe-1-6.jpg\" \/>\r\n\t<meta property=\"og:image:width\" content=\"1500\" \/>\r\n\t<meta property=\"og:image:height\" content=\"1500\" \/>\r\n\t<meta property=\"og:image:type\" content=\"image\/jpeg\" \/>\r\n<meta name=\"twitter:card\" content=\"summary_large_image\" \/>\r\n<meta name=\"twitter:label1\" content=\"Dur\u00e9e de lecture estim\u00e9e\" \/>\n\t<meta name=\"twitter:data1\" content=\"1 minute\" \/>\r\n<script type=\"application\/ld+json\" class=\"yoast-schema-graph\">{\"@context\":\"https:\/\/schema.org\",\"@graph\":[{\"@type\":\"WebPage\",\"@id\":\"https:\/\/induzon.com\/fr\/produit\/vis-sans-fin-pellet-avec-moteur-2rpm-3-5rpm-motoreducteur-poele-a-granule-220v-spirale-sans-fin-aube-en-acier-inoxydable\/\",\"url\":\"https:\/\/induzon.com\/fr\/produit\/vis-sans-fin-pellet-avec-moteur-2rpm-3-5rpm-motoreducteur-poele-a-granule-220v-spirale-sans-fin-aube-en-acier-inoxydable\/\",\"name\":\"Vis Sans Fin pour Po\u00eale \u00e0 Pellets 2-3.5 RPM - Motoreducteur avec Spirale Acier Inoxydable -Induzon\",\"isPartOf\":{\"@id\":\"https:\/\/induzon.com\/fr\/#website\"},\"primaryImageOfPage\":{\"@id\":\"https:\/\/induzon.com\/fr\/produit\/vis-sans-fin-pellet-avec-moteur-2rpm-3-5rpm-motoreducteur-poele-a-granule-220v-spirale-sans-fin-aube-en-acier-inoxydable\/#primaryimage\"},\"image\":{\"@id\":\"https:\/\/induzon.com\/fr\/produit\/vis-sans-fin-pellet-avec-moteur-2rpm-3-5rpm-motoreducteur-poele-a-granule-220v-spirale-sans-fin-aube-en-acier-inoxydable\/#primaryimage\"},\"thumbnailUrl\":\"https:\/\/induzon.com\/wp-content\/uploads\/2025\/09\/\u56fe-1-6.jpg\",\"datePublished\":\"2025-09-16T08:01:30+00:00\",\"dateModified\":\"2025-12-09T02:14:27+00:00\",\"description\":\"Vis sans fin avec motoreducteur (2-3.5 RPM) pour po\u00eale \u00e0 pellets. \u00c9quip\u00e9e d'une spirale en acier inoxydable pour une alimentation automatique fiable\",\"breadcrumb\":{\"@id\":\"https:\/\/induzon.com\/fr\/produit\/vis-sans-fin-pellet-avec-moteur-2rpm-3-5rpm-motoreducteur-poele-a-granule-220v-spirale-sans-fin-aube-en-acier-inoxydable\/#breadcrumb\"},\"inLanguage\":\"fr-FR\",\"potentialAction\":[{\"@type\":\"ReadAction\",\"target\":[\"https:\/\/induzon.com\/fr\/produit\/vis-sans-fin-pellet-avec-moteur-2rpm-3-5rpm-motoreducteur-poele-a-granule-220v-spirale-sans-fin-aube-en-acier-inoxydable\/\"]}]},{\"@type\":\"ImageObject\",\"inLanguage\":\"fr-FR\",\"@id\":\"https:\/\/induzon.com\/fr\/produit\/vis-sans-fin-pellet-avec-moteur-2rpm-3-5rpm-motoreducteur-poele-a-granule-220v-spirale-sans-fin-aube-en-acier-inoxydable\/#primaryimage\",\"url\":\"https:\/\/induzon.com\/wp-content\/uploads\/2025\/09\/\u56fe-1-6.jpg\",\"contentUrl\":\"https:\/\/induzon.com\/wp-content\/uploads\/2025\/09\/\u56fe-1-6.jpg\",\"width\":1500,\"height\":1500,\"caption\":\"Vis sans fin avec motoreducteur (2-3.5 RPM) pour po\u00eale \u00e0 pellets. \u00c9quip\u00e9e d'une spirale en acier inoxydable pour une alimentation automatique fiable\"},{\"@type\":\"BreadcrumbList\",\"@id\":\"https:\/\/induzon.com\/fr\/produit\/vis-sans-fin-pellet-avec-moteur-2rpm-3-5rpm-motoreducteur-poele-a-granule-220v-spirale-sans-fin-aube-en-acier-inoxydable\/#breadcrumb\",\"itemListElement\":[{\"@type\":\"ListItem\",\"position\":1,\"name\":\"\u9996\u9875\",\"item\":\"https:\/\/induzon.com\/fr\/\"},{\"@type\":\"ListItem\",\"position\":2,\"name\":\"Boutique\",\"item\":\"https:\/\/induzon.com\/fr\/boutique\/\"},{\"@type\":\"ListItem\",\"position\":3,\"name\":\"Aubes de vis sans fin et vis pour po\u00eale \u00e0 granul\u00e9s en acier inoxydable \u00e0 petit diam\u00e8tre soud\u00e9es en une seule pi\u00e8ce\"}]},{\"@type\":\"WebSite\",\"@id\":\"https:\/\/induzon.com\/fr\/#website\",\"url\":\"https:\/\/induzon.com\/fr\/\",\"name\":\"induzon\",\"description\":\"\",\"publisher\":{\"@id\":\"https:\/\/induzon.com\/fr\/#organization\"},\"potentialAction\":[{\"@type\":\"SearchAction\",\"target\":{\"@type\":\"EntryPoint\",\"urlTemplate\":\"https:\/\/induzon.com\/fr\/?s={search_term_string}\"},\"query-input\":{\"@type\":\"PropertyValueSpecification\",\"valueRequired\":true,\"valueName\":\"search_term_string\"}}],\"inLanguage\":\"fr-FR\"},{\"@type\":\"Organization\",\"@id\":\"https:\/\/induzon.com\/fr\/#organization\",\"name\":\"induzon\",\"url\":\"https:\/\/induzon.com\/fr\/\",\"logo\":{\"@type\":\"ImageObject\",\"inLanguage\":\"fr-FR\",\"@id\":\"https:\/\/induzon.com\/fr\/#\/schema\/logo\/image\/\",\"url\":\"https:\/\/induzon.com\/wp-content\/uploads\/2025\/05\/cropped-026.png\",\"contentUrl\":\"https:\/\/induzon.com\/wp-content\/uploads\/2025\/05\/cropped-026.png\",\"width\":512,\"height\":512,\"caption\":\"induzon\"},\"image\":{\"@id\":\"https:\/\/induzon.com\/fr\/#\/schema\/logo\/image\/\"}}]}<\/script>\r\n<!-- \/ Yoast SEO plugin. -->","yoast_head_json":{"title":"Vis Sans Fin pour Po\u00eale \u00e0 Pellets 2-3.5 RPM - Motoreducteur avec Spirale Acier Inoxydable -Induzon","description":"Vis sans fin avec motoreducteur (2-3.5 RPM) pour po\u00eale \u00e0 pellets. \u00c9quip\u00e9e d'une spirale en acier inoxydable pour une alimentation automatique fiable","robots":{"index":"index","follow":"follow","max-snippet":"max-snippet:-1","max-image-preview":"max-image-preview:large","max-video-preview":"max-video-preview:-1"},"canonical":"https:\/\/induzon.com\/fr\/produit\/vis-sans-fin-pellet-avec-moteur-2rpm-3-5rpm-motoreducteur-poele-a-granule-220v-spirale-sans-fin-aube-en-acier-inoxydable\/","og_locale":"fr_FR","og_type":"article","og_title":"Vis Sans Fin pour Po\u00eale \u00e0 Pellets 2-3.5 RPM - Motoreducteur avec Spirale Acier Inoxydable -Induzon","og_description":"Vis sans fin avec motoreducteur (2-3.5 RPM) pour po\u00eale \u00e0 pellets. \u00c9quip\u00e9e d'une spirale en acier inoxydable pour une alimentation automatique fiable","og_url":"https:\/\/induzon.com\/fr\/produit\/vis-sans-fin-pellet-avec-moteur-2rpm-3-5rpm-motoreducteur-poele-a-granule-220v-spirale-sans-fin-aube-en-acier-inoxydable\/","og_site_name":"induzon","article_modified_time":"2025-12-09T02:14:27+00:00","og_image":[{"width":1500,"height":1500,"url":"https:\/\/induzon.com\/wp-content\/uploads\/2025\/09\/\u56fe-1-6.jpg","type":"image\/jpeg"}],"twitter_card":"summary_large_image","twitter_misc":{"Dur\u00e9e de lecture estim\u00e9e":"1 minute"},"schema":{"@context":"https:\/\/schema.org","@graph":[{"@type":"WebPage","@id":"https:\/\/induzon.com\/fr\/produit\/vis-sans-fin-pellet-avec-moteur-2rpm-3-5rpm-motoreducteur-poele-a-granule-220v-spirale-sans-fin-aube-en-acier-inoxydable\/","url":"https:\/\/induzon.com\/fr\/produit\/vis-sans-fin-pellet-avec-moteur-2rpm-3-5rpm-motoreducteur-poele-a-granule-220v-spirale-sans-fin-aube-en-acier-inoxydable\/","name":"Vis Sans Fin pour Po\u00eale \u00e0 Pellets 2-3.5 RPM - Motoreducteur avec Spirale Acier Inoxydable -Induzon","isPartOf":{"@id":"https:\/\/induzon.com\/fr\/#website"},"primaryImageOfPage":{"@id":"https:\/\/induzon.com\/fr\/produit\/vis-sans-fin-pellet-avec-moteur-2rpm-3-5rpm-motoreducteur-poele-a-granule-220v-spirale-sans-fin-aube-en-acier-inoxydable\/#primaryimage"},"image":{"@id":"https:\/\/induzon.com\/fr\/produit\/vis-sans-fin-pellet-avec-moteur-2rpm-3-5rpm-motoreducteur-poele-a-granule-220v-spirale-sans-fin-aube-en-acier-inoxydable\/#primaryimage"},"thumbnailUrl":"https:\/\/induzon.com\/wp-content\/uploads\/2025\/09\/\u56fe-1-6.jpg","datePublished":"2025-09-16T08:01:30+00:00","dateModified":"2025-12-09T02:14:27+00:00","description":"Vis sans fin avec motoreducteur (2-3.5 RPM) pour po\u00eale \u00e0 pellets. \u00c9quip\u00e9e d'une spirale en acier inoxydable pour une alimentation automatique fiable","breadcrumb":{"@id":"https:\/\/induzon.com\/fr\/produit\/vis-sans-fin-pellet-avec-moteur-2rpm-3-5rpm-motoreducteur-poele-a-granule-220v-spirale-sans-fin-aube-en-acier-inoxydable\/#breadcrumb"},"inLanguage":"fr-FR","potentialAction":[{"@type":"ReadAction","target":["https:\/\/induzon.com\/fr\/produit\/vis-sans-fin-pellet-avec-moteur-2rpm-3-5rpm-motoreducteur-poele-a-granule-220v-spirale-sans-fin-aube-en-acier-inoxydable\/"]}]},{"@type":"ImageObject","inLanguage":"fr-FR","@id":"https:\/\/induzon.com\/fr\/produit\/vis-sans-fin-pellet-avec-moteur-2rpm-3-5rpm-motoreducteur-poele-a-granule-220v-spirale-sans-fin-aube-en-acier-inoxydable\/#primaryimage","url":"https:\/\/induzon.com\/wp-content\/uploads\/2025\/09\/\u56fe-1-6.jpg","contentUrl":"https:\/\/induzon.com\/wp-content\/uploads\/2025\/09\/\u56fe-1-6.jpg","width":1500,"height":1500,"caption":"Vis sans fin avec motoreducteur (2-3.5 RPM) pour po\u00eale \u00e0 pellets. \u00c9quip\u00e9e d'une spirale en acier inoxydable pour une alimentation automatique fiable"},{"@type":"BreadcrumbList","@id":"https:\/\/induzon.com\/fr\/produit\/vis-sans-fin-pellet-avec-moteur-2rpm-3-5rpm-motoreducteur-poele-a-granule-220v-spirale-sans-fin-aube-en-acier-inoxydable\/#breadcrumb","itemListElement":[{"@type":"ListItem","position":1,"name":"\u9996\u9875","item":"https:\/\/induzon.com\/fr\/"},{"@type":"ListItem","position":2,"name":"Boutique","item":"https:\/\/induzon.com\/fr\/boutique\/"},{"@type":"ListItem","position":3,"name":"Aubes de vis sans fin et vis pour po\u00eale \u00e0 granul\u00e9s en acier inoxydable \u00e0 petit diam\u00e8tre soud\u00e9es en une seule pi\u00e8ce"}]},{"@type":"WebSite","@id":"https:\/\/induzon.com\/fr\/#website","url":"https:\/\/induzon.com\/fr\/","name":"induzon","description":"","publisher":{"@id":"https:\/\/induzon.com\/fr\/#organization"},"potentialAction":[{"@type":"SearchAction","target":{"@type":"EntryPoint","urlTemplate":"https:\/\/induzon.com\/fr\/?s={search_term_string}"},"query-input":{"@type":"PropertyValueSpecification","valueRequired":true,"valueName":"search_term_string"}}],"inLanguage":"fr-FR"},{"@type":"Organization","@id":"https:\/\/induzon.com\/fr\/#organization","name":"induzon","url":"https:\/\/induzon.com\/fr\/","logo":{"@type":"ImageObject","inLanguage":"fr-FR","@id":"https:\/\/induzon.com\/fr\/#\/schema\/logo\/image\/","url":"https:\/\/induzon.com\/wp-content\/uploads\/2025\/05\/cropped-026.png","contentUrl":"https:\/\/induzon.com\/wp-content\/uploads\/2025\/05\/cropped-026.png","width":512,"height":512,"caption":"induzon"},"image":{"@id":"https:\/\/induzon.com\/fr\/#\/schema\/logo\/image\/"}}]}},"_links":{"self":[{"href":"https:\/\/induzon.com\/fr\/wp-json\/wp\/v2\/product\/25669","targetHints":{"allow":["GET"]}}],"collection":[{"href":"https:\/\/induzon.com\/fr\/wp-json\/wp\/v2\/product"}],"about":[{"href":"https:\/\/induzon.com\/fr\/wp-json\/wp\/v2\/types\/product"}],"replies":[{"embeddable":true,"href":"https:\/\/induzon.com\/fr\/wp-json\/wp\/v2\/comments?post=25669"}],"version-history":[{"count":2,"href":"https:\/\/induzon.com\/fr\/wp-json\/wp\/v2\/product\/25669\/revisions"}],"predecessor-version":[{"id":31839,"href":"https:\/\/induzon.com\/fr\/wp-json\/wp\/v2\/product\/25669\/revisions\/31839"}],"wp:featuredmedia":[{"embeddable":true,"href":"https:\/\/induzon.com\/fr\/wp-json\/wp\/v2\/media\/25575"}],"wp:attachment":[{"href":"https:\/\/induzon.com\/fr\/wp-json\/wp\/v2\/media?parent=25669"}],"wp:term":[{"taxonomy":"product_brand","embeddable":true,"href":"https:\/\/induzon.com\/fr\/wp-json\/wp\/v2\/product_brand?post=25669"},{"taxonomy":"product_cat","embeddable":true,"href":"https:\/\/induzon.com\/fr\/wp-json\/wp\/v2\/product_cat?post=25669"},{"taxonomy":"product_tag","embeddable":true,"href":"https:\/\/induzon.com\/fr\/wp-json\/wp\/v2\/product_tag?post=25669"}],"curies":[{"name":"wp","href":"https:\/\/api.w.org\/{rel}","templated":true}]}}