{"id":30201,"date":"2025-11-14T14:35:48","date_gmt":"2025-11-14T06:35:48","guid":{"rendered":"https:\/\/induzon.com\/shop\/porte-de-chaudiere-en-fonte-renforcee-porte-de-cheminee-en-fonte-porte-de-four-en-fonte\/"},"modified":"2025-12-18T09:05:38","modified_gmt":"2025-12-18T01:05:38","slug":"porte-de-chaudiere-en-fonte-renforcee-porte-de-cheminee-en-fonte-porte-de-four-en-fonte","status":"publish","type":"product","link":"https:\/\/induzon.com\/fr\/produit\/porte-de-chaudiere-en-fonte-renforcee-porte-de-cheminee-en-fonte-porte-de-four-en-fonte\/","title":{"rendered":"Porte de Chaudi\u00e8re en Fonte Renforc\u00e9e porte de chemin\u00e9e en fonte porte de four en fonte"},"content":{"rendered":"<p>1.Porte en fonte robuste pour po\u00eales \u00e0 bois, chemin\u00e9es et cuisini\u00e8res, durable et r\u00e9sistante \u00e0 la chaleur.<br \/>\n2.Conception s\u00e9curis\u00e9e pour un acc\u00e8s facile au foyer et un nettoyage simplifi\u00e9 des cendres.<br \/>\n3.Mat\u00e9riau en fonte de haute qualit\u00e9, r\u00e9sistant \u00e0 la corrosion et aux temp\u00e9ratures \u00e9lev\u00e9es.<br \/>\n4.Design universel compatible avec diverses installations: po\u00eales, chaudi\u00e8res et cuisini\u00e8res.<br \/>\n5.Porte pratique pour inspection et entretien, optimisant l&rsquo;efficacit\u00e9 de votre syst\u00e8me de chauffage.<\/p>\n","protected":false},"excerpt":{"rendered":"<p>1.Porte en fonte robuste pour po\u00eales \u00e0 bois, chemin\u00e9es et cuisini\u00e8res, durable et r\u00e9sistante \u00e0 la chaleur. 2.Conception s\u00e9curis\u00e9e pour [&hellip;]<\/p>\n","protected":false},"featured_media":30171,"comment_status":"open","ping_status":"closed","template":"","meta":{"site-sidebar-layout":"default","site-content-layout":"","ast-site-content-layout":"default","site-content-style":"default","site-sidebar-style":"default","ast-global-header-display":"","ast-banner-title-visibility":"","ast-main-header-display":"","ast-hfb-above-header-display":"","ast-hfb-below-header-display":"","ast-hfb-mobile-header-display":"","site-post-title":"","ast-breadcrumbs-content":"","ast-featured-img":"","footer-sml-layout":"","theme-transparent-header-meta":"default","adv-header-id-meta":"","stick-header-meta":"","header-above-stick-meta":"","header-main-stick-meta":"","header-below-stick-meta":"","astra-migrate-meta-layouts":"set","ast-page-background-enabled":"default","ast-page-background-meta":{"desktop":{"background-color":"var(--ast-global-color-4)","background-image":"","background-repeat":"repeat","background-position":"center center","background-size":"auto","background-attachment":"scroll","background-type":"","background-media":"","overlay-type":"","overlay-color":"","overlay-opacity":"","overlay-gradient":""},"tablet":{"background-color":"","background-image":"","background-repeat":"repeat","background-position":"center center","background-size":"auto","background-attachment":"scroll","background-type":"","background-media":"","overlay-type":"","overlay-color":"","overlay-opacity":"","overlay-gradient":""},"mobile":{"background-color":"","background-image":"","background-repeat":"repeat","background-position":"center center","background-size":"auto","background-attachment":"scroll","background-type":"","background-media":"","overlay-type":"","overlay-color":"","overlay-opacity":"","overlay-gradient":""}},"ast-content-background-meta":{"desktop":{"background-color":"var(--ast-global-color-5)","background-image":"","background-repeat":"repeat","background-position":"center center","background-size":"auto","background-attachment":"scroll","background-type":"","background-media":"","overlay-type":"","overlay-color":"","overlay-opacity":"","overlay-gradient":""},"tablet":{"background-color":"var(--ast-global-color-5)","background-image":"","background-repeat":"repeat","background-position":"center center","background-size":"auto","background-attachment":"scroll","background-type":"","background-media":"","overlay-type":"","overlay-color":"","overlay-opacity":"","overlay-gradient":""},"mobile":{"background-color":"var(--ast-global-color-5)","background-image":"","background-repeat":"repeat","background-position":"center center","background-size":"auto","background-attachment":"scroll","background-type":"","background-media":"","overlay-type":"","overlay-color":"","overlay-opacity":"","overlay-gradient":""}}},"product_brand":[],"product_cat":[2025,2026],"product_tag":[2027],"class_list":{"0":"post-30201","1":"product","2":"type-product","3":"status-publish","4":"has-post-thumbnail","6":"product_cat-composants-de-chaudiere","7":"product_cat-porte-de-chaudiere","8":"product_tag-porte-de-chaudiere","9":"desktop-align-left","10":"tablet-align-left","11":"mobile-align-left","13":"first","14":"instock","15":"shipping-taxable","16":"purchasable","17":"product-type-simple"},"yoast_head":"<!-- This site is optimized with the Yoast SEO plugin v24.9 - https:\/\/yoast.com\/wordpress\/plugins\/seo\/ -->\r\n<title>Industrial Cast Iron Boiler Door High Temperature Resistance<\/title>\r\n<meta name=\"description\" content=\"D\u00e9couvrez notre porte de chaudi\u00e8re en fonte renforc\u00e9e, con\u00e7ue pour l&#039;inspection et la visite. Id\u00e9ale pour les applications industrielles, elle offre une durabilit\u00e9 exceptionnelle et une facilit\u00e9 d&#039;acc\u00e8s pour la maintenance.\" \/>\r\n<meta name=\"robots\" content=\"index, follow, max-snippet:-1, max-image-preview:large, max-video-preview:-1\" \/>\r\n<link rel=\"canonical\" href=\"https:\/\/induzon.com\/fr\/produit\/porte-de-chaudiere-en-fonte-renforcee-porte-de-cheminee-en-fonte-porte-de-four-en-fonte\/\" \/>\r\n<meta property=\"og:locale\" content=\"fr_FR\" \/>\r\n<meta property=\"og:type\" content=\"article\" \/>\r\n<meta property=\"og:title\" content=\"Industrial Cast Iron Boiler Door High Temperature Resistance\" \/>\r\n<meta property=\"og:description\" content=\"D\u00e9couvrez notre porte de chaudi\u00e8re en fonte renforc\u00e9e, con\u00e7ue pour l&#039;inspection et la visite. Id\u00e9ale pour les applications industrielles, elle offre une durabilit\u00e9 exceptionnelle et une facilit\u00e9 d&#039;acc\u00e8s pour la maintenance.\" \/>\r\n<meta property=\"og:url\" content=\"https:\/\/induzon.com\/fr\/produit\/porte-de-chaudiere-en-fonte-renforcee-porte-de-cheminee-en-fonte-porte-de-four-en-fonte\/\" \/>\r\n<meta property=\"og:site_name\" content=\"induzon\" \/>\r\n<meta property=\"article:modified_time\" content=\"2025-12-18T01:05:38+00:00\" \/>\r\n<meta property=\"og:image\" content=\"https:\/\/induzon.com\/wp-content\/uploads\/2025\/11\/\u56fe-1.jpg\" \/>\r\n\t<meta property=\"og:image:width\" content=\"1500\" \/>\r\n\t<meta property=\"og:image:height\" content=\"1500\" \/>\r\n\t<meta property=\"og:image:type\" content=\"image\/jpeg\" \/>\r\n<meta name=\"twitter:card\" content=\"summary_large_image\" \/>\r\n<meta name=\"twitter:label1\" content=\"Dur\u00e9e de lecture estim\u00e9e\" \/>\n\t<meta name=\"twitter:data1\" content=\"1 minute\" \/>\r\n<script type=\"application\/ld+json\" class=\"yoast-schema-graph\">{\"@context\":\"https:\/\/schema.org\",\"@graph\":[{\"@type\":\"WebPage\",\"@id\":\"https:\/\/induzon.com\/fr\/produit\/porte-de-chaudiere-en-fonte-renforcee-porte-de-cheminee-en-fonte-porte-de-four-en-fonte\/\",\"url\":\"https:\/\/induzon.com\/fr\/produit\/porte-de-chaudiere-en-fonte-renforcee-porte-de-cheminee-en-fonte-porte-de-four-en-fonte\/\",\"name\":\"Industrial Cast Iron Boiler Door High Temperature Resistance\",\"isPartOf\":{\"@id\":\"https:\/\/induzon.com\/fr\/#website\"},\"primaryImageOfPage\":{\"@id\":\"https:\/\/induzon.com\/fr\/produit\/porte-de-chaudiere-en-fonte-renforcee-porte-de-cheminee-en-fonte-porte-de-four-en-fonte\/#primaryimage\"},\"image\":{\"@id\":\"https:\/\/induzon.com\/fr\/produit\/porte-de-chaudiere-en-fonte-renforcee-porte-de-cheminee-en-fonte-porte-de-four-en-fonte\/#primaryimage\"},\"thumbnailUrl\":\"https:\/\/induzon.com\/wp-content\/uploads\/2025\/11\/\u56fe-1.jpg\",\"datePublished\":\"2025-11-14T06:35:48+00:00\",\"dateModified\":\"2025-12-18T01:05:38+00:00\",\"description\":\"D\u00e9couvrez notre porte de chaudi\u00e8re en fonte renforc\u00e9e, con\u00e7ue pour l'inspection et la visite. Id\u00e9ale pour les applications industrielles, elle offre une durabilit\u00e9 exceptionnelle et une facilit\u00e9 d'acc\u00e8s pour la maintenance.\",\"breadcrumb\":{\"@id\":\"https:\/\/induzon.com\/fr\/produit\/porte-de-chaudiere-en-fonte-renforcee-porte-de-cheminee-en-fonte-porte-de-four-en-fonte\/#breadcrumb\"},\"inLanguage\":\"fr-FR\",\"potentialAction\":[{\"@type\":\"ReadAction\",\"target\":[\"https:\/\/induzon.com\/fr\/produit\/porte-de-chaudiere-en-fonte-renforcee-porte-de-cheminee-en-fonte-porte-de-four-en-fonte\/\"]}]},{\"@type\":\"ImageObject\",\"inLanguage\":\"fr-FR\",\"@id\":\"https:\/\/induzon.com\/fr\/produit\/porte-de-chaudiere-en-fonte-renforcee-porte-de-cheminee-en-fonte-porte-de-four-en-fonte\/#primaryimage\",\"url\":\"https:\/\/induzon.com\/wp-content\/uploads\/2025\/11\/\u56fe-1.jpg\",\"contentUrl\":\"https:\/\/induzon.com\/wp-content\/uploads\/2025\/11\/\u56fe-1.jpg\",\"width\":1500,\"height\":1500,\"caption\":\"Industrial Cast Iron Boiler Door High Temperature Resistance\"},{\"@type\":\"BreadcrumbList\",\"@id\":\"https:\/\/induzon.com\/fr\/produit\/porte-de-chaudiere-en-fonte-renforcee-porte-de-cheminee-en-fonte-porte-de-four-en-fonte\/#breadcrumb\",\"itemListElement\":[{\"@type\":\"ListItem\",\"position\":1,\"name\":\"\u9996\u9875\",\"item\":\"https:\/\/induzon.com\/fr\/\"},{\"@type\":\"ListItem\",\"position\":2,\"name\":\"Boutique\",\"item\":\"https:\/\/induzon.com\/fr\/boutique\/\"},{\"@type\":\"ListItem\",\"position\":3,\"name\":\"Porte de Chaudi\u00e8re en Fonte Renforc\u00e9e porte de chemin\u00e9e en fonte porte de four en fonte\"}]},{\"@type\":\"WebSite\",\"@id\":\"https:\/\/induzon.com\/fr\/#website\",\"url\":\"https:\/\/induzon.com\/fr\/\",\"name\":\"induzon\",\"description\":\"\",\"publisher\":{\"@id\":\"https:\/\/induzon.com\/fr\/#organization\"},\"potentialAction\":[{\"@type\":\"SearchAction\",\"target\":{\"@type\":\"EntryPoint\",\"urlTemplate\":\"https:\/\/induzon.com\/fr\/?s={search_term_string}\"},\"query-input\":{\"@type\":\"PropertyValueSpecification\",\"valueRequired\":true,\"valueName\":\"search_term_string\"}}],\"inLanguage\":\"fr-FR\"},{\"@type\":\"Organization\",\"@id\":\"https:\/\/induzon.com\/fr\/#organization\",\"name\":\"induzon\",\"url\":\"https:\/\/induzon.com\/fr\/\",\"logo\":{\"@type\":\"ImageObject\",\"inLanguage\":\"fr-FR\",\"@id\":\"https:\/\/induzon.com\/fr\/#\/schema\/logo\/image\/\",\"url\":\"https:\/\/induzon.com\/wp-content\/uploads\/2025\/05\/cropped-026.png\",\"contentUrl\":\"https:\/\/induzon.com\/wp-content\/uploads\/2025\/05\/cropped-026.png\",\"width\":512,\"height\":512,\"caption\":\"induzon\"},\"image\":{\"@id\":\"https:\/\/induzon.com\/fr\/#\/schema\/logo\/image\/\"}}]}<\/script>\r\n<!-- \/ Yoast SEO plugin. -->","yoast_head_json":{"title":"Industrial Cast Iron Boiler Door High Temperature Resistance","description":"D\u00e9couvrez notre porte de chaudi\u00e8re en fonte renforc\u00e9e, con\u00e7ue pour l'inspection et la visite. Id\u00e9ale pour les applications industrielles, elle offre une durabilit\u00e9 exceptionnelle et une facilit\u00e9 d'acc\u00e8s pour la maintenance.","robots":{"index":"index","follow":"follow","max-snippet":"max-snippet:-1","max-image-preview":"max-image-preview:large","max-video-preview":"max-video-preview:-1"},"canonical":"https:\/\/induzon.com\/fr\/produit\/porte-de-chaudiere-en-fonte-renforcee-porte-de-cheminee-en-fonte-porte-de-four-en-fonte\/","og_locale":"fr_FR","og_type":"article","og_title":"Industrial Cast Iron Boiler Door High Temperature Resistance","og_description":"D\u00e9couvrez notre porte de chaudi\u00e8re en fonte renforc\u00e9e, con\u00e7ue pour l'inspection et la visite. Id\u00e9ale pour les applications industrielles, elle offre une durabilit\u00e9 exceptionnelle et une facilit\u00e9 d'acc\u00e8s pour la maintenance.","og_url":"https:\/\/induzon.com\/fr\/produit\/porte-de-chaudiere-en-fonte-renforcee-porte-de-cheminee-en-fonte-porte-de-four-en-fonte\/","og_site_name":"induzon","article_modified_time":"2025-12-18T01:05:38+00:00","og_image":[{"width":1500,"height":1500,"url":"https:\/\/induzon.com\/wp-content\/uploads\/2025\/11\/\u56fe-1.jpg","type":"image\/jpeg"}],"twitter_card":"summary_large_image","twitter_misc":{"Dur\u00e9e de lecture estim\u00e9e":"1 minute"},"schema":{"@context":"https:\/\/schema.org","@graph":[{"@type":"WebPage","@id":"https:\/\/induzon.com\/fr\/produit\/porte-de-chaudiere-en-fonte-renforcee-porte-de-cheminee-en-fonte-porte-de-four-en-fonte\/","url":"https:\/\/induzon.com\/fr\/produit\/porte-de-chaudiere-en-fonte-renforcee-porte-de-cheminee-en-fonte-porte-de-four-en-fonte\/","name":"Industrial Cast Iron Boiler Door High Temperature Resistance","isPartOf":{"@id":"https:\/\/induzon.com\/fr\/#website"},"primaryImageOfPage":{"@id":"https:\/\/induzon.com\/fr\/produit\/porte-de-chaudiere-en-fonte-renforcee-porte-de-cheminee-en-fonte-porte-de-four-en-fonte\/#primaryimage"},"image":{"@id":"https:\/\/induzon.com\/fr\/produit\/porte-de-chaudiere-en-fonte-renforcee-porte-de-cheminee-en-fonte-porte-de-four-en-fonte\/#primaryimage"},"thumbnailUrl":"https:\/\/induzon.com\/wp-content\/uploads\/2025\/11\/\u56fe-1.jpg","datePublished":"2025-11-14T06:35:48+00:00","dateModified":"2025-12-18T01:05:38+00:00","description":"D\u00e9couvrez notre porte de chaudi\u00e8re en fonte renforc\u00e9e, con\u00e7ue pour l'inspection et la visite. Id\u00e9ale pour les applications industrielles, elle offre une durabilit\u00e9 exceptionnelle et une facilit\u00e9 d'acc\u00e8s pour la maintenance.","breadcrumb":{"@id":"https:\/\/induzon.com\/fr\/produit\/porte-de-chaudiere-en-fonte-renforcee-porte-de-cheminee-en-fonte-porte-de-four-en-fonte\/#breadcrumb"},"inLanguage":"fr-FR","potentialAction":[{"@type":"ReadAction","target":["https:\/\/induzon.com\/fr\/produit\/porte-de-chaudiere-en-fonte-renforcee-porte-de-cheminee-en-fonte-porte-de-four-en-fonte\/"]}]},{"@type":"ImageObject","inLanguage":"fr-FR","@id":"https:\/\/induzon.com\/fr\/produit\/porte-de-chaudiere-en-fonte-renforcee-porte-de-cheminee-en-fonte-porte-de-four-en-fonte\/#primaryimage","url":"https:\/\/induzon.com\/wp-content\/uploads\/2025\/11\/\u56fe-1.jpg","contentUrl":"https:\/\/induzon.com\/wp-content\/uploads\/2025\/11\/\u56fe-1.jpg","width":1500,"height":1500,"caption":"Industrial Cast Iron Boiler Door High Temperature Resistance"},{"@type":"BreadcrumbList","@id":"https:\/\/induzon.com\/fr\/produit\/porte-de-chaudiere-en-fonte-renforcee-porte-de-cheminee-en-fonte-porte-de-four-en-fonte\/#breadcrumb","itemListElement":[{"@type":"ListItem","position":1,"name":"\u9996\u9875","item":"https:\/\/induzon.com\/fr\/"},{"@type":"ListItem","position":2,"name":"Boutique","item":"https:\/\/induzon.com\/fr\/boutique\/"},{"@type":"ListItem","position":3,"name":"Porte de Chaudi\u00e8re en Fonte Renforc\u00e9e porte de chemin\u00e9e en fonte porte de four en fonte"}]},{"@type":"WebSite","@id":"https:\/\/induzon.com\/fr\/#website","url":"https:\/\/induzon.com\/fr\/","name":"induzon","description":"","publisher":{"@id":"https:\/\/induzon.com\/fr\/#organization"},"potentialAction":[{"@type":"SearchAction","target":{"@type":"EntryPoint","urlTemplate":"https:\/\/induzon.com\/fr\/?s={search_term_string}"},"query-input":{"@type":"PropertyValueSpecification","valueRequired":true,"valueName":"search_term_string"}}],"inLanguage":"fr-FR"},{"@type":"Organization","@id":"https:\/\/induzon.com\/fr\/#organization","name":"induzon","url":"https:\/\/induzon.com\/fr\/","logo":{"@type":"ImageObject","inLanguage":"fr-FR","@id":"https:\/\/induzon.com\/fr\/#\/schema\/logo\/image\/","url":"https:\/\/induzon.com\/wp-content\/uploads\/2025\/05\/cropped-026.png","contentUrl":"https:\/\/induzon.com\/wp-content\/uploads\/2025\/05\/cropped-026.png","width":512,"height":512,"caption":"induzon"},"image":{"@id":"https:\/\/induzon.com\/fr\/#\/schema\/logo\/image\/"}}]}},"_links":{"self":[{"href":"https:\/\/induzon.com\/fr\/wp-json\/wp\/v2\/product\/30201","targetHints":{"allow":["GET"]}}],"collection":[{"href":"https:\/\/induzon.com\/fr\/wp-json\/wp\/v2\/product"}],"about":[{"href":"https:\/\/induzon.com\/fr\/wp-json\/wp\/v2\/types\/product"}],"replies":[{"embeddable":true,"href":"https:\/\/induzon.com\/fr\/wp-json\/wp\/v2\/comments?post=30201"}],"version-history":[{"count":1,"href":"https:\/\/induzon.com\/fr\/wp-json\/wp\/v2\/product\/30201\/revisions"}],"predecessor-version":[{"id":30635,"href":"https:\/\/induzon.com\/fr\/wp-json\/wp\/v2\/product\/30201\/revisions\/30635"}],"wp:featuredmedia":[{"embeddable":true,"href":"https:\/\/induzon.com\/fr\/wp-json\/wp\/v2\/media\/30171"}],"wp:attachment":[{"href":"https:\/\/induzon.com\/fr\/wp-json\/wp\/v2\/media?parent=30201"}],"wp:term":[{"taxonomy":"product_brand","embeddable":true,"href":"https:\/\/induzon.com\/fr\/wp-json\/wp\/v2\/product_brand?post=30201"},{"taxonomy":"product_cat","embeddable":true,"href":"https:\/\/induzon.com\/fr\/wp-json\/wp\/v2\/product_cat?post=30201"},{"taxonomy":"product_tag","embeddable":true,"href":"https:\/\/induzon.com\/fr\/wp-json\/wp\/v2\/product_tag?post=30201"}],"curies":[{"name":"wp","href":"https:\/\/api.w.org\/{rel}","templated":true}]}}