{"id":33693,"date":"2026-02-27T14:23:26","date_gmt":"2026-02-27T06:23:26","guid":{"rendered":"https:\/\/induzon.com\/shop\/1-piece-117-x-62-x-83-mm-humidificateur-pour-radiateur-reservoir-universel-pour-radiateur-plastique-resistant-a-la-chaleur-pour-radiateur-a-huile\/"},"modified":"2026-02-27T15:34:17","modified_gmt":"2026-02-27T07:34:17","slug":"1-piece-117-x-62-x-83-mm-humidificateur-pour-radiateur-reservoir-universel-pour-radiateur-plastique-resistant-a-la-chaleur-pour-radiateur-a-huile","status":"publish","type":"product","link":"https:\/\/induzon.com\/fr\/produit\/1-piece-117-x-62-x-83-mm-humidificateur-pour-radiateur-reservoir-universel-pour-radiateur-plastique-resistant-a-la-chaleur-pour-radiateur-a-huile\/","title":{"rendered":"1 pi\u00e8ce 117 x 62 x 83 mm Humidificateur pour radiateur R\u00e9servoir universel pour radiateur Plastique r\u00e9sistant \u00e0 la chaleur pour radiateur \u00e0 huile"},"content":{"rendered":"","protected":false},"excerpt":{"rendered":"","protected":false},"featured_media":33675,"comment_status":"open","ping_status":"closed","template":"","meta":{"site-sidebar-layout":"default","site-content-layout":"","ast-site-content-layout":"default","site-content-style":"default","site-sidebar-style":"default","ast-global-header-display":"","ast-banner-title-visibility":"","ast-main-header-display":"","ast-hfb-above-header-display":"","ast-hfb-below-header-display":"","ast-hfb-mobile-header-display":"","site-post-title":"","ast-breadcrumbs-content":"","ast-featured-img":"","footer-sml-layout":"","theme-transparent-header-meta":"default","adv-header-id-meta":"","stick-header-meta":"","header-above-stick-meta":"","header-main-stick-meta":"","header-below-stick-meta":"","astra-migrate-meta-layouts":"default","ast-page-background-enabled":"default","ast-page-background-meta":{"desktop":{"background-color":"var(--ast-global-color-4)","background-image":"","background-repeat":"repeat","background-position":"center center","background-size":"auto","background-attachment":"scroll","background-type":"","background-media":"","overlay-type":"","overlay-color":"","overlay-opacity":"","overlay-gradient":""},"tablet":{"background-color":"","background-image":"","background-repeat":"repeat","background-position":"center center","background-size":"auto","background-attachment":"scroll","background-type":"","background-media":"","overlay-type":"","overlay-color":"","overlay-opacity":"","overlay-gradient":""},"mobile":{"background-color":"","background-image":"","background-repeat":"repeat","background-position":"center center","background-size":"auto","background-attachment":"scroll","background-type":"","background-media":"","overlay-type":"","overlay-color":"","overlay-opacity":"","overlay-gradient":""}},"ast-content-background-meta":{"desktop":{"background-color":"var(--ast-global-color-5)","background-image":"","background-repeat":"repeat","background-position":"center center","background-size":"auto","background-attachment":"scroll","background-type":"","background-media":"","overlay-type":"","overlay-color":"","overlay-opacity":"","overlay-gradient":""},"tablet":{"background-color":"var(--ast-global-color-5)","background-image":"","background-repeat":"repeat","background-position":"center center","background-size":"auto","background-attachment":"scroll","background-type":"","background-media":"","overlay-type":"","overlay-color":"","overlay-opacity":"","overlay-gradient":""},"mobile":{"background-color":"var(--ast-global-color-5)","background-image":"","background-repeat":"repeat","background-position":"center center","background-size":"auto","background-attachment":"scroll","background-type":"","background-media":"","overlay-type":"","overlay-color":"","overlay-opacity":"","overlay-gradient":""}}},"product_brand":[],"product_cat":[2128],"product_tag":[2129],"class_list":{"0":"post-33693","1":"product","2":"type-product","3":"status-publish","4":"has-post-thumbnail","6":"product_cat-humidificateur-a-radiateur","7":"product_tag-radiatorbevochtiger","8":"desktop-align-left","9":"tablet-align-left","10":"mobile-align-left","12":"first","13":"instock","14":"sale","15":"featured","16":"shipping-taxable","17":"purchasable","18":"product-type-simple"},"yoast_head":"<!-- This site is optimized with the Yoast SEO plugin v24.9 - https:\/\/yoast.com\/wordpress\/plugins\/seo\/ -->\r\n<title>1 stuk 117x62x83 mm radiatorreservoir luchtbevochtiger - Induzon<\/title>\r\n<meta name=\"description\" content=\"1 stuk 117 x 62 x 83 mm radiatorreservoir-luchtbevochtiger Bestrijd droge binnenlucht met deze praktische en effici\u00ebnte universele radiatorluchtbevochtiger.\" \/>\r\n<meta name=\"robots\" content=\"index, follow, max-snippet:-1, max-image-preview:large, max-video-preview:-1\" \/>\r\n<link rel=\"canonical\" href=\"https:\/\/induzon.com\/fr\/produit\/1-piece-117-x-62-x-83-mm-humidificateur-pour-radiateur-reservoir-universel-pour-radiateur-plastique-resistant-a-la-chaleur-pour-radiateur-a-huile\/\" \/>\r\n<meta property=\"og:locale\" content=\"fr_FR\" \/>\r\n<meta property=\"og:type\" content=\"article\" \/>\r\n<meta property=\"og:title\" content=\"1 stuk 117x62x83 mm radiatorreservoir luchtbevochtiger - Induzon\" \/>\r\n<meta property=\"og:description\" content=\"1 stuk 117 x 62 x 83 mm radiatorreservoir-luchtbevochtiger Bestrijd droge binnenlucht met deze praktische en effici\u00ebnte universele radiatorluchtbevochtiger.\" \/>\r\n<meta property=\"og:url\" content=\"https:\/\/induzon.com\/fr\/produit\/1-piece-117-x-62-x-83-mm-humidificateur-pour-radiateur-reservoir-universel-pour-radiateur-plastique-resistant-a-la-chaleur-pour-radiateur-a-huile\/\" \/>\r\n<meta property=\"og:site_name\" content=\"induzon\" \/>\r\n<meta property=\"article:modified_time\" content=\"2026-02-27T07:34:17+00:00\" \/>\r\n<meta property=\"og:image\" content=\"https:\/\/induzon.com\/wp-content\/uploads\/2026\/02\/Universal-Radiator-main.png\" \/>\r\n\t<meta property=\"og:image:width\" content=\"800\" \/>\r\n\t<meta property=\"og:image:height\" content=\"800\" \/>\r\n\t<meta property=\"og:image:type\" content=\"image\/png\" \/>\r\n<meta name=\"twitter:card\" content=\"summary_large_image\" \/>\r\n<script type=\"application\/ld+json\" class=\"yoast-schema-graph\">{\"@context\":\"https:\/\/schema.org\",\"@graph\":[{\"@type\":\"WebPage\",\"@id\":\"https:\/\/induzon.com\/fr\/produit\/1-piece-117-x-62-x-83-mm-humidificateur-pour-radiateur-reservoir-universel-pour-radiateur-plastique-resistant-a-la-chaleur-pour-radiateur-a-huile\/\",\"url\":\"https:\/\/induzon.com\/fr\/produit\/1-piece-117-x-62-x-83-mm-humidificateur-pour-radiateur-reservoir-universel-pour-radiateur-plastique-resistant-a-la-chaleur-pour-radiateur-a-huile\/\",\"name\":\"1 stuk 117x62x83 mm radiatorreservoir luchtbevochtiger - Induzon\",\"isPartOf\":{\"@id\":\"https:\/\/induzon.com\/fr\/#website\"},\"primaryImageOfPage\":{\"@id\":\"https:\/\/induzon.com\/fr\/produit\/1-piece-117-x-62-x-83-mm-humidificateur-pour-radiateur-reservoir-universel-pour-radiateur-plastique-resistant-a-la-chaleur-pour-radiateur-a-huile\/#primaryimage\"},\"image\":{\"@id\":\"https:\/\/induzon.com\/fr\/produit\/1-piece-117-x-62-x-83-mm-humidificateur-pour-radiateur-reservoir-universel-pour-radiateur-plastique-resistant-a-la-chaleur-pour-radiateur-a-huile\/#primaryimage\"},\"thumbnailUrl\":\"https:\/\/induzon.com\/wp-content\/uploads\/2026\/02\/Universal-Radiator-main.png\",\"datePublished\":\"2026-02-27T06:23:26+00:00\",\"dateModified\":\"2026-02-27T07:34:17+00:00\",\"description\":\"1 stuk 117 x 62 x 83 mm radiatorreservoir-luchtbevochtiger Bestrijd droge binnenlucht met deze praktische en effici\u00ebnte universele radiatorluchtbevochtiger.\",\"breadcrumb\":{\"@id\":\"https:\/\/induzon.com\/fr\/produit\/1-piece-117-x-62-x-83-mm-humidificateur-pour-radiateur-reservoir-universel-pour-radiateur-plastique-resistant-a-la-chaleur-pour-radiateur-a-huile\/#breadcrumb\"},\"inLanguage\":\"fr-FR\",\"potentialAction\":[{\"@type\":\"ReadAction\",\"target\":[\"https:\/\/induzon.com\/fr\/produit\/1-piece-117-x-62-x-83-mm-humidificateur-pour-radiateur-reservoir-universel-pour-radiateur-plastique-resistant-a-la-chaleur-pour-radiateur-a-huile\/\"]}]},{\"@type\":\"ImageObject\",\"inLanguage\":\"fr-FR\",\"@id\":\"https:\/\/induzon.com\/fr\/produit\/1-piece-117-x-62-x-83-mm-humidificateur-pour-radiateur-reservoir-universel-pour-radiateur-plastique-resistant-a-la-chaleur-pour-radiateur-a-huile\/#primaryimage\",\"url\":\"https:\/\/induzon.com\/wp-content\/uploads\/2026\/02\/Universal-Radiator-main.png\",\"contentUrl\":\"https:\/\/induzon.com\/wp-content\/uploads\/2026\/02\/Universal-Radiator-main.png\",\"width\":800,\"height\":800,\"caption\":\"1 \u0431\u0440\u043e\u0439 117x62x83 \u043c\u043c \u0440\u0430\u0434\u0438\u0430\u0442\u043e\u0440 \u0440\u0435\u0437\u0435\u0440\u0432\u043e\u0430\u0440 \u043e\u0432\u043b\u0430\u0436\u043d\u0438\u0442\u0435\u043b\"},{\"@type\":\"BreadcrumbList\",\"@id\":\"https:\/\/induzon.com\/fr\/produit\/1-piece-117-x-62-x-83-mm-humidificateur-pour-radiateur-reservoir-universel-pour-radiateur-plastique-resistant-a-la-chaleur-pour-radiateur-a-huile\/#breadcrumb\",\"itemListElement\":[{\"@type\":\"ListItem\",\"position\":1,\"name\":\"\u9996\u9875\",\"item\":\"https:\/\/induzon.com\/fr\/\"},{\"@type\":\"ListItem\",\"position\":2,\"name\":\"Boutique\",\"item\":\"https:\/\/induzon.com\/fr\/boutique\/\"},{\"@type\":\"ListItem\",\"position\":3,\"name\":\"1 pi\u00e8ce 117 x 62 x 83 mm Humidificateur pour radiateur R\u00e9servoir universel pour radiateur Plastique r\u00e9sistant \u00e0 la chaleur pour radiateur \u00e0 huile\"}]},{\"@type\":\"WebSite\",\"@id\":\"https:\/\/induzon.com\/fr\/#website\",\"url\":\"https:\/\/induzon.com\/fr\/\",\"name\":\"induzon\",\"description\":\"\",\"publisher\":{\"@id\":\"https:\/\/induzon.com\/fr\/#organization\"},\"potentialAction\":[{\"@type\":\"SearchAction\",\"target\":{\"@type\":\"EntryPoint\",\"urlTemplate\":\"https:\/\/induzon.com\/fr\/?s={search_term_string}\"},\"query-input\":{\"@type\":\"PropertyValueSpecification\",\"valueRequired\":true,\"valueName\":\"search_term_string\"}}],\"inLanguage\":\"fr-FR\"},{\"@type\":\"Organization\",\"@id\":\"https:\/\/induzon.com\/fr\/#organization\",\"name\":\"induzon\",\"url\":\"https:\/\/induzon.com\/fr\/\",\"logo\":{\"@type\":\"ImageObject\",\"inLanguage\":\"fr-FR\",\"@id\":\"https:\/\/induzon.com\/fr\/#\/schema\/logo\/image\/\",\"url\":\"https:\/\/induzon.com\/wp-content\/uploads\/2025\/05\/cropped-026.png\",\"contentUrl\":\"https:\/\/induzon.com\/wp-content\/uploads\/2025\/05\/cropped-026.png\",\"width\":512,\"height\":512,\"caption\":\"induzon\"},\"image\":{\"@id\":\"https:\/\/induzon.com\/fr\/#\/schema\/logo\/image\/\"}}]}<\/script>\r\n<!-- \/ Yoast SEO plugin. -->","yoast_head_json":{"title":"1 stuk 117x62x83 mm radiatorreservoir luchtbevochtiger - Induzon","description":"1 stuk 117 x 62 x 83 mm radiatorreservoir-luchtbevochtiger Bestrijd droge binnenlucht met deze praktische en effici\u00ebnte universele radiatorluchtbevochtiger.","robots":{"index":"index","follow":"follow","max-snippet":"max-snippet:-1","max-image-preview":"max-image-preview:large","max-video-preview":"max-video-preview:-1"},"canonical":"https:\/\/induzon.com\/fr\/produit\/1-piece-117-x-62-x-83-mm-humidificateur-pour-radiateur-reservoir-universel-pour-radiateur-plastique-resistant-a-la-chaleur-pour-radiateur-a-huile\/","og_locale":"fr_FR","og_type":"article","og_title":"1 stuk 117x62x83 mm radiatorreservoir luchtbevochtiger - Induzon","og_description":"1 stuk 117 x 62 x 83 mm radiatorreservoir-luchtbevochtiger Bestrijd droge binnenlucht met deze praktische en effici\u00ebnte universele radiatorluchtbevochtiger.","og_url":"https:\/\/induzon.com\/fr\/produit\/1-piece-117-x-62-x-83-mm-humidificateur-pour-radiateur-reservoir-universel-pour-radiateur-plastique-resistant-a-la-chaleur-pour-radiateur-a-huile\/","og_site_name":"induzon","article_modified_time":"2026-02-27T07:34:17+00:00","og_image":[{"width":800,"height":800,"url":"https:\/\/induzon.com\/wp-content\/uploads\/2026\/02\/Universal-Radiator-main.png","type":"image\/png"}],"twitter_card":"summary_large_image","schema":{"@context":"https:\/\/schema.org","@graph":[{"@type":"WebPage","@id":"https:\/\/induzon.com\/fr\/produit\/1-piece-117-x-62-x-83-mm-humidificateur-pour-radiateur-reservoir-universel-pour-radiateur-plastique-resistant-a-la-chaleur-pour-radiateur-a-huile\/","url":"https:\/\/induzon.com\/fr\/produit\/1-piece-117-x-62-x-83-mm-humidificateur-pour-radiateur-reservoir-universel-pour-radiateur-plastique-resistant-a-la-chaleur-pour-radiateur-a-huile\/","name":"1 stuk 117x62x83 mm radiatorreservoir luchtbevochtiger - Induzon","isPartOf":{"@id":"https:\/\/induzon.com\/fr\/#website"},"primaryImageOfPage":{"@id":"https:\/\/induzon.com\/fr\/produit\/1-piece-117-x-62-x-83-mm-humidificateur-pour-radiateur-reservoir-universel-pour-radiateur-plastique-resistant-a-la-chaleur-pour-radiateur-a-huile\/#primaryimage"},"image":{"@id":"https:\/\/induzon.com\/fr\/produit\/1-piece-117-x-62-x-83-mm-humidificateur-pour-radiateur-reservoir-universel-pour-radiateur-plastique-resistant-a-la-chaleur-pour-radiateur-a-huile\/#primaryimage"},"thumbnailUrl":"https:\/\/induzon.com\/wp-content\/uploads\/2026\/02\/Universal-Radiator-main.png","datePublished":"2026-02-27T06:23:26+00:00","dateModified":"2026-02-27T07:34:17+00:00","description":"1 stuk 117 x 62 x 83 mm radiatorreservoir-luchtbevochtiger Bestrijd droge binnenlucht met deze praktische en effici\u00ebnte universele radiatorluchtbevochtiger.","breadcrumb":{"@id":"https:\/\/induzon.com\/fr\/produit\/1-piece-117-x-62-x-83-mm-humidificateur-pour-radiateur-reservoir-universel-pour-radiateur-plastique-resistant-a-la-chaleur-pour-radiateur-a-huile\/#breadcrumb"},"inLanguage":"fr-FR","potentialAction":[{"@type":"ReadAction","target":["https:\/\/induzon.com\/fr\/produit\/1-piece-117-x-62-x-83-mm-humidificateur-pour-radiateur-reservoir-universel-pour-radiateur-plastique-resistant-a-la-chaleur-pour-radiateur-a-huile\/"]}]},{"@type":"ImageObject","inLanguage":"fr-FR","@id":"https:\/\/induzon.com\/fr\/produit\/1-piece-117-x-62-x-83-mm-humidificateur-pour-radiateur-reservoir-universel-pour-radiateur-plastique-resistant-a-la-chaleur-pour-radiateur-a-huile\/#primaryimage","url":"https:\/\/induzon.com\/wp-content\/uploads\/2026\/02\/Universal-Radiator-main.png","contentUrl":"https:\/\/induzon.com\/wp-content\/uploads\/2026\/02\/Universal-Radiator-main.png","width":800,"height":800,"caption":"1 \u0431\u0440\u043e\u0439 117x62x83 \u043c\u043c \u0440\u0430\u0434\u0438\u0430\u0442\u043e\u0440 \u0440\u0435\u0437\u0435\u0440\u0432\u043e\u0430\u0440 \u043e\u0432\u043b\u0430\u0436\u043d\u0438\u0442\u0435\u043b"},{"@type":"BreadcrumbList","@id":"https:\/\/induzon.com\/fr\/produit\/1-piece-117-x-62-x-83-mm-humidificateur-pour-radiateur-reservoir-universel-pour-radiateur-plastique-resistant-a-la-chaleur-pour-radiateur-a-huile\/#breadcrumb","itemListElement":[{"@type":"ListItem","position":1,"name":"\u9996\u9875","item":"https:\/\/induzon.com\/fr\/"},{"@type":"ListItem","position":2,"name":"Boutique","item":"https:\/\/induzon.com\/fr\/boutique\/"},{"@type":"ListItem","position":3,"name":"1 pi\u00e8ce 117 x 62 x 83 mm Humidificateur pour radiateur R\u00e9servoir universel pour radiateur Plastique r\u00e9sistant \u00e0 la chaleur pour radiateur \u00e0 huile"}]},{"@type":"WebSite","@id":"https:\/\/induzon.com\/fr\/#website","url":"https:\/\/induzon.com\/fr\/","name":"induzon","description":"","publisher":{"@id":"https:\/\/induzon.com\/fr\/#organization"},"potentialAction":[{"@type":"SearchAction","target":{"@type":"EntryPoint","urlTemplate":"https:\/\/induzon.com\/fr\/?s={search_term_string}"},"query-input":{"@type":"PropertyValueSpecification","valueRequired":true,"valueName":"search_term_string"}}],"inLanguage":"fr-FR"},{"@type":"Organization","@id":"https:\/\/induzon.com\/fr\/#organization","name":"induzon","url":"https:\/\/induzon.com\/fr\/","logo":{"@type":"ImageObject","inLanguage":"fr-FR","@id":"https:\/\/induzon.com\/fr\/#\/schema\/logo\/image\/","url":"https:\/\/induzon.com\/wp-content\/uploads\/2025\/05\/cropped-026.png","contentUrl":"https:\/\/induzon.com\/wp-content\/uploads\/2025\/05\/cropped-026.png","width":512,"height":512,"caption":"induzon"},"image":{"@id":"https:\/\/induzon.com\/fr\/#\/schema\/logo\/image\/"}}]}},"_links":{"self":[{"href":"https:\/\/induzon.com\/fr\/wp-json\/wp\/v2\/product\/33693","targetHints":{"allow":["GET"]}}],"collection":[{"href":"https:\/\/induzon.com\/fr\/wp-json\/wp\/v2\/product"}],"about":[{"href":"https:\/\/induzon.com\/fr\/wp-json\/wp\/v2\/types\/product"}],"replies":[{"embeddable":true,"href":"https:\/\/induzon.com\/fr\/wp-json\/wp\/v2\/comments?post=33693"}],"version-history":[{"count":1,"href":"https:\/\/induzon.com\/fr\/wp-json\/wp\/v2\/product\/33693\/revisions"}],"predecessor-version":[{"id":33694,"href":"https:\/\/induzon.com\/fr\/wp-json\/wp\/v2\/product\/33693\/revisions\/33694"}],"wp:featuredmedia":[{"embeddable":true,"href":"https:\/\/induzon.com\/fr\/wp-json\/wp\/v2\/media\/33675"}],"wp:attachment":[{"href":"https:\/\/induzon.com\/fr\/wp-json\/wp\/v2\/media?parent=33693"}],"wp:term":[{"taxonomy":"product_brand","embeddable":true,"href":"https:\/\/induzon.com\/fr\/wp-json\/wp\/v2\/product_brand?post=33693"},{"taxonomy":"product_cat","embeddable":true,"href":"https:\/\/induzon.com\/fr\/wp-json\/wp\/v2\/product_cat?post=33693"},{"taxonomy":"product_tag","embeddable":true,"href":"https:\/\/induzon.com\/fr\/wp-json\/wp\/v2\/product_tag?post=33693"}],"curies":[{"name":"wp","href":"https:\/\/api.w.org\/{rel}","templated":true}]}}