{"id":36204,"date":"2026-03-24T17:20:22","date_gmt":"2026-03-24T09:20:22","guid":{"rendered":"https:\/\/induzon.com\/shop\/mitigeur-thermostatique-avec-vanne-de-melange-dn50-pour-robinetterie-douche-bain-cuisine\/"},"modified":"2026-03-24T17:20:22","modified_gmt":"2026-03-24T09:20:22","slug":"mitigeur-thermostatique-avec-vanne-de-melange-dn50-pour-robinetterie-douche-bain-cuisine","status":"publish","type":"product","link":"https:\/\/induzon.com\/fr\/produit\/mitigeur-thermostatique-avec-vanne-de-melange-dn50-pour-robinetterie-douche-bain-cuisine\/","title":{"rendered":"Mitigeur thermostatique avec vanne de m\u00e9lange DN50 pour robinetterie douche bain cuisine"},"content":{"rendered":"<p>Mod\u00e8le : DN50 | Diam\u00e8tre de raccord : 2&Prime;<br \/>\nCaract\u00e9ristiques techniques :<br \/>\n&#8211; Pression de service : 0,03-1 MPa<br \/>\n&#8211; Pression de service optimale : 0,1-0,5 MPa<br \/>\n&#8211; D\u00e9bit : 183 l\/min (pression &gt; 0,1 MPa)<br \/>\n&#8211; Plage de temp\u00e9rature d&rsquo;entr\u00e9e d&rsquo;eau froide : 4-34 \u00b0C<br \/>\n&#8211; Plage de temp\u00e9rature d&rsquo;entr\u00e9e d&rsquo;eau chaude : 36-99 \u00b0C<br \/>\n&#8211; Plage de temp\u00e9rature de r\u00e9glage : 38-48 \u00b0C ; 50-60 \u00b0C<br \/>\n&#8211; Pr\u00e9cision : \u00b12 \u00b0C<br \/>\n&#8211; Sans clapet anti-retour<br \/>\n&#8211; Acier inoxydable 304<\/p>\n","protected":false},"excerpt":{"rendered":"<p>Mod\u00e8le : DN50 | Diam\u00e8tre de raccord : 2&Prime; Caract\u00e9ristiques techniques : &#8211; Pression de service : 0,03-1 MPa &#8211; [&hellip;]<\/p>\n","protected":false},"featured_media":36187,"comment_status":"open","ping_status":"closed","template":"","meta":{"site-sidebar-layout":"default","site-content-layout":"","ast-site-content-layout":"default","site-content-style":"default","site-sidebar-style":"default","ast-global-header-display":"","ast-banner-title-visibility":"","ast-main-header-display":"","ast-hfb-above-header-display":"","ast-hfb-below-header-display":"","ast-hfb-mobile-header-display":"","site-post-title":"","ast-breadcrumbs-content":"","ast-featured-img":"","footer-sml-layout":"","theme-transparent-header-meta":"default","adv-header-id-meta":"","stick-header-meta":"","header-above-stick-meta":"","header-main-stick-meta":"","header-below-stick-meta":"","astra-migrate-meta-layouts":"default","ast-page-background-enabled":"default","ast-page-background-meta":{"desktop":{"background-color":"var(--ast-global-color-4)","background-image":"","background-repeat":"repeat","background-position":"center center","background-size":"auto","background-attachment":"scroll","background-type":"","background-media":"","overlay-type":"","overlay-color":"","overlay-opacity":"","overlay-gradient":""},"tablet":{"background-color":"","background-image":"","background-repeat":"repeat","background-position":"center center","background-size":"auto","background-attachment":"scroll","background-type":"","background-media":"","overlay-type":"","overlay-color":"","overlay-opacity":"","overlay-gradient":""},"mobile":{"background-color":"","background-image":"","background-repeat":"repeat","background-position":"center center","background-size":"auto","background-attachment":"scroll","background-type":"","background-media":"","overlay-type":"","overlay-color":"","overlay-opacity":"","overlay-gradient":""}},"ast-content-background-meta":{"desktop":{"background-color":"var(--ast-global-color-5)","background-image":"","background-repeat":"repeat","background-position":"center center","background-size":"auto","background-attachment":"scroll","background-type":"","background-media":"","overlay-type":"","overlay-color":"","overlay-opacity":"","overlay-gradient":""},"tablet":{"background-color":"var(--ast-global-color-5)","background-image":"","background-repeat":"repeat","background-position":"center center","background-size":"auto","background-attachment":"scroll","background-type":"","background-media":"","overlay-type":"","overlay-color":"","overlay-opacity":"","overlay-gradient":""},"mobile":{"background-color":"var(--ast-global-color-5)","background-image":"","background-repeat":"repeat","background-position":"center center","background-size":"auto","background-attachment":"scroll","background-type":"","background-media":"","overlay-type":"","overlay-color":"","overlay-opacity":"","overlay-gradient":""}}},"product_brand":[],"product_cat":[2278],"product_tag":[2279],"class_list":{"0":"post-36204","1":"product","2":"type-product","3":"status-publish","4":"has-post-thumbnail","6":"product_cat-valve","7":"product_tag-mitigeur-thermostatique","8":"desktop-align-left","9":"tablet-align-left","10":"mobile-align-left","12":"first","13":"instock","14":"sale","15":"shipping-taxable","16":"purchasable","17":"product-type-simple"},"yoast_head":"<!-- This site is optimized with the Yoast SEO plugin v24.9 - https:\/\/yoast.com\/wordpress\/plugins\/seo\/ -->\r\n<title>Mitigeur Thermostatique avec Vanne de M\u00e9lange DN50<\/title>\r\n<meta name=\"description\" content=\"Mitigeur thermostatique DN50 avec vanne de m\u00e9lange s\u00e9curit\u00e9 anti-br\u00fblure confort thermique pour douche baignoire cuisine\" \/>\r\n<meta name=\"robots\" content=\"index, follow, max-snippet:-1, max-image-preview:large, max-video-preview:-1\" \/>\r\n<link rel=\"canonical\" href=\"https:\/\/induzon.com\/fr\/produit\/mitigeur-thermostatique-avec-vanne-de-melange-dn50-pour-robinetterie-douche-bain-cuisine\/\" \/>\r\n<meta property=\"og:locale\" content=\"fr_FR\" \/>\r\n<meta property=\"og:type\" content=\"article\" \/>\r\n<meta property=\"og:title\" content=\"Mitigeur Thermostatique avec Vanne de M\u00e9lange DN50\" \/>\r\n<meta property=\"og:description\" content=\"Mitigeur thermostatique DN50 avec vanne de m\u00e9lange s\u00e9curit\u00e9 anti-br\u00fblure confort thermique pour douche baignoire cuisine\" \/>\r\n<meta property=\"og:url\" content=\"https:\/\/induzon.com\/fr\/produit\/mitigeur-thermostatique-avec-vanne-de-melange-dn50-pour-robinetterie-douche-bain-cuisine\/\" \/>\r\n<meta property=\"og:site_name\" content=\"induzon\" \/>\r\n<meta property=\"og:image\" content=\"https:\/\/induzon.com\/wp-content\/uploads\/2026\/03\/3-24-3-1.png\" \/>\r\n\t<meta property=\"og:image:width\" content=\"623\" \/>\r\n\t<meta property=\"og:image:height\" content=\"513\" \/>\r\n\t<meta property=\"og:image:type\" content=\"image\/png\" \/>\r\n<meta name=\"twitter:card\" content=\"summary_large_image\" \/>\r\n<script type=\"application\/ld+json\" class=\"yoast-schema-graph\">{\"@context\":\"https:\/\/schema.org\",\"@graph\":[{\"@type\":\"WebPage\",\"@id\":\"https:\/\/induzon.com\/fr\/produit\/mitigeur-thermostatique-avec-vanne-de-melange-dn50-pour-robinetterie-douche-bain-cuisine\/\",\"url\":\"https:\/\/induzon.com\/fr\/produit\/mitigeur-thermostatique-avec-vanne-de-melange-dn50-pour-robinetterie-douche-bain-cuisine\/\",\"name\":\"Mitigeur Thermostatique avec Vanne de M\u00e9lange DN50\",\"isPartOf\":{\"@id\":\"https:\/\/induzon.com\/fr\/#website\"},\"primaryImageOfPage\":{\"@id\":\"https:\/\/induzon.com\/fr\/produit\/mitigeur-thermostatique-avec-vanne-de-melange-dn50-pour-robinetterie-douche-bain-cuisine\/#primaryimage\"},\"image\":{\"@id\":\"https:\/\/induzon.com\/fr\/produit\/mitigeur-thermostatique-avec-vanne-de-melange-dn50-pour-robinetterie-douche-bain-cuisine\/#primaryimage\"},\"thumbnailUrl\":\"https:\/\/induzon.com\/wp-content\/uploads\/2026\/03\/3-24-3-1.png\",\"datePublished\":\"2026-03-24T09:20:22+00:00\",\"description\":\"Mitigeur thermostatique DN50 avec vanne de m\u00e9lange s\u00e9curit\u00e9 anti-br\u00fblure confort thermique pour douche baignoire cuisine\",\"breadcrumb\":{\"@id\":\"https:\/\/induzon.com\/fr\/produit\/mitigeur-thermostatique-avec-vanne-de-melange-dn50-pour-robinetterie-douche-bain-cuisine\/#breadcrumb\"},\"inLanguage\":\"fr-FR\",\"potentialAction\":[{\"@type\":\"ReadAction\",\"target\":[\"https:\/\/induzon.com\/fr\/produit\/mitigeur-thermostatique-avec-vanne-de-melange-dn50-pour-robinetterie-douche-bain-cuisine\/\"]}]},{\"@type\":\"ImageObject\",\"inLanguage\":\"fr-FR\",\"@id\":\"https:\/\/induzon.com\/fr\/produit\/mitigeur-thermostatique-avec-vanne-de-melange-dn50-pour-robinetterie-douche-bain-cuisine\/#primaryimage\",\"url\":\"https:\/\/induzon.com\/wp-content\/uploads\/2026\/03\/3-24-3-1.png\",\"contentUrl\":\"https:\/\/induzon.com\/wp-content\/uploads\/2026\/03\/3-24-3-1.png\",\"width\":623,\"height\":513,\"caption\":\"Mitigeur thermostatique avec vanne de m\u00e9lange DN50 pour robinetterie douche bain cuisine\"},{\"@type\":\"BreadcrumbList\",\"@id\":\"https:\/\/induzon.com\/fr\/produit\/mitigeur-thermostatique-avec-vanne-de-melange-dn50-pour-robinetterie-douche-bain-cuisine\/#breadcrumb\",\"itemListElement\":[{\"@type\":\"ListItem\",\"position\":1,\"name\":\"\u9996\u9875\",\"item\":\"https:\/\/induzon.com\/fr\/\"},{\"@type\":\"ListItem\",\"position\":2,\"name\":\"Boutique\",\"item\":\"https:\/\/induzon.com\/fr\/boutique\/\"},{\"@type\":\"ListItem\",\"position\":3,\"name\":\"Mitigeur thermostatique avec vanne de m\u00e9lange DN50 pour robinetterie douche bain cuisine\"}]},{\"@type\":\"WebSite\",\"@id\":\"https:\/\/induzon.com\/fr\/#website\",\"url\":\"https:\/\/induzon.com\/fr\/\",\"name\":\"induzon\",\"description\":\"\",\"publisher\":{\"@id\":\"https:\/\/induzon.com\/fr\/#organization\"},\"potentialAction\":[{\"@type\":\"SearchAction\",\"target\":{\"@type\":\"EntryPoint\",\"urlTemplate\":\"https:\/\/induzon.com\/fr\/?s={search_term_string}\"},\"query-input\":{\"@type\":\"PropertyValueSpecification\",\"valueRequired\":true,\"valueName\":\"search_term_string\"}}],\"inLanguage\":\"fr-FR\"},{\"@type\":\"Organization\",\"@id\":\"https:\/\/induzon.com\/fr\/#organization\",\"name\":\"induzon\",\"url\":\"https:\/\/induzon.com\/fr\/\",\"logo\":{\"@type\":\"ImageObject\",\"inLanguage\":\"fr-FR\",\"@id\":\"https:\/\/induzon.com\/fr\/#\/schema\/logo\/image\/\",\"url\":\"https:\/\/induzon.com\/wp-content\/uploads\/2025\/05\/cropped-026.png\",\"contentUrl\":\"https:\/\/induzon.com\/wp-content\/uploads\/2025\/05\/cropped-026.png\",\"width\":512,\"height\":512,\"caption\":\"induzon\"},\"image\":{\"@id\":\"https:\/\/induzon.com\/fr\/#\/schema\/logo\/image\/\"}}]}<\/script>\r\n<!-- \/ Yoast SEO plugin. -->","yoast_head_json":{"title":"Mitigeur Thermostatique avec Vanne de M\u00e9lange DN50","description":"Mitigeur thermostatique DN50 avec vanne de m\u00e9lange s\u00e9curit\u00e9 anti-br\u00fblure confort thermique pour douche baignoire cuisine","robots":{"index":"index","follow":"follow","max-snippet":"max-snippet:-1","max-image-preview":"max-image-preview:large","max-video-preview":"max-video-preview:-1"},"canonical":"https:\/\/induzon.com\/fr\/produit\/mitigeur-thermostatique-avec-vanne-de-melange-dn50-pour-robinetterie-douche-bain-cuisine\/","og_locale":"fr_FR","og_type":"article","og_title":"Mitigeur Thermostatique avec Vanne de M\u00e9lange DN50","og_description":"Mitigeur thermostatique DN50 avec vanne de m\u00e9lange s\u00e9curit\u00e9 anti-br\u00fblure confort thermique pour douche baignoire cuisine","og_url":"https:\/\/induzon.com\/fr\/produit\/mitigeur-thermostatique-avec-vanne-de-melange-dn50-pour-robinetterie-douche-bain-cuisine\/","og_site_name":"induzon","og_image":[{"width":623,"height":513,"url":"https:\/\/induzon.com\/wp-content\/uploads\/2026\/03\/3-24-3-1.png","type":"image\/png"}],"twitter_card":"summary_large_image","schema":{"@context":"https:\/\/schema.org","@graph":[{"@type":"WebPage","@id":"https:\/\/induzon.com\/fr\/produit\/mitigeur-thermostatique-avec-vanne-de-melange-dn50-pour-robinetterie-douche-bain-cuisine\/","url":"https:\/\/induzon.com\/fr\/produit\/mitigeur-thermostatique-avec-vanne-de-melange-dn50-pour-robinetterie-douche-bain-cuisine\/","name":"Mitigeur Thermostatique avec Vanne de M\u00e9lange DN50","isPartOf":{"@id":"https:\/\/induzon.com\/fr\/#website"},"primaryImageOfPage":{"@id":"https:\/\/induzon.com\/fr\/produit\/mitigeur-thermostatique-avec-vanne-de-melange-dn50-pour-robinetterie-douche-bain-cuisine\/#primaryimage"},"image":{"@id":"https:\/\/induzon.com\/fr\/produit\/mitigeur-thermostatique-avec-vanne-de-melange-dn50-pour-robinetterie-douche-bain-cuisine\/#primaryimage"},"thumbnailUrl":"https:\/\/induzon.com\/wp-content\/uploads\/2026\/03\/3-24-3-1.png","datePublished":"2026-03-24T09:20:22+00:00","description":"Mitigeur thermostatique DN50 avec vanne de m\u00e9lange s\u00e9curit\u00e9 anti-br\u00fblure confort thermique pour douche baignoire cuisine","breadcrumb":{"@id":"https:\/\/induzon.com\/fr\/produit\/mitigeur-thermostatique-avec-vanne-de-melange-dn50-pour-robinetterie-douche-bain-cuisine\/#breadcrumb"},"inLanguage":"fr-FR","potentialAction":[{"@type":"ReadAction","target":["https:\/\/induzon.com\/fr\/produit\/mitigeur-thermostatique-avec-vanne-de-melange-dn50-pour-robinetterie-douche-bain-cuisine\/"]}]},{"@type":"ImageObject","inLanguage":"fr-FR","@id":"https:\/\/induzon.com\/fr\/produit\/mitigeur-thermostatique-avec-vanne-de-melange-dn50-pour-robinetterie-douche-bain-cuisine\/#primaryimage","url":"https:\/\/induzon.com\/wp-content\/uploads\/2026\/03\/3-24-3-1.png","contentUrl":"https:\/\/induzon.com\/wp-content\/uploads\/2026\/03\/3-24-3-1.png","width":623,"height":513,"caption":"Mitigeur thermostatique avec vanne de m\u00e9lange DN50 pour robinetterie douche bain cuisine"},{"@type":"BreadcrumbList","@id":"https:\/\/induzon.com\/fr\/produit\/mitigeur-thermostatique-avec-vanne-de-melange-dn50-pour-robinetterie-douche-bain-cuisine\/#breadcrumb","itemListElement":[{"@type":"ListItem","position":1,"name":"\u9996\u9875","item":"https:\/\/induzon.com\/fr\/"},{"@type":"ListItem","position":2,"name":"Boutique","item":"https:\/\/induzon.com\/fr\/boutique\/"},{"@type":"ListItem","position":3,"name":"Mitigeur thermostatique avec vanne de m\u00e9lange DN50 pour robinetterie douche bain cuisine"}]},{"@type":"WebSite","@id":"https:\/\/induzon.com\/fr\/#website","url":"https:\/\/induzon.com\/fr\/","name":"induzon","description":"","publisher":{"@id":"https:\/\/induzon.com\/fr\/#organization"},"potentialAction":[{"@type":"SearchAction","target":{"@type":"EntryPoint","urlTemplate":"https:\/\/induzon.com\/fr\/?s={search_term_string}"},"query-input":{"@type":"PropertyValueSpecification","valueRequired":true,"valueName":"search_term_string"}}],"inLanguage":"fr-FR"},{"@type":"Organization","@id":"https:\/\/induzon.com\/fr\/#organization","name":"induzon","url":"https:\/\/induzon.com\/fr\/","logo":{"@type":"ImageObject","inLanguage":"fr-FR","@id":"https:\/\/induzon.com\/fr\/#\/schema\/logo\/image\/","url":"https:\/\/induzon.com\/wp-content\/uploads\/2025\/05\/cropped-026.png","contentUrl":"https:\/\/induzon.com\/wp-content\/uploads\/2025\/05\/cropped-026.png","width":512,"height":512,"caption":"induzon"},"image":{"@id":"https:\/\/induzon.com\/fr\/#\/schema\/logo\/image\/"}}]}},"_links":{"self":[{"href":"https:\/\/induzon.com\/fr\/wp-json\/wp\/v2\/product\/36204","targetHints":{"allow":["GET"]}}],"collection":[{"href":"https:\/\/induzon.com\/fr\/wp-json\/wp\/v2\/product"}],"about":[{"href":"https:\/\/induzon.com\/fr\/wp-json\/wp\/v2\/types\/product"}],"replies":[{"embeddable":true,"href":"https:\/\/induzon.com\/fr\/wp-json\/wp\/v2\/comments?post=36204"}],"version-history":[{"count":0,"href":"https:\/\/induzon.com\/fr\/wp-json\/wp\/v2\/product\/36204\/revisions"}],"wp:featuredmedia":[{"embeddable":true,"href":"https:\/\/induzon.com\/fr\/wp-json\/wp\/v2\/media\/36187"}],"wp:attachment":[{"href":"https:\/\/induzon.com\/fr\/wp-json\/wp\/v2\/media?parent=36204"}],"wp:term":[{"taxonomy":"product_brand","embeddable":true,"href":"https:\/\/induzon.com\/fr\/wp-json\/wp\/v2\/product_brand?post=36204"},{"taxonomy":"product_cat","embeddable":true,"href":"https:\/\/induzon.com\/fr\/wp-json\/wp\/v2\/product_cat?post=36204"},{"taxonomy":"product_tag","embeddable":true,"href":"https:\/\/induzon.com\/fr\/wp-json\/wp\/v2\/product_tag?post=36204"}],"curies":[{"name":"wp","href":"https:\/\/api.w.org\/{rel}","templated":true}]}}