{"id":37147,"date":"2026-04-14T16:16:52","date_gmt":"2026-04-14T08:16:52","guid":{"rendered":"https:\/\/induzon.com\/shop\/panneau-de-commande-numerique-led-pour-poele-a-granules-carte-de-circuit-regulateur-de-temperature-bruleur-a-granules\/"},"modified":"2026-04-16T11:27:34","modified_gmt":"2026-04-16T03:27:34","slug":"panneau-de-commande-numerique-led-pour-poele-a-granules-carte-de-circuit-regulateur-de-temperature-bruleur-a-granules","status":"publish","type":"product","link":"https:\/\/induzon.com\/fr\/produit\/panneau-de-commande-numerique-led-pour-poele-a-granules-carte-de-circuit-regulateur-de-temperature-bruleur-a-granules\/","title":{"rendered":"Panneau de commande num\u00e9rique LED pour po\u00eale \u00e0 granul\u00e9s carte de circuit r\u00e9gulateur de temp\u00e9rature br\u00fbleur \u00e0 granul\u00e9s"},"content":{"rendered":"","protected":false},"excerpt":{"rendered":"","protected":false},"featured_media":37059,"comment_status":"open","ping_status":"closed","template":"","meta":{"site-sidebar-layout":"default","site-content-layout":"","ast-site-content-layout":"default","site-content-style":"default","site-sidebar-style":"default","ast-global-header-display":"","ast-banner-title-visibility":"","ast-main-header-display":"","ast-hfb-above-header-display":"","ast-hfb-below-header-display":"","ast-hfb-mobile-header-display":"","site-post-title":"","ast-breadcrumbs-content":"","ast-featured-img":"","footer-sml-layout":"","theme-transparent-header-meta":"default","adv-header-id-meta":"","stick-header-meta":"","header-above-stick-meta":"","header-main-stick-meta":"","header-below-stick-meta":"","astra-migrate-meta-layouts":"set","ast-page-background-enabled":"default","ast-page-background-meta":{"desktop":{"background-color":"var(--ast-global-color-4)","background-image":"","background-repeat":"repeat","background-position":"center center","background-size":"auto","background-attachment":"scroll","background-type":"","background-media":"","overlay-type":"","overlay-color":"","overlay-opacity":"","overlay-gradient":""},"tablet":{"background-color":"","background-image":"","background-repeat":"repeat","background-position":"center center","background-size":"auto","background-attachment":"scroll","background-type":"","background-media":"","overlay-type":"","overlay-color":"","overlay-opacity":"","overlay-gradient":""},"mobile":{"background-color":"","background-image":"","background-repeat":"repeat","background-position":"center center","background-size":"auto","background-attachment":"scroll","background-type":"","background-media":"","overlay-type":"","overlay-color":"","overlay-opacity":"","overlay-gradient":""}},"ast-content-background-meta":{"desktop":{"background-color":"var(--ast-global-color-5)","background-image":"","background-repeat":"repeat","background-position":"center center","background-size":"auto","background-attachment":"scroll","background-type":"","background-media":"","overlay-type":"","overlay-color":"","overlay-opacity":"","overlay-gradient":""},"tablet":{"background-color":"var(--ast-global-color-5)","background-image":"","background-repeat":"repeat","background-position":"center center","background-size":"auto","background-attachment":"scroll","background-type":"","background-media":"","overlay-type":"","overlay-color":"","overlay-opacity":"","overlay-gradient":""},"mobile":{"background-color":"var(--ast-global-color-5)","background-image":"","background-repeat":"repeat","background-position":"center center","background-size":"auto","background-attachment":"scroll","background-type":"","background-media":"","overlay-type":"","overlay-color":"","overlay-opacity":"","overlay-gradient":""}}},"product_brand":[],"product_cat":[2351],"product_tag":[2352],"class_list":{"0":"post-37147","1":"product","2":"type-product","3":"status-publish","4":"has-post-thumbnail","6":"product_cat-commandes-pour-poeles-et-chaudieres-a-granules","7":"product_tag-ecran-led-dun-poele-a-granules","8":"desktop-align-left","9":"tablet-align-left","10":"mobile-align-left","12":"first","13":"instock","14":"sale","15":"shipping-taxable","16":"purchasable","17":"product-type-simple"},"yoast_head":"<!-- This site is optimized with the Yoast SEO plugin v24.9 - https:\/\/yoast.com\/wordpress\/plugins\/seo\/ -->\r\n<title>Panneau Commande Numerique LED Po\u00eale \u00e0 Granul\u00e9s Carte<\/title>\r\n<meta name=\"description\" content=\"panneau de commande num\u00e9rique LED, carte de circuit imprim\u00e9 et r\u00e9gulateur de temp\u00e9rature. Compatible avec br\u00fbleur \u00e0 granul\u00e9s et four.\" \/>\r\n<meta name=\"robots\" content=\"index, follow, max-snippet:-1, max-image-preview:large, max-video-preview:-1\" \/>\r\n<link rel=\"canonical\" href=\"https:\/\/induzon.com\/fr\/produit\/panneau-de-commande-numerique-led-pour-poele-a-granules-carte-de-circuit-regulateur-de-temperature-bruleur-a-granules\/\" \/>\r\n<meta property=\"og:locale\" content=\"fr_FR\" \/>\r\n<meta property=\"og:type\" content=\"article\" \/>\r\n<meta property=\"og:title\" content=\"Panneau Commande Numerique LED Po\u00eale \u00e0 Granul\u00e9s Carte\" \/>\r\n<meta property=\"og:description\" content=\"panneau de commande num\u00e9rique LED, carte de circuit imprim\u00e9 et r\u00e9gulateur de temp\u00e9rature. Compatible avec br\u00fbleur \u00e0 granul\u00e9s et four.\" \/>\r\n<meta property=\"og:url\" content=\"https:\/\/induzon.com\/fr\/produit\/panneau-de-commande-numerique-led-pour-poele-a-granules-carte-de-circuit-regulateur-de-temperature-bruleur-a-granules\/\" \/>\r\n<meta property=\"og:site_name\" content=\"induzon\" \/>\r\n<meta property=\"article:modified_time\" content=\"2026-04-16T03:27:34+00:00\" \/>\r\n<meta property=\"og:image\" content=\"https:\/\/induzon.com\/wp-content\/uploads\/2026\/04\/\u56fe-1-1.jpg\" \/>\r\n\t<meta property=\"og:image:width\" content=\"1500\" \/>\r\n\t<meta property=\"og:image:height\" content=\"1500\" \/>\r\n\t<meta property=\"og:image:type\" content=\"image\/jpeg\" \/>\r\n<meta name=\"twitter:card\" content=\"summary_large_image\" \/>\r\n<meta name=\"twitter:label1\" content=\"Dur\u00e9e de lecture estim\u00e9e\" \/>\n\t<meta name=\"twitter:data1\" content=\"1 minute\" \/>\r\n<script type=\"application\/ld+json\" class=\"yoast-schema-graph\">{\"@context\":\"https:\/\/schema.org\",\"@graph\":[{\"@type\":\"WebPage\",\"@id\":\"https:\/\/induzon.com\/fr\/produit\/panneau-de-commande-numerique-led-pour-poele-a-granules-carte-de-circuit-regulateur-de-temperature-bruleur-a-granules\/\",\"url\":\"https:\/\/induzon.com\/fr\/produit\/panneau-de-commande-numerique-led-pour-poele-a-granules-carte-de-circuit-regulateur-de-temperature-bruleur-a-granules\/\",\"name\":\"Panneau Commande Numerique LED Po\u00eale \u00e0 Granul\u00e9s Carte\",\"isPartOf\":{\"@id\":\"https:\/\/induzon.com\/fr\/#website\"},\"primaryImageOfPage\":{\"@id\":\"https:\/\/induzon.com\/fr\/produit\/panneau-de-commande-numerique-led-pour-poele-a-granules-carte-de-circuit-regulateur-de-temperature-bruleur-a-granules\/#primaryimage\"},\"image\":{\"@id\":\"https:\/\/induzon.com\/fr\/produit\/panneau-de-commande-numerique-led-pour-poele-a-granules-carte-de-circuit-regulateur-de-temperature-bruleur-a-granules\/#primaryimage\"},\"thumbnailUrl\":\"https:\/\/induzon.com\/wp-content\/uploads\/2026\/04\/\u56fe-1-1.jpg\",\"datePublished\":\"2026-04-14T08:16:52+00:00\",\"dateModified\":\"2026-04-16T03:27:34+00:00\",\"description\":\"panneau de commande num\u00e9rique LED, carte de circuit imprim\u00e9 et r\u00e9gulateur de temp\u00e9rature. Compatible avec br\u00fbleur \u00e0 granul\u00e9s et four.\",\"breadcrumb\":{\"@id\":\"https:\/\/induzon.com\/fr\/produit\/panneau-de-commande-numerique-led-pour-poele-a-granules-carte-de-circuit-regulateur-de-temperature-bruleur-a-granules\/#breadcrumb\"},\"inLanguage\":\"fr-FR\",\"potentialAction\":[{\"@type\":\"ReadAction\",\"target\":[\"https:\/\/induzon.com\/fr\/produit\/panneau-de-commande-numerique-led-pour-poele-a-granules-carte-de-circuit-regulateur-de-temperature-bruleur-a-granules\/\"]}]},{\"@type\":\"ImageObject\",\"inLanguage\":\"fr-FR\",\"@id\":\"https:\/\/induzon.com\/fr\/produit\/panneau-de-commande-numerique-led-pour-poele-a-granules-carte-de-circuit-regulateur-de-temperature-bruleur-a-granules\/#primaryimage\",\"url\":\"https:\/\/induzon.com\/wp-content\/uploads\/2026\/04\/\u56fe-1-1.jpg\",\"contentUrl\":\"https:\/\/induzon.com\/wp-content\/uploads\/2026\/04\/\u56fe-1-1.jpg\",\"width\":1500,\"height\":1500,\"caption\":\"Panneau Commande Numerique LED Po\u00eale \u00e0 Granul\u00e9s Carte\"},{\"@type\":\"BreadcrumbList\",\"@id\":\"https:\/\/induzon.com\/fr\/produit\/panneau-de-commande-numerique-led-pour-poele-a-granules-carte-de-circuit-regulateur-de-temperature-bruleur-a-granules\/#breadcrumb\",\"itemListElement\":[{\"@type\":\"ListItem\",\"position\":1,\"name\":\"\u9996\u9875\",\"item\":\"https:\/\/induzon.com\/fr\/\"},{\"@type\":\"ListItem\",\"position\":2,\"name\":\"Boutique\",\"item\":\"https:\/\/induzon.com\/fr\/boutique\/\"},{\"@type\":\"ListItem\",\"position\":3,\"name\":\"Panneau de commande num\u00e9rique LED pour po\u00eale \u00e0 granul\u00e9s carte de circuit r\u00e9gulateur de temp\u00e9rature br\u00fbleur \u00e0 granul\u00e9s\"}]},{\"@type\":\"WebSite\",\"@id\":\"https:\/\/induzon.com\/fr\/#website\",\"url\":\"https:\/\/induzon.com\/fr\/\",\"name\":\"induzon\",\"description\":\"\",\"publisher\":{\"@id\":\"https:\/\/induzon.com\/fr\/#organization\"},\"potentialAction\":[{\"@type\":\"SearchAction\",\"target\":{\"@type\":\"EntryPoint\",\"urlTemplate\":\"https:\/\/induzon.com\/fr\/?s={search_term_string}\"},\"query-input\":{\"@type\":\"PropertyValueSpecification\",\"valueRequired\":true,\"valueName\":\"search_term_string\"}}],\"inLanguage\":\"fr-FR\"},{\"@type\":\"Organization\",\"@id\":\"https:\/\/induzon.com\/fr\/#organization\",\"name\":\"induzon\",\"url\":\"https:\/\/induzon.com\/fr\/\",\"logo\":{\"@type\":\"ImageObject\",\"inLanguage\":\"fr-FR\",\"@id\":\"https:\/\/induzon.com\/fr\/#\/schema\/logo\/image\/\",\"url\":\"https:\/\/induzon.com\/wp-content\/uploads\/2025\/05\/cropped-026.png\",\"contentUrl\":\"https:\/\/induzon.com\/wp-content\/uploads\/2025\/05\/cropped-026.png\",\"width\":512,\"height\":512,\"caption\":\"induzon\"},\"image\":{\"@id\":\"https:\/\/induzon.com\/fr\/#\/schema\/logo\/image\/\"}}]}<\/script>\r\n<!-- \/ Yoast SEO plugin. -->","yoast_head_json":{"title":"Panneau Commande Numerique LED Po\u00eale \u00e0 Granul\u00e9s Carte","description":"panneau de commande num\u00e9rique LED, carte de circuit imprim\u00e9 et r\u00e9gulateur de temp\u00e9rature. Compatible avec br\u00fbleur \u00e0 granul\u00e9s et four.","robots":{"index":"index","follow":"follow","max-snippet":"max-snippet:-1","max-image-preview":"max-image-preview:large","max-video-preview":"max-video-preview:-1"},"canonical":"https:\/\/induzon.com\/fr\/produit\/panneau-de-commande-numerique-led-pour-poele-a-granules-carte-de-circuit-regulateur-de-temperature-bruleur-a-granules\/","og_locale":"fr_FR","og_type":"article","og_title":"Panneau Commande Numerique LED Po\u00eale \u00e0 Granul\u00e9s Carte","og_description":"panneau de commande num\u00e9rique LED, carte de circuit imprim\u00e9 et r\u00e9gulateur de temp\u00e9rature. Compatible avec br\u00fbleur \u00e0 granul\u00e9s et four.","og_url":"https:\/\/induzon.com\/fr\/produit\/panneau-de-commande-numerique-led-pour-poele-a-granules-carte-de-circuit-regulateur-de-temperature-bruleur-a-granules\/","og_site_name":"induzon","article_modified_time":"2026-04-16T03:27:34+00:00","og_image":[{"width":1500,"height":1500,"url":"https:\/\/induzon.com\/wp-content\/uploads\/2026\/04\/\u56fe-1-1.jpg","type":"image\/jpeg"}],"twitter_card":"summary_large_image","twitter_misc":{"Dur\u00e9e de lecture estim\u00e9e":"1 minute"},"schema":{"@context":"https:\/\/schema.org","@graph":[{"@type":"WebPage","@id":"https:\/\/induzon.com\/fr\/produit\/panneau-de-commande-numerique-led-pour-poele-a-granules-carte-de-circuit-regulateur-de-temperature-bruleur-a-granules\/","url":"https:\/\/induzon.com\/fr\/produit\/panneau-de-commande-numerique-led-pour-poele-a-granules-carte-de-circuit-regulateur-de-temperature-bruleur-a-granules\/","name":"Panneau Commande Numerique LED Po\u00eale \u00e0 Granul\u00e9s Carte","isPartOf":{"@id":"https:\/\/induzon.com\/fr\/#website"},"primaryImageOfPage":{"@id":"https:\/\/induzon.com\/fr\/produit\/panneau-de-commande-numerique-led-pour-poele-a-granules-carte-de-circuit-regulateur-de-temperature-bruleur-a-granules\/#primaryimage"},"image":{"@id":"https:\/\/induzon.com\/fr\/produit\/panneau-de-commande-numerique-led-pour-poele-a-granules-carte-de-circuit-regulateur-de-temperature-bruleur-a-granules\/#primaryimage"},"thumbnailUrl":"https:\/\/induzon.com\/wp-content\/uploads\/2026\/04\/\u56fe-1-1.jpg","datePublished":"2026-04-14T08:16:52+00:00","dateModified":"2026-04-16T03:27:34+00:00","description":"panneau de commande num\u00e9rique LED, carte de circuit imprim\u00e9 et r\u00e9gulateur de temp\u00e9rature. Compatible avec br\u00fbleur \u00e0 granul\u00e9s et four.","breadcrumb":{"@id":"https:\/\/induzon.com\/fr\/produit\/panneau-de-commande-numerique-led-pour-poele-a-granules-carte-de-circuit-regulateur-de-temperature-bruleur-a-granules\/#breadcrumb"},"inLanguage":"fr-FR","potentialAction":[{"@type":"ReadAction","target":["https:\/\/induzon.com\/fr\/produit\/panneau-de-commande-numerique-led-pour-poele-a-granules-carte-de-circuit-regulateur-de-temperature-bruleur-a-granules\/"]}]},{"@type":"ImageObject","inLanguage":"fr-FR","@id":"https:\/\/induzon.com\/fr\/produit\/panneau-de-commande-numerique-led-pour-poele-a-granules-carte-de-circuit-regulateur-de-temperature-bruleur-a-granules\/#primaryimage","url":"https:\/\/induzon.com\/wp-content\/uploads\/2026\/04\/\u56fe-1-1.jpg","contentUrl":"https:\/\/induzon.com\/wp-content\/uploads\/2026\/04\/\u56fe-1-1.jpg","width":1500,"height":1500,"caption":"Panneau Commande Numerique LED Po\u00eale \u00e0 Granul\u00e9s Carte"},{"@type":"BreadcrumbList","@id":"https:\/\/induzon.com\/fr\/produit\/panneau-de-commande-numerique-led-pour-poele-a-granules-carte-de-circuit-regulateur-de-temperature-bruleur-a-granules\/#breadcrumb","itemListElement":[{"@type":"ListItem","position":1,"name":"\u9996\u9875","item":"https:\/\/induzon.com\/fr\/"},{"@type":"ListItem","position":2,"name":"Boutique","item":"https:\/\/induzon.com\/fr\/boutique\/"},{"@type":"ListItem","position":3,"name":"Panneau de commande num\u00e9rique LED pour po\u00eale \u00e0 granul\u00e9s carte de circuit r\u00e9gulateur de temp\u00e9rature br\u00fbleur \u00e0 granul\u00e9s"}]},{"@type":"WebSite","@id":"https:\/\/induzon.com\/fr\/#website","url":"https:\/\/induzon.com\/fr\/","name":"induzon","description":"","publisher":{"@id":"https:\/\/induzon.com\/fr\/#organization"},"potentialAction":[{"@type":"SearchAction","target":{"@type":"EntryPoint","urlTemplate":"https:\/\/induzon.com\/fr\/?s={search_term_string}"},"query-input":{"@type":"PropertyValueSpecification","valueRequired":true,"valueName":"search_term_string"}}],"inLanguage":"fr-FR"},{"@type":"Organization","@id":"https:\/\/induzon.com\/fr\/#organization","name":"induzon","url":"https:\/\/induzon.com\/fr\/","logo":{"@type":"ImageObject","inLanguage":"fr-FR","@id":"https:\/\/induzon.com\/fr\/#\/schema\/logo\/image\/","url":"https:\/\/induzon.com\/wp-content\/uploads\/2025\/05\/cropped-026.png","contentUrl":"https:\/\/induzon.com\/wp-content\/uploads\/2025\/05\/cropped-026.png","width":512,"height":512,"caption":"induzon"},"image":{"@id":"https:\/\/induzon.com\/fr\/#\/schema\/logo\/image\/"}}]}},"_links":{"self":[{"href":"https:\/\/induzon.com\/fr\/wp-json\/wp\/v2\/product\/37147","targetHints":{"allow":["GET"]}}],"collection":[{"href":"https:\/\/induzon.com\/fr\/wp-json\/wp\/v2\/product"}],"about":[{"href":"https:\/\/induzon.com\/fr\/wp-json\/wp\/v2\/types\/product"}],"replies":[{"embeddable":true,"href":"https:\/\/induzon.com\/fr\/wp-json\/wp\/v2\/comments?post=37147"}],"version-history":[{"count":1,"href":"https:\/\/induzon.com\/fr\/wp-json\/wp\/v2\/product\/37147\/revisions"}],"predecessor-version":[{"id":37169,"href":"https:\/\/induzon.com\/fr\/wp-json\/wp\/v2\/product\/37147\/revisions\/37169"}],"wp:featuredmedia":[{"embeddable":true,"href":"https:\/\/induzon.com\/fr\/wp-json\/wp\/v2\/media\/37059"}],"wp:attachment":[{"href":"https:\/\/induzon.com\/fr\/wp-json\/wp\/v2\/media?parent=37147"}],"wp:term":[{"taxonomy":"product_brand","embeddable":true,"href":"https:\/\/induzon.com\/fr\/wp-json\/wp\/v2\/product_brand?post=37147"},{"taxonomy":"product_cat","embeddable":true,"href":"https:\/\/induzon.com\/fr\/wp-json\/wp\/v2\/product_cat?post=37147"},{"taxonomy":"product_tag","embeddable":true,"href":"https:\/\/induzon.com\/fr\/wp-json\/wp\/v2\/product_tag?post=37147"}],"curies":[{"name":"wp","href":"https:\/\/api.w.org\/{rel}","templated":true}]}}