{"id":37518,"date":"2026-04-22T17:21:15","date_gmt":"2026-04-22T09:21:15","guid":{"rendered":"https:\/\/induzon.com\/shop\/chauffage-infrarouge-tube-de-quartz-lampe-halogene-pour-sechage-de-peinture\/"},"modified":"2026-04-22T17:21:15","modified_gmt":"2026-04-22T09:21:15","slug":"chauffage-infrarouge-tube-de-quartz-lampe-halogene-pour-sechage-de-peinture","status":"publish","type":"product","link":"https:\/\/induzon.com\/fr\/produit\/chauffage-infrarouge-tube-de-quartz-lampe-halogene-pour-sechage-de-peinture\/","title":{"rendered":"Chauffage infrarouge tube de quartz lampe halog\u00e8ne pour s\u00e9chage de peinture"},"content":{"rendered":"","protected":false},"excerpt":{"rendered":"","protected":false},"featured_media":37435,"comment_status":"open","ping_status":"closed","template":"","meta":{"site-sidebar-layout":"default","site-content-layout":"","ast-site-content-layout":"default","site-content-style":"default","site-sidebar-style":"default","ast-global-header-display":"","ast-banner-title-visibility":"","ast-main-header-display":"","ast-hfb-above-header-display":"","ast-hfb-below-header-display":"","ast-hfb-mobile-header-display":"","site-post-title":"","ast-breadcrumbs-content":"","ast-featured-img":"","footer-sml-layout":"","theme-transparent-header-meta":"default","adv-header-id-meta":"","stick-header-meta":"","header-above-stick-meta":"","header-main-stick-meta":"","header-below-stick-meta":"","astra-migrate-meta-layouts":"default","ast-page-background-enabled":"default","ast-page-background-meta":{"desktop":{"background-color":"var(--ast-global-color-4)","background-image":"","background-repeat":"repeat","background-position":"center center","background-size":"auto","background-attachment":"scroll","background-type":"","background-media":"","overlay-type":"","overlay-color":"","overlay-opacity":"","overlay-gradient":""},"tablet":{"background-color":"","background-image":"","background-repeat":"repeat","background-position":"center center","background-size":"auto","background-attachment":"scroll","background-type":"","background-media":"","overlay-type":"","overlay-color":"","overlay-opacity":"","overlay-gradient":""},"mobile":{"background-color":"","background-image":"","background-repeat":"repeat","background-position":"center center","background-size":"auto","background-attachment":"scroll","background-type":"","background-media":"","overlay-type":"","overlay-color":"","overlay-opacity":"","overlay-gradient":""}},"ast-content-background-meta":{"desktop":{"background-color":"var(--ast-global-color-5)","background-image":"","background-repeat":"repeat","background-position":"center center","background-size":"auto","background-attachment":"scroll","background-type":"","background-media":"","overlay-type":"","overlay-color":"","overlay-opacity":"","overlay-gradient":""},"tablet":{"background-color":"var(--ast-global-color-5)","background-image":"","background-repeat":"repeat","background-position":"center center","background-size":"auto","background-attachment":"scroll","background-type":"","background-media":"","overlay-type":"","overlay-color":"","overlay-opacity":"","overlay-gradient":""},"mobile":{"background-color":"var(--ast-global-color-5)","background-image":"","background-repeat":"repeat","background-position":"center center","background-size":"auto","background-attachment":"scroll","background-type":"","background-media":"","overlay-type":"","overlay-color":"","overlay-opacity":"","overlay-gradient":""}}},"product_brand":[],"product_cat":[1652,2395],"product_tag":[2396],"class_list":{"0":"post-37518","1":"product","2":"type-product","3":"status-publish","4":"has-post-thumbnail","6":"product_cat-equipement-de-chauffage-industriel","7":"product_cat-lampes-de-sechage-infrarouges","8":"product_tag-lampes-de-sechage-infrarouges","9":"desktop-align-left","10":"tablet-align-left","11":"mobile-align-left","13":"first","14":"instock","15":"sale","16":"shipping-taxable","17":"purchasable","18":"product-type-variable"},"yoast_head":"<!-- This site is optimized with the Yoast SEO plugin v24.9 - https:\/\/yoast.com\/wordpress\/plugins\/seo\/ -->\r\n<title>Chauffage Infrarouge Tube Quartz Lampe Halogene Sechage Peinture<\/title>\r\n<meta name=\"description\" content=\"Chauffage infrarouge haute performance avec tube de quartz et lampe halog\u00e8ne Id\u00e9al pour un s\u00e9chage rapide et uniforme de la peinture en atelier Efficacit\u00e9 \u00e9nerg\u00e9tique et durabilit\u00e9 garanties\" \/>\r\n<meta name=\"robots\" content=\"index, follow, max-snippet:-1, max-image-preview:large, max-video-preview:-1\" \/>\r\n<link rel=\"canonical\" href=\"https:\/\/induzon.com\/fr\/produit\/chauffage-infrarouge-tube-de-quartz-lampe-halogene-pour-sechage-de-peinture\/\" \/>\r\n<meta property=\"og:locale\" content=\"fr_FR\" \/>\r\n<meta property=\"og:type\" content=\"article\" \/>\r\n<meta property=\"og:title\" content=\"Chauffage Infrarouge Tube Quartz Lampe Halogene Sechage Peinture\" \/>\r\n<meta property=\"og:description\" content=\"Chauffage infrarouge haute performance avec tube de quartz et lampe halog\u00e8ne Id\u00e9al pour un s\u00e9chage rapide et uniforme de la peinture en atelier Efficacit\u00e9 \u00e9nerg\u00e9tique et durabilit\u00e9 garanties\" \/>\r\n<meta property=\"og:url\" content=\"https:\/\/induzon.com\/fr\/produit\/chauffage-infrarouge-tube-de-quartz-lampe-halogene-pour-sechage-de-peinture\/\" \/>\r\n<meta property=\"og:site_name\" content=\"induzon\" \/>\r\n<meta property=\"og:image\" content=\"https:\/\/induzon.com\/wp-content\/uploads\/2026\/04\/1-1.png\" \/>\r\n\t<meta property=\"og:image:width\" content=\"914\" \/>\r\n\t<meta property=\"og:image:height\" content=\"913\" \/>\r\n\t<meta property=\"og:image:type\" content=\"image\/png\" \/>\r\n<meta name=\"twitter:card\" content=\"summary_large_image\" \/>\r\n<script type=\"application\/ld+json\" class=\"yoast-schema-graph\">{\"@context\":\"https:\/\/schema.org\",\"@graph\":[{\"@type\":\"WebPage\",\"@id\":\"https:\/\/induzon.com\/fr\/produit\/chauffage-infrarouge-tube-de-quartz-lampe-halogene-pour-sechage-de-peinture\/\",\"url\":\"https:\/\/induzon.com\/fr\/produit\/chauffage-infrarouge-tube-de-quartz-lampe-halogene-pour-sechage-de-peinture\/\",\"name\":\"Chauffage Infrarouge Tube Quartz Lampe Halogene Sechage Peinture\",\"isPartOf\":{\"@id\":\"https:\/\/induzon.com\/fr\/#website\"},\"primaryImageOfPage\":{\"@id\":\"https:\/\/induzon.com\/fr\/produit\/chauffage-infrarouge-tube-de-quartz-lampe-halogene-pour-sechage-de-peinture\/#primaryimage\"},\"image\":{\"@id\":\"https:\/\/induzon.com\/fr\/produit\/chauffage-infrarouge-tube-de-quartz-lampe-halogene-pour-sechage-de-peinture\/#primaryimage\"},\"thumbnailUrl\":\"https:\/\/induzon.com\/wp-content\/uploads\/2026\/04\/1-1.png\",\"datePublished\":\"2026-04-22T09:21:15+00:00\",\"description\":\"Chauffage infrarouge haute performance avec tube de quartz et lampe halog\u00e8ne Id\u00e9al pour un s\u00e9chage rapide et uniforme de la peinture en atelier Efficacit\u00e9 \u00e9nerg\u00e9tique et durabilit\u00e9 garanties\",\"breadcrumb\":{\"@id\":\"https:\/\/induzon.com\/fr\/produit\/chauffage-infrarouge-tube-de-quartz-lampe-halogene-pour-sechage-de-peinture\/#breadcrumb\"},\"inLanguage\":\"fr-FR\",\"potentialAction\":[{\"@type\":\"ReadAction\",\"target\":[\"https:\/\/induzon.com\/fr\/produit\/chauffage-infrarouge-tube-de-quartz-lampe-halogene-pour-sechage-de-peinture\/\"]}]},{\"@type\":\"ImageObject\",\"inLanguage\":\"fr-FR\",\"@id\":\"https:\/\/induzon.com\/fr\/produit\/chauffage-infrarouge-tube-de-quartz-lampe-halogene-pour-sechage-de-peinture\/#primaryimage\",\"url\":\"https:\/\/induzon.com\/wp-content\/uploads\/2026\/04\/1-1.png\",\"contentUrl\":\"https:\/\/induzon.com\/wp-content\/uploads\/2026\/04\/1-1.png\",\"width\":914,\"height\":913,\"caption\":\"temperature paint room heater Quartz heater tube Quartz tube infrared heater halogen heater infrared paint curing lamp\"},{\"@type\":\"BreadcrumbList\",\"@id\":\"https:\/\/induzon.com\/fr\/produit\/chauffage-infrarouge-tube-de-quartz-lampe-halogene-pour-sechage-de-peinture\/#breadcrumb\",\"itemListElement\":[{\"@type\":\"ListItem\",\"position\":1,\"name\":\"\u9996\u9875\",\"item\":\"https:\/\/induzon.com\/fr\/\"},{\"@type\":\"ListItem\",\"position\":2,\"name\":\"Boutique\",\"item\":\"https:\/\/induzon.com\/fr\/boutique\/\"},{\"@type\":\"ListItem\",\"position\":3,\"name\":\"Chauffage infrarouge tube de quartz lampe halog\u00e8ne pour s\u00e9chage de peinture\"}]},{\"@type\":\"WebSite\",\"@id\":\"https:\/\/induzon.com\/fr\/#website\",\"url\":\"https:\/\/induzon.com\/fr\/\",\"name\":\"induzon\",\"description\":\"\",\"publisher\":{\"@id\":\"https:\/\/induzon.com\/fr\/#organization\"},\"potentialAction\":[{\"@type\":\"SearchAction\",\"target\":{\"@type\":\"EntryPoint\",\"urlTemplate\":\"https:\/\/induzon.com\/fr\/?s={search_term_string}\"},\"query-input\":{\"@type\":\"PropertyValueSpecification\",\"valueRequired\":true,\"valueName\":\"search_term_string\"}}],\"inLanguage\":\"fr-FR\"},{\"@type\":\"Organization\",\"@id\":\"https:\/\/induzon.com\/fr\/#organization\",\"name\":\"induzon\",\"url\":\"https:\/\/induzon.com\/fr\/\",\"logo\":{\"@type\":\"ImageObject\",\"inLanguage\":\"fr-FR\",\"@id\":\"https:\/\/induzon.com\/fr\/#\/schema\/logo\/image\/\",\"url\":\"https:\/\/induzon.com\/wp-content\/uploads\/2025\/05\/cropped-026.png\",\"contentUrl\":\"https:\/\/induzon.com\/wp-content\/uploads\/2025\/05\/cropped-026.png\",\"width\":512,\"height\":512,\"caption\":\"induzon\"},\"image\":{\"@id\":\"https:\/\/induzon.com\/fr\/#\/schema\/logo\/image\/\"}}]}<\/script>\r\n<!-- \/ Yoast SEO plugin. -->","yoast_head_json":{"title":"Chauffage Infrarouge Tube Quartz Lampe Halogene Sechage Peinture","description":"Chauffage infrarouge haute performance avec tube de quartz et lampe halog\u00e8ne Id\u00e9al pour un s\u00e9chage rapide et uniforme de la peinture en atelier Efficacit\u00e9 \u00e9nerg\u00e9tique et durabilit\u00e9 garanties","robots":{"index":"index","follow":"follow","max-snippet":"max-snippet:-1","max-image-preview":"max-image-preview:large","max-video-preview":"max-video-preview:-1"},"canonical":"https:\/\/induzon.com\/fr\/produit\/chauffage-infrarouge-tube-de-quartz-lampe-halogene-pour-sechage-de-peinture\/","og_locale":"fr_FR","og_type":"article","og_title":"Chauffage Infrarouge Tube Quartz Lampe Halogene Sechage Peinture","og_description":"Chauffage infrarouge haute performance avec tube de quartz et lampe halog\u00e8ne Id\u00e9al pour un s\u00e9chage rapide et uniforme de la peinture en atelier Efficacit\u00e9 \u00e9nerg\u00e9tique et durabilit\u00e9 garanties","og_url":"https:\/\/induzon.com\/fr\/produit\/chauffage-infrarouge-tube-de-quartz-lampe-halogene-pour-sechage-de-peinture\/","og_site_name":"induzon","og_image":[{"width":914,"height":913,"url":"https:\/\/induzon.com\/wp-content\/uploads\/2026\/04\/1-1.png","type":"image\/png"}],"twitter_card":"summary_large_image","schema":{"@context":"https:\/\/schema.org","@graph":[{"@type":"WebPage","@id":"https:\/\/induzon.com\/fr\/produit\/chauffage-infrarouge-tube-de-quartz-lampe-halogene-pour-sechage-de-peinture\/","url":"https:\/\/induzon.com\/fr\/produit\/chauffage-infrarouge-tube-de-quartz-lampe-halogene-pour-sechage-de-peinture\/","name":"Chauffage Infrarouge Tube Quartz Lampe Halogene Sechage Peinture","isPartOf":{"@id":"https:\/\/induzon.com\/fr\/#website"},"primaryImageOfPage":{"@id":"https:\/\/induzon.com\/fr\/produit\/chauffage-infrarouge-tube-de-quartz-lampe-halogene-pour-sechage-de-peinture\/#primaryimage"},"image":{"@id":"https:\/\/induzon.com\/fr\/produit\/chauffage-infrarouge-tube-de-quartz-lampe-halogene-pour-sechage-de-peinture\/#primaryimage"},"thumbnailUrl":"https:\/\/induzon.com\/wp-content\/uploads\/2026\/04\/1-1.png","datePublished":"2026-04-22T09:21:15+00:00","description":"Chauffage infrarouge haute performance avec tube de quartz et lampe halog\u00e8ne Id\u00e9al pour un s\u00e9chage rapide et uniforme de la peinture en atelier Efficacit\u00e9 \u00e9nerg\u00e9tique et durabilit\u00e9 garanties","breadcrumb":{"@id":"https:\/\/induzon.com\/fr\/produit\/chauffage-infrarouge-tube-de-quartz-lampe-halogene-pour-sechage-de-peinture\/#breadcrumb"},"inLanguage":"fr-FR","potentialAction":[{"@type":"ReadAction","target":["https:\/\/induzon.com\/fr\/produit\/chauffage-infrarouge-tube-de-quartz-lampe-halogene-pour-sechage-de-peinture\/"]}]},{"@type":"ImageObject","inLanguage":"fr-FR","@id":"https:\/\/induzon.com\/fr\/produit\/chauffage-infrarouge-tube-de-quartz-lampe-halogene-pour-sechage-de-peinture\/#primaryimage","url":"https:\/\/induzon.com\/wp-content\/uploads\/2026\/04\/1-1.png","contentUrl":"https:\/\/induzon.com\/wp-content\/uploads\/2026\/04\/1-1.png","width":914,"height":913,"caption":"temperature paint room heater Quartz heater tube Quartz tube infrared heater halogen heater infrared paint curing lamp"},{"@type":"BreadcrumbList","@id":"https:\/\/induzon.com\/fr\/produit\/chauffage-infrarouge-tube-de-quartz-lampe-halogene-pour-sechage-de-peinture\/#breadcrumb","itemListElement":[{"@type":"ListItem","position":1,"name":"\u9996\u9875","item":"https:\/\/induzon.com\/fr\/"},{"@type":"ListItem","position":2,"name":"Boutique","item":"https:\/\/induzon.com\/fr\/boutique\/"},{"@type":"ListItem","position":3,"name":"Chauffage infrarouge tube de quartz lampe halog\u00e8ne pour s\u00e9chage de peinture"}]},{"@type":"WebSite","@id":"https:\/\/induzon.com\/fr\/#website","url":"https:\/\/induzon.com\/fr\/","name":"induzon","description":"","publisher":{"@id":"https:\/\/induzon.com\/fr\/#organization"},"potentialAction":[{"@type":"SearchAction","target":{"@type":"EntryPoint","urlTemplate":"https:\/\/induzon.com\/fr\/?s={search_term_string}"},"query-input":{"@type":"PropertyValueSpecification","valueRequired":true,"valueName":"search_term_string"}}],"inLanguage":"fr-FR"},{"@type":"Organization","@id":"https:\/\/induzon.com\/fr\/#organization","name":"induzon","url":"https:\/\/induzon.com\/fr\/","logo":{"@type":"ImageObject","inLanguage":"fr-FR","@id":"https:\/\/induzon.com\/fr\/#\/schema\/logo\/image\/","url":"https:\/\/induzon.com\/wp-content\/uploads\/2025\/05\/cropped-026.png","contentUrl":"https:\/\/induzon.com\/wp-content\/uploads\/2025\/05\/cropped-026.png","width":512,"height":512,"caption":"induzon"},"image":{"@id":"https:\/\/induzon.com\/fr\/#\/schema\/logo\/image\/"}}]}},"_links":{"self":[{"href":"https:\/\/induzon.com\/fr\/wp-json\/wp\/v2\/product\/37518","targetHints":{"allow":["GET"]}}],"collection":[{"href":"https:\/\/induzon.com\/fr\/wp-json\/wp\/v2\/product"}],"about":[{"href":"https:\/\/induzon.com\/fr\/wp-json\/wp\/v2\/types\/product"}],"replies":[{"embeddable":true,"href":"https:\/\/induzon.com\/fr\/wp-json\/wp\/v2\/comments?post=37518"}],"version-history":[{"count":0,"href":"https:\/\/induzon.com\/fr\/wp-json\/wp\/v2\/product\/37518\/revisions"}],"wp:featuredmedia":[{"embeddable":true,"href":"https:\/\/induzon.com\/fr\/wp-json\/wp\/v2\/media\/37435"}],"wp:attachment":[{"href":"https:\/\/induzon.com\/fr\/wp-json\/wp\/v2\/media?parent=37518"}],"wp:term":[{"taxonomy":"product_brand","embeddable":true,"href":"https:\/\/induzon.com\/fr\/wp-json\/wp\/v2\/product_brand?post=37518"},{"taxonomy":"product_cat","embeddable":true,"href":"https:\/\/induzon.com\/fr\/wp-json\/wp\/v2\/product_cat?post=37518"},{"taxonomy":"product_tag","embeddable":true,"href":"https:\/\/induzon.com\/fr\/wp-json\/wp\/v2\/product_tag?post=37518"}],"curies":[{"name":"wp","href":"https:\/\/api.w.org\/{rel}","templated":true}]}}