{"id":37892,"date":"2026-04-23T15:47:57","date_gmt":"2026-04-23T07:47:57","guid":{"rendered":"https:\/\/induzon.com\/shop\/chapeau-de-bruleur-pour-gaziniere-balay-fagor-teka-performance-de-cuisson-elevee-balay-fagor-teka\/"},"modified":"2026-04-23T15:47:57","modified_gmt":"2026-04-23T07:47:57","slug":"chapeau-de-bruleur-pour-gaziniere-balay-fagor-teka-performance-de-cuisson-elevee-balay-fagor-teka","status":"publish","type":"product","link":"https:\/\/induzon.com\/fr\/produit\/chapeau-de-bruleur-pour-gaziniere-balay-fagor-teka-performance-de-cuisson-elevee-balay-fagor-teka\/","title":{"rendered":"Chapeau de br\u00fbleur pour gazini\u00e8re BALAY FAGOR TEKA Performance de cuisson \u00e9lev\u00e9e BALAY FAGOR TEKA"},"content":{"rendered":"","protected":false},"excerpt":{"rendered":"","protected":false},"featured_media":37832,"comment_status":"open","ping_status":"closed","template":"","meta":{"site-sidebar-layout":"default","site-content-layout":"","ast-site-content-layout":"default","site-content-style":"default","site-sidebar-style":"default","ast-global-header-display":"","ast-banner-title-visibility":"","ast-main-header-display":"","ast-hfb-above-header-display":"","ast-hfb-below-header-display":"","ast-hfb-mobile-header-display":"","site-post-title":"","ast-breadcrumbs-content":"","ast-featured-img":"","footer-sml-layout":"","theme-transparent-header-meta":"default","adv-header-id-meta":"","stick-header-meta":"","header-above-stick-meta":"","header-main-stick-meta":"","header-below-stick-meta":"","astra-migrate-meta-layouts":"default","ast-page-background-enabled":"default","ast-page-background-meta":{"desktop":{"background-color":"var(--ast-global-color-4)","background-image":"","background-repeat":"repeat","background-position":"center center","background-size":"auto","background-attachment":"scroll","background-type":"","background-media":"","overlay-type":"","overlay-color":"","overlay-opacity":"","overlay-gradient":""},"tablet":{"background-color":"","background-image":"","background-repeat":"repeat","background-position":"center center","background-size":"auto","background-attachment":"scroll","background-type":"","background-media":"","overlay-type":"","overlay-color":"","overlay-opacity":"","overlay-gradient":""},"mobile":{"background-color":"","background-image":"","background-repeat":"repeat","background-position":"center center","background-size":"auto","background-attachment":"scroll","background-type":"","background-media":"","overlay-type":"","overlay-color":"","overlay-opacity":"","overlay-gradient":""}},"ast-content-background-meta":{"desktop":{"background-color":"var(--ast-global-color-5)","background-image":"","background-repeat":"repeat","background-position":"center center","background-size":"auto","background-attachment":"scroll","background-type":"","background-media":"","overlay-type":"","overlay-color":"","overlay-opacity":"","overlay-gradient":""},"tablet":{"background-color":"var(--ast-global-color-5)","background-image":"","background-repeat":"repeat","background-position":"center center","background-size":"auto","background-attachment":"scroll","background-type":"","background-media":"","overlay-type":"","overlay-color":"","overlay-opacity":"","overlay-gradient":""},"mobile":{"background-color":"var(--ast-global-color-5)","background-image":"","background-repeat":"repeat","background-position":"center center","background-size":"auto","background-attachment":"scroll","background-type":"","background-media":"","overlay-type":"","overlay-color":"","overlay-opacity":"","overlay-gradient":""}}},"product_brand":[],"product_cat":[2310],"product_tag":[2311],"class_list":{"0":"post-37892","1":"product","2":"type-product","3":"status-publish","4":"has-post-thumbnail","6":"product_cat-pieces-pour-tables-de-cuisson","7":"product_tag-pieces-pour-tables-de-cuisson","8":"desktop-align-left","9":"tablet-align-left","10":"mobile-align-left","12":"first","13":"instock","14":"sale","15":"shipping-taxable","16":"purchasable","17":"product-type-variable"},"yoast_head":"<!-- This site is optimized with the Yoast SEO plugin v24.9 - https:\/\/yoast.com\/wordpress\/plugins\/seo\/ -->\r\n<title>Chapeau bruleur BALAY FAGOR TEKA Haute performance<\/title>\r\n<meta name=\"description\" content=\"Lot de 1 chapeau de bruleur pour gaziniere BALAY FAGOR TEKA Performance de cuisson elevee pour bruleurs grils et plaques Durabilite et efficacite\" \/>\r\n<meta name=\"robots\" content=\"index, follow, max-snippet:-1, max-image-preview:large, max-video-preview:-1\" \/>\r\n<link rel=\"canonical\" href=\"https:\/\/induzon.com\/fr\/produit\/chapeau-de-bruleur-pour-gaziniere-balay-fagor-teka-performance-de-cuisson-elevee-balay-fagor-teka\/\" \/>\r\n<meta property=\"og:locale\" content=\"fr_FR\" \/>\r\n<meta property=\"og:type\" content=\"article\" \/>\r\n<meta property=\"og:title\" content=\"Chapeau bruleur BALAY FAGOR TEKA Haute performance\" \/>\r\n<meta property=\"og:description\" content=\"Lot de 1 chapeau de bruleur pour gaziniere BALAY FAGOR TEKA Performance de cuisson elevee pour bruleurs grils et plaques Durabilite et efficacite\" \/>\r\n<meta property=\"og:url\" content=\"https:\/\/induzon.com\/fr\/produit\/chapeau-de-bruleur-pour-gaziniere-balay-fagor-teka-performance-de-cuisson-elevee-balay-fagor-teka\/\" \/>\r\n<meta property=\"og:site_name\" content=\"induzon\" \/>\r\n<meta property=\"og:image\" content=\"https:\/\/induzon.com\/wp-content\/uploads\/2026\/04\/4-2.png\" \/>\r\n\t<meta property=\"og:image:width\" content=\"797\" \/>\r\n\t<meta property=\"og:image:height\" content=\"795\" \/>\r\n\t<meta property=\"og:image:type\" content=\"image\/png\" \/>\r\n<meta name=\"twitter:card\" content=\"summary_large_image\" \/>\r\n<script type=\"application\/ld+json\" class=\"yoast-schema-graph\">{\"@context\":\"https:\/\/schema.org\",\"@graph\":[{\"@type\":\"WebPage\",\"@id\":\"https:\/\/induzon.com\/fr\/produit\/chapeau-de-bruleur-pour-gaziniere-balay-fagor-teka-performance-de-cuisson-elevee-balay-fagor-teka\/\",\"url\":\"https:\/\/induzon.com\/fr\/produit\/chapeau-de-bruleur-pour-gaziniere-balay-fagor-teka-performance-de-cuisson-elevee-balay-fagor-teka\/\",\"name\":\"Chapeau bruleur BALAY FAGOR TEKA Haute performance\",\"isPartOf\":{\"@id\":\"https:\/\/induzon.com\/fr\/#website\"},\"primaryImageOfPage\":{\"@id\":\"https:\/\/induzon.com\/fr\/produit\/chapeau-de-bruleur-pour-gaziniere-balay-fagor-teka-performance-de-cuisson-elevee-balay-fagor-teka\/#primaryimage\"},\"image\":{\"@id\":\"https:\/\/induzon.com\/fr\/produit\/chapeau-de-bruleur-pour-gaziniere-balay-fagor-teka-performance-de-cuisson-elevee-balay-fagor-teka\/#primaryimage\"},\"thumbnailUrl\":\"https:\/\/induzon.com\/wp-content\/uploads\/2026\/04\/1-3.png\",\"datePublished\":\"2026-04-23T07:47:57+00:00\",\"description\":\"Lot de 1 chapeau de bruleur pour gaziniere BALAY FAGOR TEKA Performance de cuisson elevee pour bruleurs grils et plaques Durabilite et efficacite\",\"breadcrumb\":{\"@id\":\"https:\/\/induzon.com\/fr\/produit\/chapeau-de-bruleur-pour-gaziniere-balay-fagor-teka-performance-de-cuisson-elevee-balay-fagor-teka\/#breadcrumb\"},\"inLanguage\":\"fr-FR\",\"potentialAction\":[{\"@type\":\"ReadAction\",\"target\":[\"https:\/\/induzon.com\/fr\/produit\/chapeau-de-bruleur-pour-gaziniere-balay-fagor-teka-performance-de-cuisson-elevee-balay-fagor-teka\/\"]}]},{\"@type\":\"ImageObject\",\"inLanguage\":\"fr-FR\",\"@id\":\"https:\/\/induzon.com\/fr\/produit\/chapeau-de-bruleur-pour-gaziniere-balay-fagor-teka-performance-de-cuisson-elevee-balay-fagor-teka\/#primaryimage\",\"url\":\"https:\/\/induzon.com\/wp-content\/uploads\/2026\/04\/1-3.png\",\"contentUrl\":\"https:\/\/induzon.com\/wp-content\/uploads\/2026\/04\/1-3.png\",\"width\":795,\"height\":796,\"caption\":\"Chapeau de br\u00fbleur pour gazini\u00e8re BALAY FAGOR TEKA Performance de cuisson \u00e9lev\u00e9e BALAY FAGOR TEKA\"},{\"@type\":\"BreadcrumbList\",\"@id\":\"https:\/\/induzon.com\/fr\/produit\/chapeau-de-bruleur-pour-gaziniere-balay-fagor-teka-performance-de-cuisson-elevee-balay-fagor-teka\/#breadcrumb\",\"itemListElement\":[{\"@type\":\"ListItem\",\"position\":1,\"name\":\"\u9996\u9875\",\"item\":\"https:\/\/induzon.com\/fr\/\"},{\"@type\":\"ListItem\",\"position\":2,\"name\":\"Boutique\",\"item\":\"https:\/\/induzon.com\/fr\/boutique\/\"},{\"@type\":\"ListItem\",\"position\":3,\"name\":\"Chapeau de br\u00fbleur pour gazini\u00e8re BALAY FAGOR TEKA Performance de cuisson \u00e9lev\u00e9e BALAY FAGOR TEKA\"}]},{\"@type\":\"WebSite\",\"@id\":\"https:\/\/induzon.com\/fr\/#website\",\"url\":\"https:\/\/induzon.com\/fr\/\",\"name\":\"induzon\",\"description\":\"\",\"publisher\":{\"@id\":\"https:\/\/induzon.com\/fr\/#organization\"},\"potentialAction\":[{\"@type\":\"SearchAction\",\"target\":{\"@type\":\"EntryPoint\",\"urlTemplate\":\"https:\/\/induzon.com\/fr\/?s={search_term_string}\"},\"query-input\":{\"@type\":\"PropertyValueSpecification\",\"valueRequired\":true,\"valueName\":\"search_term_string\"}}],\"inLanguage\":\"fr-FR\"},{\"@type\":\"Organization\",\"@id\":\"https:\/\/induzon.com\/fr\/#organization\",\"name\":\"induzon\",\"url\":\"https:\/\/induzon.com\/fr\/\",\"logo\":{\"@type\":\"ImageObject\",\"inLanguage\":\"fr-FR\",\"@id\":\"https:\/\/induzon.com\/fr\/#\/schema\/logo\/image\/\",\"url\":\"https:\/\/induzon.com\/wp-content\/uploads\/2025\/05\/cropped-026.png\",\"contentUrl\":\"https:\/\/induzon.com\/wp-content\/uploads\/2025\/05\/cropped-026.png\",\"width\":512,\"height\":512,\"caption\":\"induzon\"},\"image\":{\"@id\":\"https:\/\/induzon.com\/fr\/#\/schema\/logo\/image\/\"}}]}<\/script>\r\n<!-- \/ Yoast SEO plugin. -->","yoast_head_json":{"title":"Chapeau bruleur BALAY FAGOR TEKA Haute performance","description":"Lot de 1 chapeau de bruleur pour gaziniere BALAY FAGOR TEKA Performance de cuisson elevee pour bruleurs grils et plaques Durabilite et efficacite","robots":{"index":"index","follow":"follow","max-snippet":"max-snippet:-1","max-image-preview":"max-image-preview:large","max-video-preview":"max-video-preview:-1"},"canonical":"https:\/\/induzon.com\/fr\/produit\/chapeau-de-bruleur-pour-gaziniere-balay-fagor-teka-performance-de-cuisson-elevee-balay-fagor-teka\/","og_locale":"fr_FR","og_type":"article","og_title":"Chapeau bruleur BALAY FAGOR TEKA Haute performance","og_description":"Lot de 1 chapeau de bruleur pour gaziniere BALAY FAGOR TEKA Performance de cuisson elevee pour bruleurs grils et plaques Durabilite et efficacite","og_url":"https:\/\/induzon.com\/fr\/produit\/chapeau-de-bruleur-pour-gaziniere-balay-fagor-teka-performance-de-cuisson-elevee-balay-fagor-teka\/","og_site_name":"induzon","og_image":[{"width":797,"height":795,"url":"https:\/\/induzon.com\/wp-content\/uploads\/2026\/04\/4-2.png","type":"image\/png"}],"twitter_card":"summary_large_image","schema":{"@context":"https:\/\/schema.org","@graph":[{"@type":"WebPage","@id":"https:\/\/induzon.com\/fr\/produit\/chapeau-de-bruleur-pour-gaziniere-balay-fagor-teka-performance-de-cuisson-elevee-balay-fagor-teka\/","url":"https:\/\/induzon.com\/fr\/produit\/chapeau-de-bruleur-pour-gaziniere-balay-fagor-teka-performance-de-cuisson-elevee-balay-fagor-teka\/","name":"Chapeau bruleur BALAY FAGOR TEKA Haute performance","isPartOf":{"@id":"https:\/\/induzon.com\/fr\/#website"},"primaryImageOfPage":{"@id":"https:\/\/induzon.com\/fr\/produit\/chapeau-de-bruleur-pour-gaziniere-balay-fagor-teka-performance-de-cuisson-elevee-balay-fagor-teka\/#primaryimage"},"image":{"@id":"https:\/\/induzon.com\/fr\/produit\/chapeau-de-bruleur-pour-gaziniere-balay-fagor-teka-performance-de-cuisson-elevee-balay-fagor-teka\/#primaryimage"},"thumbnailUrl":"https:\/\/induzon.com\/wp-content\/uploads\/2026\/04\/1-3.png","datePublished":"2026-04-23T07:47:57+00:00","description":"Lot de 1 chapeau de bruleur pour gaziniere BALAY FAGOR TEKA Performance de cuisson elevee pour bruleurs grils et plaques Durabilite et efficacite","breadcrumb":{"@id":"https:\/\/induzon.com\/fr\/produit\/chapeau-de-bruleur-pour-gaziniere-balay-fagor-teka-performance-de-cuisson-elevee-balay-fagor-teka\/#breadcrumb"},"inLanguage":"fr-FR","potentialAction":[{"@type":"ReadAction","target":["https:\/\/induzon.com\/fr\/produit\/chapeau-de-bruleur-pour-gaziniere-balay-fagor-teka-performance-de-cuisson-elevee-balay-fagor-teka\/"]}]},{"@type":"ImageObject","inLanguage":"fr-FR","@id":"https:\/\/induzon.com\/fr\/produit\/chapeau-de-bruleur-pour-gaziniere-balay-fagor-teka-performance-de-cuisson-elevee-balay-fagor-teka\/#primaryimage","url":"https:\/\/induzon.com\/wp-content\/uploads\/2026\/04\/1-3.png","contentUrl":"https:\/\/induzon.com\/wp-content\/uploads\/2026\/04\/1-3.png","width":795,"height":796,"caption":"Chapeau de br\u00fbleur pour gazini\u00e8re BALAY FAGOR TEKA Performance de cuisson \u00e9lev\u00e9e BALAY FAGOR TEKA"},{"@type":"BreadcrumbList","@id":"https:\/\/induzon.com\/fr\/produit\/chapeau-de-bruleur-pour-gaziniere-balay-fagor-teka-performance-de-cuisson-elevee-balay-fagor-teka\/#breadcrumb","itemListElement":[{"@type":"ListItem","position":1,"name":"\u9996\u9875","item":"https:\/\/induzon.com\/fr\/"},{"@type":"ListItem","position":2,"name":"Boutique","item":"https:\/\/induzon.com\/fr\/boutique\/"},{"@type":"ListItem","position":3,"name":"Chapeau de br\u00fbleur pour gazini\u00e8re BALAY FAGOR TEKA Performance de cuisson \u00e9lev\u00e9e BALAY FAGOR TEKA"}]},{"@type":"WebSite","@id":"https:\/\/induzon.com\/fr\/#website","url":"https:\/\/induzon.com\/fr\/","name":"induzon","description":"","publisher":{"@id":"https:\/\/induzon.com\/fr\/#organization"},"potentialAction":[{"@type":"SearchAction","target":{"@type":"EntryPoint","urlTemplate":"https:\/\/induzon.com\/fr\/?s={search_term_string}"},"query-input":{"@type":"PropertyValueSpecification","valueRequired":true,"valueName":"search_term_string"}}],"inLanguage":"fr-FR"},{"@type":"Organization","@id":"https:\/\/induzon.com\/fr\/#organization","name":"induzon","url":"https:\/\/induzon.com\/fr\/","logo":{"@type":"ImageObject","inLanguage":"fr-FR","@id":"https:\/\/induzon.com\/fr\/#\/schema\/logo\/image\/","url":"https:\/\/induzon.com\/wp-content\/uploads\/2025\/05\/cropped-026.png","contentUrl":"https:\/\/induzon.com\/wp-content\/uploads\/2025\/05\/cropped-026.png","width":512,"height":512,"caption":"induzon"},"image":{"@id":"https:\/\/induzon.com\/fr\/#\/schema\/logo\/image\/"}}]}},"_links":{"self":[{"href":"https:\/\/induzon.com\/fr\/wp-json\/wp\/v2\/product\/37892","targetHints":{"allow":["GET"]}}],"collection":[{"href":"https:\/\/induzon.com\/fr\/wp-json\/wp\/v2\/product"}],"about":[{"href":"https:\/\/induzon.com\/fr\/wp-json\/wp\/v2\/types\/product"}],"replies":[{"embeddable":true,"href":"https:\/\/induzon.com\/fr\/wp-json\/wp\/v2\/comments?post=37892"}],"version-history":[{"count":0,"href":"https:\/\/induzon.com\/fr\/wp-json\/wp\/v2\/product\/37892\/revisions"}],"wp:featuredmedia":[{"embeddable":true,"href":"https:\/\/induzon.com\/fr\/wp-json\/wp\/v2\/media\/37832"}],"wp:attachment":[{"href":"https:\/\/induzon.com\/fr\/wp-json\/wp\/v2\/media?parent=37892"}],"wp:term":[{"taxonomy":"product_brand","embeddable":true,"href":"https:\/\/induzon.com\/fr\/wp-json\/wp\/v2\/product_brand?post=37892"},{"taxonomy":"product_cat","embeddable":true,"href":"https:\/\/induzon.com\/fr\/wp-json\/wp\/v2\/product_cat?post=37892"},{"taxonomy":"product_tag","embeddable":true,"href":"https:\/\/induzon.com\/fr\/wp-json\/wp\/v2\/product_tag?post=37892"}],"curies":[{"name":"wp","href":"https:\/\/api.w.org\/{rel}","templated":true}]}}