{"id":38290,"date":"2026-04-28T14:34:33","date_gmt":"2026-04-28T06:34:33","guid":{"rendered":"https:\/\/induzon.com\/shop\/vanne-a-boisseau-spherique-motorisee-2-voies-5v-12v-24v-3-fils-1-2-3-4-1-1-1-4-1-1-2-2-pouces\/"},"modified":"2026-04-30T10:41:43","modified_gmt":"2026-04-30T02:41:43","slug":"vanne-a-boisseau-spherique-motorisee-2-voies-5v-12v-24v-3-fils-1-2-3-4-1-1-1-4-1-1-2-2-pouces","status":"publish","type":"product","link":"https:\/\/induzon.com\/fr\/produit\/vanne-a-boisseau-spherique-motorisee-2-voies-5v-12v-24v-3-fils-1-2-3-4-1-1-1-4-1-1-2-2-pouces\/","title":{"rendered":"Vanne \u00e0 boisseau sph\u00e9rique motoris\u00e9e 2 voies 5V 12V 24V 3 fils 1\/2 3\/4 1 1-1\/4 1-1\/2 2 pouces"},"content":{"rendered":"","protected":false},"excerpt":{"rendered":"","protected":false},"featured_media":38036,"comment_status":"open","ping_status":"closed","template":"","meta":{"site-sidebar-layout":"default","site-content-layout":"","ast-site-content-layout":"default","site-content-style":"default","site-sidebar-style":"default","ast-global-header-display":"","ast-banner-title-visibility":"","ast-main-header-display":"","ast-hfb-above-header-display":"","ast-hfb-below-header-display":"","ast-hfb-mobile-header-display":"","site-post-title":"","ast-breadcrumbs-content":"","ast-featured-img":"","footer-sml-layout":"","theme-transparent-header-meta":"default","adv-header-id-meta":"","stick-header-meta":"","header-above-stick-meta":"","header-main-stick-meta":"","header-below-stick-meta":"","astra-migrate-meta-layouts":"set","ast-page-background-enabled":"default","ast-page-background-meta":{"desktop":{"background-color":"var(--ast-global-color-4)","background-image":"","background-repeat":"repeat","background-position":"center center","background-size":"auto","background-attachment":"scroll","background-type":"","background-media":"","overlay-type":"","overlay-color":"","overlay-opacity":"","overlay-gradient":""},"tablet":{"background-color":"","background-image":"","background-repeat":"repeat","background-position":"center center","background-size":"auto","background-attachment":"scroll","background-type":"","background-media":"","overlay-type":"","overlay-color":"","overlay-opacity":"","overlay-gradient":""},"mobile":{"background-color":"","background-image":"","background-repeat":"repeat","background-position":"center center","background-size":"auto","background-attachment":"scroll","background-type":"","background-media":"","overlay-type":"","overlay-color":"","overlay-opacity":"","overlay-gradient":""}},"ast-content-background-meta":{"desktop":{"background-color":"var(--ast-global-color-5)","background-image":"","background-repeat":"repeat","background-position":"center center","background-size":"auto","background-attachment":"scroll","background-type":"","background-media":"","overlay-type":"","overlay-color":"","overlay-opacity":"","overlay-gradient":""},"tablet":{"background-color":"var(--ast-global-color-5)","background-image":"","background-repeat":"repeat","background-position":"center center","background-size":"auto","background-attachment":"scroll","background-type":"","background-media":"","overlay-type":"","overlay-color":"","overlay-opacity":"","overlay-gradient":""},"mobile":{"background-color":"var(--ast-global-color-5)","background-image":"","background-repeat":"repeat","background-position":"center center","background-size":"auto","background-attachment":"scroll","background-type":"","background-media":"","overlay-type":"","overlay-color":"","overlay-opacity":"","overlay-gradient":""}}},"product_brand":[],"product_cat":[2278,2457],"product_tag":[2458],"class_list":{"0":"post-38290","1":"product","2":"type-product","3":"status-publish","4":"has-post-thumbnail","6":"product_cat-valve","7":"product_cat-vanne-a-bille-electrique","8":"product_tag-electric-ball-valve","9":"desktop-align-left","10":"tablet-align-left","11":"mobile-align-left","13":"first","14":"instock","15":"sale","16":"shipping-taxable","17":"purchasable","18":"product-type-variable"},"yoast_head":"<!-- This site is optimized with the Yoast SEO plugin v27.5 - https:\/\/yoast.com\/product\/yoast-seo-wordpress\/ -->\r\n<title>Vanne \u00e0 boisseau sph\u00e9rique motoris\u00e9e 2 voies 3 fils 1\/2-2 pouces<\/title>\r\n<meta name=\"description\" content=\"Vanne \u00e0 boisseau sph\u00e9rique motoris\u00e9e 2 voies 230V 3 fils. Tailles disponibles 1\/2 \u00e0 2 pouces. Id\u00e9ale pour la r\u00e9gulation de fluides en CVC. Livraison rapide.\" \/>\r\n<meta name=\"robots\" content=\"index, follow, max-snippet:-1, max-image-preview:large, max-video-preview:-1\" \/>\r\n<link rel=\"canonical\" href=\"https:\/\/induzon.com\/fr\/produit\/vanne-a-boisseau-spherique-motorisee-2-voies-5v-12v-24v-3-fils-1-2-3-4-1-1-1-4-1-1-2-2-pouces\/\" \/>\r\n<meta property=\"og:locale\" content=\"fr_FR\" \/>\r\n<meta property=\"og:type\" content=\"article\" \/>\r\n<meta property=\"og:title\" content=\"Vanne \u00e0 boisseau sph\u00e9rique motoris\u00e9e 2 voies 3 fils 1\/2-2 pouces\" \/>\r\n<meta property=\"og:description\" content=\"Vanne \u00e0 boisseau sph\u00e9rique motoris\u00e9e 2 voies 230V 3 fils. Tailles disponibles 1\/2 \u00e0 2 pouces. Id\u00e9ale pour la r\u00e9gulation de fluides en CVC. Livraison rapide.\" \/>\r\n<meta property=\"og:url\" content=\"https:\/\/induzon.com\/fr\/produit\/vanne-a-boisseau-spherique-motorisee-2-voies-5v-12v-24v-3-fils-1-2-3-4-1-1-1-4-1-1-2-2-pouces\/\" \/>\r\n<meta property=\"og:site_name\" content=\"induzon\" \/>\r\n<meta property=\"article:modified_time\" content=\"2026-04-30T02:41:43+00:00\" \/>\r\n<meta property=\"og:image\" content=\"https:\/\/induzon.com\/wp-content\/uploads\/2026\/04\/\u56fe-3-3.jpg\" \/>\r\n\t<meta property=\"og:image:width\" content=\"1500\" \/>\r\n\t<meta property=\"og:image:height\" content=\"1500\" \/>\r\n\t<meta property=\"og:image:type\" content=\"image\/jpeg\" \/>\r\n<meta name=\"twitter:card\" content=\"summary_large_image\" \/>\r\n<meta name=\"twitter:label1\" content=\"Dur\u00e9e de lecture estim\u00e9e\" \/>\n\t<meta name=\"twitter:data1\" content=\"1 minute\" \/>\r\n<script type=\"application\/ld+json\" class=\"yoast-schema-graph\">{\"@context\":\"https:\\\/\\\/schema.org\",\"@graph\":[{\"@type\":\"WebPage\",\"@id\":\"https:\\\/\\\/induzon.com\\\/fr\\\/produit\\\/vanne-a-boisseau-spherique-motorisee-2-voies-5v-12v-24v-3-fils-1-2-3-4-1-1-1-4-1-1-2-2-pouces\\\/\",\"url\":\"https:\\\/\\\/induzon.com\\\/fr\\\/produit\\\/vanne-a-boisseau-spherique-motorisee-2-voies-5v-12v-24v-3-fils-1-2-3-4-1-1-1-4-1-1-2-2-pouces\\\/\",\"name\":\"Vanne \u00e0 boisseau sph\u00e9rique motoris\u00e9e 2 voies 3 fils 1\\\/2-2 pouces\",\"isPartOf\":{\"@id\":\"https:\\\/\\\/induzon.com\\\/fr\\\/#website\"},\"primaryImageOfPage\":{\"@id\":\"https:\\\/\\\/induzon.com\\\/fr\\\/produit\\\/vanne-a-boisseau-spherique-motorisee-2-voies-5v-12v-24v-3-fils-1-2-3-4-1-1-1-4-1-1-2-2-pouces\\\/#primaryimage\"},\"image\":{\"@id\":\"https:\\\/\\\/induzon.com\\\/fr\\\/produit\\\/vanne-a-boisseau-spherique-motorisee-2-voies-5v-12v-24v-3-fils-1-2-3-4-1-1-1-4-1-1-2-2-pouces\\\/#primaryimage\"},\"thumbnailUrl\":\"https:\\\/\\\/induzon.com\\\/wp-content\\\/uploads\\\/2026\\\/04\\\/\u56fe-3-3.jpg\",\"datePublished\":\"2026-04-28T06:34:33+00:00\",\"dateModified\":\"2026-04-30T02:41:43+00:00\",\"description\":\"Vanne \u00e0 boisseau sph\u00e9rique motoris\u00e9e 2 voies 230V 3 fils. Tailles disponibles 1\\\/2 \u00e0 2 pouces. Id\u00e9ale pour la r\u00e9gulation de fluides en CVC. Livraison rapide.\",\"breadcrumb\":{\"@id\":\"https:\\\/\\\/induzon.com\\\/fr\\\/produit\\\/vanne-a-boisseau-spherique-motorisee-2-voies-5v-12v-24v-3-fils-1-2-3-4-1-1-1-4-1-1-2-2-pouces\\\/#breadcrumb\"},\"inLanguage\":\"fr-FR\",\"potentialAction\":[{\"@type\":\"ReadAction\",\"target\":[\"https:\\\/\\\/induzon.com\\\/fr\\\/produit\\\/vanne-a-boisseau-spherique-motorisee-2-voies-5v-12v-24v-3-fils-1-2-3-4-1-1-1-4-1-1-2-2-pouces\\\/\"]}]},{\"@type\":\"ImageObject\",\"inLanguage\":\"fr-FR\",\"@id\":\"https:\\\/\\\/induzon.com\\\/fr\\\/produit\\\/vanne-a-boisseau-spherique-motorisee-2-voies-5v-12v-24v-3-fils-1-2-3-4-1-1-1-4-1-1-2-2-pouces\\\/#primaryimage\",\"url\":\"https:\\\/\\\/induzon.com\\\/wp-content\\\/uploads\\\/2026\\\/04\\\/\u56fe-3-3.jpg\",\"contentUrl\":\"https:\\\/\\\/induzon.com\\\/wp-content\\\/uploads\\\/2026\\\/04\\\/\u56fe-3-3.jpg\",\"width\":1500,\"height\":1500,\"caption\":\"2-way motor ball valve 5V 12V 24V 3-wire \u2013 electric ball valve 220V two-way motor valve 1\\\/2 3\\\/4 1 1-1\\\/4 1-1\\\/2 2 inches\"},{\"@type\":\"BreadcrumbList\",\"@id\":\"https:\\\/\\\/induzon.com\\\/fr\\\/produit\\\/vanne-a-boisseau-spherique-motorisee-2-voies-5v-12v-24v-3-fils-1-2-3-4-1-1-1-4-1-1-2-2-pouces\\\/#breadcrumb\",\"itemListElement\":[{\"@type\":\"ListItem\",\"position\":1,\"name\":\"\u9996\u9875\",\"item\":\"https:\\\/\\\/induzon.com\\\/fr\\\/\"},{\"@type\":\"ListItem\",\"position\":2,\"name\":\"Boutique\",\"item\":\"https:\\\/\\\/induzon.com\\\/fr\\\/boutique\\\/\"},{\"@type\":\"ListItem\",\"position\":3,\"name\":\"Vanne \u00e0 boisseau sph\u00e9rique motoris\u00e9e 2 voies 5V 12V 24V 3 fils 1\\\/2 3\\\/4 1 1-1\\\/4 1-1\\\/2 2 pouces\"}]},{\"@type\":\"WebSite\",\"@id\":\"https:\\\/\\\/induzon.com\\\/fr\\\/#website\",\"url\":\"https:\\\/\\\/induzon.com\\\/fr\\\/\",\"name\":\"induzon\",\"description\":\"\",\"publisher\":{\"@id\":\"https:\\\/\\\/induzon.com\\\/fr\\\/#organization\"},\"potentialAction\":[{\"@type\":\"SearchAction\",\"target\":{\"@type\":\"EntryPoint\",\"urlTemplate\":\"https:\\\/\\\/induzon.com\\\/fr\\\/?s={search_term_string}\"},\"query-input\":{\"@type\":\"PropertyValueSpecification\",\"valueRequired\":true,\"valueName\":\"search_term_string\"}}],\"inLanguage\":\"fr-FR\"},{\"@type\":\"Organization\",\"@id\":\"https:\\\/\\\/induzon.com\\\/fr\\\/#organization\",\"name\":\"induzon\",\"url\":\"https:\\\/\\\/induzon.com\\\/fr\\\/\",\"logo\":{\"@type\":\"ImageObject\",\"inLanguage\":\"fr-FR\",\"@id\":\"https:\\\/\\\/induzon.com\\\/fr\\\/#\\\/schema\\\/logo\\\/image\\\/\",\"url\":\"https:\\\/\\\/induzon.com\\\/wp-content\\\/uploads\\\/2025\\\/05\\\/cropped-026.png\",\"contentUrl\":\"https:\\\/\\\/induzon.com\\\/wp-content\\\/uploads\\\/2025\\\/05\\\/cropped-026.png\",\"width\":512,\"height\":512,\"caption\":\"induzon\"},\"image\":{\"@id\":\"https:\\\/\\\/induzon.com\\\/fr\\\/#\\\/schema\\\/logo\\\/image\\\/\"}}]}<\/script>\r\n<!-- \/ Yoast SEO plugin. -->","yoast_head_json":{"title":"Vanne \u00e0 boisseau sph\u00e9rique motoris\u00e9e 2 voies 3 fils 1\/2-2 pouces","description":"Vanne \u00e0 boisseau sph\u00e9rique motoris\u00e9e 2 voies 230V 3 fils. Tailles disponibles 1\/2 \u00e0 2 pouces. Id\u00e9ale pour la r\u00e9gulation de fluides en CVC. Livraison rapide.","robots":{"index":"index","follow":"follow","max-snippet":"max-snippet:-1","max-image-preview":"max-image-preview:large","max-video-preview":"max-video-preview:-1"},"canonical":"https:\/\/induzon.com\/fr\/produit\/vanne-a-boisseau-spherique-motorisee-2-voies-5v-12v-24v-3-fils-1-2-3-4-1-1-1-4-1-1-2-2-pouces\/","og_locale":"fr_FR","og_type":"article","og_title":"Vanne \u00e0 boisseau sph\u00e9rique motoris\u00e9e 2 voies 3 fils 1\/2-2 pouces","og_description":"Vanne \u00e0 boisseau sph\u00e9rique motoris\u00e9e 2 voies 230V 3 fils. Tailles disponibles 1\/2 \u00e0 2 pouces. Id\u00e9ale pour la r\u00e9gulation de fluides en CVC. Livraison rapide.","og_url":"https:\/\/induzon.com\/fr\/produit\/vanne-a-boisseau-spherique-motorisee-2-voies-5v-12v-24v-3-fils-1-2-3-4-1-1-1-4-1-1-2-2-pouces\/","og_site_name":"induzon","article_modified_time":"2026-04-30T02:41:43+00:00","og_image":[{"width":1500,"height":1500,"url":"https:\/\/induzon.com\/wp-content\/uploads\/2026\/04\/\u56fe-3-3.jpg","type":"image\/jpeg"}],"twitter_card":"summary_large_image","twitter_misc":{"Dur\u00e9e de lecture estim\u00e9e":"1 minute"},"schema":{"@context":"https:\/\/schema.org","@graph":[{"@type":"WebPage","@id":"https:\/\/induzon.com\/fr\/produit\/vanne-a-boisseau-spherique-motorisee-2-voies-5v-12v-24v-3-fils-1-2-3-4-1-1-1-4-1-1-2-2-pouces\/","url":"https:\/\/induzon.com\/fr\/produit\/vanne-a-boisseau-spherique-motorisee-2-voies-5v-12v-24v-3-fils-1-2-3-4-1-1-1-4-1-1-2-2-pouces\/","name":"Vanne \u00e0 boisseau sph\u00e9rique motoris\u00e9e 2 voies 3 fils 1\/2-2 pouces","isPartOf":{"@id":"https:\/\/induzon.com\/fr\/#website"},"primaryImageOfPage":{"@id":"https:\/\/induzon.com\/fr\/produit\/vanne-a-boisseau-spherique-motorisee-2-voies-5v-12v-24v-3-fils-1-2-3-4-1-1-1-4-1-1-2-2-pouces\/#primaryimage"},"image":{"@id":"https:\/\/induzon.com\/fr\/produit\/vanne-a-boisseau-spherique-motorisee-2-voies-5v-12v-24v-3-fils-1-2-3-4-1-1-1-4-1-1-2-2-pouces\/#primaryimage"},"thumbnailUrl":"https:\/\/induzon.com\/wp-content\/uploads\/2026\/04\/\u56fe-3-3.jpg","datePublished":"2026-04-28T06:34:33+00:00","dateModified":"2026-04-30T02:41:43+00:00","description":"Vanne \u00e0 boisseau sph\u00e9rique motoris\u00e9e 2 voies 230V 3 fils. Tailles disponibles 1\/2 \u00e0 2 pouces. Id\u00e9ale pour la r\u00e9gulation de fluides en CVC. Livraison rapide.","breadcrumb":{"@id":"https:\/\/induzon.com\/fr\/produit\/vanne-a-boisseau-spherique-motorisee-2-voies-5v-12v-24v-3-fils-1-2-3-4-1-1-1-4-1-1-2-2-pouces\/#breadcrumb"},"inLanguage":"fr-FR","potentialAction":[{"@type":"ReadAction","target":["https:\/\/induzon.com\/fr\/produit\/vanne-a-boisseau-spherique-motorisee-2-voies-5v-12v-24v-3-fils-1-2-3-4-1-1-1-4-1-1-2-2-pouces\/"]}]},{"@type":"ImageObject","inLanguage":"fr-FR","@id":"https:\/\/induzon.com\/fr\/produit\/vanne-a-boisseau-spherique-motorisee-2-voies-5v-12v-24v-3-fils-1-2-3-4-1-1-1-4-1-1-2-2-pouces\/#primaryimage","url":"https:\/\/induzon.com\/wp-content\/uploads\/2026\/04\/\u56fe-3-3.jpg","contentUrl":"https:\/\/induzon.com\/wp-content\/uploads\/2026\/04\/\u56fe-3-3.jpg","width":1500,"height":1500,"caption":"2-way motor ball valve 5V 12V 24V 3-wire \u2013 electric ball valve 220V two-way motor valve 1\/2 3\/4 1 1-1\/4 1-1\/2 2 inches"},{"@type":"BreadcrumbList","@id":"https:\/\/induzon.com\/fr\/produit\/vanne-a-boisseau-spherique-motorisee-2-voies-5v-12v-24v-3-fils-1-2-3-4-1-1-1-4-1-1-2-2-pouces\/#breadcrumb","itemListElement":[{"@type":"ListItem","position":1,"name":"\u9996\u9875","item":"https:\/\/induzon.com\/fr\/"},{"@type":"ListItem","position":2,"name":"Boutique","item":"https:\/\/induzon.com\/fr\/boutique\/"},{"@type":"ListItem","position":3,"name":"Vanne \u00e0 boisseau sph\u00e9rique motoris\u00e9e 2 voies 5V 12V 24V 3 fils 1\/2 3\/4 1 1-1\/4 1-1\/2 2 pouces"}]},{"@type":"WebSite","@id":"https:\/\/induzon.com\/fr\/#website","url":"https:\/\/induzon.com\/fr\/","name":"induzon","description":"","publisher":{"@id":"https:\/\/induzon.com\/fr\/#organization"},"potentialAction":[{"@type":"SearchAction","target":{"@type":"EntryPoint","urlTemplate":"https:\/\/induzon.com\/fr\/?s={search_term_string}"},"query-input":{"@type":"PropertyValueSpecification","valueRequired":true,"valueName":"search_term_string"}}],"inLanguage":"fr-FR"},{"@type":"Organization","@id":"https:\/\/induzon.com\/fr\/#organization","name":"induzon","url":"https:\/\/induzon.com\/fr\/","logo":{"@type":"ImageObject","inLanguage":"fr-FR","@id":"https:\/\/induzon.com\/fr\/#\/schema\/logo\/image\/","url":"https:\/\/induzon.com\/wp-content\/uploads\/2025\/05\/cropped-026.png","contentUrl":"https:\/\/induzon.com\/wp-content\/uploads\/2025\/05\/cropped-026.png","width":512,"height":512,"caption":"induzon"},"image":{"@id":"https:\/\/induzon.com\/fr\/#\/schema\/logo\/image\/"}}]}},"_links":{"self":[{"href":"https:\/\/induzon.com\/fr\/wp-json\/wp\/v2\/product\/38290","targetHints":{"allow":["GET"]}}],"collection":[{"href":"https:\/\/induzon.com\/fr\/wp-json\/wp\/v2\/product"}],"about":[{"href":"https:\/\/induzon.com\/fr\/wp-json\/wp\/v2\/types\/product"}],"replies":[{"embeddable":true,"href":"https:\/\/induzon.com\/fr\/wp-json\/wp\/v2\/comments?post=38290"}],"version-history":[{"count":1,"href":"https:\/\/induzon.com\/fr\/wp-json\/wp\/v2\/product\/38290\/revisions"}],"predecessor-version":[{"id":38686,"href":"https:\/\/induzon.com\/fr\/wp-json\/wp\/v2\/product\/38290\/revisions\/38686"}],"wp:featuredmedia":[{"embeddable":true,"href":"https:\/\/induzon.com\/fr\/wp-json\/wp\/v2\/media\/38036"}],"wp:attachment":[{"href":"https:\/\/induzon.com\/fr\/wp-json\/wp\/v2\/media?parent=38290"}],"wp:term":[{"taxonomy":"product_brand","embeddable":true,"href":"https:\/\/induzon.com\/fr\/wp-json\/wp\/v2\/product_brand?post=38290"},{"taxonomy":"product_cat","embeddable":true,"href":"https:\/\/induzon.com\/fr\/wp-json\/wp\/v2\/product_cat?post=38290"},{"taxonomy":"product_tag","embeddable":true,"href":"https:\/\/induzon.com\/fr\/wp-json\/wp\/v2\/product_tag?post=38290"}],"curies":[{"name":"wp","href":"https:\/\/api.w.org\/{rel}","templated":true}]}}