{"id":5300,"date":"2025-02-26T17:21:33","date_gmt":"2025-02-26T09:21:33","guid":{"rendered":"http:\/\/induzon.com\/?post_type=product&#038;p=5300"},"modified":"2026-01-12T16:46:55","modified_gmt":"2026-01-12T08:46:55","slug":"abri-meteo-capteur-220mm-abri-meteorologique-abri-solaire-vent-coque-meteo-abri-anti-radiations-pour-station-meteo-sonde-exterieur","status":"publish","type":"product","link":"https:\/\/induzon.com\/fr\/produit\/abri-meteo-capteur-220mm-abri-meteorologique-abri-solaire-vent-coque-meteo-abri-anti-radiations-pour-station-meteo-sonde-exterieur\/","title":{"rendered":"Abri meteo capteur 220mm abri meteorologique abri solaire vent coque m\u00e9t\u00e9o abri anti radiations pour station meteo sonde exterieur"},"content":{"rendered":"","protected":false},"excerpt":{"rendered":"","protected":false},"featured_media":2164,"comment_status":"open","ping_status":"closed","template":"","meta":{"site-sidebar-layout":"default","site-content-layout":"","ast-site-content-layout":"default","site-content-style":"default","site-sidebar-style":"default","ast-global-header-display":"","ast-banner-title-visibility":"","ast-main-header-display":"","ast-hfb-above-header-display":"","ast-hfb-below-header-display":"","ast-hfb-mobile-header-display":"","site-post-title":"","ast-breadcrumbs-content":"","ast-featured-img":"","footer-sml-layout":"","theme-transparent-header-meta":"default","adv-header-id-meta":"","stick-header-meta":"","header-above-stick-meta":"","header-main-stick-meta":"","header-below-stick-meta":"","astra-migrate-meta-layouts":"set","ast-page-background-enabled":"default","ast-page-background-meta":{"desktop":{"background-color":"var(--ast-global-color-4)","background-image":"","background-repeat":"repeat","background-position":"center center","background-size":"auto","background-attachment":"scroll","background-type":"","background-media":"","overlay-type":"","overlay-color":"","overlay-opacity":"","overlay-gradient":""},"tablet":{"background-color":"","background-image":"","background-repeat":"repeat","background-position":"center center","background-size":"auto","background-attachment":"scroll","background-type":"","background-media":"","overlay-type":"","overlay-color":"","overlay-opacity":"","overlay-gradient":""},"mobile":{"background-color":"","background-image":"","background-repeat":"repeat","background-position":"center center","background-size":"auto","background-attachment":"scroll","background-type":"","background-media":"","overlay-type":"","overlay-color":"","overlay-opacity":"","overlay-gradient":""}},"ast-content-background-meta":{"desktop":{"background-color":"var(--ast-global-color-5)","background-image":"","background-repeat":"repeat","background-position":"center center","background-size":"auto","background-attachment":"scroll","background-type":"","background-media":"","overlay-type":"","overlay-color":"","overlay-opacity":"","overlay-gradient":""},"tablet":{"background-color":"var(--ast-global-color-5)","background-image":"","background-repeat":"repeat","background-position":"center center","background-size":"auto","background-attachment":"scroll","background-type":"","background-media":"","overlay-type":"","overlay-color":"","overlay-opacity":"","overlay-gradient":""},"mobile":{"background-color":"var(--ast-global-color-5)","background-image":"","background-repeat":"repeat","background-position":"center center","background-size":"auto","background-attachment":"scroll","background-type":"","background-media":"","overlay-type":"","overlay-color":"","overlay-opacity":"","overlay-gradient":""}}},"product_brand":[],"product_cat":[246],"product_tag":[396],"class_list":{"0":"post-5300","1":"product","2":"type-product","3":"status-publish","4":"has-post-thumbnail","6":"product_cat-science-mesure-de-la-temperature","7":"product_tag-ecran-stevenson","8":"desktop-align-left","9":"tablet-align-left","10":"mobile-align-left","12":"first","13":"instock","14":"sale","15":"shipping-taxable","16":"purchasable","17":"product-type-variable"},"yoast_head":"<!-- This site is optimized with the Yoast SEO plugin v24.9 - https:\/\/yoast.com\/wordpress\/plugins\/seo\/ -->\r\n<title>Abri M\u00e9t\u00e9o 220mm pour Capteur et Sonde - Induzon<\/title>\r\n<meta name=\"description\" content=\"Abri m\u00e9t\u00e9orologique pour station m\u00e9t\u00e9o Capteur et Sonde . Prot\u00e8ge votre capteur et sonde m\u00e9t\u00e9o des intemp\u00e9ries et du rayonnement solaire.\" \/>\r\n<meta name=\"robots\" content=\"index, follow, max-snippet:-1, max-image-preview:large, max-video-preview:-1\" \/>\r\n<link rel=\"canonical\" href=\"https:\/\/induzon.com\/fr\/produit\/abri-meteo-capteur-220mm-abri-meteorologique-abri-solaire-vent-coque-meteo-abri-anti-radiations-pour-station-meteo-sonde-exterieur\/\" \/>\r\n<meta property=\"og:locale\" content=\"fr_FR\" \/>\r\n<meta property=\"og:type\" content=\"article\" \/>\r\n<meta property=\"og:title\" content=\"Abri M\u00e9t\u00e9o 220mm pour Capteur et Sonde - Induzon\" \/>\r\n<meta property=\"og:description\" content=\"Abri m\u00e9t\u00e9orologique pour station m\u00e9t\u00e9o Capteur et Sonde . Prot\u00e8ge votre capteur et sonde m\u00e9t\u00e9o des intemp\u00e9ries et du rayonnement solaire.\" \/>\r\n<meta property=\"og:url\" content=\"https:\/\/induzon.com\/fr\/produit\/abri-meteo-capteur-220mm-abri-meteorologique-abri-solaire-vent-coque-meteo-abri-anti-radiations-pour-station-meteo-sonde-exterieur\/\" \/>\r\n<meta property=\"og:site_name\" content=\"induzon\" \/>\r\n<meta property=\"article:modified_time\" content=\"2026-01-12T08:46:55+00:00\" \/>\r\n<meta property=\"og:image\" content=\"https:\/\/induzon.com\/wp-content\/uploads\/2025\/01\/6\u5c42.jpg\" \/>\r\n\t<meta property=\"og:image:width\" content=\"1500\" \/>\r\n\t<meta property=\"og:image:height\" content=\"1500\" \/>\r\n\t<meta property=\"og:image:type\" content=\"image\/jpeg\" \/>\r\n<meta name=\"twitter:card\" content=\"summary_large_image\" \/>\r\n<meta name=\"twitter:label1\" content=\"Dur\u00e9e de lecture estim\u00e9e\" \/>\n\t<meta name=\"twitter:data1\" content=\"1 minute\" \/>\r\n<script type=\"application\/ld+json\" class=\"yoast-schema-graph\">{\"@context\":\"https:\/\/schema.org\",\"@graph\":[{\"@type\":\"WebPage\",\"@id\":\"https:\/\/induzon.com\/fr\/produit\/abri-meteo-capteur-220mm-abri-meteorologique-abri-solaire-vent-coque-meteo-abri-anti-radiations-pour-station-meteo-sonde-exterieur\/\",\"url\":\"https:\/\/induzon.com\/fr\/produit\/abri-meteo-capteur-220mm-abri-meteorologique-abri-solaire-vent-coque-meteo-abri-anti-radiations-pour-station-meteo-sonde-exterieur\/\",\"name\":\"Abri M\u00e9t\u00e9o 220mm pour Capteur et Sonde - Induzon\",\"isPartOf\":{\"@id\":\"https:\/\/induzon.com\/fr\/#website\"},\"primaryImageOfPage\":{\"@id\":\"https:\/\/induzon.com\/fr\/produit\/abri-meteo-capteur-220mm-abri-meteorologique-abri-solaire-vent-coque-meteo-abri-anti-radiations-pour-station-meteo-sonde-exterieur\/#primaryimage\"},\"image\":{\"@id\":\"https:\/\/induzon.com\/fr\/produit\/abri-meteo-capteur-220mm-abri-meteorologique-abri-solaire-vent-coque-meteo-abri-anti-radiations-pour-station-meteo-sonde-exterieur\/#primaryimage\"},\"thumbnailUrl\":\"https:\/\/induzon.com\/wp-content\/uploads\/2025\/01\/6\u5c42.jpg\",\"datePublished\":\"2025-02-26T09:21:33+00:00\",\"dateModified\":\"2026-01-12T08:46:55+00:00\",\"description\":\"Abri m\u00e9t\u00e9orologique pour station m\u00e9t\u00e9o Capteur et Sonde . Prot\u00e8ge votre capteur et sonde m\u00e9t\u00e9o des intemp\u00e9ries et du rayonnement solaire.\",\"breadcrumb\":{\"@id\":\"https:\/\/induzon.com\/fr\/produit\/abri-meteo-capteur-220mm-abri-meteorologique-abri-solaire-vent-coque-meteo-abri-anti-radiations-pour-station-meteo-sonde-exterieur\/#breadcrumb\"},\"inLanguage\":\"fr-FR\",\"potentialAction\":[{\"@type\":\"ReadAction\",\"target\":[\"https:\/\/induzon.com\/fr\/produit\/abri-meteo-capteur-220mm-abri-meteorologique-abri-solaire-vent-coque-meteo-abri-anti-radiations-pour-station-meteo-sonde-exterieur\/\"]}]},{\"@type\":\"ImageObject\",\"inLanguage\":\"fr-FR\",\"@id\":\"https:\/\/induzon.com\/fr\/produit\/abri-meteo-capteur-220mm-abri-meteorologique-abri-solaire-vent-coque-meteo-abri-anti-radiations-pour-station-meteo-sonde-exterieur\/#primaryimage\",\"url\":\"https:\/\/induzon.com\/wp-content\/uploads\/2025\/01\/6\u5c42.jpg\",\"contentUrl\":\"https:\/\/induzon.com\/wp-content\/uploads\/2025\/01\/6\u5c42.jpg\",\"width\":1500,\"height\":1500,\"caption\":\"Abri M\u00e9t\u00e9o 220mm pour Capteur et Sonde\"},{\"@type\":\"BreadcrumbList\",\"@id\":\"https:\/\/induzon.com\/fr\/produit\/abri-meteo-capteur-220mm-abri-meteorologique-abri-solaire-vent-coque-meteo-abri-anti-radiations-pour-station-meteo-sonde-exterieur\/#breadcrumb\",\"itemListElement\":[{\"@type\":\"ListItem\",\"position\":1,\"name\":\"\u9996\u9875\",\"item\":\"https:\/\/induzon.com\/fr\/\"},{\"@type\":\"ListItem\",\"position\":2,\"name\":\"Boutique\",\"item\":\"https:\/\/induzon.com\/fr\/boutique\/\"},{\"@type\":\"ListItem\",\"position\":3,\"name\":\"Abri meteo capteur 220mm abri meteorologique abri solaire vent coque m\u00e9t\u00e9o abri anti radiations pour station meteo sonde exterieur\"}]},{\"@type\":\"WebSite\",\"@id\":\"https:\/\/induzon.com\/fr\/#website\",\"url\":\"https:\/\/induzon.com\/fr\/\",\"name\":\"induzon\",\"description\":\"\",\"publisher\":{\"@id\":\"https:\/\/induzon.com\/fr\/#organization\"},\"potentialAction\":[{\"@type\":\"SearchAction\",\"target\":{\"@type\":\"EntryPoint\",\"urlTemplate\":\"https:\/\/induzon.com\/fr\/?s={search_term_string}\"},\"query-input\":{\"@type\":\"PropertyValueSpecification\",\"valueRequired\":true,\"valueName\":\"search_term_string\"}}],\"inLanguage\":\"fr-FR\"},{\"@type\":\"Organization\",\"@id\":\"https:\/\/induzon.com\/fr\/#organization\",\"name\":\"induzon\",\"url\":\"https:\/\/induzon.com\/fr\/\",\"logo\":{\"@type\":\"ImageObject\",\"inLanguage\":\"fr-FR\",\"@id\":\"https:\/\/induzon.com\/fr\/#\/schema\/logo\/image\/\",\"url\":\"https:\/\/induzon.com\/wp-content\/uploads\/2025\/05\/cropped-026.png\",\"contentUrl\":\"https:\/\/induzon.com\/wp-content\/uploads\/2025\/05\/cropped-026.png\",\"width\":512,\"height\":512,\"caption\":\"induzon\"},\"image\":{\"@id\":\"https:\/\/induzon.com\/fr\/#\/schema\/logo\/image\/\"}}]}<\/script>\r\n<!-- \/ Yoast SEO plugin. -->","yoast_head_json":{"title":"Abri M\u00e9t\u00e9o 220mm pour Capteur et Sonde - Induzon","description":"Abri m\u00e9t\u00e9orologique pour station m\u00e9t\u00e9o Capteur et Sonde . Prot\u00e8ge votre capteur et sonde m\u00e9t\u00e9o des intemp\u00e9ries et du rayonnement solaire.","robots":{"index":"index","follow":"follow","max-snippet":"max-snippet:-1","max-image-preview":"max-image-preview:large","max-video-preview":"max-video-preview:-1"},"canonical":"https:\/\/induzon.com\/fr\/produit\/abri-meteo-capteur-220mm-abri-meteorologique-abri-solaire-vent-coque-meteo-abri-anti-radiations-pour-station-meteo-sonde-exterieur\/","og_locale":"fr_FR","og_type":"article","og_title":"Abri M\u00e9t\u00e9o 220mm pour Capteur et Sonde - Induzon","og_description":"Abri m\u00e9t\u00e9orologique pour station m\u00e9t\u00e9o Capteur et Sonde . Prot\u00e8ge votre capteur et sonde m\u00e9t\u00e9o des intemp\u00e9ries et du rayonnement solaire.","og_url":"https:\/\/induzon.com\/fr\/produit\/abri-meteo-capteur-220mm-abri-meteorologique-abri-solaire-vent-coque-meteo-abri-anti-radiations-pour-station-meteo-sonde-exterieur\/","og_site_name":"induzon","article_modified_time":"2026-01-12T08:46:55+00:00","og_image":[{"width":1500,"height":1500,"url":"https:\/\/induzon.com\/wp-content\/uploads\/2025\/01\/6\u5c42.jpg","type":"image\/jpeg"}],"twitter_card":"summary_large_image","twitter_misc":{"Dur\u00e9e de lecture estim\u00e9e":"1 minute"},"schema":{"@context":"https:\/\/schema.org","@graph":[{"@type":"WebPage","@id":"https:\/\/induzon.com\/fr\/produit\/abri-meteo-capteur-220mm-abri-meteorologique-abri-solaire-vent-coque-meteo-abri-anti-radiations-pour-station-meteo-sonde-exterieur\/","url":"https:\/\/induzon.com\/fr\/produit\/abri-meteo-capteur-220mm-abri-meteorologique-abri-solaire-vent-coque-meteo-abri-anti-radiations-pour-station-meteo-sonde-exterieur\/","name":"Abri M\u00e9t\u00e9o 220mm pour Capteur et Sonde - Induzon","isPartOf":{"@id":"https:\/\/induzon.com\/fr\/#website"},"primaryImageOfPage":{"@id":"https:\/\/induzon.com\/fr\/produit\/abri-meteo-capteur-220mm-abri-meteorologique-abri-solaire-vent-coque-meteo-abri-anti-radiations-pour-station-meteo-sonde-exterieur\/#primaryimage"},"image":{"@id":"https:\/\/induzon.com\/fr\/produit\/abri-meteo-capteur-220mm-abri-meteorologique-abri-solaire-vent-coque-meteo-abri-anti-radiations-pour-station-meteo-sonde-exterieur\/#primaryimage"},"thumbnailUrl":"https:\/\/induzon.com\/wp-content\/uploads\/2025\/01\/6\u5c42.jpg","datePublished":"2025-02-26T09:21:33+00:00","dateModified":"2026-01-12T08:46:55+00:00","description":"Abri m\u00e9t\u00e9orologique pour station m\u00e9t\u00e9o Capteur et Sonde . Prot\u00e8ge votre capteur et sonde m\u00e9t\u00e9o des intemp\u00e9ries et du rayonnement solaire.","breadcrumb":{"@id":"https:\/\/induzon.com\/fr\/produit\/abri-meteo-capteur-220mm-abri-meteorologique-abri-solaire-vent-coque-meteo-abri-anti-radiations-pour-station-meteo-sonde-exterieur\/#breadcrumb"},"inLanguage":"fr-FR","potentialAction":[{"@type":"ReadAction","target":["https:\/\/induzon.com\/fr\/produit\/abri-meteo-capteur-220mm-abri-meteorologique-abri-solaire-vent-coque-meteo-abri-anti-radiations-pour-station-meteo-sonde-exterieur\/"]}]},{"@type":"ImageObject","inLanguage":"fr-FR","@id":"https:\/\/induzon.com\/fr\/produit\/abri-meteo-capteur-220mm-abri-meteorologique-abri-solaire-vent-coque-meteo-abri-anti-radiations-pour-station-meteo-sonde-exterieur\/#primaryimage","url":"https:\/\/induzon.com\/wp-content\/uploads\/2025\/01\/6\u5c42.jpg","contentUrl":"https:\/\/induzon.com\/wp-content\/uploads\/2025\/01\/6\u5c42.jpg","width":1500,"height":1500,"caption":"Abri M\u00e9t\u00e9o 220mm pour Capteur et Sonde"},{"@type":"BreadcrumbList","@id":"https:\/\/induzon.com\/fr\/produit\/abri-meteo-capteur-220mm-abri-meteorologique-abri-solaire-vent-coque-meteo-abri-anti-radiations-pour-station-meteo-sonde-exterieur\/#breadcrumb","itemListElement":[{"@type":"ListItem","position":1,"name":"\u9996\u9875","item":"https:\/\/induzon.com\/fr\/"},{"@type":"ListItem","position":2,"name":"Boutique","item":"https:\/\/induzon.com\/fr\/boutique\/"},{"@type":"ListItem","position":3,"name":"Abri meteo capteur 220mm abri meteorologique abri solaire vent coque m\u00e9t\u00e9o abri anti radiations pour station meteo sonde exterieur"}]},{"@type":"WebSite","@id":"https:\/\/induzon.com\/fr\/#website","url":"https:\/\/induzon.com\/fr\/","name":"induzon","description":"","publisher":{"@id":"https:\/\/induzon.com\/fr\/#organization"},"potentialAction":[{"@type":"SearchAction","target":{"@type":"EntryPoint","urlTemplate":"https:\/\/induzon.com\/fr\/?s={search_term_string}"},"query-input":{"@type":"PropertyValueSpecification","valueRequired":true,"valueName":"search_term_string"}}],"inLanguage":"fr-FR"},{"@type":"Organization","@id":"https:\/\/induzon.com\/fr\/#organization","name":"induzon","url":"https:\/\/induzon.com\/fr\/","logo":{"@type":"ImageObject","inLanguage":"fr-FR","@id":"https:\/\/induzon.com\/fr\/#\/schema\/logo\/image\/","url":"https:\/\/induzon.com\/wp-content\/uploads\/2025\/05\/cropped-026.png","contentUrl":"https:\/\/induzon.com\/wp-content\/uploads\/2025\/05\/cropped-026.png","width":512,"height":512,"caption":"induzon"},"image":{"@id":"https:\/\/induzon.com\/fr\/#\/schema\/logo\/image\/"}}]}},"_links":{"self":[{"href":"https:\/\/induzon.com\/fr\/wp-json\/wp\/v2\/product\/5300","targetHints":{"allow":["GET"]}}],"collection":[{"href":"https:\/\/induzon.com\/fr\/wp-json\/wp\/v2\/product"}],"about":[{"href":"https:\/\/induzon.com\/fr\/wp-json\/wp\/v2\/types\/product"}],"replies":[{"embeddable":true,"href":"https:\/\/induzon.com\/fr\/wp-json\/wp\/v2\/comments?post=5300"}],"version-history":[{"count":1,"href":"https:\/\/induzon.com\/fr\/wp-json\/wp\/v2\/product\/5300\/revisions"}],"predecessor-version":[{"id":32917,"href":"https:\/\/induzon.com\/fr\/wp-json\/wp\/v2\/product\/5300\/revisions\/32917"}],"wp:featuredmedia":[{"embeddable":true,"href":"https:\/\/induzon.com\/fr\/wp-json\/wp\/v2\/media\/2164"}],"wp:attachment":[{"href":"https:\/\/induzon.com\/fr\/wp-json\/wp\/v2\/media?parent=5300"}],"wp:term":[{"taxonomy":"product_brand","embeddable":true,"href":"https:\/\/induzon.com\/fr\/wp-json\/wp\/v2\/product_brand?post=5300"},{"taxonomy":"product_cat","embeddable":true,"href":"https:\/\/induzon.com\/fr\/wp-json\/wp\/v2\/product_cat?post=5300"},{"taxonomy":"product_tag","embeddable":true,"href":"https:\/\/induzon.com\/fr\/wp-json\/wp\/v2\/product_tag?post=5300"}],"curies":[{"name":"wp","href":"https:\/\/api.w.org\/{rel}","templated":true}]}}