{"id":6417,"date":"2025-04-25T14:16:00","date_gmt":"2025-04-25T06:16:00","guid":{"rendered":"https:\/\/induzon.com\/shop\/collecteur-de-poussiere-depoussiereur-industriel-aspirateur-de-sciure-datelier-750w-pour-menuisier-avec-sac-filtre-tuyau-capot-aspiration-ramassesciure-bois-exhausteur-portable-horizontal\/"},"modified":"2026-01-12T11:55:02","modified_gmt":"2026-01-12T03:55:02","slug":"collecteur-de-poussiere-depoussiereur-industriel-aspirateur-de-sciure-datelier-750w-pour-menuisier-avec-sac-filtre-tuyau-capot-aspiration-ramassesciure-bois-exhausteur-portable-horizontal","status":"publish","type":"product","link":"https:\/\/induzon.com\/fr\/produit\/collecteur-de-poussiere-depoussiereur-industriel-aspirateur-de-sciure-datelier-750w-pour-menuisier-avec-sac-filtre-tuyau-capot-aspiration-ramassesciure-bois-exhausteur-portable-horizontal\/","title":{"rendered":"Collecteur de poussi\u00e8re d\u00e9poussi\u00e9reur industriel aspirateur de sciure d&rsquo;atelier 750w pour menuisier avec sac filtre tuyau capot aspiration ramassesciure bois exhausteur portable horizontal"},"content":{"rendered":"<p>1.D\u00e9poussi\u00e9reur Aspirateur Portable pour Atelier: Id\u00e9al pour les menuisiers, cet aspirateur de sciure d&rsquo;atelier offre une solution compacte et mobile pour maintenir votre espace de travail propre.<br \/>\n2.Aspirateur de Sciure avec Collecteur Horizontal: Con\u00e7u pour optimiser l&rsquo;espace, ce mod\u00e8le horizontal de sac de collecte de sciure assure un ramassage efficace des d\u00e9bris de bois.<br \/>\n3.\u00c9quip\u00e9 d&rsquo;un Filtre \u00e0 Manches pour une Capture Sup\u00e9rieure de la Poussi\u00e8re: Gr\u00e2ce \u00e0 son filtre \u00e0 manches, cet aspirateur de poussi\u00e8re pour bois garantit une filtration efficace des particules fines.<br \/>\n4.D\u00e9poussi\u00e9reur Industriel Portable pour Raboteuses et Scies: Performant pour les outils de menuiserie, il capture la sciure et la poussi\u00e8re directement \u00e0 la source, am\u00e9liorant ainsi la qualit\u00e9 de l&rsquo;air.<br \/>\n5.Facile \u00e0 Utiliser et \u00e0 Entretenir: Dot\u00e9 d&rsquo;un design ergonomique et d&rsquo;une poche de collecte de sciure facile \u00e0 vider, cet aspirateur est con\u00e7u pour simplifier le nettoyage apr\u00e8s chaque utilisation.<\/p>\n","protected":false},"excerpt":{"rendered":"<p>1.D\u00e9poussi\u00e9reur Aspirateur Portable pour Atelier: Id\u00e9al pour les menuisiers, cet aspirateur de sciure d&rsquo;atelier offre une solution compacte et mobile [&hellip;]<\/p>\n","protected":false},"featured_media":6286,"comment_status":"open","ping_status":"closed","template":"","meta":{"site-sidebar-layout":"default","site-content-layout":"","ast-site-content-layout":"default","site-content-style":"default","site-sidebar-style":"default","ast-global-header-display":"","ast-banner-title-visibility":"","ast-main-header-display":"","ast-hfb-above-header-display":"","ast-hfb-below-header-display":"","ast-hfb-mobile-header-display":"","site-post-title":"","ast-breadcrumbs-content":"","ast-featured-img":"","footer-sml-layout":"","theme-transparent-header-meta":"default","adv-header-id-meta":"","stick-header-meta":"","header-above-stick-meta":"","header-main-stick-meta":"","header-below-stick-meta":"","astra-migrate-meta-layouts":"set","ast-page-background-enabled":"default","ast-page-background-meta":{"desktop":{"background-color":"var(--ast-global-color-4)","background-image":"","background-repeat":"repeat","background-position":"center center","background-size":"auto","background-attachment":"scroll","background-type":"","background-media":"","overlay-type":"","overlay-color":"","overlay-opacity":"","overlay-gradient":""},"tablet":{"background-color":"","background-image":"","background-repeat":"repeat","background-position":"center center","background-size":"auto","background-attachment":"scroll","background-type":"","background-media":"","overlay-type":"","overlay-color":"","overlay-opacity":"","overlay-gradient":""},"mobile":{"background-color":"","background-image":"","background-repeat":"repeat","background-position":"center center","background-size":"auto","background-attachment":"scroll","background-type":"","background-media":"","overlay-type":"","overlay-color":"","overlay-opacity":"","overlay-gradient":""}},"ast-content-background-meta":{"desktop":{"background-color":"var(--ast-global-color-5)","background-image":"","background-repeat":"repeat","background-position":"center center","background-size":"auto","background-attachment":"scroll","background-type":"","background-media":"","overlay-type":"","overlay-color":"","overlay-opacity":"","overlay-gradient":""},"tablet":{"background-color":"var(--ast-global-color-5)","background-image":"","background-repeat":"repeat","background-position":"center center","background-size":"auto","background-attachment":"scroll","background-type":"","background-media":"","overlay-type":"","overlay-color":"","overlay-opacity":"","overlay-gradient":""},"mobile":{"background-color":"var(--ast-global-color-5)","background-image":"","background-repeat":"repeat","background-position":"center center","background-size":"auto","background-attachment":"scroll","background-type":"","background-media":"","overlay-type":"","overlay-color":"","overlay-opacity":"","overlay-gradient":""}}},"product_brand":[],"product_cat":[767,766,764,765],"product_tag":[768],"class_list":{"0":"post-6417","1":"product","2":"type-product","3":"status-publish","4":"has-post-thumbnail","6":"product_cat-aspirateur-industriel","7":"product_cat-nettoyage-de-la-maison","8":"product_cat-outils-materiels","9":"product_cat-outils-pour-le-travail-du-bois","10":"product_tag-depoussierage","11":"desktop-align-left","12":"tablet-align-left","13":"mobile-align-left","15":"first","16":"instock","17":"sale","18":"shipping-taxable","19":"purchasable","20":"product-type-simple"},"yoast_head":"<!-- This site is optimized with the Yoast SEO plugin v24.9 - https:\/\/yoast.com\/wordpress\/plugins\/seo\/ -->\r\n<title>D\u00e9poussi\u00e9reur industriel 750W aspirateur sciure -Induzon<\/title>\r\n<meta name=\"description\" content=\"D\u00e9couvrez nos aspirateurs de sciure pour menuisier, d\u00e9poussi\u00e9reurs industriels portables et sacs de collecte. Solution horizontale et cyclonique pour bois.\" \/>\r\n<meta name=\"robots\" content=\"index, follow, max-snippet:-1, max-image-preview:large, max-video-preview:-1\" \/>\r\n<link rel=\"canonical\" href=\"https:\/\/induzon.com\/fr\/produit\/collecteur-de-poussiere-depoussiereur-industriel-aspirateur-de-sciure-datelier-750w-pour-menuisier-avec-sac-filtre-tuyau-capot-aspiration-ramassesciure-bois-exhausteur-portable-horizontal\/\" \/>\r\n<meta property=\"og:locale\" content=\"fr_FR\" \/>\r\n<meta property=\"og:type\" content=\"article\" \/>\r\n<meta property=\"og:title\" content=\"D\u00e9poussi\u00e9reur industriel 750W aspirateur sciure -Induzon\" \/>\r\n<meta property=\"og:description\" content=\"D\u00e9couvrez nos aspirateurs de sciure pour menuisier, d\u00e9poussi\u00e9reurs industriels portables et sacs de collecte. Solution horizontale et cyclonique pour bois.\" \/>\r\n<meta property=\"og:url\" content=\"https:\/\/induzon.com\/fr\/produit\/collecteur-de-poussiere-depoussiereur-industriel-aspirateur-de-sciure-datelier-750w-pour-menuisier-avec-sac-filtre-tuyau-capot-aspiration-ramassesciure-bois-exhausteur-portable-horizontal\/\" \/>\r\n<meta property=\"og:site_name\" content=\"induzon\" \/>\r\n<meta property=\"article:modified_time\" content=\"2026-01-12T03:55:02+00:00\" \/>\r\n<meta property=\"og:image\" content=\"https:\/\/induzon.com\/wp-content\/uploads\/2025\/04\/\u56fe-1.jpg\" \/>\r\n\t<meta property=\"og:image:width\" content=\"1500\" \/>\r\n\t<meta property=\"og:image:height\" content=\"1500\" \/>\r\n\t<meta property=\"og:image:type\" content=\"image\/jpeg\" \/>\r\n<meta name=\"twitter:card\" content=\"summary_large_image\" \/>\r\n<meta name=\"twitter:label1\" content=\"Dur\u00e9e de lecture estim\u00e9e\" \/>\n\t<meta name=\"twitter:data1\" content=\"1 minute\" \/>\r\n<script type=\"application\/ld+json\" class=\"yoast-schema-graph\">{\"@context\":\"https:\/\/schema.org\",\"@graph\":[{\"@type\":\"WebPage\",\"@id\":\"https:\/\/induzon.com\/fr\/produit\/collecteur-de-poussiere-depoussiereur-industriel-aspirateur-de-sciure-datelier-750w-pour-menuisier-avec-sac-filtre-tuyau-capot-aspiration-ramassesciure-bois-exhausteur-portable-horizontal\/\",\"url\":\"https:\/\/induzon.com\/fr\/produit\/collecteur-de-poussiere-depoussiereur-industriel-aspirateur-de-sciure-datelier-750w-pour-menuisier-avec-sac-filtre-tuyau-capot-aspiration-ramassesciure-bois-exhausteur-portable-horizontal\/\",\"name\":\"D\u00e9poussi\u00e9reur industriel 750W aspirateur sciure -Induzon\",\"isPartOf\":{\"@id\":\"https:\/\/induzon.com\/fr\/#website\"},\"primaryImageOfPage\":{\"@id\":\"https:\/\/induzon.com\/fr\/produit\/collecteur-de-poussiere-depoussiereur-industriel-aspirateur-de-sciure-datelier-750w-pour-menuisier-avec-sac-filtre-tuyau-capot-aspiration-ramassesciure-bois-exhausteur-portable-horizontal\/#primaryimage\"},\"image\":{\"@id\":\"https:\/\/induzon.com\/fr\/produit\/collecteur-de-poussiere-depoussiereur-industriel-aspirateur-de-sciure-datelier-750w-pour-menuisier-avec-sac-filtre-tuyau-capot-aspiration-ramassesciure-bois-exhausteur-portable-horizontal\/#primaryimage\"},\"thumbnailUrl\":\"https:\/\/induzon.com\/wp-content\/uploads\/2025\/04\/\u56fe-1.jpg\",\"datePublished\":\"2025-04-25T06:16:00+00:00\",\"dateModified\":\"2026-01-12T03:55:02+00:00\",\"description\":\"D\u00e9couvrez nos aspirateurs de sciure pour menuisier, d\u00e9poussi\u00e9reurs industriels portables et sacs de collecte. Solution horizontale et cyclonique pour bois.\",\"breadcrumb\":{\"@id\":\"https:\/\/induzon.com\/fr\/produit\/collecteur-de-poussiere-depoussiereur-industriel-aspirateur-de-sciure-datelier-750w-pour-menuisier-avec-sac-filtre-tuyau-capot-aspiration-ramassesciure-bois-exhausteur-portable-horizontal\/#breadcrumb\"},\"inLanguage\":\"fr-FR\",\"potentialAction\":[{\"@type\":\"ReadAction\",\"target\":[\"https:\/\/induzon.com\/fr\/produit\/collecteur-de-poussiere-depoussiereur-industriel-aspirateur-de-sciure-datelier-750w-pour-menuisier-avec-sac-filtre-tuyau-capot-aspiration-ramassesciure-bois-exhausteur-portable-horizontal\/\"]}]},{\"@type\":\"ImageObject\",\"inLanguage\":\"fr-FR\",\"@id\":\"https:\/\/induzon.com\/fr\/produit\/collecteur-de-poussiere-depoussiereur-industriel-aspirateur-de-sciure-datelier-750w-pour-menuisier-avec-sac-filtre-tuyau-capot-aspiration-ramassesciure-bois-exhausteur-portable-horizontal\/#primaryimage\",\"url\":\"https:\/\/induzon.com\/wp-content\/uploads\/2025\/04\/\u56fe-1.jpg\",\"contentUrl\":\"https:\/\/induzon.com\/wp-content\/uploads\/2025\/04\/\u56fe-1.jpg\",\"width\":1500,\"height\":1500,\"caption\":\"D\u00e9poussi\u00e9reur industriel 750W aspirateur sciure\"},{\"@type\":\"BreadcrumbList\",\"@id\":\"https:\/\/induzon.com\/fr\/produit\/collecteur-de-poussiere-depoussiereur-industriel-aspirateur-de-sciure-datelier-750w-pour-menuisier-avec-sac-filtre-tuyau-capot-aspiration-ramassesciure-bois-exhausteur-portable-horizontal\/#breadcrumb\",\"itemListElement\":[{\"@type\":\"ListItem\",\"position\":1,\"name\":\"\u9996\u9875\",\"item\":\"https:\/\/induzon.com\/fr\/\"},{\"@type\":\"ListItem\",\"position\":2,\"name\":\"Boutique\",\"item\":\"https:\/\/induzon.com\/fr\/boutique\/\"},{\"@type\":\"ListItem\",\"position\":3,\"name\":\"Collecteur de poussi\u00e8re d\u00e9poussi\u00e9reur industriel aspirateur de sciure d&#8217;atelier 750w pour menuisier avec sac filtre tuyau capot aspiration ramassesciure bois exhausteur portable horizontal\"}]},{\"@type\":\"WebSite\",\"@id\":\"https:\/\/induzon.com\/fr\/#website\",\"url\":\"https:\/\/induzon.com\/fr\/\",\"name\":\"induzon\",\"description\":\"\",\"publisher\":{\"@id\":\"https:\/\/induzon.com\/fr\/#organization\"},\"potentialAction\":[{\"@type\":\"SearchAction\",\"target\":{\"@type\":\"EntryPoint\",\"urlTemplate\":\"https:\/\/induzon.com\/fr\/?s={search_term_string}\"},\"query-input\":{\"@type\":\"PropertyValueSpecification\",\"valueRequired\":true,\"valueName\":\"search_term_string\"}}],\"inLanguage\":\"fr-FR\"},{\"@type\":\"Organization\",\"@id\":\"https:\/\/induzon.com\/fr\/#organization\",\"name\":\"induzon\",\"url\":\"https:\/\/induzon.com\/fr\/\",\"logo\":{\"@type\":\"ImageObject\",\"inLanguage\":\"fr-FR\",\"@id\":\"https:\/\/induzon.com\/fr\/#\/schema\/logo\/image\/\",\"url\":\"https:\/\/induzon.com\/wp-content\/uploads\/2025\/05\/cropped-026.png\",\"contentUrl\":\"https:\/\/induzon.com\/wp-content\/uploads\/2025\/05\/cropped-026.png\",\"width\":512,\"height\":512,\"caption\":\"induzon\"},\"image\":{\"@id\":\"https:\/\/induzon.com\/fr\/#\/schema\/logo\/image\/\"}}]}<\/script>\r\n<!-- \/ Yoast SEO plugin. -->","yoast_head_json":{"title":"D\u00e9poussi\u00e9reur industriel 750W aspirateur sciure -Induzon","description":"D\u00e9couvrez nos aspirateurs de sciure pour menuisier, d\u00e9poussi\u00e9reurs industriels portables et sacs de collecte. Solution horizontale et cyclonique pour bois.","robots":{"index":"index","follow":"follow","max-snippet":"max-snippet:-1","max-image-preview":"max-image-preview:large","max-video-preview":"max-video-preview:-1"},"canonical":"https:\/\/induzon.com\/fr\/produit\/collecteur-de-poussiere-depoussiereur-industriel-aspirateur-de-sciure-datelier-750w-pour-menuisier-avec-sac-filtre-tuyau-capot-aspiration-ramassesciure-bois-exhausteur-portable-horizontal\/","og_locale":"fr_FR","og_type":"article","og_title":"D\u00e9poussi\u00e9reur industriel 750W aspirateur sciure -Induzon","og_description":"D\u00e9couvrez nos aspirateurs de sciure pour menuisier, d\u00e9poussi\u00e9reurs industriels portables et sacs de collecte. Solution horizontale et cyclonique pour bois.","og_url":"https:\/\/induzon.com\/fr\/produit\/collecteur-de-poussiere-depoussiereur-industriel-aspirateur-de-sciure-datelier-750w-pour-menuisier-avec-sac-filtre-tuyau-capot-aspiration-ramassesciure-bois-exhausteur-portable-horizontal\/","og_site_name":"induzon","article_modified_time":"2026-01-12T03:55:02+00:00","og_image":[{"width":1500,"height":1500,"url":"https:\/\/induzon.com\/wp-content\/uploads\/2025\/04\/\u56fe-1.jpg","type":"image\/jpeg"}],"twitter_card":"summary_large_image","twitter_misc":{"Dur\u00e9e de lecture estim\u00e9e":"1 minute"},"schema":{"@context":"https:\/\/schema.org","@graph":[{"@type":"WebPage","@id":"https:\/\/induzon.com\/fr\/produit\/collecteur-de-poussiere-depoussiereur-industriel-aspirateur-de-sciure-datelier-750w-pour-menuisier-avec-sac-filtre-tuyau-capot-aspiration-ramassesciure-bois-exhausteur-portable-horizontal\/","url":"https:\/\/induzon.com\/fr\/produit\/collecteur-de-poussiere-depoussiereur-industriel-aspirateur-de-sciure-datelier-750w-pour-menuisier-avec-sac-filtre-tuyau-capot-aspiration-ramassesciure-bois-exhausteur-portable-horizontal\/","name":"D\u00e9poussi\u00e9reur industriel 750W aspirateur sciure -Induzon","isPartOf":{"@id":"https:\/\/induzon.com\/fr\/#website"},"primaryImageOfPage":{"@id":"https:\/\/induzon.com\/fr\/produit\/collecteur-de-poussiere-depoussiereur-industriel-aspirateur-de-sciure-datelier-750w-pour-menuisier-avec-sac-filtre-tuyau-capot-aspiration-ramassesciure-bois-exhausteur-portable-horizontal\/#primaryimage"},"image":{"@id":"https:\/\/induzon.com\/fr\/produit\/collecteur-de-poussiere-depoussiereur-industriel-aspirateur-de-sciure-datelier-750w-pour-menuisier-avec-sac-filtre-tuyau-capot-aspiration-ramassesciure-bois-exhausteur-portable-horizontal\/#primaryimage"},"thumbnailUrl":"https:\/\/induzon.com\/wp-content\/uploads\/2025\/04\/\u56fe-1.jpg","datePublished":"2025-04-25T06:16:00+00:00","dateModified":"2026-01-12T03:55:02+00:00","description":"D\u00e9couvrez nos aspirateurs de sciure pour menuisier, d\u00e9poussi\u00e9reurs industriels portables et sacs de collecte. Solution horizontale et cyclonique pour bois.","breadcrumb":{"@id":"https:\/\/induzon.com\/fr\/produit\/collecteur-de-poussiere-depoussiereur-industriel-aspirateur-de-sciure-datelier-750w-pour-menuisier-avec-sac-filtre-tuyau-capot-aspiration-ramassesciure-bois-exhausteur-portable-horizontal\/#breadcrumb"},"inLanguage":"fr-FR","potentialAction":[{"@type":"ReadAction","target":["https:\/\/induzon.com\/fr\/produit\/collecteur-de-poussiere-depoussiereur-industriel-aspirateur-de-sciure-datelier-750w-pour-menuisier-avec-sac-filtre-tuyau-capot-aspiration-ramassesciure-bois-exhausteur-portable-horizontal\/"]}]},{"@type":"ImageObject","inLanguage":"fr-FR","@id":"https:\/\/induzon.com\/fr\/produit\/collecteur-de-poussiere-depoussiereur-industriel-aspirateur-de-sciure-datelier-750w-pour-menuisier-avec-sac-filtre-tuyau-capot-aspiration-ramassesciure-bois-exhausteur-portable-horizontal\/#primaryimage","url":"https:\/\/induzon.com\/wp-content\/uploads\/2025\/04\/\u56fe-1.jpg","contentUrl":"https:\/\/induzon.com\/wp-content\/uploads\/2025\/04\/\u56fe-1.jpg","width":1500,"height":1500,"caption":"D\u00e9poussi\u00e9reur industriel 750W aspirateur sciure"},{"@type":"BreadcrumbList","@id":"https:\/\/induzon.com\/fr\/produit\/collecteur-de-poussiere-depoussiereur-industriel-aspirateur-de-sciure-datelier-750w-pour-menuisier-avec-sac-filtre-tuyau-capot-aspiration-ramassesciure-bois-exhausteur-portable-horizontal\/#breadcrumb","itemListElement":[{"@type":"ListItem","position":1,"name":"\u9996\u9875","item":"https:\/\/induzon.com\/fr\/"},{"@type":"ListItem","position":2,"name":"Boutique","item":"https:\/\/induzon.com\/fr\/boutique\/"},{"@type":"ListItem","position":3,"name":"Collecteur de poussi\u00e8re d\u00e9poussi\u00e9reur industriel aspirateur de sciure d&#8217;atelier 750w pour menuisier avec sac filtre tuyau capot aspiration ramassesciure bois exhausteur portable horizontal"}]},{"@type":"WebSite","@id":"https:\/\/induzon.com\/fr\/#website","url":"https:\/\/induzon.com\/fr\/","name":"induzon","description":"","publisher":{"@id":"https:\/\/induzon.com\/fr\/#organization"},"potentialAction":[{"@type":"SearchAction","target":{"@type":"EntryPoint","urlTemplate":"https:\/\/induzon.com\/fr\/?s={search_term_string}"},"query-input":{"@type":"PropertyValueSpecification","valueRequired":true,"valueName":"search_term_string"}}],"inLanguage":"fr-FR"},{"@type":"Organization","@id":"https:\/\/induzon.com\/fr\/#organization","name":"induzon","url":"https:\/\/induzon.com\/fr\/","logo":{"@type":"ImageObject","inLanguage":"fr-FR","@id":"https:\/\/induzon.com\/fr\/#\/schema\/logo\/image\/","url":"https:\/\/induzon.com\/wp-content\/uploads\/2025\/05\/cropped-026.png","contentUrl":"https:\/\/induzon.com\/wp-content\/uploads\/2025\/05\/cropped-026.png","width":512,"height":512,"caption":"induzon"},"image":{"@id":"https:\/\/induzon.com\/fr\/#\/schema\/logo\/image\/"}}]}},"_links":{"self":[{"href":"https:\/\/induzon.com\/fr\/wp-json\/wp\/v2\/product\/6417","targetHints":{"allow":["GET"]}}],"collection":[{"href":"https:\/\/induzon.com\/fr\/wp-json\/wp\/v2\/product"}],"about":[{"href":"https:\/\/induzon.com\/fr\/wp-json\/wp\/v2\/types\/product"}],"replies":[{"embeddable":true,"href":"https:\/\/induzon.com\/fr\/wp-json\/wp\/v2\/comments?post=6417"}],"version-history":[{"count":2,"href":"https:\/\/induzon.com\/fr\/wp-json\/wp\/v2\/product\/6417\/revisions"}],"predecessor-version":[{"id":32894,"href":"https:\/\/induzon.com\/fr\/wp-json\/wp\/v2\/product\/6417\/revisions\/32894"}],"wp:featuredmedia":[{"embeddable":true,"href":"https:\/\/induzon.com\/fr\/wp-json\/wp\/v2\/media\/6286"}],"wp:attachment":[{"href":"https:\/\/induzon.com\/fr\/wp-json\/wp\/v2\/media?parent=6417"}],"wp:term":[{"taxonomy":"product_brand","embeddable":true,"href":"https:\/\/induzon.com\/fr\/wp-json\/wp\/v2\/product_brand?post=6417"},{"taxonomy":"product_cat","embeddable":true,"href":"https:\/\/induzon.com\/fr\/wp-json\/wp\/v2\/product_cat?post=6417"},{"taxonomy":"product_tag","embeddable":true,"href":"https:\/\/induzon.com\/fr\/wp-json\/wp\/v2\/product_tag?post=6417"}],"curies":[{"name":"wp","href":"https:\/\/api.w.org\/{rel}","templated":true}]}}