{"id":6520,"date":"2025-04-28T13:10:26","date_gmt":"2025-04-28T05:10:26","guid":{"rendered":"https:\/\/induzon.com\/shop\/kit-siphon-baignoire-avec-clapet-pour-bonde-de-douche-clic-clac-ensemble-bouchon-vidange-universelle-pied-salle-de-bain-flexible-tuyau-trop-plein-baignoire-evacuation-automatique\/"},"modified":"2026-01-27T10:41:49","modified_gmt":"2026-01-27T02:41:49","slug":"kit-siphon-baignoire-avec-clapet-pour-bonde-de-douche-clic-clac-ensemble-bouchon-vidange-universelle-pied-salle-de-bain-flexible-tuyau-trop-plein-baignoire-evacuation-automatique","status":"publish","type":"product","link":"https:\/\/induzon.com\/fr\/produit\/kit-siphon-baignoire-avec-clapet-pour-bonde-de-douche-clic-clac-ensemble-bouchon-vidange-universelle-pied-salle-de-bain-flexible-tuyau-trop-plein-baignoire-evacuation-automatique\/","title":{"rendered":"kit siphon baignoire avec clapet pour bonde de douche clic clac ensemble bouchon vidange universelle pied salle de bain flexible tuyau trop plein baignoire \u00e9vacuation automatique"},"content":{"rendered":"<p>1.Pied de Baignoire Universel: Con\u00e7u pour s&rsquo;adapter \u00e0 la plupart des baignoires, ce kit de vidange offre une installation facile et rapide.<br \/>\n2.Vidange Automatique et Pr\u00e9cise: Actionnez simplement le pied pour vider l&rsquo;eau; id\u00e9al pour les personnes \u00e0 la recherche d&rsquo;une solution pratique et ergonomique.<br \/>\n3.Inclus Accessoires Essentiels: Le kit comprend un siphon, un bouchon de vidange universel et un tuyau, ainsi qu&rsquo;un dispositif de trop-plein pour une utilisation s\u00fbre et efficace.<br \/>\n4.Mat\u00e9riau de Qualit\u00e9 Sup\u00e9rieure: Fabriqu\u00e9 avec des mat\u00e9riaux durables et r\u00e9sistants \u00e0 la corrosion, garantissant une longue dur\u00e9e de vie et une performance optimale.<br \/>\n5.Facile \u00e0 Installer et \u00e0 Entretenir: Instructions simples pour une installation sans tracas, et un design qui facilite le nettoyage pour maintenir votre baignoire propre et hygi\u00e9nique.<\/p>\n","protected":false},"excerpt":{"rendered":"<p>1.Pied de Baignoire Universel: Con\u00e7u pour s&rsquo;adapter \u00e0 la plupart des baignoires, ce kit de vidange offre une installation facile [&hellip;]<\/p>\n","protected":false},"featured_media":6506,"comment_status":"open","ping_status":"closed","template":"","meta":{"site-sidebar-layout":"default","site-content-layout":"","ast-site-content-layout":"default","site-content-style":"default","site-sidebar-style":"default","ast-global-header-display":"","ast-banner-title-visibility":"","ast-main-header-display":"","ast-hfb-above-header-display":"","ast-hfb-below-header-display":"","ast-hfb-mobile-header-display":"","site-post-title":"","ast-breadcrumbs-content":"","ast-featured-img":"","footer-sml-layout":"","theme-transparent-header-meta":"default","adv-header-id-meta":"","stick-header-meta":"","header-above-stick-meta":"","header-main-stick-meta":"","header-below-stick-meta":"","astra-migrate-meta-layouts":"set","ast-page-background-enabled":"default","ast-page-background-meta":{"desktop":{"background-color":"var(--ast-global-color-4)","background-image":"","background-repeat":"repeat","background-position":"center center","background-size":"auto","background-attachment":"scroll","background-type":"","background-media":"","overlay-type":"","overlay-color":"","overlay-opacity":"","overlay-gradient":""},"tablet":{"background-color":"","background-image":"","background-repeat":"repeat","background-position":"center center","background-size":"auto","background-attachment":"scroll","background-type":"","background-media":"","overlay-type":"","overlay-color":"","overlay-opacity":"","overlay-gradient":""},"mobile":{"background-color":"","background-image":"","background-repeat":"repeat","background-position":"center center","background-size":"auto","background-attachment":"scroll","background-type":"","background-media":"","overlay-type":"","overlay-color":"","overlay-opacity":"","overlay-gradient":""}},"ast-content-background-meta":{"desktop":{"background-color":"var(--ast-global-color-5)","background-image":"","background-repeat":"repeat","background-position":"center center","background-size":"auto","background-attachment":"scroll","background-type":"","background-media":"","overlay-type":"","overlay-color":"","overlay-opacity":"","overlay-gradient":""},"tablet":{"background-color":"var(--ast-global-color-5)","background-image":"","background-repeat":"repeat","background-position":"center center","background-size":"auto","background-attachment":"scroll","background-type":"","background-media":"","overlay-type":"","overlay-color":"","overlay-opacity":"","overlay-gradient":""},"mobile":{"background-color":"var(--ast-global-color-5)","background-image":"","background-repeat":"repeat","background-position":"center center","background-size":"auto","background-attachment":"scroll","background-type":"","background-media":"","overlay-type":"","overlay-color":"","overlay-opacity":"","overlay-gradient":""}}},"product_brand":[],"product_cat":[819,798,799],"product_tag":[710],"class_list":{"0":"post-6520","1":"product","2":"type-product","3":"status-publish","4":"has-post-thumbnail","6":"product_cat-accessoires-de-salle-de-bains","7":"product_cat-maison-et-cuisine","8":"product_cat-pieces-detachees-pour-baignoires","9":"product_tag-sprzet-czyszczacy-dla-gospodarstw-domowych-fr","10":"desktop-align-left","11":"tablet-align-left","12":"mobile-align-left","14":"first","15":"instock","16":"sale","17":"shipping-taxable","18":"purchasable","19":"product-type-simple"},"yoast_head":"<!-- This site is optimized with the Yoast SEO plugin v24.9 - https:\/\/yoast.com\/wordpress\/plugins\/seo\/ -->\r\n<title>Kit Siphon Baignoire Clapet Flexible Trop Plein Automatique<\/title>\r\n<meta name=\"description\" content=\"Bonde de baignoire universelle, bouchon \u00e0 p\u00e9dale, ensemble vidage avec siphon. Clapet de vidage, kit de vidange complet noir avec trop-plein.\" \/>\r\n<meta name=\"robots\" content=\"index, follow, max-snippet:-1, max-image-preview:large, max-video-preview:-1\" \/>\r\n<link rel=\"canonical\" href=\"https:\/\/induzon.com\/fr\/produit\/kit-siphon-baignoire-avec-clapet-pour-bonde-de-douche-clic-clac-ensemble-bouchon-vidange-universelle-pied-salle-de-bain-flexible-tuyau-trop-plein-baignoire-evacuation-automatique\/\" \/>\r\n<meta property=\"og:locale\" content=\"fr_FR\" \/>\r\n<meta property=\"og:type\" content=\"article\" \/>\r\n<meta property=\"og:title\" content=\"Kit Siphon Baignoire Clapet Flexible Trop Plein Automatique\" \/>\r\n<meta property=\"og:description\" content=\"Bonde de baignoire universelle, bouchon \u00e0 p\u00e9dale, ensemble vidage avec siphon. Clapet de vidage, kit de vidange complet noir avec trop-plein.\" \/>\r\n<meta property=\"og:url\" content=\"https:\/\/induzon.com\/fr\/produit\/kit-siphon-baignoire-avec-clapet-pour-bonde-de-douche-clic-clac-ensemble-bouchon-vidange-universelle-pied-salle-de-bain-flexible-tuyau-trop-plein-baignoire-evacuation-automatique\/\" \/>\r\n<meta property=\"og:site_name\" content=\"induzon\" \/>\r\n<meta property=\"article:modified_time\" content=\"2026-01-27T02:41:49+00:00\" \/>\r\n<meta property=\"og:image\" content=\"https:\/\/induzon.com\/wp-content\/uploads\/2025\/04\/6.jpg\" \/>\r\n\t<meta property=\"og:image:width\" content=\"1500\" \/>\r\n\t<meta property=\"og:image:height\" content=\"1500\" \/>\r\n\t<meta property=\"og:image:type\" content=\"image\/jpeg\" \/>\r\n<meta name=\"twitter:card\" content=\"summary_large_image\" \/>\r\n<meta name=\"twitter:label1\" content=\"Dur\u00e9e de lecture estim\u00e9e\" \/>\n\t<meta name=\"twitter:data1\" content=\"1 minute\" \/>\r\n<script type=\"application\/ld+json\" class=\"yoast-schema-graph\">{\"@context\":\"https:\/\/schema.org\",\"@graph\":[{\"@type\":\"WebPage\",\"@id\":\"https:\/\/induzon.com\/fr\/produit\/kit-siphon-baignoire-avec-clapet-pour-bonde-de-douche-clic-clac-ensemble-bouchon-vidange-universelle-pied-salle-de-bain-flexible-tuyau-trop-plein-baignoire-evacuation-automatique\/\",\"url\":\"https:\/\/induzon.com\/fr\/produit\/kit-siphon-baignoire-avec-clapet-pour-bonde-de-douche-clic-clac-ensemble-bouchon-vidange-universelle-pied-salle-de-bain-flexible-tuyau-trop-plein-baignoire-evacuation-automatique\/\",\"name\":\"Kit Siphon Baignoire Clapet Flexible Trop Plein Automatique\",\"isPartOf\":{\"@id\":\"https:\/\/induzon.com\/fr\/#website\"},\"primaryImageOfPage\":{\"@id\":\"https:\/\/induzon.com\/fr\/produit\/kit-siphon-baignoire-avec-clapet-pour-bonde-de-douche-clic-clac-ensemble-bouchon-vidange-universelle-pied-salle-de-bain-flexible-tuyau-trop-plein-baignoire-evacuation-automatique\/#primaryimage\"},\"image\":{\"@id\":\"https:\/\/induzon.com\/fr\/produit\/kit-siphon-baignoire-avec-clapet-pour-bonde-de-douche-clic-clac-ensemble-bouchon-vidange-universelle-pied-salle-de-bain-flexible-tuyau-trop-plein-baignoire-evacuation-automatique\/#primaryimage\"},\"thumbnailUrl\":\"https:\/\/induzon.com\/wp-content\/uploads\/2025\/04\/6.jpg\",\"datePublished\":\"2025-04-28T05:10:26+00:00\",\"dateModified\":\"2026-01-27T02:41:49+00:00\",\"description\":\"Bonde de baignoire universelle, bouchon \u00e0 p\u00e9dale, ensemble vidage avec siphon. Clapet de vidage, kit de vidange complet noir avec trop-plein.\",\"breadcrumb\":{\"@id\":\"https:\/\/induzon.com\/fr\/produit\/kit-siphon-baignoire-avec-clapet-pour-bonde-de-douche-clic-clac-ensemble-bouchon-vidange-universelle-pied-salle-de-bain-flexible-tuyau-trop-plein-baignoire-evacuation-automatique\/#breadcrumb\"},\"inLanguage\":\"fr-FR\",\"potentialAction\":[{\"@type\":\"ReadAction\",\"target\":[\"https:\/\/induzon.com\/fr\/produit\/kit-siphon-baignoire-avec-clapet-pour-bonde-de-douche-clic-clac-ensemble-bouchon-vidange-universelle-pied-salle-de-bain-flexible-tuyau-trop-plein-baignoire-evacuation-automatique\/\"]}]},{\"@type\":\"ImageObject\",\"inLanguage\":\"fr-FR\",\"@id\":\"https:\/\/induzon.com\/fr\/produit\/kit-siphon-baignoire-avec-clapet-pour-bonde-de-douche-clic-clac-ensemble-bouchon-vidange-universelle-pied-salle-de-bain-flexible-tuyau-trop-plein-baignoire-evacuation-automatique\/#primaryimage\",\"url\":\"https:\/\/induzon.com\/wp-content\/uploads\/2025\/04\/6.jpg\",\"contentUrl\":\"https:\/\/induzon.com\/wp-content\/uploads\/2025\/04\/6.jpg\",\"width\":1500,\"height\":1500,\"caption\":\"Bonde de baignoire universelle, bouchon \u00e0 p\u00e9dale, ensemble vidage avec siphon. Clapet de vidage, kit de vidange complet noir avec trop-plein.\"},{\"@type\":\"BreadcrumbList\",\"@id\":\"https:\/\/induzon.com\/fr\/produit\/kit-siphon-baignoire-avec-clapet-pour-bonde-de-douche-clic-clac-ensemble-bouchon-vidange-universelle-pied-salle-de-bain-flexible-tuyau-trop-plein-baignoire-evacuation-automatique\/#breadcrumb\",\"itemListElement\":[{\"@type\":\"ListItem\",\"position\":1,\"name\":\"\u9996\u9875\",\"item\":\"https:\/\/induzon.com\/fr\/\"},{\"@type\":\"ListItem\",\"position\":2,\"name\":\"Boutique\",\"item\":\"https:\/\/induzon.com\/fr\/boutique\/\"},{\"@type\":\"ListItem\",\"position\":3,\"name\":\"kit siphon baignoire avec clapet pour bonde de douche clic clac ensemble bouchon vidange universelle pied salle de bain flexible tuyau trop plein baignoire \u00e9vacuation automatique\"}]},{\"@type\":\"WebSite\",\"@id\":\"https:\/\/induzon.com\/fr\/#website\",\"url\":\"https:\/\/induzon.com\/fr\/\",\"name\":\"induzon\",\"description\":\"\",\"publisher\":{\"@id\":\"https:\/\/induzon.com\/fr\/#organization\"},\"potentialAction\":[{\"@type\":\"SearchAction\",\"target\":{\"@type\":\"EntryPoint\",\"urlTemplate\":\"https:\/\/induzon.com\/fr\/?s={search_term_string}\"},\"query-input\":{\"@type\":\"PropertyValueSpecification\",\"valueRequired\":true,\"valueName\":\"search_term_string\"}}],\"inLanguage\":\"fr-FR\"},{\"@type\":\"Organization\",\"@id\":\"https:\/\/induzon.com\/fr\/#organization\",\"name\":\"induzon\",\"url\":\"https:\/\/induzon.com\/fr\/\",\"logo\":{\"@type\":\"ImageObject\",\"inLanguage\":\"fr-FR\",\"@id\":\"https:\/\/induzon.com\/fr\/#\/schema\/logo\/image\/\",\"url\":\"https:\/\/induzon.com\/wp-content\/uploads\/2025\/05\/cropped-026.png\",\"contentUrl\":\"https:\/\/induzon.com\/wp-content\/uploads\/2025\/05\/cropped-026.png\",\"width\":512,\"height\":512,\"caption\":\"induzon\"},\"image\":{\"@id\":\"https:\/\/induzon.com\/fr\/#\/schema\/logo\/image\/\"}}]}<\/script>\r\n<!-- \/ Yoast SEO plugin. -->","yoast_head_json":{"title":"Kit Siphon Baignoire Clapet Flexible Trop Plein Automatique","description":"Bonde de baignoire universelle, bouchon \u00e0 p\u00e9dale, ensemble vidage avec siphon. Clapet de vidage, kit de vidange complet noir avec trop-plein.","robots":{"index":"index","follow":"follow","max-snippet":"max-snippet:-1","max-image-preview":"max-image-preview:large","max-video-preview":"max-video-preview:-1"},"canonical":"https:\/\/induzon.com\/fr\/produit\/kit-siphon-baignoire-avec-clapet-pour-bonde-de-douche-clic-clac-ensemble-bouchon-vidange-universelle-pied-salle-de-bain-flexible-tuyau-trop-plein-baignoire-evacuation-automatique\/","og_locale":"fr_FR","og_type":"article","og_title":"Kit Siphon Baignoire Clapet Flexible Trop Plein Automatique","og_description":"Bonde de baignoire universelle, bouchon \u00e0 p\u00e9dale, ensemble vidage avec siphon. Clapet de vidage, kit de vidange complet noir avec trop-plein.","og_url":"https:\/\/induzon.com\/fr\/produit\/kit-siphon-baignoire-avec-clapet-pour-bonde-de-douche-clic-clac-ensemble-bouchon-vidange-universelle-pied-salle-de-bain-flexible-tuyau-trop-plein-baignoire-evacuation-automatique\/","og_site_name":"induzon","article_modified_time":"2026-01-27T02:41:49+00:00","og_image":[{"width":1500,"height":1500,"url":"https:\/\/induzon.com\/wp-content\/uploads\/2025\/04\/6.jpg","type":"image\/jpeg"}],"twitter_card":"summary_large_image","twitter_misc":{"Dur\u00e9e de lecture estim\u00e9e":"1 minute"},"schema":{"@context":"https:\/\/schema.org","@graph":[{"@type":"WebPage","@id":"https:\/\/induzon.com\/fr\/produit\/kit-siphon-baignoire-avec-clapet-pour-bonde-de-douche-clic-clac-ensemble-bouchon-vidange-universelle-pied-salle-de-bain-flexible-tuyau-trop-plein-baignoire-evacuation-automatique\/","url":"https:\/\/induzon.com\/fr\/produit\/kit-siphon-baignoire-avec-clapet-pour-bonde-de-douche-clic-clac-ensemble-bouchon-vidange-universelle-pied-salle-de-bain-flexible-tuyau-trop-plein-baignoire-evacuation-automatique\/","name":"Kit Siphon Baignoire Clapet Flexible Trop Plein Automatique","isPartOf":{"@id":"https:\/\/induzon.com\/fr\/#website"},"primaryImageOfPage":{"@id":"https:\/\/induzon.com\/fr\/produit\/kit-siphon-baignoire-avec-clapet-pour-bonde-de-douche-clic-clac-ensemble-bouchon-vidange-universelle-pied-salle-de-bain-flexible-tuyau-trop-plein-baignoire-evacuation-automatique\/#primaryimage"},"image":{"@id":"https:\/\/induzon.com\/fr\/produit\/kit-siphon-baignoire-avec-clapet-pour-bonde-de-douche-clic-clac-ensemble-bouchon-vidange-universelle-pied-salle-de-bain-flexible-tuyau-trop-plein-baignoire-evacuation-automatique\/#primaryimage"},"thumbnailUrl":"https:\/\/induzon.com\/wp-content\/uploads\/2025\/04\/6.jpg","datePublished":"2025-04-28T05:10:26+00:00","dateModified":"2026-01-27T02:41:49+00:00","description":"Bonde de baignoire universelle, bouchon \u00e0 p\u00e9dale, ensemble vidage avec siphon. Clapet de vidage, kit de vidange complet noir avec trop-plein.","breadcrumb":{"@id":"https:\/\/induzon.com\/fr\/produit\/kit-siphon-baignoire-avec-clapet-pour-bonde-de-douche-clic-clac-ensemble-bouchon-vidange-universelle-pied-salle-de-bain-flexible-tuyau-trop-plein-baignoire-evacuation-automatique\/#breadcrumb"},"inLanguage":"fr-FR","potentialAction":[{"@type":"ReadAction","target":["https:\/\/induzon.com\/fr\/produit\/kit-siphon-baignoire-avec-clapet-pour-bonde-de-douche-clic-clac-ensemble-bouchon-vidange-universelle-pied-salle-de-bain-flexible-tuyau-trop-plein-baignoire-evacuation-automatique\/"]}]},{"@type":"ImageObject","inLanguage":"fr-FR","@id":"https:\/\/induzon.com\/fr\/produit\/kit-siphon-baignoire-avec-clapet-pour-bonde-de-douche-clic-clac-ensemble-bouchon-vidange-universelle-pied-salle-de-bain-flexible-tuyau-trop-plein-baignoire-evacuation-automatique\/#primaryimage","url":"https:\/\/induzon.com\/wp-content\/uploads\/2025\/04\/6.jpg","contentUrl":"https:\/\/induzon.com\/wp-content\/uploads\/2025\/04\/6.jpg","width":1500,"height":1500,"caption":"Bonde de baignoire universelle, bouchon \u00e0 p\u00e9dale, ensemble vidage avec siphon. Clapet de vidage, kit de vidange complet noir avec trop-plein."},{"@type":"BreadcrumbList","@id":"https:\/\/induzon.com\/fr\/produit\/kit-siphon-baignoire-avec-clapet-pour-bonde-de-douche-clic-clac-ensemble-bouchon-vidange-universelle-pied-salle-de-bain-flexible-tuyau-trop-plein-baignoire-evacuation-automatique\/#breadcrumb","itemListElement":[{"@type":"ListItem","position":1,"name":"\u9996\u9875","item":"https:\/\/induzon.com\/fr\/"},{"@type":"ListItem","position":2,"name":"Boutique","item":"https:\/\/induzon.com\/fr\/boutique\/"},{"@type":"ListItem","position":3,"name":"kit siphon baignoire avec clapet pour bonde de douche clic clac ensemble bouchon vidange universelle pied salle de bain flexible tuyau trop plein baignoire \u00e9vacuation automatique"}]},{"@type":"WebSite","@id":"https:\/\/induzon.com\/fr\/#website","url":"https:\/\/induzon.com\/fr\/","name":"induzon","description":"","publisher":{"@id":"https:\/\/induzon.com\/fr\/#organization"},"potentialAction":[{"@type":"SearchAction","target":{"@type":"EntryPoint","urlTemplate":"https:\/\/induzon.com\/fr\/?s={search_term_string}"},"query-input":{"@type":"PropertyValueSpecification","valueRequired":true,"valueName":"search_term_string"}}],"inLanguage":"fr-FR"},{"@type":"Organization","@id":"https:\/\/induzon.com\/fr\/#organization","name":"induzon","url":"https:\/\/induzon.com\/fr\/","logo":{"@type":"ImageObject","inLanguage":"fr-FR","@id":"https:\/\/induzon.com\/fr\/#\/schema\/logo\/image\/","url":"https:\/\/induzon.com\/wp-content\/uploads\/2025\/05\/cropped-026.png","contentUrl":"https:\/\/induzon.com\/wp-content\/uploads\/2025\/05\/cropped-026.png","width":512,"height":512,"caption":"induzon"},"image":{"@id":"https:\/\/induzon.com\/fr\/#\/schema\/logo\/image\/"}}]}},"_links":{"self":[{"href":"https:\/\/induzon.com\/fr\/wp-json\/wp\/v2\/product\/6520","targetHints":{"allow":["GET"]}}],"collection":[{"href":"https:\/\/induzon.com\/fr\/wp-json\/wp\/v2\/product"}],"about":[{"href":"https:\/\/induzon.com\/fr\/wp-json\/wp\/v2\/types\/product"}],"replies":[{"embeddable":true,"href":"https:\/\/induzon.com\/fr\/wp-json\/wp\/v2\/comments?post=6520"}],"version-history":[{"count":1,"href":"https:\/\/induzon.com\/fr\/wp-json\/wp\/v2\/product\/6520\/revisions"}],"predecessor-version":[{"id":31668,"href":"https:\/\/induzon.com\/fr\/wp-json\/wp\/v2\/product\/6520\/revisions\/31668"}],"wp:featuredmedia":[{"embeddable":true,"href":"https:\/\/induzon.com\/fr\/wp-json\/wp\/v2\/media\/6506"}],"wp:attachment":[{"href":"https:\/\/induzon.com\/fr\/wp-json\/wp\/v2\/media?parent=6520"}],"wp:term":[{"taxonomy":"product_brand","embeddable":true,"href":"https:\/\/induzon.com\/fr\/wp-json\/wp\/v2\/product_brand?post=6520"},{"taxonomy":"product_cat","embeddable":true,"href":"https:\/\/induzon.com\/fr\/wp-json\/wp\/v2\/product_cat?post=6520"},{"taxonomy":"product_tag","embeddable":true,"href":"https:\/\/induzon.com\/fr\/wp-json\/wp\/v2\/product_tag?post=6520"}],"curies":[{"name":"wp","href":"https:\/\/api.w.org\/{rel}","templated":true}]}}