{"id":7198,"date":"2025-05-07T15:10:47","date_gmt":"2025-05-07T07:10:47","guid":{"rendered":"https:\/\/induzon.com\/shop\/ressort-cintrage-tube-en-cuivre-pvc-aluminium-interieur-cintreuse-de-tuyau-a-ressort-interne-outil-de-cintrage-multicouche-pour-tuyauterie-climatisation-tuyaux-plomberie-hydraulique-clim-acier-manuell\/"},"modified":"2026-01-10T11:14:06","modified_gmt":"2026-01-10T03:14:06","slug":"ressort-cintrage-tube-en-cuivre-pvc-aluminium-interieur-cintreuse-de-tuyau-a-ressort-interne-outil-de-cintrage-multicouche-pour-tuyauterie-climatisation-tuyaux-plomberie-hydraulique-clim-acier-manuell","status":"publish","type":"product","link":"https:\/\/induzon.com\/fr\/produit\/ressort-cintrage-tube-en-cuivre-pvc-aluminium-interieur-cintreuse-de-tuyau-a-ressort-interne-outil-de-cintrage-multicouche-pour-tuyauterie-climatisation-tuyaux-plomberie-hydraulique-clim-acier-manuell\/","title":{"rendered":"Ressort cintrage tube en cuivre PVC aluminium interieur Cintreuse de tuyau \u00e0 Ressort Interne Outil de Cintrage Multicouche pour tuyauterie Climatisation tuyaux Plomberie hydraulique clim acier manuelle pliage"},"content":{"rendered":"<p>1.Ressort de cintrage pour tubes en cuivre, PVC et tubes multicouches, id\u00e9al pour les travaux de plomberie et de climatisation.<br \/>\n2.Conception robuste en acier \u00e0 ressort, offrant une durabilit\u00e9 et une flexibilit\u00e9 sup\u00e9rieures pour un cintrage pr\u00e9cis.<br \/>\n3.Facile \u00e0 utiliser, glisse facilement \u00e0 l&rsquo;int\u00e9rieur des tubes pour un cintrage uniforme sans plis ni d\u00e9formations.<br \/>\n4.Disponible en diff\u00e9rentes tailles pour s&rsquo;adapter \u00e0 une vari\u00e9t\u00e9 de diam\u00e8tres de tubes, garantissant une compatibilit\u00e9 universelle.<br \/>\n5.Id\u00e9al pour les professionnels et les bricoleurs, simplifiant les travaux de cintrage dans les installations \u00e9lectriques et de plomberie.<\/p>\n","protected":false},"excerpt":{"rendered":"<p>1.Ressort de cintrage pour tubes en cuivre, PVC et tubes multicouches, id\u00e9al pour les travaux de plomberie et de climatisation. [&hellip;]<\/p>\n","protected":false},"featured_media":7020,"comment_status":"open","ping_status":"closed","template":"","meta":{"site-sidebar-layout":"default","site-content-layout":"","ast-site-content-layout":"default","site-content-style":"default","site-sidebar-style":"default","ast-global-header-display":"","ast-banner-title-visibility":"","ast-main-header-display":"","ast-hfb-above-header-display":"","ast-hfb-below-header-display":"","ast-hfb-mobile-header-display":"","site-post-title":"","ast-breadcrumbs-content":"","ast-featured-img":"","footer-sml-layout":"","theme-transparent-header-meta":"default","adv-header-id-meta":"","stick-header-meta":"","header-above-stick-meta":"","header-main-stick-meta":"","header-below-stick-meta":"","astra-migrate-meta-layouts":"set","ast-page-background-enabled":"default","ast-page-background-meta":{"desktop":{"background-color":"var(--ast-global-color-4)","background-image":"","background-repeat":"repeat","background-position":"center center","background-size":"auto","background-attachment":"scroll","background-type":"","background-media":"","overlay-type":"","overlay-color":"","overlay-opacity":"","overlay-gradient":""},"tablet":{"background-color":"","background-image":"","background-repeat":"repeat","background-position":"center center","background-size":"auto","background-attachment":"scroll","background-type":"","background-media":"","overlay-type":"","overlay-color":"","overlay-opacity":"","overlay-gradient":""},"mobile":{"background-color":"","background-image":"","background-repeat":"repeat","background-position":"center center","background-size":"auto","background-attachment":"scroll","background-type":"","background-media":"","overlay-type":"","overlay-color":"","overlay-opacity":"","overlay-gradient":""}},"ast-content-background-meta":{"desktop":{"background-color":"var(--ast-global-color-5)","background-image":"","background-repeat":"repeat","background-position":"center center","background-size":"auto","background-attachment":"scroll","background-type":"","background-media":"","overlay-type":"","overlay-color":"","overlay-opacity":"","overlay-gradient":""},"tablet":{"background-color":"var(--ast-global-color-5)","background-image":"","background-repeat":"repeat","background-position":"center center","background-size":"auto","background-attachment":"scroll","background-type":"","background-media":"","overlay-type":"","overlay-color":"","overlay-opacity":"","overlay-gradient":""},"mobile":{"background-color":"var(--ast-global-color-5)","background-image":"","background-repeat":"repeat","background-position":"center center","background-size":"auto","background-attachment":"scroll","background-type":"","background-media":"","overlay-type":"","overlay-color":"","overlay-opacity":"","overlay-gradient":""}}},"product_brand":[],"product_cat":[882,881],"product_tag":[883],"class_list":{"0":"post-7198","1":"product","2":"type-product","3":"status-publish","4":"has-post-thumbnail","6":"product_cat-outil-de-plomberie","7":"product_cat-outils-et-equipements","8":"product_tag-outil-de-plomberie","9":"desktop-align-left","10":"tablet-align-left","11":"mobile-align-left","13":"first","14":"instock","15":"sale","16":"featured","17":"shipping-taxable","18":"purchasable","19":"product-type-variable"},"yoast_head":"<!-- This site is optimized with the Yoast SEO plugin v24.9 - https:\/\/yoast.com\/wordpress\/plugins\/seo\/ -->\r\n<title>Groupe de condensation frigorifique pour chambre -Induzon<\/title>\r\n<meta name=\"description\" content=\"Mini groupe de condensation, groupe frigorifique monobloc, groupe pour chambre froide, refroidisseur \u00e0 condensation par air, refroidisseur d&#039;air industriel\" \/>\r\n<meta name=\"robots\" content=\"index, follow, max-snippet:-1, max-image-preview:large, max-video-preview:-1\" \/>\r\n<link rel=\"canonical\" href=\"https:\/\/induzon.com\/fr\/produit\/ressort-cintrage-tube-en-cuivre-pvc-aluminium-interieur-cintreuse-de-tuyau-a-ressort-interne-outil-de-cintrage-multicouche-pour-tuyauterie-climatisation-tuyaux-plomberie-hydraulique-clim-acier-manuell\/\" \/>\r\n<meta property=\"og:locale\" content=\"fr_FR\" \/>\r\n<meta property=\"og:type\" content=\"article\" \/>\r\n<meta property=\"og:title\" content=\"Groupe de condensation frigorifique pour chambre -Induzon\" \/>\r\n<meta property=\"og:description\" content=\"Mini groupe de condensation, groupe frigorifique monobloc, groupe pour chambre froide, refroidisseur \u00e0 condensation par air, refroidisseur d&#039;air industriel\" \/>\r\n<meta property=\"og:url\" content=\"https:\/\/induzon.com\/fr\/produit\/ressort-cintrage-tube-en-cuivre-pvc-aluminium-interieur-cintreuse-de-tuyau-a-ressort-interne-outil-de-cintrage-multicouche-pour-tuyauterie-climatisation-tuyaux-plomberie-hydraulique-clim-acier-manuell\/\" \/>\r\n<meta property=\"og:site_name\" content=\"induzon\" \/>\r\n<meta property=\"article:modified_time\" content=\"2026-01-10T03:14:06+00:00\" \/>\r\n<meta property=\"og:image\" content=\"https:\/\/induzon.com\/wp-content\/uploads\/2025\/05\/3.8-1.jpg\" \/>\r\n\t<meta property=\"og:image:width\" content=\"1500\" \/>\r\n\t<meta property=\"og:image:height\" content=\"1500\" \/>\r\n\t<meta property=\"og:image:type\" content=\"image\/jpeg\" \/>\r\n<meta name=\"twitter:card\" content=\"summary_large_image\" \/>\r\n<meta name=\"twitter:label1\" content=\"Dur\u00e9e de lecture estim\u00e9e\" \/>\n\t<meta name=\"twitter:data1\" content=\"1 minute\" \/>\r\n<script type=\"application\/ld+json\" class=\"yoast-schema-graph\">{\"@context\":\"https:\/\/schema.org\",\"@graph\":[{\"@type\":\"WebPage\",\"@id\":\"https:\/\/induzon.com\/fr\/produit\/ressort-cintrage-tube-en-cuivre-pvc-aluminium-interieur-cintreuse-de-tuyau-a-ressort-interne-outil-de-cintrage-multicouche-pour-tuyauterie-climatisation-tuyaux-plomberie-hydraulique-clim-acier-manuell\/\",\"url\":\"https:\/\/induzon.com\/fr\/produit\/ressort-cintrage-tube-en-cuivre-pvc-aluminium-interieur-cintreuse-de-tuyau-a-ressort-interne-outil-de-cintrage-multicouche-pour-tuyauterie-climatisation-tuyaux-plomberie-hydraulique-clim-acier-manuell\/\",\"name\":\"Groupe de condensation frigorifique pour chambre -Induzon\",\"isPartOf\":{\"@id\":\"https:\/\/induzon.com\/fr\/#website\"},\"primaryImageOfPage\":{\"@id\":\"https:\/\/induzon.com\/fr\/produit\/ressort-cintrage-tube-en-cuivre-pvc-aluminium-interieur-cintreuse-de-tuyau-a-ressort-interne-outil-de-cintrage-multicouche-pour-tuyauterie-climatisation-tuyaux-plomberie-hydraulique-clim-acier-manuell\/#primaryimage\"},\"image\":{\"@id\":\"https:\/\/induzon.com\/fr\/produit\/ressort-cintrage-tube-en-cuivre-pvc-aluminium-interieur-cintreuse-de-tuyau-a-ressort-interne-outil-de-cintrage-multicouche-pour-tuyauterie-climatisation-tuyaux-plomberie-hydraulique-clim-acier-manuell\/#primaryimage\"},\"thumbnailUrl\":\"https:\/\/induzon.com\/wp-content\/uploads\/2025\/05\/3.8-1.jpg\",\"datePublished\":\"2025-05-07T07:10:47+00:00\",\"dateModified\":\"2026-01-10T03:14:06+00:00\",\"description\":\"Mini groupe de condensation, groupe frigorifique monobloc, groupe pour chambre froide, refroidisseur \u00e0 condensation par air, refroidisseur d'air industriel\",\"breadcrumb\":{\"@id\":\"https:\/\/induzon.com\/fr\/produit\/ressort-cintrage-tube-en-cuivre-pvc-aluminium-interieur-cintreuse-de-tuyau-a-ressort-interne-outil-de-cintrage-multicouche-pour-tuyauterie-climatisation-tuyaux-plomberie-hydraulique-clim-acier-manuell\/#breadcrumb\"},\"inLanguage\":\"fr-FR\",\"potentialAction\":[{\"@type\":\"ReadAction\",\"target\":[\"https:\/\/induzon.com\/fr\/produit\/ressort-cintrage-tube-en-cuivre-pvc-aluminium-interieur-cintreuse-de-tuyau-a-ressort-interne-outil-de-cintrage-multicouche-pour-tuyauterie-climatisation-tuyaux-plomberie-hydraulique-clim-acier-manuell\/\"]}]},{\"@type\":\"ImageObject\",\"inLanguage\":\"fr-FR\",\"@id\":\"https:\/\/induzon.com\/fr\/produit\/ressort-cintrage-tube-en-cuivre-pvc-aluminium-interieur-cintreuse-de-tuyau-a-ressort-interne-outil-de-cintrage-multicouche-pour-tuyauterie-climatisation-tuyaux-plomberie-hydraulique-clim-acier-manuell\/#primaryimage\",\"url\":\"https:\/\/induzon.com\/wp-content\/uploads\/2025\/05\/3.8-1.jpg\",\"contentUrl\":\"https:\/\/induzon.com\/wp-content\/uploads\/2025\/05\/3.8-1.jpg\",\"width\":1500,\"height\":1500,\"caption\":\"Ressort Cintrage Tube Cuivre Interieur\"},{\"@type\":\"BreadcrumbList\",\"@id\":\"https:\/\/induzon.com\/fr\/produit\/ressort-cintrage-tube-en-cuivre-pvc-aluminium-interieur-cintreuse-de-tuyau-a-ressort-interne-outil-de-cintrage-multicouche-pour-tuyauterie-climatisation-tuyaux-plomberie-hydraulique-clim-acier-manuell\/#breadcrumb\",\"itemListElement\":[{\"@type\":\"ListItem\",\"position\":1,\"name\":\"\u9996\u9875\",\"item\":\"https:\/\/induzon.com\/fr\/\"},{\"@type\":\"ListItem\",\"position\":2,\"name\":\"Boutique\",\"item\":\"https:\/\/induzon.com\/fr\/boutique\/\"},{\"@type\":\"ListItem\",\"position\":3,\"name\":\"Ressort cintrage tube en cuivre PVC aluminium interieur Cintreuse de tuyau \u00e0 Ressort Interne Outil de Cintrage Multicouche pour tuyauterie Climatisation tuyaux Plomberie hydraulique clim acier manuelle pliage\"}]},{\"@type\":\"WebSite\",\"@id\":\"https:\/\/induzon.com\/fr\/#website\",\"url\":\"https:\/\/induzon.com\/fr\/\",\"name\":\"induzon\",\"description\":\"\",\"publisher\":{\"@id\":\"https:\/\/induzon.com\/fr\/#organization\"},\"potentialAction\":[{\"@type\":\"SearchAction\",\"target\":{\"@type\":\"EntryPoint\",\"urlTemplate\":\"https:\/\/induzon.com\/fr\/?s={search_term_string}\"},\"query-input\":{\"@type\":\"PropertyValueSpecification\",\"valueRequired\":true,\"valueName\":\"search_term_string\"}}],\"inLanguage\":\"fr-FR\"},{\"@type\":\"Organization\",\"@id\":\"https:\/\/induzon.com\/fr\/#organization\",\"name\":\"induzon\",\"url\":\"https:\/\/induzon.com\/fr\/\",\"logo\":{\"@type\":\"ImageObject\",\"inLanguage\":\"fr-FR\",\"@id\":\"https:\/\/induzon.com\/fr\/#\/schema\/logo\/image\/\",\"url\":\"https:\/\/induzon.com\/wp-content\/uploads\/2025\/05\/cropped-026.png\",\"contentUrl\":\"https:\/\/induzon.com\/wp-content\/uploads\/2025\/05\/cropped-026.png\",\"width\":512,\"height\":512,\"caption\":\"induzon\"},\"image\":{\"@id\":\"https:\/\/induzon.com\/fr\/#\/schema\/logo\/image\/\"}}]}<\/script>\r\n<!-- \/ Yoast SEO plugin. -->","yoast_head_json":{"title":"Groupe de condensation frigorifique pour chambre -Induzon","description":"Mini groupe de condensation, groupe frigorifique monobloc, groupe pour chambre froide, refroidisseur \u00e0 condensation par air, refroidisseur d'air industriel","robots":{"index":"index","follow":"follow","max-snippet":"max-snippet:-1","max-image-preview":"max-image-preview:large","max-video-preview":"max-video-preview:-1"},"canonical":"https:\/\/induzon.com\/fr\/produit\/ressort-cintrage-tube-en-cuivre-pvc-aluminium-interieur-cintreuse-de-tuyau-a-ressort-interne-outil-de-cintrage-multicouche-pour-tuyauterie-climatisation-tuyaux-plomberie-hydraulique-clim-acier-manuell\/","og_locale":"fr_FR","og_type":"article","og_title":"Groupe de condensation frigorifique pour chambre -Induzon","og_description":"Mini groupe de condensation, groupe frigorifique monobloc, groupe pour chambre froide, refroidisseur \u00e0 condensation par air, refroidisseur d'air industriel","og_url":"https:\/\/induzon.com\/fr\/produit\/ressort-cintrage-tube-en-cuivre-pvc-aluminium-interieur-cintreuse-de-tuyau-a-ressort-interne-outil-de-cintrage-multicouche-pour-tuyauterie-climatisation-tuyaux-plomberie-hydraulique-clim-acier-manuell\/","og_site_name":"induzon","article_modified_time":"2026-01-10T03:14:06+00:00","og_image":[{"width":1500,"height":1500,"url":"https:\/\/induzon.com\/wp-content\/uploads\/2025\/05\/3.8-1.jpg","type":"image\/jpeg"}],"twitter_card":"summary_large_image","twitter_misc":{"Dur\u00e9e de lecture estim\u00e9e":"1 minute"},"schema":{"@context":"https:\/\/schema.org","@graph":[{"@type":"WebPage","@id":"https:\/\/induzon.com\/fr\/produit\/ressort-cintrage-tube-en-cuivre-pvc-aluminium-interieur-cintreuse-de-tuyau-a-ressort-interne-outil-de-cintrage-multicouche-pour-tuyauterie-climatisation-tuyaux-plomberie-hydraulique-clim-acier-manuell\/","url":"https:\/\/induzon.com\/fr\/produit\/ressort-cintrage-tube-en-cuivre-pvc-aluminium-interieur-cintreuse-de-tuyau-a-ressort-interne-outil-de-cintrage-multicouche-pour-tuyauterie-climatisation-tuyaux-plomberie-hydraulique-clim-acier-manuell\/","name":"Groupe de condensation frigorifique pour chambre -Induzon","isPartOf":{"@id":"https:\/\/induzon.com\/fr\/#website"},"primaryImageOfPage":{"@id":"https:\/\/induzon.com\/fr\/produit\/ressort-cintrage-tube-en-cuivre-pvc-aluminium-interieur-cintreuse-de-tuyau-a-ressort-interne-outil-de-cintrage-multicouche-pour-tuyauterie-climatisation-tuyaux-plomberie-hydraulique-clim-acier-manuell\/#primaryimage"},"image":{"@id":"https:\/\/induzon.com\/fr\/produit\/ressort-cintrage-tube-en-cuivre-pvc-aluminium-interieur-cintreuse-de-tuyau-a-ressort-interne-outil-de-cintrage-multicouche-pour-tuyauterie-climatisation-tuyaux-plomberie-hydraulique-clim-acier-manuell\/#primaryimage"},"thumbnailUrl":"https:\/\/induzon.com\/wp-content\/uploads\/2025\/05\/3.8-1.jpg","datePublished":"2025-05-07T07:10:47+00:00","dateModified":"2026-01-10T03:14:06+00:00","description":"Mini groupe de condensation, groupe frigorifique monobloc, groupe pour chambre froide, refroidisseur \u00e0 condensation par air, refroidisseur d'air industriel","breadcrumb":{"@id":"https:\/\/induzon.com\/fr\/produit\/ressort-cintrage-tube-en-cuivre-pvc-aluminium-interieur-cintreuse-de-tuyau-a-ressort-interne-outil-de-cintrage-multicouche-pour-tuyauterie-climatisation-tuyaux-plomberie-hydraulique-clim-acier-manuell\/#breadcrumb"},"inLanguage":"fr-FR","potentialAction":[{"@type":"ReadAction","target":["https:\/\/induzon.com\/fr\/produit\/ressort-cintrage-tube-en-cuivre-pvc-aluminium-interieur-cintreuse-de-tuyau-a-ressort-interne-outil-de-cintrage-multicouche-pour-tuyauterie-climatisation-tuyaux-plomberie-hydraulique-clim-acier-manuell\/"]}]},{"@type":"ImageObject","inLanguage":"fr-FR","@id":"https:\/\/induzon.com\/fr\/produit\/ressort-cintrage-tube-en-cuivre-pvc-aluminium-interieur-cintreuse-de-tuyau-a-ressort-interne-outil-de-cintrage-multicouche-pour-tuyauterie-climatisation-tuyaux-plomberie-hydraulique-clim-acier-manuell\/#primaryimage","url":"https:\/\/induzon.com\/wp-content\/uploads\/2025\/05\/3.8-1.jpg","contentUrl":"https:\/\/induzon.com\/wp-content\/uploads\/2025\/05\/3.8-1.jpg","width":1500,"height":1500,"caption":"Ressort Cintrage Tube Cuivre Interieur"},{"@type":"BreadcrumbList","@id":"https:\/\/induzon.com\/fr\/produit\/ressort-cintrage-tube-en-cuivre-pvc-aluminium-interieur-cintreuse-de-tuyau-a-ressort-interne-outil-de-cintrage-multicouche-pour-tuyauterie-climatisation-tuyaux-plomberie-hydraulique-clim-acier-manuell\/#breadcrumb","itemListElement":[{"@type":"ListItem","position":1,"name":"\u9996\u9875","item":"https:\/\/induzon.com\/fr\/"},{"@type":"ListItem","position":2,"name":"Boutique","item":"https:\/\/induzon.com\/fr\/boutique\/"},{"@type":"ListItem","position":3,"name":"Ressort cintrage tube en cuivre PVC aluminium interieur Cintreuse de tuyau \u00e0 Ressort Interne Outil de Cintrage Multicouche pour tuyauterie Climatisation tuyaux Plomberie hydraulique clim acier manuelle pliage"}]},{"@type":"WebSite","@id":"https:\/\/induzon.com\/fr\/#website","url":"https:\/\/induzon.com\/fr\/","name":"induzon","description":"","publisher":{"@id":"https:\/\/induzon.com\/fr\/#organization"},"potentialAction":[{"@type":"SearchAction","target":{"@type":"EntryPoint","urlTemplate":"https:\/\/induzon.com\/fr\/?s={search_term_string}"},"query-input":{"@type":"PropertyValueSpecification","valueRequired":true,"valueName":"search_term_string"}}],"inLanguage":"fr-FR"},{"@type":"Organization","@id":"https:\/\/induzon.com\/fr\/#organization","name":"induzon","url":"https:\/\/induzon.com\/fr\/","logo":{"@type":"ImageObject","inLanguage":"fr-FR","@id":"https:\/\/induzon.com\/fr\/#\/schema\/logo\/image\/","url":"https:\/\/induzon.com\/wp-content\/uploads\/2025\/05\/cropped-026.png","contentUrl":"https:\/\/induzon.com\/wp-content\/uploads\/2025\/05\/cropped-026.png","width":512,"height":512,"caption":"induzon"},"image":{"@id":"https:\/\/induzon.com\/fr\/#\/schema\/logo\/image\/"}}]}},"_links":{"self":[{"href":"https:\/\/induzon.com\/fr\/wp-json\/wp\/v2\/product\/7198","targetHints":{"allow":["GET"]}}],"collection":[{"href":"https:\/\/induzon.com\/fr\/wp-json\/wp\/v2\/product"}],"about":[{"href":"https:\/\/induzon.com\/fr\/wp-json\/wp\/v2\/types\/product"}],"replies":[{"embeddable":true,"href":"https:\/\/induzon.com\/fr\/wp-json\/wp\/v2\/comments?post=7198"}],"version-history":[{"count":1,"href":"https:\/\/induzon.com\/fr\/wp-json\/wp\/v2\/product\/7198\/revisions"}],"predecessor-version":[{"id":32872,"href":"https:\/\/induzon.com\/fr\/wp-json\/wp\/v2\/product\/7198\/revisions\/32872"}],"wp:featuredmedia":[{"embeddable":true,"href":"https:\/\/induzon.com\/fr\/wp-json\/wp\/v2\/media\/7020"}],"wp:attachment":[{"href":"https:\/\/induzon.com\/fr\/wp-json\/wp\/v2\/media?parent=7198"}],"wp:term":[{"taxonomy":"product_brand","embeddable":true,"href":"https:\/\/induzon.com\/fr\/wp-json\/wp\/v2\/product_brand?post=7198"},{"taxonomy":"product_cat","embeddable":true,"href":"https:\/\/induzon.com\/fr\/wp-json\/wp\/v2\/product_cat?post=7198"},{"taxonomy":"product_tag","embeddable":true,"href":"https:\/\/induzon.com\/fr\/wp-json\/wp\/v2\/product_tag?post=7198"}],"curies":[{"name":"wp","href":"https:\/\/api.w.org\/{rel}","templated":true}]}}