{"id":30796,"date":"2025-11-26T10:15:49","date_gmt":"2025-11-26T02:15:49","guid":{"rendered":"https:\/\/induzon.com\/terms-of-service\/"},"modified":"2025-11-26T14:24:46","modified_gmt":"2025-11-26T06:24:46","slug":"terms-of-service","status":"publish","type":"page","link":"https:\/\/induzon.com\/hu\/terms-of-service\/","title":{"rendered":"Terms of Service"},"content":{"rendered":"\t\t<div data-elementor-type=\"wp-page\" data-elementor-id=\"30796\" class=\"elementor elementor-30796 elementor-30761\" data-elementor-post-type=\"page\">\n\t\t\t\t<div class=\"elementor-element elementor-element-10bf2f9 e-flex e-con-boxed e-con e-parent\" data-id=\"10bf2f9\" data-element_type=\"container\">\n\t\t\t\t\t<div class=\"e-con-inner\">\n\t\t\t\t<div class=\"elementor-element elementor-element-8b87a79 elementor-widget elementor-widget-heading\" data-id=\"8b87a79\" data-element_type=\"widget\" data-widget_type=\"heading.default\">\n\t\t\t\t\t<h2 class=\"elementor-heading-title elementor-size-default\">Szolg\u00e1ltat\u00e1si felt\u00e9telek<\/h2>\t\t\t\t<\/div>\n\t\t\t\t\t<\/div>\n\t\t\t\t<\/div>\n\t\t<div class=\"elementor-element elementor-element-11ef669 e-flex e-con-boxed e-con e-parent\" data-id=\"11ef669\" data-element_type=\"container\">\n\t\t\t\t\t<div class=\"e-con-inner\">\n\t\t\t\t<div class=\"elementor-element elementor-element-e75d440 elementor-widget elementor-widget-text-editor\" data-id=\"e75d440\" data-element_type=\"widget\" data-widget_type=\"text-editor.default\">\n\t\t\t\t\t\t\t\t\t<p>Utols\u00f3 friss\u00edt\u00e9s: 2025. november 25.<\/p><p>\u00dcdv\u00f6z\u00f6lj\u00fck az Induzonban!<\/p><p>K\u00e9rj\u00fck, olvassa el figyelmesen a jelen Szolg\u00e1ltat\u00e1si felt\u00e9teleket (a tov\u00e1bbiakban: \u201eFelt\u00e9telek\u201d) miel\u0151tt weboldalunkat (https:\/\/induzon.com\/) haszn\u00e1ln\u00e1. A weboldalra val\u00f3 bel\u00e9p\u00e9ssel vagy annak haszn\u00e1lat\u00e1val \u00d6n elfogadja a jelen Felt\u00e9teleket. Ha nem \u00e9rt egyet ezekkel a felt\u00e9telekkel, k\u00e9rj\u00fck, azonnal hagyja abba a weboldal haszn\u00e1lat\u00e1t.<\/p><p>1. Szolg\u00e1ltat\u00e1s le\u00edr\u00e1sa<br>Az Induzon weboldalt (a tov\u00e1bbiakban: \u201ea weboldal\u201d vagy \u201emi\u201d) a YI SHENG \u00fczemelteti, hogy glob\u00e1lis v\u00e1s\u00e1rl\u00f3k (a tov\u00e1bbiakban: \u201efelhaszn\u00e1l\u00f3k\u201d vagy \u201e\u00d6n\u201d) sz\u00e1m\u00e1ra k\u00fclkereskedelmi szolg\u00e1ltat\u00e1si platformot biztos\u00edtson, ahol megismerhetik \u00e9s megv\u00e1s\u00e1rolhatj\u00e1k term\u00e9keinket. Fenntartjuk a jogot, hogy a szolg\u00e1ltat\u00e1st b\u00e1rmikor, el\u0151zetes \u00e9rtes\u00edt\u00e9s n\u00e9lk\u00fcl m\u00f3dos\u00edtsuk vagy megsz\u00fcntess\u00fck.<\/p><p>2. Felhaszn\u00e1l\u00f3i fi\u00f3kok<\/p><p>Regisztr\u00e1ci\u00f3s inform\u00e1ci\u00f3k: Bizonyos funkci\u00f3k (p\u00e9ld\u00e1ul megrendel\u00e9sek lead\u00e1sa) haszn\u00e1lat\u00e1hoz regisztr\u00e1lnia kell egy fi\u00f3kot. \u00d6n v\u00e1llalja, hogy val\u00f3s, pontos, aktu\u00e1lis \u00e9s teljes k\u00f6r\u0171 inform\u00e1ci\u00f3kat szolg\u00e1ltat.<\/p><p>Fi\u00f3kbiztons\u00e1g: \u00d6n felel\u0151s fi\u00f3kja \u00e9s jelszav\u00e1nak titkoss\u00e1g\u00e1nak meg\u0151rz\u00e9s\u00e9\u00e9rt, \u00e9s teljes felel\u0151ss\u00e9get v\u00e1llal minden, fi\u00f3kja alatt v\u00e9gzett tev\u00e9kenys\u00e9g\u00e9rt.<\/p><p>Az inform\u00e1ci\u00f3k pontoss\u00e1ga: \u00d6n v\u00e1llalja, hogy megkeres\u00e9sek vagy megrendel\u00e9sek eset\u00e9n val\u00f3s \u00e9s \u00e9rv\u00e9nyes el\u00e9rhet\u0151s\u00e9gi adatokat (p\u00e9ld\u00e1ul e-mail c\u00edmet, telefonsz\u00e1mot, c\u00e9gnevet \u00e9s c\u00edmet) ad meg.<\/p><p>3. Term\u00e9kinform\u00e1ci\u00f3k<br>T\u00f6reksz\u00fcnk arra, hogy a weboldalon szerepl\u0151 term\u00e9kek k\u00e9pei, le\u00edr\u00e1sai \u00e9s m\u0171szaki adatai pontosak legyenek. A f\u00e9nyk\u00e9pez\u00e9s \u00e9s a kijelz\u0151 tulajdons\u00e1gai miatt azonban enyhe elt\u00e9r\u00e9sek el\u0151fordulhatnak. Minden term\u00e9kle\u00edr\u00e1s v\u00e9gleges meger\u0151s\u00edt\u00e9sre szorul, amelyet mi biztos\u00edtunk.<\/p><p><br>4. Szellemi tulajdon<br>A weboldalon tal\u00e1lhat\u00f3 \u00f6sszes tartalom, bele\u00e9rtve, de nem kiz\u00e1r\u00f3lagosan a sz\u00f6veget, grafik\u00e1kat, log\u00f3kat, gombikonokat, k\u00e9peket, hangf\u00e1jlokat, digit\u00e1lis let\u00f6lt\u00e9seket, adatgy\u0171jtem\u00e9nyeket \u00e9s szoftvereket, a YI SHENG vagy tartalomszolg\u00e1ltat\u00f3i tulajdon\u00e1t k\u00e9pezi, \u00e9s nemzetk\u00f6zi szerz\u0151i jogi t\u00f6rv\u00e9nyek \u00e9s szerz\u0151d\u00e9sek v\u00e9delme alatt \u00e1ll. Kifejezett \u00edr\u00e1sbeli enged\u00e9ly\u00fcnk n\u00e9lk\u00fcl tilos reproduk\u00e1lni, m\u00f3dos\u00edtani, terjeszteni vagy kereskedelmi c\u00e9lokra felhaszn\u00e1lni.<\/p><p>5. Jogi nyilatkozat<\/p><p>Ez a weboldal \u201eadott \u00e1llapotban\u201d ker\u00fcl rendelkez\u00e9sre, kifejezett vagy v\u00e9lelmezett garancia n\u00e9lk\u00fcl.<\/p><p>Nem v\u00e1llalunk felel\u0151ss\u00e9get semmilyen k\u00f6zvetett, v\u00e9letlen, k\u00fcl\u00f6nleges vagy k\u00f6vetkezm\u00e9nyes k\u00e1r\u00e9rt, amely a weboldal haszn\u00e1lat\u00e1b\u00f3l vagy haszn\u00e1lhatatlans\u00e1g\u00e1b\u00f3l ered.<\/p><p>Nem v\u00e1llalunk felel\u0151ss\u00e9get olyan szolg\u00e1ltat\u00e1sk\u00e9sedelmek\u00e9rt vagy -kimarad\u00e1sok\u00e9rt, amelyek \u00e9sszer\u0171en nem befoly\u00e1solhat\u00f3 k\u00f6r\u00fclm\u00e9nyek, p\u00e9ld\u00e1ul h\u00e1bor\u00fa, sztr\u00e1jk, term\u00e9szeti katasztr\u00f3fa, korm\u00e1nyzati korl\u00e1toz\u00e1sok vagy internetes szolg\u00e1ltat\u00e1skimarad\u00e1sok miatt k\u00f6vetkeznek be.<\/p><p>6. Adatv\u00e9delem<br>Az \u00d6n adatainak v\u00e9delme sz\u00e1munkra kiemelten fontos. Az \u00d6n szem\u00e9lyes adatainak gy\u0171jt\u00e9s\u00e9vel, felhaszn\u00e1l\u00e1s\u00e1val \u00e9s v\u00e9delm\u00e9vel kapcsolatos r\u00e9szletek\u00e9rt k\u00e9rj\u00fck, olvassa el k\u00fcl\u00f6n adatv\u00e9delmi ir\u00e1nyelveinket.<\/p><p>7. Ir\u00e1nyad\u00f3 jog<\/p><p>Jelen Felt\u00e9telek kialak\u00edt\u00e1s\u00e1t, \u00e9rtelmez\u00e9s\u00e9t, \u00e9rv\u00e9nyess\u00e9g\u00e9t \u00e9s v\u00e9grehajt\u00e1s\u00e1t a K\u00ednai N\u00e9pk\u00f6zt\u00e1rsas\u00e1g Hongkong K\u00fcl\u00f6nleges K\u00f6zigazgat\u00e1si Ter\u00fclet\u00e9nek t\u00f6rv\u00e9nyei szab\u00e1lyozz\u00e1k \u00e9s azoknak megfelel\u0151en kell \u00e9rtelmezni.<\/p><p><br>8. A felt\u00e9telek m\u00f3dos\u00edt\u00e1sa<br>Fenntartjuk a jogot, hogy ezeket a felt\u00e9teleket b\u00e1rmikor friss\u00edts\u00fck \u00e9s m\u00f3dos\u00edtsuk. Minden m\u00f3dos\u00edt\u00e1s ezen az oldalon ker\u00fcl k\u00f6zz\u00e9t\u00e9telre, a \u201eLegut\u00f3bbi friss\u00edt\u00e9s d\u00e1tuma\u201d megfelel\u0151en friss\u00edtve. A weboldal tov\u00e1bbi haszn\u00e1lata a m\u00f3dos\u00edtott felt\u00e9telek elfogad\u00e1s\u00e1t jelenti. Javasoljuk, hogy rendszeresen ellen\u0151rizze ezt az oldalt az esetleges v\u00e1ltoz\u00e1sok miatt.<\/p><p>9. Kapcsolat<br>Ha b\u00e1rmilyen k\u00e9rd\u00e9se van a jelen Szolg\u00e1ltat\u00e1si felt\u00e9telekkel kapcsolatban, k\u00e9rj\u00fck, vegye fel vel\u00fcnk a kapcsolatot az al\u00e1bbi c\u00edmen:<\/p><p>E-mail: director@induzon.com<\/p><p>Telefon: +86 158 9523 9548<\/p>\t\t\t\t\t\t\t\t<\/div>\n\t\t\t\t\t<\/div>\n\t\t\t\t<\/div>\n\t\t\t\t<\/div>\n\t\t","protected":false},"excerpt":{"rendered":"<p>Szolg\u00e1ltat\u00e1si felt\u00e9telek Utols\u00f3 friss\u00edt\u00e9s: 2025. november 25. \u00dcdv\u00f6z\u00f6lj\u00fck az Induzonban! K\u00e9rj\u00fck, olvassa el figyelmesen a jelen Szolg\u00e1ltat\u00e1si felt\u00e9teleket (a tov\u00e1bbiakban: [&hellip;]<\/p>\n","protected":false},"author":3,"featured_media":0,"parent":0,"menu_order":0,"comment_status":"closed","ping_status":"closed","template":"","meta":{"site-sidebar-layout":"no-sidebar","site-content-layout":"","ast-site-content-layout":"full-width-container","site-content-style":"default","site-sidebar-style":"default","ast-global-header-display":"","ast-banner-title-visibility":"","ast-main-header-display":"","ast-hfb-above-header-display":"","ast-hfb-below-header-display":"","ast-hfb-mobile-header-display":"","site-post-title":"disabled","ast-breadcrumbs-content":"","ast-featured-img":"disabled","footer-sml-layout":"","theme-transparent-header-meta":"","adv-header-id-meta":"","stick-header-meta":"","header-above-stick-meta":"","header-main-stick-meta":"","header-below-stick-meta":"","astra-migrate-meta-layouts":"default","ast-page-background-enabled":"default","ast-page-background-meta":{"desktop":{"background-color":"var(--ast-global-color-4)","background-image":"","background-repeat":"repeat","background-position":"center center","background-size":"auto","background-attachment":"scroll","background-type":"","background-media":"","overlay-type":"","overlay-color":"","overlay-opacity":"","overlay-gradient":""},"tablet":{"background-color":"","background-image":"","background-repeat":"repeat","background-position":"center center","background-size":"auto","background-attachment":"scroll","background-type":"","background-media":"","overlay-type":"","overlay-color":"","overlay-opacity":"","overlay-gradient":""},"mobile":{"background-color":"","background-image":"","background-repeat":"repeat","background-position":"center center","background-size":"auto","background-attachment":"scroll","background-type":"","background-media":"","overlay-type":"","overlay-color":"","overlay-opacity":"","overlay-gradient":""}},"ast-content-background-meta":{"desktop":{"background-color":"var(--ast-global-color-5)","background-image":"","background-repeat":"repeat","background-position":"center center","background-size":"auto","background-attachment":"scroll","background-type":"","background-media":"","overlay-type":"","overlay-color":"","overlay-opacity":"","overlay-gradient":""},"tablet":{"background-color":"var(--ast-global-color-5)","background-image":"","background-repeat":"repeat","background-position":"center center","background-size":"auto","background-attachment":"scroll","background-type":"","background-media":"","overlay-type":"","overlay-color":"","overlay-opacity":"","overlay-gradient":""},"mobile":{"background-color":"var(--ast-global-color-5)","background-image":"","background-repeat":"repeat","background-position":"center center","background-size":"auto","background-attachment":"scroll","background-type":"","background-media":"","overlay-type":"","overlay-color":"","overlay-opacity":"","overlay-gradient":""}},"footnotes":""},"class_list":["post-30796","page","type-page","status-publish","hentry"],"yoast_head":"<!-- This site is optimized with the Yoast SEO plugin v24.9 - https:\/\/yoast.com\/wordpress\/plugins\/seo\/ -->\r\n<title>Terms of Service - induzon<\/title>\r\n<meta name=\"robots\" content=\"index, follow, max-snippet:-1, max-image-preview:large, max-video-preview:-1\" \/>\r\n<link rel=\"canonical\" href=\"https:\/\/induzon.com\/hu\/terms-of-service\/\" \/>\r\n<meta property=\"og:locale\" content=\"hu_HU\" \/>\r\n<meta property=\"og:type\" content=\"article\" \/>\r\n<meta property=\"og:title\" content=\"Terms of Service - induzon\" \/>\r\n<meta property=\"og:description\" content=\"Szolg\u00e1ltat\u00e1si felt\u00e9telek Utols\u00f3 friss\u00edt\u00e9s: 2025. november 25. \u00dcdv\u00f6z\u00f6lj\u00fck az Induzonban! K\u00e9rj\u00fck, olvassa el figyelmesen a jelen Szolg\u00e1ltat\u00e1si felt\u00e9teleket (a tov\u00e1bbiakban: [&hellip;]\" \/>\r\n<meta property=\"og:url\" content=\"https:\/\/induzon.com\/hu\/terms-of-service\/\" \/>\r\n<meta property=\"og:site_name\" content=\"induzon\" \/>\r\n<meta property=\"article:modified_time\" content=\"2025-11-26T06:24:46+00:00\" \/>\r\n<meta name=\"twitter:card\" content=\"summary_large_image\" \/>\r\n<meta name=\"twitter:label1\" content=\"Becs\u00fclt olvas\u00e1si id\u0151\" \/>\n\t<meta name=\"twitter:data1\" content=\"4 perc\" \/>\r\n<script type=\"application\/ld+json\" class=\"yoast-schema-graph\">{\"@context\":\"https:\/\/schema.org\",\"@graph\":[{\"@type\":\"WebPage\",\"@id\":\"https:\/\/induzon.com\/hu\/terms-of-service\/\",\"url\":\"https:\/\/induzon.com\/hu\/terms-of-service\/\",\"name\":\"Terms of Service - induzon\",\"isPartOf\":{\"@id\":\"https:\/\/induzon.com\/hu\/#website\"},\"datePublished\":\"2025-11-26T02:15:49+00:00\",\"dateModified\":\"2025-11-26T06:24:46+00:00\",\"breadcrumb\":{\"@id\":\"https:\/\/induzon.com\/hu\/terms-of-service\/#breadcrumb\"},\"inLanguage\":\"hu\",\"potentialAction\":[{\"@type\":\"ReadAction\",\"target\":[\"https:\/\/induzon.com\/hu\/terms-of-service\/\"]}]},{\"@type\":\"BreadcrumbList\",\"@id\":\"https:\/\/induzon.com\/hu\/terms-of-service\/#breadcrumb\",\"itemListElement\":[{\"@type\":\"ListItem\",\"position\":1,\"name\":\"\u9996\u9875\",\"item\":\"https:\/\/induzon.com\/hu\/\"},{\"@type\":\"ListItem\",\"position\":2,\"name\":\"Terms of Service\"}]},{\"@type\":\"WebSite\",\"@id\":\"https:\/\/induzon.com\/hu\/#website\",\"url\":\"https:\/\/induzon.com\/hu\/\",\"name\":\"induzon\",\"description\":\"\",\"publisher\":{\"@id\":\"https:\/\/induzon.com\/hu\/#organization\"},\"potentialAction\":[{\"@type\":\"SearchAction\",\"target\":{\"@type\":\"EntryPoint\",\"urlTemplate\":\"https:\/\/induzon.com\/hu\/?s={search_term_string}\"},\"query-input\":{\"@type\":\"PropertyValueSpecification\",\"valueRequired\":true,\"valueName\":\"search_term_string\"}}],\"inLanguage\":\"hu\"},{\"@type\":\"Organization\",\"@id\":\"https:\/\/induzon.com\/hu\/#organization\",\"name\":\"induzon\",\"url\":\"https:\/\/induzon.com\/hu\/\",\"logo\":{\"@type\":\"ImageObject\",\"inLanguage\":\"hu\",\"@id\":\"https:\/\/induzon.com\/hu\/#\/schema\/logo\/image\/\",\"url\":\"https:\/\/induzon.com\/wp-content\/uploads\/2025\/05\/cropped-026.png\",\"contentUrl\":\"https:\/\/induzon.com\/wp-content\/uploads\/2025\/05\/cropped-026.png\",\"width\":512,\"height\":512,\"caption\":\"induzon\"},\"image\":{\"@id\":\"https:\/\/induzon.com\/hu\/#\/schema\/logo\/image\/\"}}]}<\/script>\r\n<!-- \/ Yoast SEO plugin. -->","yoast_head_json":{"title":"Terms of Service - induzon","robots":{"index":"index","follow":"follow","max-snippet":"max-snippet:-1","max-image-preview":"max-image-preview:large","max-video-preview":"max-video-preview:-1"},"canonical":"https:\/\/induzon.com\/hu\/terms-of-service\/","og_locale":"hu_HU","og_type":"article","og_title":"Terms of Service - induzon","og_description":"Szolg\u00e1ltat\u00e1si felt\u00e9telek Utols\u00f3 friss\u00edt\u00e9s: 2025. november 25. \u00dcdv\u00f6z\u00f6lj\u00fck az Induzonban! K\u00e9rj\u00fck, olvassa el figyelmesen a jelen Szolg\u00e1ltat\u00e1si felt\u00e9teleket (a tov\u00e1bbiakban: [&hellip;]","og_url":"https:\/\/induzon.com\/hu\/terms-of-service\/","og_site_name":"induzon","article_modified_time":"2025-11-26T06:24:46+00:00","twitter_card":"summary_large_image","twitter_misc":{"Becs\u00fclt olvas\u00e1si id\u0151":"4 perc"},"schema":{"@context":"https:\/\/schema.org","@graph":[{"@type":"WebPage","@id":"https:\/\/induzon.com\/hu\/terms-of-service\/","url":"https:\/\/induzon.com\/hu\/terms-of-service\/","name":"Terms of Service - induzon","isPartOf":{"@id":"https:\/\/induzon.com\/hu\/#website"},"datePublished":"2025-11-26T02:15:49+00:00","dateModified":"2025-11-26T06:24:46+00:00","breadcrumb":{"@id":"https:\/\/induzon.com\/hu\/terms-of-service\/#breadcrumb"},"inLanguage":"hu","potentialAction":[{"@type":"ReadAction","target":["https:\/\/induzon.com\/hu\/terms-of-service\/"]}]},{"@type":"BreadcrumbList","@id":"https:\/\/induzon.com\/hu\/terms-of-service\/#breadcrumb","itemListElement":[{"@type":"ListItem","position":1,"name":"\u9996\u9875","item":"https:\/\/induzon.com\/hu\/"},{"@type":"ListItem","position":2,"name":"Terms of Service"}]},{"@type":"WebSite","@id":"https:\/\/induzon.com\/hu\/#website","url":"https:\/\/induzon.com\/hu\/","name":"induzon","description":"","publisher":{"@id":"https:\/\/induzon.com\/hu\/#organization"},"potentialAction":[{"@type":"SearchAction","target":{"@type":"EntryPoint","urlTemplate":"https:\/\/induzon.com\/hu\/?s={search_term_string}"},"query-input":{"@type":"PropertyValueSpecification","valueRequired":true,"valueName":"search_term_string"}}],"inLanguage":"hu"},{"@type":"Organization","@id":"https:\/\/induzon.com\/hu\/#organization","name":"induzon","url":"https:\/\/induzon.com\/hu\/","logo":{"@type":"ImageObject","inLanguage":"hu","@id":"https:\/\/induzon.com\/hu\/#\/schema\/logo\/image\/","url":"https:\/\/induzon.com\/wp-content\/uploads\/2025\/05\/cropped-026.png","contentUrl":"https:\/\/induzon.com\/wp-content\/uploads\/2025\/05\/cropped-026.png","width":512,"height":512,"caption":"induzon"},"image":{"@id":"https:\/\/induzon.com\/hu\/#\/schema\/logo\/image\/"}}]}},"_links":{"self":[{"href":"https:\/\/induzon.com\/hu\/wp-json\/wp\/v2\/pages\/30796","targetHints":{"allow":["GET"]}}],"collection":[{"href":"https:\/\/induzon.com\/hu\/wp-json\/wp\/v2\/pages"}],"about":[{"href":"https:\/\/induzon.com\/hu\/wp-json\/wp\/v2\/types\/page"}],"author":[{"embeddable":true,"href":"https:\/\/induzon.com\/hu\/wp-json\/wp\/v2\/users\/3"}],"replies":[{"embeddable":true,"href":"https:\/\/induzon.com\/hu\/wp-json\/wp\/v2\/comments?post=30796"}],"version-history":[{"count":1,"href":"https:\/\/induzon.com\/hu\/wp-json\/wp\/v2\/pages\/30796\/revisions"}],"predecessor-version":[{"id":30797,"href":"https:\/\/induzon.com\/hu\/wp-json\/wp\/v2\/pages\/30796\/revisions\/30797"}],"wp:attachment":[{"href":"https:\/\/induzon.com\/hu\/wp-json\/wp\/v2\/media?parent=30796"}],"curies":[{"name":"wp","href":"https:\/\/api.w.org\/{rel}","templated":true}]}}