{"id":5136,"date":"2024-12-03T10:55:57","date_gmt":"2024-12-03T02:55:57","guid":{"rendered":"http:\/\/induzon.com\/az-en-szamlam\/"},"modified":"2025-08-22T13:53:58","modified_gmt":"2025-08-22T05:53:58","slug":"az-en-szamlam","status":"publish","type":"page","link":"https:\/\/induzon.com\/hu\/az-en-szamlam\/","title":{"rendered":"Az \u00e9n sz\u00e1ml\u00e1m"},"content":{"rendered":"\t\t<div data-elementor-type=\"wp-page\" data-elementor-id=\"5136\" class=\"elementor elementor-5136 elementor-17\" data-elementor-post-type=\"page\">\n\t\t\t\t<div class=\"elementor-element elementor-element-1e6b9686 e-flex e-con-boxed e-con e-parent\" data-id=\"1e6b9686\" data-element_type=\"container\">\n\t\t\t\t\t<div class=\"e-con-inner\">\n\t\t\t\t<div class=\"elementor-element elementor-element-768617c5 elementor-widget elementor-widget-text-editor\" data-id=\"768617c5\" data-element_type=\"widget\" data-widget_type=\"text-editor.default\">\n\t\t\t\t\t\t\t\t\t<div class=\"woocommerce\"><\/div>\t\t\t\t\t\t\t\t<\/div>\n\t\t\t\t\t<\/div>\n\t\t\t\t<\/div>\n\t\t\t\t<\/div>\n\t\t","protected":false},"excerpt":{"rendered":"","protected":false},"author":1,"featured_media":0,"parent":0,"menu_order":0,"comment_status":"closed","ping_status":"closed","template":"","meta":{"site-sidebar-layout":"no-sidebar","site-content-layout":"","ast-site-content-layout":"","site-content-style":"default","site-sidebar-style":"default","ast-global-header-display":"","ast-banner-title-visibility":"","ast-main-header-display":"","ast-hfb-above-header-display":"","ast-hfb-below-header-display":"","ast-hfb-mobile-header-display":"","site-post-title":"disabled","ast-breadcrumbs-content":"","ast-featured-img":"disabled","footer-sml-layout":"","theme-transparent-header-meta":"","adv-header-id-meta":"","stick-header-meta":"","header-above-stick-meta":"","header-main-stick-meta":"","header-below-stick-meta":"","astra-migrate-meta-layouts":"default","ast-page-background-enabled":"default","ast-page-background-meta":{"desktop":{"background-color":"var(--ast-global-color-4)","background-image":"","background-repeat":"repeat","background-position":"center center","background-size":"auto","background-attachment":"scroll","background-type":"","background-media":"","overlay-type":"","overlay-color":"","overlay-opacity":"","overlay-gradient":""},"tablet":{"background-color":"","background-image":"","background-repeat":"repeat","background-position":"center center","background-size":"auto","background-attachment":"scroll","background-type":"","background-media":"","overlay-type":"","overlay-color":"","overlay-opacity":"","overlay-gradient":""},"mobile":{"background-color":"","background-image":"","background-repeat":"repeat","background-position":"center center","background-size":"auto","background-attachment":"scroll","background-type":"","background-media":"","overlay-type":"","overlay-color":"","overlay-opacity":"","overlay-gradient":""}},"ast-content-background-meta":{"desktop":{"background-color":"var(--ast-global-color-5)","background-image":"","background-repeat":"repeat","background-position":"center center","background-size":"auto","background-attachment":"scroll","background-type":"","background-media":"","overlay-type":"","overlay-color":"","overlay-opacity":"","overlay-gradient":""},"tablet":{"background-color":"var(--ast-global-color-5)","background-image":"","background-repeat":"repeat","background-position":"center center","background-size":"auto","background-attachment":"scroll","background-type":"","background-media":"","overlay-type":"","overlay-color":"","overlay-opacity":"","overlay-gradient":""},"mobile":{"background-color":"var(--ast-global-color-5)","background-image":"","background-repeat":"repeat","background-position":"center center","background-size":"auto","background-attachment":"scroll","background-type":"","background-media":"","overlay-type":"","overlay-color":"","overlay-opacity":"","overlay-gradient":""}},"footnotes":""},"class_list":["post-5136","page","type-page","status-publish","hentry"],"yoast_head":"<!-- This site is optimized with the Yoast SEO plugin v24.9 - https:\/\/yoast.com\/wordpress\/plugins\/seo\/ -->\r\n<title>Saj\u00e1t fi\u00f3k | Megrendel\u00e9sek, sz\u00e1ml\u00e1k \u00e9s csere term\u00e9kek nyomon k\u00f6vet\u00e9se - Induzon<\/title>\r\n<meta name=\"description\" content=\"Jelentkezzen be az I My Account fi\u00f3kj\u00e1ba, hogy nyomon k\u00f6vethesse a megrendel\u00e9s \u00e1llapot\u00e1t, let\u00f6ltse a sz\u00e1ml\u00e1kat \u00e9s megtekintse a p\u00f3talkatr\u00e9szek t\u00f6rt\u00e9net\u00e9t.\" \/>\r\n<meta name=\"robots\" content=\"index, follow, max-snippet:-1, max-image-preview:large, max-video-preview:-1\" \/>\r\n<link rel=\"canonical\" href=\"https:\/\/induzon.com\/hu\/az-en-szamlam\/\" \/>\r\n<meta property=\"og:locale\" content=\"hu_HU\" \/>\r\n<meta property=\"og:type\" content=\"article\" \/>\r\n<meta property=\"og:title\" content=\"Saj\u00e1t fi\u00f3k | Megrendel\u00e9sek, sz\u00e1ml\u00e1k \u00e9s csere term\u00e9kek nyomon k\u00f6vet\u00e9se - Induzon\" \/>\r\n<meta property=\"og:description\" content=\"Jelentkezzen be az I My Account fi\u00f3kj\u00e1ba, hogy nyomon k\u00f6vethesse a megrendel\u00e9s \u00e1llapot\u00e1t, let\u00f6ltse a sz\u00e1ml\u00e1kat \u00e9s megtekintse a p\u00f3talkatr\u00e9szek t\u00f6rt\u00e9net\u00e9t.\" \/>\r\n<meta property=\"og:url\" content=\"https:\/\/induzon.com\/hu\/az-en-szamlam\/\" \/>\r\n<meta property=\"og:site_name\" content=\"induzon\" \/>\r\n<meta property=\"article:modified_time\" content=\"2025-08-22T05:53:58+00:00\" \/>\r\n<meta name=\"twitter:card\" content=\"summary_large_image\" \/>\r\n<script type=\"application\/ld+json\" class=\"yoast-schema-graph\">{\"@context\":\"https:\/\/schema.org\",\"@graph\":[{\"@type\":\"WebPage\",\"@id\":\"https:\/\/induzon.com\/hu\/az-en-szamlam\/\",\"url\":\"https:\/\/induzon.com\/hu\/az-en-szamlam\/\",\"name\":\"Saj\u00e1t fi\u00f3k | Megrendel\u00e9sek, sz\u00e1ml\u00e1k \u00e9s csere term\u00e9kek nyomon k\u00f6vet\u00e9se - Induzon\",\"isPartOf\":{\"@id\":\"https:\/\/induzon.com\/hu\/#website\"},\"datePublished\":\"2024-12-03T02:55:57+00:00\",\"dateModified\":\"2025-08-22T05:53:58+00:00\",\"description\":\"Jelentkezzen be az I My Account fi\u00f3kj\u00e1ba, hogy nyomon k\u00f6vethesse a megrendel\u00e9s \u00e1llapot\u00e1t, let\u00f6ltse a sz\u00e1ml\u00e1kat \u00e9s megtekintse a p\u00f3talkatr\u00e9szek t\u00f6rt\u00e9net\u00e9t.\",\"breadcrumb\":{\"@id\":\"https:\/\/induzon.com\/hu\/az-en-szamlam\/#breadcrumb\"},\"inLanguage\":\"hu\",\"potentialAction\":[{\"@type\":\"ReadAction\",\"target\":[\"https:\/\/induzon.com\/hu\/az-en-szamlam\/\"]}]},{\"@type\":\"BreadcrumbList\",\"@id\":\"https:\/\/induzon.com\/hu\/az-en-szamlam\/#breadcrumb\",\"itemListElement\":[{\"@type\":\"ListItem\",\"position\":1,\"name\":\"\u9996\u9875\",\"item\":\"https:\/\/induzon.com\/hu\/\"},{\"@type\":\"ListItem\",\"position\":2,\"name\":\"Az \u00e9n sz\u00e1ml\u00e1m\"}]},{\"@type\":\"WebSite\",\"@id\":\"https:\/\/induzon.com\/hu\/#website\",\"url\":\"https:\/\/induzon.com\/hu\/\",\"name\":\"induzon\",\"description\":\"\",\"publisher\":{\"@id\":\"https:\/\/induzon.com\/hu\/#organization\"},\"potentialAction\":[{\"@type\":\"SearchAction\",\"target\":{\"@type\":\"EntryPoint\",\"urlTemplate\":\"https:\/\/induzon.com\/hu\/?s={search_term_string}\"},\"query-input\":{\"@type\":\"PropertyValueSpecification\",\"valueRequired\":true,\"valueName\":\"search_term_string\"}}],\"inLanguage\":\"hu\"},{\"@type\":\"Organization\",\"@id\":\"https:\/\/induzon.com\/hu\/#organization\",\"name\":\"induzon\",\"url\":\"https:\/\/induzon.com\/hu\/\",\"logo\":{\"@type\":\"ImageObject\",\"inLanguage\":\"hu\",\"@id\":\"https:\/\/induzon.com\/hu\/#\/schema\/logo\/image\/\",\"url\":\"https:\/\/induzon.com\/wp-content\/uploads\/2025\/05\/cropped-026.png\",\"contentUrl\":\"https:\/\/induzon.com\/wp-content\/uploads\/2025\/05\/cropped-026.png\",\"width\":512,\"height\":512,\"caption\":\"induzon\"},\"image\":{\"@id\":\"https:\/\/induzon.com\/hu\/#\/schema\/logo\/image\/\"}}]}<\/script>\r\n<!-- \/ Yoast SEO plugin. -->","yoast_head_json":{"title":"Saj\u00e1t fi\u00f3k | Megrendel\u00e9sek, sz\u00e1ml\u00e1k \u00e9s csere term\u00e9kek nyomon k\u00f6vet\u00e9se - Induzon","description":"Jelentkezzen be az I My Account fi\u00f3kj\u00e1ba, hogy nyomon k\u00f6vethesse a megrendel\u00e9s \u00e1llapot\u00e1t, let\u00f6ltse a sz\u00e1ml\u00e1kat \u00e9s megtekintse a p\u00f3talkatr\u00e9szek t\u00f6rt\u00e9net\u00e9t.","robots":{"index":"index","follow":"follow","max-snippet":"max-snippet:-1","max-image-preview":"max-image-preview:large","max-video-preview":"max-video-preview:-1"},"canonical":"https:\/\/induzon.com\/hu\/az-en-szamlam\/","og_locale":"hu_HU","og_type":"article","og_title":"Saj\u00e1t fi\u00f3k | Megrendel\u00e9sek, sz\u00e1ml\u00e1k \u00e9s csere term\u00e9kek nyomon k\u00f6vet\u00e9se - Induzon","og_description":"Jelentkezzen be az I My Account fi\u00f3kj\u00e1ba, hogy nyomon k\u00f6vethesse a megrendel\u00e9s \u00e1llapot\u00e1t, let\u00f6ltse a sz\u00e1ml\u00e1kat \u00e9s megtekintse a p\u00f3talkatr\u00e9szek t\u00f6rt\u00e9net\u00e9t.","og_url":"https:\/\/induzon.com\/hu\/az-en-szamlam\/","og_site_name":"induzon","article_modified_time":"2025-08-22T05:53:58+00:00","twitter_card":"summary_large_image","schema":{"@context":"https:\/\/schema.org","@graph":[{"@type":"WebPage","@id":"https:\/\/induzon.com\/hu\/az-en-szamlam\/","url":"https:\/\/induzon.com\/hu\/az-en-szamlam\/","name":"Saj\u00e1t fi\u00f3k | Megrendel\u00e9sek, sz\u00e1ml\u00e1k \u00e9s csere term\u00e9kek nyomon k\u00f6vet\u00e9se - Induzon","isPartOf":{"@id":"https:\/\/induzon.com\/hu\/#website"},"datePublished":"2024-12-03T02:55:57+00:00","dateModified":"2025-08-22T05:53:58+00:00","description":"Jelentkezzen be az I My Account fi\u00f3kj\u00e1ba, hogy nyomon k\u00f6vethesse a megrendel\u00e9s \u00e1llapot\u00e1t, let\u00f6ltse a sz\u00e1ml\u00e1kat \u00e9s megtekintse a p\u00f3talkatr\u00e9szek t\u00f6rt\u00e9net\u00e9t.","breadcrumb":{"@id":"https:\/\/induzon.com\/hu\/az-en-szamlam\/#breadcrumb"},"inLanguage":"hu","potentialAction":[{"@type":"ReadAction","target":["https:\/\/induzon.com\/hu\/az-en-szamlam\/"]}]},{"@type":"BreadcrumbList","@id":"https:\/\/induzon.com\/hu\/az-en-szamlam\/#breadcrumb","itemListElement":[{"@type":"ListItem","position":1,"name":"\u9996\u9875","item":"https:\/\/induzon.com\/hu\/"},{"@type":"ListItem","position":2,"name":"Az \u00e9n sz\u00e1ml\u00e1m"}]},{"@type":"WebSite","@id":"https:\/\/induzon.com\/hu\/#website","url":"https:\/\/induzon.com\/hu\/","name":"induzon","description":"","publisher":{"@id":"https:\/\/induzon.com\/hu\/#organization"},"potentialAction":[{"@type":"SearchAction","target":{"@type":"EntryPoint","urlTemplate":"https:\/\/induzon.com\/hu\/?s={search_term_string}"},"query-input":{"@type":"PropertyValueSpecification","valueRequired":true,"valueName":"search_term_string"}}],"inLanguage":"hu"},{"@type":"Organization","@id":"https:\/\/induzon.com\/hu\/#organization","name":"induzon","url":"https:\/\/induzon.com\/hu\/","logo":{"@type":"ImageObject","inLanguage":"hu","@id":"https:\/\/induzon.com\/hu\/#\/schema\/logo\/image\/","url":"https:\/\/induzon.com\/wp-content\/uploads\/2025\/05\/cropped-026.png","contentUrl":"https:\/\/induzon.com\/wp-content\/uploads\/2025\/05\/cropped-026.png","width":512,"height":512,"caption":"induzon"},"image":{"@id":"https:\/\/induzon.com\/hu\/#\/schema\/logo\/image\/"}}]}},"_links":{"self":[{"href":"https:\/\/induzon.com\/hu\/wp-json\/wp\/v2\/pages\/5136","targetHints":{"allow":["GET"]}}],"collection":[{"href":"https:\/\/induzon.com\/hu\/wp-json\/wp\/v2\/pages"}],"about":[{"href":"https:\/\/induzon.com\/hu\/wp-json\/wp\/v2\/types\/page"}],"author":[{"embeddable":true,"href":"https:\/\/induzon.com\/hu\/wp-json\/wp\/v2\/users\/1"}],"replies":[{"embeddable":true,"href":"https:\/\/induzon.com\/hu\/wp-json\/wp\/v2\/comments?post=5136"}],"version-history":[{"count":4,"href":"https:\/\/induzon.com\/hu\/wp-json\/wp\/v2\/pages\/5136\/revisions"}],"predecessor-version":[{"id":23364,"href":"https:\/\/induzon.com\/hu\/wp-json\/wp\/v2\/pages\/5136\/revisions\/23364"}],"wp:attachment":[{"href":"https:\/\/induzon.com\/hu\/wp-json\/wp\/v2\/media?parent=5136"}],"curies":[{"name":"wp","href":"https:\/\/api.w.org\/{rel}","templated":true}]}}