{"id":5222,"date":"2025-01-14T16:41:40","date_gmt":"2025-01-14T08:41:40","guid":{"rendered":"http:\/\/induzon.com\/szallitasi-utmutato\/"},"modified":"2025-11-25T17:05:57","modified_gmt":"2025-11-25T09:05:57","slug":"szallitasi-utmutato","status":"publish","type":"page","link":"https:\/\/induzon.com\/hu\/szallitasi-utmutato\/","title":{"rendered":"Sz\u00e1ll\u00edt\u00e1si \u00fatmutat\u00f3"},"content":{"rendered":"\t\t<div data-elementor-type=\"wp-page\" data-elementor-id=\"5222\" class=\"elementor elementor-5222 elementor-3216\" data-elementor-post-type=\"page\">\n\t\t\t\t<div class=\"elementor-element elementor-element-fa24179 e-flex e-con-boxed e-con e-parent\" data-id=\"fa24179\" data-element_type=\"container\">\n\t\t\t\t\t<div class=\"e-con-inner\">\n\t\t<div class=\"elementor-element elementor-element-888ddf5 e-con-full e-flex e-con e-child\" data-id=\"888ddf5\" data-element_type=\"container\">\n\t\t\t\t<div class=\"elementor-element elementor-element-d1a036d elementor-widget elementor-widget-heading\" data-id=\"d1a036d\" data-element_type=\"widget\" data-widget_type=\"heading.default\">\n\t\t\t\t\t<h2 class=\"elementor-heading-title elementor-size-default\"><a href=\"#delivered2\">Sz\u00e1ll\u00edt\u00e1si \u00fatmutat\u00f3<\/a><\/h2>\t\t\t\t<\/div>\n\t\t<div class=\"elementor-element elementor-element-8520880 e-con-full e-flex e-con e-child\" data-id=\"8520880\" data-element_type=\"container\">\n\t\t\t\t<div class=\"elementor-element elementor-element-ea96df2 elementor-view-default elementor-widget elementor-widget-icon\" data-id=\"ea96df2\" data-element_type=\"widget\" data-widget_type=\"icon.default\">\n\t\t\t\t\t\t\t<div class=\"elementor-icon-wrapper\">\n\t\t\t<div class=\"elementor-icon\">\n\t\t\t<svg aria-hidden=\"true\" class=\"e-font-icon-svg e-fas-circle\" viewBox=\"0 0 512 512\" xmlns=\"http:\/\/www.w3.org\/2000\/svg\"><path d=\"M256 8C119 8 8 119 8 256s111 248 248 248 248-111 248-248S393 8 256 8z\"><\/path><\/svg>\t\t\t<\/div>\n\t\t<\/div>\n\t\t\t\t\t\t<\/div>\n\t\t\t\t<div class=\"elementor-element elementor-element-a4bb1c4 elementor-widget elementor-widget-heading\" data-id=\"a4bb1c4\" data-element_type=\"widget\" id=\"delivered\" data-widget_type=\"heading.default\">\n\t\t\t\t\t<p class=\"elementor-heading-title elementor-size-default\"><a href=\"#delivered2\">Mikor fogj\u00e1k lesz\u00e1ll\u00edtani? A sz\u00e1ll\u00edt\u00e1s elmarad\u00e1s\u00e1nak lehets\u00e9ges okai? <\/a><\/p>\t\t\t\t<\/div>\n\t\t\t\t<\/div>\n\t\t<div class=\"elementor-element elementor-element-1b8fb78 e-con-full e-flex e-con e-child\" data-id=\"1b8fb78\" data-element_type=\"container\">\n\t\t\t\t<div class=\"elementor-element elementor-element-7ac40c1 elementor-view-default elementor-widget elementor-widget-icon\" data-id=\"7ac40c1\" data-element_type=\"widget\" data-widget_type=\"icon.default\">\n\t\t\t\t\t\t\t<div class=\"elementor-icon-wrapper\">\n\t\t\t<div class=\"elementor-icon\">\n\t\t\t<svg aria-hidden=\"true\" class=\"e-font-icon-svg e-fas-circle\" viewBox=\"0 0 512 512\" xmlns=\"http:\/\/www.w3.org\/2000\/svg\"><path d=\"M256 8C119 8 8 119 8 256s111 248 248 248 248-111 248-248S393 8 256 8z\"><\/path><\/svg>\t\t\t<\/div>\n\t\t<\/div>\n\t\t\t\t\t\t<\/div>\n\t\t\t\t<div class=\"elementor-element elementor-element-9bb383f elementor-widget elementor-widget-heading\" data-id=\"9bb383f\" data-element_type=\"widget\" id=\"delay\" data-widget_type=\"heading.default\">\n\t\t\t\t\t<p class=\"elementor-heading-title elementor-size-default\"><a href=\"#delay2\">Mi\u00e9rt k\u00e9sik a csomagom, \u00e9s mi\u00e9rt nem friss\u00fclnek a nyomonk\u00f6vet\u00e9si adatok?<\/a><\/p>\t\t\t\t<\/div>\n\t\t\t\t<\/div>\n\t\t<div class=\"elementor-element elementor-element-69af278 e-con-full e-flex e-con e-child\" data-id=\"69af278\" data-element_type=\"container\">\n\t\t\t\t<div class=\"elementor-element elementor-element-9bc0248 elementor-view-default elementor-widget elementor-widget-icon\" data-id=\"9bc0248\" data-element_type=\"widget\" data-widget_type=\"icon.default\">\n\t\t\t\t\t\t\t<div class=\"elementor-icon-wrapper\">\n\t\t\t<div class=\"elementor-icon\">\n\t\t\t<svg aria-hidden=\"true\" class=\"e-font-icon-svg e-fas-circle\" viewBox=\"0 0 512 512\" xmlns=\"http:\/\/www.w3.org\/2000\/svg\"><path d=\"M256 8C119 8 8 119 8 256s111 248 248 248 248-111 248-248S393 8 256 8z\"><\/path><\/svg>\t\t\t<\/div>\n\t\t<\/div>\n\t\t\t\t\t\t<\/div>\n\t\t\t\t<div class=\"elementor-element elementor-element-a1ecfaa elementor-widget elementor-widget-heading\" data-id=\"a1ecfaa\" data-element_type=\"widget\" id=\"modify2\" data-widget_type=\"heading.default\">\n\t\t\t\t\t<p class=\"elementor-heading-title elementor-size-default\"><a href=\"#modify\">Hogyan m\u00f3dos\u00edthatom szem\u00e9lyes adataimat megrendel\u00e9s ut\u00e1n?<\/a><\/p>\t\t\t\t<\/div>\n\t\t\t\t<\/div>\n\t\t<div class=\"elementor-element elementor-element-3761aa9 e-con-full e-flex e-con e-child\" data-id=\"3761aa9\" data-element_type=\"container\">\n\t\t\t\t<div class=\"elementor-element elementor-element-534770d elementor-widget elementor-widget-heading\" data-id=\"534770d\" data-element_type=\"widget\" id=\"delivered2\" data-widget_type=\"heading.default\">\n\t\t\t\t\t<h3 class=\"elementor-heading-title elementor-size-default\"><a href=\"#delivered\">Mikor fogj\u00e1k lesz\u00e1ll\u00edtani? A sz\u00e1ll\u00edt\u00e1s elmarad\u00e1s\u00e1nak lehets\u00e9ges okai? <\/a><\/h3>\t\t\t\t<\/div>\n\t\t\t\t<div class=\"elementor-element elementor-element-80c1afc elementor-widget elementor-widget-text-editor\" data-id=\"80c1afc\" data-element_type=\"widget\" data-widget_type=\"text-editor.default\">\n\t\t\t\t\t\t\t\t\t<p style=\"font-weight: 400;\">A sikeres fizet\u00e9s ut\u00e1n 1-2 munkanapon bel\u00fcl elk\u00fcldj\u00fck az \u00e1rut.<\/p>\n<p style=\"font-weight: 400;\">\nA k\u00fcl\u00f6nb\u00f6z\u0151 sz\u00e1ll\u00edt\u00e1si m\u00f3dok becs\u00fclt sz\u00e1ll\u00edt\u00e1si ideje a k\u00f6vetkez\u0151:\n&#8211; L\u00e9gifuvaroz\u00e1s: 8-20 nap\n&#8211; Teheraut\u00f3s sz\u00e1ll\u00edt\u00e1s: 30-40 nap\n&#8211; Vas\u00fat: 35-50 nap\n&#8211; Tengeri sz\u00e1ll\u00edt\u00e1s: 50-60 nap\n<\/p>\n<p style=\"font-weight: 400;\">\nFelh\u00edvjuk figyelm\u00e9t, hogy a sz\u00e1ll\u00edt\u00e1si id\u0151 \u00fcnnepek, term\u00e9szeti katasztr\u00f3f\u00e1k stb. miatt, vagy ha a term\u00e9kek nincsenek rakt\u00e1ron, meghosszabbodhat.\n<\/p>\n<p style=\"font-weight: 400;\">\nK\u00e9rj\u00fck, sz\u00fcks\u00e9g eset\u00e9n l\u00e9pjen kapcsolatba \u00fcgyf\u00e9lszolg\u00e1latunkkal, \u00e9s mi mindent megtesz\u00fcnk, hogy seg\u00edts\u00fcnk \u00d6nnek a probl\u00e9ma megold\u00e1s\u00e1ban.\n<\/p>\t\t\t\t\t\t\t\t<\/div>\n\t\t\t\t<\/div>\n\t\t<div class=\"elementor-element elementor-element-4147271 e-con-full e-flex e-con e-child\" data-id=\"4147271\" data-element_type=\"container\">\n\t\t\t\t<div class=\"elementor-element elementor-element-a84e09f elementor-widget elementor-widget-heading\" data-id=\"a84e09f\" data-element_type=\"widget\" id=\"delay2\" data-widget_type=\"heading.default\">\n\t\t\t\t\t<h3 class=\"elementor-heading-title elementor-size-default\"><a href=\"#delay\">Mi\u00e9rt k\u00e9sik a csomagom, \u00e9s mi\u00e9rt nem friss\u00fclnek a nyomonk\u00f6vet\u00e9si adatok?<\/a><\/h3>\t\t\t\t<\/div>\n\t\t\t\t<div class=\"elementor-element elementor-element-0e2df9c elementor-widget elementor-widget-text-editor\" data-id=\"0e2df9c\" data-element_type=\"widget\" data-widget_type=\"text-editor.default\">\n\t\t\t\t\t\t\t\t\t<p style=\"font-weight: 400;\">A csomag k\u00e9s\u00e9s\u00e9t j\u00e1rv\u00e1nyok, j\u00e1ratk\u00e9s\u00e9s, lass\u00fa v\u00e1mkezel\u00e9si folyamat, nemzeti politikai kiigaz\u00edt\u00e1s, \u00fcnnepnapok \u00e9s egy\u00e9b vis maior t\u00e9nyez\u0151k okozhatj\u00e1k.<\/p><p style=\"font-weight: 400;\"><strong>Tippek<\/strong>: A csomag k\u00e9sik, a nyomon k\u00f6vet\u00e9si inform\u00e1ci\u00f3 egy bizonyos csom\u00f3pontban lesz egy ideig, \u00e9s a nyomon k\u00f6vet\u00e9si inform\u00e1ci\u00f3 nem friss\u00fcl, am\u00edg a csomag el nem \u00e9ri a k\u00f6vetkez\u0151 sz\u00e1ll\u00edt\u00e1si csom\u00f3pontot.<\/p><p style=\"font-weight: 400;\"> <\/p><p style=\"font-weight: 400;\">Ha csomagja k\u00e9sik, k\u00e9rj\u00fck, j\u00e1rjon el a k\u00f6vetkez\u0151 m\u00f3don:<\/p><p style=\"font-weight: 400;\">-Ellen\u0151rizze a csomag nyomon k\u00f6vet\u00e9si adatait.<\/p><p style=\"font-weight: 400;\">-K\u00e9rdezze meg, hogy a sz\u00e1ll\u00edt\u00e1si id\u0151 h\u00e9tv\u00e9g\u00e9n vagy nagyobb \u00fcnnepnapokon is \u00e9rv\u00e9nyes-e.<\/p><p style=\"font-weight: 400;\">-Visszaigazolja, hogy megkapta-e t\u0151l\u00fcnk a k\u00e9sedelemr\u0151l \u00e9rtes\u00edt\u0151 e-maileket.<\/p><p style=\"font-weight: 400;\">Ellen\u0151rizze, hogy a c\u00edm- \u00e9s telefonadatai pontosak-e.<\/p><p style=\"font-weight: 400;\">K\u00fcl\u00f6n nyilatkozat, a csomagok k\u00e9sedelme, amelyet vis maior esem\u00e9nyek (mint p\u00e9ld\u00e1ul term\u00e9szeti katasztr\u00f3f\u00e1k, s\u00falyos id\u0151j\u00e1r\u00e1s, h\u00e1bor\u00fa \u00e9s b\u00e1rmely m\u00e1s, k\u00f6zvetlen befoly\u00e1sunkon k\u00edv\u00fcl es\u0151 esem\u00e9ny) okoznak, nem tartozik a felel\u0151ss\u00e9g\u00fcnk k\u00f6r\u00e9be.<\/p><p style=\"font-weight: 400;\">Ha tov\u00e1bbi inform\u00e1ci\u00f3ra vagy seg\u00edts\u00e9gre van sz\u00fcks\u00e9ge, k\u00e9rj\u00fck, forduljon hozz\u00e1nk bizalommal.<\/p>\t\t\t\t\t\t\t\t<\/div>\n\t\t\t\t<\/div>\n\t\t<div class=\"elementor-element elementor-element-4cd524e e-con-full e-flex e-con e-child\" data-id=\"4cd524e\" data-element_type=\"container\">\n\t\t\t\t<div class=\"elementor-element elementor-element-45b561e elementor-widget elementor-widget-heading\" data-id=\"45b561e\" data-element_type=\"widget\" id=\"modify\" data-widget_type=\"heading.default\">\n\t\t\t\t\t<h3 class=\"elementor-heading-title elementor-size-default\"><a href=\"#modify2\">Hogyan m\u00f3dos\u00edthatom szem\u00e9lyes adataimat megrendel\u00e9s ut\u00e1n?<\/a><\/h3>\t\t\t\t<\/div>\n\t\t\t\t<div class=\"elementor-element elementor-element-60595cd elementor-widget elementor-widget-text-editor\" data-id=\"60595cd\" data-element_type=\"widget\" data-widget_type=\"text-editor.default\">\n\t\t\t\t\t\t\t\t\t<div class=\"help-detail-wrap help-detail-wrap-title\"><div class=\"detail-content\"><p style=\"font-weight: 400;\">A sikeres k\u00e9zbes\u00edt\u00e9s \u00e9rdek\u00e9ben javasoljuk, hogy a csomag felad\u00e1sa el\u0151tt l\u00e9pjen kapcsolatba vel\u00fcnk, hogy m\u00f3dos\u00edtsa szem\u00e9lyes adatait, p\u00e9ld\u00e1ul a c\u00edmet \u00e9s a telefonsz\u00e1mot. <\/p><p style=\"font-weight: 400;\">Ha a csomagot elsz\u00e1ll\u00edtott\u00e1k, k\u00e9rj\u00fck, 3-5 munkanapon bel\u00fcl vegye fel vel\u00fcnk a kapcsolatot a m\u00f3dos\u00edt\u00e1s meger\u0151s\u00edt\u00e9se \u00e9rdek\u00e9ben.<\/p><\/div><\/div>\t\t\t\t\t\t\t\t<\/div>\n\t\t\t\t<\/div>\n\t\t\t\t<\/div>\n\t\t\t\t\t<\/div>\n\t\t\t\t<\/div>\n\t\t\t\t<\/div>\n\t\t","protected":false},"excerpt":{"rendered":"<p>Sz\u00e1ll\u00edt\u00e1si \u00fatmutat\u00f3 Mikor fogj\u00e1k lesz\u00e1ll\u00edtani? A sz\u00e1ll\u00edt\u00e1s elmarad\u00e1s\u00e1nak lehets\u00e9ges okai? Mi\u00e9rt k\u00e9sik a csomagom, \u00e9s mi\u00e9rt nem friss\u00fclnek a nyomonk\u00f6vet\u00e9si [&hellip;]<\/p>\n","protected":false},"author":1,"featured_media":0,"parent":0,"menu_order":0,"comment_status":"closed","ping_status":"closed","template":"","meta":{"site-sidebar-layout":"no-sidebar","site-content-layout":"","ast-site-content-layout":"full-width-container","site-content-style":"default","site-sidebar-style":"default","ast-global-header-display":"","ast-banner-title-visibility":"","ast-main-header-display":"","ast-hfb-above-header-display":"","ast-hfb-below-header-display":"","ast-hfb-mobile-header-display":"","site-post-title":"disabled","ast-breadcrumbs-content":"","ast-featured-img":"disabled","footer-sml-layout":"","theme-transparent-header-meta":"","adv-header-id-meta":"","stick-header-meta":"","header-above-stick-meta":"","header-main-stick-meta":"","header-below-stick-meta":"","astra-migrate-meta-layouts":"default","ast-page-background-enabled":"default","ast-page-background-meta":{"desktop":{"background-color":"var(--ast-global-color-4)","background-image":"","background-repeat":"repeat","background-position":"center center","background-size":"auto","background-attachment":"scroll","background-type":"","background-media":"","overlay-type":"","overlay-color":"","overlay-opacity":"","overlay-gradient":""},"tablet":{"background-color":"","background-image":"","background-repeat":"repeat","background-position":"center center","background-size":"auto","background-attachment":"scroll","background-type":"","background-media":"","overlay-type":"","overlay-color":"","overlay-opacity":"","overlay-gradient":""},"mobile":{"background-color":"","background-image":"","background-repeat":"repeat","background-position":"center center","background-size":"auto","background-attachment":"scroll","background-type":"","background-media":"","overlay-type":"","overlay-color":"","overlay-opacity":"","overlay-gradient":""}},"ast-content-background-meta":{"desktop":{"background-color":"var(--ast-global-color-5)","background-image":"","background-repeat":"repeat","background-position":"center center","background-size":"auto","background-attachment":"scroll","background-type":"","background-media":"","overlay-type":"","overlay-color":"","overlay-opacity":"","overlay-gradient":""},"tablet":{"background-color":"var(--ast-global-color-5)","background-image":"","background-repeat":"repeat","background-position":"center center","background-size":"auto","background-attachment":"scroll","background-type":"","background-media":"","overlay-type":"","overlay-color":"","overlay-opacity":"","overlay-gradient":""},"mobile":{"background-color":"var(--ast-global-color-5)","background-image":"","background-repeat":"repeat","background-position":"center center","background-size":"auto","background-attachment":"scroll","background-type":"","background-media":"","overlay-type":"","overlay-color":"","overlay-opacity":"","overlay-gradient":""}},"footnotes":""},"class_list":["post-5222","page","type-page","status-publish","hentry"],"yoast_head":"<!-- This site is optimized with the Yoast SEO plugin v24.9 - https:\/\/yoast.com\/wordpress\/plugins\/seo\/ -->\r\n<title>Sz\u00e1ll\u00edt\u00e1si \u00fatmutat\u00f3 \u00e9s szab\u00e1lyzatok | Glob\u00e1lis sz\u00e1ll\u00edt\u00e1si inform\u00e1ci\u00f3k - Induzon<\/title>\r\n<meta name=\"description\" content=\"Induzon - Teljes sz\u00e1ll\u00edt\u00e1si \u00fatmutat\u00f3. Tekintse meg a sz\u00e1ll\u00edt\u00e1si k\u00f6lts\u00e9geket, a sz\u00e1ll\u00edt\u00e1si id\u0151ket \u00e9s a megrendel\u00e9s nyomon k\u00f6vet\u00e9s\u00e9nek m\u00f3dj\u00e1t. Glob\u00e1lis sz\u00e1ll\u00edt\u00e1si inform\u00e1ci\u00f3k\" \/>\r\n<meta name=\"robots\" content=\"index, follow, max-snippet:-1, max-image-preview:large, max-video-preview:-1\" \/>\r\n<link rel=\"canonical\" href=\"https:\/\/induzon.com\/hu\/szallitasi-utmutato\/\" \/>\r\n<meta property=\"og:locale\" content=\"hu_HU\" \/>\r\n<meta property=\"og:type\" content=\"article\" \/>\r\n<meta property=\"og:title\" content=\"Sz\u00e1ll\u00edt\u00e1si \u00fatmutat\u00f3 \u00e9s szab\u00e1lyzatok | Glob\u00e1lis sz\u00e1ll\u00edt\u00e1si inform\u00e1ci\u00f3k - Induzon\" \/>\r\n<meta property=\"og:description\" content=\"Induzon - Teljes sz\u00e1ll\u00edt\u00e1si \u00fatmutat\u00f3. Tekintse meg a sz\u00e1ll\u00edt\u00e1si k\u00f6lts\u00e9geket, a sz\u00e1ll\u00edt\u00e1si id\u0151ket \u00e9s a megrendel\u00e9s nyomon k\u00f6vet\u00e9s\u00e9nek m\u00f3dj\u00e1t. Glob\u00e1lis sz\u00e1ll\u00edt\u00e1si inform\u00e1ci\u00f3k\" \/>\r\n<meta property=\"og:url\" content=\"https:\/\/induzon.com\/hu\/szallitasi-utmutato\/\" \/>\r\n<meta property=\"og:site_name\" content=\"induzon\" \/>\r\n<meta property=\"article:modified_time\" content=\"2025-11-25T09:05:57+00:00\" \/>\r\n<meta name=\"twitter:card\" content=\"summary_large_image\" \/>\r\n<meta name=\"twitter:label1\" content=\"Becs\u00fclt olvas\u00e1si id\u0151\" \/>\n\t<meta name=\"twitter:data1\" content=\"3 perc\" \/>\r\n<script type=\"application\/ld+json\" class=\"yoast-schema-graph\">{\"@context\":\"https:\/\/schema.org\",\"@graph\":[{\"@type\":\"WebPage\",\"@id\":\"https:\/\/induzon.com\/hu\/szallitasi-utmutato\/\",\"url\":\"https:\/\/induzon.com\/hu\/szallitasi-utmutato\/\",\"name\":\"Sz\u00e1ll\u00edt\u00e1si \u00fatmutat\u00f3 \u00e9s szab\u00e1lyzatok | Glob\u00e1lis sz\u00e1ll\u00edt\u00e1si inform\u00e1ci\u00f3k - Induzon\",\"isPartOf\":{\"@id\":\"https:\/\/induzon.com\/hu\/#website\"},\"datePublished\":\"2025-01-14T08:41:40+00:00\",\"dateModified\":\"2025-11-25T09:05:57+00:00\",\"description\":\"Induzon - Teljes sz\u00e1ll\u00edt\u00e1si \u00fatmutat\u00f3. Tekintse meg a sz\u00e1ll\u00edt\u00e1si k\u00f6lts\u00e9geket, a sz\u00e1ll\u00edt\u00e1si id\u0151ket \u00e9s a megrendel\u00e9s nyomon k\u00f6vet\u00e9s\u00e9nek m\u00f3dj\u00e1t. Glob\u00e1lis sz\u00e1ll\u00edt\u00e1si inform\u00e1ci\u00f3k\",\"breadcrumb\":{\"@id\":\"https:\/\/induzon.com\/hu\/szallitasi-utmutato\/#breadcrumb\"},\"inLanguage\":\"hu\",\"potentialAction\":[{\"@type\":\"ReadAction\",\"target\":[\"https:\/\/induzon.com\/hu\/szallitasi-utmutato\/\"]}]},{\"@type\":\"BreadcrumbList\",\"@id\":\"https:\/\/induzon.com\/hu\/szallitasi-utmutato\/#breadcrumb\",\"itemListElement\":[{\"@type\":\"ListItem\",\"position\":1,\"name\":\"\u9996\u9875\",\"item\":\"https:\/\/induzon.com\/hu\/\"},{\"@type\":\"ListItem\",\"position\":2,\"name\":\"Sz\u00e1ll\u00edt\u00e1si \u00fatmutat\u00f3\"}]},{\"@type\":\"WebSite\",\"@id\":\"https:\/\/induzon.com\/hu\/#website\",\"url\":\"https:\/\/induzon.com\/hu\/\",\"name\":\"induzon\",\"description\":\"\",\"publisher\":{\"@id\":\"https:\/\/induzon.com\/hu\/#organization\"},\"potentialAction\":[{\"@type\":\"SearchAction\",\"target\":{\"@type\":\"EntryPoint\",\"urlTemplate\":\"https:\/\/induzon.com\/hu\/?s={search_term_string}\"},\"query-input\":{\"@type\":\"PropertyValueSpecification\",\"valueRequired\":true,\"valueName\":\"search_term_string\"}}],\"inLanguage\":\"hu\"},{\"@type\":\"Organization\",\"@id\":\"https:\/\/induzon.com\/hu\/#organization\",\"name\":\"induzon\",\"url\":\"https:\/\/induzon.com\/hu\/\",\"logo\":{\"@type\":\"ImageObject\",\"inLanguage\":\"hu\",\"@id\":\"https:\/\/induzon.com\/hu\/#\/schema\/logo\/image\/\",\"url\":\"https:\/\/induzon.com\/wp-content\/uploads\/2025\/05\/cropped-026.png\",\"contentUrl\":\"https:\/\/induzon.com\/wp-content\/uploads\/2025\/05\/cropped-026.png\",\"width\":512,\"height\":512,\"caption\":\"induzon\"},\"image\":{\"@id\":\"https:\/\/induzon.com\/hu\/#\/schema\/logo\/image\/\"}}]}<\/script>\r\n<!-- \/ Yoast SEO plugin. -->","yoast_head_json":{"title":"Sz\u00e1ll\u00edt\u00e1si \u00fatmutat\u00f3 \u00e9s szab\u00e1lyzatok | Glob\u00e1lis sz\u00e1ll\u00edt\u00e1si inform\u00e1ci\u00f3k - Induzon","description":"Induzon - Teljes sz\u00e1ll\u00edt\u00e1si \u00fatmutat\u00f3. Tekintse meg a sz\u00e1ll\u00edt\u00e1si k\u00f6lts\u00e9geket, a sz\u00e1ll\u00edt\u00e1si id\u0151ket \u00e9s a megrendel\u00e9s nyomon k\u00f6vet\u00e9s\u00e9nek m\u00f3dj\u00e1t. Glob\u00e1lis sz\u00e1ll\u00edt\u00e1si inform\u00e1ci\u00f3k","robots":{"index":"index","follow":"follow","max-snippet":"max-snippet:-1","max-image-preview":"max-image-preview:large","max-video-preview":"max-video-preview:-1"},"canonical":"https:\/\/induzon.com\/hu\/szallitasi-utmutato\/","og_locale":"hu_HU","og_type":"article","og_title":"Sz\u00e1ll\u00edt\u00e1si \u00fatmutat\u00f3 \u00e9s szab\u00e1lyzatok | Glob\u00e1lis sz\u00e1ll\u00edt\u00e1si inform\u00e1ci\u00f3k - Induzon","og_description":"Induzon - Teljes sz\u00e1ll\u00edt\u00e1si \u00fatmutat\u00f3. Tekintse meg a sz\u00e1ll\u00edt\u00e1si k\u00f6lts\u00e9geket, a sz\u00e1ll\u00edt\u00e1si id\u0151ket \u00e9s a megrendel\u00e9s nyomon k\u00f6vet\u00e9s\u00e9nek m\u00f3dj\u00e1t. Glob\u00e1lis sz\u00e1ll\u00edt\u00e1si inform\u00e1ci\u00f3k","og_url":"https:\/\/induzon.com\/hu\/szallitasi-utmutato\/","og_site_name":"induzon","article_modified_time":"2025-11-25T09:05:57+00:00","twitter_card":"summary_large_image","twitter_misc":{"Becs\u00fclt olvas\u00e1si id\u0151":"3 perc"},"schema":{"@context":"https:\/\/schema.org","@graph":[{"@type":"WebPage","@id":"https:\/\/induzon.com\/hu\/szallitasi-utmutato\/","url":"https:\/\/induzon.com\/hu\/szallitasi-utmutato\/","name":"Sz\u00e1ll\u00edt\u00e1si \u00fatmutat\u00f3 \u00e9s szab\u00e1lyzatok | Glob\u00e1lis sz\u00e1ll\u00edt\u00e1si inform\u00e1ci\u00f3k - Induzon","isPartOf":{"@id":"https:\/\/induzon.com\/hu\/#website"},"datePublished":"2025-01-14T08:41:40+00:00","dateModified":"2025-11-25T09:05:57+00:00","description":"Induzon - Teljes sz\u00e1ll\u00edt\u00e1si \u00fatmutat\u00f3. Tekintse meg a sz\u00e1ll\u00edt\u00e1si k\u00f6lts\u00e9geket, a sz\u00e1ll\u00edt\u00e1si id\u0151ket \u00e9s a megrendel\u00e9s nyomon k\u00f6vet\u00e9s\u00e9nek m\u00f3dj\u00e1t. Glob\u00e1lis sz\u00e1ll\u00edt\u00e1si inform\u00e1ci\u00f3k","breadcrumb":{"@id":"https:\/\/induzon.com\/hu\/szallitasi-utmutato\/#breadcrumb"},"inLanguage":"hu","potentialAction":[{"@type":"ReadAction","target":["https:\/\/induzon.com\/hu\/szallitasi-utmutato\/"]}]},{"@type":"BreadcrumbList","@id":"https:\/\/induzon.com\/hu\/szallitasi-utmutato\/#breadcrumb","itemListElement":[{"@type":"ListItem","position":1,"name":"\u9996\u9875","item":"https:\/\/induzon.com\/hu\/"},{"@type":"ListItem","position":2,"name":"Sz\u00e1ll\u00edt\u00e1si \u00fatmutat\u00f3"}]},{"@type":"WebSite","@id":"https:\/\/induzon.com\/hu\/#website","url":"https:\/\/induzon.com\/hu\/","name":"induzon","description":"","publisher":{"@id":"https:\/\/induzon.com\/hu\/#organization"},"potentialAction":[{"@type":"SearchAction","target":{"@type":"EntryPoint","urlTemplate":"https:\/\/induzon.com\/hu\/?s={search_term_string}"},"query-input":{"@type":"PropertyValueSpecification","valueRequired":true,"valueName":"search_term_string"}}],"inLanguage":"hu"},{"@type":"Organization","@id":"https:\/\/induzon.com\/hu\/#organization","name":"induzon","url":"https:\/\/induzon.com\/hu\/","logo":{"@type":"ImageObject","inLanguage":"hu","@id":"https:\/\/induzon.com\/hu\/#\/schema\/logo\/image\/","url":"https:\/\/induzon.com\/wp-content\/uploads\/2025\/05\/cropped-026.png","contentUrl":"https:\/\/induzon.com\/wp-content\/uploads\/2025\/05\/cropped-026.png","width":512,"height":512,"caption":"induzon"},"image":{"@id":"https:\/\/induzon.com\/hu\/#\/schema\/logo\/image\/"}}]}},"_links":{"self":[{"href":"https:\/\/induzon.com\/hu\/wp-json\/wp\/v2\/pages\/5222","targetHints":{"allow":["GET"]}}],"collection":[{"href":"https:\/\/induzon.com\/hu\/wp-json\/wp\/v2\/pages"}],"about":[{"href":"https:\/\/induzon.com\/hu\/wp-json\/wp\/v2\/types\/page"}],"author":[{"embeddable":true,"href":"https:\/\/induzon.com\/hu\/wp-json\/wp\/v2\/users\/1"}],"replies":[{"embeddable":true,"href":"https:\/\/induzon.com\/hu\/wp-json\/wp\/v2\/comments?post=5222"}],"version-history":[{"count":3,"href":"https:\/\/induzon.com\/hu\/wp-json\/wp\/v2\/pages\/5222\/revisions"}],"predecessor-version":[{"id":30750,"href":"https:\/\/induzon.com\/hu\/wp-json\/wp\/v2\/pages\/5222\/revisions\/30750"}],"wp:attachment":[{"href":"https:\/\/induzon.com\/hu\/wp-json\/wp\/v2\/media?parent=5222"}],"curies":[{"name":"wp","href":"https:\/\/api.w.org\/{rel}","templated":true}]}}