{"id":10191,"date":"2025-06-16T09:19:18","date_gmt":"2025-06-16T01:19:18","guid":{"rendered":"https:\/\/induzon.com\/shop\/kulteri-gazos-hosugarzo-teraszfutes-propan-futoberendezes-kulteri-futotest-gaz-teraszmelegito-hordozhato-gazmelegito-infravoros-teraszfutes-propan-gaz-kulteri-gazmelegito-karbonszalas-hosugarzo-kvarcc\/"},"modified":"2026-01-09T11:14:08","modified_gmt":"2026-01-09T03:14:08","slug":"kulteri-gazos-hosugarzo-teraszfutes-propan-futoberendezes-kulteri-futotest-gaz-teraszmelegito-hordozhato-gazmelegito-infravoros-teraszfutes-propan-gaz-kulteri-gazmelegito-karbonszalas-hosugarzo-kvarcc","status":"publish","type":"product","link":"https:\/\/induzon.com\/hu\/termek\/kulteri-gazos-hosugarzo-teraszfutes-propan-futoberendezes-kulteri-futotest-gaz-teraszmelegito-hordozhato-gazmelegito-infravoros-teraszfutes-propan-gaz-kulteri-gazmelegito-karbonszalas-hosugarzo-kvarcc\/","title":{"rendered":"k\u00fclt\u00e9ri g\u00e1zos h\u0151sug\u00e1rz\u00f3 teraszf\u0171t\u00e9s prop\u00e1n f\u0171t\u0151berendez\u00e9s k\u00fclt\u00e9ri f\u0171t\u0151test g\u00e1z teraszmeleg\u00edt\u0151 hordozhat\u00f3 g\u00e1zmeleg\u00edt\u0151 infrav\u00f6r\u00f6s teraszf\u0171t\u00e9s prop\u00e1n g\u00e1z k\u00fclt\u00e9ri g\u00e1zmeleg\u00edt\u0151 karbonsz\u00e1las h\u0151sug\u00e1rz\u00f3 kvarccs\u00f6ves k\u00fclt\u00e9ri f\u0171t\u0151 elektromos ker\u00e1miabet\u00e9tes f\u0171t\u0151test prop\u00e1n-but\u00e1n g\u00e1zf\u0171t\u0151"},"content":{"rendered":"<p>1.Hat\u00e9kony f\u0171t\u00e9s k\u00fclt\u00e9ri terekhez, ide\u00e1lis teraszra, kertbe vagy udvarra<br \/>\n2.K\u00f6nnyen haszn\u00e1lhat\u00f3 prop\u00e1n g\u00e1zzal, gyors \u00e9s egyenletes h\u0151terjeszt\u00e9s<br \/>\n3.Stabil \u00e9s divatos erny\u0151s design, biztons\u00e1gos haszn\u00e1lat minden id\u0151j\u00e1r\u00e1sban<br \/>\n4.Sz\u00e9les f\u0171t\u00e9si ter\u00fclet, t\u00f6k\u00e9letes t\u00e1rsas \u00f6sszej\u00f6vetelekhez \u00e9s csal\u00e1di est\u00e9khez<br \/>\n5.K\u00f6rnyezetbar\u00e1t megold\u00e1s, alacsony \u00fczemeltet\u00e9si k\u00f6lts\u00e9gekkel \u00e9s magas hat\u00e9konys\u00e1ggal<\/p>\n","protected":false},"excerpt":{"rendered":"<p>k\u00fclt\u00e9ri g\u00e1zos h\u0151sug\u00e1rz\u00f3 teraszf\u0171t\u00e9s prop\u00e1n f\u0171t\u0151berendez\u00e9s k\u00fclt\u00e9ri f\u0171t\u0151test g\u00e1z teraszmeleg\u00edt\u0151 hordozhat\u00f3 g\u00e1zmeleg\u00edt\u0151 infrav\u00f6r\u00f6s teraszf\u0171t\u00e9s prop\u00e1n g\u00e1z k\u00fclt\u00e9ri g\u00e1zmeleg\u00edt\u0151 karbonsz\u00e1las h\u0151sug\u00e1rz\u00f3 kvarccs\u00f6ves k\u00fclt\u00e9ri f\u0171t\u0151 elektromos ker\u00e1miabet\u00e9tes f\u0171t\u0151test prop\u00e1n-but\u00e1n g\u00e1zf\u0171t\u0151<\/p>\n","protected":false},"featured_media":9662,"comment_status":"open","ping_status":"closed","template":"","meta":{"site-sidebar-layout":"default","site-content-layout":"","ast-site-content-layout":"default","site-content-style":"default","site-sidebar-style":"default","ast-global-header-display":"","ast-banner-title-visibility":"","ast-main-header-display":"","ast-hfb-above-header-display":"","ast-hfb-below-header-display":"","ast-hfb-mobile-header-display":"","site-post-title":"","ast-breadcrumbs-content":"","ast-featured-img":"","footer-sml-layout":"","theme-transparent-header-meta":"default","adv-header-id-meta":"","stick-header-meta":"","header-above-stick-meta":"","header-main-stick-meta":"","header-below-stick-meta":"","astra-migrate-meta-layouts":"set","ast-page-background-enabled":"default","ast-page-background-meta":{"desktop":{"background-color":"var(--ast-global-color-4)","background-image":"","background-repeat":"repeat","background-position":"center center","background-size":"auto","background-attachment":"scroll","background-type":"","background-media":"","overlay-type":"","overlay-color":"","overlay-opacity":"","overlay-gradient":""},"tablet":{"background-color":"","background-image":"","background-repeat":"repeat","background-position":"center center","background-size":"auto","background-attachment":"scroll","background-type":"","background-media":"","overlay-type":"","overlay-color":"","overlay-opacity":"","overlay-gradient":""},"mobile":{"background-color":"","background-image":"","background-repeat":"repeat","background-position":"center center","background-size":"auto","background-attachment":"scroll","background-type":"","background-media":"","overlay-type":"","overlay-color":"","overlay-opacity":"","overlay-gradient":""}},"ast-content-background-meta":{"desktop":{"background-color":"var(--ast-global-color-5)","background-image":"","background-repeat":"repeat","background-position":"center center","background-size":"auto","background-attachment":"scroll","background-type":"","background-media":"","overlay-type":"","overlay-color":"","overlay-opacity":"","overlay-gradient":""},"tablet":{"background-color":"var(--ast-global-color-5)","background-image":"","background-repeat":"repeat","background-position":"center center","background-size":"auto","background-attachment":"scroll","background-type":"","background-media":"","overlay-type":"","overlay-color":"","overlay-opacity":"","overlay-gradient":""},"mobile":{"background-color":"var(--ast-global-color-5)","background-image":"","background-repeat":"repeat","background-position":"center center","background-size":"auto","background-attachment":"scroll","background-type":"","background-media":"","overlay-type":"","overlay-color":"","overlay-opacity":"","overlay-gradient":""}}},"product_brand":[],"product_cat":[1163,1164],"product_tag":[1165],"class_list":{"0":"post-10191","1":"product","2":"type-product","3":"status-publish","4":"has-post-thumbnail","6":"product_cat-kulter-es-kert","7":"product_cat-kulteri-futes","8":"product_tag-kulteri-futes","9":"desktop-align-left","10":"tablet-align-left","11":"mobile-align-left","13":"first","14":"instock","15":"sale","16":"shipping-taxable","17":"purchasable","18":"product-type-variable"},"yoast_head":"<!-- This site is optimized with the Yoast SEO plugin v24.9 - https:\/\/yoast.com\/wordpress\/plugins\/seo\/ -->\r\n<title>Prop\u00e1n eserny\u0151 teraszf\u0171t\u0151 rozsdamentes ac\u00e9l -Induzon<\/title>\r\n<meta name=\"description\" content=\"K\u00fclt\u00e9ri g\u00e1zos h\u0151sug\u00e1rz\u00f3 prop\u00e1n g\u00e1zmeleg\u00edt\u0151 infrav\u00f6r\u00f6s teraszf\u0171t\u00e9s hordozhat\u00f3 g\u00e1zmeleg\u00edt\u0151 k\u00fclt\u00e9ri h\u0151sug\u00e1rz\u00f3k g\u00e1zpalackos g\u00e1zf\u0171t\u0151k\u00e9sz\u00fcl\u00e9k\" \/>\r\n<meta name=\"robots\" content=\"index, follow, max-snippet:-1, max-image-preview:large, max-video-preview:-1\" \/>\r\n<link rel=\"canonical\" href=\"https:\/\/induzon.com\/hu\/termek\/kulteri-gazos-hosugarzo-teraszfutes-propan-futoberendezes-kulteri-futotest-gaz-teraszmelegito-hordozhato-gazmelegito-infravoros-teraszfutes-propan-gaz-kulteri-gazmelegito-karbonszalas-hosugarzo-kvarcc\/\" \/>\r\n<meta property=\"og:locale\" content=\"hu_HU\" \/>\r\n<meta property=\"og:type\" content=\"article\" \/>\r\n<meta property=\"og:title\" content=\"Prop\u00e1n eserny\u0151 teraszf\u0171t\u0151 rozsdamentes ac\u00e9l -Induzon\" \/>\r\n<meta property=\"og:description\" content=\"K\u00fclt\u00e9ri g\u00e1zos h\u0151sug\u00e1rz\u00f3 prop\u00e1n g\u00e1zmeleg\u00edt\u0151 infrav\u00f6r\u00f6s teraszf\u0171t\u00e9s hordozhat\u00f3 g\u00e1zmeleg\u00edt\u0151 k\u00fclt\u00e9ri h\u0151sug\u00e1rz\u00f3k g\u00e1zpalackos g\u00e1zf\u0171t\u0151k\u00e9sz\u00fcl\u00e9k\" \/>\r\n<meta property=\"og:url\" content=\"https:\/\/induzon.com\/hu\/termek\/kulteri-gazos-hosugarzo-teraszfutes-propan-futoberendezes-kulteri-futotest-gaz-teraszmelegito-hordozhato-gazmelegito-infravoros-teraszfutes-propan-gaz-kulteri-gazmelegito-karbonszalas-hosugarzo-kvarcc\/\" \/>\r\n<meta property=\"og:site_name\" content=\"induzon\" \/>\r\n<meta property=\"article:modified_time\" content=\"2026-01-09T03:14:08+00:00\" \/>\r\n<meta property=\"og:image\" content=\"https:\/\/induzon.com\/wp-content\/uploads\/2025\/06\/\u56fe-1-A\u6b3e.jpg\" \/>\r\n\t<meta property=\"og:image:width\" content=\"1500\" \/>\r\n\t<meta property=\"og:image:height\" content=\"1500\" \/>\r\n\t<meta property=\"og:image:type\" content=\"image\/jpeg\" \/>\r\n<meta name=\"twitter:card\" content=\"summary_large_image\" \/>\r\n<meta name=\"twitter:label1\" content=\"Becs\u00fclt olvas\u00e1si id\u0151\" \/>\n\t<meta name=\"twitter:data1\" content=\"1 perc\" \/>\r\n<script type=\"application\/ld+json\" class=\"yoast-schema-graph\">{\"@context\":\"https:\/\/schema.org\",\"@graph\":[{\"@type\":\"WebPage\",\"@id\":\"https:\/\/induzon.com\/hu\/termek\/kulteri-gazos-hosugarzo-teraszfutes-propan-futoberendezes-kulteri-futotest-gaz-teraszmelegito-hordozhato-gazmelegito-infravoros-teraszfutes-propan-gaz-kulteri-gazmelegito-karbonszalas-hosugarzo-kvarcc\/\",\"url\":\"https:\/\/induzon.com\/hu\/termek\/kulteri-gazos-hosugarzo-teraszfutes-propan-futoberendezes-kulteri-futotest-gaz-teraszmelegito-hordozhato-gazmelegito-infravoros-teraszfutes-propan-gaz-kulteri-gazmelegito-karbonszalas-hosugarzo-kvarcc\/\",\"name\":\"Prop\u00e1n eserny\u0151 teraszf\u0171t\u0151 rozsdamentes ac\u00e9l -Induzon\",\"isPartOf\":{\"@id\":\"https:\/\/induzon.com\/hu\/#website\"},\"primaryImageOfPage\":{\"@id\":\"https:\/\/induzon.com\/hu\/termek\/kulteri-gazos-hosugarzo-teraszfutes-propan-futoberendezes-kulteri-futotest-gaz-teraszmelegito-hordozhato-gazmelegito-infravoros-teraszfutes-propan-gaz-kulteri-gazmelegito-karbonszalas-hosugarzo-kvarcc\/#primaryimage\"},\"image\":{\"@id\":\"https:\/\/induzon.com\/hu\/termek\/kulteri-gazos-hosugarzo-teraszfutes-propan-futoberendezes-kulteri-futotest-gaz-teraszmelegito-hordozhato-gazmelegito-infravoros-teraszfutes-propan-gaz-kulteri-gazmelegito-karbonszalas-hosugarzo-kvarcc\/#primaryimage\"},\"thumbnailUrl\":\"https:\/\/induzon.com\/wp-content\/uploads\/2025\/06\/\u56fe-1-A\u6b3e.jpg\",\"datePublished\":\"2025-06-16T01:19:18+00:00\",\"dateModified\":\"2026-01-09T03:14:08+00:00\",\"description\":\"K\u00fclt\u00e9ri g\u00e1zos h\u0151sug\u00e1rz\u00f3 prop\u00e1n g\u00e1zmeleg\u00edt\u0151 infrav\u00f6r\u00f6s teraszf\u0171t\u00e9s hordozhat\u00f3 g\u00e1zmeleg\u00edt\u0151 k\u00fclt\u00e9ri h\u0151sug\u00e1rz\u00f3k g\u00e1zpalackos g\u00e1zf\u0171t\u0151k\u00e9sz\u00fcl\u00e9k\",\"breadcrumb\":{\"@id\":\"https:\/\/induzon.com\/hu\/termek\/kulteri-gazos-hosugarzo-teraszfutes-propan-futoberendezes-kulteri-futotest-gaz-teraszmelegito-hordozhato-gazmelegito-infravoros-teraszfutes-propan-gaz-kulteri-gazmelegito-karbonszalas-hosugarzo-kvarcc\/#breadcrumb\"},\"inLanguage\":\"hu\",\"potentialAction\":[{\"@type\":\"ReadAction\",\"target\":[\"https:\/\/induzon.com\/hu\/termek\/kulteri-gazos-hosugarzo-teraszfutes-propan-futoberendezes-kulteri-futotest-gaz-teraszmelegito-hordozhato-gazmelegito-infravoros-teraszfutes-propan-gaz-kulteri-gazmelegito-karbonszalas-hosugarzo-kvarcc\/\"]}]},{\"@type\":\"ImageObject\",\"inLanguage\":\"hu\",\"@id\":\"https:\/\/induzon.com\/hu\/termek\/kulteri-gazos-hosugarzo-teraszfutes-propan-futoberendezes-kulteri-futotest-gaz-teraszmelegito-hordozhato-gazmelegito-infravoros-teraszfutes-propan-gaz-kulteri-gazmelegito-karbonszalas-hosugarzo-kvarcc\/#primaryimage\",\"url\":\"https:\/\/induzon.com\/wp-content\/uploads\/2025\/06\/\u56fe-1-A\u6b3e.jpg\",\"contentUrl\":\"https:\/\/induzon.com\/wp-content\/uploads\/2025\/06\/\u56fe-1-A\u6b3e.jpg\",\"width\":1500,\"height\":1500,\"caption\":\"Prop\u00e1n eserny\u0151 teraszf\u0171t\u0151 rozsdamentes ac\u00e9l\"},{\"@type\":\"BreadcrumbList\",\"@id\":\"https:\/\/induzon.com\/hu\/termek\/kulteri-gazos-hosugarzo-teraszfutes-propan-futoberendezes-kulteri-futotest-gaz-teraszmelegito-hordozhato-gazmelegito-infravoros-teraszfutes-propan-gaz-kulteri-gazmelegito-karbonszalas-hosugarzo-kvarcc\/#breadcrumb\",\"itemListElement\":[{\"@type\":\"ListItem\",\"position\":1,\"name\":\"\u9996\u9875\",\"item\":\"https:\/\/induzon.com\/hu\/\"},{\"@type\":\"ListItem\",\"position\":2,\"name\":\"Bolt\",\"item\":\"https:\/\/induzon.com\/hu\/bolt\/\"},{\"@type\":\"ListItem\",\"position\":3,\"name\":\"k\u00fclt\u00e9ri g\u00e1zos h\u0151sug\u00e1rz\u00f3 teraszf\u0171t\u00e9s prop\u00e1n f\u0171t\u0151berendez\u00e9s k\u00fclt\u00e9ri f\u0171t\u0151test g\u00e1z teraszmeleg\u00edt\u0151 hordozhat\u00f3 g\u00e1zmeleg\u00edt\u0151 infrav\u00f6r\u00f6s teraszf\u0171t\u00e9s prop\u00e1n g\u00e1z k\u00fclt\u00e9ri g\u00e1zmeleg\u00edt\u0151 karbonsz\u00e1las h\u0151sug\u00e1rz\u00f3 kvarccs\u00f6ves k\u00fclt\u00e9ri f\u0171t\u0151 elektromos ker\u00e1miabet\u00e9tes f\u0171t\u0151test prop\u00e1n-but\u00e1n g\u00e1zf\u0171t\u0151\"}]},{\"@type\":\"WebSite\",\"@id\":\"https:\/\/induzon.com\/hu\/#website\",\"url\":\"https:\/\/induzon.com\/hu\/\",\"name\":\"induzon\",\"description\":\"\",\"publisher\":{\"@id\":\"https:\/\/induzon.com\/hu\/#organization\"},\"potentialAction\":[{\"@type\":\"SearchAction\",\"target\":{\"@type\":\"EntryPoint\",\"urlTemplate\":\"https:\/\/induzon.com\/hu\/?s={search_term_string}\"},\"query-input\":{\"@type\":\"PropertyValueSpecification\",\"valueRequired\":true,\"valueName\":\"search_term_string\"}}],\"inLanguage\":\"hu\"},{\"@type\":\"Organization\",\"@id\":\"https:\/\/induzon.com\/hu\/#organization\",\"name\":\"induzon\",\"url\":\"https:\/\/induzon.com\/hu\/\",\"logo\":{\"@type\":\"ImageObject\",\"inLanguage\":\"hu\",\"@id\":\"https:\/\/induzon.com\/hu\/#\/schema\/logo\/image\/\",\"url\":\"https:\/\/induzon.com\/wp-content\/uploads\/2025\/05\/cropped-026.png\",\"contentUrl\":\"https:\/\/induzon.com\/wp-content\/uploads\/2025\/05\/cropped-026.png\",\"width\":512,\"height\":512,\"caption\":\"induzon\"},\"image\":{\"@id\":\"https:\/\/induzon.com\/hu\/#\/schema\/logo\/image\/\"}}]}<\/script>\r\n<!-- \/ Yoast SEO plugin. -->","yoast_head_json":{"title":"Prop\u00e1n eserny\u0151 teraszf\u0171t\u0151 rozsdamentes ac\u00e9l -Induzon","description":"K\u00fclt\u00e9ri g\u00e1zos h\u0151sug\u00e1rz\u00f3 prop\u00e1n g\u00e1zmeleg\u00edt\u0151 infrav\u00f6r\u00f6s teraszf\u0171t\u00e9s hordozhat\u00f3 g\u00e1zmeleg\u00edt\u0151 k\u00fclt\u00e9ri h\u0151sug\u00e1rz\u00f3k g\u00e1zpalackos g\u00e1zf\u0171t\u0151k\u00e9sz\u00fcl\u00e9k","robots":{"index":"index","follow":"follow","max-snippet":"max-snippet:-1","max-image-preview":"max-image-preview:large","max-video-preview":"max-video-preview:-1"},"canonical":"https:\/\/induzon.com\/hu\/termek\/kulteri-gazos-hosugarzo-teraszfutes-propan-futoberendezes-kulteri-futotest-gaz-teraszmelegito-hordozhato-gazmelegito-infravoros-teraszfutes-propan-gaz-kulteri-gazmelegito-karbonszalas-hosugarzo-kvarcc\/","og_locale":"hu_HU","og_type":"article","og_title":"Prop\u00e1n eserny\u0151 teraszf\u0171t\u0151 rozsdamentes ac\u00e9l -Induzon","og_description":"K\u00fclt\u00e9ri g\u00e1zos h\u0151sug\u00e1rz\u00f3 prop\u00e1n g\u00e1zmeleg\u00edt\u0151 infrav\u00f6r\u00f6s teraszf\u0171t\u00e9s hordozhat\u00f3 g\u00e1zmeleg\u00edt\u0151 k\u00fclt\u00e9ri h\u0151sug\u00e1rz\u00f3k g\u00e1zpalackos g\u00e1zf\u0171t\u0151k\u00e9sz\u00fcl\u00e9k","og_url":"https:\/\/induzon.com\/hu\/termek\/kulteri-gazos-hosugarzo-teraszfutes-propan-futoberendezes-kulteri-futotest-gaz-teraszmelegito-hordozhato-gazmelegito-infravoros-teraszfutes-propan-gaz-kulteri-gazmelegito-karbonszalas-hosugarzo-kvarcc\/","og_site_name":"induzon","article_modified_time":"2026-01-09T03:14:08+00:00","og_image":[{"width":1500,"height":1500,"url":"https:\/\/induzon.com\/wp-content\/uploads\/2025\/06\/\u56fe-1-A\u6b3e.jpg","type":"image\/jpeg"}],"twitter_card":"summary_large_image","twitter_misc":{"Becs\u00fclt olvas\u00e1si id\u0151":"1 perc"},"schema":{"@context":"https:\/\/schema.org","@graph":[{"@type":"WebPage","@id":"https:\/\/induzon.com\/hu\/termek\/kulteri-gazos-hosugarzo-teraszfutes-propan-futoberendezes-kulteri-futotest-gaz-teraszmelegito-hordozhato-gazmelegito-infravoros-teraszfutes-propan-gaz-kulteri-gazmelegito-karbonszalas-hosugarzo-kvarcc\/","url":"https:\/\/induzon.com\/hu\/termek\/kulteri-gazos-hosugarzo-teraszfutes-propan-futoberendezes-kulteri-futotest-gaz-teraszmelegito-hordozhato-gazmelegito-infravoros-teraszfutes-propan-gaz-kulteri-gazmelegito-karbonszalas-hosugarzo-kvarcc\/","name":"Prop\u00e1n eserny\u0151 teraszf\u0171t\u0151 rozsdamentes ac\u00e9l -Induzon","isPartOf":{"@id":"https:\/\/induzon.com\/hu\/#website"},"primaryImageOfPage":{"@id":"https:\/\/induzon.com\/hu\/termek\/kulteri-gazos-hosugarzo-teraszfutes-propan-futoberendezes-kulteri-futotest-gaz-teraszmelegito-hordozhato-gazmelegito-infravoros-teraszfutes-propan-gaz-kulteri-gazmelegito-karbonszalas-hosugarzo-kvarcc\/#primaryimage"},"image":{"@id":"https:\/\/induzon.com\/hu\/termek\/kulteri-gazos-hosugarzo-teraszfutes-propan-futoberendezes-kulteri-futotest-gaz-teraszmelegito-hordozhato-gazmelegito-infravoros-teraszfutes-propan-gaz-kulteri-gazmelegito-karbonszalas-hosugarzo-kvarcc\/#primaryimage"},"thumbnailUrl":"https:\/\/induzon.com\/wp-content\/uploads\/2025\/06\/\u56fe-1-A\u6b3e.jpg","datePublished":"2025-06-16T01:19:18+00:00","dateModified":"2026-01-09T03:14:08+00:00","description":"K\u00fclt\u00e9ri g\u00e1zos h\u0151sug\u00e1rz\u00f3 prop\u00e1n g\u00e1zmeleg\u00edt\u0151 infrav\u00f6r\u00f6s teraszf\u0171t\u00e9s hordozhat\u00f3 g\u00e1zmeleg\u00edt\u0151 k\u00fclt\u00e9ri h\u0151sug\u00e1rz\u00f3k g\u00e1zpalackos g\u00e1zf\u0171t\u0151k\u00e9sz\u00fcl\u00e9k","breadcrumb":{"@id":"https:\/\/induzon.com\/hu\/termek\/kulteri-gazos-hosugarzo-teraszfutes-propan-futoberendezes-kulteri-futotest-gaz-teraszmelegito-hordozhato-gazmelegito-infravoros-teraszfutes-propan-gaz-kulteri-gazmelegito-karbonszalas-hosugarzo-kvarcc\/#breadcrumb"},"inLanguage":"hu","potentialAction":[{"@type":"ReadAction","target":["https:\/\/induzon.com\/hu\/termek\/kulteri-gazos-hosugarzo-teraszfutes-propan-futoberendezes-kulteri-futotest-gaz-teraszmelegito-hordozhato-gazmelegito-infravoros-teraszfutes-propan-gaz-kulteri-gazmelegito-karbonszalas-hosugarzo-kvarcc\/"]}]},{"@type":"ImageObject","inLanguage":"hu","@id":"https:\/\/induzon.com\/hu\/termek\/kulteri-gazos-hosugarzo-teraszfutes-propan-futoberendezes-kulteri-futotest-gaz-teraszmelegito-hordozhato-gazmelegito-infravoros-teraszfutes-propan-gaz-kulteri-gazmelegito-karbonszalas-hosugarzo-kvarcc\/#primaryimage","url":"https:\/\/induzon.com\/wp-content\/uploads\/2025\/06\/\u56fe-1-A\u6b3e.jpg","contentUrl":"https:\/\/induzon.com\/wp-content\/uploads\/2025\/06\/\u56fe-1-A\u6b3e.jpg","width":1500,"height":1500,"caption":"Prop\u00e1n eserny\u0151 teraszf\u0171t\u0151 rozsdamentes ac\u00e9l"},{"@type":"BreadcrumbList","@id":"https:\/\/induzon.com\/hu\/termek\/kulteri-gazos-hosugarzo-teraszfutes-propan-futoberendezes-kulteri-futotest-gaz-teraszmelegito-hordozhato-gazmelegito-infravoros-teraszfutes-propan-gaz-kulteri-gazmelegito-karbonszalas-hosugarzo-kvarcc\/#breadcrumb","itemListElement":[{"@type":"ListItem","position":1,"name":"\u9996\u9875","item":"https:\/\/induzon.com\/hu\/"},{"@type":"ListItem","position":2,"name":"Bolt","item":"https:\/\/induzon.com\/hu\/bolt\/"},{"@type":"ListItem","position":3,"name":"k\u00fclt\u00e9ri g\u00e1zos h\u0151sug\u00e1rz\u00f3 teraszf\u0171t\u00e9s prop\u00e1n f\u0171t\u0151berendez\u00e9s k\u00fclt\u00e9ri f\u0171t\u0151test g\u00e1z teraszmeleg\u00edt\u0151 hordozhat\u00f3 g\u00e1zmeleg\u00edt\u0151 infrav\u00f6r\u00f6s teraszf\u0171t\u00e9s prop\u00e1n g\u00e1z k\u00fclt\u00e9ri g\u00e1zmeleg\u00edt\u0151 karbonsz\u00e1las h\u0151sug\u00e1rz\u00f3 kvarccs\u00f6ves k\u00fclt\u00e9ri f\u0171t\u0151 elektromos ker\u00e1miabet\u00e9tes f\u0171t\u0151test prop\u00e1n-but\u00e1n g\u00e1zf\u0171t\u0151"}]},{"@type":"WebSite","@id":"https:\/\/induzon.com\/hu\/#website","url":"https:\/\/induzon.com\/hu\/","name":"induzon","description":"","publisher":{"@id":"https:\/\/induzon.com\/hu\/#organization"},"potentialAction":[{"@type":"SearchAction","target":{"@type":"EntryPoint","urlTemplate":"https:\/\/induzon.com\/hu\/?s={search_term_string}"},"query-input":{"@type":"PropertyValueSpecification","valueRequired":true,"valueName":"search_term_string"}}],"inLanguage":"hu"},{"@type":"Organization","@id":"https:\/\/induzon.com\/hu\/#organization","name":"induzon","url":"https:\/\/induzon.com\/hu\/","logo":{"@type":"ImageObject","inLanguage":"hu","@id":"https:\/\/induzon.com\/hu\/#\/schema\/logo\/image\/","url":"https:\/\/induzon.com\/wp-content\/uploads\/2025\/05\/cropped-026.png","contentUrl":"https:\/\/induzon.com\/wp-content\/uploads\/2025\/05\/cropped-026.png","width":512,"height":512,"caption":"induzon"},"image":{"@id":"https:\/\/induzon.com\/hu\/#\/schema\/logo\/image\/"}}]}},"_links":{"self":[{"href":"https:\/\/induzon.com\/hu\/wp-json\/wp\/v2\/product\/10191","targetHints":{"allow":["GET"]}}],"collection":[{"href":"https:\/\/induzon.com\/hu\/wp-json\/wp\/v2\/product"}],"about":[{"href":"https:\/\/induzon.com\/hu\/wp-json\/wp\/v2\/types\/product"}],"replies":[{"embeddable":true,"href":"https:\/\/induzon.com\/hu\/wp-json\/wp\/v2\/comments?post=10191"}],"version-history":[{"count":2,"href":"https:\/\/induzon.com\/hu\/wp-json\/wp\/v2\/product\/10191\/revisions"}],"predecessor-version":[{"id":31956,"href":"https:\/\/induzon.com\/hu\/wp-json\/wp\/v2\/product\/10191\/revisions\/31956"}],"wp:featuredmedia":[{"embeddable":true,"href":"https:\/\/induzon.com\/hu\/wp-json\/wp\/v2\/media\/9662"}],"wp:attachment":[{"href":"https:\/\/induzon.com\/hu\/wp-json\/wp\/v2\/media?parent=10191"}],"wp:term":[{"taxonomy":"product_brand","embeddable":true,"href":"https:\/\/induzon.com\/hu\/wp-json\/wp\/v2\/product_brand?post=10191"},{"taxonomy":"product_cat","embeddable":true,"href":"https:\/\/induzon.com\/hu\/wp-json\/wp\/v2\/product_cat?post=10191"},{"taxonomy":"product_tag","embeddable":true,"href":"https:\/\/induzon.com\/hu\/wp-json\/wp\/v2\/product_tag?post=10191"}],"curies":[{"name":"wp","href":"https:\/\/api.w.org\/{rel}","templated":true}]}}