{"id":11210,"date":"2025-06-20T13:26:00","date_gmt":"2025-06-20T05:26:00","guid":{"rendered":"https:\/\/induzon.com\/shop\/papirtanyertarto-a-szekreny-alatt-muanyag-tanyertarto-pult-alatti-papirtanyer-adagolo-kemping-utazas-konyhai-tarolo\/"},"modified":"2026-01-07T15:32:33","modified_gmt":"2026-01-07T07:32:33","slug":"papirtanyertarto-a-szekreny-alatt-muanyag-tanyertarto-pult-alatti-papirtanyer-adagolo-kemping-utazas-konyhai-tarolo","status":"publish","type":"product","link":"https:\/\/induzon.com\/hu\/termek\/papirtanyertarto-a-szekreny-alatt-muanyag-tanyertarto-pult-alatti-papirtanyer-adagolo-kemping-utazas-konyhai-tarolo\/","title":{"rendered":"pap\u00edrt\u00e1ny\u00e9rtart\u00f3 a szekr\u00e9ny alatt m\u0171anyag t\u00e1ny\u00e9rtart\u00f3 pult alatti pap\u00edrt\u00e1ny\u00e9r adagol\u00f3 kemping utaz\u00e1s konyhai t\u00e1rol\u00f3"},"content":{"rendered":"<p>1.K\u00e9nyelmes pap\u00edrt\u00e1ny\u00e9r t\u00e1rol\u00f3, k\u00f6nnyen felszerelhet\u0151 konyhaszekr\u00e9ny al\u00e1.<br \/>\n2.T\u00f6k\u00e9letes megold\u00e1s kempingez\u00e9shez, utaz\u00e1shoz vagy mindennapi haszn\u00e1latra a konyh\u00e1ban.<br \/>\n3.Er\u0151s m\u0171anyag anyag\u00fa, tart\u00f3s \u00e9s k\u00f6nnyen tiszt\u00edthat\u00f3 kivitelez\u00e9s.<br \/>\n4.Kompakt kialak\u00edt\u00e1s, lehet\u0151v\u00e9 teszi a pap\u00edrt\u00e1ny\u00e9rok k\u00f6nny\u0171 el\u00e9r\u00e9s\u00e9t \u00e9s t\u00e1rol\u00e1s\u00e1t.<br \/>\n5.\u00d6nragaszt\u00f3 szerkezet, egyszer\u0171 \u00e9s gyors felszerel\u00e9s minden fel\u00fcletre.<\/p>\n","protected":false},"excerpt":{"rendered":"<p>pap\u00edrt\u00e1ny\u00e9rtart\u00f3 a szekr\u00e9ny alatt m\u0171anyag t\u00e1ny\u00e9rtart\u00f3 pult alatti pap\u00edrt\u00e1ny\u00e9r adagol\u00f3 kemping utaz\u00e1s konyhai t\u00e1rol\u00f3<\/p>\n","protected":false},"featured_media":11100,"comment_status":"open","ping_status":"closed","template":"","meta":{"site-sidebar-layout":"default","site-content-layout":"","ast-site-content-layout":"default","site-content-style":"default","site-sidebar-style":"default","ast-global-header-display":"","ast-banner-title-visibility":"","ast-main-header-display":"","ast-hfb-above-header-display":"","ast-hfb-below-header-display":"","ast-hfb-mobile-header-display":"","site-post-title":"","ast-breadcrumbs-content":"","ast-featured-img":"","footer-sml-layout":"","theme-transparent-header-meta":"default","adv-header-id-meta":"","stick-header-meta":"","header-above-stick-meta":"","header-main-stick-meta":"","header-below-stick-meta":"","astra-migrate-meta-layouts":"set","ast-page-background-enabled":"default","ast-page-background-meta":{"desktop":{"background-color":"var(--ast-global-color-4)","background-image":"","background-repeat":"repeat","background-position":"center center","background-size":"auto","background-attachment":"scroll","background-type":"","background-media":"","overlay-type":"","overlay-color":"","overlay-opacity":"","overlay-gradient":""},"tablet":{"background-color":"","background-image":"","background-repeat":"repeat","background-position":"center center","background-size":"auto","background-attachment":"scroll","background-type":"","background-media":"","overlay-type":"","overlay-color":"","overlay-opacity":"","overlay-gradient":""},"mobile":{"background-color":"","background-image":"","background-repeat":"repeat","background-position":"center center","background-size":"auto","background-attachment":"scroll","background-type":"","background-media":"","overlay-type":"","overlay-color":"","overlay-opacity":"","overlay-gradient":""}},"ast-content-background-meta":{"desktop":{"background-color":"var(--ast-global-color-5)","background-image":"","background-repeat":"repeat","background-position":"center center","background-size":"auto","background-attachment":"scroll","background-type":"","background-media":"","overlay-type":"","overlay-color":"","overlay-opacity":"","overlay-gradient":""},"tablet":{"background-color":"var(--ast-global-color-5)","background-image":"","background-repeat":"repeat","background-position":"center center","background-size":"auto","background-attachment":"scroll","background-type":"","background-media":"","overlay-type":"","overlay-color":"","overlay-opacity":"","overlay-gradient":""},"mobile":{"background-color":"var(--ast-global-color-5)","background-image":"","background-repeat":"repeat","background-position":"center center","background-size":"auto","background-attachment":"scroll","background-type":"","background-media":"","overlay-type":"","overlay-color":"","overlay-opacity":"","overlay-gradient":""}}},"product_brand":[],"product_cat":[1225,812],"product_tag":[1226],"class_list":{"0":"post-11210","1":"product","2":"type-product","3":"status-publish","4":"has-post-thumbnail","6":"product_cat-konyhai-tarolas","7":"product_cat-otthon-konyha","8":"product_tag-evoeszkozok-tarolasa","9":"desktop-align-left","10":"tablet-align-left","11":"mobile-align-left","13":"first","14":"instock","15":"sale","16":"shipping-taxable","17":"purchasable","18":"product-type-simple"},"yoast_head":"<!-- This site is optimized with the Yoast SEO plugin v24.9 - https:\/\/yoast.com\/wordpress\/plugins\/seo\/ -->\r\n<title>Szekr\u00e9ny alatti pap\u00edrt\u00e1ny\u00e9r-tart\u00f3 adagol\u00f3 \u00f6ntapad\u00f3s - Induzon<\/title>\r\n<meta name=\"description\" content=\"Szekr\u00e9ny alatti pap\u00edrt\u00e1ny\u00e9r V\u00e1s\u00e1roljon pap\u00edrt\u00e1ny\u00e9rtart\u00f3t szekr\u00e9ny alatt, m\u0171anyag adagol\u00f3val kempinghez, utaz\u00e1shoz \u00e9s konyhai t\u00e1rol\u00f3hoz.\" \/>\r\n<meta name=\"robots\" content=\"index, follow, max-snippet:-1, max-image-preview:large, max-video-preview:-1\" \/>\r\n<link rel=\"canonical\" href=\"https:\/\/induzon.com\/hu\/termek\/papirtanyertarto-a-szekreny-alatt-muanyag-tanyertarto-pult-alatti-papirtanyer-adagolo-kemping-utazas-konyhai-tarolo\/\" \/>\r\n<meta property=\"og:locale\" content=\"hu_HU\" \/>\r\n<meta property=\"og:type\" content=\"article\" \/>\r\n<meta property=\"og:title\" content=\"Szekr\u00e9ny alatti pap\u00edrt\u00e1ny\u00e9r-tart\u00f3 adagol\u00f3 \u00f6ntapad\u00f3s - Induzon\" \/>\r\n<meta property=\"og:description\" content=\"Szekr\u00e9ny alatti pap\u00edrt\u00e1ny\u00e9r V\u00e1s\u00e1roljon pap\u00edrt\u00e1ny\u00e9rtart\u00f3t szekr\u00e9ny alatt, m\u0171anyag adagol\u00f3val kempinghez, utaz\u00e1shoz \u00e9s konyhai t\u00e1rol\u00f3hoz.\" \/>\r\n<meta property=\"og:url\" content=\"https:\/\/induzon.com\/hu\/termek\/papirtanyertarto-a-szekreny-alatt-muanyag-tanyertarto-pult-alatti-papirtanyer-adagolo-kemping-utazas-konyhai-tarolo\/\" \/>\r\n<meta property=\"og:site_name\" content=\"induzon\" \/>\r\n<meta property=\"article:modified_time\" content=\"2026-01-07T07:32:33+00:00\" \/>\r\n<meta property=\"og:image\" content=\"https:\/\/induzon.com\/wp-content\/uploads\/2025\/06\/3.jpg\" \/>\r\n\t<meta property=\"og:image:width\" content=\"1500\" \/>\r\n\t<meta property=\"og:image:height\" content=\"1500\" \/>\r\n\t<meta property=\"og:image:type\" content=\"image\/jpeg\" \/>\r\n<meta name=\"twitter:card\" content=\"summary_large_image\" \/>\r\n<meta name=\"twitter:label1\" content=\"Becs\u00fclt olvas\u00e1si id\u0151\" \/>\n\t<meta name=\"twitter:data1\" content=\"1 perc\" \/>\r\n<script type=\"application\/ld+json\" class=\"yoast-schema-graph\">{\"@context\":\"https:\/\/schema.org\",\"@graph\":[{\"@type\":\"WebPage\",\"@id\":\"https:\/\/induzon.com\/hu\/termek\/papirtanyertarto-a-szekreny-alatt-muanyag-tanyertarto-pult-alatti-papirtanyer-adagolo-kemping-utazas-konyhai-tarolo\/\",\"url\":\"https:\/\/induzon.com\/hu\/termek\/papirtanyertarto-a-szekreny-alatt-muanyag-tanyertarto-pult-alatti-papirtanyer-adagolo-kemping-utazas-konyhai-tarolo\/\",\"name\":\"Szekr\u00e9ny alatti pap\u00edrt\u00e1ny\u00e9r-tart\u00f3 adagol\u00f3 \u00f6ntapad\u00f3s - Induzon\",\"isPartOf\":{\"@id\":\"https:\/\/induzon.com\/hu\/#website\"},\"primaryImageOfPage\":{\"@id\":\"https:\/\/induzon.com\/hu\/termek\/papirtanyertarto-a-szekreny-alatt-muanyag-tanyertarto-pult-alatti-papirtanyer-adagolo-kemping-utazas-konyhai-tarolo\/#primaryimage\"},\"image\":{\"@id\":\"https:\/\/induzon.com\/hu\/termek\/papirtanyertarto-a-szekreny-alatt-muanyag-tanyertarto-pult-alatti-papirtanyer-adagolo-kemping-utazas-konyhai-tarolo\/#primaryimage\"},\"thumbnailUrl\":\"https:\/\/induzon.com\/wp-content\/uploads\/2025\/06\/3.jpg\",\"datePublished\":\"2025-06-20T05:26:00+00:00\",\"dateModified\":\"2026-01-07T07:32:33+00:00\",\"description\":\"Szekr\u00e9ny alatti pap\u00edrt\u00e1ny\u00e9r V\u00e1s\u00e1roljon pap\u00edrt\u00e1ny\u00e9rtart\u00f3t szekr\u00e9ny alatt, m\u0171anyag adagol\u00f3val kempinghez, utaz\u00e1shoz \u00e9s konyhai t\u00e1rol\u00f3hoz.\",\"breadcrumb\":{\"@id\":\"https:\/\/induzon.com\/hu\/termek\/papirtanyertarto-a-szekreny-alatt-muanyag-tanyertarto-pult-alatti-papirtanyer-adagolo-kemping-utazas-konyhai-tarolo\/#breadcrumb\"},\"inLanguage\":\"hu\",\"potentialAction\":[{\"@type\":\"ReadAction\",\"target\":[\"https:\/\/induzon.com\/hu\/termek\/papirtanyertarto-a-szekreny-alatt-muanyag-tanyertarto-pult-alatti-papirtanyer-adagolo-kemping-utazas-konyhai-tarolo\/\"]}]},{\"@type\":\"ImageObject\",\"inLanguage\":\"hu\",\"@id\":\"https:\/\/induzon.com\/hu\/termek\/papirtanyertarto-a-szekreny-alatt-muanyag-tanyertarto-pult-alatti-papirtanyer-adagolo-kemping-utazas-konyhai-tarolo\/#primaryimage\",\"url\":\"https:\/\/induzon.com\/wp-content\/uploads\/2025\/06\/3.jpg\",\"contentUrl\":\"https:\/\/induzon.com\/wp-content\/uploads\/2025\/06\/3.jpg\",\"width\":1500,\"height\":1500,\"caption\":\"Szekr\u00e9ny alatti pap\u00edrt\u00e1ny\u00e9r tart\u00f3\"},{\"@type\":\"BreadcrumbList\",\"@id\":\"https:\/\/induzon.com\/hu\/termek\/papirtanyertarto-a-szekreny-alatt-muanyag-tanyertarto-pult-alatti-papirtanyer-adagolo-kemping-utazas-konyhai-tarolo\/#breadcrumb\",\"itemListElement\":[{\"@type\":\"ListItem\",\"position\":1,\"name\":\"\u9996\u9875\",\"item\":\"https:\/\/induzon.com\/hu\/\"},{\"@type\":\"ListItem\",\"position\":2,\"name\":\"Bolt\",\"item\":\"https:\/\/induzon.com\/hu\/bolt\/\"},{\"@type\":\"ListItem\",\"position\":3,\"name\":\"pap\u00edrt\u00e1ny\u00e9rtart\u00f3 a szekr\u00e9ny alatt m\u0171anyag t\u00e1ny\u00e9rtart\u00f3 pult alatti pap\u00edrt\u00e1ny\u00e9r adagol\u00f3 kemping utaz\u00e1s konyhai t\u00e1rol\u00f3\"}]},{\"@type\":\"WebSite\",\"@id\":\"https:\/\/induzon.com\/hu\/#website\",\"url\":\"https:\/\/induzon.com\/hu\/\",\"name\":\"induzon\",\"description\":\"\",\"publisher\":{\"@id\":\"https:\/\/induzon.com\/hu\/#organization\"},\"potentialAction\":[{\"@type\":\"SearchAction\",\"target\":{\"@type\":\"EntryPoint\",\"urlTemplate\":\"https:\/\/induzon.com\/hu\/?s={search_term_string}\"},\"query-input\":{\"@type\":\"PropertyValueSpecification\",\"valueRequired\":true,\"valueName\":\"search_term_string\"}}],\"inLanguage\":\"hu\"},{\"@type\":\"Organization\",\"@id\":\"https:\/\/induzon.com\/hu\/#organization\",\"name\":\"induzon\",\"url\":\"https:\/\/induzon.com\/hu\/\",\"logo\":{\"@type\":\"ImageObject\",\"inLanguage\":\"hu\",\"@id\":\"https:\/\/induzon.com\/hu\/#\/schema\/logo\/image\/\",\"url\":\"https:\/\/induzon.com\/wp-content\/uploads\/2025\/05\/cropped-026.png\",\"contentUrl\":\"https:\/\/induzon.com\/wp-content\/uploads\/2025\/05\/cropped-026.png\",\"width\":512,\"height\":512,\"caption\":\"induzon\"},\"image\":{\"@id\":\"https:\/\/induzon.com\/hu\/#\/schema\/logo\/image\/\"}}]}<\/script>\r\n<!-- \/ Yoast SEO plugin. -->","yoast_head_json":{"title":"Szekr\u00e9ny alatti pap\u00edrt\u00e1ny\u00e9r-tart\u00f3 adagol\u00f3 \u00f6ntapad\u00f3s - Induzon","description":"Szekr\u00e9ny alatti pap\u00edrt\u00e1ny\u00e9r V\u00e1s\u00e1roljon pap\u00edrt\u00e1ny\u00e9rtart\u00f3t szekr\u00e9ny alatt, m\u0171anyag adagol\u00f3val kempinghez, utaz\u00e1shoz \u00e9s konyhai t\u00e1rol\u00f3hoz.","robots":{"index":"index","follow":"follow","max-snippet":"max-snippet:-1","max-image-preview":"max-image-preview:large","max-video-preview":"max-video-preview:-1"},"canonical":"https:\/\/induzon.com\/hu\/termek\/papirtanyertarto-a-szekreny-alatt-muanyag-tanyertarto-pult-alatti-papirtanyer-adagolo-kemping-utazas-konyhai-tarolo\/","og_locale":"hu_HU","og_type":"article","og_title":"Szekr\u00e9ny alatti pap\u00edrt\u00e1ny\u00e9r-tart\u00f3 adagol\u00f3 \u00f6ntapad\u00f3s - Induzon","og_description":"Szekr\u00e9ny alatti pap\u00edrt\u00e1ny\u00e9r V\u00e1s\u00e1roljon pap\u00edrt\u00e1ny\u00e9rtart\u00f3t szekr\u00e9ny alatt, m\u0171anyag adagol\u00f3val kempinghez, utaz\u00e1shoz \u00e9s konyhai t\u00e1rol\u00f3hoz.","og_url":"https:\/\/induzon.com\/hu\/termek\/papirtanyertarto-a-szekreny-alatt-muanyag-tanyertarto-pult-alatti-papirtanyer-adagolo-kemping-utazas-konyhai-tarolo\/","og_site_name":"induzon","article_modified_time":"2026-01-07T07:32:33+00:00","og_image":[{"width":1500,"height":1500,"url":"https:\/\/induzon.com\/wp-content\/uploads\/2025\/06\/3.jpg","type":"image\/jpeg"}],"twitter_card":"summary_large_image","twitter_misc":{"Becs\u00fclt olvas\u00e1si id\u0151":"1 perc"},"schema":{"@context":"https:\/\/schema.org","@graph":[{"@type":"WebPage","@id":"https:\/\/induzon.com\/hu\/termek\/papirtanyertarto-a-szekreny-alatt-muanyag-tanyertarto-pult-alatti-papirtanyer-adagolo-kemping-utazas-konyhai-tarolo\/","url":"https:\/\/induzon.com\/hu\/termek\/papirtanyertarto-a-szekreny-alatt-muanyag-tanyertarto-pult-alatti-papirtanyer-adagolo-kemping-utazas-konyhai-tarolo\/","name":"Szekr\u00e9ny alatti pap\u00edrt\u00e1ny\u00e9r-tart\u00f3 adagol\u00f3 \u00f6ntapad\u00f3s - Induzon","isPartOf":{"@id":"https:\/\/induzon.com\/hu\/#website"},"primaryImageOfPage":{"@id":"https:\/\/induzon.com\/hu\/termek\/papirtanyertarto-a-szekreny-alatt-muanyag-tanyertarto-pult-alatti-papirtanyer-adagolo-kemping-utazas-konyhai-tarolo\/#primaryimage"},"image":{"@id":"https:\/\/induzon.com\/hu\/termek\/papirtanyertarto-a-szekreny-alatt-muanyag-tanyertarto-pult-alatti-papirtanyer-adagolo-kemping-utazas-konyhai-tarolo\/#primaryimage"},"thumbnailUrl":"https:\/\/induzon.com\/wp-content\/uploads\/2025\/06\/3.jpg","datePublished":"2025-06-20T05:26:00+00:00","dateModified":"2026-01-07T07:32:33+00:00","description":"Szekr\u00e9ny alatti pap\u00edrt\u00e1ny\u00e9r V\u00e1s\u00e1roljon pap\u00edrt\u00e1ny\u00e9rtart\u00f3t szekr\u00e9ny alatt, m\u0171anyag adagol\u00f3val kempinghez, utaz\u00e1shoz \u00e9s konyhai t\u00e1rol\u00f3hoz.","breadcrumb":{"@id":"https:\/\/induzon.com\/hu\/termek\/papirtanyertarto-a-szekreny-alatt-muanyag-tanyertarto-pult-alatti-papirtanyer-adagolo-kemping-utazas-konyhai-tarolo\/#breadcrumb"},"inLanguage":"hu","potentialAction":[{"@type":"ReadAction","target":["https:\/\/induzon.com\/hu\/termek\/papirtanyertarto-a-szekreny-alatt-muanyag-tanyertarto-pult-alatti-papirtanyer-adagolo-kemping-utazas-konyhai-tarolo\/"]}]},{"@type":"ImageObject","inLanguage":"hu","@id":"https:\/\/induzon.com\/hu\/termek\/papirtanyertarto-a-szekreny-alatt-muanyag-tanyertarto-pult-alatti-papirtanyer-adagolo-kemping-utazas-konyhai-tarolo\/#primaryimage","url":"https:\/\/induzon.com\/wp-content\/uploads\/2025\/06\/3.jpg","contentUrl":"https:\/\/induzon.com\/wp-content\/uploads\/2025\/06\/3.jpg","width":1500,"height":1500,"caption":"Szekr\u00e9ny alatti pap\u00edrt\u00e1ny\u00e9r tart\u00f3"},{"@type":"BreadcrumbList","@id":"https:\/\/induzon.com\/hu\/termek\/papirtanyertarto-a-szekreny-alatt-muanyag-tanyertarto-pult-alatti-papirtanyer-adagolo-kemping-utazas-konyhai-tarolo\/#breadcrumb","itemListElement":[{"@type":"ListItem","position":1,"name":"\u9996\u9875","item":"https:\/\/induzon.com\/hu\/"},{"@type":"ListItem","position":2,"name":"Bolt","item":"https:\/\/induzon.com\/hu\/bolt\/"},{"@type":"ListItem","position":3,"name":"pap\u00edrt\u00e1ny\u00e9rtart\u00f3 a szekr\u00e9ny alatt m\u0171anyag t\u00e1ny\u00e9rtart\u00f3 pult alatti pap\u00edrt\u00e1ny\u00e9r adagol\u00f3 kemping utaz\u00e1s konyhai t\u00e1rol\u00f3"}]},{"@type":"WebSite","@id":"https:\/\/induzon.com\/hu\/#website","url":"https:\/\/induzon.com\/hu\/","name":"induzon","description":"","publisher":{"@id":"https:\/\/induzon.com\/hu\/#organization"},"potentialAction":[{"@type":"SearchAction","target":{"@type":"EntryPoint","urlTemplate":"https:\/\/induzon.com\/hu\/?s={search_term_string}"},"query-input":{"@type":"PropertyValueSpecification","valueRequired":true,"valueName":"search_term_string"}}],"inLanguage":"hu"},{"@type":"Organization","@id":"https:\/\/induzon.com\/hu\/#organization","name":"induzon","url":"https:\/\/induzon.com\/hu\/","logo":{"@type":"ImageObject","inLanguage":"hu","@id":"https:\/\/induzon.com\/hu\/#\/schema\/logo\/image\/","url":"https:\/\/induzon.com\/wp-content\/uploads\/2025\/05\/cropped-026.png","contentUrl":"https:\/\/induzon.com\/wp-content\/uploads\/2025\/05\/cropped-026.png","width":512,"height":512,"caption":"induzon"},"image":{"@id":"https:\/\/induzon.com\/hu\/#\/schema\/logo\/image\/"}}]}},"_links":{"self":[{"href":"https:\/\/induzon.com\/hu\/wp-json\/wp\/v2\/product\/11210","targetHints":{"allow":["GET"]}}],"collection":[{"href":"https:\/\/induzon.com\/hu\/wp-json\/wp\/v2\/product"}],"about":[{"href":"https:\/\/induzon.com\/hu\/wp-json\/wp\/v2\/types\/product"}],"replies":[{"embeddable":true,"href":"https:\/\/induzon.com\/hu\/wp-json\/wp\/v2\/comments?post=11210"}],"version-history":[{"count":2,"href":"https:\/\/induzon.com\/hu\/wp-json\/wp\/v2\/product\/11210\/revisions"}],"predecessor-version":[{"id":32799,"href":"https:\/\/induzon.com\/hu\/wp-json\/wp\/v2\/product\/11210\/revisions\/32799"}],"wp:featuredmedia":[{"embeddable":true,"href":"https:\/\/induzon.com\/hu\/wp-json\/wp\/v2\/media\/11100"}],"wp:attachment":[{"href":"https:\/\/induzon.com\/hu\/wp-json\/wp\/v2\/media?parent=11210"}],"wp:term":[{"taxonomy":"product_brand","embeddable":true,"href":"https:\/\/induzon.com\/hu\/wp-json\/wp\/v2\/product_brand?post=11210"},{"taxonomy":"product_cat","embeddable":true,"href":"https:\/\/induzon.com\/hu\/wp-json\/wp\/v2\/product_cat?post=11210"},{"taxonomy":"product_tag","embeddable":true,"href":"https:\/\/induzon.com\/hu\/wp-json\/wp\/v2\/product_tag?post=11210"}],"curies":[{"name":"wp","href":"https:\/\/api.w.org\/{rel}","templated":true}]}}